{"id":190101,"date":"2023-10-10T07:29:50","date_gmt":"2023-10-10T07:29:50","guid":{"rendered":"https:\/\/oradea.ro\/for-citizens\/green-oradea\/sanitation\/street-sanitation\/how-street-sanitation-is-carried-out\/"},"modified":"2024-01-15T15:01:57","modified_gmt":"2024-01-15T15:01:57","slug":"how-street-sanitation-is-carried-out","status":"publish","type":"page","link":"https:\/\/oradea.ro\/en\/for-citizens\/green-oradea\/sanitation\/street-sanitation\/how-street-sanitation-is-carried-out\/","title":{"rendered":"How street sanitation is carried out"},"content":{"rendered":"<div class=\"min-w-[100vw] h-[350px] md:h-[500px] ml-[calc(50%-50vw)] flex items-end bg-no-repeat bg-white bg-cover bg-center px-5\" style=\"background-image: url(https:\/\/oradea.ro\/wp-content\/uploads\/2023\/09\/hero_slide_2.webp);\">\r\n                    <div class=\"w-full max-w-7xl mx-auto mb-6\">\r\n                        <h1 class=\"my-0 text-white font-extrabold font-open-sans text-3xl md:text-6xl [text-shadow:_0_1px_4px_rgb(0_0_0_\/_50%)]\">How street sanitation is carried out<\/h1>\r\n                    <\/div>\r\n                <\/div><div class=\"!px-5\"><div class=\"breadcrumbs w-full max-w-7xl mx-auto grid md:flex flex-wrap items-center py-4 test\"><div><a href=\"https:\/\/oradea.ro\/en\/\"><span class=\"fas fa-home text-[#ABAEB3]\"><\/span><\/a><span class=\"md:hidden\"><span class=\"fas fa-chevron-down mx-5 text-xs text-[#ABAEB3] hover:text-black\/50 transition-all\"><\/span><\/span><span class=\"hidden md:inline\"><span class=\"fas fa-chevron-right mx-5 text-xs text-[#ABAEB3] hover:text-black\/50 transition-all\"><\/span><\/span><\/div><span class=\"font-poppins font-semibold uppercase text-black\/60\">How street sanitation is carried out<\/span><\/div><\/div>\t\t<div data-elementor-type=\"wp-page\" data-elementor-id=\"190101\" class=\"elementor elementor-190101 elementor-17061\" data-elementor-post-type=\"page\">\n\t\t\t\t<div class=\"elementor-element elementor-element-c9f859d e-flex e-con-boxed wpr-particle-no wpr-jarallax-no wpr-parallax-no wpr-sticky-section-no e-con e-parent\" data-id=\"c9f859d\" data-element_type=\"container\">\n\t\t\t\t\t<div class=\"e-con-inner\">\n\t\t\t\t<div class=\"elementor-element elementor-element-70d6fb9 wpr-advanced-accordion-icon-side-box elementor-widget elementor-widget-wpr-advanced-accordion\" data-id=\"70d6fb9\" data-element_type=\"widget\" data-settings=\"{&quot;active_item&quot;:1}\" data-widget_type=\"wpr-advanced-accordion.default\">\n\t\t\t\t<div class=\"elementor-widget-container\">\n\t\t\t\t\t\n            <div class=\"wpr-advanced-accordion\" data-accordion-type=\"accordion\" data-active-index=\"1\" data-accordion-trigger=\"click\" data-interaction-speed=\"0.4\">\n\n\t\t\t\n                \n\t\t\t\t\t<div class=\"wpr-accordion-item-wrap\">\n\t\t\t\t\t\t<button class=\"wpr-acc-button\">\n\t\t\t\t\t\t\t<span class=\"wpr-acc-item-title\">\n\t\t\t\t\t\t\t\t\t\t\t\t\t\t\t\t\t<div class=\"wpr-acc-icon-box\">\n\t\t\t\t\t\t\t\t\t\t\t\t\t\t<span class=\"wpr-title-icon\">\n\t\t\t\t\t<i aria-hidden=\"true\" class=\"fas fa-info\"><\/i>\t\t\t\t<\/span>\n\t\t\t\t\t\t\t\t\t\t\t\t<\/div>\n\t\t\t\t\t\t\t\t\n\t\t\t\t\t\t\t\t<span class=\"wpr-acc-title-text\">Programme and frequencies<\/span>\n\t\t\t\t\t\t\t<\/span>\n\t\t\t\t\t\t\t\t\t\t\t<span class=\"wpr-toggle-icon wpr-ti-close\"><i aria-hidden=\"true\" class=\"fas fa-plus\"><\/i><\/span>\n\t\t\t\t<span class=\"wpr-toggle-icon wpr-ti-open\"><i aria-hidden=\"true\" class=\"fas fa-minus\"><\/i><\/span>\n\t\t\t\t\t\t\t\t\t<\/button>\n\n\t\t\t\t\t\t<div class=\"wpr-acc-panel\">\n\t\t\t\t\t\t\t\t\t\t\t\t\t\t\t<div class=\"wpr-acc-panel-content\"><p><span style=\"font-weight: 400;\">The operator SC RER VEST SA has a 24-hour mechanical sweeping program in Unirii Square and other markets and ultracentral streets of Oradea. <\/span><\/p><p><span style=\"font-weight: 400;\">The operator also has a mechanical sweeping program with certain frequencies as well as a manual sweeping program with certain frequencies.<\/span><\/p><p><b>Document with list of streets swept 24\/24, list of streets swept mechanically and list of streets swept manually (OPEN\/DOWNLOAD): <a href=\"https:\/\/oradea.ro\/wp-content\/uploads\/2024\/01\/Lista-strazilor-maturate-mecanic-2424-lista-strazilor-maturate-mecanic-si-lista-strazilor-maturate-manual.xlsx\">Lista str\u0103zilor m\u0103turate mecanic 2424, lista strazilor m\u0103turate mecanic \u0219i lista strazilor m\u0103turate manual<\/a><\/b><\/p><\/div>\n\t\t\t\t\t\t\t\t\t\t\t\t\t<\/div>\n                    <\/div>\n\n                \n\t\t\t\t\t<div class=\"wpr-accordion-item-wrap\">\n\t\t\t\t\t\t<button class=\"wpr-acc-button\">\n\t\t\t\t\t\t\t<span class=\"wpr-acc-item-title\">\n\t\t\t\t\t\t\t\t\t\t\t\t\t\t\t\t\t<div class=\"wpr-acc-icon-box\">\n\t\t\t\t\t\t\t\t\t\t\t\t\t\t<span class=\"wpr-title-icon\">\n\t\t\t\t\t<i aria-hidden=\"true\" class=\"fas fa-info\"><\/i>\t\t\t\t<\/span>\n\t\t\t\t\t\t\t\t\t\t\t\t<\/div>\n\t\t\t\t\t\t\t\t\n\t\t\t\t\t\t\t\t<span class=\"wpr-acc-title-text\">Street sanitation cycle<\/span>\n\t\t\t\t\t\t\t<\/span>\n\t\t\t\t\t\t\t\t\t\t\t<span class=\"wpr-toggle-icon wpr-ti-close\"><i aria-hidden=\"true\" class=\"fas fa-plus\"><\/i><\/span>\n\t\t\t\t<span class=\"wpr-toggle-icon wpr-ti-open\"><i aria-hidden=\"true\" class=\"fas fa-minus\"><\/i><\/span>\n\t\t\t\t\t\t\t\t\t<\/button>\n\n\t\t\t\t\t\t<div class=\"wpr-acc-panel\">\n\t\t\t\t\t\t\t\t\t\t\t\t\t\t\t<div class=\"wpr-acc-panel-content\"><p><span style=\"font-weight: 400;\">Bringing and maintaining the public realm in a clean condition involves the following cycle of operations:<\/span><\/p><p><span style=\"font-weight: 400;\">- manually sweeping public paths;<\/span><\/p><p><span style=\"font-weight: 400;\">- mechanized sweeping of public paths;<\/span><\/p><p><span style=\"font-weight: 400;\">- mechanized washing of public roads;<\/span><\/p><p><span style=\"font-weight: 400;\">- mechanized spraying of public paths;<\/span><\/p><p><span style=\"font-weight: 400;\">- maintenance of public roads;<\/span><\/p><p><span style=\"font-weight: 400;\">- maintenance of green spaces;<\/span><\/p><p><span style=\"font-weight: 400;\">- cleaned gutters;<\/span><\/p><p><span style=\"font-weight: 400;\">- emptying street waste bins;<\/span><\/p><p><span style=\"font-weight: 400;\">- manually loaded street waste;<\/span><\/p><p><span style=\"font-weight: 400;\">- mechanized loading of street waste;<\/span><\/p><p><span style=\"font-weight: 400;\">- collection and transport of street waste;<\/span><\/p><p><span style=\"font-weight: 400;\">- transport of waste from the waste collection points;<\/span><\/p><p><span style=\"font-weight: 400;\">- management of selective waste collection points;<\/span><\/p><p><span style=\"font-weight: 400;\">- Replacement\/installation of street litter bins associated with public footpaths.<\/span><\/p><\/div>\n\t\t\t\t\t\t\t\t\t\t\t\t\t<\/div>\n                    <\/div>\n\n                            <\/div>\n        \t\t\t\t<\/div>\n\t\t\t\t<\/div>\n\t\t\t\t\t<\/div>\n\t\t\t\t<\/div>\n\t\t\t\t<\/div>\n\t\t","protected":false},"excerpt":{"rendered":"<p>How street sanitation is carried out How street sanitation is carried out Programme and frequencies The operator SC RER VEST SA has a 24-hour mechanical sweeping program in Unirii Square and other markets and ultracentral streets of Oradea. The operator also has a mechanical sweeping program with certain frequencies as well as a manual sweeping program with certain frequencies. Document with list of streets swept 24\/24, list of streets swept mechanically and list of streets swept manually (OPEN\/DOWNLOAD): Lista str\u0103zilor m\u0103turate mecanic 2424, lista strazilor m\u0103turate mecanic \u0219i lista strazilor m\u0103turate manual Street sanitation cycle Bringing and maintaining the public realm in a clean condition involves the following cycle of operations: &#8211; manually sweeping public paths; &#8211; mechanized sweeping of public paths; &#8211; mechanized washing of public roads; &#8211; mechanized spraying of public paths; &#8211; maintenance of public roads; &#8211; maintenance of green spaces; &#8211; cleaned gutters; &#8211; emptying street waste bins; &#8211; manually loaded street waste; &#8211; mechanized loading of street waste; &#8211; collection and transport of street waste; &#8211; transport of waste from the waste collection points; &#8211; management of selective waste collection points; &#8211; Replacement\/installation of street litter bins associated with public footpaths.<\/p>\n","protected":false},"author":1,"featured_media":19269,"parent":190095,"menu_order":0,"comment_status":"closed","ping_status":"closed","template":"","meta":{"_acf_changed":false,"ep_exclude_from_search":false,"footnotes":""},"class_list":["post-190101","page","type-page","status-publish","has-post-thumbnail","hentry"],"acf":[],"yoast_head":"<!-- This site is optimized with the Yoast SEO plugin v26.6 - https:\/\/yoast.com\/wordpress\/plugins\/seo\/ -->\n<title>How street sanitation is carried out - Oradea.ro<\/title>\n<meta name=\"robots\" content=\"index, follow, max-snippet:-1, max-image-preview:large, max-video-preview:-1\" \/>\n<link rel=\"canonical\" href=\"https:\/\/oradea.ro\/pentru-cetateni\/oradea-verde\/salubritate\/salubrizarea-stradala\/cum-se-desfasoara-salubrizarea-stradala\/\" \/>\n<meta property=\"og:locale\" content=\"en_US\" \/>\n<meta property=\"og:type\" content=\"article\" \/>\n<meta property=\"og:title\" content=\"How street sanitation is carried out - Oradea.ro\" \/>\n<meta property=\"og:description\" content=\"How street sanitation is carried out How street sanitation is carried out Programme and frequencies The operator SC RER VEST SA has a 24-hour mechanical sweeping program in Unirii Square and other markets and ultracentral streets of Oradea. The operator also has a mechanical sweeping program with certain frequencies as well as a manual sweeping program with certain frequencies. Document with list of streets swept 24\/24, list of streets swept mechanically and list of streets swept manually (OPEN\/DOWNLOAD): Lista str\u0103zilor m\u0103turate mecanic 2424, lista strazilor m\u0103turate mecanic \u0219i lista strazilor m\u0103turate manual Street sanitation cycle Bringing and maintaining the public realm in a clean condition involves the following cycle of operations: &#8211; manually sweeping public paths; &#8211; mechanized sweeping of public paths; &#8211; mechanized washing of public roads; &#8211; mechanized spraying of public paths; &#8211; maintenance of public roads; &#8211; maintenance of green spaces; &#8211; cleaned gutters; &#8211; emptying street waste bins; &#8211; manually loaded street waste; &#8211; mechanized loading of street waste; &#8211; collection and transport of street waste; &#8211; transport of waste from the waste collection points; &#8211; management of selective waste collection points; &#8211; Replacement\/installation of street litter bins associated with public footpaths.\" \/>\n<meta property=\"og:url\" content=\"https:\/\/oradea.ro\/pentru-cetateni\/oradea-verde\/salubritate\/salubrizarea-stradala\/cum-se-desfasoara-salubrizarea-stradala\/\" \/>\n<meta property=\"og:site_name\" content=\"Oradea.ro\" \/>\n<meta property=\"article:modified_time\" content=\"2024-01-15T15:01:57+00:00\" \/>\n<meta property=\"og:image\" content=\"https:\/\/oradea.ro\/wp-content\/uploads\/2023\/09\/hero_slide_2.webp\" \/>\n\t<meta property=\"og:image:width\" content=\"1920\" \/>\n\t<meta property=\"og:image:height\" content=\"1000\" \/>\n\t<meta property=\"og:image:type\" content=\"image\/webp\" \/>\n<meta name=\"twitter:card\" content=\"summary_large_image\" \/>\n<meta name=\"twitter:label1\" content=\"Est. reading time\" \/>\n\t<meta name=\"twitter:data1\" content=\"1 minute\" \/>\n<script type=\"application\/ld+json\" class=\"yoast-schema-graph\">{\"@context\":\"https:\/\/schema.org\",\"@graph\":[{\"@type\":\"WebPage\",\"@id\":\"https:\/\/oradea.ro\/pentru-cetateni\/oradea-verde\/salubritate\/salubrizarea-stradala\/cum-se-desfasoara-salubrizarea-stradala\/\",\"url\":\"https:\/\/oradea.ro\/pentru-cetateni\/oradea-verde\/salubritate\/salubrizarea-stradala\/cum-se-desfasoara-salubrizarea-stradala\/\",\"name\":\"How street sanitation is carried out - Oradea.ro\",\"isPartOf\":{\"@id\":\"https:\/\/oradea.ro\/#website\"},\"primaryImageOfPage\":{\"@id\":\"https:\/\/oradea.ro\/pentru-cetateni\/oradea-verde\/salubritate\/salubrizarea-stradala\/cum-se-desfasoara-salubrizarea-stradala\/#primaryimage\"},\"image\":{\"@id\":\"https:\/\/oradea.ro\/pentru-cetateni\/oradea-verde\/salubritate\/salubrizarea-stradala\/cum-se-desfasoara-salubrizarea-stradala\/#primaryimage\"},\"thumbnailUrl\":\"https:\/\/oradea.ro\/wp-content\/uploads\/2023\/09\/hero_slide_2.webp\",\"datePublished\":\"2023-10-10T07:29:50+00:00\",\"dateModified\":\"2024-01-15T15:01:57+00:00\",\"breadcrumb\":{\"@id\":\"https:\/\/oradea.ro\/pentru-cetateni\/oradea-verde\/salubritate\/salubrizarea-stradala\/cum-se-desfasoara-salubrizarea-stradala\/#breadcrumb\"},\"inLanguage\":\"en-US\",\"potentialAction\":[{\"@type\":\"ReadAction\",\"target\":[\"https:\/\/oradea.ro\/pentru-cetateni\/oradea-verde\/salubritate\/salubrizarea-stradala\/cum-se-desfasoara-salubrizarea-stradala\/\"]}]},{\"@type\":\"ImageObject\",\"inLanguage\":\"en-US\",\"@id\":\"https:\/\/oradea.ro\/pentru-cetateni\/oradea-verde\/salubritate\/salubrizarea-stradala\/cum-se-desfasoara-salubrizarea-stradala\/#primaryimage\",\"url\":\"https:\/\/oradea.ro\/wp-content\/uploads\/2023\/09\/hero_slide_2.webp\",\"contentUrl\":\"https:\/\/oradea.ro\/wp-content\/uploads\/2023\/09\/hero_slide_2.webp\",\"width\":1920,\"height\":1000},{\"@type\":\"BreadcrumbList\",\"@id\":\"https:\/\/oradea.ro\/pentru-cetateni\/oradea-verde\/salubritate\/salubrizarea-stradala\/cum-se-desfasoara-salubrizarea-stradala\/#breadcrumb\",\"itemListElement\":[{\"@type\":\"ListItem\",\"position\":1,\"name\":\"\",\"item\":\"https:\/\/oradea.ro\/en\/\"},{\"@type\":\"ListItem\",\"position\":2,\"name\":\"For citizens\",\"item\":\"https:\/\/oradea.ro\/en\/for-citizens\/\"},{\"@type\":\"ListItem\",\"position\":3,\"name\":\"Green Oradea\",\"item\":\"https:\/\/oradea.ro\/pentru-cetateni\/oradea-verde\/\"},{\"@type\":\"ListItem\",\"position\":4,\"name\":\"Sanitation\",\"item\":\"https:\/\/oradea.ro\/pentru-cetateni\/oradea-verde\/salubritate\/\"},{\"@type\":\"ListItem\",\"position\":5,\"name\":\"Street Sanitation\",\"item\":\"https:\/\/oradea.ro\/pentru-cetateni\/oradea-verde\/salubritate\/salubrizarea-stradala\/\"},{\"@type\":\"ListItem\",\"position\":6,\"name\":\"How street sanitation is carried out\"}]},{\"@type\":\"WebSite\",\"@id\":\"https:\/\/oradea.ro\/#website\",\"url\":\"https:\/\/oradea.ro\/\",\"name\":\"Oradea.ro\",\"description\":\"Site-ul oficial al Prim\u0103riei Municipiului Oradea\",\"publisher\":{\"@id\":\"https:\/\/oradea.ro\/#organization\"},\"potentialAction\":[{\"@type\":\"SearchAction\",\"target\":{\"@type\":\"EntryPoint\",\"urlTemplate\":\"https:\/\/oradea.ro\/?s={search_term_string}\"},\"query-input\":{\"@type\":\"PropertyValueSpecification\",\"valueRequired\":true,\"valueName\":\"search_term_string\"}}],\"inLanguage\":\"en-US\"},{\"@type\":\"Organization\",\"@id\":\"https:\/\/oradea.ro\/#organization\",\"name\":\"Oradea.ro\",\"url\":\"https:\/\/oradea.ro\/\",\"logo\":{\"@type\":\"ImageObject\",\"inLanguage\":\"en-US\",\"@id\":\"https:\/\/oradea.ro\/#\/schema\/logo\/image\/\",\"url\":\"https:\/\/oradea.ro\/wp-content\/uploads\/2023\/06\/footer_logo.svg\",\"contentUrl\":\"https:\/\/oradea.ro\/wp-content\/uploads\/2023\/06\/footer_logo.svg\",\"width\":218,\"height\":53,\"caption\":\"Oradea.ro\"},\"image\":{\"@id\":\"https:\/\/oradea.ro\/#\/schema\/logo\/image\/\"}}]}<\/script>\n<!-- \/ Yoast SEO plugin. -->","yoast_head_json":{"title":"How street sanitation is carried out - Oradea.ro","robots":{"index":"index","follow":"follow","max-snippet":"max-snippet:-1","max-image-preview":"max-image-preview:large","max-video-preview":"max-video-preview:-1"},"canonical":"https:\/\/oradea.ro\/pentru-cetateni\/oradea-verde\/salubritate\/salubrizarea-stradala\/cum-se-desfasoara-salubrizarea-stradala\/","og_locale":"en_US","og_type":"article","og_title":"How street sanitation is carried out - Oradea.ro","og_description":"How street sanitation is carried out How street sanitation is carried out Programme and frequencies The operator SC RER VEST SA has a 24-hour mechanical sweeping program in Unirii Square and other markets and ultracentral streets of Oradea. The operator also has a mechanical sweeping program with certain frequencies as well as a manual sweeping program with certain frequencies. Document with list of streets swept 24\/24, list of streets swept mechanically and list of streets swept manually (OPEN\/DOWNLOAD): Lista str\u0103zilor m\u0103turate mecanic 2424, lista strazilor m\u0103turate mecanic \u0219i lista strazilor m\u0103turate manual Street sanitation cycle Bringing and maintaining the public realm in a clean condition involves the following cycle of operations: &#8211; manually sweeping public paths; &#8211; mechanized sweeping of public paths; &#8211; mechanized washing of public roads; &#8211; mechanized spraying of public paths; &#8211; maintenance of public roads; &#8211; maintenance of green spaces; &#8211; cleaned gutters; &#8211; emptying street waste bins; &#8211; manually loaded street waste; &#8211; mechanized loading of street waste; &#8211; collection and transport of street waste; &#8211; transport of waste from the waste collection points; &#8211; management of selective waste collection points; &#8211; Replacement\/installation of street litter bins associated with public footpaths.","og_url":"https:\/\/oradea.ro\/pentru-cetateni\/oradea-verde\/salubritate\/salubrizarea-stradala\/cum-se-desfasoara-salubrizarea-stradala\/","og_site_name":"Oradea.ro","article_modified_time":"2024-01-15T15:01:57+00:00","og_image":[{"width":1920,"height":1000,"url":"https:\/\/oradea.ro\/wp-content\/uploads\/2023\/09\/hero_slide_2.webp","type":"image\/webp"}],"twitter_card":"summary_large_image","twitter_misc":{"Est. reading time":"1 minute"},"schema":{"@context":"https:\/\/schema.org","@graph":[{"@type":"WebPage","@id":"https:\/\/oradea.ro\/pentru-cetateni\/oradea-verde\/salubritate\/salubrizarea-stradala\/cum-se-desfasoara-salubrizarea-stradala\/","url":"https:\/\/oradea.ro\/pentru-cetateni\/oradea-verde\/salubritate\/salubrizarea-stradala\/cum-se-desfasoara-salubrizarea-stradala\/","name":"How street sanitation is carried out - Oradea.ro","isPartOf":{"@id":"https:\/\/oradea.ro\/#website"},"primaryImageOfPage":{"@id":"https:\/\/oradea.ro\/pentru-cetateni\/oradea-verde\/salubritate\/salubrizarea-stradala\/cum-se-desfasoara-salubrizarea-stradala\/#primaryimage"},"image":{"@id":"https:\/\/oradea.ro\/pentru-cetateni\/oradea-verde\/salubritate\/salubrizarea-stradala\/cum-se-desfasoara-salubrizarea-stradala\/#primaryimage"},"thumbnailUrl":"https:\/\/oradea.ro\/wp-content\/uploads\/2023\/09\/hero_slide_2.webp","datePublished":"2023-10-10T07:29:50+00:00","dateModified":"2024-01-15T15:01:57+00:00","breadcrumb":{"@id":"https:\/\/oradea.ro\/pentru-cetateni\/oradea-verde\/salubritate\/salubrizarea-stradala\/cum-se-desfasoara-salubrizarea-stradala\/#breadcrumb"},"inLanguage":"en-US","potentialAction":[{"@type":"ReadAction","target":["https:\/\/oradea.ro\/pentru-cetateni\/oradea-verde\/salubritate\/salubrizarea-stradala\/cum-se-desfasoara-salubrizarea-stradala\/"]}]},{"@type":"ImageObject","inLanguage":"en-US","@id":"https:\/\/oradea.ro\/pentru-cetateni\/oradea-verde\/salubritate\/salubrizarea-stradala\/cum-se-desfasoara-salubrizarea-stradala\/#primaryimage","url":"https:\/\/oradea.ro\/wp-content\/uploads\/2023\/09\/hero_slide_2.webp","contentUrl":"https:\/\/oradea.ro\/wp-content\/uploads\/2023\/09\/hero_slide_2.webp","width":1920,"height":1000},{"@type":"BreadcrumbList","@id":"https:\/\/oradea.ro\/pentru-cetateni\/oradea-verde\/salubritate\/salubrizarea-stradala\/cum-se-desfasoara-salubrizarea-stradala\/#breadcrumb","itemListElement":[{"@type":"ListItem","position":1,"name":"","item":"https:\/\/oradea.ro\/en\/"},{"@type":"ListItem","position":2,"name":"For citizens","item":"https:\/\/oradea.ro\/en\/for-citizens\/"},{"@type":"ListItem","position":3,"name":"Green Oradea","item":"https:\/\/oradea.ro\/pentru-cetateni\/oradea-verde\/"},{"@type":"ListItem","position":4,"name":"Sanitation","item":"https:\/\/oradea.ro\/pentru-cetateni\/oradea-verde\/salubritate\/"},{"@type":"ListItem","position":5,"name":"Street Sanitation","item":"https:\/\/oradea.ro\/pentru-cetateni\/oradea-verde\/salubritate\/salubrizarea-stradala\/"},{"@type":"ListItem","position":6,"name":"How street sanitation is carried out"}]},{"@type":"WebSite","@id":"https:\/\/oradea.ro\/#website","url":"https:\/\/oradea.ro\/","name":"Oradea.ro","description":"Site-ul oficial al Prim\u0103riei Municipiului Oradea","publisher":{"@id":"https:\/\/oradea.ro\/#organization"},"potentialAction":[{"@type":"SearchAction","target":{"@type":"EntryPoint","urlTemplate":"https:\/\/oradea.ro\/?s={search_term_string}"},"query-input":{"@type":"PropertyValueSpecification","valueRequired":true,"valueName":"search_term_string"}}],"inLanguage":"en-US"},{"@type":"Organization","@id":"https:\/\/oradea.ro\/#organization","name":"Oradea.ro","url":"https:\/\/oradea.ro\/","logo":{"@type":"ImageObject","inLanguage":"en-US","@id":"https:\/\/oradea.ro\/#\/schema\/logo\/image\/","url":"https:\/\/oradea.ro\/wp-content\/uploads\/2023\/06\/footer_logo.svg","contentUrl":"https:\/\/oradea.ro\/wp-content\/uploads\/2023\/06\/footer_logo.svg","width":218,"height":53,"caption":"Oradea.ro"},"image":{"@id":"https:\/\/oradea.ro\/#\/schema\/logo\/image\/"}}]}},"publishpress_future_action":{"enabled":false,"date":"2026-05-16 17:23:19","action":"change-status","newStatus":"draft","terms":[],"taxonomy":"translation_priority","extraData":[]},"publishpress_future_workflow_manual_trigger":{"enabledWorkflows":[]},"_links":{"self":[{"href":"https:\/\/oradea.ro\/en\/wp-json\/wp\/v2\/pages\/190101","targetHints":{"allow":["GET"]}}],"collection":[{"href":"https:\/\/oradea.ro\/en\/wp-json\/wp\/v2\/pages"}],"about":[{"href":"https:\/\/oradea.ro\/en\/wp-json\/wp\/v2\/types\/page"}],"author":[{"embeddable":true,"href":"https:\/\/oradea.ro\/en\/wp-json\/wp\/v2\/users\/1"}],"replies":[{"embeddable":true,"href":"https:\/\/oradea.ro\/en\/wp-json\/wp\/v2\/comments?post=190101"}],"version-history":[{"count":4,"href":"https:\/\/oradea.ro\/en\/wp-json\/wp\/v2\/pages\/190101\/revisions"}],"predecessor-version":[{"id":190115,"href":"https:\/\/oradea.ro\/en\/wp-json\/wp\/v2\/pages\/190101\/revisions\/190115"}],"up":[{"embeddable":true,"href":"https:\/\/oradea.ro\/en\/wp-json\/wp\/v2\/pages\/190095"}],"wp:featuredmedia":[{"embeddable":true,"href":"https:\/\/oradea.ro\/en\/wp-json\/wp\/v2\/media\/19269"}],"wp:attachment":[{"href":"https:\/\/oradea.ro\/en\/wp-json\/wp\/v2\/media?parent=190101"}],"curies":[{"name":"wp","href":"https:\/\/api.w.org\/{rel}","templated":true}]}}