{"id":102851,"date":"2023-09-12T07:27:09","date_gmt":"2023-09-12T05:27:09","guid":{"rendered":"https:\/\/oradea.ro\/adozasi-informaciok\/"},"modified":"2024-03-27T10:35:56","modified_gmt":"2024-03-27T08:35:56","slug":"adozasi-informaciok","status":"publish","type":"page","link":"https:\/\/oradea.ro\/hu\/adozasi-informaciok\/","title":{"rendered":"Ad\u00f3z\u00e1si inform\u00e1ci\u00f3k"},"content":{"rendered":"<div class=\"min-w-[100vw] h-[350px] md:h-[500px] ml-[calc(50%-50vw)] flex items-end bg-no-repeat bg-white bg-cover bg-center px-5\" style=\"background-image: url(https:\/\/oradea.ro\/wp-content\/uploads\/2023\/10\/home_hero_slide_2-scaled.webp);\">\r\n                    <div class=\"w-full max-w-7xl mx-auto mb-6\">\r\n                        <h1 class=\"my-0 text-white font-extrabold font-open-sans text-3xl md:text-6xl [text-shadow:_0_1px_4px_rgb(0_0_0_\/_50%)]\">Ad\u00f3z\u00e1si inform\u00e1ci\u00f3k<\/h1>\r\n                    <\/div>\r\n                <\/div><div class=\"!px-5\"><div class=\"breadcrumbs w-full max-w-7xl mx-auto grid md:flex flex-wrap items-center py-4 test\"><div><a href=\"https:\/\/oradea.ro\/hu\/\"><span class=\"fas fa-home text-[#ABAEB3]\"><\/span><\/a><span class=\"md:hidden\"><span class=\"fas fa-chevron-down mx-5 text-xs text-[#ABAEB3] hover:text-black\/50 transition-all\"><\/span><\/span><span class=\"hidden md:inline\"><span class=\"fas fa-chevron-right mx-5 text-xs text-[#ABAEB3] hover:text-black\/50 transition-all\"><\/span><\/span><\/div><span class=\"font-poppins font-semibold uppercase text-black\/60\">Ad\u00f3z\u00e1si inform\u00e1ci\u00f3k<\/span><\/div><\/div>\t\t<div data-elementor-type=\"wp-page\" data-elementor-id=\"102851\" class=\"elementor elementor-102851 elementor-8073\" data-elementor-post-type=\"page\">\n\t\t\t\t<div class=\"elementor-element elementor-element-9dcdfed e-flex e-con-boxed wpr-particle-no wpr-jarallax-no wpr-parallax-no wpr-sticky-section-no e-con e-parent\" data-id=\"9dcdfed\" data-element_type=\"container\">\n\t\t\t\t\t<div class=\"e-con-inner\">\n\t\t<div class=\"elementor-element elementor-element-45c9890 e-flex e-con-boxed wpr-particle-no wpr-jarallax-no wpr-parallax-no wpr-sticky-section-no e-con e-child\" data-id=\"45c9890\" data-element_type=\"container\">\n\t\t\t\t\t<div class=\"e-con-inner\">\n\t\t\t\t<div class=\"elementor-element elementor-element-334e17d elementor-widget elementor-widget-heading\" data-id=\"334e17d\" data-element_type=\"widget\" data-widget_type=\"heading.default\">\n\t\t\t\t<div class=\"elementor-widget-container\">\n\t\t\t\t\t<h2 class=\"elementor-heading-title elementor-size-default\">Ad\u00f3z\u00e1si inform\u00e1ci\u00f3k<\/h2>\t\t\t\t<\/div>\n\t\t\t\t<\/div>\n\t\t<div class=\"elementor-element elementor-element-97c005b e-con-full e-flex wpr-particle-no wpr-jarallax-no wpr-parallax-no wpr-sticky-section-no e-con e-child\" data-id=\"97c005b\" data-element_type=\"container\">\n\t\t<a class=\"elementor-element elementor-element-119b64f e-con-full e-flex wpr-particle-no wpr-jarallax-no wpr-parallax-no wpr-sticky-section-no e-con e-child\" data-id=\"119b64f\" data-element_type=\"container\" href=\"https:\/\/oradea.ro\/informatii-taxe-si-impozite\/autorizari-compensari-certificat-fiscal\/autorizari-activitati-economice-autorizatii-si-acorduri-de-functionare\/\">\n\t\t\t\t<div class=\"elementor-element elementor-element-b79a34b elementor-widget elementor-widget-heading\" data-id=\"b79a34b\" data-element_type=\"widget\" data-widget_type=\"heading.default\">\n\t\t\t\t<div class=\"elementor-widget-container\">\n\t\t\t\t\t<h2 class=\"elementor-heading-title elementor-size-default\">Gazdas\u00e1gi tev\u00e9kenys\u00e9gekre vonatkoz\u00f3 enged\u00e9lyek<\/h2>\t\t\t\t<\/div>\n\t\t\t\t<\/div>\n\t\t\t\t<\/a>\n\t\t<a class=\"elementor-element elementor-element-e675710 e-con-full e-flex wpr-particle-no wpr-jarallax-no wpr-parallax-no wpr-sticky-section-no e-con e-child\" data-id=\"e675710\" data-element_type=\"container\" href=\"https:\/\/oradea.ro\/hu\/adozasi-informaciok\/karteritesek-visszateritesek\/\">\n\t\t\t\t<div class=\"elementor-element elementor-element-3c78361 elementor-widget elementor-widget-heading\" data-id=\"3c78361\" data-element_type=\"widget\" data-widget_type=\"heading.default\">\n\t\t\t\t<div class=\"elementor-widget-container\">\n\t\t\t\t\t<h2 class=\"elementor-heading-title elementor-size-default\">K\u00e1rt\u00e9r\u00edt\u00e9sek, visszat\u00e9r\u00edt\u00e9sek<\/h2>\t\t\t\t<\/div>\n\t\t\t\t<\/div>\n\t\t\t\t<\/a>\n\t\t<a class=\"elementor-element elementor-element-5eb4c86 e-con-full e-flex wpr-particle-no wpr-jarallax-no wpr-parallax-no wpr-sticky-section-no e-con e-child\" data-id=\"5eb4c86\" data-element_type=\"container\" href=\"https:\/\/oradea.ro\/hu\/adozasi-informaciok\/adoigazolas\/\">\n\t\t\t\t<div class=\"elementor-element elementor-element-35c8107 elementor-widget elementor-widget-heading\" data-id=\"35c8107\" data-element_type=\"widget\" data-widget_type=\"heading.default\">\n\t\t\t\t<div class=\"elementor-widget-container\">\n\t\t\t\t\t<h2 class=\"elementor-heading-title elementor-size-default\">Ad\u00f3igazol\u00e1s<\/h2>\t\t\t\t<\/div>\n\t\t\t\t<\/div>\n\t\t\t\t<\/a>\n\t\t\t\t<\/div>\n\t\t<div class=\"elementor-element elementor-element-6478b7d e-con-full e-flex wpr-particle-no wpr-jarallax-no wpr-parallax-no wpr-sticky-section-no e-con e-child\" data-id=\"6478b7d\" data-element_type=\"container\">\n\t\t<a class=\"elementor-element elementor-element-43dea82 e-con-full e-flex wpr-particle-no wpr-jarallax-no wpr-parallax-no wpr-sticky-section-no e-con e-child\" data-id=\"43dea82\" data-element_type=\"container\" href=\"https:\/\/oradea.ro\/hu\/adozasi-informaciok\/kifizetesi-es-kommunikacios-lehetosegek\/\">\n\t\t\t\t<div class=\"elementor-element elementor-element-f2a6aba elementor-widget elementor-widget-heading\" data-id=\"f2a6aba\" data-element_type=\"widget\" data-widget_type=\"heading.default\">\n\t\t\t\t<div class=\"elementor-widget-container\">\n\t\t\t\t\t<h2 class=\"elementor-heading-title elementor-size-default\">Kifizet\u00e9si \u00e9s kommunik\u00e1ci\u00f3s lehet\u0151s\u00e9gek<\/h2>\t\t\t\t<\/div>\n\t\t\t\t<\/div>\n\t\t\t\t<\/a>\n\t\t<a class=\"elementor-element elementor-element-9c90fc5 e-con-full e-flex wpr-particle-no wpr-jarallax-no wpr-parallax-no wpr-sticky-section-no e-con e-child\" data-id=\"9c90fc5\" data-element_type=\"container\" href=\"https:\/\/oradea.ro\/hu\/adozasi-informaciok\/online-kifizetesek-urlapok\/\">\n\t\t\t\t<div class=\"elementor-element elementor-element-11458cf elementor-widget elementor-widget-heading\" data-id=\"11458cf\" data-element_type=\"widget\" data-widget_type=\"heading.default\">\n\t\t\t\t<div class=\"elementor-widget-container\">\n\t\t\t\t\t<h2 class=\"elementor-heading-title elementor-size-default\">Online kifizet\u00e9sek &amp; \u0171rlapok<\/h2>\t\t\t\t<\/div>\n\t\t\t\t<\/div>\n\t\t\t\t<\/a>\n\t\t<a class=\"elementor-element elementor-element-ae60de4 e-con-full e-flex wpr-particle-no wpr-jarallax-no wpr-parallax-no wpr-sticky-section-no e-con e-child\" data-id=\"ae60de4\" data-element_type=\"container\" href=\"https:\/\/oradea.ro\/hu\/adozasi-informaciok\/szukseges-iratok\/\">\n\t\t\t\t<div class=\"elementor-element elementor-element-d69752d elementor-widget elementor-widget-heading\" data-id=\"d69752d\" data-element_type=\"widget\" data-widget_type=\"heading.default\">\n\t\t\t\t<div class=\"elementor-widget-container\">\n\t\t\t\t\t<h2 class=\"elementor-heading-title elementor-size-default\">Sz\u00fcks\u00e9ges iratok<\/h2>\t\t\t\t<\/div>\n\t\t\t\t<\/div>\n\t\t\t\t<\/a>\n\t\t\t\t<\/div>\n\t\t<div class=\"elementor-element elementor-element-0087aa3 e-con-full e-flex wpr-particle-no wpr-jarallax-no wpr-parallax-no wpr-sticky-section-no e-con e-child\" data-id=\"0087aa3\" data-element_type=\"container\">\n\t\t<a class=\"elementor-element elementor-element-4cd096e e-con-full e-flex wpr-particle-no wpr-jarallax-no wpr-parallax-no wpr-sticky-section-no e-con e-child\" data-id=\"4cd096e\" data-element_type=\"container\" href=\"https:\/\/oradea.ro\/hu\/adozasi-informaciok\/fiskalis-kedvezmenyek\/\">\n\t\t\t\t<div class=\"elementor-element elementor-element-6af78be elementor-widget elementor-widget-heading\" data-id=\"6af78be\" data-element_type=\"widget\" data-widget_type=\"heading.default\">\n\t\t\t\t<div class=\"elementor-widget-container\">\n\t\t\t\t\t<h2 class=\"elementor-heading-title elementor-size-default\">Fisk\u00e1lis kedvezm\u00e9nyek<\/h2>\t\t\t\t<\/div>\n\t\t\t\t<\/div>\n\t\t\t\t<\/a>\n\t\t<a class=\"elementor-element elementor-element-559a16e e-con-full e-flex wpr-particle-no wpr-jarallax-no wpr-parallax-no wpr-sticky-section-no e-con e-child\" data-id=\"559a16e\" data-element_type=\"container\" href=\"https:\/\/oradea.ro\/hu\/adozasi-informaciok\/jogszabalyok-es-adozasi-ovezetek\/\">\n\t\t\t\t<div class=\"elementor-element elementor-element-e5f931b elementor-widget elementor-widget-heading\" data-id=\"e5f931b\" data-element_type=\"widget\" data-widget_type=\"heading.default\">\n\t\t\t\t<div class=\"elementor-widget-container\">\n\t\t\t\t\t<h2 class=\"elementor-heading-title elementor-size-default\">Jogszab\u00e1lyok \u00e9s ad\u00f3z\u00e1si \u00f6vezetek<\/h2>\t\t\t\t<\/div>\n\t\t\t\t<\/div>\n\t\t\t\t<\/a>\n\t\t<a class=\"elementor-element elementor-element-e4869f0 e-con-full e-flex wpr-particle-no wpr-jarallax-no wpr-parallax-no wpr-sticky-section-no e-con e-child\" data-id=\"e4869f0\" data-element_type=\"container\" href=\"https:\/\/oradea.ro\/hu\/adozasi-informaciok\/kozlemenyek-kozigazgatasi-iratok-kozlese\/\">\n\t\t\t\t<div class=\"elementor-element elementor-element-12ea7ae elementor-widget elementor-widget-heading\" data-id=\"12ea7ae\" data-element_type=\"widget\" data-widget_type=\"heading.default\">\n\t\t\t\t<div class=\"elementor-widget-container\">\n\t\t\t\t\t<h2 class=\"elementor-heading-title elementor-size-default\">K\u00f6zlem\u00e9nyek - k\u00f6zigazgat\u00e1si proced\u00far\u00e1k k\u00f6zl\u00e9se<\/h2>\t\t\t\t<\/div>\n\t\t\t\t<\/div>\n\t\t\t\t<\/a>\n\t\t\t\t<\/div>\n\t\t<div class=\"elementor-element elementor-element-8630959 e-con-full e-flex wpr-particle-no wpr-jarallax-no wpr-parallax-no wpr-sticky-section-no e-con e-child\" data-id=\"8630959\" data-element_type=\"container\">\n\t\t<a class=\"elementor-element elementor-element-25839fa e-con-full e-flex wpr-particle-no wpr-jarallax-no wpr-parallax-no wpr-sticky-section-no e-con e-child\" data-id=\"25839fa\" data-element_type=\"container\" href=\"https:\/\/oradea.ro\/informatii-taxe-si-impozite\/secretul-fiscal-codul-de-etica\/\">\n\t\t\t\t<div class=\"elementor-element elementor-element-d97833d elementor-widget elementor-widget-heading\" data-id=\"d97833d\" data-element_type=\"widget\" data-widget_type=\"heading.default\">\n\t\t\t\t<div class=\"elementor-widget-container\">\n\t\t\t\t\t<h2 class=\"elementor-heading-title elementor-size-default\">Ad\u00f3titok Etikai k\u00f3dex<\/h2>\t\t\t\t<\/div>\n\t\t\t\t<\/div>\n\t\t\t\t<\/a>\n\t\t<a class=\"elementor-element elementor-element-fad7140 e-con-full e-flex wpr-particle-no wpr-jarallax-no wpr-parallax-no wpr-sticky-section-no e-con e-child\" data-id=\"fad7140\" data-element_type=\"container\" href=\"https:\/\/oradea.ro\/hu\/adozasi-informaciok\/gyakran-ismetelt-kerdesek\/\">\n\t\t\t\t<div class=\"elementor-element elementor-element-d83dd1f elementor-widget elementor-widget-heading\" data-id=\"d83dd1f\" data-element_type=\"widget\" data-widget_type=\"heading.default\">\n\t\t\t\t<div class=\"elementor-widget-container\">\n\t\t\t\t\t<h2 class=\"elementor-heading-title elementor-size-default\">Gyakori k\u00e9rd\u00e9sek<\/h2>\t\t\t\t<\/div>\n\t\t\t\t<\/div>\n\t\t\t\t<\/a>\n\t\t\t\t<\/div>\n\t\t\t\t\t<\/div>\n\t\t\t\t<\/div>\n\t\t\t\t\t<\/div>\n\t\t\t\t<\/div>\n\t\t\t\t<\/div>\n\t\t","protected":false},"excerpt":{"rendered":"<p>Ad\u00f3z\u00e1si inform\u00e1ci\u00f3k Ad\u00f3z\u00e1si inform\u00e1ci\u00f3k Ad\u00f3z\u00e1si inform\u00e1ci\u00f3k Gazdas\u00e1gi tev\u00e9kenys\u00e9gekre vonatkoz\u00f3 enged\u00e9lyek K\u00e1rt\u00e9r\u00edt\u00e9sek, visszat\u00e9r\u00edt\u00e9sek Ad\u00f3igazol\u00e1s Kifizet\u00e9si \u00e9s kommunik\u00e1ci\u00f3s lehet\u0151s\u00e9gek Online kifizet\u00e9sek &amp; \u0171rlapok Sz\u00fcks\u00e9ges iratok Fisk\u00e1lis kedvezm\u00e9nyek Jogszab\u00e1lyok \u00e9s ad\u00f3z\u00e1si \u00f6vezetek K\u00f6zlem\u00e9nyek &#8211; k\u00f6zigazgat\u00e1si proced\u00far\u00e1k k\u00f6zl\u00e9se Ad\u00f3titok Etikai k\u00f3dex Gyakori k\u00e9rd\u00e9sek<\/p>\n","protected":false},"author":39,"featured_media":16991,"parent":0,"menu_order":0,"comment_status":"closed","ping_status":"closed","template":"","meta":{"_acf_changed":false,"ep_exclude_from_search":false,"footnotes":""},"class_list":["post-102851","page","type-page","status-publish","has-post-thumbnail","hentry"],"acf":[],"yoast_head":"<!-- This site is optimized with the Yoast SEO plugin v26.6 - https:\/\/yoast.com\/wordpress\/plugins\/seo\/ -->\n<title>Ad\u00f3z\u00e1si inform\u00e1ci\u00f3k - Oradea.ro<\/title>\n<meta name=\"robots\" content=\"index, follow, max-snippet:-1, max-image-preview:large, max-video-preview:-1\" \/>\n<link rel=\"canonical\" href=\"https:\/\/oradea.ro\/informatii-taxe-si-impozite\/\" \/>\n<meta property=\"og:locale\" content=\"hu_HU\" \/>\n<meta property=\"og:type\" content=\"article\" \/>\n<meta property=\"og:title\" content=\"Ad\u00f3z\u00e1si inform\u00e1ci\u00f3k - Oradea.ro\" \/>\n<meta property=\"og:description\" content=\"Ad\u00f3z\u00e1si inform\u00e1ci\u00f3k Ad\u00f3z\u00e1si inform\u00e1ci\u00f3k Ad\u00f3z\u00e1si inform\u00e1ci\u00f3k Gazdas\u00e1gi tev\u00e9kenys\u00e9gekre vonatkoz\u00f3 enged\u00e9lyek K\u00e1rt\u00e9r\u00edt\u00e9sek, visszat\u00e9r\u00edt\u00e9sek Ad\u00f3igazol\u00e1s Kifizet\u00e9si \u00e9s kommunik\u00e1ci\u00f3s lehet\u0151s\u00e9gek Online kifizet\u00e9sek &amp; \u0171rlapok Sz\u00fcks\u00e9ges iratok Fisk\u00e1lis kedvezm\u00e9nyek Jogszab\u00e1lyok \u00e9s ad\u00f3z\u00e1si \u00f6vezetek K\u00f6zlem\u00e9nyek &#8211; k\u00f6zigazgat\u00e1si proced\u00far\u00e1k k\u00f6zl\u00e9se Ad\u00f3titok Etikai k\u00f3dex Gyakori k\u00e9rd\u00e9sek\" \/>\n<meta property=\"og:url\" content=\"https:\/\/oradea.ro\/informatii-taxe-si-impozite\/\" \/>\n<meta property=\"og:site_name\" content=\"Oradea.ro\" \/>\n<meta property=\"article:modified_time\" content=\"2024-03-27T08:35:56+00:00\" \/>\n<meta property=\"og:image\" content=\"https:\/\/oradea.ro\/wp-content\/uploads\/2023\/10\/home_hero_slide_2-scaled.webp\" \/>\n\t<meta property=\"og:image:width\" content=\"2560\" \/>\n\t<meta property=\"og:image:height\" content=\"1707\" \/>\n\t<meta property=\"og:image:type\" content=\"image\/webp\" \/>\n<meta name=\"twitter:card\" content=\"summary_large_image\" \/>\n<script type=\"application\/ld+json\" class=\"yoast-schema-graph\">{\"@context\":\"https:\/\/schema.org\",\"@graph\":[{\"@type\":\"WebPage\",\"@id\":\"https:\/\/oradea.ro\/informatii-taxe-si-impozite\/\",\"url\":\"https:\/\/oradea.ro\/informatii-taxe-si-impozite\/\",\"name\":\"Ad\u00f3z\u00e1si inform\u00e1ci\u00f3k - Oradea.ro\",\"isPartOf\":{\"@id\":\"https:\/\/oradea.ro\/#website\"},\"primaryImageOfPage\":{\"@id\":\"https:\/\/oradea.ro\/informatii-taxe-si-impozite\/#primaryimage\"},\"image\":{\"@id\":\"https:\/\/oradea.ro\/informatii-taxe-si-impozite\/#primaryimage\"},\"thumbnailUrl\":\"https:\/\/oradea.ro\/wp-content\/uploads\/2023\/10\/home_hero_slide_2-scaled.webp\",\"datePublished\":\"2023-09-12T05:27:09+00:00\",\"dateModified\":\"2024-03-27T08:35:56+00:00\",\"breadcrumb\":{\"@id\":\"https:\/\/oradea.ro\/informatii-taxe-si-impozite\/#breadcrumb\"},\"inLanguage\":\"hu\",\"potentialAction\":[{\"@type\":\"ReadAction\",\"target\":[\"https:\/\/oradea.ro\/informatii-taxe-si-impozite\/\"]}]},{\"@type\":\"ImageObject\",\"inLanguage\":\"hu\",\"@id\":\"https:\/\/oradea.ro\/informatii-taxe-si-impozite\/#primaryimage\",\"url\":\"https:\/\/oradea.ro\/wp-content\/uploads\/2023\/10\/home_hero_slide_2-scaled.webp\",\"contentUrl\":\"https:\/\/oradea.ro\/wp-content\/uploads\/2023\/10\/home_hero_slide_2-scaled.webp\",\"width\":2560,\"height\":1707},{\"@type\":\"BreadcrumbList\",\"@id\":\"https:\/\/oradea.ro\/informatii-taxe-si-impozite\/#breadcrumb\",\"itemListElement\":[{\"@type\":\"ListItem\",\"position\":1,\"name\":\"\",\"item\":\"https:\/\/oradea.ro\/hu\/\"},{\"@type\":\"ListItem\",\"position\":2,\"name\":\"Ad\u00f3z\u00e1si inform\u00e1ci\u00f3k\"}]},{\"@type\":\"WebSite\",\"@id\":\"https:\/\/oradea.ro\/#website\",\"url\":\"https:\/\/oradea.ro\/\",\"name\":\"Oradea.ro\",\"description\":\"Site-ul oficial al Prim\u0103riei Municipiului Oradea\",\"publisher\":{\"@id\":\"https:\/\/oradea.ro\/#organization\"},\"potentialAction\":[{\"@type\":\"SearchAction\",\"target\":{\"@type\":\"EntryPoint\",\"urlTemplate\":\"https:\/\/oradea.ro\/?s={search_term_string}\"},\"query-input\":{\"@type\":\"PropertyValueSpecification\",\"valueRequired\":true,\"valueName\":\"search_term_string\"}}],\"inLanguage\":\"hu\"},{\"@type\":\"Organization\",\"@id\":\"https:\/\/oradea.ro\/#organization\",\"name\":\"Oradea.ro\",\"url\":\"https:\/\/oradea.ro\/\",\"logo\":{\"@type\":\"ImageObject\",\"inLanguage\":\"hu\",\"@id\":\"https:\/\/oradea.ro\/#\/schema\/logo\/image\/\",\"url\":\"https:\/\/oradea.ro\/wp-content\/uploads\/2023\/06\/footer_logo.svg\",\"contentUrl\":\"https:\/\/oradea.ro\/wp-content\/uploads\/2023\/06\/footer_logo.svg\",\"width\":218,\"height\":53,\"caption\":\"Oradea.ro\"},\"image\":{\"@id\":\"https:\/\/oradea.ro\/#\/schema\/logo\/image\/\"}}]}<\/script>\n<!-- \/ Yoast SEO plugin. -->","yoast_head_json":{"title":"Ad\u00f3z\u00e1si inform\u00e1ci\u00f3k - Oradea.ro","robots":{"index":"index","follow":"follow","max-snippet":"max-snippet:-1","max-image-preview":"max-image-preview:large","max-video-preview":"max-video-preview:-1"},"canonical":"https:\/\/oradea.ro\/informatii-taxe-si-impozite\/","og_locale":"hu_HU","og_type":"article","og_title":"Ad\u00f3z\u00e1si inform\u00e1ci\u00f3k - Oradea.ro","og_description":"Ad\u00f3z\u00e1si inform\u00e1ci\u00f3k Ad\u00f3z\u00e1si inform\u00e1ci\u00f3k Ad\u00f3z\u00e1si inform\u00e1ci\u00f3k Gazdas\u00e1gi tev\u00e9kenys\u00e9gekre vonatkoz\u00f3 enged\u00e9lyek K\u00e1rt\u00e9r\u00edt\u00e9sek, visszat\u00e9r\u00edt\u00e9sek Ad\u00f3igazol\u00e1s Kifizet\u00e9si \u00e9s kommunik\u00e1ci\u00f3s lehet\u0151s\u00e9gek Online kifizet\u00e9sek &amp; \u0171rlapok Sz\u00fcks\u00e9ges iratok Fisk\u00e1lis kedvezm\u00e9nyek Jogszab\u00e1lyok \u00e9s ad\u00f3z\u00e1si \u00f6vezetek K\u00f6zlem\u00e9nyek &#8211; k\u00f6zigazgat\u00e1si proced\u00far\u00e1k k\u00f6zl\u00e9se Ad\u00f3titok Etikai k\u00f3dex Gyakori k\u00e9rd\u00e9sek","og_url":"https:\/\/oradea.ro\/informatii-taxe-si-impozite\/","og_site_name":"Oradea.ro","article_modified_time":"2024-03-27T08:35:56+00:00","og_image":[{"width":2560,"height":1707,"url":"https:\/\/oradea.ro\/wp-content\/uploads\/2023\/10\/home_hero_slide_2-scaled.webp","type":"image\/webp"}],"twitter_card":"summary_large_image","schema":{"@context":"https:\/\/schema.org","@graph":[{"@type":"WebPage","@id":"https:\/\/oradea.ro\/informatii-taxe-si-impozite\/","url":"https:\/\/oradea.ro\/informatii-taxe-si-impozite\/","name":"Ad\u00f3z\u00e1si inform\u00e1ci\u00f3k - Oradea.ro","isPartOf":{"@id":"https:\/\/oradea.ro\/#website"},"primaryImageOfPage":{"@id":"https:\/\/oradea.ro\/informatii-taxe-si-impozite\/#primaryimage"},"image":{"@id":"https:\/\/oradea.ro\/informatii-taxe-si-impozite\/#primaryimage"},"thumbnailUrl":"https:\/\/oradea.ro\/wp-content\/uploads\/2023\/10\/home_hero_slide_2-scaled.webp","datePublished":"2023-09-12T05:27:09+00:00","dateModified":"2024-03-27T08:35:56+00:00","breadcrumb":{"@id":"https:\/\/oradea.ro\/informatii-taxe-si-impozite\/#breadcrumb"},"inLanguage":"hu","potentialAction":[{"@type":"ReadAction","target":["https:\/\/oradea.ro\/informatii-taxe-si-impozite\/"]}]},{"@type":"ImageObject","inLanguage":"hu","@id":"https:\/\/oradea.ro\/informatii-taxe-si-impozite\/#primaryimage","url":"https:\/\/oradea.ro\/wp-content\/uploads\/2023\/10\/home_hero_slide_2-scaled.webp","contentUrl":"https:\/\/oradea.ro\/wp-content\/uploads\/2023\/10\/home_hero_slide_2-scaled.webp","width":2560,"height":1707},{"@type":"BreadcrumbList","@id":"https:\/\/oradea.ro\/informatii-taxe-si-impozite\/#breadcrumb","itemListElement":[{"@type":"ListItem","position":1,"name":"","item":"https:\/\/oradea.ro\/hu\/"},{"@type":"ListItem","position":2,"name":"Ad\u00f3z\u00e1si inform\u00e1ci\u00f3k"}]},{"@type":"WebSite","@id":"https:\/\/oradea.ro\/#website","url":"https:\/\/oradea.ro\/","name":"Oradea.ro","description":"Site-ul oficial al Prim\u0103riei Municipiului Oradea","publisher":{"@id":"https:\/\/oradea.ro\/#organization"},"potentialAction":[{"@type":"SearchAction","target":{"@type":"EntryPoint","urlTemplate":"https:\/\/oradea.ro\/?s={search_term_string}"},"query-input":{"@type":"PropertyValueSpecification","valueRequired":true,"valueName":"search_term_string"}}],"inLanguage":"hu"},{"@type":"Organization","@id":"https:\/\/oradea.ro\/#organization","name":"Oradea.ro","url":"https:\/\/oradea.ro\/","logo":{"@type":"ImageObject","inLanguage":"hu","@id":"https:\/\/oradea.ro\/#\/schema\/logo\/image\/","url":"https:\/\/oradea.ro\/wp-content\/uploads\/2023\/06\/footer_logo.svg","contentUrl":"https:\/\/oradea.ro\/wp-content\/uploads\/2023\/06\/footer_logo.svg","width":218,"height":53,"caption":"Oradea.ro"},"image":{"@id":"https:\/\/oradea.ro\/#\/schema\/logo\/image\/"}}]}},"publishpress_future_action":{"enabled":false,"date":"2026-05-04 07:23:04","action":"change-status","newStatus":"draft","terms":[],"taxonomy":"translation_priority","extraData":[]},"publishpress_future_workflow_manual_trigger":{"enabledWorkflows":[]},"_links":{"self":[{"href":"https:\/\/oradea.ro\/hu\/wp-json\/wp\/v2\/pages\/102851","targetHints":{"allow":["GET"]}}],"collection":[{"href":"https:\/\/oradea.ro\/hu\/wp-json\/wp\/v2\/pages"}],"about":[{"href":"https:\/\/oradea.ro\/hu\/wp-json\/wp\/v2\/types\/page"}],"author":[{"embeddable":true,"href":"https:\/\/oradea.ro\/hu\/wp-json\/wp\/v2\/users\/39"}],"replies":[{"embeddable":true,"href":"https:\/\/oradea.ro\/hu\/wp-json\/wp\/v2\/comments?post=102851"}],"version-history":[{"count":9,"href":"https:\/\/oradea.ro\/hu\/wp-json\/wp\/v2\/pages\/102851\/revisions"}],"predecessor-version":[{"id":191124,"href":"https:\/\/oradea.ro\/hu\/wp-json\/wp\/v2\/pages\/102851\/revisions\/191124"}],"wp:featuredmedia":[{"embeddable":true,"href":"https:\/\/oradea.ro\/hu\/wp-json\/wp\/v2\/media\/16991"}],"wp:attachment":[{"href":"https:\/\/oradea.ro\/hu\/wp-json\/wp\/v2\/media?parent=102851"}],"curies":[{"name":"wp","href":"https:\/\/api.w.org\/{rel}","templated":true}]}}