{"id":102877,"date":"2023-09-12T06:55:21","date_gmt":"2023-09-12T06:55:21","guid":{"rendered":"https:\/\/oradea.ro\/oktatas\/"},"modified":"2023-12-11T07:45:22","modified_gmt":"2023-12-11T07:45:22","slug":"oktatas","status":"publish","type":"page","link":"https:\/\/oradea.ro\/hu\/polgarok-szamara\/a-polgaroknak\/oktatas\/","title":{"rendered":"Oktat\u00e1s"},"content":{"rendered":"<div class=\"min-w-[100vw] h-[350px] md:h-[500px] ml-[calc(50%-50vw)] flex items-end bg-no-repeat bg-white bg-cover bg-center px-5\" style=\"background-image: url(https:\/\/oradea.ro\/wp-content\/uploads\/2023\/10\/home_hero_slide_2-scaled.webp);\">\r\n                    <div class=\"w-full max-w-7xl mx-auto mb-6\">\r\n                        <h1 class=\"my-0 text-white font-extrabold font-open-sans text-3xl md:text-6xl [text-shadow:_0_1px_4px_rgb(0_0_0_\/_50%)]\">Oktat\u00e1s<\/h1>\r\n                    <\/div>\r\n                <\/div><div class=\"!px-5\"><div class=\"breadcrumbs w-full max-w-7xl mx-auto grid md:flex flex-wrap items-center py-4 test\"><div><a href=\"https:\/\/oradea.ro\/hu\/\"><span class=\"fas fa-home text-[#ABAEB3]\"><\/span><\/a><span class=\"md:hidden\"><span class=\"fas fa-chevron-down mx-5 text-xs text-[#ABAEB3] hover:text-black\/50 transition-all\"><\/span><\/span><span class=\"hidden md:inline\"><span class=\"fas fa-chevron-right mx-5 text-xs text-[#ABAEB3] hover:text-black\/50 transition-all\"><\/span><\/span><\/div><span class=\"font-poppins font-semibold uppercase text-black\/60\">Oktat\u00e1s<\/span><\/div><\/div>\t\t<div data-elementor-type=\"wp-page\" data-elementor-id=\"102877\" class=\"elementor elementor-102877 elementor-8010\" data-elementor-post-type=\"page\">\n\t\t\t\t<div class=\"elementor-element elementor-element-944a3b1 e-flex e-con-boxed wpr-particle-no wpr-jarallax-no wpr-parallax-no wpr-sticky-section-no e-con e-parent\" data-id=\"944a3b1\" data-element_type=\"container\">\n\t\t\t\t\t<div class=\"e-con-inner\">\n\t\t<div class=\"elementor-element elementor-element-13715f1 e-flex e-con-boxed wpr-particle-no wpr-jarallax-no wpr-parallax-no wpr-sticky-section-no e-con e-parent\" data-id=\"13715f1\" data-element_type=\"container\">\n\t\t\t\t\t<div class=\"e-con-inner\">\n\t\t<div class=\"elementor-element elementor-element-77cbfa5 e-con-full e-flex wpr-particle-no wpr-jarallax-no wpr-parallax-no wpr-sticky-section-no e-con e-parent\" data-id=\"77cbfa5\" data-element_type=\"container\">\n\t\t<a class=\"elementor-element elementor-element-688274a e-con-full e-flex wpr-particle-no wpr-jarallax-no wpr-parallax-no wpr-sticky-section-no e-con e-parent\" data-id=\"688274a\" data-element_type=\"container\" href=\"https:\/\/oradea.ro\/pentru-cetateni\/pentru-comunitate\/educatie\/institutii-responsabile-cu-activitatea-educativa\/\">\n\t\t\t\t<div class=\"elementor-element elementor-element-2651447 elementor-widget elementor-widget-heading\" data-id=\"2651447\" data-element_type=\"widget\" data-widget_type=\"heading.default\">\n\t\t\t\t<div class=\"elementor-widget-container\">\n\t\t\t\t\t<h2 class=\"elementor-heading-title elementor-size-default\">Oktat\u00e1si tev\u00e9kenys\u00e9gek\u00e9rt felel\u0151s int\u00e9zm\u00e9nyek<\/h2>\t\t\t\t<\/div>\n\t\t\t\t<\/div>\n\t\t\t\t<\/a>\n\t\t<a class=\"elementor-element elementor-element-955963b e-con-full e-flex wpr-particle-no wpr-jarallax-no wpr-parallax-no wpr-sticky-section-no e-con e-parent\" data-id=\"955963b\" data-element_type=\"container\" href=\"https:\/\/oradea.ro\/hu\/a-polgaroknak\/oktatas\/bolcsode\/\">\n\t\t\t\t<div class=\"elementor-element elementor-element-acda7a3 elementor-widget elementor-widget-heading\" data-id=\"acda7a3\" data-element_type=\"widget\" data-widget_type=\"heading.default\">\n\t\t\t\t<div class=\"elementor-widget-container\">\n\t\t\t\t\t<h2 class=\"elementor-heading-title elementor-size-default\">B\u00f6lcs\u0151de<\/h2>\t\t\t\t<\/div>\n\t\t\t\t<\/div>\n\t\t\t\t<\/a>\n\t\t<a class=\"elementor-element elementor-element-448962f e-con-full e-flex wpr-particle-no wpr-jarallax-no wpr-parallax-no wpr-sticky-section-no e-con e-parent\" data-id=\"448962f\" data-element_type=\"container\" href=\"https:\/\/oradea.ro\/pentru-cetateni\/pentru-comunitate\/educatie\/invatamant-prescolar\/\">\n\t\t\t\t<div class=\"elementor-element elementor-element-fc005c2 elementor-widget elementor-widget-heading\" data-id=\"fc005c2\" data-element_type=\"widget\" data-widget_type=\"heading.default\">\n\t\t\t\t<div class=\"elementor-widget-container\">\n\t\t\t\t\t<h2 class=\"elementor-heading-title elementor-size-default\">\u00d3vodai nevel\u00e9s<\/h2>\t\t\t\t<\/div>\n\t\t\t\t<\/div>\n\t\t\t\t<\/a>\n\t\t\t\t<\/div>\n\t\t<div class=\"elementor-element elementor-element-a836142 e-con-full e-flex wpr-particle-no wpr-jarallax-no wpr-parallax-no wpr-sticky-section-no e-con e-parent\" data-id=\"a836142\" data-element_type=\"container\">\n\t\t<a class=\"elementor-element elementor-element-382ee8d e-con-full e-flex wpr-particle-no wpr-jarallax-no wpr-parallax-no wpr-sticky-section-no e-con e-parent\" data-id=\"382ee8d\" data-element_type=\"container\" href=\"https:\/\/oradea.ro\/pentru-cetateni\/pentru-comunitate\/educatie\/invatamant-preuniversitar\/\">\n\t\t\t\t<div class=\"elementor-element elementor-element-37876b4 elementor-widget elementor-widget-heading\" data-id=\"37876b4\" data-element_type=\"widget\" data-widget_type=\"heading.default\">\n\t\t\t\t<div class=\"elementor-widget-container\">\n\t\t\t\t\t<h2 class=\"elementor-heading-title elementor-size-default\">\u00c1ltal\u00e1nos iskola<\/h2>\t\t\t\t<\/div>\n\t\t\t\t<\/div>\n\t\t\t\t<\/a>\n\t\t<a class=\"elementor-element elementor-element-f39c6ff e-con-full e-flex wpr-particle-no wpr-jarallax-no wpr-parallax-no wpr-sticky-section-no e-con e-parent\" data-id=\"f39c6ff\" data-element_type=\"container\" href=\"https:\/\/oradea.ro\/pentru-cetateni\/pentru-comunitate\/educatie\/invatamant-universitar\/\">\n\t\t\t\t<div class=\"elementor-element elementor-element-b9a87ef elementor-widget elementor-widget-heading\" data-id=\"b9a87ef\" data-element_type=\"widget\" data-widget_type=\"heading.default\">\n\t\t\t\t<div class=\"elementor-widget-container\">\n\t\t\t\t\t<h2 class=\"elementor-heading-title elementor-size-default\">Egyetemi oktat\u00e1s<\/h2>\t\t\t\t<\/div>\n\t\t\t\t<\/div>\n\t\t\t\t<\/a>\n\t\t<a class=\"elementor-element elementor-element-b41085f e-con-full e-flex wpr-particle-no wpr-jarallax-no wpr-parallax-no wpr-sticky-section-no e-con e-parent\" data-id=\"b41085f\" data-element_type=\"container\">\n\t\t\t\t<\/a>\n\t\t\t\t<\/div>\n\t\t\t\t\t<\/div>\n\t\t\t\t<\/div>\n\t\t\t\t\t<\/div>\n\t\t\t\t<\/div>\n\t\t\t\t<\/div>\n\t\t","protected":false},"excerpt":{"rendered":"<p>Oktat\u00e1s Oktat\u00e1s Oktat\u00e1si tev\u00e9kenys\u00e9gek\u00e9rt felel\u0151s int\u00e9zm\u00e9nyek B\u00f6lcs\u0151de \u00d3vodai nevel\u00e9s \u00c1ltal\u00e1nos iskola Egyetemi oktat\u00e1s<\/p>\n","protected":false},"author":1,"featured_media":16991,"parent":103087,"menu_order":0,"comment_status":"closed","ping_status":"closed","template":"","meta":{"_acf_changed":false,"ep_exclude_from_search":false,"footnotes":""},"class_list":["post-102877","page","type-page","status-publish","has-post-thumbnail","hentry"],"acf":[],"yoast_head":"<!-- This site is optimized with the Yoast SEO plugin v26.6 - https:\/\/yoast.com\/wordpress\/plugins\/seo\/ -->\n<title>Oktat\u00e1s - Oradea.ro<\/title>\n<meta name=\"robots\" content=\"index, follow, max-snippet:-1, max-image-preview:large, max-video-preview:-1\" \/>\n<link rel=\"canonical\" href=\"https:\/\/oradea.ro\/hu\/polgarok-szamara\/a-polgaroknak\/oktatas\/\" \/>\n<meta property=\"og:locale\" content=\"hu_HU\" \/>\n<meta property=\"og:type\" content=\"article\" \/>\n<meta property=\"og:title\" content=\"Oktat\u00e1s - Oradea.ro\" \/>\n<meta property=\"og:description\" content=\"Oktat\u00e1s Oktat\u00e1s Oktat\u00e1si tev\u00e9kenys\u00e9gek\u00e9rt felel\u0151s int\u00e9zm\u00e9nyek B\u00f6lcs\u0151de \u00d3vodai nevel\u00e9s \u00c1ltal\u00e1nos iskola Egyetemi oktat\u00e1s\" \/>\n<meta property=\"og:url\" content=\"https:\/\/oradea.ro\/hu\/polgarok-szamara\/a-polgaroknak\/oktatas\/\" \/>\n<meta property=\"og:site_name\" content=\"Oradea.ro\" \/>\n<meta property=\"article:modified_time\" content=\"2023-12-11T07:45:22+00:00\" \/>\n<meta property=\"og:image\" content=\"https:\/\/oradea.ro\/wp-content\/uploads\/2023\/10\/home_hero_slide_2-scaled.webp\" \/>\n\t<meta property=\"og:image:width\" content=\"2560\" \/>\n\t<meta property=\"og:image:height\" content=\"1707\" \/>\n\t<meta property=\"og:image:type\" content=\"image\/webp\" \/>\n<meta name=\"twitter:card\" content=\"summary_large_image\" \/>\n<script type=\"application\/ld+json\" class=\"yoast-schema-graph\">{\"@context\":\"https:\/\/schema.org\",\"@graph\":[{\"@type\":\"WebPage\",\"@id\":\"https:\/\/oradea.ro\/hu\/polgarok-szamara\/a-polgaroknak\/oktatas\/\",\"url\":\"https:\/\/oradea.ro\/hu\/polgarok-szamara\/a-polgaroknak\/oktatas\/\",\"name\":\"Oktat\u00e1s - Oradea.ro\",\"isPartOf\":{\"@id\":\"https:\/\/oradea.ro\/#website\"},\"primaryImageOfPage\":{\"@id\":\"https:\/\/oradea.ro\/hu\/polgarok-szamara\/a-polgaroknak\/oktatas\/#primaryimage\"},\"image\":{\"@id\":\"https:\/\/oradea.ro\/hu\/polgarok-szamara\/a-polgaroknak\/oktatas\/#primaryimage\"},\"thumbnailUrl\":\"https:\/\/oradea.ro\/wp-content\/uploads\/2023\/10\/home_hero_slide_2-scaled.webp\",\"datePublished\":\"2023-09-12T06:55:21+00:00\",\"dateModified\":\"2023-12-11T07:45:22+00:00\",\"breadcrumb\":{\"@id\":\"https:\/\/oradea.ro\/hu\/polgarok-szamara\/a-polgaroknak\/oktatas\/#breadcrumb\"},\"inLanguage\":\"hu\",\"potentialAction\":[{\"@type\":\"ReadAction\",\"target\":[\"https:\/\/oradea.ro\/hu\/polgarok-szamara\/a-polgaroknak\/oktatas\/\"]}]},{\"@type\":\"ImageObject\",\"inLanguage\":\"hu\",\"@id\":\"https:\/\/oradea.ro\/hu\/polgarok-szamara\/a-polgaroknak\/oktatas\/#primaryimage\",\"url\":\"https:\/\/oradea.ro\/wp-content\/uploads\/2023\/10\/home_hero_slide_2-scaled.webp\",\"contentUrl\":\"https:\/\/oradea.ro\/wp-content\/uploads\/2023\/10\/home_hero_slide_2-scaled.webp\",\"width\":2560,\"height\":1707},{\"@type\":\"BreadcrumbList\",\"@id\":\"https:\/\/oradea.ro\/hu\/polgarok-szamara\/a-polgaroknak\/oktatas\/#breadcrumb\",\"itemListElement\":[{\"@type\":\"ListItem\",\"position\":1,\"name\":\"\",\"item\":\"https:\/\/oradea.ro\/hu\/\"},{\"@type\":\"ListItem\",\"position\":2,\"name\":\"Polg\u00e1rok sz\u00e1m\u00e1ra\",\"item\":\"https:\/\/oradea.ro\/hu\/polgarok-szamara\/\"},{\"@type\":\"ListItem\",\"position\":3,\"name\":\"A polg\u00e1roknak\",\"item\":\"https:\/\/oradea.ro\/en\/for-citizens\/for-the-community\/\"},{\"@type\":\"ListItem\",\"position\":4,\"name\":\"Oktat\u00e1s\"}]},{\"@type\":\"WebSite\",\"@id\":\"https:\/\/oradea.ro\/#website\",\"url\":\"https:\/\/oradea.ro\/\",\"name\":\"Oradea.ro\",\"description\":\"Site-ul oficial al Prim\u0103riei Municipiului Oradea\",\"publisher\":{\"@id\":\"https:\/\/oradea.ro\/#organization\"},\"potentialAction\":[{\"@type\":\"SearchAction\",\"target\":{\"@type\":\"EntryPoint\",\"urlTemplate\":\"https:\/\/oradea.ro\/?s={search_term_string}\"},\"query-input\":{\"@type\":\"PropertyValueSpecification\",\"valueRequired\":true,\"valueName\":\"search_term_string\"}}],\"inLanguage\":\"hu\"},{\"@type\":\"Organization\",\"@id\":\"https:\/\/oradea.ro\/#organization\",\"name\":\"Oradea.ro\",\"url\":\"https:\/\/oradea.ro\/\",\"logo\":{\"@type\":\"ImageObject\",\"inLanguage\":\"hu\",\"@id\":\"https:\/\/oradea.ro\/#\/schema\/logo\/image\/\",\"url\":\"https:\/\/oradea.ro\/wp-content\/uploads\/2023\/06\/footer_logo.svg\",\"contentUrl\":\"https:\/\/oradea.ro\/wp-content\/uploads\/2023\/06\/footer_logo.svg\",\"width\":218,\"height\":53,\"caption\":\"Oradea.ro\"},\"image\":{\"@id\":\"https:\/\/oradea.ro\/#\/schema\/logo\/image\/\"}}]}<\/script>\n<!-- \/ Yoast SEO plugin. -->","yoast_head_json":{"title":"Oktat\u00e1s - Oradea.ro","robots":{"index":"index","follow":"follow","max-snippet":"max-snippet:-1","max-image-preview":"max-image-preview:large","max-video-preview":"max-video-preview:-1"},"canonical":"https:\/\/oradea.ro\/hu\/polgarok-szamara\/a-polgaroknak\/oktatas\/","og_locale":"hu_HU","og_type":"article","og_title":"Oktat\u00e1s - Oradea.ro","og_description":"Oktat\u00e1s Oktat\u00e1s Oktat\u00e1si tev\u00e9kenys\u00e9gek\u00e9rt felel\u0151s int\u00e9zm\u00e9nyek B\u00f6lcs\u0151de \u00d3vodai nevel\u00e9s \u00c1ltal\u00e1nos iskola Egyetemi oktat\u00e1s","og_url":"https:\/\/oradea.ro\/hu\/polgarok-szamara\/a-polgaroknak\/oktatas\/","og_site_name":"Oradea.ro","article_modified_time":"2023-12-11T07:45:22+00:00","og_image":[{"width":2560,"height":1707,"url":"https:\/\/oradea.ro\/wp-content\/uploads\/2023\/10\/home_hero_slide_2-scaled.webp","type":"image\/webp"}],"twitter_card":"summary_large_image","schema":{"@context":"https:\/\/schema.org","@graph":[{"@type":"WebPage","@id":"https:\/\/oradea.ro\/hu\/polgarok-szamara\/a-polgaroknak\/oktatas\/","url":"https:\/\/oradea.ro\/hu\/polgarok-szamara\/a-polgaroknak\/oktatas\/","name":"Oktat\u00e1s - Oradea.ro","isPartOf":{"@id":"https:\/\/oradea.ro\/#website"},"primaryImageOfPage":{"@id":"https:\/\/oradea.ro\/hu\/polgarok-szamara\/a-polgaroknak\/oktatas\/#primaryimage"},"image":{"@id":"https:\/\/oradea.ro\/hu\/polgarok-szamara\/a-polgaroknak\/oktatas\/#primaryimage"},"thumbnailUrl":"https:\/\/oradea.ro\/wp-content\/uploads\/2023\/10\/home_hero_slide_2-scaled.webp","datePublished":"2023-09-12T06:55:21+00:00","dateModified":"2023-12-11T07:45:22+00:00","breadcrumb":{"@id":"https:\/\/oradea.ro\/hu\/polgarok-szamara\/a-polgaroknak\/oktatas\/#breadcrumb"},"inLanguage":"hu","potentialAction":[{"@type":"ReadAction","target":["https:\/\/oradea.ro\/hu\/polgarok-szamara\/a-polgaroknak\/oktatas\/"]}]},{"@type":"ImageObject","inLanguage":"hu","@id":"https:\/\/oradea.ro\/hu\/polgarok-szamara\/a-polgaroknak\/oktatas\/#primaryimage","url":"https:\/\/oradea.ro\/wp-content\/uploads\/2023\/10\/home_hero_slide_2-scaled.webp","contentUrl":"https:\/\/oradea.ro\/wp-content\/uploads\/2023\/10\/home_hero_slide_2-scaled.webp","width":2560,"height":1707},{"@type":"BreadcrumbList","@id":"https:\/\/oradea.ro\/hu\/polgarok-szamara\/a-polgaroknak\/oktatas\/#breadcrumb","itemListElement":[{"@type":"ListItem","position":1,"name":"","item":"https:\/\/oradea.ro\/hu\/"},{"@type":"ListItem","position":2,"name":"Polg\u00e1rok sz\u00e1m\u00e1ra","item":"https:\/\/oradea.ro\/hu\/polgarok-szamara\/"},{"@type":"ListItem","position":3,"name":"A polg\u00e1roknak","item":"https:\/\/oradea.ro\/en\/for-citizens\/for-the-community\/"},{"@type":"ListItem","position":4,"name":"Oktat\u00e1s"}]},{"@type":"WebSite","@id":"https:\/\/oradea.ro\/#website","url":"https:\/\/oradea.ro\/","name":"Oradea.ro","description":"Site-ul oficial al Prim\u0103riei Municipiului Oradea","publisher":{"@id":"https:\/\/oradea.ro\/#organization"},"potentialAction":[{"@type":"SearchAction","target":{"@type":"EntryPoint","urlTemplate":"https:\/\/oradea.ro\/?s={search_term_string}"},"query-input":{"@type":"PropertyValueSpecification","valueRequired":true,"valueName":"search_term_string"}}],"inLanguage":"hu"},{"@type":"Organization","@id":"https:\/\/oradea.ro\/#organization","name":"Oradea.ro","url":"https:\/\/oradea.ro\/","logo":{"@type":"ImageObject","inLanguage":"hu","@id":"https:\/\/oradea.ro\/#\/schema\/logo\/image\/","url":"https:\/\/oradea.ro\/wp-content\/uploads\/2023\/06\/footer_logo.svg","contentUrl":"https:\/\/oradea.ro\/wp-content\/uploads\/2023\/06\/footer_logo.svg","width":218,"height":53,"caption":"Oradea.ro"},"image":{"@id":"https:\/\/oradea.ro\/#\/schema\/logo\/image\/"}}]}},"publishpress_future_action":{"enabled":false,"date":"2026-05-01 06:48:27","action":"change-status","newStatus":"draft","terms":[],"taxonomy":"translation_priority","extraData":[]},"publishpress_future_workflow_manual_trigger":{"enabledWorkflows":[]},"_links":{"self":[{"href":"https:\/\/oradea.ro\/hu\/wp-json\/wp\/v2\/pages\/102877","targetHints":{"allow":["GET"]}}],"collection":[{"href":"https:\/\/oradea.ro\/hu\/wp-json\/wp\/v2\/pages"}],"about":[{"href":"https:\/\/oradea.ro\/hu\/wp-json\/wp\/v2\/types\/page"}],"author":[{"embeddable":true,"href":"https:\/\/oradea.ro\/hu\/wp-json\/wp\/v2\/users\/1"}],"replies":[{"embeddable":true,"href":"https:\/\/oradea.ro\/hu\/wp-json\/wp\/v2\/comments?post=102877"}],"version-history":[{"count":7,"href":"https:\/\/oradea.ro\/hu\/wp-json\/wp\/v2\/pages\/102877\/revisions"}],"predecessor-version":[{"id":103094,"href":"https:\/\/oradea.ro\/hu\/wp-json\/wp\/v2\/pages\/102877\/revisions\/103094"}],"up":[{"embeddable":true,"href":"https:\/\/oradea.ro\/hu\/wp-json\/wp\/v2\/pages\/103087"}],"wp:featuredmedia":[{"embeddable":true,"href":"https:\/\/oradea.ro\/hu\/wp-json\/wp\/v2\/media\/16991"}],"wp:attachment":[{"href":"https:\/\/oradea.ro\/hu\/wp-json\/wp\/v2\/media?parent=102877"}],"curies":[{"name":"wp","href":"https:\/\/api.w.org\/{rel}","templated":true}]}}