{"id":102885,"date":"2023-10-09T11:40:45","date_gmt":"2023-10-09T09:40:45","guid":{"rendered":"https:\/\/oradea.ro\/bicikliutak\/"},"modified":"2024-01-24T08:56:50","modified_gmt":"2024-01-24T08:56:50","slug":"bicikliutak","status":"publish","type":"page","link":"https:\/\/oradea.ro\/hu\/polgarok-szamara\/a-polgaroknak\/varosi-kozlekedes\/bicikliutak\/","title":{"rendered":"Bicikliutak"},"content":{"rendered":"<div class=\"min-w-[100vw] h-[350px] md:h-[500px] ml-[calc(50%-50vw)] flex items-end bg-no-repeat bg-white bg-cover bg-center px-5\" style=\"background-image: url(https:\/\/oradea.ro\/wp-content\/uploads\/2023\/11\/biciclete-scaled-e1699969180388.jpg);\">\r\n                    <div class=\"w-full max-w-7xl mx-auto mb-6\">\r\n                        <h1 class=\"my-0 text-white font-extrabold font-open-sans text-3xl md:text-6xl [text-shadow:_0_1px_4px_rgb(0_0_0_\/_50%)]\">Bicikliutak<\/h1>\r\n                    <\/div>\r\n                <\/div><div class=\"!px-5\"><div class=\"breadcrumbs w-full max-w-7xl mx-auto grid md:flex flex-wrap items-center py-4 test\"><div><a href=\"https:\/\/oradea.ro\/hu\/\"><span class=\"fas fa-home text-[#ABAEB3]\"><\/span><\/a><span class=\"md:hidden\"><span class=\"fas fa-chevron-down mx-5 text-xs text-[#ABAEB3] hover:text-black\/50 transition-all\"><\/span><\/span><span class=\"hidden md:inline\"><span class=\"fas fa-chevron-right mx-5 text-xs text-[#ABAEB3] hover:text-black\/50 transition-all\"><\/span><\/span><\/div><span class=\"font-poppins font-semibold uppercase text-black\/60\">Bicikliutak<\/span><\/div><\/div>\t\t<div data-elementor-type=\"wp-page\" data-elementor-id=\"102885\" class=\"elementor elementor-102885 elementor-16838\" data-elementor-post-type=\"page\">\n\t\t\t\t<div class=\"elementor-element elementor-element-120b500 e-flex e-con-boxed wpr-particle-no wpr-jarallax-no wpr-parallax-no wpr-sticky-section-no e-con e-parent\" data-id=\"120b500\" data-element_type=\"container\">\n\t\t\t\t\t<div class=\"e-con-inner\">\n\t\t\t\t<div class=\"elementor-element elementor-element-41b82d8 wpr-advanced-accordion-icon-side-box elementor-widget elementor-widget-wpr-advanced-accordion\" data-id=\"41b82d8\" data-element_type=\"widget\" data-settings=\"{&quot;active_item&quot;:0}\" data-widget_type=\"wpr-advanced-accordion.default\">\n\t\t\t\t<div class=\"elementor-widget-container\">\n\t\t\t\t\t\n            <div class=\"wpr-advanced-accordion\" data-accordion-type=\"accordion\" data-active-index=\"0\" data-accordion-trigger=\"click\" data-interaction-speed=\"0.4\">\n\n\t\t\t\n                \n\t\t\t\t\t<div class=\"wpr-accordion-item-wrap\">\n\t\t\t\t\t\t<button class=\"wpr-acc-button\">\n\t\t\t\t\t\t\t<span class=\"wpr-acc-item-title\">\n\t\t\t\t\t\t\t\t\t\t\t\t\t\t\t\t\t<div class=\"wpr-acc-icon-box\">\n\t\t\t\t\t\t\t\t\t\t\t\t\t\t<span class=\"wpr-title-icon\">\n\t\t\t\t\t<i aria-hidden=\"true\" class=\"fas fa-info\"><\/i>\t\t\t\t<\/span>\n\t\t\t\t\t\t\t\t\t\t\t\t<\/div>\n\t\t\t\t\t\t\t\t\n\t\t\t\t\t\t\t\t<span class=\"wpr-acc-title-text\">Bicikliutak<\/span>\n\t\t\t\t\t\t\t<\/span>\n\t\t\t\t\t\t\t\t\t\t\t<span class=\"wpr-toggle-icon wpr-ti-close\"><i aria-hidden=\"true\" class=\"fas fa-plus\"><\/i><\/span>\n\t\t\t\t<span class=\"wpr-toggle-icon wpr-ti-open\"><i aria-hidden=\"true\" class=\"fas fa-minus\"><\/i><\/span>\n\t\t\t\t\t\t\t\t\t<\/button>\n\n\t\t\t\t\t\t<div class=\"wpr-acc-panel\">\n\t\t\t\t\t\t\t\t\t\t\t\t\t\t\t<div class=\"wpr-acc-panel-content\"><p><span style=\"font-weight: 400;\">Nagyv\u00e1rad jelenleg 75,6 kilom\u00e9ternyi ker\u00e9kp\u00e1r\u00fat-h\u00e1l\u00f3zattal rendelkezik. <\/span><\/p><p><span style=\"font-weight: 400;\">A ker\u00e9kp\u00e1rs\u00e1vok h\u00e1l\u00f3zata folyamatos fejleszt\u00e9s alatt \u00e1ll, a nagyv\u00e1radi v\u00e1rosh\u00e1za terve az, hogy minden nagyobb k\u00f6z\u00fati terv keret\u00e9n bel\u00fcl meghat\u00e1rozott \u00e9s felfestett ker\u00e9kp\u00e1rs\u00e1vokat alak\u00edtsanak ki az utak ment\u00e9n. <\/span><\/p><p><b>A ker\u00e9kp\u00e1rutak t\u00e9rk\u00e9pe Nagyv\u00e1radon: <\/b><\/p><p><a href=\"http:\/\/harta.oradea.ro\/hartagispublic\/\"><b>http:\/\/harta.oradea.ro\/hartagispublic\/<\/b><\/a><\/p><p><a href=\"https:\/\/www.google.com\/maps\/d\/u\/0\/viewer?mid=1mZITGTX6h6lOI_t5vKVCD8wvBaN8vLY&amp;femb=1&amp;ll=47.06123647900993%2C21.904481&amp;z=12\"><b>https:\/\/www.google.com\/maps\/d\/u\/0\/viewer?mid=1mZITGTX6h6lOI_t5vKVCD8wvBaN8vLY&amp;femb=1&amp;ll=47.06123647900993%2C21.904481&amp;z=12<\/b><\/a><\/p><p> <\/p><p><iframe src=\"https:\/\/www.google.com\/maps\/d\/embed?mid=1mZITGTX6h6lOI_t5vKVCD8wvBaN8vLY&amp;ehbc=2E312F\" width=\"640\" height=\"480\"><\/iframe><\/p><\/div>\n\t\t\t\t\t\t\t\t\t\t\t\t\t<\/div>\n                    <\/div>\n\n                            <\/div>\n        \t\t\t\t<\/div>\n\t\t\t\t<\/div>\n\t\t\t\t\t<\/div>\n\t\t\t\t<\/div>\n\t\t\t\t<\/div>\n\t\t","protected":false},"excerpt":{"rendered":"<p>Bicikliutak Bicikliutak Bicikliutak Nagyv\u00e1rad jelenleg 75,6 kilom\u00e9ternyi ker\u00e9kp\u00e1r\u00fat-h\u00e1l\u00f3zattal rendelkezik. A ker\u00e9kp\u00e1rs\u00e1vok h\u00e1l\u00f3zata folyamatos fejleszt\u00e9s alatt \u00e1ll, a nagyv\u00e1radi v\u00e1rosh\u00e1za terve az, hogy minden nagyobb k\u00f6z\u00fati terv keret\u00e9n bel\u00fcl meghat\u00e1rozott \u00e9s felfestett ker\u00e9kp\u00e1rs\u00e1vokat alak\u00edtsanak ki az utak ment\u00e9n. A ker\u00e9kp\u00e1rutak t\u00e9rk\u00e9pe Nagyv\u00e1radon: http:\/\/harta.oradea.ro\/hartagispublic\/ https:\/\/www.google.com\/maps\/d\/u\/0\/viewer?mid=1mZITGTX6h6lOI_t5vKVCD8wvBaN8vLY&amp;femb=1&amp;ll=47.06123647900993%2C21.904481&amp;z=12<\/p>\n","protected":false},"author":1,"featured_media":41067,"parent":184972,"menu_order":0,"comment_status":"closed","ping_status":"closed","template":"","meta":{"_acf_changed":false,"ep_exclude_from_search":false,"footnotes":""},"class_list":["post-102885","page","type-page","status-publish","has-post-thumbnail","hentry"],"acf":[],"yoast_head":"<!-- This site is optimized with the Yoast SEO plugin v26.6 - https:\/\/yoast.com\/wordpress\/plugins\/seo\/ -->\n<title>Bicikliutak - Oradea.ro<\/title>\n<meta name=\"robots\" content=\"index, follow, max-snippet:-1, max-image-preview:large, max-video-preview:-1\" \/>\n<link rel=\"canonical\" href=\"https:\/\/oradea.ro\/hu\/polgarok-szamara\/a-polgaroknak\/varosi-kozlekedes\/bicikliutak\/\" \/>\n<meta property=\"og:locale\" content=\"hu_HU\" \/>\n<meta property=\"og:type\" content=\"article\" \/>\n<meta property=\"og:title\" content=\"Bicikliutak - Oradea.ro\" \/>\n<meta property=\"og:description\" content=\"Bicikliutak Bicikliutak Bicikliutak Nagyv\u00e1rad jelenleg 75,6 kilom\u00e9ternyi ker\u00e9kp\u00e1r\u00fat-h\u00e1l\u00f3zattal rendelkezik. A ker\u00e9kp\u00e1rs\u00e1vok h\u00e1l\u00f3zata folyamatos fejleszt\u00e9s alatt \u00e1ll, a nagyv\u00e1radi v\u00e1rosh\u00e1za terve az, hogy minden nagyobb k\u00f6z\u00fati terv keret\u00e9n bel\u00fcl meghat\u00e1rozott \u00e9s felfestett ker\u00e9kp\u00e1rs\u00e1vokat alak\u00edtsanak ki az utak ment\u00e9n. A ker\u00e9kp\u00e1rutak t\u00e9rk\u00e9pe Nagyv\u00e1radon: http:\/\/harta.oradea.ro\/hartagispublic\/ https:\/\/www.google.com\/maps\/d\/u\/0\/viewer?mid=1mZITGTX6h6lOI_t5vKVCD8wvBaN8vLY&amp;femb=1&amp;ll=47.06123647900993%2C21.904481&amp;z=12\" \/>\n<meta property=\"og:url\" content=\"https:\/\/oradea.ro\/hu\/polgarok-szamara\/a-polgaroknak\/varosi-kozlekedes\/bicikliutak\/\" \/>\n<meta property=\"og:site_name\" content=\"Oradea.ro\" \/>\n<meta property=\"article:modified_time\" content=\"2024-01-24T08:56:50+00:00\" \/>\n<meta property=\"og:image\" content=\"https:\/\/oradea.ro\/wp-content\/uploads\/2023\/11\/biciclete-scaled-e1699969180388.jpg\" \/>\n\t<meta property=\"og:image:width\" content=\"2560\" \/>\n\t<meta property=\"og:image:height\" content=\"1920\" \/>\n\t<meta property=\"og:image:type\" content=\"image\/jpeg\" \/>\n<meta name=\"twitter:card\" content=\"summary_large_image\" \/>\n<script type=\"application\/ld+json\" class=\"yoast-schema-graph\">{\"@context\":\"https:\/\/schema.org\",\"@graph\":[{\"@type\":\"WebPage\",\"@id\":\"https:\/\/oradea.ro\/hu\/polgarok-szamara\/a-polgaroknak\/varosi-kozlekedes\/bicikliutak\/\",\"url\":\"https:\/\/oradea.ro\/hu\/polgarok-szamara\/a-polgaroknak\/varosi-kozlekedes\/bicikliutak\/\",\"name\":\"Bicikliutak - Oradea.ro\",\"isPartOf\":{\"@id\":\"https:\/\/oradea.ro\/#website\"},\"primaryImageOfPage\":{\"@id\":\"https:\/\/oradea.ro\/hu\/polgarok-szamara\/a-polgaroknak\/varosi-kozlekedes\/bicikliutak\/#primaryimage\"},\"image\":{\"@id\":\"https:\/\/oradea.ro\/hu\/polgarok-szamara\/a-polgaroknak\/varosi-kozlekedes\/bicikliutak\/#primaryimage\"},\"thumbnailUrl\":\"https:\/\/oradea.ro\/wp-content\/uploads\/2023\/11\/biciclete-scaled-e1699969180388.jpg\",\"datePublished\":\"2023-10-09T09:40:45+00:00\",\"dateModified\":\"2024-01-24T08:56:50+00:00\",\"breadcrumb\":{\"@id\":\"https:\/\/oradea.ro\/hu\/polgarok-szamara\/a-polgaroknak\/varosi-kozlekedes\/bicikliutak\/#breadcrumb\"},\"inLanguage\":\"hu\",\"potentialAction\":[{\"@type\":\"ReadAction\",\"target\":[\"https:\/\/oradea.ro\/hu\/polgarok-szamara\/a-polgaroknak\/varosi-kozlekedes\/bicikliutak\/\"]}]},{\"@type\":\"ImageObject\",\"inLanguage\":\"hu\",\"@id\":\"https:\/\/oradea.ro\/hu\/polgarok-szamara\/a-polgaroknak\/varosi-kozlekedes\/bicikliutak\/#primaryimage\",\"url\":\"https:\/\/oradea.ro\/wp-content\/uploads\/2023\/11\/biciclete-scaled-e1699969180388.jpg\",\"contentUrl\":\"https:\/\/oradea.ro\/wp-content\/uploads\/2023\/11\/biciclete-scaled-e1699969180388.jpg\",\"width\":2560,\"height\":1920},{\"@type\":\"BreadcrumbList\",\"@id\":\"https:\/\/oradea.ro\/hu\/polgarok-szamara\/a-polgaroknak\/varosi-kozlekedes\/bicikliutak\/#breadcrumb\",\"itemListElement\":[{\"@type\":\"ListItem\",\"position\":1,\"name\":\"\",\"item\":\"https:\/\/oradea.ro\/hu\/\"},{\"@type\":\"ListItem\",\"position\":2,\"name\":\"Polg\u00e1rok sz\u00e1m\u00e1ra\",\"item\":\"https:\/\/oradea.ro\/hu\/polgarok-szamara\/\"},{\"@type\":\"ListItem\",\"position\":3,\"name\":\"A polg\u00e1roknak\",\"item\":\"https:\/\/oradea.ro\/en\/for-citizens\/for-the-community\/\"},{\"@type\":\"ListItem\",\"position\":4,\"name\":\"V\u00e1rosi k\u00f6zleked\u00e9s\",\"item\":\"https:\/\/oradea.ro\/hu\/polgarok-szamara\/a-polgaroknak\/varosi-kozlekedes\/\"},{\"@type\":\"ListItem\",\"position\":5,\"name\":\"Bicikliutak\"}]},{\"@type\":\"WebSite\",\"@id\":\"https:\/\/oradea.ro\/#website\",\"url\":\"https:\/\/oradea.ro\/\",\"name\":\"Oradea.ro\",\"description\":\"Site-ul oficial al Prim\u0103riei Municipiului Oradea\",\"publisher\":{\"@id\":\"https:\/\/oradea.ro\/#organization\"},\"potentialAction\":[{\"@type\":\"SearchAction\",\"target\":{\"@type\":\"EntryPoint\",\"urlTemplate\":\"https:\/\/oradea.ro\/?s={search_term_string}\"},\"query-input\":{\"@type\":\"PropertyValueSpecification\",\"valueRequired\":true,\"valueName\":\"search_term_string\"}}],\"inLanguage\":\"hu\"},{\"@type\":\"Organization\",\"@id\":\"https:\/\/oradea.ro\/#organization\",\"name\":\"Oradea.ro\",\"url\":\"https:\/\/oradea.ro\/\",\"logo\":{\"@type\":\"ImageObject\",\"inLanguage\":\"hu\",\"@id\":\"https:\/\/oradea.ro\/#\/schema\/logo\/image\/\",\"url\":\"https:\/\/oradea.ro\/wp-content\/uploads\/2023\/06\/footer_logo.svg\",\"contentUrl\":\"https:\/\/oradea.ro\/wp-content\/uploads\/2023\/06\/footer_logo.svg\",\"width\":218,\"height\":53,\"caption\":\"Oradea.ro\"},\"image\":{\"@id\":\"https:\/\/oradea.ro\/#\/schema\/logo\/image\/\"}}]}<\/script>\n<!-- \/ Yoast SEO plugin. -->","yoast_head_json":{"title":"Bicikliutak - Oradea.ro","robots":{"index":"index","follow":"follow","max-snippet":"max-snippet:-1","max-image-preview":"max-image-preview:large","max-video-preview":"max-video-preview:-1"},"canonical":"https:\/\/oradea.ro\/hu\/polgarok-szamara\/a-polgaroknak\/varosi-kozlekedes\/bicikliutak\/","og_locale":"hu_HU","og_type":"article","og_title":"Bicikliutak - Oradea.ro","og_description":"Bicikliutak Bicikliutak Bicikliutak Nagyv\u00e1rad jelenleg 75,6 kilom\u00e9ternyi ker\u00e9kp\u00e1r\u00fat-h\u00e1l\u00f3zattal rendelkezik. A ker\u00e9kp\u00e1rs\u00e1vok h\u00e1l\u00f3zata folyamatos fejleszt\u00e9s alatt \u00e1ll, a nagyv\u00e1radi v\u00e1rosh\u00e1za terve az, hogy minden nagyobb k\u00f6z\u00fati terv keret\u00e9n bel\u00fcl meghat\u00e1rozott \u00e9s felfestett ker\u00e9kp\u00e1rs\u00e1vokat alak\u00edtsanak ki az utak ment\u00e9n. A ker\u00e9kp\u00e1rutak t\u00e9rk\u00e9pe Nagyv\u00e1radon: http:\/\/harta.oradea.ro\/hartagispublic\/ https:\/\/www.google.com\/maps\/d\/u\/0\/viewer?mid=1mZITGTX6h6lOI_t5vKVCD8wvBaN8vLY&amp;femb=1&amp;ll=47.06123647900993%2C21.904481&amp;z=12","og_url":"https:\/\/oradea.ro\/hu\/polgarok-szamara\/a-polgaroknak\/varosi-kozlekedes\/bicikliutak\/","og_site_name":"Oradea.ro","article_modified_time":"2024-01-24T08:56:50+00:00","og_image":[{"width":2560,"height":1920,"url":"https:\/\/oradea.ro\/wp-content\/uploads\/2023\/11\/biciclete-scaled-e1699969180388.jpg","type":"image\/jpeg"}],"twitter_card":"summary_large_image","schema":{"@context":"https:\/\/schema.org","@graph":[{"@type":"WebPage","@id":"https:\/\/oradea.ro\/hu\/polgarok-szamara\/a-polgaroknak\/varosi-kozlekedes\/bicikliutak\/","url":"https:\/\/oradea.ro\/hu\/polgarok-szamara\/a-polgaroknak\/varosi-kozlekedes\/bicikliutak\/","name":"Bicikliutak - Oradea.ro","isPartOf":{"@id":"https:\/\/oradea.ro\/#website"},"primaryImageOfPage":{"@id":"https:\/\/oradea.ro\/hu\/polgarok-szamara\/a-polgaroknak\/varosi-kozlekedes\/bicikliutak\/#primaryimage"},"image":{"@id":"https:\/\/oradea.ro\/hu\/polgarok-szamara\/a-polgaroknak\/varosi-kozlekedes\/bicikliutak\/#primaryimage"},"thumbnailUrl":"https:\/\/oradea.ro\/wp-content\/uploads\/2023\/11\/biciclete-scaled-e1699969180388.jpg","datePublished":"2023-10-09T09:40:45+00:00","dateModified":"2024-01-24T08:56:50+00:00","breadcrumb":{"@id":"https:\/\/oradea.ro\/hu\/polgarok-szamara\/a-polgaroknak\/varosi-kozlekedes\/bicikliutak\/#breadcrumb"},"inLanguage":"hu","potentialAction":[{"@type":"ReadAction","target":["https:\/\/oradea.ro\/hu\/polgarok-szamara\/a-polgaroknak\/varosi-kozlekedes\/bicikliutak\/"]}]},{"@type":"ImageObject","inLanguage":"hu","@id":"https:\/\/oradea.ro\/hu\/polgarok-szamara\/a-polgaroknak\/varosi-kozlekedes\/bicikliutak\/#primaryimage","url":"https:\/\/oradea.ro\/wp-content\/uploads\/2023\/11\/biciclete-scaled-e1699969180388.jpg","contentUrl":"https:\/\/oradea.ro\/wp-content\/uploads\/2023\/11\/biciclete-scaled-e1699969180388.jpg","width":2560,"height":1920},{"@type":"BreadcrumbList","@id":"https:\/\/oradea.ro\/hu\/polgarok-szamara\/a-polgaroknak\/varosi-kozlekedes\/bicikliutak\/#breadcrumb","itemListElement":[{"@type":"ListItem","position":1,"name":"","item":"https:\/\/oradea.ro\/hu\/"},{"@type":"ListItem","position":2,"name":"Polg\u00e1rok sz\u00e1m\u00e1ra","item":"https:\/\/oradea.ro\/hu\/polgarok-szamara\/"},{"@type":"ListItem","position":3,"name":"A polg\u00e1roknak","item":"https:\/\/oradea.ro\/en\/for-citizens\/for-the-community\/"},{"@type":"ListItem","position":4,"name":"V\u00e1rosi k\u00f6zleked\u00e9s","item":"https:\/\/oradea.ro\/hu\/polgarok-szamara\/a-polgaroknak\/varosi-kozlekedes\/"},{"@type":"ListItem","position":5,"name":"Bicikliutak"}]},{"@type":"WebSite","@id":"https:\/\/oradea.ro\/#website","url":"https:\/\/oradea.ro\/","name":"Oradea.ro","description":"Site-ul oficial al Prim\u0103riei Municipiului Oradea","publisher":{"@id":"https:\/\/oradea.ro\/#organization"},"potentialAction":[{"@type":"SearchAction","target":{"@type":"EntryPoint","urlTemplate":"https:\/\/oradea.ro\/?s={search_term_string}"},"query-input":{"@type":"PropertyValueSpecification","valueRequired":true,"valueName":"search_term_string"}}],"inLanguage":"hu"},{"@type":"Organization","@id":"https:\/\/oradea.ro\/#organization","name":"Oradea.ro","url":"https:\/\/oradea.ro\/","logo":{"@type":"ImageObject","inLanguage":"hu","@id":"https:\/\/oradea.ro\/#\/schema\/logo\/image\/","url":"https:\/\/oradea.ro\/wp-content\/uploads\/2023\/06\/footer_logo.svg","contentUrl":"https:\/\/oradea.ro\/wp-content\/uploads\/2023\/06\/footer_logo.svg","width":218,"height":53,"caption":"Oradea.ro"},"image":{"@id":"https:\/\/oradea.ro\/#\/schema\/logo\/image\/"}}]}},"publishpress_future_action":{"enabled":false,"date":"2026-04-24 02:29:10","action":"change-status","newStatus":"draft","terms":[],"taxonomy":"translation_priority","extraData":[]},"publishpress_future_workflow_manual_trigger":{"enabledWorkflows":[]},"_links":{"self":[{"href":"https:\/\/oradea.ro\/hu\/wp-json\/wp\/v2\/pages\/102885","targetHints":{"allow":["GET"]}}],"collection":[{"href":"https:\/\/oradea.ro\/hu\/wp-json\/wp\/v2\/pages"}],"about":[{"href":"https:\/\/oradea.ro\/hu\/wp-json\/wp\/v2\/types\/page"}],"author":[{"embeddable":true,"href":"https:\/\/oradea.ro\/hu\/wp-json\/wp\/v2\/users\/1"}],"replies":[{"embeddable":true,"href":"https:\/\/oradea.ro\/hu\/wp-json\/wp\/v2\/comments?post=102885"}],"version-history":[{"count":2,"href":"https:\/\/oradea.ro\/hu\/wp-json\/wp\/v2\/pages\/102885\/revisions"}],"predecessor-version":[{"id":200202,"href":"https:\/\/oradea.ro\/hu\/wp-json\/wp\/v2\/pages\/102885\/revisions\/200202"}],"up":[{"embeddable":true,"href":"https:\/\/oradea.ro\/hu\/wp-json\/wp\/v2\/pages\/184972"}],"wp:featuredmedia":[{"embeddable":true,"href":"https:\/\/oradea.ro\/hu\/wp-json\/wp\/v2\/media\/41067"}],"wp:attachment":[{"href":"https:\/\/oradea.ro\/hu\/wp-json\/wp\/v2\/media?parent=102885"}],"curies":[{"name":"wp","href":"https:\/\/api.w.org\/{rel}","templated":true}]}}