{"id":103087,"date":"2023-09-12T06:55:09","date_gmt":"2023-09-12T04:55:09","guid":{"rendered":"https:\/\/oradea.ro\/a-polgaroknak\/"},"modified":"2023-12-11T07:44:44","modified_gmt":"2023-12-11T07:44:44","slug":"a-polgaroknak","status":"publish","type":"page","link":"https:\/\/oradea.ro\/hu\/polgarok-szamara\/a-polgaroknak\/","title":{"rendered":"A polg\u00e1roknak"},"content":{"rendered":"<div class=\"min-w-[100vw] h-[350px] md:h-[500px] ml-[calc(50%-50vw)] flex items-end bg-no-repeat bg-white bg-cover bg-center px-5\" style=\"background-image: url(https:\/\/oradea.ro\/wp-content\/uploads\/2023\/10\/home_hero_slide_2-scaled.webp);\">\r\n                    <div class=\"w-full max-w-7xl mx-auto mb-6\">\r\n                        <h1 class=\"my-0 text-white font-extrabold font-open-sans text-3xl md:text-6xl [text-shadow:_0_1px_4px_rgb(0_0_0_\/_50%)]\">A polg\u00e1roknak<\/h1>\r\n                    <\/div>\r\n                <\/div><div class=\"!px-5\"><div class=\"breadcrumbs w-full max-w-7xl mx-auto grid md:flex flex-wrap items-center py-4 test\"><div><a href=\"https:\/\/oradea.ro\/hu\/\"><span class=\"fas fa-home text-[#ABAEB3]\"><\/span><\/a><span class=\"md:hidden\"><span class=\"fas fa-chevron-down mx-5 text-xs text-[#ABAEB3] hover:text-black\/50 transition-all\"><\/span><\/span><span class=\"hidden md:inline\"><span class=\"fas fa-chevron-right mx-5 text-xs text-[#ABAEB3] hover:text-black\/50 transition-all\"><\/span><\/span><\/div><span class=\"font-poppins font-semibold uppercase text-black\/60\">A polg\u00e1roknak<\/span><\/div><\/div>\t\t<div data-elementor-type=\"wp-page\" data-elementor-id=\"103087\" class=\"elementor elementor-103087 elementor-8008\" data-elementor-post-type=\"page\">\n\t\t\t\t<div class=\"elementor-element elementor-element-2a67ffe e-flex e-con-boxed wpr-particle-no wpr-jarallax-no wpr-parallax-no wpr-sticky-section-no e-con e-parent\" data-id=\"2a67ffe\" data-element_type=\"container\">\n\t\t\t\t\t<div class=\"e-con-inner\">\n\t\t\t\t<div class=\"elementor-element elementor-element-792eaa1 elementor-widget elementor-widget-heading\" data-id=\"792eaa1\" data-element_type=\"widget\" data-widget_type=\"heading.default\">\n\t\t\t\t<div class=\"elementor-widget-container\">\n\t\t\t\t\t<h2 class=\"elementor-heading-title elementor-size-default\">A polg\u00e1roknak<\/h2>\t\t\t\t<\/div>\n\t\t\t\t<\/div>\n\t\t<div class=\"elementor-element elementor-element-30126ec e-con-full e-flex wpr-particle-no wpr-jarallax-no wpr-parallax-no wpr-sticky-section-no e-con e-parent\" data-id=\"30126ec\" data-element_type=\"container\">\n\t\t<a class=\"elementor-element elementor-element-04d8ae9 e-con-full e-flex wpr-particle-no wpr-jarallax-no wpr-parallax-no wpr-sticky-section-no e-con e-parent\" data-id=\"04d8ae9\" data-element_type=\"container\" href=\"https:\/\/oradea.ro\/hu\/oktatas\/\">\n\t\t\t\t<div class=\"elementor-element elementor-element-caef9df elementor-widget elementor-widget-heading\" data-id=\"caef9df\" data-element_type=\"widget\" data-widget_type=\"heading.default\">\n\t\t\t\t<div class=\"elementor-widget-container\">\n\t\t\t\t\t<h2 class=\"elementor-heading-title elementor-size-default\">Oktat\u00e1s<\/h2>\t\t\t\t<\/div>\n\t\t\t\t<\/div>\n\t\t\t\t<div class=\"elementor-element elementor-element-86b46a6 elementor-widget elementor-widget-text-editor\" data-id=\"86b46a6\" data-element_type=\"widget\" data-widget_type=\"text-editor.default\">\n\t\t\t\t<div class=\"elementor-widget-container\">\n\t\t\t\t\t\t\t\t\t<p>Felel\u0151s int\u00e9zm\u00e9nyek, b\u00f6lcs\u00f6d\u00e9k, \u00f3vod\u00e1k, iskol\u00e1k, egyetemi oktat\u00e1s<\/p>\n\t\t\t\t\t\t\t\t<\/div>\n\t\t\t\t<\/div>\n\t\t\t\t<\/a>\n\t\t<a class=\"elementor-element elementor-element-6ea03d4 e-con-full e-flex wpr-particle-no wpr-jarallax-no wpr-parallax-no wpr-sticky-section-no e-con e-parent\" data-id=\"6ea03d4\" data-element_type=\"container\" href=\"https:\/\/oradea.ro\/pentru-cetateni\/pentru-comunitate\/sport\/\">\n\t\t\t\t<div class=\"elementor-element elementor-element-730cfba elementor-widget elementor-widget-heading\" data-id=\"730cfba\" data-element_type=\"widget\" data-widget_type=\"heading.default\">\n\t\t\t\t<div class=\"elementor-widget-container\">\n\t\t\t\t\t<h2 class=\"elementor-heading-title elementor-size-default\">SPORT<\/h2>\t\t\t\t<\/div>\n\t\t\t\t<\/div>\n\t\t\t\t<div class=\"elementor-element elementor-element-5a03ec9 elementor-widget elementor-widget-text-editor\" data-id=\"5a03ec9\" data-element_type=\"widget\" data-widget_type=\"text-editor.default\">\n\t\t\t\t<div class=\"elementor-widget-container\">\n\t\t\t\t\t\t\t\t\t<p>Sportklubok: Nagyv\u00e1radi CSM, Bihar FC, Nagyv\u00e1radi Cri\u015ful Sportklub, CSU; sportl\u00e9tes\u00edtm\u00e9nyek, stb.<\/p>\n\t\t\t\t\t\t\t\t<\/div>\n\t\t\t\t<\/div>\n\t\t\t\t<\/a>\n\t\t<a class=\"elementor-element elementor-element-cb939c9 e-con-full e-flex wpr-particle-no wpr-jarallax-no wpr-parallax-no wpr-sticky-section-no e-con e-parent\" data-id=\"cb939c9\" data-element_type=\"container\" href=\"https:\/\/oradea.ro\/pentru-cetateni\/pentru-comunitate\/sanatate\/\">\n\t\t\t\t<div class=\"elementor-element elementor-element-fb0320f elementor-widget elementor-widget-heading\" data-id=\"fb0320f\" data-element_type=\"widget\" data-widget_type=\"heading.default\">\n\t\t\t\t<div class=\"elementor-widget-container\">\n\t\t\t\t\t<h2 class=\"elementor-heading-title elementor-size-default\">EG\u00c9SZS\u00c9G\u00dcGY<\/h2>\t\t\t\t<\/div>\n\t\t\t\t<\/div>\n\t\t\t\t<div class=\"elementor-element elementor-element-d667ee6 elementor-widget elementor-widget-text-editor\" data-id=\"d667ee6\" data-element_type=\"widget\" data-widget_type=\"text-editor.default\">\n\t\t\t\t<div class=\"elementor-widget-container\">\n\t\t\t\t\t\t\t\t\t<p>K\u00f3rh\u00e1zak, h\u00e1ziorvosok, \u00fcgyeleti k\u00f6zpontok, orvosi vizsg\u00e1latok, egy\u00e9b int\u00e9zm\u00e9nyek<\/p>\n\t\t\t\t\t\t\t\t<\/div>\n\t\t\t\t<\/div>\n\t\t\t\t<\/a>\n\t\t<a class=\"elementor-element elementor-element-16fcda4 e-con-full e-flex wpr-particle-no wpr-jarallax-no wpr-parallax-no wpr-sticky-section-no e-con e-parent\" data-id=\"16fcda4\" data-element_type=\"container\" href=\"https:\/\/oradea.ro\/pentru-cetateni\/pentru-comunitate\/social\/\">\n\t\t\t\t<div class=\"elementor-element elementor-element-fa1bc42 elementor-widget elementor-widget-heading\" data-id=\"fa1bc42\" data-element_type=\"widget\" data-widget_type=\"heading.default\">\n\t\t\t\t<div class=\"elementor-widget-container\">\n\t\t\t\t\t<h2 class=\"elementor-heading-title elementor-size-default\">SZOCI\u00c1LIS \u00fcgyek<\/h2>\t\t\t\t<\/div>\n\t\t\t\t<\/div>\n\t\t\t\t<div class=\"elementor-element elementor-element-d80d012 elementor-widget__width-initial elementor-widget elementor-widget-text-editor\" data-id=\"d80d012\" data-element_type=\"widget\" data-widget_type=\"text-editor.default\">\n\t\t\t\t<div class=\"elementor-widget-container\">\n\t\t\t\t\t\t\t\t\t<p>Nagyv\u00e1radi Szoci\u00e1lis \u00e9s K\u00f6z\u00f6ss\u00e9gi \u00dcgyek Hivatala (DASO), nagyv\u00e1radi szoci\u00e1lis k\u00f6zpontok, szoci\u00e1lis ell\u00e1t\u00e1sok \u00e9s szolg\u00e1ltat\u00f3k<\/p>\n\t\t\t\t\t\t\t\t<\/div>\n\t\t\t\t<\/div>\n\t\t\t\t<\/a>\n\t\t\t\t<\/div>\n\t\t<div class=\"elementor-element elementor-element-4894010 e-con-full e-flex wpr-particle-no wpr-jarallax-no wpr-parallax-no wpr-sticky-section-no e-con e-parent\" data-id=\"4894010\" data-element_type=\"container\">\n\t\t<a class=\"elementor-element elementor-element-7a57d0e e-con-full e-flex wpr-particle-no wpr-jarallax-no wpr-parallax-no wpr-sticky-section-no e-con e-parent\" data-id=\"7a57d0e\" data-element_type=\"container\" href=\"https:\/\/oradea.ro\/pentru-cetateni\/pentru-comunitate\/strand\/\">\n\t\t\t\t<div class=\"elementor-element elementor-element-d16b039 elementor-widget elementor-widget-heading\" data-id=\"d16b039\" data-element_type=\"widget\" data-widget_type=\"heading.default\">\n\t\t\t\t<div class=\"elementor-widget-container\">\n\t\t\t\t\t<h2 class=\"elementor-heading-title elementor-size-default\">Strandok<\/h2>\t\t\t\t<\/div>\n\t\t\t\t<\/div>\n\t\t\t\t<div class=\"elementor-element elementor-element-4ce40ee elementor-widget elementor-widget-text-editor\" data-id=\"4ce40ee\" data-element_type=\"widget\" data-widget_type=\"text-editor.default\">\n\t\t\t\t<div class=\"elementor-widget-container\">\n\t\t\t\t\t\t\t\t\t<p><span style=\"font-weight: 400;\">Nagyv\u00e1radi Nymphaea Aquapark, Nagyv\u00e1rad-\u0150ssi negyed strand<\/span><\/p>\n\t\t\t\t\t\t\t\t<\/div>\n\t\t\t\t<\/div>\n\t\t\t\t<\/a>\n\t\t<a class=\"elementor-element elementor-element-75ce06c e-con-full e-flex wpr-particle-no wpr-jarallax-no wpr-parallax-no wpr-sticky-section-no e-con e-parent\" data-id=\"75ce06c\" data-element_type=\"container\" href=\"https:\/\/oradea.ro\/pentru-cetateni\/pentru-comunitate\/mobilitate-urbana\/\">\n\t\t\t\t<div class=\"elementor-element elementor-element-b88c89e elementor-widget elementor-widget-heading\" data-id=\"b88c89e\" data-element_type=\"widget\" data-widget_type=\"heading.default\">\n\t\t\t\t<div class=\"elementor-widget-container\">\n\t\t\t\t\t<h2 class=\"elementor-heading-title elementor-size-default\">V\u00e1rosi MOBILIT\u00c1S<\/h2>\t\t\t\t<\/div>\n\t\t\t\t<\/div>\n\t\t\t\t<div class=\"elementor-element elementor-element-3506793 elementor-widget elementor-widget-text-editor\" data-id=\"3506793\" data-element_type=\"widget\" data-widget_type=\"text-editor.default\">\n\t\t\t\t<div class=\"elementor-widget-container\">\n\t\t\t\t\t\t\t\t\t<p><span style=\"font-weight: 400;\">K\u00f6zutak, t\u00f6megk\u00f6zleked\u00e9s, ker\u00e9kp\u00e1rutak, taxi \u00e9s fuvarmegoszt\u00e1s<\/span><\/p>\n\t\t\t\t\t\t\t\t<\/div>\n\t\t\t\t<\/div>\n\t\t\t\t<\/a>\n\t\t<a class=\"elementor-element elementor-element-71910d7 e-con-full e-flex wpr-particle-no wpr-jarallax-no wpr-parallax-no wpr-sticky-section-no e-con e-parent\" data-id=\"71910d7\" data-element_type=\"container\" href=\"https:\/\/oradea.ro\/pentru-cetateni\/pentru-comunitate\/piete\/\">\n\t\t\t\t<div class=\"elementor-element elementor-element-f58ee07 elementor-widget elementor-widget-heading\" data-id=\"f58ee07\" data-element_type=\"widget\" data-widget_type=\"heading.default\">\n\t\t\t\t<div class=\"elementor-widget-container\">\n\t\t\t\t\t<h2 class=\"elementor-heading-title elementor-size-default\">Piacok<\/h2>\t\t\t\t<\/div>\n\t\t\t\t<\/div>\n\t\t\t\t<div class=\"elementor-element elementor-element-ad81f6d elementor-widget elementor-widget-text-editor\" data-id=\"ad81f6d\" data-element_type=\"widget\" data-widget_type=\"text-editor.default\">\n\t\t\t\t<div class=\"elementor-widget-container\">\n\t\t\t\t\t\t\t\t\t<p><span style=\"font-weight: 400;\">Rog\u00e9riusz, V\u00e1r piac, Decebal,100-as \u00f3cska piac, mozg\u00f3 piacok <\/span><\/p>\n\t\t\t\t\t\t\t\t<\/div>\n\t\t\t\t<\/div>\n\t\t\t\t<\/a>\n\t\t<a class=\"elementor-element elementor-element-0a479b1 e-con-full e-flex wpr-particle-no wpr-jarallax-no wpr-parallax-no wpr-sticky-section-no e-con e-parent\" data-id=\"0a479b1\" data-element_type=\"container\" href=\"https:\/\/oradea.ro\/hu\/temetok\/\">\n\t\t\t\t<div class=\"elementor-element elementor-element-5565a35 elementor-widget elementor-widget-heading\" data-id=\"5565a35\" data-element_type=\"widget\" data-widget_type=\"heading.default\">\n\t\t\t\t<div class=\"elementor-widget-container\">\n\t\t\t\t\t<h2 class=\"elementor-heading-title elementor-size-default\">TEMET\u0150<\/h2>\t\t\t\t<\/div>\n\t\t\t\t<\/div>\n\t\t\t\t<div class=\"elementor-element elementor-element-0412933 elementor-widget elementor-widget-text-editor\" data-id=\"0412933\" data-element_type=\"widget\" data-widget_type=\"text-editor.default\">\n\t\t\t\t<div class=\"elementor-widget-container\">\n\t\t\t\t\t\t\t\t\t<p><span style=\"font-weight: 400;\">Nagyv\u00e1radi Rulikowski temet\u0151<\/span><\/p>\n\t\t\t\t\t\t\t\t<\/div>\n\t\t\t\t<\/div>\n\t\t\t\t<\/a>\n\t\t\t\t<\/div>\n\t\t\t\t\t<\/div>\n\t\t\t\t<\/div>\n\t\t\t\t<\/div>\n\t\t","protected":false},"excerpt":{"rendered":"<p>A polg\u00e1roknak A polg\u00e1roknak A polg\u00e1roknak Oktat\u00e1s Felel\u0151s int\u00e9zm\u00e9nyek, b\u00f6lcs\u00f6d\u00e9k, \u00f3vod\u00e1k, iskol\u00e1k, egyetemi oktat\u00e1s SPORT Sportklubok: Nagyv\u00e1radi CSM, Bihar FC, Nagyv\u00e1radi Cri\u015ful Sportklub, CSU; sportl\u00e9tes\u00edtm\u00e9nyek, stb. EG\u00c9SZS\u00c9G\u00dcGY K\u00f3rh\u00e1zak, h\u00e1ziorvosok, \u00fcgyeleti k\u00f6zpontok, orvosi vizsg\u00e1latok, egy\u00e9b int\u00e9zm\u00e9nyek SZOCI\u00c1LIS \u00fcgyek Nagyv\u00e1radi Szoci\u00e1lis \u00e9s K\u00f6z\u00f6ss\u00e9gi \u00dcgyek Hivatala (DASO), nagyv\u00e1radi szoci\u00e1lis k\u00f6zpontok, szoci\u00e1lis ell\u00e1t\u00e1sok \u00e9s szolg\u00e1ltat\u00f3k Strandok Nagyv\u00e1radi Nymphaea Aquapark, Nagyv\u00e1rad-\u0150ssi negyed strand V\u00e1rosi MOBILIT\u00c1S K\u00f6zutak, t\u00f6megk\u00f6zleked\u00e9s, ker\u00e9kp\u00e1rutak, taxi \u00e9s fuvarmegoszt\u00e1s Piacok Rog\u00e9riusz, V\u00e1r piac, Decebal,100-as \u00f3cska piac, mozg\u00f3 piacok TEMET\u0150 Nagyv\u00e1radi Rulikowski temet\u0151<\/p>\n","protected":false},"author":1,"featured_media":16991,"parent":187221,"menu_order":0,"comment_status":"closed","ping_status":"closed","template":"","meta":{"_acf_changed":false,"ep_exclude_from_search":false,"footnotes":""},"class_list":["post-103087","page","type-page","status-publish","has-post-thumbnail","hentry"],"acf":[],"yoast_head":"<!-- This site is optimized with the Yoast SEO plugin v26.6 - https:\/\/yoast.com\/wordpress\/plugins\/seo\/ -->\n<title>A polg\u00e1roknak - Oradea.ro<\/title>\n<meta name=\"robots\" content=\"index, follow, max-snippet:-1, max-image-preview:large, max-video-preview:-1\" \/>\n<link rel=\"canonical\" href=\"https:\/\/oradea.ro\/en\/for-citizens\/for-the-community\/\" \/>\n<meta property=\"og:locale\" content=\"hu_HU\" \/>\n<meta property=\"og:type\" content=\"article\" \/>\n<meta property=\"og:title\" content=\"A polg\u00e1roknak - Oradea.ro\" \/>\n<meta property=\"og:description\" content=\"A polg\u00e1roknak A polg\u00e1roknak A polg\u00e1roknak Oktat\u00e1s Felel\u0151s int\u00e9zm\u00e9nyek, b\u00f6lcs\u00f6d\u00e9k, \u00f3vod\u00e1k, iskol\u00e1k, egyetemi oktat\u00e1s SPORT Sportklubok: Nagyv\u00e1radi CSM, Bihar FC, Nagyv\u00e1radi Cri\u015ful Sportklub, CSU; sportl\u00e9tes\u00edtm\u00e9nyek, stb. EG\u00c9SZS\u00c9G\u00dcGY K\u00f3rh\u00e1zak, h\u00e1ziorvosok, \u00fcgyeleti k\u00f6zpontok, orvosi vizsg\u00e1latok, egy\u00e9b int\u00e9zm\u00e9nyek SZOCI\u00c1LIS \u00fcgyek Nagyv\u00e1radi Szoci\u00e1lis \u00e9s K\u00f6z\u00f6ss\u00e9gi \u00dcgyek Hivatala (DASO), nagyv\u00e1radi szoci\u00e1lis k\u00f6zpontok, szoci\u00e1lis ell\u00e1t\u00e1sok \u00e9s szolg\u00e1ltat\u00f3k Strandok Nagyv\u00e1radi Nymphaea Aquapark, Nagyv\u00e1rad-\u0150ssi negyed strand V\u00e1rosi MOBILIT\u00c1S K\u00f6zutak, t\u00f6megk\u00f6zleked\u00e9s, ker\u00e9kp\u00e1rutak, taxi \u00e9s fuvarmegoszt\u00e1s Piacok Rog\u00e9riusz, V\u00e1r piac, Decebal,100-as \u00f3cska piac, mozg\u00f3 piacok TEMET\u0150 Nagyv\u00e1radi Rulikowski temet\u0151\" \/>\n<meta property=\"og:url\" content=\"https:\/\/oradea.ro\/en\/for-citizens\/for-the-community\/\" \/>\n<meta property=\"og:site_name\" content=\"Oradea.ro\" \/>\n<meta property=\"article:modified_time\" content=\"2023-12-11T07:44:44+00:00\" \/>\n<meta property=\"og:image\" content=\"https:\/\/oradea.ro\/wp-content\/uploads\/2023\/10\/home_hero_slide_2-scaled.webp\" \/>\n\t<meta property=\"og:image:width\" content=\"2560\" \/>\n\t<meta property=\"og:image:height\" content=\"1707\" \/>\n\t<meta property=\"og:image:type\" content=\"image\/webp\" \/>\n<meta name=\"twitter:card\" content=\"summary_large_image\" \/>\n<meta name=\"twitter:label1\" content=\"Becs\u00fclt olvas\u00e1si id\u0151\" \/>\n\t<meta name=\"twitter:data1\" content=\"1 perc\" \/>\n<script type=\"application\/ld+json\" class=\"yoast-schema-graph\">{\"@context\":\"https:\/\/schema.org\",\"@graph\":[{\"@type\":\"WebPage\",\"@id\":\"https:\/\/oradea.ro\/en\/for-citizens\/for-the-community\/\",\"url\":\"https:\/\/oradea.ro\/en\/for-citizens\/for-the-community\/\",\"name\":\"A polg\u00e1roknak - Oradea.ro\",\"isPartOf\":{\"@id\":\"https:\/\/oradea.ro\/#website\"},\"primaryImageOfPage\":{\"@id\":\"https:\/\/oradea.ro\/en\/for-citizens\/for-the-community\/#primaryimage\"},\"image\":{\"@id\":\"https:\/\/oradea.ro\/en\/for-citizens\/for-the-community\/#primaryimage\"},\"thumbnailUrl\":\"https:\/\/oradea.ro\/wp-content\/uploads\/2023\/10\/home_hero_slide_2-scaled.webp\",\"datePublished\":\"2023-09-12T04:55:09+00:00\",\"dateModified\":\"2023-12-11T07:44:44+00:00\",\"breadcrumb\":{\"@id\":\"https:\/\/oradea.ro\/en\/for-citizens\/for-the-community\/#breadcrumb\"},\"inLanguage\":\"hu\",\"potentialAction\":[{\"@type\":\"ReadAction\",\"target\":[\"https:\/\/oradea.ro\/en\/for-citizens\/for-the-community\/\"]}]},{\"@type\":\"ImageObject\",\"inLanguage\":\"hu\",\"@id\":\"https:\/\/oradea.ro\/en\/for-citizens\/for-the-community\/#primaryimage\",\"url\":\"https:\/\/oradea.ro\/wp-content\/uploads\/2023\/10\/home_hero_slide_2-scaled.webp\",\"contentUrl\":\"https:\/\/oradea.ro\/wp-content\/uploads\/2023\/10\/home_hero_slide_2-scaled.webp\",\"width\":2560,\"height\":1707},{\"@type\":\"BreadcrumbList\",\"@id\":\"https:\/\/oradea.ro\/en\/for-citizens\/for-the-community\/#breadcrumb\",\"itemListElement\":[{\"@type\":\"ListItem\",\"position\":1,\"name\":\"\",\"item\":\"https:\/\/oradea.ro\/hu\/\"},{\"@type\":\"ListItem\",\"position\":2,\"name\":\"Polg\u00e1rok sz\u00e1m\u00e1ra\",\"item\":\"https:\/\/oradea.ro\/hu\/polgarok-szamara\/\"},{\"@type\":\"ListItem\",\"position\":3,\"name\":\"A polg\u00e1roknak\"}]},{\"@type\":\"WebSite\",\"@id\":\"https:\/\/oradea.ro\/#website\",\"url\":\"https:\/\/oradea.ro\/\",\"name\":\"Oradea.ro\",\"description\":\"Site-ul oficial al Prim\u0103riei Municipiului Oradea\",\"publisher\":{\"@id\":\"https:\/\/oradea.ro\/#organization\"},\"potentialAction\":[{\"@type\":\"SearchAction\",\"target\":{\"@type\":\"EntryPoint\",\"urlTemplate\":\"https:\/\/oradea.ro\/?s={search_term_string}\"},\"query-input\":{\"@type\":\"PropertyValueSpecification\",\"valueRequired\":true,\"valueName\":\"search_term_string\"}}],\"inLanguage\":\"hu\"},{\"@type\":\"Organization\",\"@id\":\"https:\/\/oradea.ro\/#organization\",\"name\":\"Oradea.ro\",\"url\":\"https:\/\/oradea.ro\/\",\"logo\":{\"@type\":\"ImageObject\",\"inLanguage\":\"hu\",\"@id\":\"https:\/\/oradea.ro\/#\/schema\/logo\/image\/\",\"url\":\"https:\/\/oradea.ro\/wp-content\/uploads\/2023\/06\/footer_logo.svg\",\"contentUrl\":\"https:\/\/oradea.ro\/wp-content\/uploads\/2023\/06\/footer_logo.svg\",\"width\":218,\"height\":53,\"caption\":\"Oradea.ro\"},\"image\":{\"@id\":\"https:\/\/oradea.ro\/#\/schema\/logo\/image\/\"}}]}<\/script>\n<!-- \/ Yoast SEO plugin. -->","yoast_head_json":{"title":"A polg\u00e1roknak - Oradea.ro","robots":{"index":"index","follow":"follow","max-snippet":"max-snippet:-1","max-image-preview":"max-image-preview:large","max-video-preview":"max-video-preview:-1"},"canonical":"https:\/\/oradea.ro\/en\/for-citizens\/for-the-community\/","og_locale":"hu_HU","og_type":"article","og_title":"A polg\u00e1roknak - Oradea.ro","og_description":"A polg\u00e1roknak A polg\u00e1roknak A polg\u00e1roknak Oktat\u00e1s Felel\u0151s int\u00e9zm\u00e9nyek, b\u00f6lcs\u00f6d\u00e9k, \u00f3vod\u00e1k, iskol\u00e1k, egyetemi oktat\u00e1s SPORT Sportklubok: Nagyv\u00e1radi CSM, Bihar FC, Nagyv\u00e1radi Cri\u015ful Sportklub, CSU; sportl\u00e9tes\u00edtm\u00e9nyek, stb. EG\u00c9SZS\u00c9G\u00dcGY K\u00f3rh\u00e1zak, h\u00e1ziorvosok, \u00fcgyeleti k\u00f6zpontok, orvosi vizsg\u00e1latok, egy\u00e9b int\u00e9zm\u00e9nyek SZOCI\u00c1LIS \u00fcgyek Nagyv\u00e1radi Szoci\u00e1lis \u00e9s K\u00f6z\u00f6ss\u00e9gi \u00dcgyek Hivatala (DASO), nagyv\u00e1radi szoci\u00e1lis k\u00f6zpontok, szoci\u00e1lis ell\u00e1t\u00e1sok \u00e9s szolg\u00e1ltat\u00f3k Strandok Nagyv\u00e1radi Nymphaea Aquapark, Nagyv\u00e1rad-\u0150ssi negyed strand V\u00e1rosi MOBILIT\u00c1S K\u00f6zutak, t\u00f6megk\u00f6zleked\u00e9s, ker\u00e9kp\u00e1rutak, taxi \u00e9s fuvarmegoszt\u00e1s Piacok Rog\u00e9riusz, V\u00e1r piac, Decebal,100-as \u00f3cska piac, mozg\u00f3 piacok TEMET\u0150 Nagyv\u00e1radi Rulikowski temet\u0151","og_url":"https:\/\/oradea.ro\/en\/for-citizens\/for-the-community\/","og_site_name":"Oradea.ro","article_modified_time":"2023-12-11T07:44:44+00:00","og_image":[{"width":2560,"height":1707,"url":"https:\/\/oradea.ro\/wp-content\/uploads\/2023\/10\/home_hero_slide_2-scaled.webp","type":"image\/webp"}],"twitter_card":"summary_large_image","twitter_misc":{"Becs\u00fclt olvas\u00e1si id\u0151":"1 perc"},"schema":{"@context":"https:\/\/schema.org","@graph":[{"@type":"WebPage","@id":"https:\/\/oradea.ro\/en\/for-citizens\/for-the-community\/","url":"https:\/\/oradea.ro\/en\/for-citizens\/for-the-community\/","name":"A polg\u00e1roknak - Oradea.ro","isPartOf":{"@id":"https:\/\/oradea.ro\/#website"},"primaryImageOfPage":{"@id":"https:\/\/oradea.ro\/en\/for-citizens\/for-the-community\/#primaryimage"},"image":{"@id":"https:\/\/oradea.ro\/en\/for-citizens\/for-the-community\/#primaryimage"},"thumbnailUrl":"https:\/\/oradea.ro\/wp-content\/uploads\/2023\/10\/home_hero_slide_2-scaled.webp","datePublished":"2023-09-12T04:55:09+00:00","dateModified":"2023-12-11T07:44:44+00:00","breadcrumb":{"@id":"https:\/\/oradea.ro\/en\/for-citizens\/for-the-community\/#breadcrumb"},"inLanguage":"hu","potentialAction":[{"@type":"ReadAction","target":["https:\/\/oradea.ro\/en\/for-citizens\/for-the-community\/"]}]},{"@type":"ImageObject","inLanguage":"hu","@id":"https:\/\/oradea.ro\/en\/for-citizens\/for-the-community\/#primaryimage","url":"https:\/\/oradea.ro\/wp-content\/uploads\/2023\/10\/home_hero_slide_2-scaled.webp","contentUrl":"https:\/\/oradea.ro\/wp-content\/uploads\/2023\/10\/home_hero_slide_2-scaled.webp","width":2560,"height":1707},{"@type":"BreadcrumbList","@id":"https:\/\/oradea.ro\/en\/for-citizens\/for-the-community\/#breadcrumb","itemListElement":[{"@type":"ListItem","position":1,"name":"","item":"https:\/\/oradea.ro\/hu\/"},{"@type":"ListItem","position":2,"name":"Polg\u00e1rok sz\u00e1m\u00e1ra","item":"https:\/\/oradea.ro\/hu\/polgarok-szamara\/"},{"@type":"ListItem","position":3,"name":"A polg\u00e1roknak"}]},{"@type":"WebSite","@id":"https:\/\/oradea.ro\/#website","url":"https:\/\/oradea.ro\/","name":"Oradea.ro","description":"Site-ul oficial al Prim\u0103riei Municipiului Oradea","publisher":{"@id":"https:\/\/oradea.ro\/#organization"},"potentialAction":[{"@type":"SearchAction","target":{"@type":"EntryPoint","urlTemplate":"https:\/\/oradea.ro\/?s={search_term_string}"},"query-input":{"@type":"PropertyValueSpecification","valueRequired":true,"valueName":"search_term_string"}}],"inLanguage":"hu"},{"@type":"Organization","@id":"https:\/\/oradea.ro\/#organization","name":"Oradea.ro","url":"https:\/\/oradea.ro\/","logo":{"@type":"ImageObject","inLanguage":"hu","@id":"https:\/\/oradea.ro\/#\/schema\/logo\/image\/","url":"https:\/\/oradea.ro\/wp-content\/uploads\/2023\/06\/footer_logo.svg","contentUrl":"https:\/\/oradea.ro\/wp-content\/uploads\/2023\/06\/footer_logo.svg","width":218,"height":53,"caption":"Oradea.ro"},"image":{"@id":"https:\/\/oradea.ro\/#\/schema\/logo\/image\/"}}]}},"publishpress_future_action":{"enabled":false,"date":"2026-05-03 06:08:37","action":"change-status","newStatus":"draft","terms":[],"taxonomy":"translation_priority","extraData":[]},"publishpress_future_workflow_manual_trigger":{"enabledWorkflows":[]},"_links":{"self":[{"href":"https:\/\/oradea.ro\/hu\/wp-json\/wp\/v2\/pages\/103087","targetHints":{"allow":["GET"]}}],"collection":[{"href":"https:\/\/oradea.ro\/hu\/wp-json\/wp\/v2\/pages"}],"about":[{"href":"https:\/\/oradea.ro\/hu\/wp-json\/wp\/v2\/types\/page"}],"author":[{"embeddable":true,"href":"https:\/\/oradea.ro\/hu\/wp-json\/wp\/v2\/users\/1"}],"replies":[{"embeddable":true,"href":"https:\/\/oradea.ro\/hu\/wp-json\/wp\/v2\/comments?post=103087"}],"version-history":[{"count":3,"href":"https:\/\/oradea.ro\/hu\/wp-json\/wp\/v2\/pages\/103087\/revisions"}],"predecessor-version":[{"id":103090,"href":"https:\/\/oradea.ro\/hu\/wp-json\/wp\/v2\/pages\/103087\/revisions\/103090"}],"up":[{"embeddable":true,"href":"https:\/\/oradea.ro\/hu\/wp-json\/wp\/v2\/pages\/187221"}],"wp:featuredmedia":[{"embeddable":true,"href":"https:\/\/oradea.ro\/hu\/wp-json\/wp\/v2\/media\/16991"}],"wp:attachment":[{"href":"https:\/\/oradea.ro\/hu\/wp-json\/wp\/v2\/media?parent=103087"}],"curies":[{"name":"wp","href":"https:\/\/api.w.org\/{rel}","templated":true}]}}