{"id":103110,"date":"2023-11-09T11:05:24","date_gmt":"2023-11-09T09:05:24","guid":{"rendered":"https:\/\/oradea.ro\/jelentesek-a-52-2003-as-torveny-alapjan\/"},"modified":"2024-01-09T11:59:06","modified_gmt":"2024-01-09T11:59:06","slug":"jelentesek-a-52-2003-as-torveny-alapjan","status":"publish","type":"page","link":"https:\/\/oradea.ro\/hu\/nagyvaradi-varoshaza\/atlathatosag\/jelentesek-a-52-2003-as-torveny-alapjan\/","title":{"rendered":"Jelent\u00e9sek a 52\/2003-as T\u00f6rv\u00e9ny alapj\u00e1n"},"content":{"rendered":"<div class=\"min-w-[100vw] h-[350px] md:h-[500px] ml-[calc(50%-50vw)] flex items-end bg-no-repeat bg-white bg-cover bg-center px-5\" style=\"background-image: url(https:\/\/oradea.ro\/wp-content\/uploads\/2023\/10\/piata-unirii-palat-vulturul-negru-Copy-scaled.jpg);\">\r\n                    <div class=\"w-full max-w-7xl mx-auto mb-6\">\r\n                        <h1 class=\"my-0 text-white font-extrabold font-open-sans text-3xl md:text-6xl [text-shadow:_0_1px_4px_rgb(0_0_0_\/_50%)]\">Jelent\u00e9sek a 52\/2003-as T\u00f6rv\u00e9ny alapj\u00e1n<\/h1>\r\n                    <\/div>\r\n                <\/div><div class=\"!px-5\"><div class=\"breadcrumbs w-full max-w-7xl mx-auto grid md:flex flex-wrap items-center py-4 test\"><div><a href=\"https:\/\/oradea.ro\/hu\/\"><span class=\"fas fa-home text-[#ABAEB3]\"><\/span><\/a><span class=\"md:hidden\"><span class=\"fas fa-chevron-down mx-5 text-xs text-[#ABAEB3] hover:text-black\/50 transition-all\"><\/span><\/span><span class=\"hidden md:inline\"><span class=\"fas fa-chevron-right mx-5 text-xs text-[#ABAEB3] hover:text-black\/50 transition-all\"><\/span><\/span><\/div><span class=\"font-poppins font-semibold uppercase text-black\/60\">Jelent\u00e9sek a 52\/2003-as T\u00f6rv\u00e9ny alapj\u00e1n<\/span><\/div><\/div>\t\t<div data-elementor-type=\"wp-page\" data-elementor-id=\"103110\" class=\"elementor elementor-103110 elementor-29290\" data-elementor-post-type=\"page\">\n\t\t\t\t<div class=\"elementor-element elementor-element-55950f7 e-flex e-con-boxed wpr-particle-no wpr-jarallax-no wpr-parallax-no wpr-sticky-section-no e-con e-parent\" data-id=\"55950f7\" data-element_type=\"container\">\n\t\t\t\t\t<div class=\"e-con-inner\">\n\t\t\t\t<div class=\"elementor-element elementor-element-8227d84 elementor-widget elementor-widget-text-editor\" data-id=\"8227d84\" data-element_type=\"widget\" data-widget_type=\"text-editor.default\">\n\t\t\t\t<div class=\"elementor-widget-container\">\n\t\t\t\t\t\t\t\t\t<p><div class=\"files-link-wrapper\">\r\n  <\/div><\/p>\n\t\t\t\t\t\t\t\t<\/div>\n\t\t\t\t<\/div>\n\t\t\t\t\t<\/div>\n\t\t\t\t<\/div>\n\t\t\t\t<\/div>\n\t\t","protected":false},"excerpt":{"rendered":"<p>Jelent\u00e9sek a 52\/2003-as T\u00f6rv\u00e9ny alapj\u00e1n Jelent\u00e9sek a 52\/2003-as T\u00f6rv\u00e9ny alapj\u00e1n<\/p>\n","protected":false},"author":2,"featured_media":24427,"parent":188017,"menu_order":0,"comment_status":"closed","ping_status":"closed","template":"","meta":{"_acf_changed":false,"ep_exclude_from_search":false,"footnotes":""},"class_list":["post-103110","page","type-page","status-publish","has-post-thumbnail","hentry"],"acf":[],"yoast_head":"<!-- This site is optimized with the Yoast SEO plugin v26.6 - https:\/\/yoast.com\/wordpress\/plugins\/seo\/ -->\n<title>Jelent\u00e9sek a 52\/2003-as T\u00f6rv\u00e9ny alapj\u00e1n - Oradea.ro<\/title>\n<meta name=\"robots\" content=\"index, follow, max-snippet:-1, max-image-preview:large, max-video-preview:-1\" \/>\n<link rel=\"canonical\" href=\"https:\/\/oradea.ro\/primaria-oradea\/buletin-informativ\/rapoarte-conform-legii-52-2003\/\" \/>\n<meta property=\"og:locale\" content=\"hu_HU\" \/>\n<meta property=\"og:type\" content=\"article\" \/>\n<meta property=\"og:title\" content=\"Jelent\u00e9sek a 52\/2003-as T\u00f6rv\u00e9ny alapj\u00e1n - Oradea.ro\" \/>\n<meta property=\"og:description\" content=\"Jelent\u00e9sek a 52\/2003-as T\u00f6rv\u00e9ny alapj\u00e1n Jelent\u00e9sek a 52\/2003-as T\u00f6rv\u00e9ny alapj\u00e1n\" \/>\n<meta property=\"og:url\" content=\"https:\/\/oradea.ro\/primaria-oradea\/buletin-informativ\/rapoarte-conform-legii-52-2003\/\" \/>\n<meta property=\"og:site_name\" content=\"Oradea.ro\" \/>\n<meta property=\"article:modified_time\" content=\"2024-01-09T11:59:06+00:00\" \/>\n<meta property=\"og:image\" content=\"https:\/\/oradea.ro\/wp-content\/uploads\/2023\/10\/piata-unirii-palat-vulturul-negru-Copy-scaled.jpg\" \/>\n\t<meta property=\"og:image:width\" content=\"2560\" \/>\n\t<meta property=\"og:image:height\" content=\"1706\" \/>\n\t<meta property=\"og:image:type\" content=\"image\/jpeg\" \/>\n<meta name=\"twitter:card\" content=\"summary_large_image\" \/>\n<script type=\"application\/ld+json\" class=\"yoast-schema-graph\">{\"@context\":\"https:\/\/schema.org\",\"@graph\":[{\"@type\":\"WebPage\",\"@id\":\"https:\/\/oradea.ro\/primaria-oradea\/buletin-informativ\/rapoarte-conform-legii-52-2003\/\",\"url\":\"https:\/\/oradea.ro\/primaria-oradea\/buletin-informativ\/rapoarte-conform-legii-52-2003\/\",\"name\":\"Jelent\u00e9sek a 52\/2003-as T\u00f6rv\u00e9ny alapj\u00e1n - Oradea.ro\",\"isPartOf\":{\"@id\":\"https:\/\/oradea.ro\/#website\"},\"primaryImageOfPage\":{\"@id\":\"https:\/\/oradea.ro\/primaria-oradea\/buletin-informativ\/rapoarte-conform-legii-52-2003\/#primaryimage\"},\"image\":{\"@id\":\"https:\/\/oradea.ro\/primaria-oradea\/buletin-informativ\/rapoarte-conform-legii-52-2003\/#primaryimage\"},\"thumbnailUrl\":\"https:\/\/oradea.ro\/wp-content\/uploads\/2023\/10\/piata-unirii-palat-vulturul-negru-Copy-scaled.jpg\",\"datePublished\":\"2023-11-09T09:05:24+00:00\",\"dateModified\":\"2024-01-09T11:59:06+00:00\",\"breadcrumb\":{\"@id\":\"https:\/\/oradea.ro\/primaria-oradea\/buletin-informativ\/rapoarte-conform-legii-52-2003\/#breadcrumb\"},\"inLanguage\":\"hu\",\"potentialAction\":[{\"@type\":\"ReadAction\",\"target\":[\"https:\/\/oradea.ro\/primaria-oradea\/buletin-informativ\/rapoarte-conform-legii-52-2003\/\"]}]},{\"@type\":\"ImageObject\",\"inLanguage\":\"hu\",\"@id\":\"https:\/\/oradea.ro\/primaria-oradea\/buletin-informativ\/rapoarte-conform-legii-52-2003\/#primaryimage\",\"url\":\"https:\/\/oradea.ro\/wp-content\/uploads\/2023\/10\/piata-unirii-palat-vulturul-negru-Copy-scaled.jpg\",\"contentUrl\":\"https:\/\/oradea.ro\/wp-content\/uploads\/2023\/10\/piata-unirii-palat-vulturul-negru-Copy-scaled.jpg\",\"width\":2560,\"height\":1706},{\"@type\":\"BreadcrumbList\",\"@id\":\"https:\/\/oradea.ro\/primaria-oradea\/buletin-informativ\/rapoarte-conform-legii-52-2003\/#breadcrumb\",\"itemListElement\":[{\"@type\":\"ListItem\",\"position\":1,\"name\":\"\",\"item\":\"https:\/\/oradea.ro\/hu\/\"},{\"@type\":\"ListItem\",\"position\":2,\"name\":\"Nagyv\u00e1radi V\u00e1rosh\u00e1za\",\"item\":\"https:\/\/oradea.ro\/hu\/nagyvaradi-varoshaza\/\"},{\"@type\":\"ListItem\",\"position\":3,\"name\":\"H\u00edrlev\u00e9l\",\"item\":\"https:\/\/oradea.ro\/hu\/nagyvaradi-varoshaza\/hirlevel\/\"},{\"@type\":\"ListItem\",\"position\":4,\"name\":\"Jelent\u00e9sek a 52\/2003-as T\u00f6rv\u00e9ny alapj\u00e1n\"}]},{\"@type\":\"WebSite\",\"@id\":\"https:\/\/oradea.ro\/#website\",\"url\":\"https:\/\/oradea.ro\/\",\"name\":\"Oradea.ro\",\"description\":\"Site-ul oficial al Prim\u0103riei Municipiului Oradea\",\"publisher\":{\"@id\":\"https:\/\/oradea.ro\/#organization\"},\"potentialAction\":[{\"@type\":\"SearchAction\",\"target\":{\"@type\":\"EntryPoint\",\"urlTemplate\":\"https:\/\/oradea.ro\/?s={search_term_string}\"},\"query-input\":{\"@type\":\"PropertyValueSpecification\",\"valueRequired\":true,\"valueName\":\"search_term_string\"}}],\"inLanguage\":\"hu\"},{\"@type\":\"Organization\",\"@id\":\"https:\/\/oradea.ro\/#organization\",\"name\":\"Oradea.ro\",\"url\":\"https:\/\/oradea.ro\/\",\"logo\":{\"@type\":\"ImageObject\",\"inLanguage\":\"hu\",\"@id\":\"https:\/\/oradea.ro\/#\/schema\/logo\/image\/\",\"url\":\"https:\/\/oradea.ro\/wp-content\/uploads\/2023\/06\/footer_logo.svg\",\"contentUrl\":\"https:\/\/oradea.ro\/wp-content\/uploads\/2023\/06\/footer_logo.svg\",\"width\":218,\"height\":53,\"caption\":\"Oradea.ro\"},\"image\":{\"@id\":\"https:\/\/oradea.ro\/#\/schema\/logo\/image\/\"}}]}<\/script>\n<!-- \/ Yoast SEO plugin. -->","yoast_head_json":{"title":"Jelent\u00e9sek a 52\/2003-as T\u00f6rv\u00e9ny alapj\u00e1n - Oradea.ro","robots":{"index":"index","follow":"follow","max-snippet":"max-snippet:-1","max-image-preview":"max-image-preview:large","max-video-preview":"max-video-preview:-1"},"canonical":"https:\/\/oradea.ro\/primaria-oradea\/buletin-informativ\/rapoarte-conform-legii-52-2003\/","og_locale":"hu_HU","og_type":"article","og_title":"Jelent\u00e9sek a 52\/2003-as T\u00f6rv\u00e9ny alapj\u00e1n - Oradea.ro","og_description":"Jelent\u00e9sek a 52\/2003-as T\u00f6rv\u00e9ny alapj\u00e1n Jelent\u00e9sek a 52\/2003-as T\u00f6rv\u00e9ny alapj\u00e1n","og_url":"https:\/\/oradea.ro\/primaria-oradea\/buletin-informativ\/rapoarte-conform-legii-52-2003\/","og_site_name":"Oradea.ro","article_modified_time":"2024-01-09T11:59:06+00:00","og_image":[{"width":2560,"height":1706,"url":"https:\/\/oradea.ro\/wp-content\/uploads\/2023\/10\/piata-unirii-palat-vulturul-negru-Copy-scaled.jpg","type":"image\/jpeg"}],"twitter_card":"summary_large_image","schema":{"@context":"https:\/\/schema.org","@graph":[{"@type":"WebPage","@id":"https:\/\/oradea.ro\/primaria-oradea\/buletin-informativ\/rapoarte-conform-legii-52-2003\/","url":"https:\/\/oradea.ro\/primaria-oradea\/buletin-informativ\/rapoarte-conform-legii-52-2003\/","name":"Jelent\u00e9sek a 52\/2003-as T\u00f6rv\u00e9ny alapj\u00e1n - Oradea.ro","isPartOf":{"@id":"https:\/\/oradea.ro\/#website"},"primaryImageOfPage":{"@id":"https:\/\/oradea.ro\/primaria-oradea\/buletin-informativ\/rapoarte-conform-legii-52-2003\/#primaryimage"},"image":{"@id":"https:\/\/oradea.ro\/primaria-oradea\/buletin-informativ\/rapoarte-conform-legii-52-2003\/#primaryimage"},"thumbnailUrl":"https:\/\/oradea.ro\/wp-content\/uploads\/2023\/10\/piata-unirii-palat-vulturul-negru-Copy-scaled.jpg","datePublished":"2023-11-09T09:05:24+00:00","dateModified":"2024-01-09T11:59:06+00:00","breadcrumb":{"@id":"https:\/\/oradea.ro\/primaria-oradea\/buletin-informativ\/rapoarte-conform-legii-52-2003\/#breadcrumb"},"inLanguage":"hu","potentialAction":[{"@type":"ReadAction","target":["https:\/\/oradea.ro\/primaria-oradea\/buletin-informativ\/rapoarte-conform-legii-52-2003\/"]}]},{"@type":"ImageObject","inLanguage":"hu","@id":"https:\/\/oradea.ro\/primaria-oradea\/buletin-informativ\/rapoarte-conform-legii-52-2003\/#primaryimage","url":"https:\/\/oradea.ro\/wp-content\/uploads\/2023\/10\/piata-unirii-palat-vulturul-negru-Copy-scaled.jpg","contentUrl":"https:\/\/oradea.ro\/wp-content\/uploads\/2023\/10\/piata-unirii-palat-vulturul-negru-Copy-scaled.jpg","width":2560,"height":1706},{"@type":"BreadcrumbList","@id":"https:\/\/oradea.ro\/primaria-oradea\/buletin-informativ\/rapoarte-conform-legii-52-2003\/#breadcrumb","itemListElement":[{"@type":"ListItem","position":1,"name":"","item":"https:\/\/oradea.ro\/hu\/"},{"@type":"ListItem","position":2,"name":"Nagyv\u00e1radi V\u00e1rosh\u00e1za","item":"https:\/\/oradea.ro\/hu\/nagyvaradi-varoshaza\/"},{"@type":"ListItem","position":3,"name":"H\u00edrlev\u00e9l","item":"https:\/\/oradea.ro\/hu\/nagyvaradi-varoshaza\/hirlevel\/"},{"@type":"ListItem","position":4,"name":"Jelent\u00e9sek a 52\/2003-as T\u00f6rv\u00e9ny alapj\u00e1n"}]},{"@type":"WebSite","@id":"https:\/\/oradea.ro\/#website","url":"https:\/\/oradea.ro\/","name":"Oradea.ro","description":"Site-ul oficial al Prim\u0103riei Municipiului Oradea","publisher":{"@id":"https:\/\/oradea.ro\/#organization"},"potentialAction":[{"@type":"SearchAction","target":{"@type":"EntryPoint","urlTemplate":"https:\/\/oradea.ro\/?s={search_term_string}"},"query-input":{"@type":"PropertyValueSpecification","valueRequired":true,"valueName":"search_term_string"}}],"inLanguage":"hu"},{"@type":"Organization","@id":"https:\/\/oradea.ro\/#organization","name":"Oradea.ro","url":"https:\/\/oradea.ro\/","logo":{"@type":"ImageObject","inLanguage":"hu","@id":"https:\/\/oradea.ro\/#\/schema\/logo\/image\/","url":"https:\/\/oradea.ro\/wp-content\/uploads\/2023\/06\/footer_logo.svg","contentUrl":"https:\/\/oradea.ro\/wp-content\/uploads\/2023\/06\/footer_logo.svg","width":218,"height":53,"caption":"Oradea.ro"},"image":{"@id":"https:\/\/oradea.ro\/#\/schema\/logo\/image\/"}}]}},"publishpress_future_action":{"enabled":false,"date":"2026-04-26 09:36:28","action":"change-status","newStatus":"draft","terms":[],"taxonomy":"translation_priority","extraData":[]},"publishpress_future_workflow_manual_trigger":{"enabledWorkflows":[]},"_links":{"self":[{"href":"https:\/\/oradea.ro\/hu\/wp-json\/wp\/v2\/pages\/103110","targetHints":{"allow":["GET"]}}],"collection":[{"href":"https:\/\/oradea.ro\/hu\/wp-json\/wp\/v2\/pages"}],"about":[{"href":"https:\/\/oradea.ro\/hu\/wp-json\/wp\/v2\/types\/page"}],"author":[{"embeddable":true,"href":"https:\/\/oradea.ro\/hu\/wp-json\/wp\/v2\/users\/2"}],"replies":[{"embeddable":true,"href":"https:\/\/oradea.ro\/hu\/wp-json\/wp\/v2\/comments?post=103110"}],"version-history":[{"count":1,"href":"https:\/\/oradea.ro\/hu\/wp-json\/wp\/v2\/pages\/103110\/revisions"}],"predecessor-version":[{"id":103111,"href":"https:\/\/oradea.ro\/hu\/wp-json\/wp\/v2\/pages\/103110\/revisions\/103111"}],"up":[{"embeddable":true,"href":"https:\/\/oradea.ro\/hu\/wp-json\/wp\/v2\/pages\/188017"}],"wp:featuredmedia":[{"embeddable":true,"href":"https:\/\/oradea.ro\/hu\/wp-json\/wp\/v2\/media\/24427"}],"wp:attachment":[{"href":"https:\/\/oradea.ro\/hu\/wp-json\/wp\/v2\/media?parent=103110"}],"curies":[{"name":"wp","href":"https:\/\/api.w.org\/{rel}","templated":true}]}}