{"id":103115,"date":"2023-11-23T22:11:45","date_gmt":"2023-11-23T20:11:45","guid":{"rendered":"https:\/\/oradea.ro\/nagyvaradi-varoshaza\/varoshaza-szerkezete\/varoshaza-igazgatosagai\/alpolgarmesteri-kabinet\/marcel-dragos-kabinetiroda\/"},"modified":"2024-11-01T10:27:37","modified_gmt":"2024-11-01T08:27:37","slug":"marcel-dragos-kabinetiroda","status":"publish","type":"page","link":"https:\/\/oradea.ro\/hu\/nagyvaradi-varoshaza\/varoshaza-szerkezete\/varoshaza-igazgatosagai\/alpolgarmesteri-kabinet\/marcel-dragos-kabinetiroda\/","title":{"rendered":"Teofil Filimon alpolg\u00e1rmester kabinetje"},"content":{"rendered":"<div class=\"min-w-[100vw] h-[350px] md:h-[500px] ml-[calc(50%-50vw)] flex items-end bg-no-repeat bg-white bg-cover bg-center px-5\" style=\"background-image: url(https:\/\/oradea.ro\/wp-content\/uploads\/2023\/10\/home_hero_slide_2-scaled.webp);\">\r\n                    <div class=\"w-full max-w-7xl mx-auto mb-6\">\r\n                        <h1 class=\"my-0 text-white font-extrabold font-open-sans text-3xl md:text-6xl [text-shadow:_0_1px_4px_rgb(0_0_0_\/_50%)]\">Teofil Filimon alpolg\u00e1rmester kabinetje<\/h1>\r\n                    <\/div>\r\n                <\/div><div class=\"!px-5\"><div class=\"breadcrumbs w-full max-w-7xl mx-auto grid md:flex flex-wrap items-center py-4 test\"><div><a href=\"https:\/\/oradea.ro\/hu\/\"><span class=\"fas fa-home text-[#ABAEB3]\"><\/span><\/a><span class=\"md:hidden\"><span class=\"fas fa-chevron-down mx-5 text-xs text-[#ABAEB3] hover:text-black\/50 transition-all\"><\/span><\/span><span class=\"hidden md:inline\"><span class=\"fas fa-chevron-right mx-5 text-xs text-[#ABAEB3] hover:text-black\/50 transition-all\"><\/span><\/span><\/div><span class=\"font-poppins font-semibold uppercase text-black\/60\">Teofil Filimon alpolg\u00e1rmester kabinetje<\/span><\/div><\/div>\t\t<div data-elementor-type=\"wp-page\" data-elementor-id=\"103115\" class=\"elementor elementor-103115 elementor-45243\" data-elementor-post-type=\"page\">\n\t\t\t\t<div class=\"elementor-element elementor-element-bde4e6f e-flex e-con-boxed wpr-particle-no wpr-jarallax-no wpr-parallax-no wpr-sticky-section-no e-con e-parent\" data-id=\"bde4e6f\" data-element_type=\"container\">\n\t\t\t\t\t<div class=\"e-con-inner\">\n\t\t\t\t<div class=\"elementor-element elementor-element-ab91a95 wpr-advanced-accordion-icon-side-box elementor-widget elementor-widget-wpr-advanced-accordion\" data-id=\"ab91a95\" data-element_type=\"widget\" data-settings=\"{&quot;active_item&quot;:1}\" data-widget_type=\"wpr-advanced-accordion.default\">\n\t\t\t\t<div class=\"elementor-widget-container\">\n\t\t\t\t\t\n            <div class=\"wpr-advanced-accordion\" data-accordion-type=\"accordion\" data-active-index=\"1\" data-accordion-trigger=\"click\" data-interaction-speed=\"0.4\">\n\n\t\t\t\n                \n\t\t\t\t\t<div class=\"wpr-accordion-item-wrap\">\n\t\t\t\t\t\t<button class=\"wpr-acc-button\">\n\t\t\t\t\t\t\t<span class=\"wpr-acc-item-title\">\n\t\t\t\t\t\t\t\t\t\t\t\t\t\t\t\t\t<div class=\"wpr-acc-icon-box\">\n\t\t\t\t\t\t\t\t\t\t\t\t\t\t<span class=\"wpr-title-icon\">\n\t\t\t\t\t<i aria-hidden=\"true\" class=\"fas fa-info\"><\/i>\t\t\t\t<\/span>\n\t\t\t\t\t\t\t\t\t\t\t\t<\/div>\n\t\t\t\t\t\t\t\t\n\t\t\t\t\t\t\t\t<span class=\"wpr-acc-title-text\">Ciprian Ma\u0219ca\u0219<\/span>\n\t\t\t\t\t\t\t<\/span>\n\t\t\t\t\t\t\t\t\t\t\t<span class=\"wpr-toggle-icon wpr-ti-close\"><i aria-hidden=\"true\" class=\"fas fa-plus\"><\/i><\/span>\n\t\t\t\t<span class=\"wpr-toggle-icon wpr-ti-open\"><i aria-hidden=\"true\" class=\"fas fa-minus\"><\/i><\/span>\n\t\t\t\t\t\t\t\t\t<\/button>\n\n\t\t\t\t\t\t<div class=\"wpr-acc-panel\">\n\t\t\t\t\t\t\t\t\t\t\t\t\t\t\t<div class=\"wpr-acc-panel-content\"><p><span style=\"color: #000080;\"><b>Ciprian Ma\u0219ca\u0219<\/b><\/span><\/p><p><span style=\"font-weight: 400;\">Teofil Filimon alpolg\u00e1rmester tan\u00e1csosa.<\/span><\/p><p>Teofil Filimon alpolg\u00e1rmester irod\u00e1j\u00e1nak saj\u00e1tos tev\u00e9kenys\u00e9geivel \u00f6sszhangban l\u00e9v\u0151 feladatok: r\u00e9szv\u00e9tel a k\u00f6z\u00f6ns\u00e9gtal\u00e1lkoz\u00f3kon, kommunik\u00e1ci\u00f3 az alpolg\u00e1rmester \u00e1ltal koordin\u00e1lt szervezetek \u00e9s a polg\u00e1rok \/ igazgat\u00f3s\u00e1gok, v\u00e1llalatok \u00e9s a helyi tan\u00e1csnak al\u00e1rendelt v\u00e1llalatok k\u00f6z\u00f6tt.<\/p><p><b>El\u00e9rhet\u0151s\u00e9gek<\/b><\/p><p><span style=\"font-weight: 400;\">Polg\u00e1rmesteri Hivatal - Unirii t\u00e9r, 1. sz\u00e1m, I. emelet, 102 -es terem <\/span><\/p><p><span style=\"font-weight: 400;\">Email: <\/span><a href=\"mailto:mascas.ciprian@oradea.ro\"><span style=\"font-weight: 400;\">mascas.ciprian@oradea.ro<\/span><\/a><\/p><p><b>\u00d6n\u00e9letrajz<\/b><\/p><p><span style=\"font-weight: 400;\">Sz\u00fcletett: 1983. augusztus 24-\u00e9n, Bel\u00e9nyesen<\/span><\/p><p><b>Szakmai tapasztalat<\/b><\/p><p>2024. augusztus - jelenleg: <span style=\"font-weight: 400;\">Teofil Filimon alpolg\u00e1rmester tan\u00e1csad\u00f3ja<\/span>.<\/p><p><span style=\"font-weight: 400;\">2020. december - 2024. augusztus: Marcel Dragos alpolg\u00e1rmester tan\u00e1csad\u00f3ja.<\/span><\/p><p><span style=\"font-weight: 400;\">2013. j\u00fanius \u2013 2020. november: tan\u00e1csos, Bihar megyei Tan\u00e1cs<\/span><\/p><p><span style=\"font-weight: 400;\">2007. j\u00falius \u2013 2013. j\u00fanius: tan\u00e1csos Bihar megyei K\u00f6rnyezetv\u00e9delmi \u00dcgyn\u00f6ks\u00e9g<\/span><\/p><p><b>Oktat\u00e1s \u00e9s k\u00e9pz\u00e9s<\/b><\/p><p><span style=\"font-weight: 400;\">2016 - Eur\u00f3pai Uni\u00f3s Alapok: K\u00f6rnyezet \u00e9s Hossz\u00fat\u00e1v\u00fa fejl\u0151d\u00e9s <\/span><\/p><p><span style=\"font-weight: 400;\">2016 - <\/span><span style=\"font-weight: 400;\">Certiifcat de absolvire Expert accesare fonduri structural \u0219i de coeziune 2014-2020<\/span><\/p><p><span style=\"font-weight: 400;\">2015 - K\u00f6zbeszerz\u00e9sek szak\u00e9rt\u0151je<\/span><\/p><p><span style=\"font-weight: 400;\">2012 - 2015 - Nagyv\u00e1radi \u00c1llami Egyetem, K\u00f6rnyezetv\u00e9delmi kar - Hossz\u00fat\u00e1v\u00fa fejl\u0151d\u00e9s \u00e9s Agroturizmus szak<\/span><\/p><p><span style=\"font-weight: 400;\">2013 - Hullad\u00e9kgazd\u00e1lkod\u00e1s 2014-2020 -as strat\u00e9gia<\/span><\/p><p><span style=\"font-weight: 400;\">2011 - Nagyv\u00e1radi \u00c1llami Egyetem K\u00f6rnyezetv\u00e9delmi Szak <\/span><\/p><p><span style=\"font-weight: 400;\">2002 - 2007 - m\u00e9rn\u00f6ki diploma, Nagyv\u00e1radi \u00c1llami Egyetem, K\u00f6rnyezetv\u00e9delmi kar, K\u00f6rnyezetv\u00e9delem szak<\/span><\/p><p><span style=\"font-weight: 400;\">1998 - 2002 - \u201cIoan Ciorda\u0219\u201d iskola, Bel\u00e9nyes<\/span><\/p><\/div>\n\t\t\t\t\t\t\t\t\t\t\t\t\t<\/div>\n                    <\/div>\n\n                            <\/div>\n        \t\t\t\t<\/div>\n\t\t\t\t<\/div>\n\t\t\t\t\t<\/div>\n\t\t\t\t<\/div>\n\t\t\t\t<\/div>\n\t\t","protected":false},"excerpt":{"rendered":"<p>Teofil Filimon alpolg\u00e1rmester kabinetje Teofil Filimon alpolg\u00e1rmester kabinetje Ciprian Ma\u0219ca\u0219 Ciprian Ma\u0219ca\u0219 Teofil Filimon alpolg\u00e1rmester tan\u00e1csosa. Teofil Filimon alpolg\u00e1rmester irod\u00e1j\u00e1nak saj\u00e1tos tev\u00e9kenys\u00e9geivel \u00f6sszhangban l\u00e9v\u0151 feladatok: r\u00e9szv\u00e9tel a k\u00f6z\u00f6ns\u00e9gtal\u00e1lkoz\u00f3kon, kommunik\u00e1ci\u00f3 az alpolg\u00e1rmester \u00e1ltal koordin\u00e1lt szervezetek \u00e9s a polg\u00e1rok \/ igazgat\u00f3s\u00e1gok, v\u00e1llalatok \u00e9s a helyi tan\u00e1csnak al\u00e1rendelt v\u00e1llalatok k\u00f6z\u00f6tt. El\u00e9rhet\u0151s\u00e9gek Polg\u00e1rmesteri Hivatal &#8211; Unirii t\u00e9r, 1. sz\u00e1m, I. emelet, 102 -es terem Email: mascas.ciprian@oradea.ro \u00d6n\u00e9letrajz Sz\u00fcletett: 1983. augusztus 24-\u00e9n, Bel\u00e9nyesen Szakmai tapasztalat 2024. augusztus &#8211; jelenleg: Teofil Filimon alpolg\u00e1rmester tan\u00e1csad\u00f3ja. 2020. december &#8211; 2024. augusztus: Marcel Dragos alpolg\u00e1rmester tan\u00e1csad\u00f3ja. 2013. j\u00fanius \u2013 2020. november: tan\u00e1csos, Bihar megyei Tan\u00e1cs 2007. j\u00falius \u2013 2013. j\u00fanius: tan\u00e1csos Bihar megyei K\u00f6rnyezetv\u00e9delmi \u00dcgyn\u00f6ks\u00e9g Oktat\u00e1s \u00e9s k\u00e9pz\u00e9s 2016 &#8211; Eur\u00f3pai Uni\u00f3s Alapok: K\u00f6rnyezet \u00e9s Hossz\u00fat\u00e1v\u00fa fejl\u0151d\u00e9s 2016 &#8211; Certiifcat de absolvire Expert accesare fonduri structural \u0219i de coeziune 2014-2020 2015 &#8211; K\u00f6zbeszerz\u00e9sek szak\u00e9rt\u0151je 2012 &#8211; 2015 &#8211; Nagyv\u00e1radi \u00c1llami Egyetem, K\u00f6rnyezetv\u00e9delmi kar &#8211; Hossz\u00fat\u00e1v\u00fa fejl\u0151d\u00e9s \u00e9s Agroturizmus szak 2013 &#8211; Hullad\u00e9kgazd\u00e1lkod\u00e1s 2014-2020 -as strat\u00e9gia 2011 &#8211; Nagyv\u00e1radi \u00c1llami Egyetem K\u00f6rnyezetv\u00e9delmi Szak 2002 &#8211; 2007 &#8211; m\u00e9rn\u00f6ki diploma, Nagyv\u00e1radi \u00c1llami Egyetem, K\u00f6rnyezetv\u00e9delmi kar, K\u00f6rnyezetv\u00e9delem szak 1998 &#8211; 2002 &#8211; \u201cIoan Ciorda\u0219\u201d iskola, Bel\u00e9nyes<\/p>\n","protected":false},"author":2,"featured_media":0,"parent":103112,"menu_order":0,"comment_status":"closed","ping_status":"closed","template":"","meta":{"_acf_changed":false,"ep_exclude_from_search":false,"footnotes":""},"class_list":["post-103115","page","type-page","status-publish","hentry"],"acf":[],"yoast_head":"<!-- This site is optimized with the Yoast SEO plugin v26.6 - https:\/\/yoast.com\/wordpress\/plugins\/seo\/ -->\n<title>Teofil Filimon alpolg\u00e1rmester kabinetje - Oradea.ro<\/title>\n<meta name=\"robots\" content=\"index, follow, max-snippet:-1, max-image-preview:large, max-video-preview:-1\" \/>\n<link rel=\"canonical\" href=\"https:\/\/oradea.ro\/hu\/nagyvaradi-varoshaza\/varoshaza-szerkezete\/varoshaza-igazgatosagai\/alpolgarmesteri-kabinet\/marcel-dragos-kabinetiroda\/\" \/>\n<meta property=\"og:locale\" content=\"hu_HU\" \/>\n<meta property=\"og:type\" content=\"article\" \/>\n<meta property=\"og:title\" content=\"Teofil Filimon alpolg\u00e1rmester kabinetje - Oradea.ro\" \/>\n<meta property=\"og:description\" content=\"Teofil Filimon alpolg\u00e1rmester kabinetje Teofil Filimon alpolg\u00e1rmester kabinetje Ciprian Ma\u0219ca\u0219 Ciprian Ma\u0219ca\u0219 Teofil Filimon alpolg\u00e1rmester tan\u00e1csosa. Teofil Filimon alpolg\u00e1rmester irod\u00e1j\u00e1nak saj\u00e1tos tev\u00e9kenys\u00e9geivel \u00f6sszhangban l\u00e9v\u0151 feladatok: r\u00e9szv\u00e9tel a k\u00f6z\u00f6ns\u00e9gtal\u00e1lkoz\u00f3kon, kommunik\u00e1ci\u00f3 az alpolg\u00e1rmester \u00e1ltal koordin\u00e1lt szervezetek \u00e9s a polg\u00e1rok \/ igazgat\u00f3s\u00e1gok, v\u00e1llalatok \u00e9s a helyi tan\u00e1csnak al\u00e1rendelt v\u00e1llalatok k\u00f6z\u00f6tt. El\u00e9rhet\u0151s\u00e9gek Polg\u00e1rmesteri Hivatal &#8211; Unirii t\u00e9r, 1. sz\u00e1m, I. emelet, 102 -es terem Email: mascas.ciprian@oradea.ro \u00d6n\u00e9letrajz Sz\u00fcletett: 1983. augusztus 24-\u00e9n, Bel\u00e9nyesen Szakmai tapasztalat 2024. augusztus &#8211; jelenleg: Teofil Filimon alpolg\u00e1rmester tan\u00e1csad\u00f3ja. 2020. december &#8211; 2024. augusztus: Marcel Dragos alpolg\u00e1rmester tan\u00e1csad\u00f3ja. 2013. j\u00fanius \u2013 2020. november: tan\u00e1csos, Bihar megyei Tan\u00e1cs 2007. j\u00falius \u2013 2013. j\u00fanius: tan\u00e1csos Bihar megyei K\u00f6rnyezetv\u00e9delmi \u00dcgyn\u00f6ks\u00e9g Oktat\u00e1s \u00e9s k\u00e9pz\u00e9s 2016 &#8211; Eur\u00f3pai Uni\u00f3s Alapok: K\u00f6rnyezet \u00e9s Hossz\u00fat\u00e1v\u00fa fejl\u0151d\u00e9s 2016 &#8211; Certiifcat de absolvire Expert accesare fonduri structural \u0219i de coeziune 2014-2020 2015 &#8211; K\u00f6zbeszerz\u00e9sek szak\u00e9rt\u0151je 2012 &#8211; 2015 &#8211; Nagyv\u00e1radi \u00c1llami Egyetem, K\u00f6rnyezetv\u00e9delmi kar &#8211; Hossz\u00fat\u00e1v\u00fa fejl\u0151d\u00e9s \u00e9s Agroturizmus szak 2013 &#8211; Hullad\u00e9kgazd\u00e1lkod\u00e1s 2014-2020 -as strat\u00e9gia 2011 &#8211; Nagyv\u00e1radi \u00c1llami Egyetem K\u00f6rnyezetv\u00e9delmi Szak 2002 &#8211; 2007 &#8211; m\u00e9rn\u00f6ki diploma, Nagyv\u00e1radi \u00c1llami Egyetem, K\u00f6rnyezetv\u00e9delmi kar, K\u00f6rnyezetv\u00e9delem szak 1998 &#8211; 2002 &#8211; \u201cIoan Ciorda\u0219\u201d iskola, Bel\u00e9nyes\" \/>\n<meta property=\"og:url\" content=\"https:\/\/oradea.ro\/hu\/nagyvaradi-varoshaza\/varoshaza-szerkezete\/varoshaza-igazgatosagai\/alpolgarmesteri-kabinet\/marcel-dragos-kabinetiroda\/\" \/>\n<meta property=\"og:site_name\" content=\"Oradea.ro\" \/>\n<meta property=\"article:modified_time\" content=\"2024-11-01T08:27:37+00:00\" \/>\n<meta name=\"twitter:card\" content=\"summary_large_image\" \/>\n<meta name=\"twitter:label1\" content=\"Becs\u00fclt olvas\u00e1si id\u0151\" \/>\n\t<meta name=\"twitter:data1\" content=\"1 perc\" \/>\n<script type=\"application\/ld+json\" class=\"yoast-schema-graph\">{\"@context\":\"https:\/\/schema.org\",\"@graph\":[{\"@type\":\"WebPage\",\"@id\":\"https:\/\/oradea.ro\/hu\/nagyvaradi-varoshaza\/varoshaza-szerkezete\/varoshaza-igazgatosagai\/alpolgarmesteri-kabinet\/marcel-dragos-kabinetiroda\/\",\"url\":\"https:\/\/oradea.ro\/hu\/nagyvaradi-varoshaza\/varoshaza-szerkezete\/varoshaza-igazgatosagai\/alpolgarmesteri-kabinet\/marcel-dragos-kabinetiroda\/\",\"name\":\"Teofil Filimon alpolg\u00e1rmester kabinetje - Oradea.ro\",\"isPartOf\":{\"@id\":\"https:\/\/oradea.ro\/#website\"},\"datePublished\":\"2023-11-23T20:11:45+00:00\",\"dateModified\":\"2024-11-01T08:27:37+00:00\",\"breadcrumb\":{\"@id\":\"https:\/\/oradea.ro\/hu\/nagyvaradi-varoshaza\/varoshaza-szerkezete\/varoshaza-igazgatosagai\/alpolgarmesteri-kabinet\/marcel-dragos-kabinetiroda\/#breadcrumb\"},\"inLanguage\":\"hu\",\"potentialAction\":[{\"@type\":\"ReadAction\",\"target\":[\"https:\/\/oradea.ro\/hu\/nagyvaradi-varoshaza\/varoshaza-szerkezete\/varoshaza-igazgatosagai\/alpolgarmesteri-kabinet\/marcel-dragos-kabinetiroda\/\"]}]},{\"@type\":\"BreadcrumbList\",\"@id\":\"https:\/\/oradea.ro\/hu\/nagyvaradi-varoshaza\/varoshaza-szerkezete\/varoshaza-igazgatosagai\/alpolgarmesteri-kabinet\/marcel-dragos-kabinetiroda\/#breadcrumb\",\"itemListElement\":[{\"@type\":\"ListItem\",\"position\":1,\"name\":\"\",\"item\":\"https:\/\/oradea.ro\/hu\/\"},{\"@type\":\"ListItem\",\"position\":2,\"name\":\"Nagyv\u00e1radi V\u00e1rosh\u00e1za\",\"item\":\"https:\/\/oradea.ro\/hu\/nagyvaradi-varoshaza\/\"},{\"@type\":\"ListItem\",\"position\":3,\"name\":\"A V\u00e1rosh\u00e1za vezet\u0151s\u00e9ge\",\"item\":\"https:\/\/oradea.ro\/hu\/nagyvaradi-varoshaza\/varoshaza-szerkezete\/\"},{\"@type\":\"ListItem\",\"position\":4,\"name\":\"A V\u00e1rosh\u00e1za igazgat\u00f3s\u00e1gai\",\"item\":\"https:\/\/oradea.ro\/hu\/nagyvaradi-varoshaza\/varoshaza-szerkezete\/varoshaza-igazgatosagai\/\"},{\"@type\":\"ListItem\",\"position\":5,\"name\":\"Alpolg\u00e1rmesteri kabinetek\",\"item\":\"https:\/\/oradea.ro\/primaria-oradea\/structura-primariei\/directiile-primariei\/cabinet-viceprimar\/\"},{\"@type\":\"ListItem\",\"position\":6,\"name\":\"Teofil Filimon alpolg\u00e1rmester kabinetje\"}]},{\"@type\":\"WebSite\",\"@id\":\"https:\/\/oradea.ro\/#website\",\"url\":\"https:\/\/oradea.ro\/\",\"name\":\"Oradea.ro\",\"description\":\"Site-ul oficial al Prim\u0103riei Municipiului Oradea\",\"publisher\":{\"@id\":\"https:\/\/oradea.ro\/#organization\"},\"potentialAction\":[{\"@type\":\"SearchAction\",\"target\":{\"@type\":\"EntryPoint\",\"urlTemplate\":\"https:\/\/oradea.ro\/?s={search_term_string}\"},\"query-input\":{\"@type\":\"PropertyValueSpecification\",\"valueRequired\":true,\"valueName\":\"search_term_string\"}}],\"inLanguage\":\"hu\"},{\"@type\":\"Organization\",\"@id\":\"https:\/\/oradea.ro\/#organization\",\"name\":\"Oradea.ro\",\"url\":\"https:\/\/oradea.ro\/\",\"logo\":{\"@type\":\"ImageObject\",\"inLanguage\":\"hu\",\"@id\":\"https:\/\/oradea.ro\/#\/schema\/logo\/image\/\",\"url\":\"https:\/\/oradea.ro\/wp-content\/uploads\/2023\/06\/footer_logo.svg\",\"contentUrl\":\"https:\/\/oradea.ro\/wp-content\/uploads\/2023\/06\/footer_logo.svg\",\"width\":218,\"height\":53,\"caption\":\"Oradea.ro\"},\"image\":{\"@id\":\"https:\/\/oradea.ro\/#\/schema\/logo\/image\/\"}}]}<\/script>\n<!-- \/ Yoast SEO plugin. -->","yoast_head_json":{"title":"Teofil Filimon alpolg\u00e1rmester kabinetje - Oradea.ro","robots":{"index":"index","follow":"follow","max-snippet":"max-snippet:-1","max-image-preview":"max-image-preview:large","max-video-preview":"max-video-preview:-1"},"canonical":"https:\/\/oradea.ro\/hu\/nagyvaradi-varoshaza\/varoshaza-szerkezete\/varoshaza-igazgatosagai\/alpolgarmesteri-kabinet\/marcel-dragos-kabinetiroda\/","og_locale":"hu_HU","og_type":"article","og_title":"Teofil Filimon alpolg\u00e1rmester kabinetje - Oradea.ro","og_description":"Teofil Filimon alpolg\u00e1rmester kabinetje Teofil Filimon alpolg\u00e1rmester kabinetje Ciprian Ma\u0219ca\u0219 Ciprian Ma\u0219ca\u0219 Teofil Filimon alpolg\u00e1rmester tan\u00e1csosa. Teofil Filimon alpolg\u00e1rmester irod\u00e1j\u00e1nak saj\u00e1tos tev\u00e9kenys\u00e9geivel \u00f6sszhangban l\u00e9v\u0151 feladatok: r\u00e9szv\u00e9tel a k\u00f6z\u00f6ns\u00e9gtal\u00e1lkoz\u00f3kon, kommunik\u00e1ci\u00f3 az alpolg\u00e1rmester \u00e1ltal koordin\u00e1lt szervezetek \u00e9s a polg\u00e1rok \/ igazgat\u00f3s\u00e1gok, v\u00e1llalatok \u00e9s a helyi tan\u00e1csnak al\u00e1rendelt v\u00e1llalatok k\u00f6z\u00f6tt. El\u00e9rhet\u0151s\u00e9gek Polg\u00e1rmesteri Hivatal &#8211; Unirii t\u00e9r, 1. sz\u00e1m, I. emelet, 102 -es terem Email: mascas.ciprian@oradea.ro \u00d6n\u00e9letrajz Sz\u00fcletett: 1983. augusztus 24-\u00e9n, Bel\u00e9nyesen Szakmai tapasztalat 2024. augusztus &#8211; jelenleg: Teofil Filimon alpolg\u00e1rmester tan\u00e1csad\u00f3ja. 2020. december &#8211; 2024. augusztus: Marcel Dragos alpolg\u00e1rmester tan\u00e1csad\u00f3ja. 2013. j\u00fanius \u2013 2020. november: tan\u00e1csos, Bihar megyei Tan\u00e1cs 2007. j\u00falius \u2013 2013. j\u00fanius: tan\u00e1csos Bihar megyei K\u00f6rnyezetv\u00e9delmi \u00dcgyn\u00f6ks\u00e9g Oktat\u00e1s \u00e9s k\u00e9pz\u00e9s 2016 &#8211; Eur\u00f3pai Uni\u00f3s Alapok: K\u00f6rnyezet \u00e9s Hossz\u00fat\u00e1v\u00fa fejl\u0151d\u00e9s 2016 &#8211; Certiifcat de absolvire Expert accesare fonduri structural \u0219i de coeziune 2014-2020 2015 &#8211; K\u00f6zbeszerz\u00e9sek szak\u00e9rt\u0151je 2012 &#8211; 2015 &#8211; Nagyv\u00e1radi \u00c1llami Egyetem, K\u00f6rnyezetv\u00e9delmi kar &#8211; Hossz\u00fat\u00e1v\u00fa fejl\u0151d\u00e9s \u00e9s Agroturizmus szak 2013 &#8211; Hullad\u00e9kgazd\u00e1lkod\u00e1s 2014-2020 -as strat\u00e9gia 2011 &#8211; Nagyv\u00e1radi \u00c1llami Egyetem K\u00f6rnyezetv\u00e9delmi Szak 2002 &#8211; 2007 &#8211; m\u00e9rn\u00f6ki diploma, Nagyv\u00e1radi \u00c1llami Egyetem, K\u00f6rnyezetv\u00e9delmi kar, K\u00f6rnyezetv\u00e9delem szak 1998 &#8211; 2002 &#8211; \u201cIoan Ciorda\u0219\u201d iskola, Bel\u00e9nyes","og_url":"https:\/\/oradea.ro\/hu\/nagyvaradi-varoshaza\/varoshaza-szerkezete\/varoshaza-igazgatosagai\/alpolgarmesteri-kabinet\/marcel-dragos-kabinetiroda\/","og_site_name":"Oradea.ro","article_modified_time":"2024-11-01T08:27:37+00:00","twitter_card":"summary_large_image","twitter_misc":{"Becs\u00fclt olvas\u00e1si id\u0151":"1 perc"},"schema":{"@context":"https:\/\/schema.org","@graph":[{"@type":"WebPage","@id":"https:\/\/oradea.ro\/hu\/nagyvaradi-varoshaza\/varoshaza-szerkezete\/varoshaza-igazgatosagai\/alpolgarmesteri-kabinet\/marcel-dragos-kabinetiroda\/","url":"https:\/\/oradea.ro\/hu\/nagyvaradi-varoshaza\/varoshaza-szerkezete\/varoshaza-igazgatosagai\/alpolgarmesteri-kabinet\/marcel-dragos-kabinetiroda\/","name":"Teofil Filimon alpolg\u00e1rmester kabinetje - Oradea.ro","isPartOf":{"@id":"https:\/\/oradea.ro\/#website"},"datePublished":"2023-11-23T20:11:45+00:00","dateModified":"2024-11-01T08:27:37+00:00","breadcrumb":{"@id":"https:\/\/oradea.ro\/hu\/nagyvaradi-varoshaza\/varoshaza-szerkezete\/varoshaza-igazgatosagai\/alpolgarmesteri-kabinet\/marcel-dragos-kabinetiroda\/#breadcrumb"},"inLanguage":"hu","potentialAction":[{"@type":"ReadAction","target":["https:\/\/oradea.ro\/hu\/nagyvaradi-varoshaza\/varoshaza-szerkezete\/varoshaza-igazgatosagai\/alpolgarmesteri-kabinet\/marcel-dragos-kabinetiroda\/"]}]},{"@type":"BreadcrumbList","@id":"https:\/\/oradea.ro\/hu\/nagyvaradi-varoshaza\/varoshaza-szerkezete\/varoshaza-igazgatosagai\/alpolgarmesteri-kabinet\/marcel-dragos-kabinetiroda\/#breadcrumb","itemListElement":[{"@type":"ListItem","position":1,"name":"","item":"https:\/\/oradea.ro\/hu\/"},{"@type":"ListItem","position":2,"name":"Nagyv\u00e1radi V\u00e1rosh\u00e1za","item":"https:\/\/oradea.ro\/hu\/nagyvaradi-varoshaza\/"},{"@type":"ListItem","position":3,"name":"A V\u00e1rosh\u00e1za vezet\u0151s\u00e9ge","item":"https:\/\/oradea.ro\/hu\/nagyvaradi-varoshaza\/varoshaza-szerkezete\/"},{"@type":"ListItem","position":4,"name":"A V\u00e1rosh\u00e1za igazgat\u00f3s\u00e1gai","item":"https:\/\/oradea.ro\/hu\/nagyvaradi-varoshaza\/varoshaza-szerkezete\/varoshaza-igazgatosagai\/"},{"@type":"ListItem","position":5,"name":"Alpolg\u00e1rmesteri kabinetek","item":"https:\/\/oradea.ro\/primaria-oradea\/structura-primariei\/directiile-primariei\/cabinet-viceprimar\/"},{"@type":"ListItem","position":6,"name":"Teofil Filimon alpolg\u00e1rmester kabinetje"}]},{"@type":"WebSite","@id":"https:\/\/oradea.ro\/#website","url":"https:\/\/oradea.ro\/","name":"Oradea.ro","description":"Site-ul oficial al Prim\u0103riei Municipiului Oradea","publisher":{"@id":"https:\/\/oradea.ro\/#organization"},"potentialAction":[{"@type":"SearchAction","target":{"@type":"EntryPoint","urlTemplate":"https:\/\/oradea.ro\/?s={search_term_string}"},"query-input":{"@type":"PropertyValueSpecification","valueRequired":true,"valueName":"search_term_string"}}],"inLanguage":"hu"},{"@type":"Organization","@id":"https:\/\/oradea.ro\/#organization","name":"Oradea.ro","url":"https:\/\/oradea.ro\/","logo":{"@type":"ImageObject","inLanguage":"hu","@id":"https:\/\/oradea.ro\/#\/schema\/logo\/image\/","url":"https:\/\/oradea.ro\/wp-content\/uploads\/2023\/06\/footer_logo.svg","contentUrl":"https:\/\/oradea.ro\/wp-content\/uploads\/2023\/06\/footer_logo.svg","width":218,"height":53,"caption":"Oradea.ro"},"image":{"@id":"https:\/\/oradea.ro\/#\/schema\/logo\/image\/"}}]}},"publishpress_future_action":{"enabled":false,"date":"2026-04-12 01:18:31","action":"change-status","newStatus":"draft","terms":[],"taxonomy":"translation_priority","extraData":[]},"publishpress_future_workflow_manual_trigger":{"enabledWorkflows":[]},"_links":{"self":[{"href":"https:\/\/oradea.ro\/hu\/wp-json\/wp\/v2\/pages\/103115","targetHints":{"allow":["GET"]}}],"collection":[{"href":"https:\/\/oradea.ro\/hu\/wp-json\/wp\/v2\/pages"}],"about":[{"href":"https:\/\/oradea.ro\/hu\/wp-json\/wp\/v2\/types\/page"}],"author":[{"embeddable":true,"href":"https:\/\/oradea.ro\/hu\/wp-json\/wp\/v2\/users\/2"}],"replies":[{"embeddable":true,"href":"https:\/\/oradea.ro\/hu\/wp-json\/wp\/v2\/comments?post=103115"}],"version-history":[{"count":17,"href":"https:\/\/oradea.ro\/hu\/wp-json\/wp\/v2\/pages\/103115\/revisions"}],"predecessor-version":[{"id":335333,"href":"https:\/\/oradea.ro\/hu\/wp-json\/wp\/v2\/pages\/103115\/revisions\/335333"}],"up":[{"embeddable":true,"href":"https:\/\/oradea.ro\/hu\/wp-json\/wp\/v2\/pages\/103112"}],"wp:attachment":[{"href":"https:\/\/oradea.ro\/hu\/wp-json\/wp\/v2\/media?parent=103115"}],"curies":[{"name":"wp","href":"https:\/\/api.w.org\/{rel}","templated":true}]}}