{"id":103131,"date":"2023-09-12T09:14:40","date_gmt":"2023-09-12T07:14:40","guid":{"rendered":"https:\/\/oradea.ro\/nagyvaradi-varoshaza\/hirlevel\/"},"modified":"2023-12-11T09:30:37","modified_gmt":"2023-12-11T09:30:37","slug":"hirlevel","status":"publish","type":"page","link":"https:\/\/oradea.ro\/hu\/nagyvaradi-varoshaza\/hirlevel\/","title":{"rendered":"H\u00edrlev\u00e9l"},"content":{"rendered":"<div class=\"min-w-[100vw] h-[350px] md:h-[500px] ml-[calc(50%-50vw)] flex items-end bg-no-repeat bg-white bg-cover bg-center px-5\" style=\"background-image: url(https:\/\/oradea.ro\/wp-content\/uploads\/2023\/10\/piata-unirii-palat-vulturul-negru-Copy-scaled.jpg);\">\r\n                    <div class=\"w-full max-w-7xl mx-auto mb-6\">\r\n                        <h1 class=\"my-0 text-white font-extrabold font-open-sans text-3xl md:text-6xl [text-shadow:_0_1px_4px_rgb(0_0_0_\/_50%)]\">H\u00edrlev\u00e9l<\/h1>\r\n                    <\/div>\r\n                <\/div><div class=\"!px-5\"><div class=\"breadcrumbs w-full max-w-7xl mx-auto grid md:flex flex-wrap items-center py-4 test\"><div><a href=\"https:\/\/oradea.ro\/hu\/\"><span class=\"fas fa-home text-[#ABAEB3]\"><\/span><\/a><span class=\"md:hidden\"><span class=\"fas fa-chevron-down mx-5 text-xs text-[#ABAEB3] hover:text-black\/50 transition-all\"><\/span><\/span><span class=\"hidden md:inline\"><span class=\"fas fa-chevron-right mx-5 text-xs text-[#ABAEB3] hover:text-black\/50 transition-all\"><\/span><\/span><\/div><span class=\"font-poppins font-semibold uppercase text-black\/60\">H\u00edrlev\u00e9l<\/span><\/div><\/div>\t\t<div data-elementor-type=\"wp-page\" data-elementor-id=\"103131\" class=\"elementor elementor-103131 elementor-8186\" data-elementor-post-type=\"page\">\n\t\t\t\t<div class=\"elementor-element elementor-element-930b643 e-flex e-con-boxed wpr-particle-no wpr-jarallax-no wpr-parallax-no wpr-sticky-section-no e-con e-parent\" data-id=\"930b643\" data-element_type=\"container\">\n\t\t\t\t\t<div class=\"e-con-inner\">\n\t\t<div class=\"elementor-element elementor-element-4dc367a e-flex e-con-boxed wpr-particle-no wpr-jarallax-no wpr-parallax-no wpr-sticky-section-no e-con e-parent\" data-id=\"4dc367a\" data-element_type=\"container\">\n\t\t\t\t\t<div class=\"e-con-inner\">\n\t\t\t\t<div class=\"elementor-element elementor-element-a3dc14f elementor-widget elementor-widget-heading\" data-id=\"a3dc14f\" data-element_type=\"widget\" data-widget_type=\"heading.default\">\n\t\t\t\t<div class=\"elementor-widget-container\">\n\t\t\t\t\t<h2 class=\"elementor-heading-title elementor-size-default\">H\u00edrlev\u00e9l<\/h2>\t\t\t\t<\/div>\n\t\t\t\t<\/div>\n\t\t<div class=\"elementor-element elementor-element-6445411 e-con-full e-flex wpr-particle-no wpr-jarallax-no wpr-parallax-no wpr-sticky-section-no e-con e-parent\" data-id=\"6445411\" data-element_type=\"container\">\n\t\t<a class=\"elementor-element elementor-element-10a52da e-con-full e-flex wpr-particle-no wpr-jarallax-no wpr-parallax-no wpr-sticky-section-no e-con e-parent\" data-id=\"10a52da\" data-element_type=\"container\" href=\"https:\/\/oradea.ro\/informatii-primarie\/buletin-informativ\/anunt-exproprieri\/\">\n\t\t\t\t<div class=\"elementor-element elementor-element-6fcc9e3 elementor-widget elementor-widget-heading\" data-id=\"6fcc9e3\" data-element_type=\"widget\" data-widget_type=\"heading.default\">\n\t\t\t\t<div class=\"elementor-widget-container\">\n\t\t\t\t\t<h2 class=\"elementor-heading-title elementor-size-default\">Kisaj\u00e1t\u00edt\u00e1si \u00e9rtes\u00edt\u00e9s<\/h2>\t\t\t\t<\/div>\n\t\t\t\t<\/div>\n\t\t\t\t<\/a>\n\t\t<a class=\"elementor-element elementor-element-d3e9815 e-con-full e-flex wpr-particle-no wpr-jarallax-no wpr-parallax-no wpr-sticky-section-no e-con e-parent\" data-id=\"d3e9815\" data-element_type=\"container\" href=\"https:\/\/oradea.ro\/informatii-primarie\/buletin-informativ\/cod-de-etica-si-conduita-profesionala\/\">\n\t\t\t\t<div class=\"elementor-element elementor-element-e61ce6b elementor-widget elementor-widget-heading\" data-id=\"e61ce6b\" data-element_type=\"widget\" data-widget_type=\"heading.default\">\n\t\t\t\t<div class=\"elementor-widget-container\">\n\t\t\t\t\t<h2 class=\"elementor-heading-title elementor-size-default\">Etikai \u00e9s szakmai magatart\u00e1si k\u00f3dex<\/h2>\t\t\t\t<\/div>\n\t\t\t\t<\/div>\n\t\t\t\t<\/a>\n\t\t<a class=\"elementor-element elementor-element-497a00f e-con-full e-flex wpr-particle-no wpr-jarallax-no wpr-parallax-no wpr-sticky-section-no e-con e-parent\" data-id=\"497a00f\" data-element_type=\"container\" href=\"https:\/\/oradea.ro\/informatii-primarie\/buletin-informativ\/coordonatele-de-contact-ale-autoritatii\/\">\n\t\t\t\t<div class=\"elementor-element elementor-element-cea8d0c elementor-widget elementor-widget-heading\" data-id=\"cea8d0c\" data-element_type=\"widget\" data-widget_type=\"heading.default\">\n\t\t\t\t<div class=\"elementor-widget-container\">\n\t\t\t\t\t<h2 class=\"elementor-heading-title elementor-size-default\">A hat\u00f3s\u00e1g el\u00e9rhet\u0151s\u00e9gei, elnevez\u00e9se, sz\u00e9khelye, telefon- \u00e9s faxsz\u00e1m, e-mail c\u00edm \u00e9s honlapc\u00edm.<\/h2>\t\t\t\t<\/div>\n\t\t\t\t<\/div>\n\t\t\t\t<\/a>\n\t\t\t\t<\/div>\n\t\t<div class=\"elementor-element elementor-element-e0294fb e-con-full e-flex wpr-particle-no wpr-jarallax-no wpr-parallax-no wpr-sticky-section-no e-con e-parent\" data-id=\"e0294fb\" data-element_type=\"container\">\n\t\t<a class=\"elementor-element elementor-element-c29e741 e-con-full e-flex wpr-particle-no wpr-jarallax-no wpr-parallax-no wpr-sticky-section-no e-con e-parent\" data-id=\"c29e741\" data-element_type=\"container\" href=\"https:\/\/oradea.ro\/informatii-primarie\/buletin-informativ\/numele-si-prenumele-persoanelor-din-conducerea-autoritatii-si-ale-functionarului-responsabil-cu-difuzarea-informatiilor-publice\/\">\n\t\t\t\t<div class=\"elementor-element elementor-element-a65a630 elementor-widget elementor-widget-heading\" data-id=\"a65a630\" data-element_type=\"widget\" data-widget_type=\"heading.default\">\n\t\t\t\t<div class=\"elementor-widget-container\">\n\t\t\t\t\t<h2 class=\"elementor-heading-title elementor-size-default\">A hat\u00f3s\u00e1g vezet\u0151inek \u00e9s a k\u00f6z\u00e9rdek\u0171 inform\u00e1ci\u00f3k terjeszt\u00e9s\u00e9\u00e9rt felel\u0151s tisztvisel\u0151nek a neve \u00e9s ut\u00f3neve<\/h2>\t\t\t\t<\/div>\n\t\t\t\t<\/div>\n\t\t\t\t<\/a>\n\t\t<a class=\"elementor-element elementor-element-c1e1a14 e-con-full e-flex wpr-particle-no wpr-jarallax-no wpr-parallax-no wpr-sticky-section-no e-con e-parent\" data-id=\"c1e1a14\" data-element_type=\"container\" href=\"https:\/\/oradea.ro\/informatii-primarie\/buletin-informativ\/organigrama\/\">\n\t\t\t\t<div class=\"elementor-element elementor-element-8b6863d elementor-widget elementor-widget-heading\" data-id=\"8b6863d\" data-element_type=\"widget\" data-widget_type=\"heading.default\">\n\t\t\t\t<div class=\"elementor-widget-container\">\n\t\t\t\t\t<h2 class=\"elementor-heading-title elementor-size-default\">Szerkezeti fel\u00e9p\u00edt\u00e9s<\/h2>\t\t\t\t<\/div>\n\t\t\t\t<\/div>\n\t\t\t\t<\/a>\n\t\t<a class=\"elementor-element elementor-element-01b0009 e-con-full e-flex wpr-particle-no wpr-jarallax-no wpr-parallax-no wpr-sticky-section-no e-con e-parent\" data-id=\"01b0009\" data-element_type=\"container\" href=\"https:\/\/oradea.ro\/informatii-primarie\/buletin-informativ\/rapoarte-conform-legii-52-2003\/\">\n\t\t\t\t<div class=\"elementor-element elementor-element-6d159bc elementor-widget elementor-widget-heading\" data-id=\"6d159bc\" data-element_type=\"widget\" data-widget_type=\"heading.default\">\n\t\t\t\t<div class=\"elementor-widget-container\">\n\t\t\t\t\t<h2 class=\"elementor-heading-title elementor-size-default\">Jelent\u00e9sek a 52\/2003-as T\u00f6rv\u00e9ny alapj\u00e1n<\/h2>\t\t\t\t<\/div>\n\t\t\t\t<\/div>\n\t\t\t\t<\/a>\n\t\t\t\t<\/div>\n\t\t<div class=\"elementor-element elementor-element-32dc729 e-con-full e-flex wpr-particle-no wpr-jarallax-no wpr-parallax-no wpr-sticky-section-no e-con e-parent\" data-id=\"32dc729\" data-element_type=\"container\">\n\t\t<a class=\"elementor-element elementor-element-fd91cfb e-con-full e-flex wpr-particle-no wpr-jarallax-no wpr-parallax-no wpr-sticky-section-no e-con e-parent\" data-id=\"fd91cfb\" data-element_type=\"container\" href=\"https:\/\/oradea.ro\/informatii-primarie\/buletin-informativ\/rapoarte-conform-legii-544-2001\/\">\n\t\t\t\t<div class=\"elementor-element elementor-element-b6bc36f elementor-widget elementor-widget-heading\" data-id=\"b6bc36f\" data-element_type=\"widget\" data-widget_type=\"heading.default\">\n\t\t\t\t<div class=\"elementor-widget-container\">\n\t\t\t\t\t<h2 class=\"elementor-heading-title elementor-size-default\">Jelent\u00e9sek a 544\/2001-es T\u00f6rv\u00e9nynek megfelel\u0151en<\/h2>\t\t\t\t<\/div>\n\t\t\t\t<\/div>\n\t\t\t\t<\/a>\n\t\t<a class=\"elementor-element elementor-element-e0e2675 e-con-full e-flex wpr-particle-no wpr-jarallax-no wpr-parallax-no wpr-sticky-section-no e-con e-parent\" data-id=\"e0e2675\" data-element_type=\"container\" href=\"https:\/\/oradea.ro\/informatii-primarie\/buletin-informativ\/structura-organizatorica-atributiile-departamentelor-programul-de-functionare-programul-de-audiente-al-autoritatii\/\">\n\t\t\t\t<div class=\"elementor-element elementor-element-e01d0d6 elementor-widget elementor-widget-heading\" data-id=\"e01d0d6\" data-element_type=\"widget\" data-widget_type=\"heading.default\">\n\t\t\t\t<div class=\"elementor-widget-container\">\n\t\t\t\t\t<h2 class=\"elementor-heading-title elementor-size-default\">Szerkezeti fel\u00e9p\u00edt\u00e9s, a szerkezeti egys\u00e9gek feladatai, a hat\u00f3s\u00e1g m\u0171k\u00f6d\u00e9si \u00fctemterve, meghallgat\u00e1sok \u00fctemez\u00e9se<\/h2>\t\t\t\t<\/div>\n\t\t\t\t<\/div>\n\t\t\t\t<\/a>\n\t\t<a class=\"elementor-element elementor-element-42fb588 e-con-full e-flex wpr-particle-no wpr-jarallax-no wpr-parallax-no wpr-sticky-section-no e-con e-parent\" data-id=\"42fb588\" data-element_type=\"container\" href=\"https:\/\/oradea.ro\/informatii-primarie\/buletin-informativ\/sursele-financiare-bugetul-bilantul-contabil-si-lista-de-investitii\/\">\n\t\t\t\t<div class=\"elementor-element elementor-element-9ad2887 elementor-widget elementor-widget-heading\" data-id=\"9ad2887\" data-element_type=\"widget\" data-widget_type=\"heading.default\">\n\t\t\t\t<div class=\"elementor-widget-container\">\n\t\t\t\t\t<h2 class=\"elementor-heading-title elementor-size-default\">P\u00e9nz\u00fcgyi forr\u00e1sok, k\u00f6lts\u00e9gvet\u00e9s, k\u00f6nyvel\u00e9si m\u00e9rleg \u00e9s befektet\u00e9si lista<\/h2>\t\t\t\t<\/div>\n\t\t\t\t<\/div>\n\t\t\t\t<\/a>\n\t\t\t\t<\/div>\n\t\t\t\t\t<\/div>\n\t\t\t\t<\/div>\n\t\t\t\t\t<\/div>\n\t\t\t\t<\/div>\n\t\t\t\t<\/div>\n\t\t","protected":false},"excerpt":{"rendered":"<p>H\u00edrlev\u00e9l H\u00edrlev\u00e9l H\u00edrlev\u00e9l Kisaj\u00e1t\u00edt\u00e1si \u00e9rtes\u00edt\u00e9s Etikai \u00e9s szakmai magatart\u00e1si k\u00f3dex A hat\u00f3s\u00e1g el\u00e9rhet\u0151s\u00e9gei, elnevez\u00e9se, sz\u00e9khelye, telefon- \u00e9s faxsz\u00e1m, e-mail c\u00edm \u00e9s honlapc\u00edm. A hat\u00f3s\u00e1g vezet\u0151inek \u00e9s a k\u00f6z\u00e9rdek\u0171 inform\u00e1ci\u00f3k terjeszt\u00e9s\u00e9\u00e9rt felel\u0151s tisztvisel\u0151nek a neve \u00e9s ut\u00f3neve Szerkezeti fel\u00e9p\u00edt\u00e9s Jelent\u00e9sek a 52\/2003-as T\u00f6rv\u00e9ny alapj\u00e1n Jelent\u00e9sek a 544\/2001-es T\u00f6rv\u00e9nynek megfelel\u0151en Szerkezeti fel\u00e9p\u00edt\u00e9s, a szerkezeti egys\u00e9gek feladatai, a hat\u00f3s\u00e1g m\u0171k\u00f6d\u00e9si \u00fctemterve, meghallgat\u00e1sok \u00fctemez\u00e9se P\u00e9nz\u00fcgyi forr\u00e1sok, k\u00f6lts\u00e9gvet\u00e9s, k\u00f6nyvel\u00e9si m\u00e9rleg \u00e9s befektet\u00e9si lista<\/p>\n","protected":false},"author":1,"featured_media":24427,"parent":85220,"menu_order":0,"comment_status":"closed","ping_status":"closed","template":"","meta":{"_acf_changed":false,"ep_exclude_from_search":false,"footnotes":""},"class_list":["post-103131","page","type-page","status-publish","has-post-thumbnail","hentry"],"acf":[],"yoast_head":"<!-- This site is optimized with the Yoast SEO plugin v26.6 - https:\/\/yoast.com\/wordpress\/plugins\/seo\/ -->\n<title>H\u00edrlev\u00e9l - Oradea.ro<\/title>\n<meta name=\"robots\" content=\"index, follow, max-snippet:-1, max-image-preview:large, max-video-preview:-1\" \/>\n<link rel=\"canonical\" href=\"https:\/\/oradea.ro\/hu\/nagyvaradi-varoshaza\/hirlevel\/\" \/>\n<meta property=\"og:locale\" content=\"hu_HU\" \/>\n<meta property=\"og:type\" content=\"article\" \/>\n<meta property=\"og:title\" content=\"H\u00edrlev\u00e9l - Oradea.ro\" \/>\n<meta property=\"og:description\" content=\"H\u00edrlev\u00e9l H\u00edrlev\u00e9l H\u00edrlev\u00e9l Kisaj\u00e1t\u00edt\u00e1si \u00e9rtes\u00edt\u00e9s Etikai \u00e9s szakmai magatart\u00e1si k\u00f3dex A hat\u00f3s\u00e1g el\u00e9rhet\u0151s\u00e9gei, elnevez\u00e9se, sz\u00e9khelye, telefon- \u00e9s faxsz\u00e1m, e-mail c\u00edm \u00e9s honlapc\u00edm. A hat\u00f3s\u00e1g vezet\u0151inek \u00e9s a k\u00f6z\u00e9rdek\u0171 inform\u00e1ci\u00f3k terjeszt\u00e9s\u00e9\u00e9rt felel\u0151s tisztvisel\u0151nek a neve \u00e9s ut\u00f3neve Szerkezeti fel\u00e9p\u00edt\u00e9s Jelent\u00e9sek a 52\/2003-as T\u00f6rv\u00e9ny alapj\u00e1n Jelent\u00e9sek a 544\/2001-es T\u00f6rv\u00e9nynek megfelel\u0151en Szerkezeti fel\u00e9p\u00edt\u00e9s, a szerkezeti egys\u00e9gek feladatai, a hat\u00f3s\u00e1g m\u0171k\u00f6d\u00e9si \u00fctemterve, meghallgat\u00e1sok \u00fctemez\u00e9se P\u00e9nz\u00fcgyi forr\u00e1sok, k\u00f6lts\u00e9gvet\u00e9s, k\u00f6nyvel\u00e9si m\u00e9rleg \u00e9s befektet\u00e9si lista\" \/>\n<meta property=\"og:url\" content=\"https:\/\/oradea.ro\/hu\/nagyvaradi-varoshaza\/hirlevel\/\" \/>\n<meta property=\"og:site_name\" content=\"Oradea.ro\" \/>\n<meta property=\"article:modified_time\" content=\"2023-12-11T09:30:37+00:00\" \/>\n<meta property=\"og:image\" content=\"https:\/\/oradea.ro\/wp-content\/uploads\/2023\/10\/piata-unirii-palat-vulturul-negru-Copy-scaled.jpg\" \/>\n\t<meta property=\"og:image:width\" content=\"2560\" \/>\n\t<meta property=\"og:image:height\" content=\"1706\" \/>\n\t<meta property=\"og:image:type\" content=\"image\/jpeg\" \/>\n<meta name=\"twitter:card\" content=\"summary_large_image\" \/>\n<meta name=\"twitter:label1\" content=\"Becs\u00fclt olvas\u00e1si id\u0151\" \/>\n\t<meta name=\"twitter:data1\" content=\"1 perc\" \/>\n<script type=\"application\/ld+json\" class=\"yoast-schema-graph\">{\"@context\":\"https:\/\/schema.org\",\"@graph\":[{\"@type\":\"WebPage\",\"@id\":\"https:\/\/oradea.ro\/hu\/nagyvaradi-varoshaza\/hirlevel\/\",\"url\":\"https:\/\/oradea.ro\/hu\/nagyvaradi-varoshaza\/hirlevel\/\",\"name\":\"H\u00edrlev\u00e9l - Oradea.ro\",\"isPartOf\":{\"@id\":\"https:\/\/oradea.ro\/#website\"},\"primaryImageOfPage\":{\"@id\":\"https:\/\/oradea.ro\/hu\/nagyvaradi-varoshaza\/hirlevel\/#primaryimage\"},\"image\":{\"@id\":\"https:\/\/oradea.ro\/hu\/nagyvaradi-varoshaza\/hirlevel\/#primaryimage\"},\"thumbnailUrl\":\"https:\/\/oradea.ro\/wp-content\/uploads\/2023\/10\/piata-unirii-palat-vulturul-negru-Copy-scaled.jpg\",\"datePublished\":\"2023-09-12T07:14:40+00:00\",\"dateModified\":\"2023-12-11T09:30:37+00:00\",\"breadcrumb\":{\"@id\":\"https:\/\/oradea.ro\/hu\/nagyvaradi-varoshaza\/hirlevel\/#breadcrumb\"},\"inLanguage\":\"hu\",\"potentialAction\":[{\"@type\":\"ReadAction\",\"target\":[\"https:\/\/oradea.ro\/hu\/nagyvaradi-varoshaza\/hirlevel\/\"]}]},{\"@type\":\"ImageObject\",\"inLanguage\":\"hu\",\"@id\":\"https:\/\/oradea.ro\/hu\/nagyvaradi-varoshaza\/hirlevel\/#primaryimage\",\"url\":\"https:\/\/oradea.ro\/wp-content\/uploads\/2023\/10\/piata-unirii-palat-vulturul-negru-Copy-scaled.jpg\",\"contentUrl\":\"https:\/\/oradea.ro\/wp-content\/uploads\/2023\/10\/piata-unirii-palat-vulturul-negru-Copy-scaled.jpg\",\"width\":2560,\"height\":1706},{\"@type\":\"BreadcrumbList\",\"@id\":\"https:\/\/oradea.ro\/hu\/nagyvaradi-varoshaza\/hirlevel\/#breadcrumb\",\"itemListElement\":[{\"@type\":\"ListItem\",\"position\":1,\"name\":\"\",\"item\":\"https:\/\/oradea.ro\/hu\/\"},{\"@type\":\"ListItem\",\"position\":2,\"name\":\"Nagyv\u00e1radi V\u00e1rosh\u00e1za\",\"item\":\"https:\/\/oradea.ro\/hu\/nagyvaradi-varoshaza\/\"},{\"@type\":\"ListItem\",\"position\":3,\"name\":\"H\u00edrlev\u00e9l\"}]},{\"@type\":\"WebSite\",\"@id\":\"https:\/\/oradea.ro\/#website\",\"url\":\"https:\/\/oradea.ro\/\",\"name\":\"Oradea.ro\",\"description\":\"Site-ul oficial al Prim\u0103riei Municipiului Oradea\",\"publisher\":{\"@id\":\"https:\/\/oradea.ro\/#organization\"},\"potentialAction\":[{\"@type\":\"SearchAction\",\"target\":{\"@type\":\"EntryPoint\",\"urlTemplate\":\"https:\/\/oradea.ro\/?s={search_term_string}\"},\"query-input\":{\"@type\":\"PropertyValueSpecification\",\"valueRequired\":true,\"valueName\":\"search_term_string\"}}],\"inLanguage\":\"hu\"},{\"@type\":\"Organization\",\"@id\":\"https:\/\/oradea.ro\/#organization\",\"name\":\"Oradea.ro\",\"url\":\"https:\/\/oradea.ro\/\",\"logo\":{\"@type\":\"ImageObject\",\"inLanguage\":\"hu\",\"@id\":\"https:\/\/oradea.ro\/#\/schema\/logo\/image\/\",\"url\":\"https:\/\/oradea.ro\/wp-content\/uploads\/2023\/06\/footer_logo.svg\",\"contentUrl\":\"https:\/\/oradea.ro\/wp-content\/uploads\/2023\/06\/footer_logo.svg\",\"width\":218,\"height\":53,\"caption\":\"Oradea.ro\"},\"image\":{\"@id\":\"https:\/\/oradea.ro\/#\/schema\/logo\/image\/\"}}]}<\/script>\n<!-- \/ Yoast SEO plugin. -->","yoast_head_json":{"title":"H\u00edrlev\u00e9l - Oradea.ro","robots":{"index":"index","follow":"follow","max-snippet":"max-snippet:-1","max-image-preview":"max-image-preview:large","max-video-preview":"max-video-preview:-1"},"canonical":"https:\/\/oradea.ro\/hu\/nagyvaradi-varoshaza\/hirlevel\/","og_locale":"hu_HU","og_type":"article","og_title":"H\u00edrlev\u00e9l - Oradea.ro","og_description":"H\u00edrlev\u00e9l H\u00edrlev\u00e9l H\u00edrlev\u00e9l Kisaj\u00e1t\u00edt\u00e1si \u00e9rtes\u00edt\u00e9s Etikai \u00e9s szakmai magatart\u00e1si k\u00f3dex A hat\u00f3s\u00e1g el\u00e9rhet\u0151s\u00e9gei, elnevez\u00e9se, sz\u00e9khelye, telefon- \u00e9s faxsz\u00e1m, e-mail c\u00edm \u00e9s honlapc\u00edm. A hat\u00f3s\u00e1g vezet\u0151inek \u00e9s a k\u00f6z\u00e9rdek\u0171 inform\u00e1ci\u00f3k terjeszt\u00e9s\u00e9\u00e9rt felel\u0151s tisztvisel\u0151nek a neve \u00e9s ut\u00f3neve Szerkezeti fel\u00e9p\u00edt\u00e9s Jelent\u00e9sek a 52\/2003-as T\u00f6rv\u00e9ny alapj\u00e1n Jelent\u00e9sek a 544\/2001-es T\u00f6rv\u00e9nynek megfelel\u0151en Szerkezeti fel\u00e9p\u00edt\u00e9s, a szerkezeti egys\u00e9gek feladatai, a hat\u00f3s\u00e1g m\u0171k\u00f6d\u00e9si \u00fctemterve, meghallgat\u00e1sok \u00fctemez\u00e9se P\u00e9nz\u00fcgyi forr\u00e1sok, k\u00f6lts\u00e9gvet\u00e9s, k\u00f6nyvel\u00e9si m\u00e9rleg \u00e9s befektet\u00e9si lista","og_url":"https:\/\/oradea.ro\/hu\/nagyvaradi-varoshaza\/hirlevel\/","og_site_name":"Oradea.ro","article_modified_time":"2023-12-11T09:30:37+00:00","og_image":[{"width":2560,"height":1706,"url":"https:\/\/oradea.ro\/wp-content\/uploads\/2023\/10\/piata-unirii-palat-vulturul-negru-Copy-scaled.jpg","type":"image\/jpeg"}],"twitter_card":"summary_large_image","twitter_misc":{"Becs\u00fclt olvas\u00e1si id\u0151":"1 perc"},"schema":{"@context":"https:\/\/schema.org","@graph":[{"@type":"WebPage","@id":"https:\/\/oradea.ro\/hu\/nagyvaradi-varoshaza\/hirlevel\/","url":"https:\/\/oradea.ro\/hu\/nagyvaradi-varoshaza\/hirlevel\/","name":"H\u00edrlev\u00e9l - Oradea.ro","isPartOf":{"@id":"https:\/\/oradea.ro\/#website"},"primaryImageOfPage":{"@id":"https:\/\/oradea.ro\/hu\/nagyvaradi-varoshaza\/hirlevel\/#primaryimage"},"image":{"@id":"https:\/\/oradea.ro\/hu\/nagyvaradi-varoshaza\/hirlevel\/#primaryimage"},"thumbnailUrl":"https:\/\/oradea.ro\/wp-content\/uploads\/2023\/10\/piata-unirii-palat-vulturul-negru-Copy-scaled.jpg","datePublished":"2023-09-12T07:14:40+00:00","dateModified":"2023-12-11T09:30:37+00:00","breadcrumb":{"@id":"https:\/\/oradea.ro\/hu\/nagyvaradi-varoshaza\/hirlevel\/#breadcrumb"},"inLanguage":"hu","potentialAction":[{"@type":"ReadAction","target":["https:\/\/oradea.ro\/hu\/nagyvaradi-varoshaza\/hirlevel\/"]}]},{"@type":"ImageObject","inLanguage":"hu","@id":"https:\/\/oradea.ro\/hu\/nagyvaradi-varoshaza\/hirlevel\/#primaryimage","url":"https:\/\/oradea.ro\/wp-content\/uploads\/2023\/10\/piata-unirii-palat-vulturul-negru-Copy-scaled.jpg","contentUrl":"https:\/\/oradea.ro\/wp-content\/uploads\/2023\/10\/piata-unirii-palat-vulturul-negru-Copy-scaled.jpg","width":2560,"height":1706},{"@type":"BreadcrumbList","@id":"https:\/\/oradea.ro\/hu\/nagyvaradi-varoshaza\/hirlevel\/#breadcrumb","itemListElement":[{"@type":"ListItem","position":1,"name":"","item":"https:\/\/oradea.ro\/hu\/"},{"@type":"ListItem","position":2,"name":"Nagyv\u00e1radi V\u00e1rosh\u00e1za","item":"https:\/\/oradea.ro\/hu\/nagyvaradi-varoshaza\/"},{"@type":"ListItem","position":3,"name":"H\u00edrlev\u00e9l"}]},{"@type":"WebSite","@id":"https:\/\/oradea.ro\/#website","url":"https:\/\/oradea.ro\/","name":"Oradea.ro","description":"Site-ul oficial al Prim\u0103riei Municipiului Oradea","publisher":{"@id":"https:\/\/oradea.ro\/#organization"},"potentialAction":[{"@type":"SearchAction","target":{"@type":"EntryPoint","urlTemplate":"https:\/\/oradea.ro\/?s={search_term_string}"},"query-input":{"@type":"PropertyValueSpecification","valueRequired":true,"valueName":"search_term_string"}}],"inLanguage":"hu"},{"@type":"Organization","@id":"https:\/\/oradea.ro\/#organization","name":"Oradea.ro","url":"https:\/\/oradea.ro\/","logo":{"@type":"ImageObject","inLanguage":"hu","@id":"https:\/\/oradea.ro\/#\/schema\/logo\/image\/","url":"https:\/\/oradea.ro\/wp-content\/uploads\/2023\/06\/footer_logo.svg","contentUrl":"https:\/\/oradea.ro\/wp-content\/uploads\/2023\/06\/footer_logo.svg","width":218,"height":53,"caption":"Oradea.ro"},"image":{"@id":"https:\/\/oradea.ro\/#\/schema\/logo\/image\/"}}]}},"publishpress_future_action":{"enabled":false,"date":"2026-05-16 08:51:18","action":"change-status","newStatus":"draft","terms":[],"taxonomy":"translation_priority","extraData":[]},"publishpress_future_workflow_manual_trigger":{"enabledWorkflows":[]},"_links":{"self":[{"href":"https:\/\/oradea.ro\/hu\/wp-json\/wp\/v2\/pages\/103131","targetHints":{"allow":["GET"]}}],"collection":[{"href":"https:\/\/oradea.ro\/hu\/wp-json\/wp\/v2\/pages"}],"about":[{"href":"https:\/\/oradea.ro\/hu\/wp-json\/wp\/v2\/types\/page"}],"author":[{"embeddable":true,"href":"https:\/\/oradea.ro\/hu\/wp-json\/wp\/v2\/users\/1"}],"replies":[{"embeddable":true,"href":"https:\/\/oradea.ro\/hu\/wp-json\/wp\/v2\/comments?post=103131"}],"version-history":[{"count":3,"href":"https:\/\/oradea.ro\/hu\/wp-json\/wp\/v2\/pages\/103131\/revisions"}],"predecessor-version":[{"id":103134,"href":"https:\/\/oradea.ro\/hu\/wp-json\/wp\/v2\/pages\/103131\/revisions\/103134"}],"up":[{"embeddable":true,"href":"https:\/\/oradea.ro\/hu\/wp-json\/wp\/v2\/pages\/85220"}],"wp:featuredmedia":[{"embeddable":true,"href":"https:\/\/oradea.ro\/hu\/wp-json\/wp\/v2\/media\/24427"}],"wp:attachment":[{"href":"https:\/\/oradea.ro\/hu\/wp-json\/wp\/v2\/media?parent=103131"}],"curies":[{"name":"wp","href":"https:\/\/api.w.org\/{rel}","templated":true}]}}