{"id":103841,"date":"2023-11-09T09:41:14","date_gmt":"2023-11-09T09:41:14","guid":{"rendered":"https:\/\/oradea.ro\/urbanisztikai-dokumentumok-elektronikus-kiadasa\/"},"modified":"2024-01-24T09:39:21","modified_gmt":"2024-01-24T09:39:21","slug":"urbanisztikai-dokumentumok-elektronikus-kiadasa","status":"publish","type":"page","link":"https:\/\/oradea.ro\/hu\/teruletrendezes\/urbanisztikai-dokumentumok-elektronikus-kiadasa\/","title":{"rendered":"Urbanisztikai dokumentumok elektronikus kiad\u00e1sa"},"content":{"rendered":"<div class=\"min-w-[100vw] h-[350px] md:h-[500px] ml-[calc(50%-50vw)] flex items-end bg-no-repeat bg-white bg-cover bg-center px-5\" style=\"background-image: url(https:\/\/oradea.ro\/wp-content\/uploads\/2023\/10\/piata-unirii-palat-vulturul-negru-Copy-scaled.jpg);\">\r\n                    <div class=\"w-full max-w-7xl mx-auto mb-6\">\r\n                        <h1 class=\"my-0 text-white font-extrabold font-open-sans text-3xl md:text-6xl [text-shadow:_0_1px_4px_rgb(0_0_0_\/_50%)]\">Urbanisztikai dokumentumok elektronikus kiad\u00e1sa<\/h1>\r\n                    <\/div>\r\n                <\/div><div class=\"!px-5\"><div class=\"breadcrumbs w-full max-w-7xl mx-auto grid md:flex flex-wrap items-center py-4 test\"><div><a href=\"https:\/\/oradea.ro\/hu\/\"><span class=\"fas fa-home text-[#ABAEB3]\"><\/span><\/a><span class=\"md:hidden\"><span class=\"fas fa-chevron-down mx-5 text-xs text-[#ABAEB3] hover:text-black\/50 transition-all\"><\/span><\/span><span class=\"hidden md:inline\"><span class=\"fas fa-chevron-right mx-5 text-xs text-[#ABAEB3] hover:text-black\/50 transition-all\"><\/span><\/span><\/div><span class=\"font-poppins font-semibold uppercase text-black\/60\">Urbanisztikai dokumentumok elektronikus kiad\u00e1sa<\/span><\/div><\/div>\t\t<div data-elementor-type=\"wp-page\" data-elementor-id=\"103841\" class=\"elementor elementor-103841 elementor-29226\" data-elementor-post-type=\"page\">\n\t\t\t\t<div class=\"elementor-element elementor-element-01c9404 e-flex e-con-boxed wpr-particle-no wpr-jarallax-no wpr-parallax-no wpr-sticky-section-no e-con e-parent\" data-id=\"01c9404\" data-element_type=\"container\">\n\t\t\t\t\t<div class=\"e-con-inner\">\n\t\t\t\t<div class=\"elementor-element elementor-element-cf1bf9f elementor-widget__width-initial wpr-advanced-accordion-icon-side-box elementor-widget elementor-widget-wpr-advanced-accordion\" data-id=\"cf1bf9f\" data-element_type=\"widget\" data-settings=\"{&quot;active_item&quot;:0}\" data-widget_type=\"wpr-advanced-accordion.default\">\n\t\t\t\t<div class=\"elementor-widget-container\">\n\t\t\t\t\t\n            <div class=\"wpr-advanced-accordion\" data-accordion-type=\"accordion\" data-active-index=\"0\" data-accordion-trigger=\"click\" data-interaction-speed=\"0.4\">\n\n\t\t\t\n                \n\t\t\t\t\t<div class=\"wpr-accordion-item-wrap\">\n\t\t\t\t\t\t<button class=\"wpr-acc-button\">\n\t\t\t\t\t\t\t<span class=\"wpr-acc-item-title\">\n\t\t\t\t\t\t\t\t\t\t\t\t\t\t\t\t\t<div class=\"wpr-acc-icon-box\">\n\t\t\t\t\t\t\t\t\t\t\t\t\t\t<span class=\"wpr-title-icon\">\n\t\t\t\t\t<i aria-hidden=\"true\" class=\"fas fa-info\"><\/i>\t\t\t\t<\/span>\n\t\t\t\t\t\t\t\t\t\t\t\t<\/div>\n\t\t\t\t\t\t\t\t\n\t\t\t\t\t\t\t\t<span class=\"wpr-acc-title-text\">Urbanisztikai dokumentumok elektronikus kiad\u00e1sa<\/span>\n\t\t\t\t\t\t\t<\/span>\n\t\t\t\t\t\t\t\t\t\t\t<span class=\"wpr-toggle-icon wpr-ti-close\"><i aria-hidden=\"true\" class=\"fas fa-plus\"><\/i><\/span>\n\t\t\t\t<span class=\"wpr-toggle-icon wpr-ti-open\"><i aria-hidden=\"true\" class=\"fas fa-minus\"><\/i><\/span>\n\t\t\t\t\t\t\t\t\t<\/button>\n\n\t\t\t\t\t\t<div class=\"wpr-acc-panel\">\n\t\t\t\t\t\t\t\t\t\t\t\t\t\t\t<div class=\"wpr-acc-panel-content\"><p class=\"p\">A v\u00e1rostervez\u00e9si tan\u00fas\u00edtv\u00e1ny online megszerz\u00e9s\u00e9hez egy speci\u00e1lis platformot fejlesztettek ki. A dokumentum mind\u00f6ssze 5 l\u00e9p\u00e9sben, digit\u00e1lis form\u00e1tumban is beszerezhet\u0151:<\/p><p class=\"p\">1. <a class=\"a_body_bw\" href=\"https:\/\/platformacetateni.oradea.globalpay.ro\/public\/cetatean-login\/index\" target=\"_blank\" rel=\"noopener\">Menjen a www.oradea.ro oldalra a <b>Ghi\u0219eul Online r\u00e9szlegre<\/b>;<\/a><\/p><p class=\"p\">2. V\u00e1lassza a <b>Bejelentkez\u00e9s n\u00e9lk\u00fcl<\/b> opci\u00f3t, majd l\u00e9pjen a <b>Tervez\u00e9si tan\u00fas\u00edtv\u00e1nyok<\/b> (digit\u00e1lis tervez\u00e9si tan\u00fas\u00edtv\u00e1ny online kiad\u00e1sa) men\u00fcpontra;<\/p><p class=\"p\">3. T\u00f6ltse ki az \u0171rlapot \u00e9s t\u00f6ltse fel a k\u00e9rt dokumentumokat, majd kattintson a <b>K\u00fcld\u00e9s<\/b> gombra;<\/p><p class=\"p\">4. V\u00e1lassza az <b>Online fizet\u00e9s<\/b> lehet\u0151s\u00e9get \u00e9s fizesse be a Telep\u00fcl\u00e9srendez\u00e9si bizony\u00edtv\u00e1ny ki\u00e1ll\u00edt\u00e1s\u00e1\u00e9rt fizetend\u0151 d\u00edjat;<\/p><p class=\"p\">5. Kapni fog egy e-mailt, amely tartalmazza a jelentkez\u00e9s adatait majd a jelentkez\u00e9s \u00e9rv\u00e9nyes\u00edt\u00e9s\u00e9hez meg kell er\u0151s\u00edtenie a jelentkez\u00e9s\u00e9t, ha r\u00e1kattint.<\/p><p class=\"p\">Ezut\u00e1n kap egy e-mailt, amely tartalmazza a k\u00e9relem regisztr\u00e1ci\u00f3s sz\u00e1m\u00e1t \u00e9s a k\u00e9relem megold\u00e1s\u00e1nak hat\u00e1ridej\u00e9t.<\/p><\/div>\n\t\t\t\t\t\t\t\t\t\t\t\t\t<\/div>\n                    <\/div>\n\n                            <\/div>\n        \t\t\t\t<\/div>\n\t\t\t\t<\/div>\n\t\t\t\t\t<\/div>\n\t\t\t\t<\/div>\n\t\t\t\t<\/div>\n\t\t","protected":false},"excerpt":{"rendered":"<p>Urbanisztikai dokumentumok elektronikus kiad\u00e1sa Urbanisztikai dokumentumok elektronikus kiad\u00e1sa Urbanisztikai dokumentumok elektronikus kiad\u00e1sa A v\u00e1rostervez\u00e9si tan\u00fas\u00edtv\u00e1ny online megszerz\u00e9s\u00e9hez egy speci\u00e1lis platformot fejlesztettek ki. A dokumentum mind\u00f6ssze 5 l\u00e9p\u00e9sben, digit\u00e1lis form\u00e1tumban is beszerezhet\u0151: 1. Menjen a www.oradea.ro oldalra a Ghi\u0219eul Online r\u00e9szlegre; 2. V\u00e1lassza a Bejelentkez\u00e9s n\u00e9lk\u00fcl opci\u00f3t, majd l\u00e9pjen a Tervez\u00e9si tan\u00fas\u00edtv\u00e1nyok (digit\u00e1lis tervez\u00e9si tan\u00fas\u00edtv\u00e1ny online kiad\u00e1sa) men\u00fcpontra; 3. T\u00f6ltse ki az \u0171rlapot \u00e9s t\u00f6ltse fel a k\u00e9rt dokumentumokat, majd kattintson a K\u00fcld\u00e9s gombra; 4. V\u00e1lassza az Online fizet\u00e9s lehet\u0151s\u00e9get \u00e9s fizesse be a Telep\u00fcl\u00e9srendez\u00e9si bizony\u00edtv\u00e1ny ki\u00e1ll\u00edt\u00e1s\u00e1\u00e9rt fizetend\u0151 d\u00edjat; 5. Kapni fog egy e-mailt, amely tartalmazza a jelentkez\u00e9s adatait majd a jelentkez\u00e9s \u00e9rv\u00e9nyes\u00edt\u00e9s\u00e9hez meg kell er\u0151s\u00edtenie a jelentkez\u00e9s\u00e9t, ha r\u00e1kattint. Ezut\u00e1n kap egy e-mailt, amely tartalmazza a k\u00e9relem regisztr\u00e1ci\u00f3s sz\u00e1m\u00e1t \u00e9s a k\u00e9relem megold\u00e1s\u00e1nak hat\u00e1ridej\u00e9t.<\/p>\n","protected":false},"author":2,"featured_media":24427,"parent":103894,"menu_order":0,"comment_status":"closed","ping_status":"closed","template":"","meta":{"_acf_changed":false,"ep_exclude_from_search":false,"footnotes":""},"class_list":["post-103841","page","type-page","status-publish","has-post-thumbnail","hentry"],"acf":[],"yoast_head":"<!-- This site is optimized with the Yoast SEO plugin v26.6 - https:\/\/yoast.com\/wordpress\/plugins\/seo\/ -->\n<title>Urbanisztikai dokumentumok elektronikus kiad\u00e1sa - Oradea.ro<\/title>\n<meta name=\"robots\" content=\"index, follow, max-snippet:-1, max-image-preview:large, max-video-preview:-1\" \/>\n<link rel=\"canonical\" href=\"https:\/\/oradea.ro\/hu\/teruletrendezes\/urbanisztikai-dokumentumok-elektronikus-kiadasa\/\" \/>\n<meta property=\"og:locale\" content=\"hu_HU\" \/>\n<meta property=\"og:type\" content=\"article\" \/>\n<meta property=\"og:title\" content=\"Urbanisztikai dokumentumok elektronikus kiad\u00e1sa - Oradea.ro\" \/>\n<meta property=\"og:description\" content=\"Urbanisztikai dokumentumok elektronikus kiad\u00e1sa Urbanisztikai dokumentumok elektronikus kiad\u00e1sa Urbanisztikai dokumentumok elektronikus kiad\u00e1sa A v\u00e1rostervez\u00e9si tan\u00fas\u00edtv\u00e1ny online megszerz\u00e9s\u00e9hez egy speci\u00e1lis platformot fejlesztettek ki. A dokumentum mind\u00f6ssze 5 l\u00e9p\u00e9sben, digit\u00e1lis form\u00e1tumban is beszerezhet\u0151: 1. Menjen a www.oradea.ro oldalra a Ghi\u0219eul Online r\u00e9szlegre; 2. V\u00e1lassza a Bejelentkez\u00e9s n\u00e9lk\u00fcl opci\u00f3t, majd l\u00e9pjen a Tervez\u00e9si tan\u00fas\u00edtv\u00e1nyok (digit\u00e1lis tervez\u00e9si tan\u00fas\u00edtv\u00e1ny online kiad\u00e1sa) men\u00fcpontra; 3. T\u00f6ltse ki az \u0171rlapot \u00e9s t\u00f6ltse fel a k\u00e9rt dokumentumokat, majd kattintson a K\u00fcld\u00e9s gombra; 4. V\u00e1lassza az Online fizet\u00e9s lehet\u0151s\u00e9get \u00e9s fizesse be a Telep\u00fcl\u00e9srendez\u00e9si bizony\u00edtv\u00e1ny ki\u00e1ll\u00edt\u00e1s\u00e1\u00e9rt fizetend\u0151 d\u00edjat; 5. Kapni fog egy e-mailt, amely tartalmazza a jelentkez\u00e9s adatait majd a jelentkez\u00e9s \u00e9rv\u00e9nyes\u00edt\u00e9s\u00e9hez meg kell er\u0151s\u00edtenie a jelentkez\u00e9s\u00e9t, ha r\u00e1kattint. Ezut\u00e1n kap egy e-mailt, amely tartalmazza a k\u00e9relem regisztr\u00e1ci\u00f3s sz\u00e1m\u00e1t \u00e9s a k\u00e9relem megold\u00e1s\u00e1nak hat\u00e1ridej\u00e9t.\" \/>\n<meta property=\"og:url\" content=\"https:\/\/oradea.ro\/hu\/teruletrendezes\/urbanisztikai-dokumentumok-elektronikus-kiadasa\/\" \/>\n<meta property=\"og:site_name\" content=\"Oradea.ro\" \/>\n<meta property=\"article:modified_time\" content=\"2024-01-24T09:39:21+00:00\" \/>\n<meta property=\"og:image\" content=\"https:\/\/oradea.ro\/wp-content\/uploads\/2023\/10\/piata-unirii-palat-vulturul-negru-Copy-scaled.jpg\" \/>\n\t<meta property=\"og:image:width\" content=\"2560\" \/>\n\t<meta property=\"og:image:height\" content=\"1706\" \/>\n\t<meta property=\"og:image:type\" content=\"image\/jpeg\" \/>\n<meta name=\"twitter:card\" content=\"summary_large_image\" \/>\n<meta name=\"twitter:label1\" content=\"Becs\u00fclt olvas\u00e1si id\u0151\" \/>\n\t<meta name=\"twitter:data1\" content=\"1 perc\" \/>\n<script type=\"application\/ld+json\" class=\"yoast-schema-graph\">{\"@context\":\"https:\/\/schema.org\",\"@graph\":[{\"@type\":\"WebPage\",\"@id\":\"https:\/\/oradea.ro\/hu\/teruletrendezes\/urbanisztikai-dokumentumok-elektronikus-kiadasa\/\",\"url\":\"https:\/\/oradea.ro\/hu\/teruletrendezes\/urbanisztikai-dokumentumok-elektronikus-kiadasa\/\",\"name\":\"Urbanisztikai dokumentumok elektronikus kiad\u00e1sa - Oradea.ro\",\"isPartOf\":{\"@id\":\"https:\/\/oradea.ro\/#website\"},\"primaryImageOfPage\":{\"@id\":\"https:\/\/oradea.ro\/hu\/teruletrendezes\/urbanisztikai-dokumentumok-elektronikus-kiadasa\/#primaryimage\"},\"image\":{\"@id\":\"https:\/\/oradea.ro\/hu\/teruletrendezes\/urbanisztikai-dokumentumok-elektronikus-kiadasa\/#primaryimage\"},\"thumbnailUrl\":\"https:\/\/oradea.ro\/wp-content\/uploads\/2023\/10\/piata-unirii-palat-vulturul-negru-Copy-scaled.jpg\",\"datePublished\":\"2023-11-09T09:41:14+00:00\",\"dateModified\":\"2024-01-24T09:39:21+00:00\",\"breadcrumb\":{\"@id\":\"https:\/\/oradea.ro\/hu\/teruletrendezes\/urbanisztikai-dokumentumok-elektronikus-kiadasa\/#breadcrumb\"},\"inLanguage\":\"hu\",\"potentialAction\":[{\"@type\":\"ReadAction\",\"target\":[\"https:\/\/oradea.ro\/hu\/teruletrendezes\/urbanisztikai-dokumentumok-elektronikus-kiadasa\/\"]}]},{\"@type\":\"ImageObject\",\"inLanguage\":\"hu\",\"@id\":\"https:\/\/oradea.ro\/hu\/teruletrendezes\/urbanisztikai-dokumentumok-elektronikus-kiadasa\/#primaryimage\",\"url\":\"https:\/\/oradea.ro\/wp-content\/uploads\/2023\/10\/piata-unirii-palat-vulturul-negru-Copy-scaled.jpg\",\"contentUrl\":\"https:\/\/oradea.ro\/wp-content\/uploads\/2023\/10\/piata-unirii-palat-vulturul-negru-Copy-scaled.jpg\",\"width\":2560,\"height\":1706},{\"@type\":\"BreadcrumbList\",\"@id\":\"https:\/\/oradea.ro\/hu\/teruletrendezes\/urbanisztikai-dokumentumok-elektronikus-kiadasa\/#breadcrumb\",\"itemListElement\":[{\"@type\":\"ListItem\",\"position\":1,\"name\":\"\",\"item\":\"https:\/\/oradea.ro\/hu\/\"},{\"@type\":\"ListItem\",\"position\":2,\"name\":\"Ter\u00fcletrendez\u00e9s\",\"item\":\"https:\/\/oradea.ro\/hu\/teruletrendezes\/\"},{\"@type\":\"ListItem\",\"position\":3,\"name\":\"Urbanisztikai dokumentumok elektronikus kiad\u00e1sa\"}]},{\"@type\":\"WebSite\",\"@id\":\"https:\/\/oradea.ro\/#website\",\"url\":\"https:\/\/oradea.ro\/\",\"name\":\"Oradea.ro\",\"description\":\"Site-ul oficial al Prim\u0103riei Municipiului Oradea\",\"publisher\":{\"@id\":\"https:\/\/oradea.ro\/#organization\"},\"potentialAction\":[{\"@type\":\"SearchAction\",\"target\":{\"@type\":\"EntryPoint\",\"urlTemplate\":\"https:\/\/oradea.ro\/?s={search_term_string}\"},\"query-input\":{\"@type\":\"PropertyValueSpecification\",\"valueRequired\":true,\"valueName\":\"search_term_string\"}}],\"inLanguage\":\"hu\"},{\"@type\":\"Organization\",\"@id\":\"https:\/\/oradea.ro\/#organization\",\"name\":\"Oradea.ro\",\"url\":\"https:\/\/oradea.ro\/\",\"logo\":{\"@type\":\"ImageObject\",\"inLanguage\":\"hu\",\"@id\":\"https:\/\/oradea.ro\/#\/schema\/logo\/image\/\",\"url\":\"https:\/\/oradea.ro\/wp-content\/uploads\/2023\/06\/footer_logo.svg\",\"contentUrl\":\"https:\/\/oradea.ro\/wp-content\/uploads\/2023\/06\/footer_logo.svg\",\"width\":218,\"height\":53,\"caption\":\"Oradea.ro\"},\"image\":{\"@id\":\"https:\/\/oradea.ro\/#\/schema\/logo\/image\/\"}}]}<\/script>\n<!-- \/ Yoast SEO plugin. -->","yoast_head_json":{"title":"Urbanisztikai dokumentumok elektronikus kiad\u00e1sa - Oradea.ro","robots":{"index":"index","follow":"follow","max-snippet":"max-snippet:-1","max-image-preview":"max-image-preview:large","max-video-preview":"max-video-preview:-1"},"canonical":"https:\/\/oradea.ro\/hu\/teruletrendezes\/urbanisztikai-dokumentumok-elektronikus-kiadasa\/","og_locale":"hu_HU","og_type":"article","og_title":"Urbanisztikai dokumentumok elektronikus kiad\u00e1sa - Oradea.ro","og_description":"Urbanisztikai dokumentumok elektronikus kiad\u00e1sa Urbanisztikai dokumentumok elektronikus kiad\u00e1sa Urbanisztikai dokumentumok elektronikus kiad\u00e1sa A v\u00e1rostervez\u00e9si tan\u00fas\u00edtv\u00e1ny online megszerz\u00e9s\u00e9hez egy speci\u00e1lis platformot fejlesztettek ki. A dokumentum mind\u00f6ssze 5 l\u00e9p\u00e9sben, digit\u00e1lis form\u00e1tumban is beszerezhet\u0151: 1. Menjen a www.oradea.ro oldalra a Ghi\u0219eul Online r\u00e9szlegre; 2. V\u00e1lassza a Bejelentkez\u00e9s n\u00e9lk\u00fcl opci\u00f3t, majd l\u00e9pjen a Tervez\u00e9si tan\u00fas\u00edtv\u00e1nyok (digit\u00e1lis tervez\u00e9si tan\u00fas\u00edtv\u00e1ny online kiad\u00e1sa) men\u00fcpontra; 3. T\u00f6ltse ki az \u0171rlapot \u00e9s t\u00f6ltse fel a k\u00e9rt dokumentumokat, majd kattintson a K\u00fcld\u00e9s gombra; 4. V\u00e1lassza az Online fizet\u00e9s lehet\u0151s\u00e9get \u00e9s fizesse be a Telep\u00fcl\u00e9srendez\u00e9si bizony\u00edtv\u00e1ny ki\u00e1ll\u00edt\u00e1s\u00e1\u00e9rt fizetend\u0151 d\u00edjat; 5. Kapni fog egy e-mailt, amely tartalmazza a jelentkez\u00e9s adatait majd a jelentkez\u00e9s \u00e9rv\u00e9nyes\u00edt\u00e9s\u00e9hez meg kell er\u0151s\u00edtenie a jelentkez\u00e9s\u00e9t, ha r\u00e1kattint. Ezut\u00e1n kap egy e-mailt, amely tartalmazza a k\u00e9relem regisztr\u00e1ci\u00f3s sz\u00e1m\u00e1t \u00e9s a k\u00e9relem megold\u00e1s\u00e1nak hat\u00e1ridej\u00e9t.","og_url":"https:\/\/oradea.ro\/hu\/teruletrendezes\/urbanisztikai-dokumentumok-elektronikus-kiadasa\/","og_site_name":"Oradea.ro","article_modified_time":"2024-01-24T09:39:21+00:00","og_image":[{"width":2560,"height":1706,"url":"https:\/\/oradea.ro\/wp-content\/uploads\/2023\/10\/piata-unirii-palat-vulturul-negru-Copy-scaled.jpg","type":"image\/jpeg"}],"twitter_card":"summary_large_image","twitter_misc":{"Becs\u00fclt olvas\u00e1si id\u0151":"1 perc"},"schema":{"@context":"https:\/\/schema.org","@graph":[{"@type":"WebPage","@id":"https:\/\/oradea.ro\/hu\/teruletrendezes\/urbanisztikai-dokumentumok-elektronikus-kiadasa\/","url":"https:\/\/oradea.ro\/hu\/teruletrendezes\/urbanisztikai-dokumentumok-elektronikus-kiadasa\/","name":"Urbanisztikai dokumentumok elektronikus kiad\u00e1sa - Oradea.ro","isPartOf":{"@id":"https:\/\/oradea.ro\/#website"},"primaryImageOfPage":{"@id":"https:\/\/oradea.ro\/hu\/teruletrendezes\/urbanisztikai-dokumentumok-elektronikus-kiadasa\/#primaryimage"},"image":{"@id":"https:\/\/oradea.ro\/hu\/teruletrendezes\/urbanisztikai-dokumentumok-elektronikus-kiadasa\/#primaryimage"},"thumbnailUrl":"https:\/\/oradea.ro\/wp-content\/uploads\/2023\/10\/piata-unirii-palat-vulturul-negru-Copy-scaled.jpg","datePublished":"2023-11-09T09:41:14+00:00","dateModified":"2024-01-24T09:39:21+00:00","breadcrumb":{"@id":"https:\/\/oradea.ro\/hu\/teruletrendezes\/urbanisztikai-dokumentumok-elektronikus-kiadasa\/#breadcrumb"},"inLanguage":"hu","potentialAction":[{"@type":"ReadAction","target":["https:\/\/oradea.ro\/hu\/teruletrendezes\/urbanisztikai-dokumentumok-elektronikus-kiadasa\/"]}]},{"@type":"ImageObject","inLanguage":"hu","@id":"https:\/\/oradea.ro\/hu\/teruletrendezes\/urbanisztikai-dokumentumok-elektronikus-kiadasa\/#primaryimage","url":"https:\/\/oradea.ro\/wp-content\/uploads\/2023\/10\/piata-unirii-palat-vulturul-negru-Copy-scaled.jpg","contentUrl":"https:\/\/oradea.ro\/wp-content\/uploads\/2023\/10\/piata-unirii-palat-vulturul-negru-Copy-scaled.jpg","width":2560,"height":1706},{"@type":"BreadcrumbList","@id":"https:\/\/oradea.ro\/hu\/teruletrendezes\/urbanisztikai-dokumentumok-elektronikus-kiadasa\/#breadcrumb","itemListElement":[{"@type":"ListItem","position":1,"name":"","item":"https:\/\/oradea.ro\/hu\/"},{"@type":"ListItem","position":2,"name":"Ter\u00fcletrendez\u00e9s","item":"https:\/\/oradea.ro\/hu\/teruletrendezes\/"},{"@type":"ListItem","position":3,"name":"Urbanisztikai dokumentumok elektronikus kiad\u00e1sa"}]},{"@type":"WebSite","@id":"https:\/\/oradea.ro\/#website","url":"https:\/\/oradea.ro\/","name":"Oradea.ro","description":"Site-ul oficial al Prim\u0103riei Municipiului Oradea","publisher":{"@id":"https:\/\/oradea.ro\/#organization"},"potentialAction":[{"@type":"SearchAction","target":{"@type":"EntryPoint","urlTemplate":"https:\/\/oradea.ro\/?s={search_term_string}"},"query-input":{"@type":"PropertyValueSpecification","valueRequired":true,"valueName":"search_term_string"}}],"inLanguage":"hu"},{"@type":"Organization","@id":"https:\/\/oradea.ro\/#organization","name":"Oradea.ro","url":"https:\/\/oradea.ro\/","logo":{"@type":"ImageObject","inLanguage":"hu","@id":"https:\/\/oradea.ro\/#\/schema\/logo\/image\/","url":"https:\/\/oradea.ro\/wp-content\/uploads\/2023\/06\/footer_logo.svg","contentUrl":"https:\/\/oradea.ro\/wp-content\/uploads\/2023\/06\/footer_logo.svg","width":218,"height":53,"caption":"Oradea.ro"},"image":{"@id":"https:\/\/oradea.ro\/#\/schema\/logo\/image\/"}}]}},"publishpress_future_action":{"enabled":false,"date":"2026-04-28 12:23:09","action":"change-status","newStatus":"draft","terms":[],"taxonomy":"translation_priority","extraData":[]},"publishpress_future_workflow_manual_trigger":{"enabledWorkflows":[]},"_links":{"self":[{"href":"https:\/\/oradea.ro\/hu\/wp-json\/wp\/v2\/pages\/103841","targetHints":{"allow":["GET"]}}],"collection":[{"href":"https:\/\/oradea.ro\/hu\/wp-json\/wp\/v2\/pages"}],"about":[{"href":"https:\/\/oradea.ro\/hu\/wp-json\/wp\/v2\/types\/page"}],"author":[{"embeddable":true,"href":"https:\/\/oradea.ro\/hu\/wp-json\/wp\/v2\/users\/2"}],"replies":[{"embeddable":true,"href":"https:\/\/oradea.ro\/hu\/wp-json\/wp\/v2\/comments?post=103841"}],"version-history":[{"count":4,"href":"https:\/\/oradea.ro\/hu\/wp-json\/wp\/v2\/pages\/103841\/revisions"}],"predecessor-version":[{"id":200594,"href":"https:\/\/oradea.ro\/hu\/wp-json\/wp\/v2\/pages\/103841\/revisions\/200594"}],"up":[{"embeddable":true,"href":"https:\/\/oradea.ro\/hu\/wp-json\/wp\/v2\/pages\/103894"}],"wp:featuredmedia":[{"embeddable":true,"href":"https:\/\/oradea.ro\/hu\/wp-json\/wp\/v2\/media\/24427"}],"wp:attachment":[{"href":"https:\/\/oradea.ro\/hu\/wp-json\/wp\/v2\/media?parent=103841"}],"curies":[{"name":"wp","href":"https:\/\/api.w.org\/{rel}","templated":true}]}}