{"id":103861,"date":"2023-11-09T10:37:18","date_gmt":"2023-11-09T10:37:18","guid":{"rendered":"https:\/\/oradea.ro\/elerhetosegek\/"},"modified":"2023-12-18T09:31:05","modified_gmt":"2023-12-18T09:31:05","slug":"elerhetosegek","status":"publish","type":"page","link":"https:\/\/oradea.ro\/hu\/teruletrendezes\/elerhetosegek\/","title":{"rendered":"El\u00e9rhet\u0151s\u00e9gek"},"content":{"rendered":"<div class=\"min-w-[100vw] h-[350px] md:h-[500px] ml-[calc(50%-50vw)] flex items-end bg-no-repeat bg-white bg-cover bg-center px-5\" style=\"background-image: url(https:\/\/oradea.ro\/wp-content\/uploads\/2023\/10\/piata-unirii-palat-vulturul-negru-Copy-scaled.jpg);\">\r\n                    <div class=\"w-full max-w-7xl mx-auto mb-6\">\r\n                        <h1 class=\"my-0 text-white font-extrabold font-open-sans text-3xl md:text-6xl [text-shadow:_0_1px_4px_rgb(0_0_0_\/_50%)]\">El\u00e9rhet\u0151s\u00e9gek<\/h1>\r\n                    <\/div>\r\n                <\/div><div class=\"!px-5\"><div class=\"breadcrumbs w-full max-w-7xl mx-auto grid md:flex flex-wrap items-center py-4 test\"><div><a href=\"https:\/\/oradea.ro\/hu\/\"><span class=\"fas fa-home text-[#ABAEB3]\"><\/span><\/a><span class=\"md:hidden\"><span class=\"fas fa-chevron-down mx-5 text-xs text-[#ABAEB3] hover:text-black\/50 transition-all\"><\/span><\/span><span class=\"hidden md:inline\"><span class=\"fas fa-chevron-right mx-5 text-xs text-[#ABAEB3] hover:text-black\/50 transition-all\"><\/span><\/span><\/div><span class=\"font-poppins font-semibold uppercase text-black\/60\">El\u00e9rhet\u0151s\u00e9gek<\/span><\/div><\/div>\t\t<div data-elementor-type=\"wp-page\" data-elementor-id=\"103861\" class=\"elementor elementor-103861 elementor-29258\" data-elementor-post-type=\"page\">\n\t\t\t\t<div class=\"elementor-element elementor-element-679a17f e-flex e-con-boxed wpr-particle-no wpr-jarallax-no wpr-parallax-no wpr-sticky-section-no e-con e-parent\" data-id=\"679a17f\" data-element_type=\"container\">\n\t\t\t\t\t<div class=\"e-con-inner\">\n\t\t\t\t<div class=\"elementor-element elementor-element-29df1d2 wpr-advanced-accordion-icon-side-box elementor-widget elementor-widget-wpr-advanced-accordion\" data-id=\"29df1d2\" data-element_type=\"widget\" data-settings=\"{&quot;active_item&quot;:1}\" data-widget_type=\"wpr-advanced-accordion.default\">\n\t\t\t\t<div class=\"elementor-widget-container\">\n\t\t\t\t\t\n            <div class=\"wpr-advanced-accordion\" data-accordion-type=\"accordion\" data-active-index=\"1\" data-accordion-trigger=\"click\" data-interaction-speed=\"0.4\">\n\n\t\t\t\n                \n\t\t\t\t\t<div class=\"wpr-accordion-item-wrap\">\n\t\t\t\t\t\t<button class=\"wpr-acc-button\">\n\t\t\t\t\t\t\t<span class=\"wpr-acc-item-title\">\n\t\t\t\t\t\t\t\t\t\t\t\t\t\t\t\t\t<div class=\"wpr-acc-icon-box\">\n\t\t\t\t\t\t\t\t\t\t\t\t\t\t<span class=\"wpr-title-icon\">\n\t\t\t\t\t<i aria-hidden=\"true\" class=\"fas fa-info\"><\/i>\t\t\t\t<\/span>\n\t\t\t\t\t\t\t\t\t\t\t\t<\/div>\n\t\t\t\t\t\t\t\t\n\t\t\t\t\t\t\t\t<span class=\"wpr-acc-title-text\">F\u0151\u00e9p\u00edt\u00e9sz<\/span>\n\t\t\t\t\t\t\t<\/span>\n\t\t\t\t\t\t\t\t\t\t\t<span class=\"wpr-toggle-icon wpr-ti-close\"><i aria-hidden=\"true\" class=\"fas fa-plus\"><\/i><\/span>\n\t\t\t\t<span class=\"wpr-toggle-icon wpr-ti-open\"><i aria-hidden=\"true\" class=\"fas fa-minus\"><\/i><\/span>\n\t\t\t\t\t\t\t\t\t<\/button>\n\n\t\t\t\t\t\t<div class=\"wpr-acc-panel\">\n\t\t\t\t\t\t\t\t\t\t\t\t\t\t\t<div class=\"wpr-acc-panel-content\"><div style=\"align-items: top; display: flex; gap: 10px;\"><div style=\"padding: 15px 10px;\"><img decoding=\"async\" class=\"alignnone wp-image-8828 \" src=\"https:\/\/oradea.ro\/wp-content\/uploads\/2023\/09\/placeholder-300x300.png\" alt=\"\" width=\"184\" height=\"184\" srcset=\"https:\/\/oradea.ro\/wp-content\/uploads\/2023\/09\/placeholder-300x300.png 300w, https:\/\/oradea.ro\/wp-content\/uploads\/2023\/09\/placeholder-150x150.png 150w, https:\/\/oradea.ro\/wp-content\/uploads\/2023\/09\/placeholder.png 360w\" sizes=\"(max-width: 184px) 100vw, 184px\" \/><\/div><div style=\"padding: 5px 0px;\"><h2><span style=\"color: #0a4b6f;\"><strong>Radu Fortis<\/strong><\/span><\/h2><h4><span style=\"color: #212936;\">F\u0151\u00e9p\u00edt\u00e9sz<\/span><\/h4><div><span style=\"color: #888c97;\">K\u00f6zvetlen vezet\u00e9kes telefonsz\u00e1m: <\/span><span style=\"color: #000000;\"><b>0259\/409-447<\/b><\/span><\/div><div><span style=\"color: #888c97;\">E- mail c\u00edm<\/span>: <span style=\"color: #000000;\"><b>primarie@oradea.ro<\/b><\/span><\/div><div><span style=\"color: #888c97;\">\u00dcgyf\u00e9lfogad\u00e1s:<\/span> keddenk\u00e9nt 1<span style=\"color: #000000;\"><b>2:00 - 15:00 \u00f3ra k\u00f6z\u00f6tt.<\/b><\/span><\/div><\/div><\/div><\/div>\n\t\t\t\t\t\t\t\t\t\t\t\t\t<\/div>\n                    <\/div>\n\n                \n\t\t\t\t\t<div class=\"wpr-accordion-item-wrap\">\n\t\t\t\t\t\t<button class=\"wpr-acc-button\">\n\t\t\t\t\t\t\t<span class=\"wpr-acc-item-title\">\n\t\t\t\t\t\t\t\t\t\t\t\t\t\t\t\t\t<div class=\"wpr-acc-icon-box\">\n\t\t\t\t\t\t\t\t\t\t\t\t\t\t<span class=\"wpr-title-icon\">\n\t\t\t\t\t<i aria-hidden=\"true\" class=\"fas fa-info\"><\/i>\t\t\t\t<\/span>\n\t\t\t\t\t\t\t\t\t\t\t\t<\/div>\n\t\t\t\t\t\t\t\t\n\t\t\t\t\t\t\t\t<span class=\"wpr-acc-title-text\">\u00dcgyvezet\u0151 igazgat\u00f3helyettes<\/span>\n\t\t\t\t\t\t\t<\/span>\n\t\t\t\t\t\t\t\t\t\t\t<span class=\"wpr-toggle-icon wpr-ti-close\"><i aria-hidden=\"true\" class=\"fas fa-plus\"><\/i><\/span>\n\t\t\t\t<span class=\"wpr-toggle-icon wpr-ti-open\"><i aria-hidden=\"true\" class=\"fas fa-minus\"><\/i><\/span>\n\t\t\t\t\t\t\t\t\t<\/button>\n\n\t\t\t\t\t\t<div class=\"wpr-acc-panel\">\n\t\t\t\t\t\t\t\t\t\t\t\t\t\t\t<div class=\"wpr-acc-panel-content\"><div style=\"align-items: top; display: flex; gap: 10px;\"><div style=\"padding: 15px 10px;\"><img decoding=\"async\" class=\"alignnone wp-image-8828 \" src=\"https:\/\/oradea.ro\/wp-content\/uploads\/2023\/09\/placeholder-300x300.png\" alt=\"\" width=\"184\" height=\"184\" srcset=\"https:\/\/oradea.ro\/wp-content\/uploads\/2023\/09\/placeholder-300x300.png 300w, https:\/\/oradea.ro\/wp-content\/uploads\/2023\/09\/placeholder-150x150.png 150w, https:\/\/oradea.ro\/wp-content\/uploads\/2023\/09\/placeholder.png 360w\" sizes=\"(max-width: 184px) 100vw, 184px\" \/><\/div><div style=\"padding: 5px 0px;\"><h2><span style=\"color: #0a4b6f;\"><strong>Adriana Lipoveanu<\/strong><\/span><\/h2><h4><span style=\"color: #212936;\">\u00dcgyvezet\u0151 igazgat\u00f3helyettes<\/span><\/h4><div><span style=\"color: #888c97;\">K\u00f6zvetlen vezet\u00e9kes telefonsz\u00e1m: <\/span><span style=\"color: #000000;\"><b>0259\/409-430<\/b><\/span><\/div><div><span style=\"color: #888c97;\">E- mail c\u00edm<\/span>: <span style=\"color: #000000;\"><b>primarie@oradea.ro<\/b><\/span><\/div><div><span style=\"color: #888c97;\">\u00dcgyf\u00e9lfogad\u00e1s:<\/span> p<span style=\"color: #000000;\"><b>\u00e9ntekenk\u00e9nt: 14:00 - 15:30 \u00f3ra k\u00f6z\u00f6tt.<\/b><\/span><\/div><\/div><\/div><\/div>\n\t\t\t\t\t\t\t\t\t\t\t\t\t<\/div>\n                    <\/div>\n\n                \n\t\t\t\t\t<div class=\"wpr-accordion-item-wrap\">\n\t\t\t\t\t\t<button class=\"wpr-acc-button\">\n\t\t\t\t\t\t\t<span class=\"wpr-acc-item-title\">\n\t\t\t\t\t\t\t\t\t\t\t\t\t\t\t\t\t<div class=\"wpr-acc-icon-box\">\n\t\t\t\t\t\t\t\t\t\t\t\t\t\t<span class=\"wpr-title-icon\">\n\t\t\t\t\t<i aria-hidden=\"true\" class=\"fas fa-info\"><\/i>\t\t\t\t<\/span>\n\t\t\t\t\t\t\t\t\t\t\t\t<\/div>\n\t\t\t\t\t\t\t\t\n\t\t\t\t\t\t\t\t<span class=\"wpr-acc-title-text\">Az enged\u00e9lyez\u00e9si oszt\u00e1ly vezet\u0151je<\/span>\n\t\t\t\t\t\t\t<\/span>\n\t\t\t\t\t\t\t\t\t\t\t<span class=\"wpr-toggle-icon wpr-ti-close\"><i aria-hidden=\"true\" class=\"fas fa-plus\"><\/i><\/span>\n\t\t\t\t<span class=\"wpr-toggle-icon wpr-ti-open\"><i aria-hidden=\"true\" class=\"fas fa-minus\"><\/i><\/span>\n\t\t\t\t\t\t\t\t\t<\/button>\n\n\t\t\t\t\t\t<div class=\"wpr-acc-panel\">\n\t\t\t\t\t\t\t\t\t\t\t\t\t\t\t<div class=\"wpr-acc-panel-content\"><div style=\"align-items: top; display: flex; gap: 10px;\"><div style=\"padding: 15px 10px;\"><img decoding=\"async\" class=\"alignnone wp-image-8828 \" src=\"https:\/\/oradea.ro\/wp-content\/uploads\/2023\/09\/placeholder-300x300.png\" alt=\"\" width=\"184\" height=\"184\" srcset=\"https:\/\/oradea.ro\/wp-content\/uploads\/2023\/09\/placeholder-300x300.png 300w, https:\/\/oradea.ro\/wp-content\/uploads\/2023\/09\/placeholder-150x150.png 150w, https:\/\/oradea.ro\/wp-content\/uploads\/2023\/09\/placeholder.png 360w\" sizes=\"(max-width: 184px) 100vw, 184px\" \/><\/div><div style=\"padding: 5px 0px;\"><h2><span style=\"color: #0a4b6f;\"><strong>Lucia Iacob<\/strong><\/span><\/h2><h4><span style=\"color: #212936;\">Az enged\u00e9lyez\u00e9si oszt\u00e1ly vezet\u0151je<\/span><\/h4><div><span style=\"color: #888c97;\">K\u00f6zvetlen vezet\u00e9kes telefonsz\u00e1m: <\/span><span style=\"color: #000000;\"><b>0259\/409-414<\/b><\/span><\/div><div><span style=\"color: #888c97;\">E- mail c\u00edm<\/span>: <span style=\"color: #000000;\"><b>primarie@oradea.ro<\/b><\/span><\/div><div><span style=\"color: #888c97;\">\u00dcgyf\u00e9lfogad\u00e1s:<\/span> s<span style=\"color: #000000;\"><b>zerd\u00e1nk\u00e9nt: 13:00 - 15:00 \u00f3ra k\u00f6z\u00f6tt.<\/b><\/span><\/div><\/div><\/div><\/div>\n\t\t\t\t\t\t\t\t\t\t\t\t\t<\/div>\n                    <\/div>\n\n                            <\/div>\n        \t\t\t\t<\/div>\n\t\t\t\t<\/div>\n\t\t\t\t\t<\/div>\n\t\t\t\t<\/div>\n\t\t\t\t<\/div>\n\t\t","protected":false},"excerpt":{"rendered":"<p>El\u00e9rhet\u0151s\u00e9gek El\u00e9rhet\u0151s\u00e9gek F\u0151\u00e9p\u00edt\u00e9sz Radu Fortis F\u0151\u00e9p\u00edt\u00e9sz K\u00f6zvetlen vezet\u00e9kes telefonsz\u00e1m: 0259\/409-447E- mail c\u00edm: primarie@oradea.ro\u00dcgyf\u00e9lfogad\u00e1s: keddenk\u00e9nt 12:00 &#8211; 15:00 \u00f3ra k\u00f6z\u00f6tt. \u00dcgyvezet\u0151 igazgat\u00f3helyettes Adriana Lipoveanu \u00dcgyvezet\u0151 igazgat\u00f3helyettes K\u00f6zvetlen vezet\u00e9kes telefonsz\u00e1m: 0259\/409-430E- mail c\u00edm: primarie@oradea.ro\u00dcgyf\u00e9lfogad\u00e1s: p\u00e9ntekenk\u00e9nt: 14:00 &#8211; 15:30 \u00f3ra k\u00f6z\u00f6tt. Az enged\u00e9lyez\u00e9si oszt\u00e1ly vezet\u0151je Lucia Iacob Az enged\u00e9lyez\u00e9si oszt\u00e1ly vezet\u0151je K\u00f6zvetlen vezet\u00e9kes telefonsz\u00e1m: 0259\/409-414E- mail c\u00edm: primarie@oradea.ro\u00dcgyf\u00e9lfogad\u00e1s: szerd\u00e1nk\u00e9nt: 13:00 &#8211; 15:00 \u00f3ra k\u00f6z\u00f6tt.<\/p>\n","protected":false},"author":2,"featured_media":24427,"parent":103894,"menu_order":0,"comment_status":"closed","ping_status":"closed","template":"","meta":{"_acf_changed":false,"ep_exclude_from_search":false,"footnotes":""},"class_list":["post-103861","page","type-page","status-publish","has-post-thumbnail","hentry"],"acf":[],"yoast_head":"<!-- This site is optimized with the Yoast SEO plugin v26.6 - https:\/\/yoast.com\/wordpress\/plugins\/seo\/ -->\n<title>El\u00e9rhet\u0151s\u00e9gek - Oradea.ro<\/title>\n<meta name=\"robots\" content=\"index, follow, max-snippet:-1, max-image-preview:large, max-video-preview:-1\" \/>\n<link rel=\"canonical\" href=\"https:\/\/oradea.ro\/hu\/teruletrendezes\/elerhetosegek\/\" \/>\n<meta property=\"og:locale\" content=\"hu_HU\" \/>\n<meta property=\"og:type\" content=\"article\" \/>\n<meta property=\"og:title\" content=\"El\u00e9rhet\u0151s\u00e9gek - Oradea.ro\" \/>\n<meta property=\"og:description\" content=\"El\u00e9rhet\u0151s\u00e9gek El\u00e9rhet\u0151s\u00e9gek F\u0151\u00e9p\u00edt\u00e9sz Radu Fortis F\u0151\u00e9p\u00edt\u00e9sz K\u00f6zvetlen vezet\u00e9kes telefonsz\u00e1m: 0259\/409-447E- mail c\u00edm: primarie@oradea.ro\u00dcgyf\u00e9lfogad\u00e1s: keddenk\u00e9nt 12:00 &#8211; 15:00 \u00f3ra k\u00f6z\u00f6tt. \u00dcgyvezet\u0151 igazgat\u00f3helyettes Adriana Lipoveanu \u00dcgyvezet\u0151 igazgat\u00f3helyettes K\u00f6zvetlen vezet\u00e9kes telefonsz\u00e1m: 0259\/409-430E- mail c\u00edm: primarie@oradea.ro\u00dcgyf\u00e9lfogad\u00e1s: p\u00e9ntekenk\u00e9nt: 14:00 &#8211; 15:30 \u00f3ra k\u00f6z\u00f6tt. Az enged\u00e9lyez\u00e9si oszt\u00e1ly vezet\u0151je Lucia Iacob Az enged\u00e9lyez\u00e9si oszt\u00e1ly vezet\u0151je K\u00f6zvetlen vezet\u00e9kes telefonsz\u00e1m: 0259\/409-414E- mail c\u00edm: primarie@oradea.ro\u00dcgyf\u00e9lfogad\u00e1s: szerd\u00e1nk\u00e9nt: 13:00 &#8211; 15:00 \u00f3ra k\u00f6z\u00f6tt.\" \/>\n<meta property=\"og:url\" content=\"https:\/\/oradea.ro\/hu\/teruletrendezes\/elerhetosegek\/\" \/>\n<meta property=\"og:site_name\" content=\"Oradea.ro\" \/>\n<meta property=\"article:modified_time\" content=\"2023-12-18T09:31:05+00:00\" \/>\n<meta property=\"og:image\" content=\"https:\/\/oradea.ro\/wp-content\/uploads\/2023\/10\/piata-unirii-palat-vulturul-negru-Copy-scaled.jpg\" \/>\n\t<meta property=\"og:image:width\" content=\"2560\" \/>\n\t<meta property=\"og:image:height\" content=\"1706\" \/>\n\t<meta property=\"og:image:type\" content=\"image\/jpeg\" \/>\n<meta name=\"twitter:card\" content=\"summary_large_image\" \/>\n<meta name=\"twitter:label1\" content=\"Becs\u00fclt olvas\u00e1si id\u0151\" \/>\n\t<meta name=\"twitter:data1\" content=\"1 perc\" \/>\n<script type=\"application\/ld+json\" class=\"yoast-schema-graph\">{\"@context\":\"https:\/\/schema.org\",\"@graph\":[{\"@type\":\"WebPage\",\"@id\":\"https:\/\/oradea.ro\/hu\/teruletrendezes\/elerhetosegek\/\",\"url\":\"https:\/\/oradea.ro\/hu\/teruletrendezes\/elerhetosegek\/\",\"name\":\"El\u00e9rhet\u0151s\u00e9gek - Oradea.ro\",\"isPartOf\":{\"@id\":\"https:\/\/oradea.ro\/#website\"},\"primaryImageOfPage\":{\"@id\":\"https:\/\/oradea.ro\/hu\/teruletrendezes\/elerhetosegek\/#primaryimage\"},\"image\":{\"@id\":\"https:\/\/oradea.ro\/hu\/teruletrendezes\/elerhetosegek\/#primaryimage\"},\"thumbnailUrl\":\"https:\/\/oradea.ro\/wp-content\/uploads\/2023\/10\/piata-unirii-palat-vulturul-negru-Copy-scaled.jpg\",\"datePublished\":\"2023-11-09T10:37:18+00:00\",\"dateModified\":\"2023-12-18T09:31:05+00:00\",\"breadcrumb\":{\"@id\":\"https:\/\/oradea.ro\/hu\/teruletrendezes\/elerhetosegek\/#breadcrumb\"},\"inLanguage\":\"hu\",\"potentialAction\":[{\"@type\":\"ReadAction\",\"target\":[\"https:\/\/oradea.ro\/hu\/teruletrendezes\/elerhetosegek\/\"]}]},{\"@type\":\"ImageObject\",\"inLanguage\":\"hu\",\"@id\":\"https:\/\/oradea.ro\/hu\/teruletrendezes\/elerhetosegek\/#primaryimage\",\"url\":\"https:\/\/oradea.ro\/wp-content\/uploads\/2023\/10\/piata-unirii-palat-vulturul-negru-Copy-scaled.jpg\",\"contentUrl\":\"https:\/\/oradea.ro\/wp-content\/uploads\/2023\/10\/piata-unirii-palat-vulturul-negru-Copy-scaled.jpg\",\"width\":2560,\"height\":1706},{\"@type\":\"BreadcrumbList\",\"@id\":\"https:\/\/oradea.ro\/hu\/teruletrendezes\/elerhetosegek\/#breadcrumb\",\"itemListElement\":[{\"@type\":\"ListItem\",\"position\":1,\"name\":\"\",\"item\":\"https:\/\/oradea.ro\/hu\/\"},{\"@type\":\"ListItem\",\"position\":2,\"name\":\"Ter\u00fcletrendez\u00e9s\",\"item\":\"https:\/\/oradea.ro\/hu\/teruletrendezes\/\"},{\"@type\":\"ListItem\",\"position\":3,\"name\":\"El\u00e9rhet\u0151s\u00e9gek\"}]},{\"@type\":\"WebSite\",\"@id\":\"https:\/\/oradea.ro\/#website\",\"url\":\"https:\/\/oradea.ro\/\",\"name\":\"Oradea.ro\",\"description\":\"Site-ul oficial al Prim\u0103riei Municipiului Oradea\",\"publisher\":{\"@id\":\"https:\/\/oradea.ro\/#organization\"},\"potentialAction\":[{\"@type\":\"SearchAction\",\"target\":{\"@type\":\"EntryPoint\",\"urlTemplate\":\"https:\/\/oradea.ro\/?s={search_term_string}\"},\"query-input\":{\"@type\":\"PropertyValueSpecification\",\"valueRequired\":true,\"valueName\":\"search_term_string\"}}],\"inLanguage\":\"hu\"},{\"@type\":\"Organization\",\"@id\":\"https:\/\/oradea.ro\/#organization\",\"name\":\"Oradea.ro\",\"url\":\"https:\/\/oradea.ro\/\",\"logo\":{\"@type\":\"ImageObject\",\"inLanguage\":\"hu\",\"@id\":\"https:\/\/oradea.ro\/#\/schema\/logo\/image\/\",\"url\":\"https:\/\/oradea.ro\/wp-content\/uploads\/2023\/06\/footer_logo.svg\",\"contentUrl\":\"https:\/\/oradea.ro\/wp-content\/uploads\/2023\/06\/footer_logo.svg\",\"width\":218,\"height\":53,\"caption\":\"Oradea.ro\"},\"image\":{\"@id\":\"https:\/\/oradea.ro\/#\/schema\/logo\/image\/\"}}]}<\/script>\n<!-- \/ Yoast SEO plugin. -->","yoast_head_json":{"title":"El\u00e9rhet\u0151s\u00e9gek - Oradea.ro","robots":{"index":"index","follow":"follow","max-snippet":"max-snippet:-1","max-image-preview":"max-image-preview:large","max-video-preview":"max-video-preview:-1"},"canonical":"https:\/\/oradea.ro\/hu\/teruletrendezes\/elerhetosegek\/","og_locale":"hu_HU","og_type":"article","og_title":"El\u00e9rhet\u0151s\u00e9gek - Oradea.ro","og_description":"El\u00e9rhet\u0151s\u00e9gek El\u00e9rhet\u0151s\u00e9gek F\u0151\u00e9p\u00edt\u00e9sz Radu Fortis F\u0151\u00e9p\u00edt\u00e9sz K\u00f6zvetlen vezet\u00e9kes telefonsz\u00e1m: 0259\/409-447E- mail c\u00edm: primarie@oradea.ro\u00dcgyf\u00e9lfogad\u00e1s: keddenk\u00e9nt 12:00 &#8211; 15:00 \u00f3ra k\u00f6z\u00f6tt. \u00dcgyvezet\u0151 igazgat\u00f3helyettes Adriana Lipoveanu \u00dcgyvezet\u0151 igazgat\u00f3helyettes K\u00f6zvetlen vezet\u00e9kes telefonsz\u00e1m: 0259\/409-430E- mail c\u00edm: primarie@oradea.ro\u00dcgyf\u00e9lfogad\u00e1s: p\u00e9ntekenk\u00e9nt: 14:00 &#8211; 15:30 \u00f3ra k\u00f6z\u00f6tt. Az enged\u00e9lyez\u00e9si oszt\u00e1ly vezet\u0151je Lucia Iacob Az enged\u00e9lyez\u00e9si oszt\u00e1ly vezet\u0151je K\u00f6zvetlen vezet\u00e9kes telefonsz\u00e1m: 0259\/409-414E- mail c\u00edm: primarie@oradea.ro\u00dcgyf\u00e9lfogad\u00e1s: szerd\u00e1nk\u00e9nt: 13:00 &#8211; 15:00 \u00f3ra k\u00f6z\u00f6tt.","og_url":"https:\/\/oradea.ro\/hu\/teruletrendezes\/elerhetosegek\/","og_site_name":"Oradea.ro","article_modified_time":"2023-12-18T09:31:05+00:00","og_image":[{"width":2560,"height":1706,"url":"https:\/\/oradea.ro\/wp-content\/uploads\/2023\/10\/piata-unirii-palat-vulturul-negru-Copy-scaled.jpg","type":"image\/jpeg"}],"twitter_card":"summary_large_image","twitter_misc":{"Becs\u00fclt olvas\u00e1si id\u0151":"1 perc"},"schema":{"@context":"https:\/\/schema.org","@graph":[{"@type":"WebPage","@id":"https:\/\/oradea.ro\/hu\/teruletrendezes\/elerhetosegek\/","url":"https:\/\/oradea.ro\/hu\/teruletrendezes\/elerhetosegek\/","name":"El\u00e9rhet\u0151s\u00e9gek - Oradea.ro","isPartOf":{"@id":"https:\/\/oradea.ro\/#website"},"primaryImageOfPage":{"@id":"https:\/\/oradea.ro\/hu\/teruletrendezes\/elerhetosegek\/#primaryimage"},"image":{"@id":"https:\/\/oradea.ro\/hu\/teruletrendezes\/elerhetosegek\/#primaryimage"},"thumbnailUrl":"https:\/\/oradea.ro\/wp-content\/uploads\/2023\/10\/piata-unirii-palat-vulturul-negru-Copy-scaled.jpg","datePublished":"2023-11-09T10:37:18+00:00","dateModified":"2023-12-18T09:31:05+00:00","breadcrumb":{"@id":"https:\/\/oradea.ro\/hu\/teruletrendezes\/elerhetosegek\/#breadcrumb"},"inLanguage":"hu","potentialAction":[{"@type":"ReadAction","target":["https:\/\/oradea.ro\/hu\/teruletrendezes\/elerhetosegek\/"]}]},{"@type":"ImageObject","inLanguage":"hu","@id":"https:\/\/oradea.ro\/hu\/teruletrendezes\/elerhetosegek\/#primaryimage","url":"https:\/\/oradea.ro\/wp-content\/uploads\/2023\/10\/piata-unirii-palat-vulturul-negru-Copy-scaled.jpg","contentUrl":"https:\/\/oradea.ro\/wp-content\/uploads\/2023\/10\/piata-unirii-palat-vulturul-negru-Copy-scaled.jpg","width":2560,"height":1706},{"@type":"BreadcrumbList","@id":"https:\/\/oradea.ro\/hu\/teruletrendezes\/elerhetosegek\/#breadcrumb","itemListElement":[{"@type":"ListItem","position":1,"name":"","item":"https:\/\/oradea.ro\/hu\/"},{"@type":"ListItem","position":2,"name":"Ter\u00fcletrendez\u00e9s","item":"https:\/\/oradea.ro\/hu\/teruletrendezes\/"},{"@type":"ListItem","position":3,"name":"El\u00e9rhet\u0151s\u00e9gek"}]},{"@type":"WebSite","@id":"https:\/\/oradea.ro\/#website","url":"https:\/\/oradea.ro\/","name":"Oradea.ro","description":"Site-ul oficial al Prim\u0103riei Municipiului Oradea","publisher":{"@id":"https:\/\/oradea.ro\/#organization"},"potentialAction":[{"@type":"SearchAction","target":{"@type":"EntryPoint","urlTemplate":"https:\/\/oradea.ro\/?s={search_term_string}"},"query-input":{"@type":"PropertyValueSpecification","valueRequired":true,"valueName":"search_term_string"}}],"inLanguage":"hu"},{"@type":"Organization","@id":"https:\/\/oradea.ro\/#organization","name":"Oradea.ro","url":"https:\/\/oradea.ro\/","logo":{"@type":"ImageObject","inLanguage":"hu","@id":"https:\/\/oradea.ro\/#\/schema\/logo\/image\/","url":"https:\/\/oradea.ro\/wp-content\/uploads\/2023\/06\/footer_logo.svg","contentUrl":"https:\/\/oradea.ro\/wp-content\/uploads\/2023\/06\/footer_logo.svg","width":218,"height":53,"caption":"Oradea.ro"},"image":{"@id":"https:\/\/oradea.ro\/#\/schema\/logo\/image\/"}}]}},"publishpress_future_action":{"enabled":false,"date":"2026-04-26 20:13:37","action":"change-status","newStatus":"draft","terms":[],"taxonomy":"translation_priority","extraData":[]},"publishpress_future_workflow_manual_trigger":{"enabledWorkflows":[]},"_links":{"self":[{"href":"https:\/\/oradea.ro\/hu\/wp-json\/wp\/v2\/pages\/103861","targetHints":{"allow":["GET"]}}],"collection":[{"href":"https:\/\/oradea.ro\/hu\/wp-json\/wp\/v2\/pages"}],"about":[{"href":"https:\/\/oradea.ro\/hu\/wp-json\/wp\/v2\/types\/page"}],"author":[{"embeddable":true,"href":"https:\/\/oradea.ro\/hu\/wp-json\/wp\/v2\/users\/2"}],"replies":[{"embeddable":true,"href":"https:\/\/oradea.ro\/hu\/wp-json\/wp\/v2\/comments?post=103861"}],"version-history":[{"count":3,"href":"https:\/\/oradea.ro\/hu\/wp-json\/wp\/v2\/pages\/103861\/revisions"}],"predecessor-version":[{"id":103864,"href":"https:\/\/oradea.ro\/hu\/wp-json\/wp\/v2\/pages\/103861\/revisions\/103864"}],"up":[{"embeddable":true,"href":"https:\/\/oradea.ro\/hu\/wp-json\/wp\/v2\/pages\/103894"}],"wp:featuredmedia":[{"embeddable":true,"href":"https:\/\/oradea.ro\/hu\/wp-json\/wp\/v2\/media\/24427"}],"wp:attachment":[{"href":"https:\/\/oradea.ro\/hu\/wp-json\/wp\/v2\/media?parent=103861"}],"curies":[{"name":"wp","href":"https:\/\/api.w.org\/{rel}","templated":true}]}}