{"id":103873,"date":"2023-11-02T07:35:22","date_gmt":"2023-11-02T07:35:22","guid":{"rendered":"https:\/\/oradea.ro\/urbanisztikai-tanusitvanyok\/"},"modified":"2023-12-18T09:32:27","modified_gmt":"2023-12-18T09:32:27","slug":"urbanisztikai-tanusitvanyok","status":"publish","type":"page","link":"https:\/\/oradea.ro\/hu\/teruletrendezes\/kiadott-urbanisztikai-engedelyek\/urbanisztikai-tanusitvanyok\/","title":{"rendered":"Urbanisztikai tan\u00fas\u00edtv\u00e1nyok"},"content":{"rendered":"<div class=\"min-w-[100vw] h-[350px] md:h-[500px] ml-[calc(50%-50vw)] flex items-end bg-no-repeat bg-white bg-cover bg-center px-5\" style=\"background-image: url(https:\/\/oradea.ro\/wp-content\/uploads\/2023\/10\/home_hero_slide_2-scaled.webp);\">\r\n                    <div class=\"w-full max-w-7xl mx-auto mb-6\">\r\n                        <h1 class=\"my-0 text-white font-extrabold font-open-sans text-3xl md:text-6xl [text-shadow:_0_1px_4px_rgb(0_0_0_\/_50%)]\">Urbanisztikai tan\u00fas\u00edtv\u00e1nyok<\/h1>\r\n                    <\/div>\r\n                <\/div><div class=\"!px-5\"><div class=\"breadcrumbs w-full max-w-7xl mx-auto grid md:flex flex-wrap items-center py-4 test\"><div><a href=\"https:\/\/oradea.ro\/hu\/\"><span class=\"fas fa-home text-[#ABAEB3]\"><\/span><\/a><span class=\"md:hidden\"><span class=\"fas fa-chevron-down mx-5 text-xs text-[#ABAEB3] hover:text-black\/50 transition-all\"><\/span><\/span><span class=\"hidden md:inline\"><span class=\"fas fa-chevron-right mx-5 text-xs text-[#ABAEB3] hover:text-black\/50 transition-all\"><\/span><\/span><\/div><span class=\"font-poppins font-semibold uppercase text-black\/60\">Urbanisztikai tan\u00fas\u00edtv\u00e1nyok<\/span><\/div><\/div>\t\t<div data-elementor-type=\"wp-page\" data-elementor-id=\"103873\" class=\"elementor elementor-103873 elementor-26366\" data-elementor-post-type=\"page\">\n\t\t\t\t<div class=\"elementor-element elementor-element-929b00e e-flex e-con-boxed wpr-particle-no wpr-jarallax-no wpr-parallax-no wpr-sticky-section-no e-con e-parent\" data-id=\"929b00e\" data-element_type=\"container\">\n\t\t\t\t\t<div class=\"e-con-inner\">\n\t\t\t\t<div class=\"elementor-element elementor-element-6c21127 elementor-widget elementor-widget-shortcode\" data-id=\"6c21127\" data-element_type=\"widget\" data-widget_type=\"shortcode.default\">\n\t\t\t\t<div class=\"elementor-widget-container\">\n\t\t\t\t\t\t\t<div class=\"elementor-shortcode\">\r\n<div>\r\n  <form class=\"md:grid grid-cols-12 items-center mb-3 gap-5\">\r\n    <select name=\"_year\" class=\"col-span-2 border-none outline-none font-poppins uppercase p-0 text-[#6C727F] mb-2.5 md:mb-0\">\r\n              <option value=\"2026\" >2026<\/option>\r\n              <option value=\"2025\" >2025<\/option>\r\n              <option value=\"2024\" >2024<\/option>\r\n              <option value=\"2023\" >2023<\/option>\r\n              <option value=\"2022\" >2022<\/option>\r\n              <option value=\"2021\" >2021<\/option>\r\n              <option value=\"2020\" >2020<\/option>\r\n              <option value=\"2019\" >2019<\/option>\r\n              <option value=\"2018\" >2018<\/option>\r\n              <option value=\"2017\" >2017<\/option>\r\n              <option value=\"2016\" >2016<\/option>\r\n              <option value=\"2015\" >2015<\/option>\r\n              <option value=\"2014\" >2014<\/option>\r\n              <option value=\"2013\" >2013<\/option>\r\n              <option value=\"2012\" >2012<\/option>\r\n              <option value=\"2011\" >2011<\/option>\r\n          <\/select>\r\n    <input type=\"text\" value=\"\" name=\"_address\" placeholder=\"Adresa lucrare...\" class=\"col-span-4 min-w-[200px] border !border-[#E4E4E4] !focus:border-[#E4E4E4] mb-2.5 md:mb-0\" \/>\r\n    <input type=\"text\" value=\"\" name=\"_destination\" placeholder=\"Destinatie...\" class=\"col-span-4 min-w-[200px] border !border-[#E4E4E4] !focus:border-[#E4E4E4] mb-2.5 md:mb-0\" \/>\r\n    <button type=\"submit\" class=\"!w-full !block col-span-2 !bg-secondary hover:!bg-[#64B0FF] !text-white !border-none !rounded-md !font-medium shadow\">Caut\u0103<\/button>\r\n  <\/form>\r\n<\/div>\r\n<table>\r\n  <thead>\r\n    <tr>\r\n      <th>NR ACT\/DATA<\/th>\r\n      <th>SOLICITANT<\/th>\r\n      <th>ADRESA LUCRARE<\/th>\r\n      <th>DESTINATIE<\/th>\r\n    <\/tr>\r\n  <\/thead>\r\n  <tbody>\r\n              <tr>\r\n            <td>1881 \/ 15.05.2026 <\/td>\r\n            <td>SC DISTRIGAZ VEST SA<\/td>\r\n            <td>Strada Mestecanisului Nr 7<\/td>\r\n            <td>instalatie racordare gaze naturale presiune redusa<\/td>\r\n          <\/tr>    \r\n                  <tr>\r\n            <td>1880 \/ 15.05.2026 <\/td>\r\n            <td>MILE BOGDAN MIHAI<\/td>\r\n            <td>Strada Piersicilor Nr 113B1<\/td>\r\n            <td>bransament apa si racord canal menajer<\/td>\r\n          <\/tr>    \r\n                  <tr>\r\n            <td>1879 \/ 15.05.2026 <\/td>\r\n            <td>ACVILANIS GRUP SRL reprezentat prin dl. Robu Andrei<\/td>\r\n            <td>Strada Uzinelor Nr 80<\/td>\r\n            <td>racord electric pentru alimentare cu energie electrica hale productie<\/td>\r\n          <\/tr>    \r\n                  <tr>\r\n            <td>1878 \/ 15.05.2026 <\/td>\r\n            <td>ABRUDAN IONEL<\/td>\r\n            <td>Strada Macinului Nr 24<\/td>\r\n            <td>MONTAJ FIRIDA SI INSTALATIE UTILIZARE GAZ<\/td>\r\n          <\/tr>    \r\n                  <tr>\r\n            <td>1877 \/ 15.05.2026 <\/td>\r\n            <td>DAN DOREL<\/td>\r\n            <td>Strada Macinului Nr 23<\/td>\r\n            <td>MONTAJ FIRIDA SI INSTALATIE UTILIZARE GAZ<\/td>\r\n          <\/tr>    \r\n                  <tr>\r\n            <td>1876 \/ 15.05.2026 <\/td>\r\n            <td>LUSTUN LIANA-MARTA<\/td>\r\n            <td>Strada Macinului Nr 20<\/td>\r\n            <td>MONTAJ FIRIDA SI INSTALATIE UTILIZARE GAZ<\/td>\r\n          <\/tr>    \r\n                  <tr>\r\n            <td>1875 \/ 15.05.2026 <\/td>\r\n            <td>POP AMALIA-COSMINA<\/td>\r\n            <td>Strada Macinului Nr 9<\/td>\r\n            <td>MONTAJ FIRIDA SI INSTALATIE UTILIZARE GAZ<\/td>\r\n          <\/tr>    \r\n                  <tr>\r\n            <td>1874 \/ 15.05.2026 <\/td>\r\n            <td>FODOR CARMEN-FLORINA<\/td>\r\n            <td>Strada Macinului Nr 11<\/td>\r\n            <td>MONTAJ FIRIDA SI INSTALATIE UTILIZARE GAZ<\/td>\r\n          <\/tr>    \r\n                  <tr>\r\n            <td>1873 \/ 15.05.2026 <\/td>\r\n            <td>BUBUI ELISABETA<\/td>\r\n            <td>Strada Macinului Nr 13<\/td>\r\n            <td>MONTAJ FIRIDA SI INSTALATIE UTILIZARE GAZ<\/td>\r\n          <\/tr>    \r\n                  <tr>\r\n            <td>1872 \/ 15.05.2026 <\/td>\r\n            <td>GROZA ADRIAN<\/td>\r\n            <td>Strada Macinului Nr 38<\/td>\r\n            <td>MONTAJ FIRIDA SI INSTALATIE UTILIZARE GAZ<\/td>\r\n          <\/tr>    \r\n                  <tr>\r\n            <td>1871 \/ 15.05.2026 <\/td>\r\n            <td>MONENCI DACIANA-CLAUDIA-CODRUTA<\/td>\r\n            <td>Strada Macinului Nr 46<\/td>\r\n            <td>MONTAJ FIRIDA SI INSTALATIE UTILIZARE GAZ<\/td>\r\n          <\/tr>    \r\n                  <tr>\r\n            <td>1870 \/ 15.05.2026 <\/td>\r\n            <td>BOBE STELIAN- IOAN<\/td>\r\n            <td>Strada Macinului Nr 26<\/td>\r\n            <td>MONTAJ FIRIDA SI INSTALATIE UTILIZARE GAZ<\/td>\r\n          <\/tr>    \r\n                  <tr>\r\n            <td>1869 \/ 15.05.2026 <\/td>\r\n            <td>POPA IOAN-RAUL<\/td>\r\n            <td>Strada Macinului Nr 34<\/td>\r\n            <td>MONTAJ FIRIDA SI INSTALATIE UTILIZARE GAZ<\/td>\r\n          <\/tr>    \r\n                  <tr>\r\n            <td>1868 \/ 15.05.2026 <\/td>\r\n            <td>LAZA ALEXANDRINA<\/td>\r\n            <td>Strada Macinului Nr 36<\/td>\r\n            <td>MONTAJ FIRIDA SI INSTALATIE UTILIZARE GAZ<\/td>\r\n          <\/tr>    \r\n                  <tr>\r\n            <td>1867 \/ 15.05.2026 <\/td>\r\n            <td>BALLA STEFAN-ADAALBERT<\/td>\r\n            <td>Strada Macinului Nr 40<\/td>\r\n            <td>MONTAJ FIRIDA SI INSTALATIE UTILIZARE GAZ<\/td>\r\n          <\/tr>    \r\n                  <tr>\r\n            <td>1866 \/ 15.05.2026 <\/td>\r\n            <td>VESA RAUL BOGDAN<\/td>\r\n            <td>Strada Macinului Nr 42<\/td>\r\n            <td>MONTAJ FIRIDA SI INSTALATIE UTILIZARE GAZ<\/td>\r\n          <\/tr>    \r\n                  <tr>\r\n            <td>1865 \/ 15.05.2026 <\/td>\r\n            <td>MANGRA IOSIF<\/td>\r\n            <td>Strada Macinului Nr 44<\/td>\r\n            <td>MONTAJ FIRIDA SI INSTALATIE UTILIZARE GAZ<\/td>\r\n          <\/tr>    \r\n                  <tr>\r\n            <td>1864 \/ 15.05.2026 <\/td>\r\n            <td>THE STORE TRANSILVANIA SRL reprezentat prin Chindlea Horea<\/td>\r\n            <td>Strada Stefan Octavian Iosif Nr 7<\/td>\r\n            <td>obtinere autorizatie de amplasare si functionare pentru amplasare mobilier  de terasa sezoniera\/domeniu privat<\/td>\r\n          <\/tr>    \r\n                  <tr>\r\n            <td>1863 \/ 15.05.2026 <\/td>\r\n            <td>CONSILIUL JUDETEAN BIHOR<\/td>\r\n            <td>Strada Traian Blajovici Nr 2B<\/td>\r\n            <td>Intocmire DTAD si obtinere avize pentru desfiintare constructii identificate prin nr. cad 204659-C1,<\/td>\r\n          <\/tr>    \r\n                  <tr>\r\n            <td>1862 \/ 15.05.2026 <\/td>\r\n            <td>BORSA GHEORGHE<\/td>\r\n            <td>Strada Vasile Goldis Nr 7<\/td>\r\n            <td>alimentare cu energie electrica - bransament electric trifazat subteran<\/td>\r\n          <\/tr>    \r\n          <\/tbody>\r\n<\/table>\r\n\r\n<ul class=\"flex items-center gap-3 list-none m-0 p-0\">\r\n      \r\n    \r\n          <li class=\"text-secondary font-semibold\" onclick=\"goToPage(1)\">\r\n        1      <\/li>\r\n    \r\n    \r\n          \r\n    \r\n    \r\n    \r\n          <li class=\"text-primary cursor-pointer\" onclick=\"goToPage(2)\">\r\n        2      <\/li>\r\n          \r\n    \r\n    \r\n    \r\n          <li class=\"text-primary cursor-pointer\" onclick=\"goToPage(3)\">\r\n        3      <\/li>\r\n          \r\n    \r\n    \r\n    \r\n          <li class=\"text-primary cursor-pointer\" onclick=\"goToPage(4)\">\r\n        4      <\/li>\r\n          \r\n    \r\n    \r\n    \r\n          <li class=\"text-primary cursor-pointer\" onclick=\"goToPage(5)\">\r\n        5      <\/li>\r\n          \r\n    \r\n    \r\n    \r\n          \r\n    \r\n    \r\n    \r\n          \r\n    \r\n    \r\n    \r\n          \r\n    \r\n    \r\n    \r\n          \r\n    \r\n    \r\n    \r\n          \r\n    \r\n    \r\n    \r\n          \r\n    \r\n    \r\n    \r\n          \r\n    \r\n    \r\n    \r\n          \r\n    \r\n    \r\n    \r\n          \r\n    \r\n    \r\n    \r\n          \r\n    \r\n    \r\n    \r\n          \r\n    \r\n    \r\n    \r\n          \r\n    \r\n    \r\n    \r\n          \r\n    \r\n    \r\n    \r\n          \r\n    \r\n    \r\n    \r\n          \r\n    \r\n    \r\n    \r\n          \r\n    \r\n    \r\n    \r\n          \r\n    \r\n    \r\n    \r\n          \r\n    \r\n    \r\n    \r\n          \r\n    \r\n    \r\n    \r\n          \r\n    \r\n    \r\n    \r\n          \r\n    \r\n    \r\n    \r\n          \r\n    \r\n    \r\n    \r\n          \r\n    \r\n    \r\n    \r\n          \r\n    \r\n    \r\n    \r\n          \r\n    \r\n    \r\n    \r\n          \r\n    \r\n    \r\n    \r\n          \r\n    \r\n    \r\n    \r\n          \r\n    \r\n    \r\n    \r\n          \r\n    \r\n    \r\n    \r\n          \r\n    \r\n    \r\n    \r\n          \r\n    \r\n    \r\n    \r\n          \r\n    \r\n    \r\n    \r\n          \r\n    \r\n    \r\n    \r\n          \r\n    \r\n    \r\n    \r\n          \r\n    \r\n    \r\n    \r\n          \r\n    \r\n    \r\n    \r\n          \r\n    \r\n    \r\n    \r\n          \r\n    \r\n    \r\n    \r\n          \r\n    \r\n    \r\n    \r\n          \r\n    \r\n    \r\n    \r\n          \r\n    \r\n    \r\n    \r\n          \r\n    \r\n    \r\n    \r\n          \r\n    \r\n    \r\n    \r\n          \r\n    \r\n    \r\n    \r\n          \r\n    \r\n    \r\n    \r\n          \r\n    \r\n    \r\n    \r\n          \r\n    \r\n    \r\n    \r\n          \r\n    \r\n    \r\n    \r\n          \r\n    \r\n    \r\n    \r\n          \r\n    \r\n    \r\n    \r\n          \r\n    \r\n    \r\n    \r\n          \r\n    \r\n    \r\n    \r\n          \r\n    \r\n    \r\n    \r\n          \r\n    \r\n    \r\n    \r\n          \r\n    \r\n    \r\n    \r\n          \r\n    \r\n    \r\n    \r\n          \r\n    \r\n    \r\n    \r\n          \r\n    \r\n    \r\n    \r\n          \r\n    \r\n    \r\n    \r\n          \r\n    \r\n    \r\n    \r\n          \r\n    \r\n    \r\n    \r\n          \r\n    \r\n    \r\n    \r\n          \r\n    \r\n    \r\n    \r\n          \r\n    \r\n    \r\n    \r\n          \r\n    \r\n    \r\n    \r\n          \r\n    \r\n    \r\n    \r\n          \r\n    \r\n    \r\n    \r\n          \r\n    \r\n    \r\n    \r\n          \r\n    \r\n    \r\n    \r\n          \r\n    \r\n    \r\n    \r\n          \r\n    \r\n    \r\n    \r\n          \r\n    \r\n    \r\n    \r\n          \r\n    \r\n    \r\n    \r\n          \r\n    \r\n    \r\n    \r\n          \r\n    \r\n    \r\n    \r\n          \r\n    \r\n    \r\n    \r\n          \r\n    \r\n    \r\n    \r\n          \r\n    \r\n    \r\n    \r\n          \r\n    \r\n    \r\n    \r\n          \r\n    \r\n    \r\n    \r\n          \r\n    \r\n    \r\n    \r\n          \r\n    \r\n    \r\n    \r\n          \r\n    \r\n    \r\n    \r\n          \r\n    \r\n    \r\n    \r\n          \r\n    \r\n    \r\n    \r\n          \r\n    \r\n    \r\n    \r\n          \r\n    \r\n    \r\n    \r\n          \r\n    \r\n    \r\n    \r\n          \r\n    \r\n    \r\n          <li>...<\/li>\r\n    \r\n          <li class=\"text-primary cursor-pointer\" onclick=\"goToPage(95)\">\r\n        95      <\/li>\r\n      <\/ul>\r\n\r\n<script>\r\n  function goToPage(page) {\r\n    const url = new URL(window.location.href)\r\n    url.searchParams.delete(\"_page\")\r\n    url.searchParams.append(\"_page\", page)\r\n\r\n    window.location.href = url.href\r\n  }\r\n<\/script><\/div>\n\t\t\t\t\t\t<\/div>\n\t\t\t\t<\/div>\n\t\t\t\t\t<\/div>\n\t\t\t\t<\/div>\n\t\t\t\t<\/div>\n\t\t","protected":false},"excerpt":{"rendered":"<p>Urbanisztikai tan\u00fas\u00edtv\u00e1nyok Urbanisztikai tan\u00fas\u00edtv\u00e1nyok<\/p>\n","protected":false},"author":2,"featured_media":0,"parent":103881,"menu_order":0,"comment_status":"closed","ping_status":"closed","template":"","meta":{"_acf_changed":false,"ep_exclude_from_search":false,"footnotes":""},"class_list":["post-103873","page","type-page","status-publish","hentry"],"acf":[],"yoast_head":"<!-- This site is optimized with the Yoast SEO plugin v26.6 - https:\/\/yoast.com\/wordpress\/plugins\/seo\/ -->\n<title>Urbanisztikai tan\u00fas\u00edtv\u00e1nyok - Oradea.ro<\/title>\n<meta name=\"robots\" content=\"index, follow, max-snippet:-1, max-image-preview:large, max-video-preview:-1\" \/>\n<link rel=\"canonical\" href=\"https:\/\/oradea.ro\/hu\/teruletrendezes\/kiadott-urbanisztikai-engedelyek\/urbanisztikai-tanusitvanyok\/\" \/>\n<meta property=\"og:locale\" content=\"hu_HU\" \/>\n<meta property=\"og:type\" content=\"article\" \/>\n<meta property=\"og:title\" content=\"Urbanisztikai tan\u00fas\u00edtv\u00e1nyok - Oradea.ro\" \/>\n<meta property=\"og:description\" content=\"Urbanisztikai tan\u00fas\u00edtv\u00e1nyok Urbanisztikai tan\u00fas\u00edtv\u00e1nyok\" \/>\n<meta property=\"og:url\" content=\"https:\/\/oradea.ro\/hu\/teruletrendezes\/kiadott-urbanisztikai-engedelyek\/urbanisztikai-tanusitvanyok\/\" \/>\n<meta property=\"og:site_name\" content=\"Oradea.ro\" \/>\n<meta property=\"article:modified_time\" content=\"2023-12-18T09:32:27+00:00\" \/>\n<meta name=\"twitter:card\" content=\"summary_large_image\" \/>\n<script type=\"application\/ld+json\" class=\"yoast-schema-graph\">{\"@context\":\"https:\/\/schema.org\",\"@graph\":[{\"@type\":\"WebPage\",\"@id\":\"https:\/\/oradea.ro\/hu\/teruletrendezes\/kiadott-urbanisztikai-engedelyek\/urbanisztikai-tanusitvanyok\/\",\"url\":\"https:\/\/oradea.ro\/hu\/teruletrendezes\/kiadott-urbanisztikai-engedelyek\/urbanisztikai-tanusitvanyok\/\",\"name\":\"Urbanisztikai tan\u00fas\u00edtv\u00e1nyok - Oradea.ro\",\"isPartOf\":{\"@id\":\"https:\/\/oradea.ro\/#website\"},\"datePublished\":\"2023-11-02T07:35:22+00:00\",\"dateModified\":\"2023-12-18T09:32:27+00:00\",\"breadcrumb\":{\"@id\":\"https:\/\/oradea.ro\/hu\/teruletrendezes\/kiadott-urbanisztikai-engedelyek\/urbanisztikai-tanusitvanyok\/#breadcrumb\"},\"inLanguage\":\"hu\",\"potentialAction\":[{\"@type\":\"ReadAction\",\"target\":[\"https:\/\/oradea.ro\/hu\/teruletrendezes\/kiadott-urbanisztikai-engedelyek\/urbanisztikai-tanusitvanyok\/\"]}]},{\"@type\":\"BreadcrumbList\",\"@id\":\"https:\/\/oradea.ro\/hu\/teruletrendezes\/kiadott-urbanisztikai-engedelyek\/urbanisztikai-tanusitvanyok\/#breadcrumb\",\"itemListElement\":[{\"@type\":\"ListItem\",\"position\":1,\"name\":\"\",\"item\":\"https:\/\/oradea.ro\/hu\/\"},{\"@type\":\"ListItem\",\"position\":2,\"name\":\"Ter\u00fcletrendez\u00e9s\",\"item\":\"https:\/\/oradea.ro\/hu\/teruletrendezes\/\"},{\"@type\":\"ListItem\",\"position\":3,\"name\":\"Kiadott v\u00e1rostervez\u00e9si iratok\",\"item\":\"https:\/\/oradea.ro\/hu\/teruletrendezes\/kiadott-urbanisztikai-engedelyek\/\"},{\"@type\":\"ListItem\",\"position\":4,\"name\":\"Urbanisztikai tan\u00fas\u00edtv\u00e1nyok\"}]},{\"@type\":\"WebSite\",\"@id\":\"https:\/\/oradea.ro\/#website\",\"url\":\"https:\/\/oradea.ro\/\",\"name\":\"Oradea.ro\",\"description\":\"Site-ul oficial al Prim\u0103riei Municipiului Oradea\",\"publisher\":{\"@id\":\"https:\/\/oradea.ro\/#organization\"},\"potentialAction\":[{\"@type\":\"SearchAction\",\"target\":{\"@type\":\"EntryPoint\",\"urlTemplate\":\"https:\/\/oradea.ro\/?s={search_term_string}\"},\"query-input\":{\"@type\":\"PropertyValueSpecification\",\"valueRequired\":true,\"valueName\":\"search_term_string\"}}],\"inLanguage\":\"hu\"},{\"@type\":\"Organization\",\"@id\":\"https:\/\/oradea.ro\/#organization\",\"name\":\"Oradea.ro\",\"url\":\"https:\/\/oradea.ro\/\",\"logo\":{\"@type\":\"ImageObject\",\"inLanguage\":\"hu\",\"@id\":\"https:\/\/oradea.ro\/#\/schema\/logo\/image\/\",\"url\":\"https:\/\/oradea.ro\/wp-content\/uploads\/2023\/06\/footer_logo.svg\",\"contentUrl\":\"https:\/\/oradea.ro\/wp-content\/uploads\/2023\/06\/footer_logo.svg\",\"width\":218,\"height\":53,\"caption\":\"Oradea.ro\"},\"image\":{\"@id\":\"https:\/\/oradea.ro\/#\/schema\/logo\/image\/\"}}]}<\/script>\n<!-- \/ Yoast SEO plugin. -->","yoast_head_json":{"title":"Urbanisztikai tan\u00fas\u00edtv\u00e1nyok - Oradea.ro","robots":{"index":"index","follow":"follow","max-snippet":"max-snippet:-1","max-image-preview":"max-image-preview:large","max-video-preview":"max-video-preview:-1"},"canonical":"https:\/\/oradea.ro\/hu\/teruletrendezes\/kiadott-urbanisztikai-engedelyek\/urbanisztikai-tanusitvanyok\/","og_locale":"hu_HU","og_type":"article","og_title":"Urbanisztikai tan\u00fas\u00edtv\u00e1nyok - Oradea.ro","og_description":"Urbanisztikai tan\u00fas\u00edtv\u00e1nyok Urbanisztikai tan\u00fas\u00edtv\u00e1nyok","og_url":"https:\/\/oradea.ro\/hu\/teruletrendezes\/kiadott-urbanisztikai-engedelyek\/urbanisztikai-tanusitvanyok\/","og_site_name":"Oradea.ro","article_modified_time":"2023-12-18T09:32:27+00:00","twitter_card":"summary_large_image","schema":{"@context":"https:\/\/schema.org","@graph":[{"@type":"WebPage","@id":"https:\/\/oradea.ro\/hu\/teruletrendezes\/kiadott-urbanisztikai-engedelyek\/urbanisztikai-tanusitvanyok\/","url":"https:\/\/oradea.ro\/hu\/teruletrendezes\/kiadott-urbanisztikai-engedelyek\/urbanisztikai-tanusitvanyok\/","name":"Urbanisztikai tan\u00fas\u00edtv\u00e1nyok - Oradea.ro","isPartOf":{"@id":"https:\/\/oradea.ro\/#website"},"datePublished":"2023-11-02T07:35:22+00:00","dateModified":"2023-12-18T09:32:27+00:00","breadcrumb":{"@id":"https:\/\/oradea.ro\/hu\/teruletrendezes\/kiadott-urbanisztikai-engedelyek\/urbanisztikai-tanusitvanyok\/#breadcrumb"},"inLanguage":"hu","potentialAction":[{"@type":"ReadAction","target":["https:\/\/oradea.ro\/hu\/teruletrendezes\/kiadott-urbanisztikai-engedelyek\/urbanisztikai-tanusitvanyok\/"]}]},{"@type":"BreadcrumbList","@id":"https:\/\/oradea.ro\/hu\/teruletrendezes\/kiadott-urbanisztikai-engedelyek\/urbanisztikai-tanusitvanyok\/#breadcrumb","itemListElement":[{"@type":"ListItem","position":1,"name":"","item":"https:\/\/oradea.ro\/hu\/"},{"@type":"ListItem","position":2,"name":"Ter\u00fcletrendez\u00e9s","item":"https:\/\/oradea.ro\/hu\/teruletrendezes\/"},{"@type":"ListItem","position":3,"name":"Kiadott v\u00e1rostervez\u00e9si iratok","item":"https:\/\/oradea.ro\/hu\/teruletrendezes\/kiadott-urbanisztikai-engedelyek\/"},{"@type":"ListItem","position":4,"name":"Urbanisztikai tan\u00fas\u00edtv\u00e1nyok"}]},{"@type":"WebSite","@id":"https:\/\/oradea.ro\/#website","url":"https:\/\/oradea.ro\/","name":"Oradea.ro","description":"Site-ul oficial al Prim\u0103riei Municipiului Oradea","publisher":{"@id":"https:\/\/oradea.ro\/#organization"},"potentialAction":[{"@type":"SearchAction","target":{"@type":"EntryPoint","urlTemplate":"https:\/\/oradea.ro\/?s={search_term_string}"},"query-input":{"@type":"PropertyValueSpecification","valueRequired":true,"valueName":"search_term_string"}}],"inLanguage":"hu"},{"@type":"Organization","@id":"https:\/\/oradea.ro\/#organization","name":"Oradea.ro","url":"https:\/\/oradea.ro\/","logo":{"@type":"ImageObject","inLanguage":"hu","@id":"https:\/\/oradea.ro\/#\/schema\/logo\/image\/","url":"https:\/\/oradea.ro\/wp-content\/uploads\/2023\/06\/footer_logo.svg","contentUrl":"https:\/\/oradea.ro\/wp-content\/uploads\/2023\/06\/footer_logo.svg","width":218,"height":53,"caption":"Oradea.ro"},"image":{"@id":"https:\/\/oradea.ro\/#\/schema\/logo\/image\/"}}]}},"publishpress_future_action":{"enabled":false,"date":"2026-05-22 18:30:12","action":"change-status","newStatus":"draft","terms":[],"taxonomy":"translation_priority","extraData":[]},"publishpress_future_workflow_manual_trigger":{"enabledWorkflows":[]},"_links":{"self":[{"href":"https:\/\/oradea.ro\/hu\/wp-json\/wp\/v2\/pages\/103873","targetHints":{"allow":["GET"]}}],"collection":[{"href":"https:\/\/oradea.ro\/hu\/wp-json\/wp\/v2\/pages"}],"about":[{"href":"https:\/\/oradea.ro\/hu\/wp-json\/wp\/v2\/types\/page"}],"author":[{"embeddable":true,"href":"https:\/\/oradea.ro\/hu\/wp-json\/wp\/v2\/users\/2"}],"replies":[{"embeddable":true,"href":"https:\/\/oradea.ro\/hu\/wp-json\/wp\/v2\/comments?post=103873"}],"version-history":[{"count":3,"href":"https:\/\/oradea.ro\/hu\/wp-json\/wp\/v2\/pages\/103873\/revisions"}],"predecessor-version":[{"id":103876,"href":"https:\/\/oradea.ro\/hu\/wp-json\/wp\/v2\/pages\/103873\/revisions\/103876"}],"up":[{"embeddable":true,"href":"https:\/\/oradea.ro\/hu\/wp-json\/wp\/v2\/pages\/103881"}],"wp:attachment":[{"href":"https:\/\/oradea.ro\/hu\/wp-json\/wp\/v2\/media?parent=103873"}],"curies":[{"name":"wp","href":"https:\/\/api.w.org\/{rel}","templated":true}]}}