{"id":103877,"date":"2023-11-02T07:34:56","date_gmt":"2023-11-02T07:34:56","guid":{"rendered":"https:\/\/oradea.ro\/engedelyek\/"},"modified":"2023-12-18T09:32:55","modified_gmt":"2023-12-18T09:32:55","slug":"engedelyek","status":"publish","type":"page","link":"https:\/\/oradea.ro\/hu\/teruletrendezes\/kiadott-urbanisztikai-engedelyek\/engedelyek\/","title":{"rendered":"Enged\u00e9lyek"},"content":{"rendered":"<div class=\"min-w-[100vw] h-[350px] md:h-[500px] ml-[calc(50%-50vw)] flex items-end bg-no-repeat bg-white bg-cover bg-center px-5\" style=\"background-image: url(https:\/\/oradea.ro\/wp-content\/uploads\/2023\/10\/home_hero_slide_2-scaled.webp);\">\r\n                    <div class=\"w-full max-w-7xl mx-auto mb-6\">\r\n                        <h1 class=\"my-0 text-white font-extrabold font-open-sans text-3xl md:text-6xl [text-shadow:_0_1px_4px_rgb(0_0_0_\/_50%)]\">Enged\u00e9lyek<\/h1>\r\n                    <\/div>\r\n                <\/div><div class=\"!px-5\"><div class=\"breadcrumbs w-full max-w-7xl mx-auto grid md:flex flex-wrap items-center py-4 test\"><div><a href=\"https:\/\/oradea.ro\/hu\/\"><span class=\"fas fa-home text-[#ABAEB3]\"><\/span><\/a><span class=\"md:hidden\"><span class=\"fas fa-chevron-down mx-5 text-xs text-[#ABAEB3] hover:text-black\/50 transition-all\"><\/span><\/span><span class=\"hidden md:inline\"><span class=\"fas fa-chevron-right mx-5 text-xs text-[#ABAEB3] hover:text-black\/50 transition-all\"><\/span><\/span><\/div><span class=\"font-poppins font-semibold uppercase text-black\/60\">Enged\u00e9lyek<\/span><\/div><\/div>\t\t<div data-elementor-type=\"wp-page\" data-elementor-id=\"103877\" class=\"elementor elementor-103877 elementor-26363\" data-elementor-post-type=\"page\">\n\t\t\t\t<div class=\"elementor-element elementor-element-dc15f81 e-flex e-con-boxed wpr-particle-no wpr-jarallax-no wpr-parallax-no wpr-sticky-section-no e-con e-parent\" data-id=\"dc15f81\" data-element_type=\"container\">\n\t\t\t\t\t<div class=\"e-con-inner\">\n\t\t\t\t<div class=\"elementor-element elementor-element-7aede9d elementor-widget elementor-widget-shortcode\" data-id=\"7aede9d\" data-element_type=\"widget\" data-widget_type=\"shortcode.default\">\n\t\t\t\t<div class=\"elementor-widget-container\">\n\t\t\t\t\t\t\t<div class=\"elementor-shortcode\">\r\n<div>\r\n  <form class=\"md:grid grid-cols-12 items-center mb-3 gap-5\">\r\n    <select name=\"_year\" class=\"col-span-2 border-none outline-none font-poppins uppercase p-0 text-[#6C727F] mb-2.5 md:mb-0\">\r\n              <option value=\"2026\" >2026<\/option>\r\n              <option value=\"2025\" >2025<\/option>\r\n              <option value=\"2024\" >2024<\/option>\r\n              <option value=\"2023\" >2023<\/option>\r\n              <option value=\"2022\" >2022<\/option>\r\n              <option value=\"2021\" >2021<\/option>\r\n              <option value=\"2020\" >2020<\/option>\r\n              <option value=\"2019\" >2019<\/option>\r\n              <option value=\"2018\" >2018<\/option>\r\n              <option value=\"2017\" >2017<\/option>\r\n              <option value=\"2016\" >2016<\/option>\r\n              <option value=\"2015\" >2015<\/option>\r\n              <option value=\"2014\" >2014<\/option>\r\n              <option value=\"2013\" >2013<\/option>\r\n              <option value=\"2012\" >2012<\/option>\r\n              <option value=\"2011\" >2011<\/option>\r\n          <\/select>\r\n    <input type=\"text\" value=\"\" name=\"_address\" placeholder=\"Adresa lucrare...\" class=\"col-span-4 min-w-[200px] border !border-[#E4E4E4] !focus:border-[#E4E4E4] mb-2.5 md:mb-0\" \/>\r\n    <input type=\"text\" value=\"\" name=\"_destination\" placeholder=\"Destinatie...\" class=\"col-span-4 min-w-[200px] border !border-[#E4E4E4] !focus:border-[#E4E4E4] mb-2.5 md:mb-0\" \/>\r\n    <button type=\"submit\" class=\"!w-full !block col-span-2 !bg-secondary hover:!bg-[#64B0FF] !text-white !border-none !rounded-md !font-medium shadow\">Caut\u0103<\/button>\r\n  <\/form>\r\n<\/div>\r\n<table>\r\n  <thead>\r\n    <tr>\r\n      <th>NR ACT\/DATA<\/th>\r\n      <th>SOLICITANT<\/th>\r\n      <th>ADRESA LUCRARE<\/th>\r\n      <th>DESTINATIE<\/th>\r\n    <\/tr>\r\n  <\/thead>\r\n  <tbody>\r\n              <tr>\r\n            <td>461 \/ 24.04.2026 <\/td>\r\n            <td>GAZE NATURALE VEST SRL reprez. al                                                                                                    SC DISTRIGAZ VEST SA<\/td>\r\n            <td>Strada Mimozei Nr 13<\/td>\r\n            <td>proiectare si executie instalatie de racordare ramificata gaze naturale presiune redusa\r\n\r\n- Cladirea face parte din ansamblul * Centru istoric * , inclus in lista monumentelor istorice ( COD BH II-a-A 01037) publicata in  Monitorul Oficial nr. 670 bis \/ 2010 , de aceea se va obtine autorizatie de construire pentru INSTALATIA DE UTILIZARE GAZ.<\/td>\r\n          <\/tr>    \r\n                  <tr>\r\n            <td>460 \/ 24.04.2026 <\/td>\r\n            <td>SC PROIECT BIHOR INVEST SRL                                       reprezentat prin Mabda Florin Marius<\/td>\r\n            <td>Strada Colinelor Nr 156B<\/td>\r\n            <td>alimentare cu energie electrica imobil ,Oradea , str. Colinelor , nr. 156B, jud.Bihor<\/td>\r\n          <\/tr>    \r\n                  <tr>\r\n            <td>459 \/ 24.04.2026 <\/td>\r\n            <td>MICLOS DENISA LORENA<\/td>\r\n            <td>Cartier Podgoria Nr 226H<\/td>\r\n            <td>bransament apa si racord canal menajer<\/td>\r\n          <\/tr>    \r\n                  <tr>\r\n            <td>458 \/ 24.04.2026 <\/td>\r\n            <td>POP OVIDIU si POP EDINA MELINDA<\/td>\r\n            <td>Strada Petru Maior Nr 83M<\/td>\r\n            <td>- construire casa P+E si imprejmuire teren\r\n- la receptia de terminare a lucrarilor se va prezenta certificat de performanta energetica si dovada finalizarii lucrarilor de retele electrice, apa-canal( AC 902\/2018) si a drumului balastat<\/td>\r\n          <\/tr>    \r\n                  <tr>\r\n            <td>457 \/ 24.04.2026 <\/td>\r\n            <td>TORJ RODICA<\/td>\r\n            <td>Strada Greierului Nr 38<\/td>\r\n            <td>- creare acces , desfiintare fereastra si recompartimentare ap. 2 -intrare in legalitate<\/td>\r\n          <\/tr>    \r\n                  <tr>\r\n            <td>456 \/ 24.04.2026 <\/td>\r\n            <td>ALEXA CRISTIAN FLORIN si CALIN CRISTINA ANCA<\/td>\r\n            <td>Strada Barcaului Nr 65<\/td>\r\n            <td>demolare corp C1 - locuinta Sp+P si corp C2 - anexa<\/td>\r\n          <\/tr>    \r\n                  <tr>\r\n            <td>455 \/ 24.04.2026 <\/td>\r\n            <td>ABS TRADING SRL reprezentat prin ANDREI ZSURKA<\/td>\r\n            <td>Calea Borsului Nr 45N7<\/td>\r\n            <td>recompartimentari interioare nestructurale, inchideri \/deschideri de goluri la corpurile c2, c3, c4 conform AVIZ ARHITECT SEF nr. 1714\/22.09.2022<\/td>\r\n          <\/tr>    \r\n                  <tr>\r\n            <td>454 \/ 24.04.2026 <\/td>\r\n            <td>SC EUROALPIN EXPRESS SRL - reprezentat                           prin  Seles Leontina<\/td>\r\n            <td>Strada Augustin Maior Nr 21<\/td>\r\n            <td>Crestere capacitate de stocare - baterii, pana la 2,247 mwh in cadrul parcului fotovoltaic cef-prosumator- cu injectie de putere activa in red si instalatie de stocare<\/td>\r\n          <\/tr>    \r\n                  <tr>\r\n            <td>453 \/ 24.04.2026 <\/td>\r\n            <td>LEUCA VALERIA<\/td>\r\n            <td>Strada Nicolae Tonitza Nr 39<\/td>\r\n            <td>construire casa familiala -continuare lucrari ramase de executat in baza ac 1387\/28.07.2021\r\ncontinuare lucrari autorizate cu AC nr.1387\/28.07.2021 (locuinta parter si imprejmuire teren) - finisaje interioare\/exterioare si imprejmuire teren\r\n- la receptia de terminare a lucrarilor se va prezenta certificat de performanta energetica, dovada finalizarii lucrarilor de retelele electrice, apa-canal si a drumului balastat \r\n\r\n<\/td>\r\n          <\/tr>    \r\n                  <tr>\r\n            <td>452 \/ 24.04.2026 <\/td>\r\n            <td>SC FLAVOIA INVEST SRL reprezentat prin Pop Stelian<\/td>\r\n            <td>Strada Alexandru Roman Nr 1<\/td>\r\n            <td>Schimbare solutie de fundare la AC 150\/24.02.2026 -Construire cladire cu functiune mixta, sp. comercial, birou, locuinte si imprjemuire teren<\/td>\r\n          <\/tr>    \r\n                  <tr>\r\n            <td>451 \/ 24.04.2026 <\/td>\r\n            <td>BIOCLINICA SRL reprezentat prin GHIATA FLOARE<\/td>\r\n            <td>Strada Iuliu Maniu Nr 16<\/td>\r\n            <td>- lucrari de constructii cu caracter provizoriu(pe perioada valabilitatii dreptului de folosinta a imobilului) - amplasare semnalistica FORTUNA - caseta luminoasa in consola 0,70x0,70mp - Safisaj=0,98mp - conform fotomontajului anexa avizat;\r\n- demontarea mijlocului publicitar va fi anuntata in scris;\r\n<\/td>\r\n          <\/tr>    \r\n                  <tr>\r\n            <td>450 \/ 24.04.2026 <\/td>\r\n            <td>DOVLETE ALEXANDRA-ANAMARIA PFA reprezentat prin Dovlete Alexandra<\/td>\r\n            <td>Strada Nicolae Balcescu Nr 9<\/td>\r\n            <td>- lucrari de constructii cu caracter provizoriu(pe perioada valabilitatii dreptului de folosinta a imobilului) - amplasare semnalistica SALON GLOW - caseta luminoasa 1,26x0,40mp - Sc\/Safisaj=0,60mp - conform fotomontajului anexa avizat;\r\n- demontarea mijlocului publicitar va fi anuntata in scris;\r\n<\/td>\r\n          <\/tr>    \r\n                  <tr>\r\n            <td>449 \/ 24.04.2026 <\/td>\r\n            <td>ANANE BEAUTY STUDIO & ACADEMY SRL reprezentat prin Negulescu Ana<\/td>\r\n            <td>Strada Iuliu Maniu Nr 35<\/td>\r\n            <td>- lucrari de constructii cu caracter provizoriu(pe perioada valabilitatii dreptului de folosinta a imobilului) - amplasare semnalistica ANANE  - litere individuale 4,25x0,70mp si folie imita\u0163ie de sticl\u0103 sablat\u0103 imprimata cu brandul firmei  - Sc\/Safisaj=5,80mp - conform fotomontajului anexa avizat;\r\n- demontarea mijlocului publicitar va fi anuntata in scris;\r\n<\/td>\r\n          <\/tr>    \r\n                  <tr>\r\n            <td>448 \/ 24.04.2026 <\/td>\r\n            <td>DELICII DULCI DELIA SRL reprezentat prin Iovan Delia<\/td>\r\n            <td>Strada Nufarului Nr 48<\/td>\r\n            <td>- lucrari de constructii cu caracter provizoriu(pe perioada valabilitatii dreptului de folosinta a imobilului) - amplasare semnalistica COFETARIA DELICII DULCI- caseta luminoasa 1,50x0,40mp - Sc\/Safisaj=0,60mp - conform fotomontajului anexa avizat;\r\n- demontarea mijlocului publicitar va fi anuntata in scris;\r\n<\/td>\r\n          <\/tr>    \r\n                  <tr>\r\n            <td>447 \/ 24.04.2026 <\/td>\r\n            <td>CIUCIU CIPRIAN-MIHAI si CIUCIU CATALIN MIRON<\/td>\r\n            <td>Strada Piatra Craiului Nr 36 D<\/td>\r\n            <td>Construire locuinta D+P - INTRARE in LEGALITATE,conf PV Nr. 12\/2022 si aviz favorabil nr. 1865\/2025\r\nConstruire piscina\r\nLa receptia lucrarii se va prezenta certificat de performanta energetica a cladirii , precum si dovada proprietatii publice asupra terenului cu nr cadastral 220991<\/td>\r\n          <\/tr>    \r\n                  <tr>\r\n            <td>446 \/ 24.04.2026 <\/td>\r\n            <td>JUDE DANA-MIRELA si MIHALACHE CRISTIAN<\/td>\r\n            <td>Strada Bulgarilor Nr 7A<\/td>\r\n            <td>Construire carport, filigorie si imprejmuire front stradal, imprejmuire mejdie laterala stinga, \r\npartial mejdie laterala dreapta si mejdie posterioara conf aviz favorabil nr.2143\/06.11.2025<\/b><\/td>\r\n          <\/tr>    \r\n                  <tr>\r\n            <td>445 \/ 23.04.2026 <\/td>\r\n            <td>ARTDECOR SRL ,ADIDEM GARDENER SRL si RADA-VARGA DUMITRU<\/td>\r\n            <td><\/td>\r\n            <td>extindere retele de apa si canal menajer cu 3 brasamente de apa si 3 racorduri canal menajer - cu instalatie de utilizare pentru nr. cad.210244<\/td>\r\n          <\/tr>    \r\n                  <tr>\r\n            <td>444 \/ 23.04.2026 <\/td>\r\n            <td>SMART INFRA INDUSTRIES SRL reprezentat prin CIOCAN                                       FLORIN IONUT<\/td>\r\n            <td>Strada Apateului Nr 129D<\/td>\r\n            <td>- construire locuinta semicolectiva cu doua unitati locative, imprejmuire teren si organizare de santier\r\n- la receptia de terminare a lucrarilor se va prezenta certificat de performanta energetica<\/td>\r\n          <\/tr>    \r\n                  <tr>\r\n            <td>443 \/ 23.04.2026 <\/td>\r\n            <td>SC ICOFORM  SRL reprezentat prin MADARAS BELA TIBERIU<\/td>\r\n            <td>Strada Anghel I. Saligny Nr 38<\/td>\r\n            <td>- desfiintare partiala imprejmuire existenta, construire imprejmuire partiala, amenajare platforme betonate, parcari si  amplasare cort prefabricat cu caracter provizoriu (2 ani de la data procesului verbal de receptie la terminarea lucrarilor) - Etapa 1<\/td>\r\n          <\/tr>    \r\n                  <tr>\r\n            <td>442 \/ 23.04.2026 <\/td>\r\n            <td>JUCA GHEORGHE-FLORIAN , JUCA CRISTINA ADRIANA<\/td>\r\n            <td>Strada Bajor Andor Nr 40<\/td>\r\n            <td>Construire anexa (carport) conform AVIZ ARHITECT SEF nr. 1334\/ 10.07.2025<\/td>\r\n          <\/tr>    \r\n          <\/tbody>\r\n<\/table>\r\n\r\n<ul class=\"flex items-center gap-3 list-none m-0 p-0\">\r\n      \r\n    \r\n          <li class=\"text-secondary font-semibold\" onclick=\"goToPage(1)\">\r\n        1      <\/li>\r\n    \r\n    \r\n          \r\n    \r\n    \r\n    \r\n          <li class=\"text-primary cursor-pointer\" onclick=\"goToPage(2)\">\r\n        2      <\/li>\r\n          \r\n    \r\n    \r\n    \r\n          <li class=\"text-primary cursor-pointer\" onclick=\"goToPage(3)\">\r\n        3      <\/li>\r\n          \r\n    \r\n    \r\n    \r\n          <li class=\"text-primary cursor-pointer\" onclick=\"goToPage(4)\">\r\n        4      <\/li>\r\n          \r\n    \r\n    \r\n    \r\n          <li class=\"text-primary cursor-pointer\" onclick=\"goToPage(5)\">\r\n        5      <\/li>\r\n          \r\n    \r\n    \r\n    \r\n          \r\n    \r\n    \r\n    \r\n          \r\n    \r\n    \r\n    \r\n          \r\n    \r\n    \r\n    \r\n          \r\n    \r\n    \r\n    \r\n          \r\n    \r\n    \r\n    \r\n          \r\n    \r\n    \r\n    \r\n          \r\n    \r\n    \r\n    \r\n          \r\n    \r\n    \r\n    \r\n          \r\n    \r\n    \r\n    \r\n          \r\n    \r\n    \r\n    \r\n          \r\n    \r\n    \r\n    \r\n          \r\n    \r\n    \r\n    \r\n          \r\n    \r\n    \r\n    \r\n          \r\n    \r\n    \r\n    \r\n          \r\n    \r\n    \r\n    \r\n          \r\n    \r\n    \r\n    \r\n          \r\n    \r\n    \r\n    \r\n          \r\n    \r\n    \r\n          <li>...<\/li>\r\n    \r\n          <li class=\"text-primary cursor-pointer\" onclick=\"goToPage(24)\">\r\n        24      <\/li>\r\n      <\/ul>\r\n\r\n<script>\r\n  function goToPage(page) {\r\n    const url = new URL(window.location.href)\r\n    url.searchParams.delete(\"_page\")\r\n    url.searchParams.append(\"_page\", page)\r\n\r\n    window.location.href = url.href\r\n  }\r\n<\/script><\/div>\n\t\t\t\t\t\t<\/div>\n\t\t\t\t<\/div>\n\t\t\t\t\t<\/div>\n\t\t\t\t<\/div>\n\t\t\t\t<\/div>\n\t\t","protected":false},"excerpt":{"rendered":"<p>Enged\u00e9lyek Enged\u00e9lyek<\/p>\n","protected":false},"author":2,"featured_media":0,"parent":103881,"menu_order":0,"comment_status":"closed","ping_status":"closed","template":"","meta":{"_acf_changed":false,"ep_exclude_from_search":false,"footnotes":""},"class_list":["post-103877","page","type-page","status-publish","hentry"],"acf":[],"yoast_head":"<!-- This site is optimized with the Yoast SEO plugin v26.6 - https:\/\/yoast.com\/wordpress\/plugins\/seo\/ -->\n<title>Enged\u00e9lyek - Oradea.ro<\/title>\n<meta name=\"robots\" content=\"index, follow, max-snippet:-1, max-image-preview:large, max-video-preview:-1\" \/>\n<link rel=\"canonical\" href=\"https:\/\/oradea.ro\/hu\/teruletrendezes\/kiadott-urbanisztikai-engedelyek\/engedelyek\/\" \/>\n<meta property=\"og:locale\" content=\"hu_HU\" \/>\n<meta property=\"og:type\" content=\"article\" \/>\n<meta property=\"og:title\" content=\"Enged\u00e9lyek - Oradea.ro\" \/>\n<meta property=\"og:description\" content=\"Enged\u00e9lyek Enged\u00e9lyek\" \/>\n<meta property=\"og:url\" content=\"https:\/\/oradea.ro\/hu\/teruletrendezes\/kiadott-urbanisztikai-engedelyek\/engedelyek\/\" \/>\n<meta property=\"og:site_name\" content=\"Oradea.ro\" \/>\n<meta property=\"article:modified_time\" content=\"2023-12-18T09:32:55+00:00\" \/>\n<meta name=\"twitter:card\" content=\"summary_large_image\" \/>\n<script type=\"application\/ld+json\" class=\"yoast-schema-graph\">{\"@context\":\"https:\/\/schema.org\",\"@graph\":[{\"@type\":\"WebPage\",\"@id\":\"https:\/\/oradea.ro\/hu\/teruletrendezes\/kiadott-urbanisztikai-engedelyek\/engedelyek\/\",\"url\":\"https:\/\/oradea.ro\/hu\/teruletrendezes\/kiadott-urbanisztikai-engedelyek\/engedelyek\/\",\"name\":\"Enged\u00e9lyek - Oradea.ro\",\"isPartOf\":{\"@id\":\"https:\/\/oradea.ro\/#website\"},\"datePublished\":\"2023-11-02T07:34:56+00:00\",\"dateModified\":\"2023-12-18T09:32:55+00:00\",\"breadcrumb\":{\"@id\":\"https:\/\/oradea.ro\/hu\/teruletrendezes\/kiadott-urbanisztikai-engedelyek\/engedelyek\/#breadcrumb\"},\"inLanguage\":\"hu\",\"potentialAction\":[{\"@type\":\"ReadAction\",\"target\":[\"https:\/\/oradea.ro\/hu\/teruletrendezes\/kiadott-urbanisztikai-engedelyek\/engedelyek\/\"]}]},{\"@type\":\"BreadcrumbList\",\"@id\":\"https:\/\/oradea.ro\/hu\/teruletrendezes\/kiadott-urbanisztikai-engedelyek\/engedelyek\/#breadcrumb\",\"itemListElement\":[{\"@type\":\"ListItem\",\"position\":1,\"name\":\"\",\"item\":\"https:\/\/oradea.ro\/hu\/\"},{\"@type\":\"ListItem\",\"position\":2,\"name\":\"Ter\u00fcletrendez\u00e9s\",\"item\":\"https:\/\/oradea.ro\/hu\/teruletrendezes\/\"},{\"@type\":\"ListItem\",\"position\":3,\"name\":\"Kiadott v\u00e1rostervez\u00e9si iratok\",\"item\":\"https:\/\/oradea.ro\/hu\/teruletrendezes\/kiadott-urbanisztikai-engedelyek\/\"},{\"@type\":\"ListItem\",\"position\":4,\"name\":\"Enged\u00e9lyek\"}]},{\"@type\":\"WebSite\",\"@id\":\"https:\/\/oradea.ro\/#website\",\"url\":\"https:\/\/oradea.ro\/\",\"name\":\"Oradea.ro\",\"description\":\"Site-ul oficial al Prim\u0103riei Municipiului Oradea\",\"publisher\":{\"@id\":\"https:\/\/oradea.ro\/#organization\"},\"potentialAction\":[{\"@type\":\"SearchAction\",\"target\":{\"@type\":\"EntryPoint\",\"urlTemplate\":\"https:\/\/oradea.ro\/?s={search_term_string}\"},\"query-input\":{\"@type\":\"PropertyValueSpecification\",\"valueRequired\":true,\"valueName\":\"search_term_string\"}}],\"inLanguage\":\"hu\"},{\"@type\":\"Organization\",\"@id\":\"https:\/\/oradea.ro\/#organization\",\"name\":\"Oradea.ro\",\"url\":\"https:\/\/oradea.ro\/\",\"logo\":{\"@type\":\"ImageObject\",\"inLanguage\":\"hu\",\"@id\":\"https:\/\/oradea.ro\/#\/schema\/logo\/image\/\",\"url\":\"https:\/\/oradea.ro\/wp-content\/uploads\/2023\/06\/footer_logo.svg\",\"contentUrl\":\"https:\/\/oradea.ro\/wp-content\/uploads\/2023\/06\/footer_logo.svg\",\"width\":218,\"height\":53,\"caption\":\"Oradea.ro\"},\"image\":{\"@id\":\"https:\/\/oradea.ro\/#\/schema\/logo\/image\/\"}}]}<\/script>\n<!-- \/ Yoast SEO plugin. -->","yoast_head_json":{"title":"Enged\u00e9lyek - Oradea.ro","robots":{"index":"index","follow":"follow","max-snippet":"max-snippet:-1","max-image-preview":"max-image-preview:large","max-video-preview":"max-video-preview:-1"},"canonical":"https:\/\/oradea.ro\/hu\/teruletrendezes\/kiadott-urbanisztikai-engedelyek\/engedelyek\/","og_locale":"hu_HU","og_type":"article","og_title":"Enged\u00e9lyek - Oradea.ro","og_description":"Enged\u00e9lyek Enged\u00e9lyek","og_url":"https:\/\/oradea.ro\/hu\/teruletrendezes\/kiadott-urbanisztikai-engedelyek\/engedelyek\/","og_site_name":"Oradea.ro","article_modified_time":"2023-12-18T09:32:55+00:00","twitter_card":"summary_large_image","schema":{"@context":"https:\/\/schema.org","@graph":[{"@type":"WebPage","@id":"https:\/\/oradea.ro\/hu\/teruletrendezes\/kiadott-urbanisztikai-engedelyek\/engedelyek\/","url":"https:\/\/oradea.ro\/hu\/teruletrendezes\/kiadott-urbanisztikai-engedelyek\/engedelyek\/","name":"Enged\u00e9lyek - Oradea.ro","isPartOf":{"@id":"https:\/\/oradea.ro\/#website"},"datePublished":"2023-11-02T07:34:56+00:00","dateModified":"2023-12-18T09:32:55+00:00","breadcrumb":{"@id":"https:\/\/oradea.ro\/hu\/teruletrendezes\/kiadott-urbanisztikai-engedelyek\/engedelyek\/#breadcrumb"},"inLanguage":"hu","potentialAction":[{"@type":"ReadAction","target":["https:\/\/oradea.ro\/hu\/teruletrendezes\/kiadott-urbanisztikai-engedelyek\/engedelyek\/"]}]},{"@type":"BreadcrumbList","@id":"https:\/\/oradea.ro\/hu\/teruletrendezes\/kiadott-urbanisztikai-engedelyek\/engedelyek\/#breadcrumb","itemListElement":[{"@type":"ListItem","position":1,"name":"","item":"https:\/\/oradea.ro\/hu\/"},{"@type":"ListItem","position":2,"name":"Ter\u00fcletrendez\u00e9s","item":"https:\/\/oradea.ro\/hu\/teruletrendezes\/"},{"@type":"ListItem","position":3,"name":"Kiadott v\u00e1rostervez\u00e9si iratok","item":"https:\/\/oradea.ro\/hu\/teruletrendezes\/kiadott-urbanisztikai-engedelyek\/"},{"@type":"ListItem","position":4,"name":"Enged\u00e9lyek"}]},{"@type":"WebSite","@id":"https:\/\/oradea.ro\/#website","url":"https:\/\/oradea.ro\/","name":"Oradea.ro","description":"Site-ul oficial al Prim\u0103riei Municipiului Oradea","publisher":{"@id":"https:\/\/oradea.ro\/#organization"},"potentialAction":[{"@type":"SearchAction","target":{"@type":"EntryPoint","urlTemplate":"https:\/\/oradea.ro\/?s={search_term_string}"},"query-input":{"@type":"PropertyValueSpecification","valueRequired":true,"valueName":"search_term_string"}}],"inLanguage":"hu"},{"@type":"Organization","@id":"https:\/\/oradea.ro\/#organization","name":"Oradea.ro","url":"https:\/\/oradea.ro\/","logo":{"@type":"ImageObject","inLanguage":"hu","@id":"https:\/\/oradea.ro\/#\/schema\/logo\/image\/","url":"https:\/\/oradea.ro\/wp-content\/uploads\/2023\/06\/footer_logo.svg","contentUrl":"https:\/\/oradea.ro\/wp-content\/uploads\/2023\/06\/footer_logo.svg","width":218,"height":53,"caption":"Oradea.ro"},"image":{"@id":"https:\/\/oradea.ro\/#\/schema\/logo\/image\/"}}]}},"publishpress_future_action":{"enabled":false,"date":"2026-05-02 12:29:12","action":"change-status","newStatus":"draft","terms":[],"taxonomy":"translation_priority","extraData":[]},"publishpress_future_workflow_manual_trigger":{"enabledWorkflows":[]},"_links":{"self":[{"href":"https:\/\/oradea.ro\/hu\/wp-json\/wp\/v2\/pages\/103877","targetHints":{"allow":["GET"]}}],"collection":[{"href":"https:\/\/oradea.ro\/hu\/wp-json\/wp\/v2\/pages"}],"about":[{"href":"https:\/\/oradea.ro\/hu\/wp-json\/wp\/v2\/types\/page"}],"author":[{"embeddable":true,"href":"https:\/\/oradea.ro\/hu\/wp-json\/wp\/v2\/users\/2"}],"replies":[{"embeddable":true,"href":"https:\/\/oradea.ro\/hu\/wp-json\/wp\/v2\/comments?post=103877"}],"version-history":[{"count":3,"href":"https:\/\/oradea.ro\/hu\/wp-json\/wp\/v2\/pages\/103877\/revisions"}],"predecessor-version":[{"id":103880,"href":"https:\/\/oradea.ro\/hu\/wp-json\/wp\/v2\/pages\/103877\/revisions\/103880"}],"up":[{"embeddable":true,"href":"https:\/\/oradea.ro\/hu\/wp-json\/wp\/v2\/pages\/103881"}],"wp:attachment":[{"href":"https:\/\/oradea.ro\/hu\/wp-json\/wp\/v2\/media?parent=103877"}],"curies":[{"name":"wp","href":"https:\/\/api.w.org\/{rel}","templated":true}]}}