{"id":103881,"date":"2023-10-27T09:48:23","date_gmt":"2023-10-27T09:48:23","guid":{"rendered":"https:\/\/oradea.ro\/kiadott-urbanisztikai-engedelyek\/"},"modified":"2024-02-05T12:28:19","modified_gmt":"2024-02-05T12:28:19","slug":"kiadott-urbanisztikai-engedelyek","status":"publish","type":"page","link":"https:\/\/oradea.ro\/hu\/teruletrendezes\/kiadott-urbanisztikai-engedelyek\/","title":{"rendered":"Kiadott v\u00e1rostervez\u00e9si iratok"},"content":{"rendered":"<div class=\"min-w-[100vw] h-[350px] md:h-[500px] ml-[calc(50%-50vw)] flex items-end bg-no-repeat bg-white bg-cover bg-center px-5\" style=\"background-image: url(https:\/\/oradea.ro\/wp-content\/uploads\/2023\/10\/home_hero_slide_2-scaled.webp);\">\r\n                    <div class=\"w-full max-w-7xl mx-auto mb-6\">\r\n                        <h1 class=\"my-0 text-white font-extrabold font-open-sans text-3xl md:text-6xl [text-shadow:_0_1px_4px_rgb(0_0_0_\/_50%)]\">Kiadott v\u00e1rostervez\u00e9si iratok<\/h1>\r\n                    <\/div>\r\n                <\/div><div class=\"!px-5\"><div class=\"breadcrumbs w-full max-w-7xl mx-auto grid md:flex flex-wrap items-center py-4 test\"><div><a href=\"https:\/\/oradea.ro\/hu\/\"><span class=\"fas fa-home text-[#ABAEB3]\"><\/span><\/a><span class=\"md:hidden\"><span class=\"fas fa-chevron-down mx-5 text-xs text-[#ABAEB3] hover:text-black\/50 transition-all\"><\/span><\/span><span class=\"hidden md:inline\"><span class=\"fas fa-chevron-right mx-5 text-xs text-[#ABAEB3] hover:text-black\/50 transition-all\"><\/span><\/span><\/div><span class=\"font-poppins font-semibold uppercase text-black\/60\">Kiadott v\u00e1rostervez\u00e9si iratok<\/span><\/div><\/div>\t\t<div data-elementor-type=\"wp-page\" data-elementor-id=\"103881\" class=\"elementor elementor-103881 elementor-21731\" data-elementor-post-type=\"page\">\n\t\t\t\t<div class=\"elementor-element elementor-element-b5d754d e-flex e-con-boxed wpr-particle-no wpr-jarallax-no wpr-parallax-no wpr-sticky-section-no e-con e-parent\" data-id=\"b5d754d\" data-element_type=\"container\">\n\t\t\t\t\t<div class=\"e-con-inner\">\n\t\t<div class=\"elementor-element elementor-element-403f028 e-flex e-con-boxed wpr-particle-no wpr-jarallax-no wpr-parallax-no wpr-sticky-section-no e-con e-parent\" data-id=\"403f028\" data-element_type=\"container\">\n\t\t\t\t\t<div class=\"e-con-inner\">\n\t\t<div class=\"elementor-element elementor-element-873edb6 e-con-full e-flex wpr-particle-no wpr-jarallax-no wpr-parallax-no wpr-sticky-section-no e-con e-parent\" data-id=\"873edb6\" data-element_type=\"container\">\n\t\t<a class=\"elementor-element elementor-element-4d354f7 e-con-full e-flex wpr-particle-no wpr-jarallax-no wpr-parallax-no wpr-sticky-section-no e-con e-parent\" data-id=\"4d354f7\" data-element_type=\"container\" href=\"https:\/\/liftup-pmo.online\/informatii-primarie\/primarie\/directiile-primariei\/directia-arhitect-sef\/autorizatii\/\">\n\t\t\t\t<div class=\"elementor-element elementor-element-0876758 elementor-widget elementor-widget-heading\" data-id=\"0876758\" data-element_type=\"widget\" data-widget_type=\"heading.default\">\n\t\t\t\t<div class=\"elementor-widget-container\">\n\t\t\t\t\t<h2 class=\"elementor-heading-title elementor-size-default\">ENGED\u00c9LYEK<\/h2>\t\t\t\t<\/div>\n\t\t\t\t<\/div>\n\t\t\t\t<\/a>\n\t\t<a class=\"elementor-element elementor-element-489e381 e-con-full e-flex wpr-particle-no wpr-jarallax-no wpr-parallax-no wpr-sticky-section-no e-con e-parent\" data-id=\"489e381\" data-element_type=\"container\" href=\"https:\/\/liftup-pmo.online\/informatii-primarie\/primarie\/directiile-primariei\/directia-arhitect-sef\/certificate-de-urbanism\/\">\n\t\t\t\t<div class=\"elementor-element elementor-element-7040706 elementor-widget elementor-widget-heading\" data-id=\"7040706\" data-element_type=\"widget\" data-widget_type=\"heading.default\">\n\t\t\t\t<div class=\"elementor-widget-container\">\n\t\t\t\t\t<h2 class=\"elementor-heading-title elementor-size-default\">V\u00c1ROSTERVEZ\u00c9SI TAN\u00daS\u00cdTV\u00c1NYOK<\/h2>\t\t\t\t<\/div>\n\t\t\t\t<\/div>\n\t\t\t\t<\/a>\n\t\t<a class=\"elementor-element elementor-element-efbea5a e-con-full e-flex wpr-particle-no wpr-jarallax-no wpr-parallax-no wpr-sticky-section-no e-con e-parent\" data-id=\"efbea5a\" data-element_type=\"container\" href=\"https:\/\/liftup-pmo.online\/informatii-primarie\/primarie\/directiile-primariei\/directia-arhitect-sef\/cmuat\/\">\n\t\t\t\t<div class=\"elementor-element elementor-element-b96d604 elementor-widget elementor-widget-heading\" data-id=\"b96d604\" data-element_type=\"widget\" data-widget_type=\"heading.default\">\n\t\t\t\t<div class=\"elementor-widget-container\">\n\t\t\t\t\t<h2 class=\"elementor-heading-title elementor-size-default\">CMUAT<\/h2>\t\t\t\t<\/div>\n\t\t\t\t<\/div>\n\t\t\t\t<\/a>\n\t\t\t\t<\/div>\n\t\t\t\t\t<\/div>\n\t\t\t\t<\/div>\n\t\t\t\t\t<\/div>\n\t\t\t\t<\/div>\n\t\t\t\t<\/div>\n\t\t","protected":false},"excerpt":{"rendered":"<p>Kiadott v\u00e1rostervez\u00e9si iratok Kiadott v\u00e1rostervez\u00e9si iratok ENGED\u00c9LYEK V\u00c1ROSTERVEZ\u00c9SI TAN\u00daS\u00cdTV\u00c1NYOK CMUAT<\/p>\n","protected":false},"author":22,"featured_media":0,"parent":103894,"menu_order":0,"comment_status":"closed","ping_status":"closed","template":"","meta":{"_acf_changed":false,"ep_exclude_from_search":false,"footnotes":""},"class_list":["post-103881","page","type-page","status-publish","hentry"],"acf":[],"yoast_head":"<!-- This site is optimized with the Yoast SEO plugin v26.6 - https:\/\/yoast.com\/wordpress\/plugins\/seo\/ -->\n<title>Kiadott v\u00e1rostervez\u00e9si iratok - Oradea.ro<\/title>\n<meta name=\"robots\" content=\"index, follow, max-snippet:-1, max-image-preview:large, max-video-preview:-1\" \/>\n<link rel=\"canonical\" href=\"https:\/\/oradea.ro\/hu\/teruletrendezes\/kiadott-urbanisztikai-engedelyek\/\" \/>\n<meta property=\"og:locale\" content=\"hu_HU\" \/>\n<meta property=\"og:type\" content=\"article\" \/>\n<meta property=\"og:title\" content=\"Kiadott v\u00e1rostervez\u00e9si iratok - Oradea.ro\" \/>\n<meta property=\"og:description\" content=\"Kiadott v\u00e1rostervez\u00e9si iratok Kiadott v\u00e1rostervez\u00e9si iratok ENGED\u00c9LYEK V\u00c1ROSTERVEZ\u00c9SI TAN\u00daS\u00cdTV\u00c1NYOK CMUAT\" \/>\n<meta property=\"og:url\" content=\"https:\/\/oradea.ro\/hu\/teruletrendezes\/kiadott-urbanisztikai-engedelyek\/\" \/>\n<meta property=\"og:site_name\" content=\"Oradea.ro\" \/>\n<meta property=\"article:modified_time\" content=\"2024-02-05T12:28:19+00:00\" \/>\n<meta name=\"twitter:card\" content=\"summary_large_image\" \/>\n<script type=\"application\/ld+json\" class=\"yoast-schema-graph\">{\"@context\":\"https:\/\/schema.org\",\"@graph\":[{\"@type\":\"WebPage\",\"@id\":\"https:\/\/oradea.ro\/hu\/teruletrendezes\/kiadott-urbanisztikai-engedelyek\/\",\"url\":\"https:\/\/oradea.ro\/hu\/teruletrendezes\/kiadott-urbanisztikai-engedelyek\/\",\"name\":\"Kiadott v\u00e1rostervez\u00e9si iratok - Oradea.ro\",\"isPartOf\":{\"@id\":\"https:\/\/oradea.ro\/#website\"},\"datePublished\":\"2023-10-27T09:48:23+00:00\",\"dateModified\":\"2024-02-05T12:28:19+00:00\",\"breadcrumb\":{\"@id\":\"https:\/\/oradea.ro\/hu\/teruletrendezes\/kiadott-urbanisztikai-engedelyek\/#breadcrumb\"},\"inLanguage\":\"hu\",\"potentialAction\":[{\"@type\":\"ReadAction\",\"target\":[\"https:\/\/oradea.ro\/hu\/teruletrendezes\/kiadott-urbanisztikai-engedelyek\/\"]}]},{\"@type\":\"BreadcrumbList\",\"@id\":\"https:\/\/oradea.ro\/hu\/teruletrendezes\/kiadott-urbanisztikai-engedelyek\/#breadcrumb\",\"itemListElement\":[{\"@type\":\"ListItem\",\"position\":1,\"name\":\"\",\"item\":\"https:\/\/oradea.ro\/hu\/\"},{\"@type\":\"ListItem\",\"position\":2,\"name\":\"Ter\u00fcletrendez\u00e9s\",\"item\":\"https:\/\/oradea.ro\/hu\/teruletrendezes\/\"},{\"@type\":\"ListItem\",\"position\":3,\"name\":\"Kiadott v\u00e1rostervez\u00e9si iratok\"}]},{\"@type\":\"WebSite\",\"@id\":\"https:\/\/oradea.ro\/#website\",\"url\":\"https:\/\/oradea.ro\/\",\"name\":\"Oradea.ro\",\"description\":\"Site-ul oficial al Prim\u0103riei Municipiului Oradea\",\"publisher\":{\"@id\":\"https:\/\/oradea.ro\/#organization\"},\"potentialAction\":[{\"@type\":\"SearchAction\",\"target\":{\"@type\":\"EntryPoint\",\"urlTemplate\":\"https:\/\/oradea.ro\/?s={search_term_string}\"},\"query-input\":{\"@type\":\"PropertyValueSpecification\",\"valueRequired\":true,\"valueName\":\"search_term_string\"}}],\"inLanguage\":\"hu\"},{\"@type\":\"Organization\",\"@id\":\"https:\/\/oradea.ro\/#organization\",\"name\":\"Oradea.ro\",\"url\":\"https:\/\/oradea.ro\/\",\"logo\":{\"@type\":\"ImageObject\",\"inLanguage\":\"hu\",\"@id\":\"https:\/\/oradea.ro\/#\/schema\/logo\/image\/\",\"url\":\"https:\/\/oradea.ro\/wp-content\/uploads\/2023\/06\/footer_logo.svg\",\"contentUrl\":\"https:\/\/oradea.ro\/wp-content\/uploads\/2023\/06\/footer_logo.svg\",\"width\":218,\"height\":53,\"caption\":\"Oradea.ro\"},\"image\":{\"@id\":\"https:\/\/oradea.ro\/#\/schema\/logo\/image\/\"}}]}<\/script>\n<!-- \/ Yoast SEO plugin. -->","yoast_head_json":{"title":"Kiadott v\u00e1rostervez\u00e9si iratok - Oradea.ro","robots":{"index":"index","follow":"follow","max-snippet":"max-snippet:-1","max-image-preview":"max-image-preview:large","max-video-preview":"max-video-preview:-1"},"canonical":"https:\/\/oradea.ro\/hu\/teruletrendezes\/kiadott-urbanisztikai-engedelyek\/","og_locale":"hu_HU","og_type":"article","og_title":"Kiadott v\u00e1rostervez\u00e9si iratok - Oradea.ro","og_description":"Kiadott v\u00e1rostervez\u00e9si iratok Kiadott v\u00e1rostervez\u00e9si iratok ENGED\u00c9LYEK V\u00c1ROSTERVEZ\u00c9SI TAN\u00daS\u00cdTV\u00c1NYOK CMUAT","og_url":"https:\/\/oradea.ro\/hu\/teruletrendezes\/kiadott-urbanisztikai-engedelyek\/","og_site_name":"Oradea.ro","article_modified_time":"2024-02-05T12:28:19+00:00","twitter_card":"summary_large_image","schema":{"@context":"https:\/\/schema.org","@graph":[{"@type":"WebPage","@id":"https:\/\/oradea.ro\/hu\/teruletrendezes\/kiadott-urbanisztikai-engedelyek\/","url":"https:\/\/oradea.ro\/hu\/teruletrendezes\/kiadott-urbanisztikai-engedelyek\/","name":"Kiadott v\u00e1rostervez\u00e9si iratok - Oradea.ro","isPartOf":{"@id":"https:\/\/oradea.ro\/#website"},"datePublished":"2023-10-27T09:48:23+00:00","dateModified":"2024-02-05T12:28:19+00:00","breadcrumb":{"@id":"https:\/\/oradea.ro\/hu\/teruletrendezes\/kiadott-urbanisztikai-engedelyek\/#breadcrumb"},"inLanguage":"hu","potentialAction":[{"@type":"ReadAction","target":["https:\/\/oradea.ro\/hu\/teruletrendezes\/kiadott-urbanisztikai-engedelyek\/"]}]},{"@type":"BreadcrumbList","@id":"https:\/\/oradea.ro\/hu\/teruletrendezes\/kiadott-urbanisztikai-engedelyek\/#breadcrumb","itemListElement":[{"@type":"ListItem","position":1,"name":"","item":"https:\/\/oradea.ro\/hu\/"},{"@type":"ListItem","position":2,"name":"Ter\u00fcletrendez\u00e9s","item":"https:\/\/oradea.ro\/hu\/teruletrendezes\/"},{"@type":"ListItem","position":3,"name":"Kiadott v\u00e1rostervez\u00e9si iratok"}]},{"@type":"WebSite","@id":"https:\/\/oradea.ro\/#website","url":"https:\/\/oradea.ro\/","name":"Oradea.ro","description":"Site-ul oficial al Prim\u0103riei Municipiului Oradea","publisher":{"@id":"https:\/\/oradea.ro\/#organization"},"potentialAction":[{"@type":"SearchAction","target":{"@type":"EntryPoint","urlTemplate":"https:\/\/oradea.ro\/?s={search_term_string}"},"query-input":{"@type":"PropertyValueSpecification","valueRequired":true,"valueName":"search_term_string"}}],"inLanguage":"hu"},{"@type":"Organization","@id":"https:\/\/oradea.ro\/#organization","name":"Oradea.ro","url":"https:\/\/oradea.ro\/","logo":{"@type":"ImageObject","inLanguage":"hu","@id":"https:\/\/oradea.ro\/#\/schema\/logo\/image\/","url":"https:\/\/oradea.ro\/wp-content\/uploads\/2023\/06\/footer_logo.svg","contentUrl":"https:\/\/oradea.ro\/wp-content\/uploads\/2023\/06\/footer_logo.svg","width":218,"height":53,"caption":"Oradea.ro"},"image":{"@id":"https:\/\/oradea.ro\/#\/schema\/logo\/image\/"}}]}},"publishpress_future_action":{"enabled":false,"date":"2026-04-30 23:55:30","action":"change-status","newStatus":"draft","terms":[],"taxonomy":"translation_priority","extraData":[]},"publishpress_future_workflow_manual_trigger":{"enabledWorkflows":[]},"_links":{"self":[{"href":"https:\/\/oradea.ro\/hu\/wp-json\/wp\/v2\/pages\/103881","targetHints":{"allow":["GET"]}}],"collection":[{"href":"https:\/\/oradea.ro\/hu\/wp-json\/wp\/v2\/pages"}],"about":[{"href":"https:\/\/oradea.ro\/hu\/wp-json\/wp\/v2\/types\/page"}],"author":[{"embeddable":true,"href":"https:\/\/oradea.ro\/hu\/wp-json\/wp\/v2\/users\/22"}],"replies":[{"embeddable":true,"href":"https:\/\/oradea.ro\/hu\/wp-json\/wp\/v2\/comments?post=103881"}],"version-history":[{"count":7,"href":"https:\/\/oradea.ro\/hu\/wp-json\/wp\/v2\/pages\/103881\/revisions"}],"predecessor-version":[{"id":213219,"href":"https:\/\/oradea.ro\/hu\/wp-json\/wp\/v2\/pages\/103881\/revisions\/213219"}],"up":[{"embeddable":true,"href":"https:\/\/oradea.ro\/hu\/wp-json\/wp\/v2\/pages\/103894"}],"wp:attachment":[{"href":"https:\/\/oradea.ro\/hu\/wp-json\/wp\/v2\/media?parent=103881"}],"curies":[{"name":"wp","href":"https:\/\/api.w.org\/{rel}","templated":true}]}}