{"id":103894,"date":"2023-11-02T13:32:03","date_gmt":"2023-11-02T11:32:03","guid":{"rendered":"https:\/\/oradea.ro\/teruletrendezes\/"},"modified":"2024-02-05T12:42:32","modified_gmt":"2024-02-05T12:42:32","slug":"teruletrendezes","status":"publish","type":"page","link":"https:\/\/oradea.ro\/hu\/teruletrendezes\/","title":{"rendered":"Ter\u00fcletrendez\u00e9s"},"content":{"rendered":"<div class=\"min-w-[100vw] h-[350px] md:h-[500px] ml-[calc(50%-50vw)] flex items-end bg-no-repeat bg-white bg-cover bg-center px-5\" style=\"background-image: url(https:\/\/oradea.ro\/wp-content\/uploads\/2023\/10\/home_hero_slide_2-scaled.webp);\">\r\n                    <div class=\"w-full max-w-7xl mx-auto mb-6\">\r\n                        <h1 class=\"my-0 text-white font-extrabold font-open-sans text-3xl md:text-6xl [text-shadow:_0_1px_4px_rgb(0_0_0_\/_50%)]\">Ter\u00fcletrendez\u00e9s<\/h1>\r\n                    <\/div>\r\n                <\/div><div class=\"!px-5\"><div class=\"breadcrumbs w-full max-w-7xl mx-auto grid md:flex flex-wrap items-center py-4 test\"><div><a href=\"https:\/\/oradea.ro\/hu\/\"><span class=\"fas fa-home text-[#ABAEB3]\"><\/span><\/a><span class=\"md:hidden\"><span class=\"fas fa-chevron-down mx-5 text-xs text-[#ABAEB3] hover:text-black\/50 transition-all\"><\/span><\/span><span class=\"hidden md:inline\"><span class=\"fas fa-chevron-right mx-5 text-xs text-[#ABAEB3] hover:text-black\/50 transition-all\"><\/span><\/span><\/div><span class=\"font-poppins font-semibold uppercase text-black\/60\">Ter\u00fcletrendez\u00e9s<\/span><\/div><\/div>\t\t<div data-elementor-type=\"wp-page\" data-elementor-id=\"103894\" class=\"elementor elementor-103894 elementor-26504\" data-elementor-post-type=\"page\">\n\t\t\t\t<div class=\"elementor-element elementor-element-9499921 e-flex e-con-boxed wpr-particle-no wpr-jarallax-no wpr-parallax-no wpr-sticky-section-no e-con e-parent\" data-id=\"9499921\" data-element_type=\"container\">\n\t\t\t\t\t<div class=\"e-con-inner\">\n\t\t<div class=\"elementor-element elementor-element-7ff8897 e-flex e-con-boxed wpr-particle-no wpr-jarallax-no wpr-parallax-no wpr-sticky-section-no e-con e-child\" data-id=\"7ff8897\" data-element_type=\"container\">\n\t\t\t\t\t<div class=\"e-con-inner\">\n\t\t\t\t<div class=\"elementor-element elementor-element-c840b44 elementor-widget elementor-widget-heading\" data-id=\"c840b44\" data-element_type=\"widget\" data-widget_type=\"heading.default\">\n\t\t\t\t<div class=\"elementor-widget-container\">\n\t\t\t\t\t<h2 class=\"elementor-heading-title elementor-size-default\">Ter\u00fcletrendez\u00e9s<\/h2>\t\t\t\t<\/div>\n\t\t\t\t<\/div>\n\t\t<div class=\"elementor-element elementor-element-be5c6c1 e-con-full e-flex wpr-particle-no wpr-jarallax-no wpr-parallax-no wpr-sticky-section-no e-con e-child\" data-id=\"be5c6c1\" data-element_type=\"container\">\n\t\t<a class=\"elementor-element elementor-element-a6b163a e-con-full e-flex wpr-particle-no wpr-jarallax-no wpr-parallax-no wpr-sticky-section-no e-con e-child\" data-id=\"a6b163a\" data-element_type=\"container\" href=\"https:\/\/oradea.ro\/hu\/kervenyek-es-formanyomtatvanyok\/teruletrendezes\/\">\n\t\t\t\t<div class=\"elementor-element elementor-element-68625ee elementor-widget elementor-widget-heading\" data-id=\"68625ee\" data-element_type=\"widget\" data-widget_type=\"heading.default\">\n\t\t\t\t<div class=\"elementor-widget-container\">\n\t\t\t\t\t<h2 class=\"elementor-heading-title elementor-size-default\">FORMANYOMTATV\u00c1NYOK, SZ\u00dcKS\u00c9GES DOKUMENTUMOK<\/h2>\t\t\t\t<\/div>\n\t\t\t\t<\/div>\n\t\t\t\t<\/a>\n\t\t<a class=\"elementor-element elementor-element-abf700c e-con-full e-flex wpr-particle-no wpr-jarallax-no wpr-parallax-no wpr-sticky-section-no e-con e-child\" data-id=\"abf700c\" data-element_type=\"container\" href=\"https:\/\/oradea.ro\/hu\/teruletrendezes\/urbanisztikai-dokumentumok-elektronikus-kiadasa\/\">\n\t\t\t\t<div class=\"elementor-element elementor-element-b6a2aae elementor-widget elementor-widget-heading\" data-id=\"b6a2aae\" data-element_type=\"widget\" data-widget_type=\"heading.default\">\n\t\t\t\t<div class=\"elementor-widget-container\">\n\t\t\t\t\t<h2 class=\"elementor-heading-title elementor-size-default\">V\u00c1ROSTERVEZ\u00c9SI DOKUMENTUMOK - online<\/h2>\t\t\t\t<\/div>\n\t\t\t\t<\/div>\n\t\t\t\t<\/a>\n\t\t<a class=\"elementor-element elementor-element-e1bd378 e-con-full e-flex wpr-particle-no wpr-jarallax-no wpr-parallax-no wpr-sticky-section-no e-con e-child\" data-id=\"e1bd378\" data-element_type=\"container\" href=\"https:\/\/oradea.ro\/hu\/teruletrendezes\/kiadott-urbanisztikai-engedelyek\/\">\n\t\t\t\t<div class=\"elementor-element elementor-element-ef44e1b elementor-widget elementor-widget-heading\" data-id=\"ef44e1b\" data-element_type=\"widget\" data-widget_type=\"heading.default\">\n\t\t\t\t<div class=\"elementor-widget-container\">\n\t\t\t\t\t<h2 class=\"elementor-heading-title elementor-size-default\">KIADOTT V\u00c1ROSRENDEZ\u00c9SI IRATOK<\/h2>\t\t\t\t<\/div>\n\t\t\t\t<\/div>\n\t\t\t\t<\/a>\n\t\t<a class=\"elementor-element elementor-element-ee8f7ec e-con-full e-flex wpr-particle-no wpr-jarallax-no wpr-parallax-no wpr-sticky-section-no e-con e-child\" data-id=\"ee8f7ec\" data-element_type=\"container\" href=\"https:\/\/oradea.ro\/hu\/teruletrendezes\/gis\/\">\n\t\t\t\t<div class=\"elementor-element elementor-element-6496c65 elementor-widget elementor-widget-heading\" data-id=\"6496c65\" data-element_type=\"widget\" data-widget_type=\"heading.default\">\n\t\t\t\t<div class=\"elementor-widget-container\">\n\t\t\t\t\t<h2 class=\"elementor-heading-title elementor-size-default\">GIS <\/h2>\t\t\t\t<\/div>\n\t\t\t\t<\/div>\n\t\t\t\t<\/a>\n\t\t\t\t<\/div>\n\t\t<div class=\"elementor-element elementor-element-a4adb4d e-con-full e-flex wpr-particle-no wpr-jarallax-no wpr-parallax-no wpr-sticky-section-no e-con e-child\" data-id=\"a4adb4d\" data-element_type=\"container\">\n\t\t<a class=\"elementor-element elementor-element-4a66278 e-con-full e-flex wpr-particle-no wpr-jarallax-no wpr-parallax-no wpr-sticky-section-no e-con e-child\" data-id=\"4a66278\" data-element_type=\"container\" href=\"https:\/\/oradea.ro\/hu\/teruletrendezes\/varostervezesi-dokumentumok-tanulmanyok-es-szabalyozasok\/\">\n\t\t\t\t<div class=\"elementor-element elementor-element-52fb2cf elementor-widget elementor-widget-heading\" data-id=\"52fb2cf\" data-element_type=\"widget\" data-widget_type=\"heading.default\">\n\t\t\t\t<div class=\"elementor-widget-container\">\n\t\t\t\t\t<h2 class=\"elementor-heading-title elementor-size-default\">V\u00c1ROSTERVEZ\u00c9SI DOKUMENTUMOK, TANULM\u00c1NYOK \u00c9S RENDELETEK<\/h2>\t\t\t\t<\/div>\n\t\t\t\t<\/div>\n\t\t\t\t<\/a>\n\t\t<a class=\"elementor-element elementor-element-b05f22b e-con-full e-flex wpr-particle-no wpr-jarallax-no wpr-parallax-no wpr-sticky-section-no e-con e-child\" data-id=\"b05f22b\" data-element_type=\"container\" href=\"\/ter\u00fcletrendez\u00e9s\/v\u00e1rosi%20tervek\">\n\t\t\t\t<div class=\"elementor-element elementor-element-3b0f914 elementor-widget elementor-widget-heading\" data-id=\"3b0f914\" data-element_type=\"widget\" data-widget_type=\"heading.default\">\n\t\t\t\t<div class=\"elementor-widget-container\">\n\t\t\t\t\t<h2 class=\"elementor-heading-title elementor-size-default\">URBANISZTIKAI TERVEK<\/h2>\t\t\t\t<\/div>\n\t\t\t\t<\/div>\n\t\t\t\t<\/a>\n\t\t<a class=\"elementor-element elementor-element-38a56a4 e-con-full e-flex wpr-particle-no wpr-jarallax-no wpr-parallax-no wpr-sticky-section-no e-con e-child\" data-id=\"38a56a4\" data-element_type=\"container\" href=\"https:\/\/oradea.ro\/hu\/cegek-szamara\/ha-epitkeznel-nagyvaradon\/\">\n\t\t\t\t<div class=\"elementor-element elementor-element-bafe0fa elementor-widget elementor-widget-heading\" data-id=\"bafe0fa\" data-element_type=\"widget\" data-widget_type=\"heading.default\">\n\t\t\t\t<div class=\"elementor-widget-container\">\n\t\t\t\t\t<h2 class=\"elementor-heading-title elementor-size-default\">HA \u00c9P\u00cdTKEZNI SZERETN\u00c9L<\/h2>\t\t\t\t<\/div>\n\t\t\t\t<\/div>\n\t\t\t\t<\/a>\n\t\t<a class=\"elementor-element elementor-element-d37804b e-con-full e-flex wpr-particle-no wpr-jarallax-no wpr-parallax-no wpr-sticky-section-no e-con e-child\" data-id=\"d37804b\" data-element_type=\"container\" href=\"https:\/\/oradea.ro\/hu\/teruletrendezes\/elerhetosegek\/\">\n\t\t\t\t<div class=\"elementor-element elementor-element-bfce3f0 elementor-widget elementor-widget-heading\" data-id=\"bfce3f0\" data-element_type=\"widget\" data-widget_type=\"heading.default\">\n\t\t\t\t<div class=\"elementor-widget-container\">\n\t\t\t\t\t<h2 class=\"elementor-heading-title elementor-size-default\">El\u00e9rhet\u0151s\u00e9gek<\/h2>\t\t\t\t<\/div>\n\t\t\t\t<\/div>\n\t\t\t\t<\/a>\n\t\t\t\t<\/div>\n\t\t\t\t\t<\/div>\n\t\t\t\t<\/div>\n\t\t\t\t\t<\/div>\n\t\t\t\t<\/div>\n\t\t\t\t<\/div>\n\t\t","protected":false},"excerpt":{"rendered":"<p>Ter\u00fcletrendez\u00e9s Ter\u00fcletrendez\u00e9s Ter\u00fcletrendez\u00e9s FORMANYOMTATV\u00c1NYOK, SZ\u00dcKS\u00c9GES DOKUMENTUMOK V\u00c1ROSTERVEZ\u00c9SI DOKUMENTUMOK &#8211; online KIADOTT V\u00c1ROSRENDEZ\u00c9SI IRATOK GIS V\u00c1ROSTERVEZ\u00c9SI DOKUMENTUMOK, TANULM\u00c1NYOK \u00c9S RENDELETEK URBANISZTIKAI TERVEK HA \u00c9P\u00cdTKEZNI SZERETN\u00c9L El\u00e9rhet\u0151s\u00e9gek<\/p>\n","protected":false},"author":22,"featured_media":0,"parent":0,"menu_order":0,"comment_status":"closed","ping_status":"closed","template":"","meta":{"_acf_changed":false,"ep_exclude_from_search":false,"footnotes":""},"class_list":["post-103894","page","type-page","status-publish","hentry"],"acf":[],"yoast_head":"<!-- This site is optimized with the Yoast SEO plugin v26.6 - https:\/\/yoast.com\/wordpress\/plugins\/seo\/ -->\n<title>Ter\u00fcletrendez\u00e9s - Oradea.ro<\/title>\n<meta name=\"robots\" content=\"index, follow, max-snippet:-1, max-image-preview:large, max-video-preview:-1\" \/>\n<link rel=\"canonical\" href=\"https:\/\/oradea.ro\/hu\/teruletrendezes\/\" \/>\n<meta property=\"og:locale\" content=\"hu_HU\" \/>\n<meta property=\"og:type\" content=\"article\" \/>\n<meta property=\"og:title\" content=\"Ter\u00fcletrendez\u00e9s - Oradea.ro\" \/>\n<meta property=\"og:description\" content=\"Ter\u00fcletrendez\u00e9s Ter\u00fcletrendez\u00e9s Ter\u00fcletrendez\u00e9s FORMANYOMTATV\u00c1NYOK, SZ\u00dcKS\u00c9GES DOKUMENTUMOK V\u00c1ROSTERVEZ\u00c9SI DOKUMENTUMOK &#8211; online KIADOTT V\u00c1ROSRENDEZ\u00c9SI IRATOK GIS V\u00c1ROSTERVEZ\u00c9SI DOKUMENTUMOK, TANULM\u00c1NYOK \u00c9S RENDELETEK URBANISZTIKAI TERVEK HA \u00c9P\u00cdTKEZNI SZERETN\u00c9L El\u00e9rhet\u0151s\u00e9gek\" \/>\n<meta property=\"og:url\" content=\"https:\/\/oradea.ro\/hu\/teruletrendezes\/\" \/>\n<meta property=\"og:site_name\" content=\"Oradea.ro\" \/>\n<meta property=\"article:modified_time\" content=\"2024-02-05T12:42:32+00:00\" \/>\n<meta name=\"twitter:card\" content=\"summary_large_image\" \/>\n<script type=\"application\/ld+json\" class=\"yoast-schema-graph\">{\"@context\":\"https:\/\/schema.org\",\"@graph\":[{\"@type\":\"WebPage\",\"@id\":\"https:\/\/oradea.ro\/hu\/teruletrendezes\/\",\"url\":\"https:\/\/oradea.ro\/hu\/teruletrendezes\/\",\"name\":\"Ter\u00fcletrendez\u00e9s - Oradea.ro\",\"isPartOf\":{\"@id\":\"https:\/\/oradea.ro\/#website\"},\"datePublished\":\"2023-11-02T11:32:03+00:00\",\"dateModified\":\"2024-02-05T12:42:32+00:00\",\"breadcrumb\":{\"@id\":\"https:\/\/oradea.ro\/hu\/teruletrendezes\/#breadcrumb\"},\"inLanguage\":\"hu\",\"potentialAction\":[{\"@type\":\"ReadAction\",\"target\":[\"https:\/\/oradea.ro\/hu\/teruletrendezes\/\"]}]},{\"@type\":\"BreadcrumbList\",\"@id\":\"https:\/\/oradea.ro\/hu\/teruletrendezes\/#breadcrumb\",\"itemListElement\":[{\"@type\":\"ListItem\",\"position\":1,\"name\":\"\",\"item\":\"https:\/\/oradea.ro\/hu\/\"},{\"@type\":\"ListItem\",\"position\":2,\"name\":\"Ter\u00fcletrendez\u00e9s\"}]},{\"@type\":\"WebSite\",\"@id\":\"https:\/\/oradea.ro\/#website\",\"url\":\"https:\/\/oradea.ro\/\",\"name\":\"Oradea.ro\",\"description\":\"Site-ul oficial al Prim\u0103riei Municipiului Oradea\",\"publisher\":{\"@id\":\"https:\/\/oradea.ro\/#organization\"},\"potentialAction\":[{\"@type\":\"SearchAction\",\"target\":{\"@type\":\"EntryPoint\",\"urlTemplate\":\"https:\/\/oradea.ro\/?s={search_term_string}\"},\"query-input\":{\"@type\":\"PropertyValueSpecification\",\"valueRequired\":true,\"valueName\":\"search_term_string\"}}],\"inLanguage\":\"hu\"},{\"@type\":\"Organization\",\"@id\":\"https:\/\/oradea.ro\/#organization\",\"name\":\"Oradea.ro\",\"url\":\"https:\/\/oradea.ro\/\",\"logo\":{\"@type\":\"ImageObject\",\"inLanguage\":\"hu\",\"@id\":\"https:\/\/oradea.ro\/#\/schema\/logo\/image\/\",\"url\":\"https:\/\/oradea.ro\/wp-content\/uploads\/2023\/06\/footer_logo.svg\",\"contentUrl\":\"https:\/\/oradea.ro\/wp-content\/uploads\/2023\/06\/footer_logo.svg\",\"width\":218,\"height\":53,\"caption\":\"Oradea.ro\"},\"image\":{\"@id\":\"https:\/\/oradea.ro\/#\/schema\/logo\/image\/\"}}]}<\/script>\n<!-- \/ Yoast SEO plugin. -->","yoast_head_json":{"title":"Ter\u00fcletrendez\u00e9s - Oradea.ro","robots":{"index":"index","follow":"follow","max-snippet":"max-snippet:-1","max-image-preview":"max-image-preview:large","max-video-preview":"max-video-preview:-1"},"canonical":"https:\/\/oradea.ro\/hu\/teruletrendezes\/","og_locale":"hu_HU","og_type":"article","og_title":"Ter\u00fcletrendez\u00e9s - Oradea.ro","og_description":"Ter\u00fcletrendez\u00e9s Ter\u00fcletrendez\u00e9s Ter\u00fcletrendez\u00e9s FORMANYOMTATV\u00c1NYOK, SZ\u00dcKS\u00c9GES DOKUMENTUMOK V\u00c1ROSTERVEZ\u00c9SI DOKUMENTUMOK &#8211; online KIADOTT V\u00c1ROSRENDEZ\u00c9SI IRATOK GIS V\u00c1ROSTERVEZ\u00c9SI DOKUMENTUMOK, TANULM\u00c1NYOK \u00c9S RENDELETEK URBANISZTIKAI TERVEK HA \u00c9P\u00cdTKEZNI SZERETN\u00c9L El\u00e9rhet\u0151s\u00e9gek","og_url":"https:\/\/oradea.ro\/hu\/teruletrendezes\/","og_site_name":"Oradea.ro","article_modified_time":"2024-02-05T12:42:32+00:00","twitter_card":"summary_large_image","schema":{"@context":"https:\/\/schema.org","@graph":[{"@type":"WebPage","@id":"https:\/\/oradea.ro\/hu\/teruletrendezes\/","url":"https:\/\/oradea.ro\/hu\/teruletrendezes\/","name":"Ter\u00fcletrendez\u00e9s - Oradea.ro","isPartOf":{"@id":"https:\/\/oradea.ro\/#website"},"datePublished":"2023-11-02T11:32:03+00:00","dateModified":"2024-02-05T12:42:32+00:00","breadcrumb":{"@id":"https:\/\/oradea.ro\/hu\/teruletrendezes\/#breadcrumb"},"inLanguage":"hu","potentialAction":[{"@type":"ReadAction","target":["https:\/\/oradea.ro\/hu\/teruletrendezes\/"]}]},{"@type":"BreadcrumbList","@id":"https:\/\/oradea.ro\/hu\/teruletrendezes\/#breadcrumb","itemListElement":[{"@type":"ListItem","position":1,"name":"","item":"https:\/\/oradea.ro\/hu\/"},{"@type":"ListItem","position":2,"name":"Ter\u00fcletrendez\u00e9s"}]},{"@type":"WebSite","@id":"https:\/\/oradea.ro\/#website","url":"https:\/\/oradea.ro\/","name":"Oradea.ro","description":"Site-ul oficial al Prim\u0103riei Municipiului Oradea","publisher":{"@id":"https:\/\/oradea.ro\/#organization"},"potentialAction":[{"@type":"SearchAction","target":{"@type":"EntryPoint","urlTemplate":"https:\/\/oradea.ro\/?s={search_term_string}"},"query-input":{"@type":"PropertyValueSpecification","valueRequired":true,"valueName":"search_term_string"}}],"inLanguage":"hu"},{"@type":"Organization","@id":"https:\/\/oradea.ro\/#organization","name":"Oradea.ro","url":"https:\/\/oradea.ro\/","logo":{"@type":"ImageObject","inLanguage":"hu","@id":"https:\/\/oradea.ro\/#\/schema\/logo\/image\/","url":"https:\/\/oradea.ro\/wp-content\/uploads\/2023\/06\/footer_logo.svg","contentUrl":"https:\/\/oradea.ro\/wp-content\/uploads\/2023\/06\/footer_logo.svg","width":218,"height":53,"caption":"Oradea.ro"},"image":{"@id":"https:\/\/oradea.ro\/#\/schema\/logo\/image\/"}}]}},"publishpress_future_action":{"enabled":false,"date":"2026-04-26 18:32:50","action":"change-status","newStatus":"draft","terms":[],"taxonomy":"translation_priority","extraData":[]},"publishpress_future_workflow_manual_trigger":{"enabledWorkflows":[]},"_links":{"self":[{"href":"https:\/\/oradea.ro\/hu\/wp-json\/wp\/v2\/pages\/103894","targetHints":{"allow":["GET"]}}],"collection":[{"href":"https:\/\/oradea.ro\/hu\/wp-json\/wp\/v2\/pages"}],"about":[{"href":"https:\/\/oradea.ro\/hu\/wp-json\/wp\/v2\/types\/page"}],"author":[{"embeddable":true,"href":"https:\/\/oradea.ro\/hu\/wp-json\/wp\/v2\/users\/22"}],"replies":[{"embeddable":true,"href":"https:\/\/oradea.ro\/hu\/wp-json\/wp\/v2\/comments?post=103894"}],"version-history":[{"count":4,"href":"https:\/\/oradea.ro\/hu\/wp-json\/wp\/v2\/pages\/103894\/revisions"}],"predecessor-version":[{"id":213233,"href":"https:\/\/oradea.ro\/hu\/wp-json\/wp\/v2\/pages\/103894\/revisions\/213233"}],"wp:attachment":[{"href":"https:\/\/oradea.ro\/hu\/wp-json\/wp\/v2\/media?parent=103894"}],"curies":[{"name":"wp","href":"https:\/\/api.w.org\/{rel}","templated":true}]}}