{"id":104115,"date":"2023-10-30T17:03:03","date_gmt":"2023-10-30T17:03:03","guid":{"rendered":"https:\/\/oradea.ro\/kervenyek-es-formanyomtatvanyok\/teruletrendezes\/halozati-engedelyek\/"},"modified":"2024-02-05T12:36:11","modified_gmt":"2024-02-05T12:36:11","slug":"halozati-engedelyek","status":"publish","type":"page","link":"https:\/\/oradea.ro\/hu\/kervenyek-es-formanyomtatvanyok\/teruletrendezes\/halozati-engedelyek\/","title":{"rendered":"H\u00e1l\u00f3zati enged\u00e9lyek"},"content":{"rendered":"<div class=\"min-w-[100vw] h-[350px] md:h-[500px] ml-[calc(50%-50vw)] flex items-end bg-no-repeat bg-white bg-cover bg-center px-5\" style=\"background-image: url(https:\/\/oradea.ro\/wp-content\/uploads\/2023\/10\/home_hero_slide_2-scaled.webp);\">\r\n                    <div class=\"w-full max-w-7xl mx-auto mb-6\">\r\n                        <h1 class=\"my-0 text-white font-extrabold font-open-sans text-3xl md:text-6xl [text-shadow:_0_1px_4px_rgb(0_0_0_\/_50%)]\">H\u00e1l\u00f3zati enged\u00e9lyek<\/h1>\r\n                    <\/div>\r\n                <\/div><div class=\"!px-5\"><div class=\"breadcrumbs w-full max-w-7xl mx-auto grid md:flex flex-wrap items-center py-4 test\"><div><a href=\"https:\/\/oradea.ro\/hu\/\"><span class=\"fas fa-home text-[#ABAEB3]\"><\/span><\/a><span class=\"md:hidden\"><span class=\"fas fa-chevron-down mx-5 text-xs text-[#ABAEB3] hover:text-black\/50 transition-all\"><\/span><\/span><span class=\"hidden md:inline\"><span class=\"fas fa-chevron-right mx-5 text-xs text-[#ABAEB3] hover:text-black\/50 transition-all\"><\/span><\/span><\/div><span class=\"font-poppins font-semibold uppercase text-black\/60\">H\u00e1l\u00f3zati enged\u00e9lyek<\/span><\/div><\/div>\t\t<div data-elementor-type=\"wp-page\" data-elementor-id=\"104115\" class=\"elementor elementor-104115 elementor-24960\" data-elementor-post-type=\"page\">\n\t\t\t\t<div class=\"elementor-element elementor-element-69dffff e-flex e-con-boxed wpr-particle-no wpr-jarallax-no wpr-parallax-no wpr-sticky-section-no e-con e-parent\" data-id=\"69dffff\" data-element_type=\"container\">\n\t\t\t\t\t<div class=\"e-con-inner\">\n\t\t\t\t<div class=\"elementor-element elementor-element-47491ea elementor-widget__width-initial wpr-advanced-accordion-icon-side-box elementor-widget elementor-widget-wpr-advanced-accordion\" data-id=\"47491ea\" data-element_type=\"widget\" data-settings=\"{&quot;active_item&quot;:0}\" data-widget_type=\"wpr-advanced-accordion.default\">\n\t\t\t\t<div class=\"elementor-widget-container\">\n\t\t\t\t\t\n            <div class=\"wpr-advanced-accordion\" data-accordion-type=\"accordion\" data-active-index=\"0\" data-accordion-trigger=\"click\" data-interaction-speed=\"0.4\">\n\n\t\t\t\n                \n\t\t\t\t\t<div class=\"wpr-accordion-item-wrap\">\n\t\t\t\t\t\t<button class=\"wpr-acc-button\">\n\t\t\t\t\t\t\t<span class=\"wpr-acc-item-title\">\n\t\t\t\t\t\t\t\t\t\t\t\t\t\t\t\t\t<div class=\"wpr-acc-icon-box\">\n\t\t\t\t\t\t\t\t\t\t\t\t\t\t<span class=\"wpr-title-icon\">\n\t\t\t\t\t<i aria-hidden=\"true\" class=\"fas fa-info\"><\/i>\t\t\t\t<\/span>\n\t\t\t\t\t\t\t\t\t\t\t\t<\/div>\n\t\t\t\t\t\t\t\t\n\t\t\t\t\t\t\t\t<span class=\"wpr-acc-title-text\">23. H\u00e1l\u00f3zatok enged\u00e9lyeztet\u00e9se, ter\u00fcletrendez\u00e9si enged\u00e9lyek<\/span>\n\t\t\t\t\t\t\t<\/span>\n\t\t\t\t\t\t\t\t\t\t\t<span class=\"wpr-toggle-icon wpr-ti-close\"><i aria-hidden=\"true\" class=\"fas fa-plus\"><\/i><\/span>\n\t\t\t\t<span class=\"wpr-toggle-icon wpr-ti-open\"><i aria-hidden=\"true\" class=\"fas fa-minus\"><\/i><\/span>\n\t\t\t\t\t\t\t\t\t<\/button>\n\n\t\t\t\t\t\t<div class=\"wpr-acc-panel\">\n\t\t\t\t\t\t\t\t\t\t\t\t\t\t\t<div class=\"wpr-acc-panel-content\"><p><a href=\"https:\/\/liftup-pmo.online\/wp-content\/uploads\/2023\/10\/23_AutorizariRetele_cerere_certificat-urbanism-retele.pdf\" target=\"_blank\" rel=\"noopener\">23_ H\u00e1l\u00f3zatok enged\u00e9lyeztet\u00e9se, ter\u00fcletrendez\u00e9si enged\u00e9lyek - megnyit\u00e1s PDF-ben<\/a><\/p><p><strong>Sz\u00fcks\u00e9ges iratok: <\/strong><\/p><p>1. 23-as formanyomtatv\u00e1ny<br>2. sz\u00fcks\u00e9ges iratok<br>- helyzeti terv, az OCPI \u00e1ltal l\u00e1ttamoztatva<br>- telekk\u00f6nyvi kivonat<br>- javasolt helyzetterv<br>- csatlakoz\u00e1si tervezet<br>- CI\/CUI<br>3. illet\u00e9k\/ s\u0171rg\u0151ss\u00e9gi illet\u00e9k<\/p><\/div>\n\t\t\t\t\t\t\t\t\t\t\t\t\t<\/div>\n                    <\/div>\n\n                \n\t\t\t\t\t<div class=\"wpr-accordion-item-wrap\">\n\t\t\t\t\t\t<button class=\"wpr-acc-button\">\n\t\t\t\t\t\t\t<span class=\"wpr-acc-item-title\">\n\t\t\t\t\t\t\t\t\t\t\t\t\t\t\t\t\t<div class=\"wpr-acc-icon-box\">\n\t\t\t\t\t\t\t\t\t\t\t\t\t\t<span class=\"wpr-title-icon\">\n\t\t\t\t\t<i aria-hidden=\"true\" class=\"fas fa-info\"><\/i>\t\t\t\t<\/span>\n\t\t\t\t\t\t\t\t\t\t\t\t<\/div>\n\t\t\t\t\t\t\t\t\n\t\t\t\t\t\t\t\t<span class=\"wpr-acc-title-text\">24. H\u00e1l\u00f3zatok enged\u00e9lyeztet\u00e9se, \u00e9pitkez\u00e9si enged\u00e9lyek<\/span>\n\t\t\t\t\t\t\t<\/span>\n\t\t\t\t\t\t\t\t\t\t\t<span class=\"wpr-toggle-icon wpr-ti-close\"><i aria-hidden=\"true\" class=\"fas fa-plus\"><\/i><\/span>\n\t\t\t\t<span class=\"wpr-toggle-icon wpr-ti-open\"><i aria-hidden=\"true\" class=\"fas fa-minus\"><\/i><\/span>\n\t\t\t\t\t\t\t\t\t<\/button>\n\n\t\t\t\t\t\t<div class=\"wpr-acc-panel\">\n\t\t\t\t\t\t\t\t\t\t\t\t\t\t\t<div class=\"wpr-acc-panel-content\"><p><a href=\"https:\/\/liftup-pmo.online\/wp-content\/uploads\/2023\/10\/24_AutorizariRetele_-cerere_autorizatie-de-construire-retele.pdf\" target=\"_blank\" rel=\"noopener\">24 H\u00e1l\u00f3zatok enged\u00e9lyeztet\u00e9se, \u00e9pitkez\u00e9si enged\u00e9lyek - megnyit\u00e1s PDF-ben<\/a><\/p><p><strong>Sz\u00fcks\u00e9ges iratok:<\/strong><\/p><p>1. 24-es formanyomtatv\u00e1ny<br>2. sz\u00fcks\u00e9ges iratok<br>- urbanisztikai enged\u00e9ly<br>- okirat, amely bizonyitja az \u00e9pitkez\u00e9si enged\u00e9ly megl\u00e9t\u00e9t<br>- az urbanisztikai enged\u00e9lyben k\u00e9rt tanulm\u00e1nyok\/ enged\u00e9lyek<br>- az urbanisztikai enged\u00e9lyben ig\u00e9nyelt v\u00e9lem\u00e9nyez\u00e9sek<br>- m\u0171szaki terv<br>3. illet\u00e9k\/ s\u0171rg\u0151ss\u00e9gi illet\u00e9k<\/p><\/div>\n\t\t\t\t\t\t\t\t\t\t\t\t\t<\/div>\n                    <\/div>\n\n                \n\t\t\t\t\t<div class=\"wpr-accordion-item-wrap\">\n\t\t\t\t\t\t<button class=\"wpr-acc-button\">\n\t\t\t\t\t\t\t<span class=\"wpr-acc-item-title\">\n\t\t\t\t\t\t\t\t\t\t\t\t\t\t\t\t\t<div class=\"wpr-acc-icon-box\">\n\t\t\t\t\t\t\t\t\t\t\t\t\t\t<span class=\"wpr-title-icon\">\n\t\t\t\t\t<i aria-hidden=\"true\" class=\"fas fa-info\"><\/i>\t\t\t\t<\/span>\n\t\t\t\t\t\t\t\t\t\t\t\t<\/div>\n\t\t\t\t\t\t\t\t\n\t\t\t\t\t\t\t\t<span class=\"wpr-acc-title-text\">25. h\u00e1l\u00f3zati enged\u00e9lyek, meghosszabit\u00e1sok<\/span>\n\t\t\t\t\t\t\t<\/span>\n\t\t\t\t\t\t\t\t\t\t\t<span class=\"wpr-toggle-icon wpr-ti-close\"><i aria-hidden=\"true\" class=\"fas fa-plus\"><\/i><\/span>\n\t\t\t\t<span class=\"wpr-toggle-icon wpr-ti-open\"><i aria-hidden=\"true\" class=\"fas fa-minus\"><\/i><\/span>\n\t\t\t\t\t\t\t\t\t<\/button>\n\n\t\t\t\t\t\t<div class=\"wpr-acc-panel\">\n\t\t\t\t\t\t\t\t\t\t\t\t\t\t\t<div class=\"wpr-acc-panel-content\"><p><a href=\"https:\/\/liftup-pmo.online\/wp-content\/uploads\/2023\/10\/25_-AutorizariRetele_cerere_prelungire_certificat-de-urbanism-retele.pdf\" target=\"_blank\" rel=\"noopener\">25 H\u00e1l\u00f3zati enged\u00e9lyek, meghosszabit\u00e1sok - let\u00f6lthet\u0151 PDF-ben<\/a><\/p><p><strong>Sz\u00fcks\u00e9ges iratok:<\/strong><\/p><p>1. 25-\u00f6s formanyomtatv\u00e1ny<br>2. urbanisztikai enged\u00e9ly<br>3. illet\u00e9k<\/p><\/div>\n\t\t\t\t\t\t\t\t\t\t\t\t\t<\/div>\n                    <\/div>\n\n                \n\t\t\t\t\t<div class=\"wpr-accordion-item-wrap\">\n\t\t\t\t\t\t<button class=\"wpr-acc-button\">\n\t\t\t\t\t\t\t<span class=\"wpr-acc-item-title\">\n\t\t\t\t\t\t\t\t\t\t\t\t\t\t\t\t\t<div class=\"wpr-acc-icon-box\">\n\t\t\t\t\t\t\t\t\t\t\t\t\t\t<span class=\"wpr-title-icon\">\n\t\t\t\t\t<i aria-hidden=\"true\" class=\"fas fa-info\"><\/i>\t\t\t\t<\/span>\n\t\t\t\t\t\t\t\t\t\t\t\t<\/div>\n\t\t\t\t\t\t\t\t\n\t\t\t\t\t\t\t\t<span class=\"wpr-acc-title-text\">26. H\u00e1l\u00f3zati enged\u00e9lyek, \u00e9pitkez\u00e9si enged\u00e9lyek, meghosszabit\u00e1sok<\/span>\n\t\t\t\t\t\t\t<\/span>\n\t\t\t\t\t\t\t\t\t\t\t<span class=\"wpr-toggle-icon wpr-ti-close\"><i aria-hidden=\"true\" class=\"fas fa-plus\"><\/i><\/span>\n\t\t\t\t<span class=\"wpr-toggle-icon wpr-ti-open\"><i aria-hidden=\"true\" class=\"fas fa-minus\"><\/i><\/span>\n\t\t\t\t\t\t\t\t\t<\/button>\n\n\t\t\t\t\t\t<div class=\"wpr-acc-panel\">\n\t\t\t\t\t\t\t\t\t\t\t\t\t\t\t<div class=\"wpr-acc-panel-content\"><p><a href=\"https:\/\/liftup-pmo.online\/wp-content\/uploads\/2023\/10\/26_-AutorizariRetele_cerere_prelungire_autorizatie-de-construire-retele.pdf\" target=\"_blank\" rel=\"noopener\">26 H\u00e1l\u00f3zati enged\u00e9lyek, \u00e9pitkez\u00e9si enged\u00e9lyek, meghosszabit\u00e1sok - let\u00f6lthet\u0151 PDF-ben<\/a><\/p><p><strong>Sz\u00fcks\u00e9ges iratok:<\/strong><\/p><p>1. 26-os formanyomtatv\u00e1ny<br>2. enged\u00e9ly<br>3. illet\u00e9k<\/p><\/div>\n\t\t\t\t\t\t\t\t\t\t\t\t\t<\/div>\n                    <\/div>\n\n                \n\t\t\t\t\t<div class=\"wpr-accordion-item-wrap\">\n\t\t\t\t\t\t<button class=\"wpr-acc-button\">\n\t\t\t\t\t\t\t<span class=\"wpr-acc-item-title\">\n\t\t\t\t\t\t\t\t\t\t\t\t\t\t\t\t\t<div class=\"wpr-acc-icon-box\">\n\t\t\t\t\t\t\t\t\t\t\t\t\t\t<span class=\"wpr-title-icon\">\n\t\t\t\t\t<i aria-hidden=\"true\" class=\"fas fa-info\"><\/i>\t\t\t\t<\/span>\n\t\t\t\t\t\t\t\t\t\t\t\t<\/div>\n\t\t\t\t\t\t\t\t\n\t\t\t\t\t\t\t\t<span class=\"wpr-acc-title-text\">28. H\u00e1l\u00f3zati csatlakoz\u00e1s, enged\u00e9lyek<\/span>\n\t\t\t\t\t\t\t<\/span>\n\t\t\t\t\t\t\t\t\t\t\t<span class=\"wpr-toggle-icon wpr-ti-close\"><i aria-hidden=\"true\" class=\"fas fa-plus\"><\/i><\/span>\n\t\t\t\t<span class=\"wpr-toggle-icon wpr-ti-open\"><i aria-hidden=\"true\" class=\"fas fa-minus\"><\/i><\/span>\n\t\t\t\t\t\t\t\t\t<\/button>\n\n\t\t\t\t\t\t<div class=\"wpr-acc-panel\">\n\t\t\t\t\t\t\t\t\t\t\t\t\t\t\t<div class=\"wpr-acc-panel-content\"><p><a href=\"https:\/\/liftup-pmo.online\/wp-content\/uploads\/2023\/10\/28_Autorizari-Retele_Cerere-autorizatie-bransament-retea.pdf\" target=\"_blank\" rel=\"noopener\">28H\u00e1l\u00f3zati csatlakoz\u00e1s, enged\u00e9lyek - let\u00f6lthet\u0151 PDF-ben<\/a><\/p><p><strong>Sz\u00fcks\u00e9ges iratok:<\/strong><\/p><p>1. 28-as formanyomtatv\u00e1ny<br>2. illet\u00e9k<\/p><\/div>\n\t\t\t\t\t\t\t\t\t\t\t\t\t<\/div>\n                    <\/div>\n\n                            <\/div>\n        \t\t\t\t<\/div>\n\t\t\t\t<\/div>\n\t\t\t\t\t<\/div>\n\t\t\t\t<\/div>\n\t\t\t\t<\/div>\n\t\t","protected":false},"excerpt":{"rendered":"<p>H\u00e1l\u00f3zati enged\u00e9lyek H\u00e1l\u00f3zati enged\u00e9lyek 23. H\u00e1l\u00f3zatok enged\u00e9lyeztet\u00e9se, ter\u00fcletrendez\u00e9si enged\u00e9lyek 23_ H\u00e1l\u00f3zatok enged\u00e9lyeztet\u00e9se, ter\u00fcletrendez\u00e9si enged\u00e9lyek &#8211; megnyit\u00e1s PDF-ben Sz\u00fcks\u00e9ges iratok: 1. 23-as formanyomtatv\u00e1ny2. sz\u00fcks\u00e9ges iratok&#8211; helyzeti terv, az OCPI \u00e1ltal l\u00e1ttamoztatva&#8211; telekk\u00f6nyvi kivonat&#8211; javasolt helyzetterv&#8211; csatlakoz\u00e1si tervezet&#8211; CI\/CUI3. illet\u00e9k\/ s\u0171rg\u0151ss\u00e9gi illet\u00e9k 24. H\u00e1l\u00f3zatok enged\u00e9lyeztet\u00e9se, \u00e9pitkez\u00e9si enged\u00e9lyek 24 H\u00e1l\u00f3zatok enged\u00e9lyeztet\u00e9se, \u00e9pitkez\u00e9si enged\u00e9lyek &#8211; megnyit\u00e1s PDF-ben Sz\u00fcks\u00e9ges iratok: 1. 24-es formanyomtatv\u00e1ny2. sz\u00fcks\u00e9ges iratok&#8211; urbanisztikai enged\u00e9ly&#8211; okirat, amely bizonyitja az \u00e9pitkez\u00e9si enged\u00e9ly megl\u00e9t\u00e9t&#8211; az urbanisztikai enged\u00e9lyben k\u00e9rt tanulm\u00e1nyok\/ enged\u00e9lyek&#8211; az urbanisztikai enged\u00e9lyben ig\u00e9nyelt v\u00e9lem\u00e9nyez\u00e9sek&#8211; m\u0171szaki terv3. illet\u00e9k\/ s\u0171rg\u0151ss\u00e9gi illet\u00e9k 25. h\u00e1l\u00f3zati enged\u00e9lyek, meghosszabit\u00e1sok 25 H\u00e1l\u00f3zati enged\u00e9lyek, meghosszabit\u00e1sok &#8211; let\u00f6lthet\u0151 PDF-ben Sz\u00fcks\u00e9ges iratok: 1. 25-\u00f6s formanyomtatv\u00e1ny2. urbanisztikai enged\u00e9ly3. illet\u00e9k 26. H\u00e1l\u00f3zati enged\u00e9lyek, \u00e9pitkez\u00e9si enged\u00e9lyek, meghosszabit\u00e1sok 26 H\u00e1l\u00f3zati enged\u00e9lyek, \u00e9pitkez\u00e9si enged\u00e9lyek, meghosszabit\u00e1sok &#8211; let\u00f6lthet\u0151 PDF-ben Sz\u00fcks\u00e9ges iratok: 1. 26-os formanyomtatv\u00e1ny2. enged\u00e9ly3. illet\u00e9k 28. H\u00e1l\u00f3zati csatlakoz\u00e1s, enged\u00e9lyek 28H\u00e1l\u00f3zati csatlakoz\u00e1s, enged\u00e9lyek &#8211; let\u00f6lthet\u0151 PDF-ben Sz\u00fcks\u00e9ges iratok: 1. 28-as formanyomtatv\u00e1ny2. illet\u00e9k<\/p>\n","protected":false},"author":22,"featured_media":16991,"parent":104094,"menu_order":0,"comment_status":"closed","ping_status":"closed","template":"","meta":{"_acf_changed":false,"ep_exclude_from_search":false,"footnotes":""},"class_list":["post-104115","page","type-page","status-publish","has-post-thumbnail","hentry"],"acf":[],"yoast_head":"<!-- This site is optimized with the Yoast SEO plugin v26.6 - https:\/\/yoast.com\/wordpress\/plugins\/seo\/ -->\n<title>H\u00e1l\u00f3zati enged\u00e9lyek - Oradea.ro<\/title>\n<meta name=\"robots\" content=\"index, follow, max-snippet:-1, max-image-preview:large, max-video-preview:-1\" \/>\n<link rel=\"canonical\" href=\"https:\/\/oradea.ro\/hu\/kervenyek-es-formanyomtatvanyok\/teruletrendezes\/halozati-engedelyek\/\" \/>\n<meta property=\"og:locale\" content=\"hu_HU\" \/>\n<meta property=\"og:type\" content=\"article\" \/>\n<meta property=\"og:title\" content=\"H\u00e1l\u00f3zati enged\u00e9lyek - Oradea.ro\" \/>\n<meta property=\"og:description\" content=\"H\u00e1l\u00f3zati enged\u00e9lyek H\u00e1l\u00f3zati enged\u00e9lyek 23. H\u00e1l\u00f3zatok enged\u00e9lyeztet\u00e9se, ter\u00fcletrendez\u00e9si enged\u00e9lyek 23_ H\u00e1l\u00f3zatok enged\u00e9lyeztet\u00e9se, ter\u00fcletrendez\u00e9si enged\u00e9lyek &#8211; megnyit\u00e1s PDF-ben Sz\u00fcks\u00e9ges iratok: 1. 23-as formanyomtatv\u00e1ny2. sz\u00fcks\u00e9ges iratok&#8211; helyzeti terv, az OCPI \u00e1ltal l\u00e1ttamoztatva&#8211; telekk\u00f6nyvi kivonat&#8211; javasolt helyzetterv&#8211; csatlakoz\u00e1si tervezet&#8211; CI\/CUI3. illet\u00e9k\/ s\u0171rg\u0151ss\u00e9gi illet\u00e9k 24. H\u00e1l\u00f3zatok enged\u00e9lyeztet\u00e9se, \u00e9pitkez\u00e9si enged\u00e9lyek 24 H\u00e1l\u00f3zatok enged\u00e9lyeztet\u00e9se, \u00e9pitkez\u00e9si enged\u00e9lyek &#8211; megnyit\u00e1s PDF-ben Sz\u00fcks\u00e9ges iratok: 1. 24-es formanyomtatv\u00e1ny2. sz\u00fcks\u00e9ges iratok&#8211; urbanisztikai enged\u00e9ly&#8211; okirat, amely bizonyitja az \u00e9pitkez\u00e9si enged\u00e9ly megl\u00e9t\u00e9t&#8211; az urbanisztikai enged\u00e9lyben k\u00e9rt tanulm\u00e1nyok\/ enged\u00e9lyek&#8211; az urbanisztikai enged\u00e9lyben ig\u00e9nyelt v\u00e9lem\u00e9nyez\u00e9sek&#8211; m\u0171szaki terv3. illet\u00e9k\/ s\u0171rg\u0151ss\u00e9gi illet\u00e9k 25. h\u00e1l\u00f3zati enged\u00e9lyek, meghosszabit\u00e1sok 25 H\u00e1l\u00f3zati enged\u00e9lyek, meghosszabit\u00e1sok &#8211; let\u00f6lthet\u0151 PDF-ben Sz\u00fcks\u00e9ges iratok: 1. 25-\u00f6s formanyomtatv\u00e1ny2. urbanisztikai enged\u00e9ly3. illet\u00e9k 26. H\u00e1l\u00f3zati enged\u00e9lyek, \u00e9pitkez\u00e9si enged\u00e9lyek, meghosszabit\u00e1sok 26 H\u00e1l\u00f3zati enged\u00e9lyek, \u00e9pitkez\u00e9si enged\u00e9lyek, meghosszabit\u00e1sok &#8211; let\u00f6lthet\u0151 PDF-ben Sz\u00fcks\u00e9ges iratok: 1. 26-os formanyomtatv\u00e1ny2. enged\u00e9ly3. illet\u00e9k 28. H\u00e1l\u00f3zati csatlakoz\u00e1s, enged\u00e9lyek 28H\u00e1l\u00f3zati csatlakoz\u00e1s, enged\u00e9lyek &#8211; let\u00f6lthet\u0151 PDF-ben Sz\u00fcks\u00e9ges iratok: 1. 28-as formanyomtatv\u00e1ny2. illet\u00e9k\" \/>\n<meta property=\"og:url\" content=\"https:\/\/oradea.ro\/hu\/kervenyek-es-formanyomtatvanyok\/teruletrendezes\/halozati-engedelyek\/\" \/>\n<meta property=\"og:site_name\" content=\"Oradea.ro\" \/>\n<meta property=\"article:modified_time\" content=\"2024-02-05T12:36:11+00:00\" \/>\n<meta property=\"og:image\" content=\"https:\/\/oradea.ro\/wp-content\/uploads\/2023\/10\/home_hero_slide_2-scaled.webp\" \/>\n\t<meta property=\"og:image:width\" content=\"2560\" \/>\n\t<meta property=\"og:image:height\" content=\"1707\" \/>\n\t<meta property=\"og:image:type\" content=\"image\/webp\" \/>\n<meta name=\"twitter:card\" content=\"summary_large_image\" \/>\n<meta name=\"twitter:label1\" content=\"Becs\u00fclt olvas\u00e1si id\u0151\" \/>\n\t<meta name=\"twitter:data1\" content=\"1 perc\" \/>\n<script type=\"application\/ld+json\" class=\"yoast-schema-graph\">{\"@context\":\"https:\/\/schema.org\",\"@graph\":[{\"@type\":\"WebPage\",\"@id\":\"https:\/\/oradea.ro\/hu\/kervenyek-es-formanyomtatvanyok\/teruletrendezes\/halozati-engedelyek\/\",\"url\":\"https:\/\/oradea.ro\/hu\/kervenyek-es-formanyomtatvanyok\/teruletrendezes\/halozati-engedelyek\/\",\"name\":\"H\u00e1l\u00f3zati enged\u00e9lyek - Oradea.ro\",\"isPartOf\":{\"@id\":\"https:\/\/oradea.ro\/#website\"},\"primaryImageOfPage\":{\"@id\":\"https:\/\/oradea.ro\/hu\/kervenyek-es-formanyomtatvanyok\/teruletrendezes\/halozati-engedelyek\/#primaryimage\"},\"image\":{\"@id\":\"https:\/\/oradea.ro\/hu\/kervenyek-es-formanyomtatvanyok\/teruletrendezes\/halozati-engedelyek\/#primaryimage\"},\"thumbnailUrl\":\"https:\/\/oradea.ro\/wp-content\/uploads\/2023\/10\/home_hero_slide_2-scaled.webp\",\"datePublished\":\"2023-10-30T17:03:03+00:00\",\"dateModified\":\"2024-02-05T12:36:11+00:00\",\"breadcrumb\":{\"@id\":\"https:\/\/oradea.ro\/hu\/kervenyek-es-formanyomtatvanyok\/teruletrendezes\/halozati-engedelyek\/#breadcrumb\"},\"inLanguage\":\"hu\",\"potentialAction\":[{\"@type\":\"ReadAction\",\"target\":[\"https:\/\/oradea.ro\/hu\/kervenyek-es-formanyomtatvanyok\/teruletrendezes\/halozati-engedelyek\/\"]}]},{\"@type\":\"ImageObject\",\"inLanguage\":\"hu\",\"@id\":\"https:\/\/oradea.ro\/hu\/kervenyek-es-formanyomtatvanyok\/teruletrendezes\/halozati-engedelyek\/#primaryimage\",\"url\":\"https:\/\/oradea.ro\/wp-content\/uploads\/2023\/10\/home_hero_slide_2-scaled.webp\",\"contentUrl\":\"https:\/\/oradea.ro\/wp-content\/uploads\/2023\/10\/home_hero_slide_2-scaled.webp\",\"width\":2560,\"height\":1707},{\"@type\":\"BreadcrumbList\",\"@id\":\"https:\/\/oradea.ro\/hu\/kervenyek-es-formanyomtatvanyok\/teruletrendezes\/halozati-engedelyek\/#breadcrumb\",\"itemListElement\":[{\"@type\":\"ListItem\",\"position\":1,\"name\":\"\",\"item\":\"https:\/\/oradea.ro\/hu\/\"},{\"@type\":\"ListItem\",\"position\":2,\"name\":\"K\u00e9rv\u00e9nyek \u00e9s formanyomtatv\u00e1nyok\",\"item\":\"https:\/\/oradea.ro\/hu\/kervenyek-es-formanyomtatvanyok\/\"},{\"@type\":\"ListItem\",\"position\":3,\"name\":\"Ter\u00fcletrendez\u00e9s\",\"item\":\"https:\/\/oradea.ro\/hu\/kervenyek-es-formanyomtatvanyok\/teruletrendezes\/\"},{\"@type\":\"ListItem\",\"position\":4,\"name\":\"H\u00e1l\u00f3zati enged\u00e9lyek\"}]},{\"@type\":\"WebSite\",\"@id\":\"https:\/\/oradea.ro\/#website\",\"url\":\"https:\/\/oradea.ro\/\",\"name\":\"Oradea.ro\",\"description\":\"Site-ul oficial al Prim\u0103riei Municipiului Oradea\",\"publisher\":{\"@id\":\"https:\/\/oradea.ro\/#organization\"},\"potentialAction\":[{\"@type\":\"SearchAction\",\"target\":{\"@type\":\"EntryPoint\",\"urlTemplate\":\"https:\/\/oradea.ro\/?s={search_term_string}\"},\"query-input\":{\"@type\":\"PropertyValueSpecification\",\"valueRequired\":true,\"valueName\":\"search_term_string\"}}],\"inLanguage\":\"hu\"},{\"@type\":\"Organization\",\"@id\":\"https:\/\/oradea.ro\/#organization\",\"name\":\"Oradea.ro\",\"url\":\"https:\/\/oradea.ro\/\",\"logo\":{\"@type\":\"ImageObject\",\"inLanguage\":\"hu\",\"@id\":\"https:\/\/oradea.ro\/#\/schema\/logo\/image\/\",\"url\":\"https:\/\/oradea.ro\/wp-content\/uploads\/2023\/06\/footer_logo.svg\",\"contentUrl\":\"https:\/\/oradea.ro\/wp-content\/uploads\/2023\/06\/footer_logo.svg\",\"width\":218,\"height\":53,\"caption\":\"Oradea.ro\"},\"image\":{\"@id\":\"https:\/\/oradea.ro\/#\/schema\/logo\/image\/\"}}]}<\/script>\n<!-- \/ Yoast SEO plugin. -->","yoast_head_json":{"title":"H\u00e1l\u00f3zati enged\u00e9lyek - Oradea.ro","robots":{"index":"index","follow":"follow","max-snippet":"max-snippet:-1","max-image-preview":"max-image-preview:large","max-video-preview":"max-video-preview:-1"},"canonical":"https:\/\/oradea.ro\/hu\/kervenyek-es-formanyomtatvanyok\/teruletrendezes\/halozati-engedelyek\/","og_locale":"hu_HU","og_type":"article","og_title":"H\u00e1l\u00f3zati enged\u00e9lyek - Oradea.ro","og_description":"H\u00e1l\u00f3zati enged\u00e9lyek H\u00e1l\u00f3zati enged\u00e9lyek 23. H\u00e1l\u00f3zatok enged\u00e9lyeztet\u00e9se, ter\u00fcletrendez\u00e9si enged\u00e9lyek 23_ H\u00e1l\u00f3zatok enged\u00e9lyeztet\u00e9se, ter\u00fcletrendez\u00e9si enged\u00e9lyek &#8211; megnyit\u00e1s PDF-ben Sz\u00fcks\u00e9ges iratok: 1. 23-as formanyomtatv\u00e1ny2. sz\u00fcks\u00e9ges iratok&#8211; helyzeti terv, az OCPI \u00e1ltal l\u00e1ttamoztatva&#8211; telekk\u00f6nyvi kivonat&#8211; javasolt helyzetterv&#8211; csatlakoz\u00e1si tervezet&#8211; CI\/CUI3. illet\u00e9k\/ s\u0171rg\u0151ss\u00e9gi illet\u00e9k 24. H\u00e1l\u00f3zatok enged\u00e9lyeztet\u00e9se, \u00e9pitkez\u00e9si enged\u00e9lyek 24 H\u00e1l\u00f3zatok enged\u00e9lyeztet\u00e9se, \u00e9pitkez\u00e9si enged\u00e9lyek &#8211; megnyit\u00e1s PDF-ben Sz\u00fcks\u00e9ges iratok: 1. 24-es formanyomtatv\u00e1ny2. sz\u00fcks\u00e9ges iratok&#8211; urbanisztikai enged\u00e9ly&#8211; okirat, amely bizonyitja az \u00e9pitkez\u00e9si enged\u00e9ly megl\u00e9t\u00e9t&#8211; az urbanisztikai enged\u00e9lyben k\u00e9rt tanulm\u00e1nyok\/ enged\u00e9lyek&#8211; az urbanisztikai enged\u00e9lyben ig\u00e9nyelt v\u00e9lem\u00e9nyez\u00e9sek&#8211; m\u0171szaki terv3. illet\u00e9k\/ s\u0171rg\u0151ss\u00e9gi illet\u00e9k 25. h\u00e1l\u00f3zati enged\u00e9lyek, meghosszabit\u00e1sok 25 H\u00e1l\u00f3zati enged\u00e9lyek, meghosszabit\u00e1sok &#8211; let\u00f6lthet\u0151 PDF-ben Sz\u00fcks\u00e9ges iratok: 1. 25-\u00f6s formanyomtatv\u00e1ny2. urbanisztikai enged\u00e9ly3. illet\u00e9k 26. H\u00e1l\u00f3zati enged\u00e9lyek, \u00e9pitkez\u00e9si enged\u00e9lyek, meghosszabit\u00e1sok 26 H\u00e1l\u00f3zati enged\u00e9lyek, \u00e9pitkez\u00e9si enged\u00e9lyek, meghosszabit\u00e1sok &#8211; let\u00f6lthet\u0151 PDF-ben Sz\u00fcks\u00e9ges iratok: 1. 26-os formanyomtatv\u00e1ny2. enged\u00e9ly3. illet\u00e9k 28. H\u00e1l\u00f3zati csatlakoz\u00e1s, enged\u00e9lyek 28H\u00e1l\u00f3zati csatlakoz\u00e1s, enged\u00e9lyek &#8211; let\u00f6lthet\u0151 PDF-ben Sz\u00fcks\u00e9ges iratok: 1. 28-as formanyomtatv\u00e1ny2. illet\u00e9k","og_url":"https:\/\/oradea.ro\/hu\/kervenyek-es-formanyomtatvanyok\/teruletrendezes\/halozati-engedelyek\/","og_site_name":"Oradea.ro","article_modified_time":"2024-02-05T12:36:11+00:00","og_image":[{"width":2560,"height":1707,"url":"https:\/\/oradea.ro\/wp-content\/uploads\/2023\/10\/home_hero_slide_2-scaled.webp","type":"image\/webp"}],"twitter_card":"summary_large_image","twitter_misc":{"Becs\u00fclt olvas\u00e1si id\u0151":"1 perc"},"schema":{"@context":"https:\/\/schema.org","@graph":[{"@type":"WebPage","@id":"https:\/\/oradea.ro\/hu\/kervenyek-es-formanyomtatvanyok\/teruletrendezes\/halozati-engedelyek\/","url":"https:\/\/oradea.ro\/hu\/kervenyek-es-formanyomtatvanyok\/teruletrendezes\/halozati-engedelyek\/","name":"H\u00e1l\u00f3zati enged\u00e9lyek - Oradea.ro","isPartOf":{"@id":"https:\/\/oradea.ro\/#website"},"primaryImageOfPage":{"@id":"https:\/\/oradea.ro\/hu\/kervenyek-es-formanyomtatvanyok\/teruletrendezes\/halozati-engedelyek\/#primaryimage"},"image":{"@id":"https:\/\/oradea.ro\/hu\/kervenyek-es-formanyomtatvanyok\/teruletrendezes\/halozati-engedelyek\/#primaryimage"},"thumbnailUrl":"https:\/\/oradea.ro\/wp-content\/uploads\/2023\/10\/home_hero_slide_2-scaled.webp","datePublished":"2023-10-30T17:03:03+00:00","dateModified":"2024-02-05T12:36:11+00:00","breadcrumb":{"@id":"https:\/\/oradea.ro\/hu\/kervenyek-es-formanyomtatvanyok\/teruletrendezes\/halozati-engedelyek\/#breadcrumb"},"inLanguage":"hu","potentialAction":[{"@type":"ReadAction","target":["https:\/\/oradea.ro\/hu\/kervenyek-es-formanyomtatvanyok\/teruletrendezes\/halozati-engedelyek\/"]}]},{"@type":"ImageObject","inLanguage":"hu","@id":"https:\/\/oradea.ro\/hu\/kervenyek-es-formanyomtatvanyok\/teruletrendezes\/halozati-engedelyek\/#primaryimage","url":"https:\/\/oradea.ro\/wp-content\/uploads\/2023\/10\/home_hero_slide_2-scaled.webp","contentUrl":"https:\/\/oradea.ro\/wp-content\/uploads\/2023\/10\/home_hero_slide_2-scaled.webp","width":2560,"height":1707},{"@type":"BreadcrumbList","@id":"https:\/\/oradea.ro\/hu\/kervenyek-es-formanyomtatvanyok\/teruletrendezes\/halozati-engedelyek\/#breadcrumb","itemListElement":[{"@type":"ListItem","position":1,"name":"","item":"https:\/\/oradea.ro\/hu\/"},{"@type":"ListItem","position":2,"name":"K\u00e9rv\u00e9nyek \u00e9s formanyomtatv\u00e1nyok","item":"https:\/\/oradea.ro\/hu\/kervenyek-es-formanyomtatvanyok\/"},{"@type":"ListItem","position":3,"name":"Ter\u00fcletrendez\u00e9s","item":"https:\/\/oradea.ro\/hu\/kervenyek-es-formanyomtatvanyok\/teruletrendezes\/"},{"@type":"ListItem","position":4,"name":"H\u00e1l\u00f3zati enged\u00e9lyek"}]},{"@type":"WebSite","@id":"https:\/\/oradea.ro\/#website","url":"https:\/\/oradea.ro\/","name":"Oradea.ro","description":"Site-ul oficial al Prim\u0103riei Municipiului Oradea","publisher":{"@id":"https:\/\/oradea.ro\/#organization"},"potentialAction":[{"@type":"SearchAction","target":{"@type":"EntryPoint","urlTemplate":"https:\/\/oradea.ro\/?s={search_term_string}"},"query-input":{"@type":"PropertyValueSpecification","valueRequired":true,"valueName":"search_term_string"}}],"inLanguage":"hu"},{"@type":"Organization","@id":"https:\/\/oradea.ro\/#organization","name":"Oradea.ro","url":"https:\/\/oradea.ro\/","logo":{"@type":"ImageObject","inLanguage":"hu","@id":"https:\/\/oradea.ro\/#\/schema\/logo\/image\/","url":"https:\/\/oradea.ro\/wp-content\/uploads\/2023\/06\/footer_logo.svg","contentUrl":"https:\/\/oradea.ro\/wp-content\/uploads\/2023\/06\/footer_logo.svg","width":218,"height":53,"caption":"Oradea.ro"},"image":{"@id":"https:\/\/oradea.ro\/#\/schema\/logo\/image\/"}}]}},"publishpress_future_action":{"enabled":false,"date":"2026-04-26 17:05:48","action":"change-status","newStatus":"draft","terms":[],"taxonomy":"translation_priority","extraData":[]},"publishpress_future_workflow_manual_trigger":{"enabledWorkflows":[]},"_links":{"self":[{"href":"https:\/\/oradea.ro\/hu\/wp-json\/wp\/v2\/pages\/104115","targetHints":{"allow":["GET"]}}],"collection":[{"href":"https:\/\/oradea.ro\/hu\/wp-json\/wp\/v2\/pages"}],"about":[{"href":"https:\/\/oradea.ro\/hu\/wp-json\/wp\/v2\/types\/page"}],"author":[{"embeddable":true,"href":"https:\/\/oradea.ro\/hu\/wp-json\/wp\/v2\/users\/22"}],"replies":[{"embeddable":true,"href":"https:\/\/oradea.ro\/hu\/wp-json\/wp\/v2\/comments?post=104115"}],"version-history":[{"count":3,"href":"https:\/\/oradea.ro\/hu\/wp-json\/wp\/v2\/pages\/104115\/revisions"}],"predecessor-version":[{"id":213224,"href":"https:\/\/oradea.ro\/hu\/wp-json\/wp\/v2\/pages\/104115\/revisions\/213224"}],"up":[{"embeddable":true,"href":"https:\/\/oradea.ro\/hu\/wp-json\/wp\/v2\/pages\/104094"}],"wp:featuredmedia":[{"embeddable":true,"href":"https:\/\/oradea.ro\/hu\/wp-json\/wp\/v2\/media\/16991"}],"wp:attachment":[{"href":"https:\/\/oradea.ro\/hu\/wp-json\/wp\/v2\/media?parent=104115"}],"curies":[{"name":"wp","href":"https:\/\/api.w.org\/{rel}","templated":true}]}}