{"id":104128,"date":"2023-10-17T11:18:09","date_gmt":"2023-10-17T11:18:09","guid":{"rendered":"https:\/\/oradea.ro\/adozasi-informaciok\/kozlemenyek-kozigazgatasi-iratok-kozlese\/"},"modified":"2024-01-09T10:20:06","modified_gmt":"2024-01-09T10:20:06","slug":"kozlemenyek-kozigazgatasi-iratok-kozlese","status":"publish","type":"page","link":"https:\/\/oradea.ro\/hu\/adozasi-informaciok\/kozlemenyek-kozigazgatasi-iratok-kozlese\/","title":{"rendered":"K\u00f6zlem\u00e9nyek &#8211; K\u00f6zigazgat\u00e1si iratok k\u00f6zl\u00e9se"},"content":{"rendered":"<div class=\"min-w-[100vw] h-[350px] md:h-[500px] ml-[calc(50%-50vw)] flex items-end bg-no-repeat bg-white bg-cover bg-center px-5\" style=\"background-image: url(https:\/\/oradea.ro\/wp-content\/uploads\/2023\/09\/hero_slide_2.webp);\">\r\n                    <div class=\"w-full max-w-7xl mx-auto mb-6\">\r\n                        <h1 class=\"my-0 text-white font-extrabold font-open-sans text-3xl md:text-6xl [text-shadow:_0_1px_4px_rgb(0_0_0_\/_50%)]\">K\u00f6zlem\u00e9nyek &#8211; K\u00f6zigazgat\u00e1si iratok k\u00f6zl\u00e9se<\/h1>\r\n                    <\/div>\r\n                <\/div><div class=\"!px-5\"><div class=\"breadcrumbs w-full max-w-7xl mx-auto grid md:flex flex-wrap items-center py-4 test\"><div><a href=\"https:\/\/oradea.ro\/hu\/\"><span class=\"fas fa-home text-[#ABAEB3]\"><\/span><\/a><span class=\"md:hidden\"><span class=\"fas fa-chevron-down mx-5 text-xs text-[#ABAEB3] hover:text-black\/50 transition-all\"><\/span><\/span><span class=\"hidden md:inline\"><span class=\"fas fa-chevron-right mx-5 text-xs text-[#ABAEB3] hover:text-black\/50 transition-all\"><\/span><\/span><\/div><span class=\"font-poppins font-semibold uppercase text-black\/60\">K\u00f6zlem\u00e9nyek &#8211; K\u00f6zigazgat\u00e1si iratok k\u00f6zl\u00e9se<\/span><\/div><\/div>\t\t<div data-elementor-type=\"wp-page\" data-elementor-id=\"104128\" class=\"elementor elementor-104128 elementor-18815\" data-elementor-post-type=\"page\">\n\t\t\t\t<div class=\"elementor-element elementor-element-30d787d e-flex e-con-boxed wpr-particle-no wpr-jarallax-no wpr-parallax-no wpr-sticky-section-no e-con e-parent\" data-id=\"30d787d\" data-element_type=\"container\">\n\t\t\t\t\t<div class=\"e-con-inner\">\n\t\t<div class=\"elementor-element elementor-element-b3d70bf e-flex e-con-boxed wpr-particle-no wpr-jarallax-no wpr-parallax-no wpr-sticky-section-no e-con e-parent\" data-id=\"b3d70bf\" data-element_type=\"container\">\n\t\t\t\t\t<div class=\"e-con-inner\">\n\t\t<div class=\"elementor-element elementor-element-b2a5d40 e-con-full e-flex wpr-particle-no wpr-jarallax-no wpr-parallax-no wpr-sticky-section-no e-con e-parent\" data-id=\"b2a5d40\" data-element_type=\"container\">\n\t\t<a class=\"elementor-element elementor-element-a10e022 e-con-full e-flex wpr-particle-no wpr-jarallax-no wpr-parallax-no wpr-sticky-section-no e-con e-parent\" data-id=\"a10e022\" data-element_type=\"container\" href=\"https:\/\/oradea.ro\/pentru-firme\/servicii-online\/taxe-si-impozite\/anunturi-comunicarea-actelor-administrative\/inspectie-fiscala\/\">\n\t\t\t\t<div class=\"elementor-element elementor-element-7c3da0d elementor-widget elementor-widget-heading\" data-id=\"7c3da0d\" data-element_type=\"widget\" data-widget_type=\"heading.default\">\n\t\t\t\t<div class=\"elementor-widget-container\">\n\t\t\t\t\t<h2 class=\"elementor-heading-title elementor-size-default\">Ad\u00f3ellen\u0151rz\u00e9s<\/h2>\t\t\t\t<\/div>\n\t\t\t\t<\/div>\n\t\t\t\t<\/a>\n\t\t<a class=\"elementor-element elementor-element-41ab8b6 e-con-full e-flex wpr-particle-no wpr-jarallax-no wpr-parallax-no wpr-sticky-section-no e-con e-parent\" data-id=\"41ab8b6\" data-element_type=\"container\" href=\"https:\/\/oradea.ro\/pentru-firme\/servicii-online\/taxe-si-impozite\/anunturi-comunicarea-actelor-administrative\/executare-silita\/\">\n\t\t\t\t<div class=\"elementor-element elementor-element-0636695 elementor-widget elementor-widget-heading\" data-id=\"0636695\" data-element_type=\"widget\" data-widget_type=\"heading.default\">\n\t\t\t\t<div class=\"elementor-widget-container\">\n\t\t\t\t\t<h2 class=\"elementor-heading-title elementor-size-default\">V\u00e9grehajt\u00e1s<\/h2>\t\t\t\t<\/div>\n\t\t\t\t<\/div>\n\t\t\t\t<\/a>\n\t\t<a class=\"elementor-element elementor-element-90a9b49 e-con-full e-flex wpr-particle-no wpr-jarallax-no wpr-parallax-no wpr-sticky-section-no e-con e-parent\" data-id=\"90a9b49\" data-element_type=\"container\" href=\"https:\/\/oradea.ro\/pentru-firme\/servicii-online\/taxe-si-impozite\/anunturi-comunicarea-actelor-administrative\/licitatii-executari\/\">\n\t\t\t\t<div class=\"elementor-element elementor-element-031d19d elementor-widget elementor-widget-heading\" data-id=\"031d19d\" data-element_type=\"widget\" data-widget_type=\"heading.default\">\n\t\t\t\t<div class=\"elementor-widget-container\">\n\t\t\t\t\t<h2 class=\"elementor-heading-title elementor-size-default\">V\u00e9grehajt\u00e1si hirdet\u00e9sek<\/h2>\t\t\t\t<\/div>\n\t\t\t\t<\/div>\n\t\t\t\t<\/a>\n\t\t\t\t<\/div>\n\t\t<div class=\"elementor-element elementor-element-333a38f e-con-full e-flex wpr-particle-no wpr-jarallax-no wpr-parallax-no wpr-sticky-section-no e-con e-parent\" data-id=\"333a38f\" data-element_type=\"container\">\n\t\t<a class=\"elementor-element elementor-element-aa8b67b e-con-full e-flex wpr-particle-no wpr-jarallax-no wpr-parallax-no wpr-sticky-section-no e-con e-parent\" data-id=\"aa8b67b\" data-element_type=\"container\" href=\"https:\/\/oradea.ro\/pentru-firme\/servicii-online\/taxe-si-impozite\/anunturi-comunicarea-actelor-administrative\/anunturi-colective\/\">\n\t\t\t\t<div class=\"elementor-element elementor-element-eea8fce elementor-widget elementor-widget-heading\" data-id=\"eea8fce\" data-element_type=\"widget\" data-widget_type=\"heading.default\">\n\t\t\t\t<div class=\"elementor-widget-container\">\n\t\t\t\t\t<h2 class=\"elementor-heading-title elementor-size-default\">Kollekt\u00edv hirdet\u00e9sek<\/h2>\t\t\t\t<\/div>\n\t\t\t\t<\/div>\n\t\t\t\t<\/a>\n\t\t<a class=\"elementor-element elementor-element-2ac318d e-con-full e-flex wpr-particle-no wpr-jarallax-no wpr-parallax-no wpr-sticky-section-no e-con e-parent\" data-id=\"2ac318d\" data-element_type=\"container\" href=\"https:\/\/oradea.ro\/pentru-firme\/servicii-online\/taxe-si-impozite\/anunturi-comunicarea-actelor-administrative\/lista-restantieri\/\">\n\t\t\t\t<div class=\"elementor-element elementor-element-a7fae8c elementor-widget elementor-widget-heading\" data-id=\"a7fae8c\" data-element_type=\"widget\" data-widget_type=\"heading.default\">\n\t\t\t\t<div class=\"elementor-widget-container\">\n\t\t\t\t\t<h2 class=\"elementor-heading-title elementor-size-default\">Az ad\u00f3sok list\u00e1ja<\/h2>\t\t\t\t<\/div>\n\t\t\t\t<\/div>\n\t\t\t\t<\/a>\n\t\t<a class=\"elementor-element elementor-element-185c8f2 e-con-full e-flex wpr-particle-no wpr-jarallax-no wpr-parallax-no wpr-sticky-section-no e-con e-parent\" data-id=\"185c8f2\" data-element_type=\"container\">\n\t\t\t\t<\/a>\n\t\t\t\t<\/div>\n\t\t\t\t\t<\/div>\n\t\t\t\t<\/div>\n\t\t\t\t\t<\/div>\n\t\t\t\t<\/div>\n\t\t\t\t<\/div>\n\t\t","protected":false},"excerpt":{"rendered":"<p>K\u00f6zlem\u00e9nyek &#8211; K\u00f6zigazgat\u00e1si iratok k\u00f6zl\u00e9se K\u00f6zlem\u00e9nyek &#8211; K\u00f6zigazgat\u00e1si iratok k\u00f6zl\u00e9se Ad\u00f3ellen\u0151rz\u00e9s V\u00e9grehajt\u00e1s V\u00e9grehajt\u00e1si hirdet\u00e9sek Kollekt\u00edv hirdet\u00e9sek Az ad\u00f3sok list\u00e1ja<\/p>\n","protected":false},"author":2,"featured_media":17036,"parent":102851,"menu_order":0,"comment_status":"closed","ping_status":"closed","template":"","meta":{"_acf_changed":false,"ep_exclude_from_search":false,"footnotes":""},"class_list":["post-104128","page","type-page","status-publish","has-post-thumbnail","hentry"],"acf":[],"yoast_head":"<!-- This site is optimized with the Yoast SEO plugin v26.6 - https:\/\/yoast.com\/wordpress\/plugins\/seo\/ -->\n<title>K\u00f6zlem\u00e9nyek - K\u00f6zigazgat\u00e1si iratok k\u00f6zl\u00e9se - Oradea.ro<\/title>\n<meta name=\"robots\" content=\"index, follow, max-snippet:-1, max-image-preview:large, max-video-preview:-1\" \/>\n<link rel=\"canonical\" href=\"https:\/\/oradea.ro\/informatii-taxe-si-impozite\/anunturi-comunicarea-actelor-administrative\/\" \/>\n<meta property=\"og:locale\" content=\"hu_HU\" \/>\n<meta property=\"og:type\" content=\"article\" \/>\n<meta property=\"og:title\" content=\"K\u00f6zlem\u00e9nyek - K\u00f6zigazgat\u00e1si iratok k\u00f6zl\u00e9se - Oradea.ro\" \/>\n<meta property=\"og:description\" content=\"K\u00f6zlem\u00e9nyek &#8211; K\u00f6zigazgat\u00e1si iratok k\u00f6zl\u00e9se K\u00f6zlem\u00e9nyek &#8211; K\u00f6zigazgat\u00e1si iratok k\u00f6zl\u00e9se Ad\u00f3ellen\u0151rz\u00e9s V\u00e9grehajt\u00e1s V\u00e9grehajt\u00e1si hirdet\u00e9sek Kollekt\u00edv hirdet\u00e9sek Az ad\u00f3sok list\u00e1ja\" \/>\n<meta property=\"og:url\" content=\"https:\/\/oradea.ro\/informatii-taxe-si-impozite\/anunturi-comunicarea-actelor-administrative\/\" \/>\n<meta property=\"og:site_name\" content=\"Oradea.ro\" \/>\n<meta property=\"article:modified_time\" content=\"2024-01-09T10:20:06+00:00\" \/>\n<meta property=\"og:image\" content=\"https:\/\/oradea.ro\/wp-content\/uploads\/2023\/09\/hero_slide_2.webp\" \/>\n\t<meta property=\"og:image:width\" content=\"1920\" \/>\n\t<meta property=\"og:image:height\" content=\"1000\" \/>\n\t<meta property=\"og:image:type\" content=\"image\/webp\" \/>\n<meta name=\"twitter:card\" content=\"summary_large_image\" \/>\n<script type=\"application\/ld+json\" class=\"yoast-schema-graph\">{\"@context\":\"https:\/\/schema.org\",\"@graph\":[{\"@type\":\"WebPage\",\"@id\":\"https:\/\/oradea.ro\/informatii-taxe-si-impozite\/anunturi-comunicarea-actelor-administrative\/\",\"url\":\"https:\/\/oradea.ro\/informatii-taxe-si-impozite\/anunturi-comunicarea-actelor-administrative\/\",\"name\":\"K\u00f6zlem\u00e9nyek - K\u00f6zigazgat\u00e1si iratok k\u00f6zl\u00e9se - Oradea.ro\",\"isPartOf\":{\"@id\":\"https:\/\/oradea.ro\/#website\"},\"primaryImageOfPage\":{\"@id\":\"https:\/\/oradea.ro\/informatii-taxe-si-impozite\/anunturi-comunicarea-actelor-administrative\/#primaryimage\"},\"image\":{\"@id\":\"https:\/\/oradea.ro\/informatii-taxe-si-impozite\/anunturi-comunicarea-actelor-administrative\/#primaryimage\"},\"thumbnailUrl\":\"https:\/\/oradea.ro\/wp-content\/uploads\/2023\/09\/hero_slide_2.webp\",\"datePublished\":\"2023-10-17T11:18:09+00:00\",\"dateModified\":\"2024-01-09T10:20:06+00:00\",\"breadcrumb\":{\"@id\":\"https:\/\/oradea.ro\/informatii-taxe-si-impozite\/anunturi-comunicarea-actelor-administrative\/#breadcrumb\"},\"inLanguage\":\"hu\",\"potentialAction\":[{\"@type\":\"ReadAction\",\"target\":[\"https:\/\/oradea.ro\/informatii-taxe-si-impozite\/anunturi-comunicarea-actelor-administrative\/\"]}]},{\"@type\":\"ImageObject\",\"inLanguage\":\"hu\",\"@id\":\"https:\/\/oradea.ro\/informatii-taxe-si-impozite\/anunturi-comunicarea-actelor-administrative\/#primaryimage\",\"url\":\"https:\/\/oradea.ro\/wp-content\/uploads\/2023\/09\/hero_slide_2.webp\",\"contentUrl\":\"https:\/\/oradea.ro\/wp-content\/uploads\/2023\/09\/hero_slide_2.webp\",\"width\":1920,\"height\":1000},{\"@type\":\"BreadcrumbList\",\"@id\":\"https:\/\/oradea.ro\/informatii-taxe-si-impozite\/anunturi-comunicarea-actelor-administrative\/#breadcrumb\",\"itemListElement\":[{\"@type\":\"ListItem\",\"position\":1,\"name\":\"\",\"item\":\"https:\/\/oradea.ro\/hu\/\"},{\"@type\":\"ListItem\",\"position\":2,\"name\":\"Ad\u00f3z\u00e1si inform\u00e1ci\u00f3k\",\"item\":\"https:\/\/oradea.ro\/informatii-taxe-si-impozite\/\"},{\"@type\":\"ListItem\",\"position\":3,\"name\":\"K\u00f6zlem\u00e9nyek &#8211; K\u00f6zigazgat\u00e1si iratok k\u00f6zl\u00e9se\"}]},{\"@type\":\"WebSite\",\"@id\":\"https:\/\/oradea.ro\/#website\",\"url\":\"https:\/\/oradea.ro\/\",\"name\":\"Oradea.ro\",\"description\":\"Site-ul oficial al Prim\u0103riei Municipiului Oradea\",\"publisher\":{\"@id\":\"https:\/\/oradea.ro\/#organization\"},\"potentialAction\":[{\"@type\":\"SearchAction\",\"target\":{\"@type\":\"EntryPoint\",\"urlTemplate\":\"https:\/\/oradea.ro\/?s={search_term_string}\"},\"query-input\":{\"@type\":\"PropertyValueSpecification\",\"valueRequired\":true,\"valueName\":\"search_term_string\"}}],\"inLanguage\":\"hu\"},{\"@type\":\"Organization\",\"@id\":\"https:\/\/oradea.ro\/#organization\",\"name\":\"Oradea.ro\",\"url\":\"https:\/\/oradea.ro\/\",\"logo\":{\"@type\":\"ImageObject\",\"inLanguage\":\"hu\",\"@id\":\"https:\/\/oradea.ro\/#\/schema\/logo\/image\/\",\"url\":\"https:\/\/oradea.ro\/wp-content\/uploads\/2023\/06\/footer_logo.svg\",\"contentUrl\":\"https:\/\/oradea.ro\/wp-content\/uploads\/2023\/06\/footer_logo.svg\",\"width\":218,\"height\":53,\"caption\":\"Oradea.ro\"},\"image\":{\"@id\":\"https:\/\/oradea.ro\/#\/schema\/logo\/image\/\"}}]}<\/script>\n<!-- \/ Yoast SEO plugin. -->","yoast_head_json":{"title":"K\u00f6zlem\u00e9nyek - K\u00f6zigazgat\u00e1si iratok k\u00f6zl\u00e9se - Oradea.ro","robots":{"index":"index","follow":"follow","max-snippet":"max-snippet:-1","max-image-preview":"max-image-preview:large","max-video-preview":"max-video-preview:-1"},"canonical":"https:\/\/oradea.ro\/informatii-taxe-si-impozite\/anunturi-comunicarea-actelor-administrative\/","og_locale":"hu_HU","og_type":"article","og_title":"K\u00f6zlem\u00e9nyek - K\u00f6zigazgat\u00e1si iratok k\u00f6zl\u00e9se - Oradea.ro","og_description":"K\u00f6zlem\u00e9nyek &#8211; K\u00f6zigazgat\u00e1si iratok k\u00f6zl\u00e9se K\u00f6zlem\u00e9nyek &#8211; K\u00f6zigazgat\u00e1si iratok k\u00f6zl\u00e9se Ad\u00f3ellen\u0151rz\u00e9s V\u00e9grehajt\u00e1s V\u00e9grehajt\u00e1si hirdet\u00e9sek Kollekt\u00edv hirdet\u00e9sek Az ad\u00f3sok list\u00e1ja","og_url":"https:\/\/oradea.ro\/informatii-taxe-si-impozite\/anunturi-comunicarea-actelor-administrative\/","og_site_name":"Oradea.ro","article_modified_time":"2024-01-09T10:20:06+00:00","og_image":[{"width":1920,"height":1000,"url":"https:\/\/oradea.ro\/wp-content\/uploads\/2023\/09\/hero_slide_2.webp","type":"image\/webp"}],"twitter_card":"summary_large_image","schema":{"@context":"https:\/\/schema.org","@graph":[{"@type":"WebPage","@id":"https:\/\/oradea.ro\/informatii-taxe-si-impozite\/anunturi-comunicarea-actelor-administrative\/","url":"https:\/\/oradea.ro\/informatii-taxe-si-impozite\/anunturi-comunicarea-actelor-administrative\/","name":"K\u00f6zlem\u00e9nyek - K\u00f6zigazgat\u00e1si iratok k\u00f6zl\u00e9se - Oradea.ro","isPartOf":{"@id":"https:\/\/oradea.ro\/#website"},"primaryImageOfPage":{"@id":"https:\/\/oradea.ro\/informatii-taxe-si-impozite\/anunturi-comunicarea-actelor-administrative\/#primaryimage"},"image":{"@id":"https:\/\/oradea.ro\/informatii-taxe-si-impozite\/anunturi-comunicarea-actelor-administrative\/#primaryimage"},"thumbnailUrl":"https:\/\/oradea.ro\/wp-content\/uploads\/2023\/09\/hero_slide_2.webp","datePublished":"2023-10-17T11:18:09+00:00","dateModified":"2024-01-09T10:20:06+00:00","breadcrumb":{"@id":"https:\/\/oradea.ro\/informatii-taxe-si-impozite\/anunturi-comunicarea-actelor-administrative\/#breadcrumb"},"inLanguage":"hu","potentialAction":[{"@type":"ReadAction","target":["https:\/\/oradea.ro\/informatii-taxe-si-impozite\/anunturi-comunicarea-actelor-administrative\/"]}]},{"@type":"ImageObject","inLanguage":"hu","@id":"https:\/\/oradea.ro\/informatii-taxe-si-impozite\/anunturi-comunicarea-actelor-administrative\/#primaryimage","url":"https:\/\/oradea.ro\/wp-content\/uploads\/2023\/09\/hero_slide_2.webp","contentUrl":"https:\/\/oradea.ro\/wp-content\/uploads\/2023\/09\/hero_slide_2.webp","width":1920,"height":1000},{"@type":"BreadcrumbList","@id":"https:\/\/oradea.ro\/informatii-taxe-si-impozite\/anunturi-comunicarea-actelor-administrative\/#breadcrumb","itemListElement":[{"@type":"ListItem","position":1,"name":"","item":"https:\/\/oradea.ro\/hu\/"},{"@type":"ListItem","position":2,"name":"Ad\u00f3z\u00e1si inform\u00e1ci\u00f3k","item":"https:\/\/oradea.ro\/informatii-taxe-si-impozite\/"},{"@type":"ListItem","position":3,"name":"K\u00f6zlem\u00e9nyek &#8211; K\u00f6zigazgat\u00e1si iratok k\u00f6zl\u00e9se"}]},{"@type":"WebSite","@id":"https:\/\/oradea.ro\/#website","url":"https:\/\/oradea.ro\/","name":"Oradea.ro","description":"Site-ul oficial al Prim\u0103riei Municipiului Oradea","publisher":{"@id":"https:\/\/oradea.ro\/#organization"},"potentialAction":[{"@type":"SearchAction","target":{"@type":"EntryPoint","urlTemplate":"https:\/\/oradea.ro\/?s={search_term_string}"},"query-input":{"@type":"PropertyValueSpecification","valueRequired":true,"valueName":"search_term_string"}}],"inLanguage":"hu"},{"@type":"Organization","@id":"https:\/\/oradea.ro\/#organization","name":"Oradea.ro","url":"https:\/\/oradea.ro\/","logo":{"@type":"ImageObject","inLanguage":"hu","@id":"https:\/\/oradea.ro\/#\/schema\/logo\/image\/","url":"https:\/\/oradea.ro\/wp-content\/uploads\/2023\/06\/footer_logo.svg","contentUrl":"https:\/\/oradea.ro\/wp-content\/uploads\/2023\/06\/footer_logo.svg","width":218,"height":53,"caption":"Oradea.ro"},"image":{"@id":"https:\/\/oradea.ro\/#\/schema\/logo\/image\/"}}]}},"publishpress_future_action":{"enabled":false,"date":"2026-04-11 03:40:01","action":"change-status","newStatus":"draft","terms":[],"taxonomy":"translation_priority","extraData":[]},"publishpress_future_workflow_manual_trigger":{"enabledWorkflows":[]},"_links":{"self":[{"href":"https:\/\/oradea.ro\/hu\/wp-json\/wp\/v2\/pages\/104128","targetHints":{"allow":["GET"]}}],"collection":[{"href":"https:\/\/oradea.ro\/hu\/wp-json\/wp\/v2\/pages"}],"about":[{"href":"https:\/\/oradea.ro\/hu\/wp-json\/wp\/v2\/types\/page"}],"author":[{"embeddable":true,"href":"https:\/\/oradea.ro\/hu\/wp-json\/wp\/v2\/users\/2"}],"replies":[{"embeddable":true,"href":"https:\/\/oradea.ro\/hu\/wp-json\/wp\/v2\/comments?post=104128"}],"version-history":[{"count":1,"href":"https:\/\/oradea.ro\/hu\/wp-json\/wp\/v2\/pages\/104128\/revisions"}],"predecessor-version":[{"id":104129,"href":"https:\/\/oradea.ro\/hu\/wp-json\/wp\/v2\/pages\/104128\/revisions\/104129"}],"up":[{"embeddable":true,"href":"https:\/\/oradea.ro\/hu\/wp-json\/wp\/v2\/pages\/102851"}],"wp:featuredmedia":[{"embeddable":true,"href":"https:\/\/oradea.ro\/hu\/wp-json\/wp\/v2\/media\/17036"}],"wp:attachment":[{"href":"https:\/\/oradea.ro\/hu\/wp-json\/wp\/v2\/media?parent=104128"}],"curies":[{"name":"wp","href":"https:\/\/api.w.org\/{rel}","templated":true}]}}