{"id":104132,"date":"2023-12-13T13:19:26","date_gmt":"2023-12-13T13:19:26","guid":{"rendered":"https:\/\/oradea.ro\/adozasi-informaciok\/szukseges-iratok\/"},"modified":"2024-01-09T10:15:19","modified_gmt":"2024-01-09T10:15:19","slug":"szukseges-iratok","status":"publish","type":"page","link":"https:\/\/oradea.ro\/hu\/adozasi-informaciok\/szukseges-iratok\/","title":{"rendered":"Sz\u00fcks\u00e9ges iratok"},"content":{"rendered":"<div class=\"min-w-[100vw] h-[350px] md:h-[500px] ml-[calc(50%-50vw)] flex items-end bg-no-repeat bg-white bg-cover bg-center px-5\" style=\"background-image: url(https:\/\/oradea.ro\/wp-content\/uploads\/2023\/10\/home_hero_slide_2-scaled.webp);\">\r\n                    <div class=\"w-full max-w-7xl mx-auto mb-6\">\r\n                        <h1 class=\"my-0 text-white font-extrabold font-open-sans text-3xl md:text-6xl [text-shadow:_0_1px_4px_rgb(0_0_0_\/_50%)]\">Sz\u00fcks\u00e9ges iratok<\/h1>\r\n                    <\/div>\r\n                <\/div><div class=\"!px-5\"><div class=\"breadcrumbs w-full max-w-7xl mx-auto grid md:flex flex-wrap items-center py-4 test\"><div><a href=\"https:\/\/oradea.ro\/hu\/\"><span class=\"fas fa-home text-[#ABAEB3]\"><\/span><\/a><span class=\"md:hidden\"><span class=\"fas fa-chevron-down mx-5 text-xs text-[#ABAEB3] hover:text-black\/50 transition-all\"><\/span><\/span><span class=\"hidden md:inline\"><span class=\"fas fa-chevron-right mx-5 text-xs text-[#ABAEB3] hover:text-black\/50 transition-all\"><\/span><\/span><\/div><span class=\"font-poppins font-semibold uppercase text-black\/60\">Sz\u00fcks\u00e9ges iratok<\/span><\/div><\/div>\t\t<div data-elementor-type=\"wp-page\" data-elementor-id=\"104132\" class=\"elementor elementor-104132 elementor-103410\" data-elementor-post-type=\"page\">\n\t\t\t\t<div class=\"elementor-element elementor-element-a0d24f8 e-flex e-con-boxed wpr-particle-no wpr-jarallax-no wpr-parallax-no wpr-sticky-section-no e-con e-parent\" data-id=\"a0d24f8\" data-element_type=\"container\">\n\t\t\t\t\t<div class=\"e-con-inner\">\n\t\t<div class=\"elementor-element elementor-element-18a8500 e-flex e-con-boxed wpr-particle-no wpr-jarallax-no wpr-parallax-no wpr-sticky-section-no e-con e-parent\" data-id=\"18a8500\" data-element_type=\"container\">\n\t\t\t\t\t<div class=\"e-con-inner\">\n\t\t\t\t<div class=\"elementor-element elementor-element-1454a15 elementor-widget elementor-widget-heading\" data-id=\"1454a15\" data-element_type=\"widget\" data-widget_type=\"heading.default\">\n\t\t\t\t<div class=\"elementor-widget-container\">\n\t\t\t\t\t<h2 class=\"elementor-heading-title elementor-size-default\">Sz\u00fcks\u00e9ges iratok<\/h2>\t\t\t\t<\/div>\n\t\t\t\t<\/div>\n\t\t<div class=\"elementor-element elementor-element-4b55628 e-con-full e-flex wpr-particle-no wpr-jarallax-no wpr-parallax-no wpr-sticky-section-no e-con e-parent\" data-id=\"4b55628\" data-element_type=\"container\">\n\t\t<a class=\"elementor-element elementor-element-c80b1cb e-con-full e-flex wpr-particle-no wpr-jarallax-no wpr-parallax-no wpr-sticky-section-no e-con e-parent\" data-id=\"c80b1cb\" data-element_type=\"container\" href=\"https:\/\/oradea.ro\/informatii-taxe-si-impozite\/acte-necesare\/persoane-fizice-acte-necesare\/\">\n\t\t\t\t<div class=\"elementor-element elementor-element-c388248 elementor-widget elementor-widget-heading\" data-id=\"c388248\" data-element_type=\"widget\" data-widget_type=\"heading.default\">\n\t\t\t\t<div class=\"elementor-widget-container\">\n\t\t\t\t\t<h2 class=\"elementor-heading-title elementor-size-default\">Sz\u00fcks\u00e9ges iratok - mag\u00e1nszem\u00e9lyek<\/h2>\t\t\t\t<\/div>\n\t\t\t\t<\/div>\n\t\t\t\t<\/a>\n\t\t<a class=\"elementor-element elementor-element-f3eca9f e-con-full e-flex wpr-particle-no wpr-jarallax-no wpr-parallax-no wpr-sticky-section-no e-con e-parent\" data-id=\"f3eca9f\" data-element_type=\"container\" href=\"https:\/\/oradea.ro\/informatii-taxe-si-impozite\/acte-necesare\/persoane-juridice-acte-necesare\/\">\n\t\t\t\t<div class=\"elementor-element elementor-element-66b150a elementor-widget elementor-widget-heading\" data-id=\"66b150a\" data-element_type=\"widget\" data-widget_type=\"heading.default\">\n\t\t\t\t<div class=\"elementor-widget-container\">\n\t\t\t\t\t<h2 class=\"elementor-heading-title elementor-size-default\">Sz\u00fcks\u00e9ges iratok - jogi szem\u00e9lyek<\/h2>\t\t\t\t<\/div>\n\t\t\t\t<\/div>\n\t\t\t\t<\/a>\n\t\t\t\t<\/div>\n\t\t\t\t\t<\/div>\n\t\t\t\t<\/div>\n\t\t\t\t\t<\/div>\n\t\t\t\t<\/div>\n\t\t\t\t<\/div>\n\t\t","protected":false},"excerpt":{"rendered":"<p>Sz\u00fcks\u00e9ges iratok Sz\u00fcks\u00e9ges iratok Sz\u00fcks\u00e9ges iratok Sz\u00fcks\u00e9ges iratok &#8211; mag\u00e1nszem\u00e9lyek Sz\u00fcks\u00e9ges iratok &#8211; jogi szem\u00e9lyek<\/p>\n","protected":false},"author":2,"featured_media":0,"parent":102851,"menu_order":0,"comment_status":"closed","ping_status":"closed","template":"","meta":{"_acf_changed":false,"ep_exclude_from_search":false,"footnotes":""},"class_list":["post-104132","page","type-page","status-publish","hentry"],"acf":[],"yoast_head":"<!-- This site is optimized with the Yoast SEO plugin v26.6 - https:\/\/yoast.com\/wordpress\/plugins\/seo\/ -->\n<title>Sz\u00fcks\u00e9ges iratok - Oradea.ro<\/title>\n<meta name=\"robots\" content=\"index, follow, max-snippet:-1, max-image-preview:large, max-video-preview:-1\" \/>\n<link rel=\"canonical\" href=\"https:\/\/oradea.ro\/informatii-taxe-si-impozite\/acte-necesare\/\" \/>\n<meta property=\"og:locale\" content=\"hu_HU\" \/>\n<meta property=\"og:type\" content=\"article\" \/>\n<meta property=\"og:title\" content=\"Sz\u00fcks\u00e9ges iratok - Oradea.ro\" \/>\n<meta property=\"og:description\" content=\"Sz\u00fcks\u00e9ges iratok Sz\u00fcks\u00e9ges iratok Sz\u00fcks\u00e9ges iratok Sz\u00fcks\u00e9ges iratok &#8211; mag\u00e1nszem\u00e9lyek Sz\u00fcks\u00e9ges iratok &#8211; jogi szem\u00e9lyek\" \/>\n<meta property=\"og:url\" content=\"https:\/\/oradea.ro\/informatii-taxe-si-impozite\/acte-necesare\/\" \/>\n<meta property=\"og:site_name\" content=\"Oradea.ro\" \/>\n<meta property=\"article:modified_time\" content=\"2024-01-09T10:15:19+00:00\" \/>\n<meta name=\"twitter:card\" content=\"summary_large_image\" \/>\n<script type=\"application\/ld+json\" class=\"yoast-schema-graph\">{\"@context\":\"https:\/\/schema.org\",\"@graph\":[{\"@type\":\"WebPage\",\"@id\":\"https:\/\/oradea.ro\/informatii-taxe-si-impozite\/acte-necesare\/\",\"url\":\"https:\/\/oradea.ro\/informatii-taxe-si-impozite\/acte-necesare\/\",\"name\":\"Sz\u00fcks\u00e9ges iratok - Oradea.ro\",\"isPartOf\":{\"@id\":\"https:\/\/oradea.ro\/#website\"},\"datePublished\":\"2023-12-13T13:19:26+00:00\",\"dateModified\":\"2024-01-09T10:15:19+00:00\",\"breadcrumb\":{\"@id\":\"https:\/\/oradea.ro\/informatii-taxe-si-impozite\/acte-necesare\/#breadcrumb\"},\"inLanguage\":\"hu\",\"potentialAction\":[{\"@type\":\"ReadAction\",\"target\":[\"https:\/\/oradea.ro\/informatii-taxe-si-impozite\/acte-necesare\/\"]}]},{\"@type\":\"BreadcrumbList\",\"@id\":\"https:\/\/oradea.ro\/informatii-taxe-si-impozite\/acte-necesare\/#breadcrumb\",\"itemListElement\":[{\"@type\":\"ListItem\",\"position\":1,\"name\":\"\",\"item\":\"https:\/\/oradea.ro\/hu\/\"},{\"@type\":\"ListItem\",\"position\":2,\"name\":\"Ad\u00f3z\u00e1si inform\u00e1ci\u00f3k\",\"item\":\"https:\/\/oradea.ro\/informatii-taxe-si-impozite\/\"},{\"@type\":\"ListItem\",\"position\":3,\"name\":\"Sz\u00fcks\u00e9ges iratok\"}]},{\"@type\":\"WebSite\",\"@id\":\"https:\/\/oradea.ro\/#website\",\"url\":\"https:\/\/oradea.ro\/\",\"name\":\"Oradea.ro\",\"description\":\"Site-ul oficial al Prim\u0103riei Municipiului Oradea\",\"publisher\":{\"@id\":\"https:\/\/oradea.ro\/#organization\"},\"potentialAction\":[{\"@type\":\"SearchAction\",\"target\":{\"@type\":\"EntryPoint\",\"urlTemplate\":\"https:\/\/oradea.ro\/?s={search_term_string}\"},\"query-input\":{\"@type\":\"PropertyValueSpecification\",\"valueRequired\":true,\"valueName\":\"search_term_string\"}}],\"inLanguage\":\"hu\"},{\"@type\":\"Organization\",\"@id\":\"https:\/\/oradea.ro\/#organization\",\"name\":\"Oradea.ro\",\"url\":\"https:\/\/oradea.ro\/\",\"logo\":{\"@type\":\"ImageObject\",\"inLanguage\":\"hu\",\"@id\":\"https:\/\/oradea.ro\/#\/schema\/logo\/image\/\",\"url\":\"https:\/\/oradea.ro\/wp-content\/uploads\/2023\/06\/footer_logo.svg\",\"contentUrl\":\"https:\/\/oradea.ro\/wp-content\/uploads\/2023\/06\/footer_logo.svg\",\"width\":218,\"height\":53,\"caption\":\"Oradea.ro\"},\"image\":{\"@id\":\"https:\/\/oradea.ro\/#\/schema\/logo\/image\/\"}}]}<\/script>\n<!-- \/ Yoast SEO plugin. -->","yoast_head_json":{"title":"Sz\u00fcks\u00e9ges iratok - Oradea.ro","robots":{"index":"index","follow":"follow","max-snippet":"max-snippet:-1","max-image-preview":"max-image-preview:large","max-video-preview":"max-video-preview:-1"},"canonical":"https:\/\/oradea.ro\/informatii-taxe-si-impozite\/acte-necesare\/","og_locale":"hu_HU","og_type":"article","og_title":"Sz\u00fcks\u00e9ges iratok - Oradea.ro","og_description":"Sz\u00fcks\u00e9ges iratok Sz\u00fcks\u00e9ges iratok Sz\u00fcks\u00e9ges iratok Sz\u00fcks\u00e9ges iratok &#8211; mag\u00e1nszem\u00e9lyek Sz\u00fcks\u00e9ges iratok &#8211; jogi szem\u00e9lyek","og_url":"https:\/\/oradea.ro\/informatii-taxe-si-impozite\/acte-necesare\/","og_site_name":"Oradea.ro","article_modified_time":"2024-01-09T10:15:19+00:00","twitter_card":"summary_large_image","schema":{"@context":"https:\/\/schema.org","@graph":[{"@type":"WebPage","@id":"https:\/\/oradea.ro\/informatii-taxe-si-impozite\/acte-necesare\/","url":"https:\/\/oradea.ro\/informatii-taxe-si-impozite\/acte-necesare\/","name":"Sz\u00fcks\u00e9ges iratok - Oradea.ro","isPartOf":{"@id":"https:\/\/oradea.ro\/#website"},"datePublished":"2023-12-13T13:19:26+00:00","dateModified":"2024-01-09T10:15:19+00:00","breadcrumb":{"@id":"https:\/\/oradea.ro\/informatii-taxe-si-impozite\/acte-necesare\/#breadcrumb"},"inLanguage":"hu","potentialAction":[{"@type":"ReadAction","target":["https:\/\/oradea.ro\/informatii-taxe-si-impozite\/acte-necesare\/"]}]},{"@type":"BreadcrumbList","@id":"https:\/\/oradea.ro\/informatii-taxe-si-impozite\/acte-necesare\/#breadcrumb","itemListElement":[{"@type":"ListItem","position":1,"name":"","item":"https:\/\/oradea.ro\/hu\/"},{"@type":"ListItem","position":2,"name":"Ad\u00f3z\u00e1si inform\u00e1ci\u00f3k","item":"https:\/\/oradea.ro\/informatii-taxe-si-impozite\/"},{"@type":"ListItem","position":3,"name":"Sz\u00fcks\u00e9ges iratok"}]},{"@type":"WebSite","@id":"https:\/\/oradea.ro\/#website","url":"https:\/\/oradea.ro\/","name":"Oradea.ro","description":"Site-ul oficial al Prim\u0103riei Municipiului Oradea","publisher":{"@id":"https:\/\/oradea.ro\/#organization"},"potentialAction":[{"@type":"SearchAction","target":{"@type":"EntryPoint","urlTemplate":"https:\/\/oradea.ro\/?s={search_term_string}"},"query-input":{"@type":"PropertyValueSpecification","valueRequired":true,"valueName":"search_term_string"}}],"inLanguage":"hu"},{"@type":"Organization","@id":"https:\/\/oradea.ro\/#organization","name":"Oradea.ro","url":"https:\/\/oradea.ro\/","logo":{"@type":"ImageObject","inLanguage":"hu","@id":"https:\/\/oradea.ro\/#\/schema\/logo\/image\/","url":"https:\/\/oradea.ro\/wp-content\/uploads\/2023\/06\/footer_logo.svg","contentUrl":"https:\/\/oradea.ro\/wp-content\/uploads\/2023\/06\/footer_logo.svg","width":218,"height":53,"caption":"Oradea.ro"},"image":{"@id":"https:\/\/oradea.ro\/#\/schema\/logo\/image\/"}}]}},"publishpress_future_action":{"enabled":false,"date":"2026-04-15 22:37:16","action":"change-status","newStatus":"draft","terms":[],"taxonomy":"translation_priority","extraData":[]},"publishpress_future_workflow_manual_trigger":{"enabledWorkflows":[]},"_links":{"self":[{"href":"https:\/\/oradea.ro\/hu\/wp-json\/wp\/v2\/pages\/104132","targetHints":{"allow":["GET"]}}],"collection":[{"href":"https:\/\/oradea.ro\/hu\/wp-json\/wp\/v2\/pages"}],"about":[{"href":"https:\/\/oradea.ro\/hu\/wp-json\/wp\/v2\/types\/page"}],"author":[{"embeddable":true,"href":"https:\/\/oradea.ro\/hu\/wp-json\/wp\/v2\/users\/2"}],"replies":[{"embeddable":true,"href":"https:\/\/oradea.ro\/hu\/wp-json\/wp\/v2\/comments?post=104132"}],"version-history":[{"count":1,"href":"https:\/\/oradea.ro\/hu\/wp-json\/wp\/v2\/pages\/104132\/revisions"}],"predecessor-version":[{"id":104134,"href":"https:\/\/oradea.ro\/hu\/wp-json\/wp\/v2\/pages\/104132\/revisions\/104134"}],"up":[{"embeddable":true,"href":"https:\/\/oradea.ro\/hu\/wp-json\/wp\/v2\/pages\/102851"}],"wp:attachment":[{"href":"https:\/\/oradea.ro\/hu\/wp-json\/wp\/v2\/media?parent=104132"}],"curies":[{"name":"wp","href":"https:\/\/api.w.org\/{rel}","templated":true}]}}