{"id":104137,"date":"2023-10-28T13:14:17","date_gmt":"2023-10-28T13:14:17","guid":{"rendered":"https:\/\/oradea.ro\/adozasi-informaciok\/kozlemenyek-kozigazgatasi-iratok-kozlese\/vegrehajtas\/"},"modified":"2024-01-09T10:21:27","modified_gmt":"2024-01-09T10:21:27","slug":"vegrehajtas","status":"publish","type":"page","link":"https:\/\/oradea.ro\/hu\/adozasi-informaciok\/kozlemenyek-kozigazgatasi-iratok-kozlese\/vegrehajtas\/","title":{"rendered":"V\u00e9grehajt\u00e1s"},"content":{"rendered":"<div class=\"min-w-[100vw] h-[350px] md:h-[500px] ml-[calc(50%-50vw)] flex items-end bg-no-repeat bg-white bg-cover bg-center px-5\" style=\"background-image: url(https:\/\/oradea.ro\/wp-content\/uploads\/2023\/09\/hero_slide_2.webp);\">\r\n                    <div class=\"w-full max-w-7xl mx-auto mb-6\">\r\n                        <h1 class=\"my-0 text-white font-extrabold font-open-sans text-3xl md:text-6xl [text-shadow:_0_1px_4px_rgb(0_0_0_\/_50%)]\">V\u00e9grehajt\u00e1s<\/h1>\r\n                    <\/div>\r\n                <\/div><div class=\"!px-5\"><div class=\"breadcrumbs w-full max-w-7xl mx-auto grid md:flex flex-wrap items-center py-4 test\"><div><a href=\"https:\/\/oradea.ro\/hu\/\"><span class=\"fas fa-home text-[#ABAEB3]\"><\/span><\/a><span class=\"md:hidden\"><span class=\"fas fa-chevron-down mx-5 text-xs text-[#ABAEB3] hover:text-black\/50 transition-all\"><\/span><\/span><span class=\"hidden md:inline\"><span class=\"fas fa-chevron-right mx-5 text-xs text-[#ABAEB3] hover:text-black\/50 transition-all\"><\/span><\/span><\/div><span class=\"font-poppins font-semibold uppercase text-black\/60\">V\u00e9grehajt\u00e1s<\/span><\/div><\/div>\t\t<div data-elementor-type=\"wp-page\" data-elementor-id=\"104137\" class=\"elementor elementor-104137 elementor-21955\" data-elementor-post-type=\"page\">\n\t\t\t\t<div class=\"elementor-element elementor-element-db614e3 e-flex e-con-boxed wpr-particle-no wpr-jarallax-no wpr-parallax-no wpr-sticky-section-no e-con e-parent\" data-id=\"db614e3\" data-element_type=\"container\">\n\t\t\t\t\t<div class=\"e-con-inner\">\n\t\t<div class=\"elementor-element elementor-element-7e42554 e-flex e-con-boxed wpr-particle-no wpr-jarallax-no wpr-parallax-no wpr-sticky-section-no e-con e-parent\" data-id=\"7e42554\" data-element_type=\"container\">\n\t\t\t\t\t<div class=\"e-con-inner\">\n\t\t<div class=\"elementor-element elementor-element-b4d779a e-con-full e-flex wpr-particle-no wpr-jarallax-no wpr-parallax-no wpr-sticky-section-no e-con e-parent\" data-id=\"b4d779a\" data-element_type=\"container\">\n\t\t<a class=\"elementor-element elementor-element-2cb6b90 e-con-full e-flex wpr-particle-no wpr-jarallax-no wpr-parallax-no wpr-sticky-section-no e-con e-parent\" data-id=\"2cb6b90\" data-element_type=\"container\" href=\"https:\/\/oradea.ro\/pentru-firme\/servicii-online\/taxe-si-impozite\/anunturi-comunicarea-actelor-administrative\/executare-silita\/executare-silita-persoane-fizice\/\">\n\t\t\t\t<div class=\"elementor-element elementor-element-13f1f51 elementor-widget elementor-widget-heading\" data-id=\"13f1f51\" data-element_type=\"widget\" data-widget_type=\"heading.default\">\n\t\t\t\t<div class=\"elementor-widget-container\">\n\t\t\t\t\t<h2 class=\"elementor-heading-title elementor-size-default\">V\u00e9grehajt\u00e1si elj\u00e1r\u00e1s- mag\u00e1nszem\u00e9lyek<\/h2>\t\t\t\t<\/div>\n\t\t\t\t<\/div>\n\t\t\t\t<\/a>\n\t\t<a class=\"elementor-element elementor-element-a8b62f2 e-con-full e-flex wpr-particle-no wpr-jarallax-no wpr-parallax-no wpr-sticky-section-no e-con e-parent\" data-id=\"a8b62f2\" data-element_type=\"container\" href=\"https:\/\/oradea.ro\/pentru-firme\/servicii-online\/taxe-si-impozite\/anunturi-comunicarea-actelor-administrative\/executare-silita\/executare-silita-persoane-juridice\/\">\n\t\t\t\t<div class=\"elementor-element elementor-element-39d8eb0 elementor-widget elementor-widget-heading\" data-id=\"39d8eb0\" data-element_type=\"widget\" data-widget_type=\"heading.default\">\n\t\t\t\t<div class=\"elementor-widget-container\">\n\t\t\t\t\t<h2 class=\"elementor-heading-title elementor-size-default\">V\u00e9grehajt\u00e1s - jogi szem\u00e9lyek<\/h2>\t\t\t\t<\/div>\n\t\t\t\t<\/div>\n\t\t\t\t<\/a>\n\t\t<a class=\"elementor-element elementor-element-06a5252 e-con-full e-flex wpr-particle-no wpr-jarallax-no wpr-parallax-no wpr-sticky-section-no e-con e-parent\" data-id=\"06a5252\" data-element_type=\"container\" href=\"https:\/\/oradea.ro\/pentru-firme\/servicii-online\/taxe-si-impozite\/anunturi-comunicarea-actelor-administrative\/executare-silita\/executare-silita-venituri-nefiscale\/\">\n\t\t\t\t<div class=\"elementor-element elementor-element-9e45554 elementor-widget elementor-widget-heading\" data-id=\"9e45554\" data-element_type=\"widget\" data-widget_type=\"heading.default\">\n\t\t\t\t<div class=\"elementor-widget-container\">\n\t\t\t\t\t<h2 class=\"elementor-heading-title elementor-size-default\">V\u00e9grehajt\u00e1s - nem ad\u00f3bev\u00e9telek<\/h2>\t\t\t\t<\/div>\n\t\t\t\t<\/div>\n\t\t\t\t<\/a>\n\t\t\t\t<\/div>\n\t\t\t\t\t<\/div>\n\t\t\t\t<\/div>\n\t\t\t\t\t<\/div>\n\t\t\t\t<\/div>\n\t\t\t\t<\/div>\n\t\t","protected":false},"excerpt":{"rendered":"<p>V\u00e9grehajt\u00e1s V\u00e9grehajt\u00e1s V\u00e9grehajt\u00e1si elj\u00e1r\u00e1s- mag\u00e1nszem\u00e9lyek V\u00e9grehajt\u00e1s &#8211; jogi szem\u00e9lyek V\u00e9grehajt\u00e1s &#8211; nem ad\u00f3bev\u00e9telek<\/p>\n","protected":false},"author":2,"featured_media":17036,"parent":104128,"menu_order":0,"comment_status":"closed","ping_status":"closed","template":"","meta":{"_acf_changed":false,"ep_exclude_from_search":false,"footnotes":""},"class_list":["post-104137","page","type-page","status-publish","has-post-thumbnail","hentry"],"acf":[],"yoast_head":"<!-- This site is optimized with the Yoast SEO plugin v26.6 - https:\/\/yoast.com\/wordpress\/plugins\/seo\/ -->\n<title>V\u00e9grehajt\u00e1s - Oradea.ro<\/title>\n<meta name=\"robots\" content=\"index, follow, max-snippet:-1, max-image-preview:large, max-video-preview:-1\" \/>\n<link rel=\"canonical\" href=\"https:\/\/oradea.ro\/informatii-taxe-si-impozite\/anunturi-comunicarea-actelor-administrative\/executare-silita\/\" \/>\n<meta property=\"og:locale\" content=\"hu_HU\" \/>\n<meta property=\"og:type\" content=\"article\" \/>\n<meta property=\"og:title\" content=\"V\u00e9grehajt\u00e1s - Oradea.ro\" \/>\n<meta property=\"og:description\" content=\"V\u00e9grehajt\u00e1s V\u00e9grehajt\u00e1s V\u00e9grehajt\u00e1si elj\u00e1r\u00e1s- mag\u00e1nszem\u00e9lyek V\u00e9grehajt\u00e1s &#8211; jogi szem\u00e9lyek V\u00e9grehajt\u00e1s &#8211; nem ad\u00f3bev\u00e9telek\" \/>\n<meta property=\"og:url\" content=\"https:\/\/oradea.ro\/informatii-taxe-si-impozite\/anunturi-comunicarea-actelor-administrative\/executare-silita\/\" \/>\n<meta property=\"og:site_name\" content=\"Oradea.ro\" \/>\n<meta property=\"article:modified_time\" content=\"2024-01-09T10:21:27+00:00\" \/>\n<meta property=\"og:image\" content=\"https:\/\/oradea.ro\/wp-content\/uploads\/2023\/09\/hero_slide_2.webp\" \/>\n\t<meta property=\"og:image:width\" content=\"1920\" \/>\n\t<meta property=\"og:image:height\" content=\"1000\" \/>\n\t<meta property=\"og:image:type\" content=\"image\/webp\" \/>\n<meta name=\"twitter:card\" content=\"summary_large_image\" \/>\n<script type=\"application\/ld+json\" class=\"yoast-schema-graph\">{\"@context\":\"https:\/\/schema.org\",\"@graph\":[{\"@type\":\"WebPage\",\"@id\":\"https:\/\/oradea.ro\/informatii-taxe-si-impozite\/anunturi-comunicarea-actelor-administrative\/executare-silita\/\",\"url\":\"https:\/\/oradea.ro\/informatii-taxe-si-impozite\/anunturi-comunicarea-actelor-administrative\/executare-silita\/\",\"name\":\"V\u00e9grehajt\u00e1s - Oradea.ro\",\"isPartOf\":{\"@id\":\"https:\/\/oradea.ro\/#website\"},\"primaryImageOfPage\":{\"@id\":\"https:\/\/oradea.ro\/informatii-taxe-si-impozite\/anunturi-comunicarea-actelor-administrative\/executare-silita\/#primaryimage\"},\"image\":{\"@id\":\"https:\/\/oradea.ro\/informatii-taxe-si-impozite\/anunturi-comunicarea-actelor-administrative\/executare-silita\/#primaryimage\"},\"thumbnailUrl\":\"https:\/\/oradea.ro\/wp-content\/uploads\/2023\/09\/hero_slide_2.webp\",\"datePublished\":\"2023-10-28T13:14:17+00:00\",\"dateModified\":\"2024-01-09T10:21:27+00:00\",\"breadcrumb\":{\"@id\":\"https:\/\/oradea.ro\/informatii-taxe-si-impozite\/anunturi-comunicarea-actelor-administrative\/executare-silita\/#breadcrumb\"},\"inLanguage\":\"hu\",\"potentialAction\":[{\"@type\":\"ReadAction\",\"target\":[\"https:\/\/oradea.ro\/informatii-taxe-si-impozite\/anunturi-comunicarea-actelor-administrative\/executare-silita\/\"]}]},{\"@type\":\"ImageObject\",\"inLanguage\":\"hu\",\"@id\":\"https:\/\/oradea.ro\/informatii-taxe-si-impozite\/anunturi-comunicarea-actelor-administrative\/executare-silita\/#primaryimage\",\"url\":\"https:\/\/oradea.ro\/wp-content\/uploads\/2023\/09\/hero_slide_2.webp\",\"contentUrl\":\"https:\/\/oradea.ro\/wp-content\/uploads\/2023\/09\/hero_slide_2.webp\",\"width\":1920,\"height\":1000},{\"@type\":\"BreadcrumbList\",\"@id\":\"https:\/\/oradea.ro\/informatii-taxe-si-impozite\/anunturi-comunicarea-actelor-administrative\/executare-silita\/#breadcrumb\",\"itemListElement\":[{\"@type\":\"ListItem\",\"position\":1,\"name\":\"\",\"item\":\"https:\/\/oradea.ro\/hu\/\"},{\"@type\":\"ListItem\",\"position\":2,\"name\":\"Ad\u00f3z\u00e1si inform\u00e1ci\u00f3k\",\"item\":\"https:\/\/oradea.ro\/informatii-taxe-si-impozite\/\"},{\"@type\":\"ListItem\",\"position\":3,\"name\":\"K\u00f6zlem\u00e9nyek &#8211; K\u00f6zigazgat\u00e1si iratok k\u00f6zl\u00e9se\",\"item\":\"https:\/\/oradea.ro\/informatii-taxe-si-impozite\/anunturi-comunicarea-actelor-administrative\/\"},{\"@type\":\"ListItem\",\"position\":4,\"name\":\"V\u00e9grehajt\u00e1s\"}]},{\"@type\":\"WebSite\",\"@id\":\"https:\/\/oradea.ro\/#website\",\"url\":\"https:\/\/oradea.ro\/\",\"name\":\"Oradea.ro\",\"description\":\"Site-ul oficial al Prim\u0103riei Municipiului Oradea\",\"publisher\":{\"@id\":\"https:\/\/oradea.ro\/#organization\"},\"potentialAction\":[{\"@type\":\"SearchAction\",\"target\":{\"@type\":\"EntryPoint\",\"urlTemplate\":\"https:\/\/oradea.ro\/?s={search_term_string}\"},\"query-input\":{\"@type\":\"PropertyValueSpecification\",\"valueRequired\":true,\"valueName\":\"search_term_string\"}}],\"inLanguage\":\"hu\"},{\"@type\":\"Organization\",\"@id\":\"https:\/\/oradea.ro\/#organization\",\"name\":\"Oradea.ro\",\"url\":\"https:\/\/oradea.ro\/\",\"logo\":{\"@type\":\"ImageObject\",\"inLanguage\":\"hu\",\"@id\":\"https:\/\/oradea.ro\/#\/schema\/logo\/image\/\",\"url\":\"https:\/\/oradea.ro\/wp-content\/uploads\/2023\/06\/footer_logo.svg\",\"contentUrl\":\"https:\/\/oradea.ro\/wp-content\/uploads\/2023\/06\/footer_logo.svg\",\"width\":218,\"height\":53,\"caption\":\"Oradea.ro\"},\"image\":{\"@id\":\"https:\/\/oradea.ro\/#\/schema\/logo\/image\/\"}}]}<\/script>\n<!-- \/ Yoast SEO plugin. -->","yoast_head_json":{"title":"V\u00e9grehajt\u00e1s - Oradea.ro","robots":{"index":"index","follow":"follow","max-snippet":"max-snippet:-1","max-image-preview":"max-image-preview:large","max-video-preview":"max-video-preview:-1"},"canonical":"https:\/\/oradea.ro\/informatii-taxe-si-impozite\/anunturi-comunicarea-actelor-administrative\/executare-silita\/","og_locale":"hu_HU","og_type":"article","og_title":"V\u00e9grehajt\u00e1s - Oradea.ro","og_description":"V\u00e9grehajt\u00e1s V\u00e9grehajt\u00e1s V\u00e9grehajt\u00e1si elj\u00e1r\u00e1s- mag\u00e1nszem\u00e9lyek V\u00e9grehajt\u00e1s &#8211; jogi szem\u00e9lyek V\u00e9grehajt\u00e1s &#8211; nem ad\u00f3bev\u00e9telek","og_url":"https:\/\/oradea.ro\/informatii-taxe-si-impozite\/anunturi-comunicarea-actelor-administrative\/executare-silita\/","og_site_name":"Oradea.ro","article_modified_time":"2024-01-09T10:21:27+00:00","og_image":[{"width":1920,"height":1000,"url":"https:\/\/oradea.ro\/wp-content\/uploads\/2023\/09\/hero_slide_2.webp","type":"image\/webp"}],"twitter_card":"summary_large_image","schema":{"@context":"https:\/\/schema.org","@graph":[{"@type":"WebPage","@id":"https:\/\/oradea.ro\/informatii-taxe-si-impozite\/anunturi-comunicarea-actelor-administrative\/executare-silita\/","url":"https:\/\/oradea.ro\/informatii-taxe-si-impozite\/anunturi-comunicarea-actelor-administrative\/executare-silita\/","name":"V\u00e9grehajt\u00e1s - Oradea.ro","isPartOf":{"@id":"https:\/\/oradea.ro\/#website"},"primaryImageOfPage":{"@id":"https:\/\/oradea.ro\/informatii-taxe-si-impozite\/anunturi-comunicarea-actelor-administrative\/executare-silita\/#primaryimage"},"image":{"@id":"https:\/\/oradea.ro\/informatii-taxe-si-impozite\/anunturi-comunicarea-actelor-administrative\/executare-silita\/#primaryimage"},"thumbnailUrl":"https:\/\/oradea.ro\/wp-content\/uploads\/2023\/09\/hero_slide_2.webp","datePublished":"2023-10-28T13:14:17+00:00","dateModified":"2024-01-09T10:21:27+00:00","breadcrumb":{"@id":"https:\/\/oradea.ro\/informatii-taxe-si-impozite\/anunturi-comunicarea-actelor-administrative\/executare-silita\/#breadcrumb"},"inLanguage":"hu","potentialAction":[{"@type":"ReadAction","target":["https:\/\/oradea.ro\/informatii-taxe-si-impozite\/anunturi-comunicarea-actelor-administrative\/executare-silita\/"]}]},{"@type":"ImageObject","inLanguage":"hu","@id":"https:\/\/oradea.ro\/informatii-taxe-si-impozite\/anunturi-comunicarea-actelor-administrative\/executare-silita\/#primaryimage","url":"https:\/\/oradea.ro\/wp-content\/uploads\/2023\/09\/hero_slide_2.webp","contentUrl":"https:\/\/oradea.ro\/wp-content\/uploads\/2023\/09\/hero_slide_2.webp","width":1920,"height":1000},{"@type":"BreadcrumbList","@id":"https:\/\/oradea.ro\/informatii-taxe-si-impozite\/anunturi-comunicarea-actelor-administrative\/executare-silita\/#breadcrumb","itemListElement":[{"@type":"ListItem","position":1,"name":"","item":"https:\/\/oradea.ro\/hu\/"},{"@type":"ListItem","position":2,"name":"Ad\u00f3z\u00e1si inform\u00e1ci\u00f3k","item":"https:\/\/oradea.ro\/informatii-taxe-si-impozite\/"},{"@type":"ListItem","position":3,"name":"K\u00f6zlem\u00e9nyek &#8211; K\u00f6zigazgat\u00e1si iratok k\u00f6zl\u00e9se","item":"https:\/\/oradea.ro\/informatii-taxe-si-impozite\/anunturi-comunicarea-actelor-administrative\/"},{"@type":"ListItem","position":4,"name":"V\u00e9grehajt\u00e1s"}]},{"@type":"WebSite","@id":"https:\/\/oradea.ro\/#website","url":"https:\/\/oradea.ro\/","name":"Oradea.ro","description":"Site-ul oficial al Prim\u0103riei Municipiului Oradea","publisher":{"@id":"https:\/\/oradea.ro\/#organization"},"potentialAction":[{"@type":"SearchAction","target":{"@type":"EntryPoint","urlTemplate":"https:\/\/oradea.ro\/?s={search_term_string}"},"query-input":{"@type":"PropertyValueSpecification","valueRequired":true,"valueName":"search_term_string"}}],"inLanguage":"hu"},{"@type":"Organization","@id":"https:\/\/oradea.ro\/#organization","name":"Oradea.ro","url":"https:\/\/oradea.ro\/","logo":{"@type":"ImageObject","inLanguage":"hu","@id":"https:\/\/oradea.ro\/#\/schema\/logo\/image\/","url":"https:\/\/oradea.ro\/wp-content\/uploads\/2023\/06\/footer_logo.svg","contentUrl":"https:\/\/oradea.ro\/wp-content\/uploads\/2023\/06\/footer_logo.svg","width":218,"height":53,"caption":"Oradea.ro"},"image":{"@id":"https:\/\/oradea.ro\/#\/schema\/logo\/image\/"}}]}},"publishpress_future_action":{"enabled":false,"date":"2026-04-14 21:14:06","action":"change-status","newStatus":"draft","terms":[],"taxonomy":"translation_priority","extraData":[]},"publishpress_future_workflow_manual_trigger":{"enabledWorkflows":[]},"_links":{"self":[{"href":"https:\/\/oradea.ro\/hu\/wp-json\/wp\/v2\/pages\/104137","targetHints":{"allow":["GET"]}}],"collection":[{"href":"https:\/\/oradea.ro\/hu\/wp-json\/wp\/v2\/pages"}],"about":[{"href":"https:\/\/oradea.ro\/hu\/wp-json\/wp\/v2\/types\/page"}],"author":[{"embeddable":true,"href":"https:\/\/oradea.ro\/hu\/wp-json\/wp\/v2\/users\/2"}],"replies":[{"embeddable":true,"href":"https:\/\/oradea.ro\/hu\/wp-json\/wp\/v2\/comments?post=104137"}],"version-history":[{"count":1,"href":"https:\/\/oradea.ro\/hu\/wp-json\/wp\/v2\/pages\/104137\/revisions"}],"predecessor-version":[{"id":104138,"href":"https:\/\/oradea.ro\/hu\/wp-json\/wp\/v2\/pages\/104137\/revisions\/104138"}],"up":[{"embeddable":true,"href":"https:\/\/oradea.ro\/hu\/wp-json\/wp\/v2\/pages\/104128"}],"wp:featuredmedia":[{"embeddable":true,"href":"https:\/\/oradea.ro\/hu\/wp-json\/wp\/v2\/media\/17036"}],"wp:attachment":[{"href":"https:\/\/oradea.ro\/hu\/wp-json\/wp\/v2\/media?parent=104137"}],"curies":[{"name":"wp","href":"https:\/\/api.w.org\/{rel}","templated":true}]}}