{"id":183770,"date":"2023-11-30T08:12:41","date_gmt":"2023-11-30T06:12:41","guid":{"rendered":"https:\/\/oradea.ro\/ingatlankezelo-kozbeszerzesek\/"},"modified":"2024-01-25T07:25:07","modified_gmt":"2024-01-25T07:25:07","slug":"ingatlankezelo-kozbeszerzesek","status":"publish","type":"page","link":"https:\/\/oradea.ro\/hu\/nagyvaradi-varoshaza\/kozbeszerzesek\/ingatlankezelo-kozbeszerzesek\/","title":{"rendered":"Ingatlankezel\u0151 &#8211; K\u00f6zbeszerz\u00e9sek"},"content":{"rendered":"<div class=\"min-w-[100vw] h-[350px] md:h-[500px] ml-[calc(50%-50vw)] flex items-end bg-no-repeat bg-white bg-cover bg-center px-5\" style=\"background-image: url(https:\/\/oradea.ro\/wp-content\/uploads\/2023\/10\/home_hero_slide_2-scaled.webp);\">\r\n                    <div class=\"w-full max-w-7xl mx-auto mb-6\">\r\n                        <h1 class=\"my-0 text-white font-extrabold font-open-sans text-3xl md:text-6xl [text-shadow:_0_1px_4px_rgb(0_0_0_\/_50%)]\">Ingatlankezel\u0151 &#8211; K\u00f6zbeszerz\u00e9sek<\/h1>\r\n                    <\/div>\r\n                <\/div><div class=\"!px-5\"><div class=\"breadcrumbs w-full max-w-7xl mx-auto grid md:flex flex-wrap items-center py-4 test\"><div><a href=\"https:\/\/oradea.ro\/hu\/\"><span class=\"fas fa-home text-[#ABAEB3]\"><\/span><\/a><span class=\"md:hidden\"><span class=\"fas fa-chevron-down mx-5 text-xs text-[#ABAEB3] hover:text-black\/50 transition-all\"><\/span><\/span><span class=\"hidden md:inline\"><span class=\"fas fa-chevron-right mx-5 text-xs text-[#ABAEB3] hover:text-black\/50 transition-all\"><\/span><\/span><\/div><span class=\"font-poppins font-semibold uppercase text-black\/60\">Ingatlankezel\u0151 &#8211; K\u00f6zbeszerz\u00e9sek<\/span><\/div><\/div>\n<p><\/p>\n\n\n\n<p><\/p>\n","protected":false},"excerpt":{"rendered":"<p>Ingatlankezel\u0151 &#8211; K\u00f6zbeszerz\u00e9sek Ingatlankezel\u0151 &#8211; K\u00f6zbeszerz\u00e9sek<\/p>\n","protected":false},"author":2,"featured_media":0,"parent":191158,"menu_order":0,"comment_status":"closed","ping_status":"closed","template":"","meta":{"_acf_changed":false,"ep_exclude_from_search":false,"footnotes":""},"class_list":["post-183770","page","type-page","status-publish","hentry"],"acf":[],"yoast_head":"<!-- This site is optimized with the Yoast SEO plugin v26.6 - https:\/\/yoast.com\/wordpress\/plugins\/seo\/ -->\n<title>Ingatlankezel\u0151 - K\u00f6zbeszerz\u00e9sek - Oradea.ro<\/title>\n<meta name=\"robots\" content=\"index, follow, max-snippet:-1, max-image-preview:large, max-video-preview:-1\" \/>\n<link rel=\"canonical\" href=\"https:\/\/oradea.ro\/primaria-oradea\/achizitii\/licitatii-directia-patrimoniu\/\" \/>\n<meta property=\"og:locale\" content=\"hu_HU\" \/>\n<meta property=\"og:type\" content=\"article\" \/>\n<meta property=\"og:title\" content=\"Ingatlankezel\u0151 - K\u00f6zbeszerz\u00e9sek - Oradea.ro\" \/>\n<meta property=\"og:description\" content=\"Ingatlankezel\u0151 &#8211; K\u00f6zbeszerz\u00e9sek Ingatlankezel\u0151 &#8211; K\u00f6zbeszerz\u00e9sek\" \/>\n<meta property=\"og:url\" content=\"https:\/\/oradea.ro\/primaria-oradea\/achizitii\/licitatii-directia-patrimoniu\/\" \/>\n<meta property=\"og:site_name\" content=\"Oradea.ro\" \/>\n<meta property=\"article:modified_time\" content=\"2024-01-25T07:25:07+00:00\" \/>\n<meta name=\"twitter:card\" content=\"summary_large_image\" \/>\n<script type=\"application\/ld+json\" class=\"yoast-schema-graph\">{\"@context\":\"https:\/\/schema.org\",\"@graph\":[{\"@type\":\"WebPage\",\"@id\":\"https:\/\/oradea.ro\/primaria-oradea\/achizitii\/licitatii-directia-patrimoniu\/\",\"url\":\"https:\/\/oradea.ro\/primaria-oradea\/achizitii\/licitatii-directia-patrimoniu\/\",\"name\":\"Ingatlankezel\u0151 - K\u00f6zbeszerz\u00e9sek - Oradea.ro\",\"isPartOf\":{\"@id\":\"https:\/\/oradea.ro\/#website\"},\"datePublished\":\"2023-11-30T06:12:41+00:00\",\"dateModified\":\"2024-01-25T07:25:07+00:00\",\"breadcrumb\":{\"@id\":\"https:\/\/oradea.ro\/primaria-oradea\/achizitii\/licitatii-directia-patrimoniu\/#breadcrumb\"},\"inLanguage\":\"hu\",\"potentialAction\":[{\"@type\":\"ReadAction\",\"target\":[\"https:\/\/oradea.ro\/primaria-oradea\/achizitii\/licitatii-directia-patrimoniu\/\"]}]},{\"@type\":\"BreadcrumbList\",\"@id\":\"https:\/\/oradea.ro\/primaria-oradea\/achizitii\/licitatii-directia-patrimoniu\/#breadcrumb\",\"itemListElement\":[{\"@type\":\"ListItem\",\"position\":1,\"name\":\"\",\"item\":\"https:\/\/oradea.ro\/hu\/\"},{\"@type\":\"ListItem\",\"position\":2,\"name\":\"Nagyv\u00e1radi V\u00e1rosh\u00e1za\",\"item\":\"https:\/\/oradea.ro\/hu\/nagyvaradi-varoshaza\/\"},{\"@type\":\"ListItem\",\"position\":3,\"name\":\"K\u00f6zbeszerz\u00e9sek\",\"item\":\"https:\/\/oradea.ro\/hu\/nagyvaradi-varoshaza\/kozbeszerzesek\/\"},{\"@type\":\"ListItem\",\"position\":4,\"name\":\"Ingatlankezel\u0151 &#8211; K\u00f6zbeszerz\u00e9sek\"}]},{\"@type\":\"WebSite\",\"@id\":\"https:\/\/oradea.ro\/#website\",\"url\":\"https:\/\/oradea.ro\/\",\"name\":\"Oradea.ro\",\"description\":\"Site-ul oficial al Prim\u0103riei Municipiului Oradea\",\"publisher\":{\"@id\":\"https:\/\/oradea.ro\/#organization\"},\"potentialAction\":[{\"@type\":\"SearchAction\",\"target\":{\"@type\":\"EntryPoint\",\"urlTemplate\":\"https:\/\/oradea.ro\/?s={search_term_string}\"},\"query-input\":{\"@type\":\"PropertyValueSpecification\",\"valueRequired\":true,\"valueName\":\"search_term_string\"}}],\"inLanguage\":\"hu\"},{\"@type\":\"Organization\",\"@id\":\"https:\/\/oradea.ro\/#organization\",\"name\":\"Oradea.ro\",\"url\":\"https:\/\/oradea.ro\/\",\"logo\":{\"@type\":\"ImageObject\",\"inLanguage\":\"hu\",\"@id\":\"https:\/\/oradea.ro\/#\/schema\/logo\/image\/\",\"url\":\"https:\/\/oradea.ro\/wp-content\/uploads\/2023\/06\/footer_logo.svg\",\"contentUrl\":\"https:\/\/oradea.ro\/wp-content\/uploads\/2023\/06\/footer_logo.svg\",\"width\":218,\"height\":53,\"caption\":\"Oradea.ro\"},\"image\":{\"@id\":\"https:\/\/oradea.ro\/#\/schema\/logo\/image\/\"}}]}<\/script>\n<!-- \/ Yoast SEO plugin. -->","yoast_head_json":{"title":"Ingatlankezel\u0151 - K\u00f6zbeszerz\u00e9sek - Oradea.ro","robots":{"index":"index","follow":"follow","max-snippet":"max-snippet:-1","max-image-preview":"max-image-preview:large","max-video-preview":"max-video-preview:-1"},"canonical":"https:\/\/oradea.ro\/primaria-oradea\/achizitii\/licitatii-directia-patrimoniu\/","og_locale":"hu_HU","og_type":"article","og_title":"Ingatlankezel\u0151 - K\u00f6zbeszerz\u00e9sek - Oradea.ro","og_description":"Ingatlankezel\u0151 &#8211; K\u00f6zbeszerz\u00e9sek Ingatlankezel\u0151 &#8211; K\u00f6zbeszerz\u00e9sek","og_url":"https:\/\/oradea.ro\/primaria-oradea\/achizitii\/licitatii-directia-patrimoniu\/","og_site_name":"Oradea.ro","article_modified_time":"2024-01-25T07:25:07+00:00","twitter_card":"summary_large_image","schema":{"@context":"https:\/\/schema.org","@graph":[{"@type":"WebPage","@id":"https:\/\/oradea.ro\/primaria-oradea\/achizitii\/licitatii-directia-patrimoniu\/","url":"https:\/\/oradea.ro\/primaria-oradea\/achizitii\/licitatii-directia-patrimoniu\/","name":"Ingatlankezel\u0151 - K\u00f6zbeszerz\u00e9sek - Oradea.ro","isPartOf":{"@id":"https:\/\/oradea.ro\/#website"},"datePublished":"2023-11-30T06:12:41+00:00","dateModified":"2024-01-25T07:25:07+00:00","breadcrumb":{"@id":"https:\/\/oradea.ro\/primaria-oradea\/achizitii\/licitatii-directia-patrimoniu\/#breadcrumb"},"inLanguage":"hu","potentialAction":[{"@type":"ReadAction","target":["https:\/\/oradea.ro\/primaria-oradea\/achizitii\/licitatii-directia-patrimoniu\/"]}]},{"@type":"BreadcrumbList","@id":"https:\/\/oradea.ro\/primaria-oradea\/achizitii\/licitatii-directia-patrimoniu\/#breadcrumb","itemListElement":[{"@type":"ListItem","position":1,"name":"","item":"https:\/\/oradea.ro\/hu\/"},{"@type":"ListItem","position":2,"name":"Nagyv\u00e1radi V\u00e1rosh\u00e1za","item":"https:\/\/oradea.ro\/hu\/nagyvaradi-varoshaza\/"},{"@type":"ListItem","position":3,"name":"K\u00f6zbeszerz\u00e9sek","item":"https:\/\/oradea.ro\/hu\/nagyvaradi-varoshaza\/kozbeszerzesek\/"},{"@type":"ListItem","position":4,"name":"Ingatlankezel\u0151 &#8211; K\u00f6zbeszerz\u00e9sek"}]},{"@type":"WebSite","@id":"https:\/\/oradea.ro\/#website","url":"https:\/\/oradea.ro\/","name":"Oradea.ro","description":"Site-ul oficial al Prim\u0103riei Municipiului Oradea","publisher":{"@id":"https:\/\/oradea.ro\/#organization"},"potentialAction":[{"@type":"SearchAction","target":{"@type":"EntryPoint","urlTemplate":"https:\/\/oradea.ro\/?s={search_term_string}"},"query-input":{"@type":"PropertyValueSpecification","valueRequired":true,"valueName":"search_term_string"}}],"inLanguage":"hu"},{"@type":"Organization","@id":"https:\/\/oradea.ro\/#organization","name":"Oradea.ro","url":"https:\/\/oradea.ro\/","logo":{"@type":"ImageObject","inLanguage":"hu","@id":"https:\/\/oradea.ro\/#\/schema\/logo\/image\/","url":"https:\/\/oradea.ro\/wp-content\/uploads\/2023\/06\/footer_logo.svg","contentUrl":"https:\/\/oradea.ro\/wp-content\/uploads\/2023\/06\/footer_logo.svg","width":218,"height":53,"caption":"Oradea.ro"},"image":{"@id":"https:\/\/oradea.ro\/#\/schema\/logo\/image\/"}}]}},"publishpress_future_action":{"enabled":false,"date":"2026-04-11 03:39:57","action":"change-status","newStatus":"draft","terms":[],"taxonomy":"translation_priority","extraData":[]},"publishpress_future_workflow_manual_trigger":{"enabledWorkflows":[]},"_links":{"self":[{"href":"https:\/\/oradea.ro\/hu\/wp-json\/wp\/v2\/pages\/183770","targetHints":{"allow":["GET"]}}],"collection":[{"href":"https:\/\/oradea.ro\/hu\/wp-json\/wp\/v2\/pages"}],"about":[{"href":"https:\/\/oradea.ro\/hu\/wp-json\/wp\/v2\/types\/page"}],"author":[{"embeddable":true,"href":"https:\/\/oradea.ro\/hu\/wp-json\/wp\/v2\/users\/2"}],"replies":[{"embeddable":true,"href":"https:\/\/oradea.ro\/hu\/wp-json\/wp\/v2\/comments?post=183770"}],"version-history":[{"count":13,"href":"https:\/\/oradea.ro\/hu\/wp-json\/wp\/v2\/pages\/183770\/revisions"}],"predecessor-version":[{"id":211128,"href":"https:\/\/oradea.ro\/hu\/wp-json\/wp\/v2\/pages\/183770\/revisions\/211128"}],"up":[{"embeddable":true,"href":"https:\/\/oradea.ro\/hu\/wp-json\/wp\/v2\/pages\/191158"}],"wp:attachment":[{"href":"https:\/\/oradea.ro\/hu\/wp-json\/wp\/v2\/media?parent=183770"}],"curies":[{"name":"wp","href":"https:\/\/api.w.org\/{rel}","templated":true}]}}