{"id":184706,"date":"2023-09-12T06:55:56","date_gmt":"2023-09-12T06:55:56","guid":{"rendered":"https:\/\/oradea.ro\/a-polgaroknak\/egeszsegugy\/"},"modified":"2024-01-23T18:39:05","modified_gmt":"2024-01-23T18:39:05","slug":"egeszsegugy","status":"publish","type":"page","link":"https:\/\/oradea.ro\/hu\/polgarok-szamara\/a-polgaroknak\/egeszsegugy\/","title":{"rendered":"Eg\u00e9szs\u00e9g\u00fcgy"},"content":{"rendered":"<div class=\"min-w-[100vw] h-[350px] md:h-[500px] ml-[calc(50%-50vw)] flex items-end bg-no-repeat bg-white bg-cover bg-center px-5\" style=\"background-image: url(https:\/\/oradea.ro\/wp-content\/uploads\/2024\/01\/IMG_20240122_111547-1-scaled.jpg);\">\r\n                    <div class=\"w-full max-w-7xl mx-auto mb-6\">\r\n                        <h1 class=\"my-0 text-white font-extrabold font-open-sans text-3xl md:text-6xl [text-shadow:_0_1px_4px_rgb(0_0_0_\/_50%)]\">Eg\u00e9szs\u00e9g\u00fcgy<\/h1>\r\n                    <\/div>\r\n                <\/div><div class=\"!px-5\"><div class=\"breadcrumbs w-full max-w-7xl mx-auto grid md:flex flex-wrap items-center py-4 test\"><div><a href=\"https:\/\/oradea.ro\/hu\/\"><span class=\"fas fa-home text-[#ABAEB3]\"><\/span><\/a><span class=\"md:hidden\"><span class=\"fas fa-chevron-down mx-5 text-xs text-[#ABAEB3] hover:text-black\/50 transition-all\"><\/span><\/span><span class=\"hidden md:inline\"><span class=\"fas fa-chevron-right mx-5 text-xs text-[#ABAEB3] hover:text-black\/50 transition-all\"><\/span><\/span><\/div><span class=\"font-poppins font-semibold uppercase text-black\/60\">Eg\u00e9szs\u00e9g\u00fcgy<\/span><\/div><\/div>\t\t<div data-elementor-type=\"wp-page\" data-elementor-id=\"184706\" class=\"elementor elementor-184706 elementor-8016\" data-elementor-post-type=\"page\">\n\t\t\t\t<div class=\"elementor-element elementor-element-182f40b e-flex e-con-boxed wpr-particle-no wpr-jarallax-no wpr-parallax-no wpr-sticky-section-no e-con e-parent\" data-id=\"182f40b\" data-element_type=\"container\">\n\t\t\t\t\t<div class=\"e-con-inner\">\n\t\t<div class=\"elementor-element elementor-element-1bbc3bc e-flex e-con-boxed wpr-particle-no wpr-jarallax-no wpr-parallax-no wpr-sticky-section-no e-con e-parent\" data-id=\"1bbc3bc\" data-element_type=\"container\">\n\t\t\t\t\t<div class=\"e-con-inner\">\n\t\t\t\t<div class=\"elementor-element elementor-element-e9bbcfd elementor-widget elementor-widget-heading\" data-id=\"e9bbcfd\" data-element_type=\"widget\" data-widget_type=\"heading.default\">\n\t\t\t\t<div class=\"elementor-widget-container\">\n\t\t\t\t\t<h2 class=\"elementor-heading-title elementor-size-default\">Eg\u00e9szs\u00e9g\u00fcgy<\/h2>\t\t\t\t<\/div>\n\t\t\t\t<\/div>\n\t\t<div class=\"elementor-element elementor-element-9f1772d e-con-full e-flex wpr-particle-no wpr-jarallax-no wpr-parallax-no wpr-sticky-section-no e-con e-parent\" data-id=\"9f1772d\" data-element_type=\"container\">\n\t\t<a class=\"elementor-element elementor-element-d7a83d4 e-con-full e-flex wpr-particle-no wpr-jarallax-no wpr-parallax-no wpr-sticky-section-no e-con e-parent\" data-id=\"d7a83d4\" data-element_type=\"container\" href=\"https:\/\/oradea.ro\/pentru-cetateni\/pentru-comunitate\/sanatate\/spitalul-clinic-judetean-de-urgenta-bihor-oradea\/\">\n\t\t\t\t<div class=\"elementor-element elementor-element-4aac540 elementor-widget elementor-widget-heading\" data-id=\"4aac540\" data-element_type=\"widget\" data-widget_type=\"heading.default\">\n\t\t\t\t<div class=\"elementor-widget-container\">\n\t\t\t\t\t<h2 class=\"elementor-heading-title elementor-size-default\">Bihar megyei S\u00fcrg\u0151ss\u00e9gi Klinikai K\u00f3rh\u00e1z - Nagyv\u00e1rad<\/h2>\t\t\t\t<\/div>\n\t\t\t\t<\/div>\n\t\t\t\t<div class=\"elementor-element elementor-element-1ec8362 elementor-widget elementor-widget-text-editor\" data-id=\"1ec8362\" data-element_type=\"widget\" data-widget_type=\"text-editor.default\">\n\t\t\t\t<div class=\"elementor-widget-container\">\n\t\t\t\t\t\t\t\t\t<p><span style=\"font-weight: 400;\">S\u00fcrg\u0151ss\u00e9gi, ambul\u00e1ns, k\u00f3rh\u00e1zak, eg\u00e9szs\u00e9g\u00fcgyi k\u00f6zpontok<\/span><\/p>\n\t\t\t\t\t\t\t\t<\/div>\n\t\t\t\t<\/div>\n\t\t\t\t<\/a>\n\t\t<a class=\"elementor-element elementor-element-81245c3 e-con-full e-flex wpr-particle-no wpr-jarallax-no wpr-parallax-no wpr-sticky-section-no e-con e-parent\" data-id=\"81245c3\" data-element_type=\"container\" href=\"https:\/\/oradea.ro\/pentru-cetateni\/pentru-comunitate\/sanatate\/alte-spitale-in-oradea\/\">\n\t\t\t\t<div class=\"elementor-element elementor-element-eb6d944 elementor-widget elementor-widget-heading\" data-id=\"eb6d944\" data-element_type=\"widget\" data-widget_type=\"heading.default\">\n\t\t\t\t<div class=\"elementor-widget-container\">\n\t\t\t\t\t<h2 class=\"elementor-heading-title elementor-size-default\">Egy\u00e9b k\u00f3rh\u00e1zak Nagyv\u00e1radon<\/h2>\t\t\t\t<\/div>\n\t\t\t\t<\/div>\n\t\t\t\t<div class=\"elementor-element elementor-element-099d5e3 elementor-widget elementor-widget-text-editor\" data-id=\"099d5e3\" data-element_type=\"widget\" data-widget_type=\"text-editor.default\">\n\t\t\t\t<div class=\"elementor-widget-container\">\n\t\t\t\t\t\t\t\t\t<p><span style=\"font-weight: 400;\">CF K\u00f3rh\u00e1z, Avram Iancu K\u00f3rh\u00e1z, Pelik\u00e1n, Euclid, Venus<\/span><\/p>\n\t\t\t\t\t\t\t\t<\/div>\n\t\t\t\t<\/div>\n\t\t\t\t<\/a>\n\t\t<a class=\"elementor-element elementor-element-53da947 e-con-full e-flex wpr-particle-no wpr-jarallax-no wpr-parallax-no wpr-sticky-section-no e-con e-parent\" data-id=\"53da947\" data-element_type=\"container\" href=\"https:\/\/oradea.ro\/hu\/polgarok-szamara\/a-polgaroknak\/egeszsegugy\/haziorvosok\/\">\n\t\t\t\t<div class=\"elementor-element elementor-element-3145c11 elementor-widget elementor-widget-heading\" data-id=\"3145c11\" data-element_type=\"widget\" data-widget_type=\"heading.default\">\n\t\t\t\t<div class=\"elementor-widget-container\">\n\t\t\t\t\t<h2 class=\"elementor-heading-title elementor-size-default\">H\u00e1ziorvosok<\/h2>\t\t\t\t<\/div>\n\t\t\t\t<\/div>\n\t\t\t\t<div class=\"elementor-element elementor-element-1ec2209 elementor-widget elementor-widget-text-editor\" data-id=\"1ec2209\" data-element_type=\"widget\" data-widget_type=\"text-editor.default\">\n\t\t\t\t<div class=\"elementor-widget-container\">\n\t\t\t\t\t\t\t\t\t<p><span style=\"font-weight: 400;\">Feladatok, tev\u00e9kenys\u00e9g, h\u00e1ziorvosok Nagyv\u00e1radon<\/span><\/p>\n\t\t\t\t\t\t\t\t<\/div>\n\t\t\t\t<\/div>\n\t\t\t\t<\/a>\n\t\t\t\t<\/div>\n\t\t<div class=\"elementor-element elementor-element-3b4c20b e-con-full e-flex wpr-particle-no wpr-jarallax-no wpr-parallax-no wpr-sticky-section-no e-con e-parent\" data-id=\"3b4c20b\" data-element_type=\"container\">\n\t\t<a class=\"elementor-element elementor-element-e73453d e-con-full e-flex wpr-particle-no wpr-jarallax-no wpr-parallax-no wpr-sticky-section-no e-con e-parent\" data-id=\"e73453d\" data-element_type=\"container\" href=\"https:\/\/oradea.ro\/pentru-cetateni\/pentru-comunitate\/sanatate\/centre-de-permanenta\/\">\n\t\t\t\t<div class=\"elementor-element elementor-element-2457fff elementor-widget elementor-widget-heading\" data-id=\"2457fff\" data-element_type=\"widget\" data-widget_type=\"heading.default\">\n\t\t\t\t<div class=\"elementor-widget-container\">\n\t\t\t\t\t<h2 class=\"elementor-heading-title elementor-size-default\">\u00dcgyeleti k\u00f6zpontok<\/h2>\t\t\t\t<\/div>\n\t\t\t\t<\/div>\n\t\t\t\t<div class=\"elementor-element elementor-element-bd65421 elementor-widget elementor-widget-text-editor\" data-id=\"bd65421\" data-element_type=\"widget\" data-widget_type=\"text-editor.default\">\n\t\t\t\t<div class=\"elementor-widget-container\">\n\t\t\t\t\t\t\t\t\t<p><span style=\"font-weight: 400;\">A nagyv\u00e1radi \u00fcgyeleti k\u00f6zpontok list\u00e1ja<\/span><\/p>\n\t\t\t\t\t\t\t\t<\/div>\n\t\t\t\t<\/div>\n\t\t\t\t<\/a>\n\t\t<a class=\"elementor-element elementor-element-59d2433 e-con-full e-flex wpr-particle-no wpr-jarallax-no wpr-parallax-no wpr-sticky-section-no e-con e-parent\" data-id=\"59d2433\" data-element_type=\"container\" href=\"https:\/\/oradea.ro\/pentru-cetateni\/pentru-comunitate\/sanatate\/laboratoare-analize-medicale\/\">\n\t\t\t\t<div class=\"elementor-element elementor-element-6ac5a22 elementor-widget elementor-widget-heading\" data-id=\"6ac5a22\" data-element_type=\"widget\" data-widget_type=\"heading.default\">\n\t\t\t\t<div class=\"elementor-widget-container\">\n\t\t\t\t\t<h2 class=\"elementor-heading-title elementor-size-default\">Orvosi laborat\u00f3riumok<\/h2>\t\t\t\t<\/div>\n\t\t\t\t<\/div>\n\t\t\t\t<div class=\"elementor-element elementor-element-4a0b5ad elementor-widget elementor-widget-text-editor\" data-id=\"4a0b5ad\" data-element_type=\"widget\" data-widget_type=\"text-editor.default\">\n\t\t\t\t<div class=\"elementor-widget-container\">\n\t\t\t\t\t\t\t\t\t<p><span style=\"font-weight: 400;\">Nagyv\u00e1radi orvosi laborat\u00f3riumok list\u00e1ja<\/span><\/p>\n\t\t\t\t\t\t\t\t<\/div>\n\t\t\t\t<\/div>\n\t\t\t\t<\/a>\n\t\t<a class=\"elementor-element elementor-element-4d3800f e-con-full e-flex wpr-particle-no wpr-jarallax-no wpr-parallax-no wpr-sticky-section-no e-con e-parent\" data-id=\"4d3800f\" data-element_type=\"container\" href=\"https:\/\/oradea.ro\/pentru-cetateni\/pentru-comunitate\/sanatate\/institutii\/\">\n\t\t\t\t<div class=\"elementor-element elementor-element-7a4566b elementor-widget elementor-widget-heading\" data-id=\"7a4566b\" data-element_type=\"widget\" data-widget_type=\"heading.default\">\n\t\t\t\t<div class=\"elementor-widget-container\">\n\t\t\t\t\t<h2 class=\"elementor-heading-title elementor-size-default\">Int\u00e9zm\u00e9nyek <\/h2>\t\t\t\t<\/div>\n\t\t\t\t<\/div>\n\t\t\t\t<div class=\"elementor-element elementor-element-f3aede3 elementor-widget elementor-widget-text-editor\" data-id=\"f3aede3\" data-element_type=\"widget\" data-widget_type=\"text-editor.default\">\n\t\t\t\t<div class=\"elementor-widget-container\">\n\t\t\t\t\t\t\t\t\t<p><span style=\"font-weight: 400;\">Bihar megyei Eg\u00e9szs\u00e9gbiztos\u00edt\u00e1si \u00dcgyn\u00f6ks\u00e9g<\/span><\/p>\n\t\t\t\t\t\t\t\t<\/div>\n\t\t\t\t<\/div>\n\t\t\t\t<\/a>\n\t\t\t\t<\/div>\n\t\t\t\t\t<\/div>\n\t\t\t\t<\/div>\n\t\t\t\t\t<\/div>\n\t\t\t\t<\/div>\n\t\t\t\t<\/div>\n\t\t","protected":false},"excerpt":{"rendered":"<p>Eg\u00e9szs\u00e9g\u00fcgy Eg\u00e9szs\u00e9g\u00fcgy Eg\u00e9szs\u00e9g\u00fcgy Bihar megyei S\u00fcrg\u0151ss\u00e9gi Klinikai K\u00f3rh\u00e1z &#8211; Nagyv\u00e1rad S\u00fcrg\u0151ss\u00e9gi, ambul\u00e1ns, k\u00f3rh\u00e1zak, eg\u00e9szs\u00e9g\u00fcgyi k\u00f6zpontok Egy\u00e9b k\u00f3rh\u00e1zak Nagyv\u00e1radon CF K\u00f3rh\u00e1z, Avram Iancu K\u00f3rh\u00e1z, Pelik\u00e1n, Euclid, Venus H\u00e1ziorvosok Feladatok, tev\u00e9kenys\u00e9g, h\u00e1ziorvosok Nagyv\u00e1radon \u00dcgyeleti k\u00f6zpontok A nagyv\u00e1radi \u00fcgyeleti k\u00f6zpontok list\u00e1ja Orvosi laborat\u00f3riumok Nagyv\u00e1radi orvosi laborat\u00f3riumok list\u00e1ja Int\u00e9zm\u00e9nyek Bihar megyei Eg\u00e9szs\u00e9gbiztos\u00edt\u00e1si \u00dcgyn\u00f6ks\u00e9g<\/p>\n","protected":false},"author":1,"featured_media":193210,"parent":103087,"menu_order":0,"comment_status":"closed","ping_status":"closed","template":"","meta":{"_acf_changed":false,"ep_exclude_from_search":false,"footnotes":""},"class_list":["post-184706","page","type-page","status-publish","has-post-thumbnail","hentry"],"acf":[],"yoast_head":"<!-- This site is optimized with the Yoast SEO plugin v26.6 - https:\/\/yoast.com\/wordpress\/plugins\/seo\/ -->\n<title>Eg\u00e9szs\u00e9g\u00fcgy - Oradea.ro<\/title>\n<meta name=\"robots\" content=\"index, follow, max-snippet:-1, max-image-preview:large, max-video-preview:-1\" \/>\n<link rel=\"canonical\" href=\"https:\/\/oradea.ro\/hu\/polgarok-szamara\/a-polgaroknak\/egeszsegugy\/\" \/>\n<meta property=\"og:locale\" content=\"hu_HU\" \/>\n<meta property=\"og:type\" content=\"article\" \/>\n<meta property=\"og:title\" content=\"Eg\u00e9szs\u00e9g\u00fcgy - Oradea.ro\" \/>\n<meta property=\"og:description\" content=\"Eg\u00e9szs\u00e9g\u00fcgy Eg\u00e9szs\u00e9g\u00fcgy Eg\u00e9szs\u00e9g\u00fcgy Bihar megyei S\u00fcrg\u0151ss\u00e9gi Klinikai K\u00f3rh\u00e1z &#8211; Nagyv\u00e1rad S\u00fcrg\u0151ss\u00e9gi, ambul\u00e1ns, k\u00f3rh\u00e1zak, eg\u00e9szs\u00e9g\u00fcgyi k\u00f6zpontok Egy\u00e9b k\u00f3rh\u00e1zak Nagyv\u00e1radon CF K\u00f3rh\u00e1z, Avram Iancu K\u00f3rh\u00e1z, Pelik\u00e1n, Euclid, Venus H\u00e1ziorvosok Feladatok, tev\u00e9kenys\u00e9g, h\u00e1ziorvosok Nagyv\u00e1radon \u00dcgyeleti k\u00f6zpontok A nagyv\u00e1radi \u00fcgyeleti k\u00f6zpontok list\u00e1ja Orvosi laborat\u00f3riumok Nagyv\u00e1radi orvosi laborat\u00f3riumok list\u00e1ja Int\u00e9zm\u00e9nyek Bihar megyei Eg\u00e9szs\u00e9gbiztos\u00edt\u00e1si \u00dcgyn\u00f6ks\u00e9g\" \/>\n<meta property=\"og:url\" content=\"https:\/\/oradea.ro\/hu\/polgarok-szamara\/a-polgaroknak\/egeszsegugy\/\" \/>\n<meta property=\"og:site_name\" content=\"Oradea.ro\" \/>\n<meta property=\"article:modified_time\" content=\"2024-01-23T18:39:05+00:00\" \/>\n<meta property=\"og:image\" content=\"https:\/\/oradea.ro\/wp-content\/uploads\/2024\/01\/IMG_20240122_111547-1-scaled.jpg\" \/>\n\t<meta property=\"og:image:width\" content=\"2560\" \/>\n\t<meta property=\"og:image:height\" content=\"1152\" \/>\n\t<meta property=\"og:image:type\" content=\"image\/jpeg\" \/>\n<meta name=\"twitter:card\" content=\"summary_large_image\" \/>\n<script type=\"application\/ld+json\" class=\"yoast-schema-graph\">{\"@context\":\"https:\/\/schema.org\",\"@graph\":[{\"@type\":\"WebPage\",\"@id\":\"https:\/\/oradea.ro\/hu\/polgarok-szamara\/a-polgaroknak\/egeszsegugy\/\",\"url\":\"https:\/\/oradea.ro\/hu\/polgarok-szamara\/a-polgaroknak\/egeszsegugy\/\",\"name\":\"Eg\u00e9szs\u00e9g\u00fcgy - Oradea.ro\",\"isPartOf\":{\"@id\":\"https:\/\/oradea.ro\/#website\"},\"primaryImageOfPage\":{\"@id\":\"https:\/\/oradea.ro\/hu\/polgarok-szamara\/a-polgaroknak\/egeszsegugy\/#primaryimage\"},\"image\":{\"@id\":\"https:\/\/oradea.ro\/hu\/polgarok-szamara\/a-polgaroknak\/egeszsegugy\/#primaryimage\"},\"thumbnailUrl\":\"https:\/\/oradea.ro\/wp-content\/uploads\/2024\/01\/IMG_20240122_111547-1-scaled.jpg\",\"datePublished\":\"2023-09-12T06:55:56+00:00\",\"dateModified\":\"2024-01-23T18:39:05+00:00\",\"breadcrumb\":{\"@id\":\"https:\/\/oradea.ro\/hu\/polgarok-szamara\/a-polgaroknak\/egeszsegugy\/#breadcrumb\"},\"inLanguage\":\"hu\",\"potentialAction\":[{\"@type\":\"ReadAction\",\"target\":[\"https:\/\/oradea.ro\/hu\/polgarok-szamara\/a-polgaroknak\/egeszsegugy\/\"]}]},{\"@type\":\"ImageObject\",\"inLanguage\":\"hu\",\"@id\":\"https:\/\/oradea.ro\/hu\/polgarok-szamara\/a-polgaroknak\/egeszsegugy\/#primaryimage\",\"url\":\"https:\/\/oradea.ro\/wp-content\/uploads\/2024\/01\/IMG_20240122_111547-1-scaled.jpg\",\"contentUrl\":\"https:\/\/oradea.ro\/wp-content\/uploads\/2024\/01\/IMG_20240122_111547-1-scaled.jpg\",\"width\":2560,\"height\":1152},{\"@type\":\"BreadcrumbList\",\"@id\":\"https:\/\/oradea.ro\/hu\/polgarok-szamara\/a-polgaroknak\/egeszsegugy\/#breadcrumb\",\"itemListElement\":[{\"@type\":\"ListItem\",\"position\":1,\"name\":\"\",\"item\":\"https:\/\/oradea.ro\/hu\/\"},{\"@type\":\"ListItem\",\"position\":2,\"name\":\"Polg\u00e1rok sz\u00e1m\u00e1ra\",\"item\":\"https:\/\/oradea.ro\/hu\/polgarok-szamara\/\"},{\"@type\":\"ListItem\",\"position\":3,\"name\":\"A polg\u00e1roknak\",\"item\":\"https:\/\/oradea.ro\/en\/for-citizens\/for-the-community\/\"},{\"@type\":\"ListItem\",\"position\":4,\"name\":\"Eg\u00e9szs\u00e9g\u00fcgy\"}]},{\"@type\":\"WebSite\",\"@id\":\"https:\/\/oradea.ro\/#website\",\"url\":\"https:\/\/oradea.ro\/\",\"name\":\"Oradea.ro\",\"description\":\"Site-ul oficial al Prim\u0103riei Municipiului Oradea\",\"publisher\":{\"@id\":\"https:\/\/oradea.ro\/#organization\"},\"potentialAction\":[{\"@type\":\"SearchAction\",\"target\":{\"@type\":\"EntryPoint\",\"urlTemplate\":\"https:\/\/oradea.ro\/?s={search_term_string}\"},\"query-input\":{\"@type\":\"PropertyValueSpecification\",\"valueRequired\":true,\"valueName\":\"search_term_string\"}}],\"inLanguage\":\"hu\"},{\"@type\":\"Organization\",\"@id\":\"https:\/\/oradea.ro\/#organization\",\"name\":\"Oradea.ro\",\"url\":\"https:\/\/oradea.ro\/\",\"logo\":{\"@type\":\"ImageObject\",\"inLanguage\":\"hu\",\"@id\":\"https:\/\/oradea.ro\/#\/schema\/logo\/image\/\",\"url\":\"https:\/\/oradea.ro\/wp-content\/uploads\/2023\/06\/footer_logo.svg\",\"contentUrl\":\"https:\/\/oradea.ro\/wp-content\/uploads\/2023\/06\/footer_logo.svg\",\"width\":218,\"height\":53,\"caption\":\"Oradea.ro\"},\"image\":{\"@id\":\"https:\/\/oradea.ro\/#\/schema\/logo\/image\/\"}}]}<\/script>\n<!-- \/ Yoast SEO plugin. -->","yoast_head_json":{"title":"Eg\u00e9szs\u00e9g\u00fcgy - Oradea.ro","robots":{"index":"index","follow":"follow","max-snippet":"max-snippet:-1","max-image-preview":"max-image-preview:large","max-video-preview":"max-video-preview:-1"},"canonical":"https:\/\/oradea.ro\/hu\/polgarok-szamara\/a-polgaroknak\/egeszsegugy\/","og_locale":"hu_HU","og_type":"article","og_title":"Eg\u00e9szs\u00e9g\u00fcgy - Oradea.ro","og_description":"Eg\u00e9szs\u00e9g\u00fcgy Eg\u00e9szs\u00e9g\u00fcgy Eg\u00e9szs\u00e9g\u00fcgy Bihar megyei S\u00fcrg\u0151ss\u00e9gi Klinikai K\u00f3rh\u00e1z &#8211; Nagyv\u00e1rad S\u00fcrg\u0151ss\u00e9gi, ambul\u00e1ns, k\u00f3rh\u00e1zak, eg\u00e9szs\u00e9g\u00fcgyi k\u00f6zpontok Egy\u00e9b k\u00f3rh\u00e1zak Nagyv\u00e1radon CF K\u00f3rh\u00e1z, Avram Iancu K\u00f3rh\u00e1z, Pelik\u00e1n, Euclid, Venus H\u00e1ziorvosok Feladatok, tev\u00e9kenys\u00e9g, h\u00e1ziorvosok Nagyv\u00e1radon \u00dcgyeleti k\u00f6zpontok A nagyv\u00e1radi \u00fcgyeleti k\u00f6zpontok list\u00e1ja Orvosi laborat\u00f3riumok Nagyv\u00e1radi orvosi laborat\u00f3riumok list\u00e1ja Int\u00e9zm\u00e9nyek Bihar megyei Eg\u00e9szs\u00e9gbiztos\u00edt\u00e1si \u00dcgyn\u00f6ks\u00e9g","og_url":"https:\/\/oradea.ro\/hu\/polgarok-szamara\/a-polgaroknak\/egeszsegugy\/","og_site_name":"Oradea.ro","article_modified_time":"2024-01-23T18:39:05+00:00","og_image":[{"width":2560,"height":1152,"url":"https:\/\/oradea.ro\/wp-content\/uploads\/2024\/01\/IMG_20240122_111547-1-scaled.jpg","type":"image\/jpeg"}],"twitter_card":"summary_large_image","schema":{"@context":"https:\/\/schema.org","@graph":[{"@type":"WebPage","@id":"https:\/\/oradea.ro\/hu\/polgarok-szamara\/a-polgaroknak\/egeszsegugy\/","url":"https:\/\/oradea.ro\/hu\/polgarok-szamara\/a-polgaroknak\/egeszsegugy\/","name":"Eg\u00e9szs\u00e9g\u00fcgy - Oradea.ro","isPartOf":{"@id":"https:\/\/oradea.ro\/#website"},"primaryImageOfPage":{"@id":"https:\/\/oradea.ro\/hu\/polgarok-szamara\/a-polgaroknak\/egeszsegugy\/#primaryimage"},"image":{"@id":"https:\/\/oradea.ro\/hu\/polgarok-szamara\/a-polgaroknak\/egeszsegugy\/#primaryimage"},"thumbnailUrl":"https:\/\/oradea.ro\/wp-content\/uploads\/2024\/01\/IMG_20240122_111547-1-scaled.jpg","datePublished":"2023-09-12T06:55:56+00:00","dateModified":"2024-01-23T18:39:05+00:00","breadcrumb":{"@id":"https:\/\/oradea.ro\/hu\/polgarok-szamara\/a-polgaroknak\/egeszsegugy\/#breadcrumb"},"inLanguage":"hu","potentialAction":[{"@type":"ReadAction","target":["https:\/\/oradea.ro\/hu\/polgarok-szamara\/a-polgaroknak\/egeszsegugy\/"]}]},{"@type":"ImageObject","inLanguage":"hu","@id":"https:\/\/oradea.ro\/hu\/polgarok-szamara\/a-polgaroknak\/egeszsegugy\/#primaryimage","url":"https:\/\/oradea.ro\/wp-content\/uploads\/2024\/01\/IMG_20240122_111547-1-scaled.jpg","contentUrl":"https:\/\/oradea.ro\/wp-content\/uploads\/2024\/01\/IMG_20240122_111547-1-scaled.jpg","width":2560,"height":1152},{"@type":"BreadcrumbList","@id":"https:\/\/oradea.ro\/hu\/polgarok-szamara\/a-polgaroknak\/egeszsegugy\/#breadcrumb","itemListElement":[{"@type":"ListItem","position":1,"name":"","item":"https:\/\/oradea.ro\/hu\/"},{"@type":"ListItem","position":2,"name":"Polg\u00e1rok sz\u00e1m\u00e1ra","item":"https:\/\/oradea.ro\/hu\/polgarok-szamara\/"},{"@type":"ListItem","position":3,"name":"A polg\u00e1roknak","item":"https:\/\/oradea.ro\/en\/for-citizens\/for-the-community\/"},{"@type":"ListItem","position":4,"name":"Eg\u00e9szs\u00e9g\u00fcgy"}]},{"@type":"WebSite","@id":"https:\/\/oradea.ro\/#website","url":"https:\/\/oradea.ro\/","name":"Oradea.ro","description":"Site-ul oficial al Prim\u0103riei Municipiului Oradea","publisher":{"@id":"https:\/\/oradea.ro\/#organization"},"potentialAction":[{"@type":"SearchAction","target":{"@type":"EntryPoint","urlTemplate":"https:\/\/oradea.ro\/?s={search_term_string}"},"query-input":{"@type":"PropertyValueSpecification","valueRequired":true,"valueName":"search_term_string"}}],"inLanguage":"hu"},{"@type":"Organization","@id":"https:\/\/oradea.ro\/#organization","name":"Oradea.ro","url":"https:\/\/oradea.ro\/","logo":{"@type":"ImageObject","inLanguage":"hu","@id":"https:\/\/oradea.ro\/#\/schema\/logo\/image\/","url":"https:\/\/oradea.ro\/wp-content\/uploads\/2023\/06\/footer_logo.svg","contentUrl":"https:\/\/oradea.ro\/wp-content\/uploads\/2023\/06\/footer_logo.svg","width":218,"height":53,"caption":"Oradea.ro"},"image":{"@id":"https:\/\/oradea.ro\/#\/schema\/logo\/image\/"}}]}},"publishpress_future_action":{"enabled":false,"date":"2026-04-20 12:57:16","action":"change-status","newStatus":"draft","terms":[],"taxonomy":"translation_priority","extraData":[]},"publishpress_future_workflow_manual_trigger":{"enabledWorkflows":[]},"_links":{"self":[{"href":"https:\/\/oradea.ro\/hu\/wp-json\/wp\/v2\/pages\/184706","targetHints":{"allow":["GET"]}}],"collection":[{"href":"https:\/\/oradea.ro\/hu\/wp-json\/wp\/v2\/pages"}],"about":[{"href":"https:\/\/oradea.ro\/hu\/wp-json\/wp\/v2\/types\/page"}],"author":[{"embeddable":true,"href":"https:\/\/oradea.ro\/hu\/wp-json\/wp\/v2\/users\/1"}],"replies":[{"embeddable":true,"href":"https:\/\/oradea.ro\/hu\/wp-json\/wp\/v2\/comments?post=184706"}],"version-history":[{"count":1,"href":"https:\/\/oradea.ro\/hu\/wp-json\/wp\/v2\/pages\/184706\/revisions"}],"predecessor-version":[{"id":184708,"href":"https:\/\/oradea.ro\/hu\/wp-json\/wp\/v2\/pages\/184706\/revisions\/184708"}],"up":[{"embeddable":true,"href":"https:\/\/oradea.ro\/hu\/wp-json\/wp\/v2\/pages\/103087"}],"wp:featuredmedia":[{"embeddable":true,"href":"https:\/\/oradea.ro\/hu\/wp-json\/wp\/v2\/media\/193210"}],"wp:attachment":[{"href":"https:\/\/oradea.ro\/hu\/wp-json\/wp\/v2\/media?parent=184706"}],"curies":[{"name":"wp","href":"https:\/\/api.w.org\/{rel}","templated":true}]}}