{"id":184818,"date":"2023-09-12T06:56:16","date_gmt":"2023-09-12T04:56:16","guid":{"rendered":"https:\/\/oradea.ro\/a-polgaroknak\/strandok\/"},"modified":"2024-01-24T08:56:43","modified_gmt":"2024-01-24T08:56:43","slug":"strandok","status":"publish","type":"page","link":"https:\/\/oradea.ro\/hu\/polgarok-szamara\/a-polgaroknak\/strandok\/","title":{"rendered":"Strandok"},"content":{"rendered":"<div class=\"min-w-[100vw] h-[350px] md:h-[500px] ml-[calc(50%-50vw)] flex items-end bg-no-repeat bg-white bg-cover bg-center px-5\" style=\"background-image: url(https:\/\/oradea.ro\/wp-content\/uploads\/2023\/10\/hero_strand.webp);\">\r\n                    <div class=\"w-full max-w-7xl mx-auto mb-6\">\r\n                        <h1 class=\"my-0 text-white font-extrabold font-open-sans text-3xl md:text-6xl [text-shadow:_0_1px_4px_rgb(0_0_0_\/_50%)]\">Strandok<\/h1>\r\n                    <\/div>\r\n                <\/div><div class=\"!px-5\"><div class=\"breadcrumbs w-full max-w-7xl mx-auto grid md:flex flex-wrap items-center py-4 test\"><div><a href=\"https:\/\/oradea.ro\/hu\/\"><span class=\"fas fa-home text-[#ABAEB3]\"><\/span><\/a><span class=\"md:hidden\"><span class=\"fas fa-chevron-down mx-5 text-xs text-[#ABAEB3] hover:text-black\/50 transition-all\"><\/span><\/span><span class=\"hidden md:inline\"><span class=\"fas fa-chevron-right mx-5 text-xs text-[#ABAEB3] hover:text-black\/50 transition-all\"><\/span><\/span><\/div><span class=\"font-poppins font-semibold uppercase text-black\/60\">Strandok<\/span><\/div><\/div>\t\t<div data-elementor-type=\"wp-page\" data-elementor-id=\"184818\" class=\"elementor elementor-184818 elementor-8020\" data-elementor-post-type=\"page\">\n\t\t\t\t<div class=\"elementor-element elementor-element-678eb80 e-flex e-con-boxed wpr-particle-no wpr-jarallax-no wpr-parallax-no wpr-sticky-section-no e-con e-parent\" data-id=\"678eb80\" data-element_type=\"container\">\n\t\t\t\t\t<div class=\"e-con-inner\">\n\t\t\t\t<div class=\"elementor-element elementor-element-ac22538 wpr-advanced-accordion-icon-side-box elementor-widget elementor-widget-wpr-advanced-accordion\" data-id=\"ac22538\" data-element_type=\"widget\" data-settings=\"{&quot;active_item&quot;:0}\" data-widget_type=\"wpr-advanced-accordion.default\">\n\t\t\t\t<div class=\"elementor-widget-container\">\n\t\t\t\t\t\n            <div class=\"wpr-advanced-accordion\" data-accordion-type=\"accordion\" data-active-index=\"0\" data-accordion-trigger=\"click\" data-interaction-speed=\"0.4\">\n\n\t\t\t\n                \n\t\t\t\t\t<div class=\"wpr-accordion-item-wrap\">\n\t\t\t\t\t\t<button class=\"wpr-acc-button\">\n\t\t\t\t\t\t\t<span class=\"wpr-acc-item-title\">\n\t\t\t\t\t\t\t\t\t\t\t\t\t\t\t\t\t<div class=\"wpr-acc-icon-box\">\n\t\t\t\t\t\t\t\t\t\t\t\t\t\t<span class=\"wpr-title-icon\">\n\t\t\t\t\t<i aria-hidden=\"true\" class=\"fas fa-info\"><\/i>\t\t\t\t<\/span>\n\t\t\t\t\t\t\t\t\t\t\t\t<\/div>\n\t\t\t\t\t\t\t\t\n\t\t\t\t\t\t\t\t<span class=\"wpr-acc-title-text\">Nymphaea Aquapark<\/span>\n\t\t\t\t\t\t\t<\/span>\n\t\t\t\t\t\t\t\t\t\t\t<span class=\"wpr-toggle-icon wpr-ti-close\"><i aria-hidden=\"true\" class=\"fas fa-plus\"><\/i><\/span>\n\t\t\t\t<span class=\"wpr-toggle-icon wpr-ti-open\"><i aria-hidden=\"true\" class=\"fas fa-minus\"><\/i><\/span>\n\t\t\t\t\t\t\t\t\t<\/button>\n\n\t\t\t\t\t\t<div class=\"wpr-acc-panel\">\n\t\t\t\t\t\t\t\t\t\t\t\t\t\t\t<div class=\"wpr-acc-panel-content\"><p><span style=\"font-weight: 400;\">Az orsz\u00e1g nyugati r\u00e9sz\u00e9nek legnagyobb aquaparkja Nagyv\u00e1rad egyik legfontosabb l\u00e1tnival\u00f3ja. <\/span><\/p><p><span style=\"font-weight: 400;\">A viziparkban belt\u00e9ri \u00e9s k\u00fclt\u00e9ri medenc\u00e9k, l\u00e1tv\u00e1nyos belt\u00e9ri \u00e9s k\u00fclt\u00e9ri cs\u00faszd\u00e1k, pezsg\u0151f\u00fcrd\u0151k, valamint t\u00f6r\u00f6kf\u00fcrd\u0151ket, szaun\u00e1kat, massz\u00e1zst \u00e9s VIP-pezsg\u0151f\u00fcrd\u0151ket mag\u00e1ban foglal\u00f3 wellnessr\u00e9szleg tal\u00e1lhat\u00f3. A bels\u0151 \u00e9p\u00fcleten k\u00edv\u00fcl nagy z\u00f6ldter\u00fcletek \u00e9s sportp\u00e1ly\u00e1k is vannak. <\/span><\/p><p><span style=\"font-weight: 400;\">Az aquapark vend\u00e9gei \u00e9ttermet \u00e9s b\u00e1rokat, valamint aquashopot vehetnek ig\u00e9nybe.<\/span><\/p><p><span style=\"font-weight: 400;\"> <\/span><\/p><p><span style=\"font-weight: 400;\">Mivel a Nymphaea Aquaparkban korl\u00e1tozott a hely, aj\u00e1nlott a jegyeket el\u0151v\u00e9telben megv\u00e1s\u00e1rolni itt: <\/span><\/p><p> <\/p><p><a href=\"https:\/\/aquapark-nymphaea.ro\/infopoint\/achizitionare-bilete\"><b>https:\/\/aquapark-nymphaea.ro\/infopoint\/achizitionare-bilete<\/b><\/a><b>  <\/b><\/p><p> <\/p><p><span style=\"font-weight: 400;\">Gyakran feltett k\u00e9rd\u00e9sek a Nymphaea hozz\u00e1f\u00e9r\u00e9s\u00e9vel \u00e9s szolg\u00e1ltat\u00e1saival kapcsolatban: <\/span><\/p><p> <\/p><p><a href=\"https:\/\/aquapark-nymphaea.ro\/infopoint\/intrebari-frecvente\"><span style=\"font-weight: 400;\">https:\/\/aquapark-nymphaea.ro\/infopoint\/intrebari-frecvente<\/span><\/a><span style=\"font-weight: 400;\"> <\/span><\/p><p> <\/p><p><span style=\"font-weight: 400;\">Aquapark Nymphaea - 13B, Aleea \u0218trandului utca, Nagyv\u00e1rad <\/span><\/p><p><span style=\"font-weight: 400;\">Nyitvatart\u00e1s: naponta 10 \u00f3r\u00e1t\u00f3l 22 \u00f3r\u00e1ig.<\/span><\/p><p><br><span style=\"font-weight: 400;\">Teljes k\u00f6r\u0171 inform\u00e1ci\u00f3 az SC ADP SA Oradea (Nagyv\u00e1rad) \u00f6nkorm\u00e1nyzati v\u00e1llalat \u00e1ltal kezelt aquaparkr\u00f3l: <\/span><a href=\"https:\/\/aquapark-nymphaea.ro\/\"><span style=\"font-weight: 400;\">https:\/\/aquapark-nymphaea.ro\/<\/span><\/a><\/p><\/div>\n\t\t\t\t\t\t\t\t\t\t\t\t\t<\/div>\n                    <\/div>\n\n                \n\t\t\t\t\t<div class=\"wpr-accordion-item-wrap\">\n\t\t\t\t\t\t<button class=\"wpr-acc-button\">\n\t\t\t\t\t\t\t<span class=\"wpr-acc-item-title\">\n\t\t\t\t\t\t\t\t\t\t\t\t\t\t\t\t\t<div class=\"wpr-acc-icon-box\">\n\t\t\t\t\t\t\t\t\t\t\t\t\t\t<span class=\"wpr-title-icon\">\n\t\t\t\t\t<i aria-hidden=\"true\" class=\"fas fa-info\"><\/i>\t\t\t\t<\/span>\n\t\t\t\t\t\t\t\t\t\t\t\t<\/div>\n\t\t\t\t\t\t\t\t\n\t\t\t\t\t\t\t\t<span class=\"wpr-acc-title-text\">\u0150ssi strand<\/span>\n\t\t\t\t\t\t\t<\/span>\n\t\t\t\t\t\t\t\t\t\t\t<span class=\"wpr-toggle-icon wpr-ti-close\"><i aria-hidden=\"true\" class=\"fas fa-plus\"><\/i><\/span>\n\t\t\t\t<span class=\"wpr-toggle-icon wpr-ti-open\"><i aria-hidden=\"true\" class=\"fas fa-minus\"><\/i><\/span>\n\t\t\t\t\t\t\t\t\t<\/button>\n\n\t\t\t\t\t\t<div class=\"wpr-acc-panel\">\n\t\t\t\t\t\t\t\t\t\t\t\t\t\t\t<div class=\"wpr-acc-panel-content\"><p><span style=\"font-weight: 400;\">A K\u00f6zter\u00fcletfenntart\u00f3 V\u00e1llalat \u00e1ltal kezelt \u0150ssi strand egyike a hagyom\u00e1nyos nagyv\u00e1radi f\u00fcrd\u0151helyeknek. <\/span><\/p><p><span style=\"font-weight: 400;\">Az uszoda az \u0150ssi negyedben a Sebes K\u00f6r\u00f6s bal partj\u00e1n, az Antonio Alexe Ar\u00e9na k\u00f6zel\u00e9ben tal\u00e1lhat\u00f3. <\/span><\/p><p><span style=\"font-weight: 400;\">A nagyv\u00e1radi v\u00e1rosh\u00e1za azt tervezi, hogy korszer\u0171s\u00edti ezt a gy\u00f3gyf\u00fcrd\u0151t \u00e9s egy aquaparkkal ell\u00e1tott term\u00e1lparkk\u00e1 alak\u00edtja \u00e1t, vissza nem t\u00e9r\u00edtend\u0151 eur\u00f3pai forr\u00e1sok ig\u00e9nybev\u00e9tel\u00e9vel.<\/span><\/p><p> <\/p><p><span style=\"font-weight: 400;\">Tov\u00e1bbi inform\u00e1ci\u00f3k az \u0150ssi strand \u00e1ltal k\u00edn\u00e1lt szolg\u00e1ltat\u00e1sokr\u00f3l valamint a bel\u00e9p\u0151d\u00edjakr\u00f3l \u00e9s a nyitvatart\u00e1si id\u0151kr\u0151l: <\/span><\/p><p> <\/p><p><a href=\"https:\/\/adporadea.ro\/index.php\/domeniu-public\/strandul-iosia\"><b>https:\/\/adporadea.ro\/index.php\/domeniu-public\/strandul-iosia<\/b><\/a><\/p><\/div>\n\t\t\t\t\t\t\t\t\t\t\t\t\t<\/div>\n                    <\/div>\n\n                            <\/div>\n        \t\t\t\t<\/div>\n\t\t\t\t<\/div>\n\t\t\t\t\t<\/div>\n\t\t\t\t<\/div>\n\t\t\t\t<\/div>\n\t\t","protected":false},"excerpt":{"rendered":"<p>Strandok Strandok Nymphaea Aquapark Az orsz\u00e1g nyugati r\u00e9sz\u00e9nek legnagyobb aquaparkja Nagyv\u00e1rad egyik legfontosabb l\u00e1tnival\u00f3ja. A viziparkban belt\u00e9ri \u00e9s k\u00fclt\u00e9ri medenc\u00e9k, l\u00e1tv\u00e1nyos belt\u00e9ri \u00e9s k\u00fclt\u00e9ri cs\u00faszd\u00e1k, pezsg\u0151f\u00fcrd\u0151k, valamint t\u00f6r\u00f6kf\u00fcrd\u0151ket, szaun\u00e1kat, massz\u00e1zst \u00e9s VIP-pezsg\u0151f\u00fcrd\u0151ket mag\u00e1ban foglal\u00f3 wellnessr\u00e9szleg tal\u00e1lhat\u00f3. A bels\u0151 \u00e9p\u00fcleten k\u00edv\u00fcl nagy z\u00f6ldter\u00fcletek \u00e9s sportp\u00e1ly\u00e1k is vannak. Az aquapark vend\u00e9gei \u00e9ttermet \u00e9s b\u00e1rokat, valamint aquashopot vehetnek ig\u00e9nybe. Mivel a Nymphaea Aquaparkban korl\u00e1tozott a hely, aj\u00e1nlott a jegyeket el\u0151v\u00e9telben megv\u00e1s\u00e1rolni itt: https:\/\/aquapark-nymphaea.ro\/infopoint\/achizitionare-bilete Gyakran feltett k\u00e9rd\u00e9sek a Nymphaea hozz\u00e1f\u00e9r\u00e9s\u00e9vel \u00e9s szolg\u00e1ltat\u00e1saival kapcsolatban: https:\/\/aquapark-nymphaea.ro\/infopoint\/intrebari-frecvente Aquapark Nymphaea &#8211; 13B, Aleea \u0218trandului utca, Nagyv\u00e1rad Nyitvatart\u00e1s: naponta 10 \u00f3r\u00e1t\u00f3l 22 \u00f3r\u00e1ig. Teljes k\u00f6r\u0171 inform\u00e1ci\u00f3 az SC ADP SA Oradea (Nagyv\u00e1rad) \u00f6nkorm\u00e1nyzati v\u00e1llalat \u00e1ltal kezelt aquaparkr\u00f3l: https:\/\/aquapark-nymphaea.ro\/ \u0150ssi strand A K\u00f6zter\u00fcletfenntart\u00f3 V\u00e1llalat \u00e1ltal kezelt \u0150ssi strand egyike a hagyom\u00e1nyos nagyv\u00e1radi f\u00fcrd\u0151helyeknek. Az uszoda az \u0150ssi negyedben a Sebes K\u00f6r\u00f6s bal partj\u00e1n, az Antonio Alexe Ar\u00e9na k\u00f6zel\u00e9ben tal\u00e1lhat\u00f3. A nagyv\u00e1radi v\u00e1rosh\u00e1za azt tervezi, hogy korszer\u0171s\u00edti ezt a gy\u00f3gyf\u00fcrd\u0151t \u00e9s egy aquaparkkal ell\u00e1tott term\u00e1lparkk\u00e1 alak\u00edtja \u00e1t, vissza nem t\u00e9r\u00edtend\u0151 eur\u00f3pai forr\u00e1sok ig\u00e9nybev\u00e9tel\u00e9vel. Tov\u00e1bbi inform\u00e1ci\u00f3k az \u0150ssi strand \u00e1ltal k\u00edn\u00e1lt szolg\u00e1ltat\u00e1sokr\u00f3l valamint a bel\u00e9p\u0151d\u00edjakr\u00f3l \u00e9s a nyitvatart\u00e1si id\u0151kr\u0151l: https:\/\/adporadea.ro\/index.php\/domeniu-public\/strandul-iosia<\/p>\n","protected":false},"author":1,"featured_media":18585,"parent":103087,"menu_order":0,"comment_status":"closed","ping_status":"closed","template":"","meta":{"_acf_changed":false,"ep_exclude_from_search":false,"footnotes":""},"class_list":["post-184818","page","type-page","status-publish","has-post-thumbnail","hentry"],"acf":[],"yoast_head":"<!-- This site is optimized with the Yoast SEO plugin v26.6 - https:\/\/yoast.com\/wordpress\/plugins\/seo\/ -->\n<title>Strandok - Oradea.ro<\/title>\n<meta name=\"robots\" content=\"index, follow, max-snippet:-1, max-image-preview:large, max-video-preview:-1\" \/>\n<link rel=\"canonical\" href=\"https:\/\/oradea.ro\/hu\/polgarok-szamara\/a-polgaroknak\/strandok\/\" \/>\n<meta property=\"og:locale\" content=\"hu_HU\" \/>\n<meta property=\"og:type\" content=\"article\" \/>\n<meta property=\"og:title\" content=\"Strandok - Oradea.ro\" \/>\n<meta property=\"og:description\" content=\"Strandok Strandok Nymphaea Aquapark Az orsz\u00e1g nyugati r\u00e9sz\u00e9nek legnagyobb aquaparkja Nagyv\u00e1rad egyik legfontosabb l\u00e1tnival\u00f3ja. A viziparkban belt\u00e9ri \u00e9s k\u00fclt\u00e9ri medenc\u00e9k, l\u00e1tv\u00e1nyos belt\u00e9ri \u00e9s k\u00fclt\u00e9ri cs\u00faszd\u00e1k, pezsg\u0151f\u00fcrd\u0151k, valamint t\u00f6r\u00f6kf\u00fcrd\u0151ket, szaun\u00e1kat, massz\u00e1zst \u00e9s VIP-pezsg\u0151f\u00fcrd\u0151ket mag\u00e1ban foglal\u00f3 wellnessr\u00e9szleg tal\u00e1lhat\u00f3. A bels\u0151 \u00e9p\u00fcleten k\u00edv\u00fcl nagy z\u00f6ldter\u00fcletek \u00e9s sportp\u00e1ly\u00e1k is vannak. Az aquapark vend\u00e9gei \u00e9ttermet \u00e9s b\u00e1rokat, valamint aquashopot vehetnek ig\u00e9nybe. Mivel a Nymphaea Aquaparkban korl\u00e1tozott a hely, aj\u00e1nlott a jegyeket el\u0151v\u00e9telben megv\u00e1s\u00e1rolni itt: https:\/\/aquapark-nymphaea.ro\/infopoint\/achizitionare-bilete Gyakran feltett k\u00e9rd\u00e9sek a Nymphaea hozz\u00e1f\u00e9r\u00e9s\u00e9vel \u00e9s szolg\u00e1ltat\u00e1saival kapcsolatban: https:\/\/aquapark-nymphaea.ro\/infopoint\/intrebari-frecvente Aquapark Nymphaea &#8211; 13B, Aleea \u0218trandului utca, Nagyv\u00e1rad Nyitvatart\u00e1s: naponta 10 \u00f3r\u00e1t\u00f3l 22 \u00f3r\u00e1ig. Teljes k\u00f6r\u0171 inform\u00e1ci\u00f3 az SC ADP SA Oradea (Nagyv\u00e1rad) \u00f6nkorm\u00e1nyzati v\u00e1llalat \u00e1ltal kezelt aquaparkr\u00f3l: https:\/\/aquapark-nymphaea.ro\/ \u0150ssi strand A K\u00f6zter\u00fcletfenntart\u00f3 V\u00e1llalat \u00e1ltal kezelt \u0150ssi strand egyike a hagyom\u00e1nyos nagyv\u00e1radi f\u00fcrd\u0151helyeknek. Az uszoda az \u0150ssi negyedben a Sebes K\u00f6r\u00f6s bal partj\u00e1n, az Antonio Alexe Ar\u00e9na k\u00f6zel\u00e9ben tal\u00e1lhat\u00f3. A nagyv\u00e1radi v\u00e1rosh\u00e1za azt tervezi, hogy korszer\u0171s\u00edti ezt a gy\u00f3gyf\u00fcrd\u0151t \u00e9s egy aquaparkkal ell\u00e1tott term\u00e1lparkk\u00e1 alak\u00edtja \u00e1t, vissza nem t\u00e9r\u00edtend\u0151 eur\u00f3pai forr\u00e1sok ig\u00e9nybev\u00e9tel\u00e9vel. Tov\u00e1bbi inform\u00e1ci\u00f3k az \u0150ssi strand \u00e1ltal k\u00edn\u00e1lt szolg\u00e1ltat\u00e1sokr\u00f3l valamint a bel\u00e9p\u0151d\u00edjakr\u00f3l \u00e9s a nyitvatart\u00e1si id\u0151kr\u0151l: https:\/\/adporadea.ro\/index.php\/domeniu-public\/strandul-iosia\" \/>\n<meta property=\"og:url\" content=\"https:\/\/oradea.ro\/hu\/polgarok-szamara\/a-polgaroknak\/strandok\/\" \/>\n<meta property=\"og:site_name\" content=\"Oradea.ro\" \/>\n<meta property=\"article:modified_time\" content=\"2024-01-24T08:56:43+00:00\" \/>\n<meta property=\"og:image\" content=\"https:\/\/oradea.ro\/wp-content\/uploads\/2023\/10\/hero_strand.webp\" \/>\n\t<meta property=\"og:image:width\" content=\"1920\" \/>\n\t<meta property=\"og:image:height\" content=\"1279\" \/>\n\t<meta property=\"og:image:type\" content=\"image\/webp\" \/>\n<meta name=\"twitter:card\" content=\"summary_large_image\" \/>\n<meta name=\"twitter:label1\" content=\"Becs\u00fclt olvas\u00e1si id\u0151\" \/>\n\t<meta name=\"twitter:data1\" content=\"2 perc\" \/>\n<script type=\"application\/ld+json\" class=\"yoast-schema-graph\">{\"@context\":\"https:\/\/schema.org\",\"@graph\":[{\"@type\":\"WebPage\",\"@id\":\"https:\/\/oradea.ro\/hu\/polgarok-szamara\/a-polgaroknak\/strandok\/\",\"url\":\"https:\/\/oradea.ro\/hu\/polgarok-szamara\/a-polgaroknak\/strandok\/\",\"name\":\"Strandok - Oradea.ro\",\"isPartOf\":{\"@id\":\"https:\/\/oradea.ro\/#website\"},\"primaryImageOfPage\":{\"@id\":\"https:\/\/oradea.ro\/hu\/polgarok-szamara\/a-polgaroknak\/strandok\/#primaryimage\"},\"image\":{\"@id\":\"https:\/\/oradea.ro\/hu\/polgarok-szamara\/a-polgaroknak\/strandok\/#primaryimage\"},\"thumbnailUrl\":\"https:\/\/oradea.ro\/wp-content\/uploads\/2023\/10\/hero_strand.webp\",\"datePublished\":\"2023-09-12T04:56:16+00:00\",\"dateModified\":\"2024-01-24T08:56:43+00:00\",\"breadcrumb\":{\"@id\":\"https:\/\/oradea.ro\/hu\/polgarok-szamara\/a-polgaroknak\/strandok\/#breadcrumb\"},\"inLanguage\":\"hu\",\"potentialAction\":[{\"@type\":\"ReadAction\",\"target\":[\"https:\/\/oradea.ro\/hu\/polgarok-szamara\/a-polgaroknak\/strandok\/\"]}]},{\"@type\":\"ImageObject\",\"inLanguage\":\"hu\",\"@id\":\"https:\/\/oradea.ro\/hu\/polgarok-szamara\/a-polgaroknak\/strandok\/#primaryimage\",\"url\":\"https:\/\/oradea.ro\/wp-content\/uploads\/2023\/10\/hero_strand.webp\",\"contentUrl\":\"https:\/\/oradea.ro\/wp-content\/uploads\/2023\/10\/hero_strand.webp\",\"width\":1920,\"height\":1279},{\"@type\":\"BreadcrumbList\",\"@id\":\"https:\/\/oradea.ro\/hu\/polgarok-szamara\/a-polgaroknak\/strandok\/#breadcrumb\",\"itemListElement\":[{\"@type\":\"ListItem\",\"position\":1,\"name\":\"\",\"item\":\"https:\/\/oradea.ro\/hu\/\"},{\"@type\":\"ListItem\",\"position\":2,\"name\":\"Polg\u00e1rok sz\u00e1m\u00e1ra\",\"item\":\"https:\/\/oradea.ro\/hu\/polgarok-szamara\/\"},{\"@type\":\"ListItem\",\"position\":3,\"name\":\"A polg\u00e1roknak\",\"item\":\"https:\/\/oradea.ro\/en\/for-citizens\/for-the-community\/\"},{\"@type\":\"ListItem\",\"position\":4,\"name\":\"Strandok\"}]},{\"@type\":\"WebSite\",\"@id\":\"https:\/\/oradea.ro\/#website\",\"url\":\"https:\/\/oradea.ro\/\",\"name\":\"Oradea.ro\",\"description\":\"Site-ul oficial al Prim\u0103riei Municipiului Oradea\",\"publisher\":{\"@id\":\"https:\/\/oradea.ro\/#organization\"},\"potentialAction\":[{\"@type\":\"SearchAction\",\"target\":{\"@type\":\"EntryPoint\",\"urlTemplate\":\"https:\/\/oradea.ro\/?s={search_term_string}\"},\"query-input\":{\"@type\":\"PropertyValueSpecification\",\"valueRequired\":true,\"valueName\":\"search_term_string\"}}],\"inLanguage\":\"hu\"},{\"@type\":\"Organization\",\"@id\":\"https:\/\/oradea.ro\/#organization\",\"name\":\"Oradea.ro\",\"url\":\"https:\/\/oradea.ro\/\",\"logo\":{\"@type\":\"ImageObject\",\"inLanguage\":\"hu\",\"@id\":\"https:\/\/oradea.ro\/#\/schema\/logo\/image\/\",\"url\":\"https:\/\/oradea.ro\/wp-content\/uploads\/2023\/06\/footer_logo.svg\",\"contentUrl\":\"https:\/\/oradea.ro\/wp-content\/uploads\/2023\/06\/footer_logo.svg\",\"width\":218,\"height\":53,\"caption\":\"Oradea.ro\"},\"image\":{\"@id\":\"https:\/\/oradea.ro\/#\/schema\/logo\/image\/\"}}]}<\/script>\n<!-- \/ Yoast SEO plugin. -->","yoast_head_json":{"title":"Strandok - Oradea.ro","robots":{"index":"index","follow":"follow","max-snippet":"max-snippet:-1","max-image-preview":"max-image-preview:large","max-video-preview":"max-video-preview:-1"},"canonical":"https:\/\/oradea.ro\/hu\/polgarok-szamara\/a-polgaroknak\/strandok\/","og_locale":"hu_HU","og_type":"article","og_title":"Strandok - Oradea.ro","og_description":"Strandok Strandok Nymphaea Aquapark Az orsz\u00e1g nyugati r\u00e9sz\u00e9nek legnagyobb aquaparkja Nagyv\u00e1rad egyik legfontosabb l\u00e1tnival\u00f3ja. A viziparkban belt\u00e9ri \u00e9s k\u00fclt\u00e9ri medenc\u00e9k, l\u00e1tv\u00e1nyos belt\u00e9ri \u00e9s k\u00fclt\u00e9ri cs\u00faszd\u00e1k, pezsg\u0151f\u00fcrd\u0151k, valamint t\u00f6r\u00f6kf\u00fcrd\u0151ket, szaun\u00e1kat, massz\u00e1zst \u00e9s VIP-pezsg\u0151f\u00fcrd\u0151ket mag\u00e1ban foglal\u00f3 wellnessr\u00e9szleg tal\u00e1lhat\u00f3. A bels\u0151 \u00e9p\u00fcleten k\u00edv\u00fcl nagy z\u00f6ldter\u00fcletek \u00e9s sportp\u00e1ly\u00e1k is vannak. Az aquapark vend\u00e9gei \u00e9ttermet \u00e9s b\u00e1rokat, valamint aquashopot vehetnek ig\u00e9nybe. Mivel a Nymphaea Aquaparkban korl\u00e1tozott a hely, aj\u00e1nlott a jegyeket el\u0151v\u00e9telben megv\u00e1s\u00e1rolni itt: https:\/\/aquapark-nymphaea.ro\/infopoint\/achizitionare-bilete Gyakran feltett k\u00e9rd\u00e9sek a Nymphaea hozz\u00e1f\u00e9r\u00e9s\u00e9vel \u00e9s szolg\u00e1ltat\u00e1saival kapcsolatban: https:\/\/aquapark-nymphaea.ro\/infopoint\/intrebari-frecvente Aquapark Nymphaea &#8211; 13B, Aleea \u0218trandului utca, Nagyv\u00e1rad Nyitvatart\u00e1s: naponta 10 \u00f3r\u00e1t\u00f3l 22 \u00f3r\u00e1ig. Teljes k\u00f6r\u0171 inform\u00e1ci\u00f3 az SC ADP SA Oradea (Nagyv\u00e1rad) \u00f6nkorm\u00e1nyzati v\u00e1llalat \u00e1ltal kezelt aquaparkr\u00f3l: https:\/\/aquapark-nymphaea.ro\/ \u0150ssi strand A K\u00f6zter\u00fcletfenntart\u00f3 V\u00e1llalat \u00e1ltal kezelt \u0150ssi strand egyike a hagyom\u00e1nyos nagyv\u00e1radi f\u00fcrd\u0151helyeknek. Az uszoda az \u0150ssi negyedben a Sebes K\u00f6r\u00f6s bal partj\u00e1n, az Antonio Alexe Ar\u00e9na k\u00f6zel\u00e9ben tal\u00e1lhat\u00f3. A nagyv\u00e1radi v\u00e1rosh\u00e1za azt tervezi, hogy korszer\u0171s\u00edti ezt a gy\u00f3gyf\u00fcrd\u0151t \u00e9s egy aquaparkkal ell\u00e1tott term\u00e1lparkk\u00e1 alak\u00edtja \u00e1t, vissza nem t\u00e9r\u00edtend\u0151 eur\u00f3pai forr\u00e1sok ig\u00e9nybev\u00e9tel\u00e9vel. Tov\u00e1bbi inform\u00e1ci\u00f3k az \u0150ssi strand \u00e1ltal k\u00edn\u00e1lt szolg\u00e1ltat\u00e1sokr\u00f3l valamint a bel\u00e9p\u0151d\u00edjakr\u00f3l \u00e9s a nyitvatart\u00e1si id\u0151kr\u0151l: https:\/\/adporadea.ro\/index.php\/domeniu-public\/strandul-iosia","og_url":"https:\/\/oradea.ro\/hu\/polgarok-szamara\/a-polgaroknak\/strandok\/","og_site_name":"Oradea.ro","article_modified_time":"2024-01-24T08:56:43+00:00","og_image":[{"width":1920,"height":1279,"url":"https:\/\/oradea.ro\/wp-content\/uploads\/2023\/10\/hero_strand.webp","type":"image\/webp"}],"twitter_card":"summary_large_image","twitter_misc":{"Becs\u00fclt olvas\u00e1si id\u0151":"2 perc"},"schema":{"@context":"https:\/\/schema.org","@graph":[{"@type":"WebPage","@id":"https:\/\/oradea.ro\/hu\/polgarok-szamara\/a-polgaroknak\/strandok\/","url":"https:\/\/oradea.ro\/hu\/polgarok-szamara\/a-polgaroknak\/strandok\/","name":"Strandok - Oradea.ro","isPartOf":{"@id":"https:\/\/oradea.ro\/#website"},"primaryImageOfPage":{"@id":"https:\/\/oradea.ro\/hu\/polgarok-szamara\/a-polgaroknak\/strandok\/#primaryimage"},"image":{"@id":"https:\/\/oradea.ro\/hu\/polgarok-szamara\/a-polgaroknak\/strandok\/#primaryimage"},"thumbnailUrl":"https:\/\/oradea.ro\/wp-content\/uploads\/2023\/10\/hero_strand.webp","datePublished":"2023-09-12T04:56:16+00:00","dateModified":"2024-01-24T08:56:43+00:00","breadcrumb":{"@id":"https:\/\/oradea.ro\/hu\/polgarok-szamara\/a-polgaroknak\/strandok\/#breadcrumb"},"inLanguage":"hu","potentialAction":[{"@type":"ReadAction","target":["https:\/\/oradea.ro\/hu\/polgarok-szamara\/a-polgaroknak\/strandok\/"]}]},{"@type":"ImageObject","inLanguage":"hu","@id":"https:\/\/oradea.ro\/hu\/polgarok-szamara\/a-polgaroknak\/strandok\/#primaryimage","url":"https:\/\/oradea.ro\/wp-content\/uploads\/2023\/10\/hero_strand.webp","contentUrl":"https:\/\/oradea.ro\/wp-content\/uploads\/2023\/10\/hero_strand.webp","width":1920,"height":1279},{"@type":"BreadcrumbList","@id":"https:\/\/oradea.ro\/hu\/polgarok-szamara\/a-polgaroknak\/strandok\/#breadcrumb","itemListElement":[{"@type":"ListItem","position":1,"name":"","item":"https:\/\/oradea.ro\/hu\/"},{"@type":"ListItem","position":2,"name":"Polg\u00e1rok sz\u00e1m\u00e1ra","item":"https:\/\/oradea.ro\/hu\/polgarok-szamara\/"},{"@type":"ListItem","position":3,"name":"A polg\u00e1roknak","item":"https:\/\/oradea.ro\/en\/for-citizens\/for-the-community\/"},{"@type":"ListItem","position":4,"name":"Strandok"}]},{"@type":"WebSite","@id":"https:\/\/oradea.ro\/#website","url":"https:\/\/oradea.ro\/","name":"Oradea.ro","description":"Site-ul oficial al Prim\u0103riei Municipiului Oradea","publisher":{"@id":"https:\/\/oradea.ro\/#organization"},"potentialAction":[{"@type":"SearchAction","target":{"@type":"EntryPoint","urlTemplate":"https:\/\/oradea.ro\/?s={search_term_string}"},"query-input":{"@type":"PropertyValueSpecification","valueRequired":true,"valueName":"search_term_string"}}],"inLanguage":"hu"},{"@type":"Organization","@id":"https:\/\/oradea.ro\/#organization","name":"Oradea.ro","url":"https:\/\/oradea.ro\/","logo":{"@type":"ImageObject","inLanguage":"hu","@id":"https:\/\/oradea.ro\/#\/schema\/logo\/image\/","url":"https:\/\/oradea.ro\/wp-content\/uploads\/2023\/06\/footer_logo.svg","contentUrl":"https:\/\/oradea.ro\/wp-content\/uploads\/2023\/06\/footer_logo.svg","width":218,"height":53,"caption":"Oradea.ro"},"image":{"@id":"https:\/\/oradea.ro\/#\/schema\/logo\/image\/"}}]}},"publishpress_future_action":{"enabled":false,"date":"2026-04-26 09:35:49","action":"change-status","newStatus":"draft","terms":[],"taxonomy":"translation_priority","extraData":[]},"publishpress_future_workflow_manual_trigger":{"enabledWorkflows":[]},"_links":{"self":[{"href":"https:\/\/oradea.ro\/hu\/wp-json\/wp\/v2\/pages\/184818","targetHints":{"allow":["GET"]}}],"collection":[{"href":"https:\/\/oradea.ro\/hu\/wp-json\/wp\/v2\/pages"}],"about":[{"href":"https:\/\/oradea.ro\/hu\/wp-json\/wp\/v2\/types\/page"}],"author":[{"embeddable":true,"href":"https:\/\/oradea.ro\/hu\/wp-json\/wp\/v2\/users\/1"}],"replies":[{"embeddable":true,"href":"https:\/\/oradea.ro\/hu\/wp-json\/wp\/v2\/comments?post=184818"}],"version-history":[{"count":2,"href":"https:\/\/oradea.ro\/hu\/wp-json\/wp\/v2\/pages\/184818\/revisions"}],"predecessor-version":[{"id":200193,"href":"https:\/\/oradea.ro\/hu\/wp-json\/wp\/v2\/pages\/184818\/revisions\/200193"}],"up":[{"embeddable":true,"href":"https:\/\/oradea.ro\/hu\/wp-json\/wp\/v2\/pages\/103087"}],"wp:featuredmedia":[{"embeddable":true,"href":"https:\/\/oradea.ro\/hu\/wp-json\/wp\/v2\/media\/18585"}],"wp:attachment":[{"href":"https:\/\/oradea.ro\/hu\/wp-json\/wp\/v2\/media?parent=184818"}],"curies":[{"name":"wp","href":"https:\/\/api.w.org\/{rel}","templated":true}]}}