{"id":184972,"date":"2023-09-12T06:56:30","date_gmt":"2023-09-12T06:56:30","guid":{"rendered":"https:\/\/oradea.ro\/a-polgaroknak\/varosi-kozlekedes\/"},"modified":"2024-01-10T09:34:50","modified_gmt":"2024-01-10T09:34:50","slug":"varosi-kozlekedes","status":"publish","type":"page","link":"https:\/\/oradea.ro\/hu\/polgarok-szamara\/a-polgaroknak\/varosi-kozlekedes\/","title":{"rendered":"V\u00e1rosi k\u00f6zleked\u00e9s"},"content":{"rendered":"<div class=\"min-w-[100vw] h-[350px] md:h-[500px] ml-[calc(50%-50vw)] flex items-end bg-no-repeat bg-white bg-cover bg-center px-5\" style=\"background-image: url(https:\/\/oradea.ro\/wp-content\/uploads\/2023\/10\/hero_mobilitate_urbana-e1697103612161.webp);\">\r\n                    <div class=\"w-full max-w-7xl mx-auto mb-6\">\r\n                        <h1 class=\"my-0 text-white font-extrabold font-open-sans text-3xl md:text-6xl [text-shadow:_0_1px_4px_rgb(0_0_0_\/_50%)]\">V\u00e1rosi k\u00f6zleked\u00e9s<\/h1>\r\n                    <\/div>\r\n                <\/div><div class=\"!px-5\"><div class=\"breadcrumbs w-full max-w-7xl mx-auto grid md:flex flex-wrap items-center py-4 test\"><div><a href=\"https:\/\/oradea.ro\/hu\/\"><span class=\"fas fa-home text-[#ABAEB3]\"><\/span><\/a><span class=\"md:hidden\"><span class=\"fas fa-chevron-down mx-5 text-xs text-[#ABAEB3] hover:text-black\/50 transition-all\"><\/span><\/span><span class=\"hidden md:inline\"><span class=\"fas fa-chevron-right mx-5 text-xs text-[#ABAEB3] hover:text-black\/50 transition-all\"><\/span><\/span><\/div><span class=\"font-poppins font-semibold uppercase text-black\/60\">V\u00e1rosi k\u00f6zleked\u00e9s<\/span><\/div><\/div>\t\t<div data-elementor-type=\"wp-page\" data-elementor-id=\"184972\" class=\"elementor elementor-184972 elementor-8022\" data-elementor-post-type=\"page\">\n\t\t\t\t<div class=\"elementor-element elementor-element-702c479 e-flex e-con-boxed wpr-particle-no wpr-jarallax-no wpr-parallax-no wpr-sticky-section-no e-con e-parent\" data-id=\"702c479\" data-element_type=\"container\">\n\t\t\t\t\t<div class=\"e-con-inner\">\n\t\t<div class=\"elementor-element elementor-element-debd485 e-flex e-con-boxed wpr-particle-no wpr-jarallax-no wpr-parallax-no wpr-sticky-section-no e-con e-parent\" data-id=\"debd485\" data-element_type=\"container\">\n\t\t\t\t\t<div class=\"e-con-inner\">\n\t\t\t\t<div class=\"elementor-element elementor-element-acb3820 elementor-widget elementor-widget-heading\" data-id=\"acb3820\" data-element_type=\"widget\" data-widget_type=\"heading.default\">\n\t\t\t\t<div class=\"elementor-widget-container\">\n\t\t\t\t\t<h2 class=\"elementor-heading-title elementor-size-default\">V\u00e1rosi k\u00f6zleked\u00e9s<\/h2>\t\t\t\t<\/div>\n\t\t\t\t<\/div>\n\t\t<div class=\"elementor-element elementor-element-87f8bbe e-con-full e-flex wpr-particle-no wpr-jarallax-no wpr-parallax-no wpr-sticky-section-no e-con e-parent\" data-id=\"87f8bbe\" data-element_type=\"container\">\n\t\t<a class=\"elementor-element elementor-element-ce44f3c e-con-full e-flex wpr-particle-no wpr-jarallax-no wpr-parallax-no wpr-sticky-section-no e-con e-parent\" data-id=\"ce44f3c\" data-element_type=\"container\" href=\"https:\/\/oradea.ro\/pentru-cetateni\/pentru-comunitate\/mobilitate-urbana\/drumuri-publice\/\">\n\t\t\t\t<div class=\"elementor-element elementor-element-06a5969 elementor-widget elementor-widget-heading\" data-id=\"06a5969\" data-element_type=\"widget\" data-widget_type=\"heading.default\">\n\t\t\t\t<div class=\"elementor-widget-container\">\n\t\t\t\t\t<h2 class=\"elementor-heading-title elementor-size-default\">K\u00f6zutak<\/h2>\t\t\t\t<\/div>\n\t\t\t\t<\/div>\n\t\t\t\t<div class=\"elementor-element elementor-element-5d6a5da elementor-widget elementor-widget-text-editor\" data-id=\"5d6a5da\" data-element_type=\"widget\" data-widget_type=\"text-editor.default\">\n\t\t\t\t<div class=\"elementor-widget-container\">\n\t\t\t\t\t\t\t\t\t<p><span style=\"font-weight: 400;\">F\u0151 k\u00f6zleked\u00e9si tengelyek, nagyv\u00e1radi k\u00f6rgy\u0171r\u0171, kelet-nyugati gyorsforgalmi \u00fat <\/span><\/p>\n\t\t\t\t\t\t\t\t<\/div>\n\t\t\t\t<\/div>\n\t\t\t\t<\/a>\n\t\t<a class=\"elementor-element elementor-element-6aebdf4 e-con-full e-flex wpr-particle-no wpr-jarallax-no wpr-parallax-no wpr-sticky-section-no e-con e-parent\" data-id=\"6aebdf4\" data-element_type=\"container\" href=\"https:\/\/oradea.ro\/hu\/tomegkozlekedes\/\">\n\t\t\t\t<div class=\"elementor-element elementor-element-860cd9d elementor-widget elementor-widget-heading\" data-id=\"860cd9d\" data-element_type=\"widget\" data-widget_type=\"heading.default\">\n\t\t\t\t<div class=\"elementor-widget-container\">\n\t\t\t\t\t<h2 class=\"elementor-heading-title elementor-size-default\">T\u00f6megk\u00f6zleked\u00e9s<\/h2>\t\t\t\t<\/div>\n\t\t\t\t<\/div>\n\t\t\t\t<div class=\"elementor-element elementor-element-2b6e6ee elementor-widget elementor-widget-text-editor\" data-id=\"2b6e6ee\" data-element_type=\"widget\" data-widget_type=\"text-editor.default\">\n\t\t\t\t<div class=\"elementor-widget-container\">\n\t\t\t\t\t\t\t\t\t<p><span style=\"font-weight: 400;\">Nagyv\u00e1radi villamos- \u00e9s buszflotta, k\u00f6zsz\u00e1ll\u00edt\u00e1s a Metropolisz \u00d6vezetben <\/span><\/p>\n\t\t\t\t\t\t\t\t<\/div>\n\t\t\t\t<\/div>\n\t\t\t\t<\/a>\n\t\t\t\t<\/div>\n\t\t<div class=\"elementor-element elementor-element-1f2cc1c e-con-full e-flex wpr-particle-no wpr-jarallax-no wpr-parallax-no wpr-sticky-section-no e-con e-parent\" data-id=\"1f2cc1c\" data-element_type=\"container\">\n\t\t<a class=\"elementor-element elementor-element-c5166a9 e-con-full e-flex wpr-particle-no wpr-jarallax-no wpr-parallax-no wpr-sticky-section-no e-con e-parent\" data-id=\"c5166a9\" data-element_type=\"container\" href=\"https:\/\/oradea.ro\/hu\/bicikliutak\/\">\n\t\t\t\t<div class=\"elementor-element elementor-element-9eb0648 elementor-widget elementor-widget-heading\" data-id=\"9eb0648\" data-element_type=\"widget\" data-widget_type=\"heading.default\">\n\t\t\t\t<div class=\"elementor-widget-container\">\n\t\t\t\t\t<h2 class=\"elementor-heading-title elementor-size-default\">Bicikliutak<\/h2>\t\t\t\t<\/div>\n\t\t\t\t<\/div>\n\t\t\t\t<div class=\"elementor-element elementor-element-6469731 elementor-widget elementor-widget-text-editor\" data-id=\"6469731\" data-element_type=\"widget\" data-widget_type=\"text-editor.default\">\n\t\t\t\t<div class=\"elementor-widget-container\">\n\t\t\t\t\t\t\t\t\t<p><span style=\"font-weight: 400;\">A ker\u00e9kp\u00e1rutak t\u00e9rk\u00e9pe Nagyv\u00e1radon<\/span><\/p>\n\t\t\t\t\t\t\t\t<\/div>\n\t\t\t\t<\/div>\n\t\t\t\t<\/a>\n\t\t<a class=\"elementor-element elementor-element-bcb3e5c e-con-full e-flex wpr-particle-no wpr-jarallax-no wpr-parallax-no wpr-sticky-section-no e-con e-parent\" data-id=\"bcb3e5c\" data-element_type=\"container\" href=\"https:\/\/oradea.ro\/pentru-cetateni\/pentru-comunitate\/mobilitate-urbana\/taxi-ride-sharing\/\">\n\t\t\t\t<div class=\"elementor-element elementor-element-1a23d27 elementor-widget elementor-widget-heading\" data-id=\"1a23d27\" data-element_type=\"widget\" data-widget_type=\"heading.default\">\n\t\t\t\t<div class=\"elementor-widget-container\">\n\t\t\t\t\t<h2 class=\"elementor-heading-title elementor-size-default\">Taxi \u00e9s fuvarmegoszt\u00e1s<\/h2>\t\t\t\t<\/div>\n\t\t\t\t<\/div>\n\t\t\t\t<div class=\"elementor-element elementor-element-8037492 elementor-widget elementor-widget-text-editor\" data-id=\"8037492\" data-element_type=\"widget\" data-widget_type=\"text-editor.default\">\n\t\t\t\t<div class=\"elementor-widget-container\">\n\t\t\t\t\t\t\t\t\t<p><span style=\"font-weight: 400;\">Taxi t\u00e1rsas\u00e1gok, Uber &amp; Bolt<\/span><\/p>\n\t\t\t\t\t\t\t\t<\/div>\n\t\t\t\t<\/div>\n\t\t\t\t<\/a>\n\t\t\t\t<\/div>\n\t\t\t\t\t<\/div>\n\t\t\t\t<\/div>\n\t\t\t\t\t<\/div>\n\t\t\t\t<\/div>\n\t\t\t\t<\/div>\n\t\t","protected":false},"excerpt":{"rendered":"<p>V\u00e1rosi k\u00f6zleked\u00e9s V\u00e1rosi k\u00f6zleked\u00e9s V\u00e1rosi k\u00f6zleked\u00e9s K\u00f6zutak F\u0151 k\u00f6zleked\u00e9si tengelyek, nagyv\u00e1radi k\u00f6rgy\u0171r\u0171, kelet-nyugati gyorsforgalmi \u00fat T\u00f6megk\u00f6zleked\u00e9s Nagyv\u00e1radi villamos- \u00e9s buszflotta, k\u00f6zsz\u00e1ll\u00edt\u00e1s a Metropolisz \u00d6vezetben Bicikliutak A ker\u00e9kp\u00e1rutak t\u00e9rk\u00e9pe Nagyv\u00e1radon Taxi \u00e9s fuvarmegoszt\u00e1s Taxi t\u00e1rsas\u00e1gok, Uber &amp; Bolt<\/p>\n","protected":false},"author":1,"featured_media":18568,"parent":103087,"menu_order":0,"comment_status":"closed","ping_status":"closed","template":"","meta":{"_acf_changed":false,"ep_exclude_from_search":false,"footnotes":""},"class_list":["post-184972","page","type-page","status-publish","has-post-thumbnail","hentry"],"acf":[],"yoast_head":"<!-- This site is optimized with the Yoast SEO plugin v26.6 - https:\/\/yoast.com\/wordpress\/plugins\/seo\/ -->\n<title>V\u00e1rosi k\u00f6zleked\u00e9s - Oradea.ro<\/title>\n<meta name=\"robots\" content=\"index, follow, max-snippet:-1, max-image-preview:large, max-video-preview:-1\" \/>\n<link rel=\"canonical\" href=\"https:\/\/oradea.ro\/hu\/polgarok-szamara\/a-polgaroknak\/varosi-kozlekedes\/\" \/>\n<meta property=\"og:locale\" content=\"hu_HU\" \/>\n<meta property=\"og:type\" content=\"article\" \/>\n<meta property=\"og:title\" content=\"V\u00e1rosi k\u00f6zleked\u00e9s - Oradea.ro\" \/>\n<meta property=\"og:description\" content=\"V\u00e1rosi k\u00f6zleked\u00e9s V\u00e1rosi k\u00f6zleked\u00e9s V\u00e1rosi k\u00f6zleked\u00e9s K\u00f6zutak F\u0151 k\u00f6zleked\u00e9si tengelyek, nagyv\u00e1radi k\u00f6rgy\u0171r\u0171, kelet-nyugati gyorsforgalmi \u00fat T\u00f6megk\u00f6zleked\u00e9s Nagyv\u00e1radi villamos- \u00e9s buszflotta, k\u00f6zsz\u00e1ll\u00edt\u00e1s a Metropolisz \u00d6vezetben Bicikliutak A ker\u00e9kp\u00e1rutak t\u00e9rk\u00e9pe Nagyv\u00e1radon Taxi \u00e9s fuvarmegoszt\u00e1s Taxi t\u00e1rsas\u00e1gok, Uber &amp; Bolt\" \/>\n<meta property=\"og:url\" content=\"https:\/\/oradea.ro\/hu\/polgarok-szamara\/a-polgaroknak\/varosi-kozlekedes\/\" \/>\n<meta property=\"og:site_name\" content=\"Oradea.ro\" \/>\n<meta property=\"article:modified_time\" content=\"2024-01-10T09:34:50+00:00\" \/>\n<meta property=\"og:image\" content=\"https:\/\/oradea.ro\/wp-content\/uploads\/2023\/10\/hero_mobilitate_urbana-e1697103612161.webp\" \/>\n\t<meta property=\"og:image:width\" content=\"1920\" \/>\n\t<meta property=\"og:image:height\" content=\"1280\" \/>\n\t<meta property=\"og:image:type\" content=\"image\/webp\" \/>\n<meta name=\"twitter:card\" content=\"summary_large_image\" \/>\n<script type=\"application\/ld+json\" class=\"yoast-schema-graph\">{\"@context\":\"https:\/\/schema.org\",\"@graph\":[{\"@type\":\"WebPage\",\"@id\":\"https:\/\/oradea.ro\/hu\/polgarok-szamara\/a-polgaroknak\/varosi-kozlekedes\/\",\"url\":\"https:\/\/oradea.ro\/hu\/polgarok-szamara\/a-polgaroknak\/varosi-kozlekedes\/\",\"name\":\"V\u00e1rosi k\u00f6zleked\u00e9s - Oradea.ro\",\"isPartOf\":{\"@id\":\"https:\/\/oradea.ro\/#website\"},\"primaryImageOfPage\":{\"@id\":\"https:\/\/oradea.ro\/hu\/polgarok-szamara\/a-polgaroknak\/varosi-kozlekedes\/#primaryimage\"},\"image\":{\"@id\":\"https:\/\/oradea.ro\/hu\/polgarok-szamara\/a-polgaroknak\/varosi-kozlekedes\/#primaryimage\"},\"thumbnailUrl\":\"https:\/\/oradea.ro\/wp-content\/uploads\/2023\/10\/hero_mobilitate_urbana-e1697103612161.webp\",\"datePublished\":\"2023-09-12T06:56:30+00:00\",\"dateModified\":\"2024-01-10T09:34:50+00:00\",\"breadcrumb\":{\"@id\":\"https:\/\/oradea.ro\/hu\/polgarok-szamara\/a-polgaroknak\/varosi-kozlekedes\/#breadcrumb\"},\"inLanguage\":\"hu\",\"potentialAction\":[{\"@type\":\"ReadAction\",\"target\":[\"https:\/\/oradea.ro\/hu\/polgarok-szamara\/a-polgaroknak\/varosi-kozlekedes\/\"]}]},{\"@type\":\"ImageObject\",\"inLanguage\":\"hu\",\"@id\":\"https:\/\/oradea.ro\/hu\/polgarok-szamara\/a-polgaroknak\/varosi-kozlekedes\/#primaryimage\",\"url\":\"https:\/\/oradea.ro\/wp-content\/uploads\/2023\/10\/hero_mobilitate_urbana-e1697103612161.webp\",\"contentUrl\":\"https:\/\/oradea.ro\/wp-content\/uploads\/2023\/10\/hero_mobilitate_urbana-e1697103612161.webp\",\"width\":1920,\"height\":1280},{\"@type\":\"BreadcrumbList\",\"@id\":\"https:\/\/oradea.ro\/hu\/polgarok-szamara\/a-polgaroknak\/varosi-kozlekedes\/#breadcrumb\",\"itemListElement\":[{\"@type\":\"ListItem\",\"position\":1,\"name\":\"\",\"item\":\"https:\/\/oradea.ro\/hu\/\"},{\"@type\":\"ListItem\",\"position\":2,\"name\":\"Polg\u00e1rok sz\u00e1m\u00e1ra\",\"item\":\"https:\/\/oradea.ro\/hu\/polgarok-szamara\/\"},{\"@type\":\"ListItem\",\"position\":3,\"name\":\"A polg\u00e1roknak\",\"item\":\"https:\/\/oradea.ro\/en\/for-citizens\/for-the-community\/\"},{\"@type\":\"ListItem\",\"position\":4,\"name\":\"V\u00e1rosi k\u00f6zleked\u00e9s\"}]},{\"@type\":\"WebSite\",\"@id\":\"https:\/\/oradea.ro\/#website\",\"url\":\"https:\/\/oradea.ro\/\",\"name\":\"Oradea.ro\",\"description\":\"Site-ul oficial al Prim\u0103riei Municipiului Oradea\",\"publisher\":{\"@id\":\"https:\/\/oradea.ro\/#organization\"},\"potentialAction\":[{\"@type\":\"SearchAction\",\"target\":{\"@type\":\"EntryPoint\",\"urlTemplate\":\"https:\/\/oradea.ro\/?s={search_term_string}\"},\"query-input\":{\"@type\":\"PropertyValueSpecification\",\"valueRequired\":true,\"valueName\":\"search_term_string\"}}],\"inLanguage\":\"hu\"},{\"@type\":\"Organization\",\"@id\":\"https:\/\/oradea.ro\/#organization\",\"name\":\"Oradea.ro\",\"url\":\"https:\/\/oradea.ro\/\",\"logo\":{\"@type\":\"ImageObject\",\"inLanguage\":\"hu\",\"@id\":\"https:\/\/oradea.ro\/#\/schema\/logo\/image\/\",\"url\":\"https:\/\/oradea.ro\/wp-content\/uploads\/2023\/06\/footer_logo.svg\",\"contentUrl\":\"https:\/\/oradea.ro\/wp-content\/uploads\/2023\/06\/footer_logo.svg\",\"width\":218,\"height\":53,\"caption\":\"Oradea.ro\"},\"image\":{\"@id\":\"https:\/\/oradea.ro\/#\/schema\/logo\/image\/\"}}]}<\/script>\n<!-- \/ Yoast SEO plugin. -->","yoast_head_json":{"title":"V\u00e1rosi k\u00f6zleked\u00e9s - Oradea.ro","robots":{"index":"index","follow":"follow","max-snippet":"max-snippet:-1","max-image-preview":"max-image-preview:large","max-video-preview":"max-video-preview:-1"},"canonical":"https:\/\/oradea.ro\/hu\/polgarok-szamara\/a-polgaroknak\/varosi-kozlekedes\/","og_locale":"hu_HU","og_type":"article","og_title":"V\u00e1rosi k\u00f6zleked\u00e9s - Oradea.ro","og_description":"V\u00e1rosi k\u00f6zleked\u00e9s V\u00e1rosi k\u00f6zleked\u00e9s V\u00e1rosi k\u00f6zleked\u00e9s K\u00f6zutak F\u0151 k\u00f6zleked\u00e9si tengelyek, nagyv\u00e1radi k\u00f6rgy\u0171r\u0171, kelet-nyugati gyorsforgalmi \u00fat T\u00f6megk\u00f6zleked\u00e9s Nagyv\u00e1radi villamos- \u00e9s buszflotta, k\u00f6zsz\u00e1ll\u00edt\u00e1s a Metropolisz \u00d6vezetben Bicikliutak A ker\u00e9kp\u00e1rutak t\u00e9rk\u00e9pe Nagyv\u00e1radon Taxi \u00e9s fuvarmegoszt\u00e1s Taxi t\u00e1rsas\u00e1gok, Uber &amp; Bolt","og_url":"https:\/\/oradea.ro\/hu\/polgarok-szamara\/a-polgaroknak\/varosi-kozlekedes\/","og_site_name":"Oradea.ro","article_modified_time":"2024-01-10T09:34:50+00:00","og_image":[{"width":1920,"height":1280,"url":"https:\/\/oradea.ro\/wp-content\/uploads\/2023\/10\/hero_mobilitate_urbana-e1697103612161.webp","type":"image\/webp"}],"twitter_card":"summary_large_image","schema":{"@context":"https:\/\/schema.org","@graph":[{"@type":"WebPage","@id":"https:\/\/oradea.ro\/hu\/polgarok-szamara\/a-polgaroknak\/varosi-kozlekedes\/","url":"https:\/\/oradea.ro\/hu\/polgarok-szamara\/a-polgaroknak\/varosi-kozlekedes\/","name":"V\u00e1rosi k\u00f6zleked\u00e9s - Oradea.ro","isPartOf":{"@id":"https:\/\/oradea.ro\/#website"},"primaryImageOfPage":{"@id":"https:\/\/oradea.ro\/hu\/polgarok-szamara\/a-polgaroknak\/varosi-kozlekedes\/#primaryimage"},"image":{"@id":"https:\/\/oradea.ro\/hu\/polgarok-szamara\/a-polgaroknak\/varosi-kozlekedes\/#primaryimage"},"thumbnailUrl":"https:\/\/oradea.ro\/wp-content\/uploads\/2023\/10\/hero_mobilitate_urbana-e1697103612161.webp","datePublished":"2023-09-12T06:56:30+00:00","dateModified":"2024-01-10T09:34:50+00:00","breadcrumb":{"@id":"https:\/\/oradea.ro\/hu\/polgarok-szamara\/a-polgaroknak\/varosi-kozlekedes\/#breadcrumb"},"inLanguage":"hu","potentialAction":[{"@type":"ReadAction","target":["https:\/\/oradea.ro\/hu\/polgarok-szamara\/a-polgaroknak\/varosi-kozlekedes\/"]}]},{"@type":"ImageObject","inLanguage":"hu","@id":"https:\/\/oradea.ro\/hu\/polgarok-szamara\/a-polgaroknak\/varosi-kozlekedes\/#primaryimage","url":"https:\/\/oradea.ro\/wp-content\/uploads\/2023\/10\/hero_mobilitate_urbana-e1697103612161.webp","contentUrl":"https:\/\/oradea.ro\/wp-content\/uploads\/2023\/10\/hero_mobilitate_urbana-e1697103612161.webp","width":1920,"height":1280},{"@type":"BreadcrumbList","@id":"https:\/\/oradea.ro\/hu\/polgarok-szamara\/a-polgaroknak\/varosi-kozlekedes\/#breadcrumb","itemListElement":[{"@type":"ListItem","position":1,"name":"","item":"https:\/\/oradea.ro\/hu\/"},{"@type":"ListItem","position":2,"name":"Polg\u00e1rok sz\u00e1m\u00e1ra","item":"https:\/\/oradea.ro\/hu\/polgarok-szamara\/"},{"@type":"ListItem","position":3,"name":"A polg\u00e1roknak","item":"https:\/\/oradea.ro\/en\/for-citizens\/for-the-community\/"},{"@type":"ListItem","position":4,"name":"V\u00e1rosi k\u00f6zleked\u00e9s"}]},{"@type":"WebSite","@id":"https:\/\/oradea.ro\/#website","url":"https:\/\/oradea.ro\/","name":"Oradea.ro","description":"Site-ul oficial al Prim\u0103riei Municipiului Oradea","publisher":{"@id":"https:\/\/oradea.ro\/#organization"},"potentialAction":[{"@type":"SearchAction","target":{"@type":"EntryPoint","urlTemplate":"https:\/\/oradea.ro\/?s={search_term_string}"},"query-input":{"@type":"PropertyValueSpecification","valueRequired":true,"valueName":"search_term_string"}}],"inLanguage":"hu"},{"@type":"Organization","@id":"https:\/\/oradea.ro\/#organization","name":"Oradea.ro","url":"https:\/\/oradea.ro\/","logo":{"@type":"ImageObject","inLanguage":"hu","@id":"https:\/\/oradea.ro\/#\/schema\/logo\/image\/","url":"https:\/\/oradea.ro\/wp-content\/uploads\/2023\/06\/footer_logo.svg","contentUrl":"https:\/\/oradea.ro\/wp-content\/uploads\/2023\/06\/footer_logo.svg","width":218,"height":53,"caption":"Oradea.ro"},"image":{"@id":"https:\/\/oradea.ro\/#\/schema\/logo\/image\/"}}]}},"publishpress_future_action":{"enabled":false,"date":"2026-04-30 18:55:11","action":"change-status","newStatus":"draft","terms":[],"taxonomy":"translation_priority","extraData":[]},"publishpress_future_workflow_manual_trigger":{"enabledWorkflows":[]},"_links":{"self":[{"href":"https:\/\/oradea.ro\/hu\/wp-json\/wp\/v2\/pages\/184972","targetHints":{"allow":["GET"]}}],"collection":[{"href":"https:\/\/oradea.ro\/hu\/wp-json\/wp\/v2\/pages"}],"about":[{"href":"https:\/\/oradea.ro\/hu\/wp-json\/wp\/v2\/types\/page"}],"author":[{"embeddable":true,"href":"https:\/\/oradea.ro\/hu\/wp-json\/wp\/v2\/users\/1"}],"replies":[{"embeddable":true,"href":"https:\/\/oradea.ro\/hu\/wp-json\/wp\/v2\/comments?post=184972"}],"version-history":[{"count":1,"href":"https:\/\/oradea.ro\/hu\/wp-json\/wp\/v2\/pages\/184972\/revisions"}],"predecessor-version":[{"id":184975,"href":"https:\/\/oradea.ro\/hu\/wp-json\/wp\/v2\/pages\/184972\/revisions\/184975"}],"up":[{"embeddable":true,"href":"https:\/\/oradea.ro\/hu\/wp-json\/wp\/v2\/pages\/103087"}],"wp:featuredmedia":[{"embeddable":true,"href":"https:\/\/oradea.ro\/hu\/wp-json\/wp\/v2\/media\/18568"}],"wp:attachment":[{"href":"https:\/\/oradea.ro\/hu\/wp-json\/wp\/v2\/media?parent=184972"}],"curies":[{"name":"wp","href":"https:\/\/api.w.org\/{rel}","templated":true}]}}