{"id":187200,"date":"2023-10-11T12:10:43","date_gmt":"2023-10-11T12:10:43","guid":{"rendered":"https:\/\/oradea.ro\/nagyvaradi-helyi-rendorseg\/"},"modified":"2024-01-10T10:01:19","modified_gmt":"2024-01-10T10:01:19","slug":"nagyvaradi-helyi-rendorseg","status":"publish","type":"page","link":"https:\/\/oradea.ro\/hu\/polgarok-szamara\/nagyvaradi-helyi-rendorseg\/","title":{"rendered":"Nagyv\u00e1radi Helyi Rend\u0151rs\u00e9g"},"content":{"rendered":"<div class=\"min-w-[100vw] h-[350px] md:h-[500px] ml-[calc(50%-50vw)] flex items-end bg-no-repeat bg-white bg-cover bg-center px-5\" style=\"background-image: url(https:\/\/oradea.ro\/wp-content\/uploads\/2023\/09\/hero_slide_2.webp);\">\r\n                    <div class=\"w-full max-w-7xl mx-auto mb-6\">\r\n                        <h1 class=\"my-0 text-white font-extrabold font-open-sans text-3xl md:text-6xl [text-shadow:_0_1px_4px_rgb(0_0_0_\/_50%)]\">Nagyv\u00e1radi Helyi Rend\u0151rs\u00e9g<\/h1>\r\n                    <\/div>\r\n                <\/div><div class=\"!px-5\"><div class=\"breadcrumbs w-full max-w-7xl mx-auto grid md:flex flex-wrap items-center py-4 test\"><div><a href=\"https:\/\/oradea.ro\/hu\/\"><span class=\"fas fa-home text-[#ABAEB3]\"><\/span><\/a><span class=\"md:hidden\"><span class=\"fas fa-chevron-down mx-5 text-xs text-[#ABAEB3] hover:text-black\/50 transition-all\"><\/span><\/span><span class=\"hidden md:inline\"><span class=\"fas fa-chevron-right mx-5 text-xs text-[#ABAEB3] hover:text-black\/50 transition-all\"><\/span><\/span><\/div><span class=\"font-poppins font-semibold uppercase text-black\/60\">Nagyv\u00e1radi Helyi Rend\u0151rs\u00e9g<\/span><\/div><\/div>\t\t<div data-elementor-type=\"wp-page\" data-elementor-id=\"187200\" class=\"elementor elementor-187200 elementor-18453\" data-elementor-post-type=\"page\">\n\t\t\t\t<div class=\"elementor-element elementor-element-7277e41 e-flex e-con-boxed wpr-particle-no wpr-jarallax-no wpr-parallax-no wpr-sticky-section-no e-con e-parent\" data-id=\"7277e41\" data-element_type=\"container\">\n\t\t\t\t\t<div class=\"e-con-inner\">\n\t\t<div class=\"elementor-element elementor-element-4fb521e e-flex e-con-boxed wpr-particle-no wpr-jarallax-no wpr-parallax-no wpr-sticky-section-no e-con e-parent\" data-id=\"4fb521e\" data-element_type=\"container\">\n\t\t\t\t\t<div class=\"e-con-inner\">\n\t\t\t\t<div class=\"elementor-element elementor-element-7667109 elementor-widget elementor-widget-heading\" data-id=\"7667109\" data-element_type=\"widget\" data-widget_type=\"heading.default\">\n\t\t\t\t<div class=\"elementor-widget-container\">\n\t\t\t\t\t<h2 class=\"elementor-heading-title elementor-size-default\">Nagyv\u00e1radi Helyi Rend\u0151rs\u00e9g<\/h2>\t\t\t\t<\/div>\n\t\t\t\t<\/div>\n\t\t<div class=\"elementor-element elementor-element-731ecc9 e-con-full e-flex wpr-particle-no wpr-jarallax-no wpr-parallax-no wpr-sticky-section-no e-con e-parent\" data-id=\"731ecc9\" data-element_type=\"container\">\n\t\t<a class=\"elementor-element elementor-element-82cbc50 e-con-full e-flex wpr-particle-no wpr-jarallax-no wpr-parallax-no wpr-sticky-section-no e-con e-parent\" data-id=\"82cbc50\" data-element_type=\"container\" href=\"https:\/\/oradea.ro\/pentru-cetateni\/politia-locala\/sesizari\/\">\n\t\t\t\t<div class=\"elementor-element elementor-element-4edca77 elementor-widget elementor-widget-heading\" data-id=\"4edca77\" data-element_type=\"widget\" data-widget_type=\"heading.default\">\n\t\t\t\t<div class=\"elementor-widget-container\">\n\t\t\t\t\t<h2 class=\"elementor-heading-title elementor-size-default\">BEJELENT\u00c9SEK <\/h2>\t\t\t\t<\/div>\n\t\t\t\t<\/div>\n\t\t\t\t<\/a>\n\t\t<a class=\"elementor-element elementor-element-66bac75 e-con-full e-flex wpr-particle-no wpr-jarallax-no wpr-parallax-no wpr-sticky-section-no e-con e-parent\" data-id=\"66bac75\" data-element_type=\"container\" href=\"https:\/\/oradea.ro\/hu\/menedzsment\/\">\n\t\t\t\t<div class=\"elementor-element elementor-element-ef30798 elementor-widget elementor-widget-heading\" data-id=\"ef30798\" data-element_type=\"widget\" data-widget_type=\"heading.default\">\n\t\t\t\t<div class=\"elementor-widget-container\">\n\t\t\t\t\t<h2 class=\"elementor-heading-title elementor-size-default\">VEZET\u00c9S<\/h2>\t\t\t\t<\/div>\n\t\t\t\t<\/div>\n\t\t\t\t<\/a>\n\t\t<a class=\"elementor-element elementor-element-f2a5b2f e-con-full e-flex wpr-particle-no wpr-jarallax-no wpr-parallax-no wpr-sticky-section-no e-con e-parent\" data-id=\"f2a5b2f\" data-element_type=\"container\" href=\"https:\/\/oradea.ro\/pentru-cetateni\/politia-locala\/contact\/\">\n\t\t\t\t<div class=\"elementor-element elementor-element-8cbcd52 elementor-widget elementor-widget-heading\" data-id=\"8cbcd52\" data-element_type=\"widget\" data-widget_type=\"heading.default\">\n\t\t\t\t<div class=\"elementor-widget-container\">\n\t\t\t\t\t<h2 class=\"elementor-heading-title elementor-size-default\">KAPCSOLAT<\/h2>\t\t\t\t<\/div>\n\t\t\t\t<\/div>\n\t\t\t\t<\/a>\n\t\t\t\t<\/div>\n\t\t<div class=\"elementor-element elementor-element-1ffd24c e-con-full e-flex wpr-particle-no wpr-jarallax-no wpr-parallax-no wpr-sticky-section-no e-con e-parent\" data-id=\"1ffd24c\" data-element_type=\"container\">\n\t\t<a class=\"elementor-element elementor-element-6141a1e e-con-full e-flex wpr-particle-no wpr-jarallax-no wpr-parallax-no wpr-sticky-section-no e-con e-parent\" data-id=\"6141a1e\" data-element_type=\"container\" href=\"https:\/\/oradea.ro\/pentru-cetateni\/politia-locala\/compartiment-dispecerat\/\">\n\t\t\t\t<div class=\"elementor-element elementor-element-a5d373b elementor-widget elementor-widget-heading\" data-id=\"a5d373b\" data-element_type=\"widget\" data-widget_type=\"heading.default\">\n\t\t\t\t<div class=\"elementor-widget-container\">\n\t\t\t\t\t<h2 class=\"elementor-heading-title elementor-size-default\">DISZP\u00c9CSERSZOLG\u00c1LAT<\/h2>\t\t\t\t<\/div>\n\t\t\t\t<\/div>\n\t\t\t\t<\/a>\n\t\t<a class=\"elementor-element elementor-element-823b828 e-con-full e-flex wpr-particle-no wpr-jarallax-no wpr-parallax-no wpr-sticky-section-no e-con e-parent\" data-id=\"823b828\" data-element_type=\"container\" href=\"https:\/\/oradea.ro\/pentru-cetateni\/politia-locala\/compartiment-patrula-de-serviciu\/\">\n\t\t\t\t<div class=\"elementor-element elementor-element-2295520 elementor-widget elementor-widget-heading\" data-id=\"2295520\" data-element_type=\"widget\" data-widget_type=\"heading.default\">\n\t\t\t\t<div class=\"elementor-widget-container\">\n\t\t\t\t\t<h2 class=\"elementor-heading-title elementor-size-default\">SZOLG\u00c1LATOS J\u00c1R\u0150R<\/h2>\t\t\t\t<\/div>\n\t\t\t\t<\/div>\n\t\t\t\t<\/a>\n\t\t<a class=\"elementor-element elementor-element-c8b49ed e-con-full e-flex wpr-particle-no wpr-jarallax-no wpr-parallax-no wpr-sticky-section-no e-con e-parent\" data-id=\"c8b49ed\" data-element_type=\"container\" href=\"https:\/\/oradea.ro\/pentru-cetateni\/politia-locala\/compartiment-cersetorie\/\">\n\t\t\t\t<div class=\"elementor-element elementor-element-8a15fac elementor-widget elementor-widget-heading\" data-id=\"8a15fac\" data-element_type=\"widget\" data-widget_type=\"heading.default\">\n\t\t\t\t<div class=\"elementor-widget-container\">\n\t\t\t\t\t<h2 class=\"elementor-heading-title elementor-size-default\">KOLDUL\u00c1S<\/h2>\t\t\t\t<\/div>\n\t\t\t\t<\/div>\n\t\t\t\t<\/a>\n\t\t\t\t<\/div>\n\t\t<div class=\"elementor-element elementor-element-88e3ff9 e-con-full e-flex wpr-particle-no wpr-jarallax-no wpr-parallax-no wpr-sticky-section-no e-con e-parent\" data-id=\"88e3ff9\" data-element_type=\"container\">\n\t\t<a class=\"elementor-element elementor-element-a0e0814 e-con-full e-flex wpr-particle-no wpr-jarallax-no wpr-parallax-no wpr-sticky-section-no e-con e-parent\" data-id=\"a0e0814\" data-element_type=\"container\" href=\"https:\/\/oradea.ro\/pentru-cetateni\/politia-locala\/biroul-ordine-publica-si-control-comercial\/\">\n\t\t\t\t<div class=\"elementor-element elementor-element-bbf57b2 elementor-widget elementor-widget-heading\" data-id=\"bbf57b2\" data-element_type=\"widget\" data-widget_type=\"heading.default\">\n\t\t\t\t<div class=\"elementor-widget-container\">\n\t\t\t\t\t<h2 class=\"elementor-heading-title elementor-size-default\">K\u00d6ZRENDV\u00c9DELMI \u00c9S KERESKEDELMI ELLEN\u0150RZ\u00c9SI OSZT\u00c1LY<\/h2>\t\t\t\t<\/div>\n\t\t\t\t<\/div>\n\t\t\t\t<\/a>\n\t\t<a class=\"elementor-element elementor-element-f9e3fdc e-con-full e-flex wpr-particle-no wpr-jarallax-no wpr-parallax-no wpr-sticky-section-no e-con e-parent\" data-id=\"f9e3fdc\" data-element_type=\"container\" href=\"https:\/\/oradea.ro\/pentru-cetateni\/politia-locala\/biroul-siguranta-circulatiei-si-zone-pietonale\/\">\n\t\t\t\t<div class=\"elementor-element elementor-element-7ec8f67 elementor-widget elementor-widget-heading\" data-id=\"7ec8f67\" data-element_type=\"widget\" data-widget_type=\"heading.default\">\n\t\t\t\t<div class=\"elementor-widget-container\">\n\t\t\t\t\t<h2 class=\"elementor-heading-title elementor-size-default\">K\u00d6ZLEKED\u00c9SBIZTONS\u00c1GI \u00c9S GYALOGOS \u00d6VEZETEK<\/h2>\t\t\t\t<\/div>\n\t\t\t\t<\/div>\n\t\t\t\t<\/a>\n\t\t<a class=\"elementor-element elementor-element-e51fc0c e-con-full e-flex wpr-particle-no wpr-jarallax-no wpr-parallax-no wpr-sticky-section-no e-con e-parent\" data-id=\"e51fc0c\" data-element_type=\"container\" href=\"https:\/\/oradea.ro\/pentru-cetateni\/politia-locala\/compartiment-disciplina-in-constructii-si-afisaj-stradal\/\">\n\t\t\t\t<div class=\"elementor-element elementor-element-6ba481e elementor-widget elementor-widget-heading\" data-id=\"6ba481e\" data-element_type=\"widget\" data-widget_type=\"heading.default\">\n\t\t\t\t<div class=\"elementor-widget-container\">\n\t\t\t\t\t<h2 class=\"elementor-heading-title elementor-size-default\">FEGYELEM AZ \u00c9P\u00cdT\u0150IPARBAN \u00c9S AZ UTCAI MEGJELEN\u00cdT\u00c9SBEN<\/h2>\t\t\t\t<\/div>\n\t\t\t\t<\/div>\n\t\t\t\t<\/a>\n\t\t\t\t<\/div>\n\t\t<div class=\"elementor-element elementor-element-e32a7cd e-con-full e-flex wpr-particle-no wpr-jarallax-no wpr-parallax-no wpr-sticky-section-no e-con e-parent\" data-id=\"e32a7cd\" data-element_type=\"container\">\n\t\t<a class=\"elementor-element elementor-element-76f5a7f e-con-full e-flex wpr-particle-no wpr-jarallax-no wpr-parallax-no wpr-sticky-section-no e-con e-parent\" data-id=\"76f5a7f\" data-element_type=\"container\" href=\"https:\/\/oradea.ro\/hu\/kornyezetvedelmi-osztaly\/\">\n\t\t\t\t<div class=\"elementor-element elementor-element-b4d8b44 elementor-widget elementor-widget-heading\" data-id=\"b4d8b44\" data-element_type=\"widget\" data-widget_type=\"heading.default\">\n\t\t\t\t<div class=\"elementor-widget-container\">\n\t\t\t\t\t<h2 class=\"elementor-heading-title elementor-size-default\">K\u00d6RNYEZETV\u00c9DELMI OSZT\u00c1LY<\/h2>\t\t\t\t<\/div>\n\t\t\t\t<\/div>\n\t\t\t\t<\/a>\n\t\t<a class=\"elementor-element elementor-element-fdd03e7 e-con-full e-flex wpr-particle-no wpr-jarallax-no wpr-parallax-no wpr-sticky-section-no e-con e-parent\" data-id=\"fdd03e7\" data-element_type=\"container\" href=\"https:\/\/oradea.ro\/pentru-cetateni\/politia-locala\/compartiment-evidenta-persoane-registratura-si-avizare-documente\/\">\n\t\t\t\t<div class=\"elementor-element elementor-element-81fe619 elementor-widget elementor-widget-heading\" data-id=\"81fe619\" data-element_type=\"widget\" data-widget_type=\"heading.default\">\n\t\t\t\t<div class=\"elementor-widget-container\">\n\t\t\t\t\t<h2 class=\"elementor-heading-title elementor-size-default\">NYILV\u00c1NTART\u00c1SI \u00c9S OKM\u00c1NYBEJEGYZ\u00c9SI OSZT\u00c1LY<\/h2>\t\t\t\t<\/div>\n\t\t\t\t<\/div>\n\t\t\t\t<\/a>\n\t\t<a class=\"elementor-element elementor-element-5449185 e-con-full elementor-hidden-mobile e-flex wpr-particle-no wpr-jarallax-no wpr-parallax-no wpr-sticky-section-no e-con e-parent\" data-id=\"5449185\" data-element_type=\"container\">\n\t\t\t\t<\/a>\n\t\t\t\t<\/div>\n\t\t\t\t\t<\/div>\n\t\t\t\t<\/div>\n\t\t\t\t\t<\/div>\n\t\t\t\t<\/div>\n\t\t\t\t<\/div>\n\t\t","protected":false},"excerpt":{"rendered":"<p>Nagyv\u00e1radi Helyi Rend\u0151rs\u00e9g Nagyv\u00e1radi Helyi Rend\u0151rs\u00e9g Nagyv\u00e1radi Helyi Rend\u0151rs\u00e9g BEJELENT\u00c9SEK VEZET\u00c9S KAPCSOLAT DISZP\u00c9CSERSZOLG\u00c1LAT SZOLG\u00c1LATOS J\u00c1R\u0150R KOLDUL\u00c1S K\u00d6ZRENDV\u00c9DELMI \u00c9S KERESKEDELMI ELLEN\u0150RZ\u00c9SI OSZT\u00c1LY K\u00d6ZLEKED\u00c9SBIZTONS\u00c1GI \u00c9S GYALOGOS \u00d6VEZETEK FEGYELEM AZ \u00c9P\u00cdT\u0150IPARBAN \u00c9S AZ UTCAI MEGJELEN\u00cdT\u00c9SBEN K\u00d6RNYEZETV\u00c9DELMI OSZT\u00c1LY NYILV\u00c1NTART\u00c1SI \u00c9S OKM\u00c1NYBEJEGYZ\u00c9SI OSZT\u00c1LY<\/p>\n","protected":false},"author":1,"featured_media":17036,"parent":187221,"menu_order":0,"comment_status":"closed","ping_status":"closed","template":"","meta":{"_acf_changed":false,"ep_exclude_from_search":false,"footnotes":""},"class_list":["post-187200","page","type-page","status-publish","has-post-thumbnail","hentry"],"acf":[],"yoast_head":"<!-- This site is optimized with the Yoast SEO plugin v26.6 - https:\/\/yoast.com\/wordpress\/plugins\/seo\/ -->\n<title>Nagyv\u00e1radi Helyi Rend\u0151rs\u00e9g - Oradea.ro<\/title>\n<meta name=\"robots\" content=\"index, follow, max-snippet:-1, max-image-preview:large, max-video-preview:-1\" \/>\n<link rel=\"canonical\" href=\"https:\/\/oradea.ro\/hu\/polgarok-szamara\/nagyvaradi-helyi-rendorseg\/\" \/>\n<meta property=\"og:locale\" content=\"hu_HU\" \/>\n<meta property=\"og:type\" content=\"article\" \/>\n<meta property=\"og:title\" content=\"Nagyv\u00e1radi Helyi Rend\u0151rs\u00e9g - Oradea.ro\" \/>\n<meta property=\"og:description\" content=\"Nagyv\u00e1radi Helyi Rend\u0151rs\u00e9g Nagyv\u00e1radi Helyi Rend\u0151rs\u00e9g Nagyv\u00e1radi Helyi Rend\u0151rs\u00e9g BEJELENT\u00c9SEK VEZET\u00c9S KAPCSOLAT DISZP\u00c9CSERSZOLG\u00c1LAT SZOLG\u00c1LATOS J\u00c1R\u0150R KOLDUL\u00c1S K\u00d6ZRENDV\u00c9DELMI \u00c9S KERESKEDELMI ELLEN\u0150RZ\u00c9SI OSZT\u00c1LY K\u00d6ZLEKED\u00c9SBIZTONS\u00c1GI \u00c9S GYALOGOS \u00d6VEZETEK FEGYELEM AZ \u00c9P\u00cdT\u0150IPARBAN \u00c9S AZ UTCAI MEGJELEN\u00cdT\u00c9SBEN K\u00d6RNYEZETV\u00c9DELMI OSZT\u00c1LY NYILV\u00c1NTART\u00c1SI \u00c9S OKM\u00c1NYBEJEGYZ\u00c9SI OSZT\u00c1LY\" \/>\n<meta property=\"og:url\" content=\"https:\/\/oradea.ro\/hu\/polgarok-szamara\/nagyvaradi-helyi-rendorseg\/\" \/>\n<meta property=\"og:site_name\" content=\"Oradea.ro\" \/>\n<meta property=\"article:modified_time\" content=\"2024-01-10T10:01:19+00:00\" \/>\n<meta property=\"og:image\" content=\"https:\/\/oradea.ro\/wp-content\/uploads\/2023\/09\/hero_slide_2.webp\" \/>\n\t<meta property=\"og:image:width\" content=\"1920\" \/>\n\t<meta property=\"og:image:height\" content=\"1000\" \/>\n\t<meta property=\"og:image:type\" content=\"image\/webp\" \/>\n<meta name=\"twitter:card\" content=\"summary_large_image\" \/>\n<script type=\"application\/ld+json\" class=\"yoast-schema-graph\">{\"@context\":\"https:\/\/schema.org\",\"@graph\":[{\"@type\":\"WebPage\",\"@id\":\"https:\/\/oradea.ro\/hu\/polgarok-szamara\/nagyvaradi-helyi-rendorseg\/\",\"url\":\"https:\/\/oradea.ro\/hu\/polgarok-szamara\/nagyvaradi-helyi-rendorseg\/\",\"name\":\"Nagyv\u00e1radi Helyi Rend\u0151rs\u00e9g - Oradea.ro\",\"isPartOf\":{\"@id\":\"https:\/\/oradea.ro\/#website\"},\"primaryImageOfPage\":{\"@id\":\"https:\/\/oradea.ro\/hu\/polgarok-szamara\/nagyvaradi-helyi-rendorseg\/#primaryimage\"},\"image\":{\"@id\":\"https:\/\/oradea.ro\/hu\/polgarok-szamara\/nagyvaradi-helyi-rendorseg\/#primaryimage\"},\"thumbnailUrl\":\"https:\/\/oradea.ro\/wp-content\/uploads\/2023\/09\/hero_slide_2.webp\",\"datePublished\":\"2023-10-11T12:10:43+00:00\",\"dateModified\":\"2024-01-10T10:01:19+00:00\",\"breadcrumb\":{\"@id\":\"https:\/\/oradea.ro\/hu\/polgarok-szamara\/nagyvaradi-helyi-rendorseg\/#breadcrumb\"},\"inLanguage\":\"hu\",\"potentialAction\":[{\"@type\":\"ReadAction\",\"target\":[\"https:\/\/oradea.ro\/hu\/polgarok-szamara\/nagyvaradi-helyi-rendorseg\/\"]}]},{\"@type\":\"ImageObject\",\"inLanguage\":\"hu\",\"@id\":\"https:\/\/oradea.ro\/hu\/polgarok-szamara\/nagyvaradi-helyi-rendorseg\/#primaryimage\",\"url\":\"https:\/\/oradea.ro\/wp-content\/uploads\/2023\/09\/hero_slide_2.webp\",\"contentUrl\":\"https:\/\/oradea.ro\/wp-content\/uploads\/2023\/09\/hero_slide_2.webp\",\"width\":1920,\"height\":1000},{\"@type\":\"BreadcrumbList\",\"@id\":\"https:\/\/oradea.ro\/hu\/polgarok-szamara\/nagyvaradi-helyi-rendorseg\/#breadcrumb\",\"itemListElement\":[{\"@type\":\"ListItem\",\"position\":1,\"name\":\"\",\"item\":\"https:\/\/oradea.ro\/hu\/\"},{\"@type\":\"ListItem\",\"position\":2,\"name\":\"Polg\u00e1rok sz\u00e1m\u00e1ra\",\"item\":\"https:\/\/oradea.ro\/hu\/polgarok-szamara\/\"},{\"@type\":\"ListItem\",\"position\":3,\"name\":\"Nagyv\u00e1radi Helyi Rend\u0151rs\u00e9g\"}]},{\"@type\":\"WebSite\",\"@id\":\"https:\/\/oradea.ro\/#website\",\"url\":\"https:\/\/oradea.ro\/\",\"name\":\"Oradea.ro\",\"description\":\"Site-ul oficial al Prim\u0103riei Municipiului Oradea\",\"publisher\":{\"@id\":\"https:\/\/oradea.ro\/#organization\"},\"potentialAction\":[{\"@type\":\"SearchAction\",\"target\":{\"@type\":\"EntryPoint\",\"urlTemplate\":\"https:\/\/oradea.ro\/?s={search_term_string}\"},\"query-input\":{\"@type\":\"PropertyValueSpecification\",\"valueRequired\":true,\"valueName\":\"search_term_string\"}}],\"inLanguage\":\"hu\"},{\"@type\":\"Organization\",\"@id\":\"https:\/\/oradea.ro\/#organization\",\"name\":\"Oradea.ro\",\"url\":\"https:\/\/oradea.ro\/\",\"logo\":{\"@type\":\"ImageObject\",\"inLanguage\":\"hu\",\"@id\":\"https:\/\/oradea.ro\/#\/schema\/logo\/image\/\",\"url\":\"https:\/\/oradea.ro\/wp-content\/uploads\/2023\/06\/footer_logo.svg\",\"contentUrl\":\"https:\/\/oradea.ro\/wp-content\/uploads\/2023\/06\/footer_logo.svg\",\"width\":218,\"height\":53,\"caption\":\"Oradea.ro\"},\"image\":{\"@id\":\"https:\/\/oradea.ro\/#\/schema\/logo\/image\/\"}}]}<\/script>\n<!-- \/ Yoast SEO plugin. -->","yoast_head_json":{"title":"Nagyv\u00e1radi Helyi Rend\u0151rs\u00e9g - Oradea.ro","robots":{"index":"index","follow":"follow","max-snippet":"max-snippet:-1","max-image-preview":"max-image-preview:large","max-video-preview":"max-video-preview:-1"},"canonical":"https:\/\/oradea.ro\/hu\/polgarok-szamara\/nagyvaradi-helyi-rendorseg\/","og_locale":"hu_HU","og_type":"article","og_title":"Nagyv\u00e1radi Helyi Rend\u0151rs\u00e9g - Oradea.ro","og_description":"Nagyv\u00e1radi Helyi Rend\u0151rs\u00e9g Nagyv\u00e1radi Helyi Rend\u0151rs\u00e9g Nagyv\u00e1radi Helyi Rend\u0151rs\u00e9g BEJELENT\u00c9SEK VEZET\u00c9S KAPCSOLAT DISZP\u00c9CSERSZOLG\u00c1LAT SZOLG\u00c1LATOS J\u00c1R\u0150R KOLDUL\u00c1S K\u00d6ZRENDV\u00c9DELMI \u00c9S KERESKEDELMI ELLEN\u0150RZ\u00c9SI OSZT\u00c1LY K\u00d6ZLEKED\u00c9SBIZTONS\u00c1GI \u00c9S GYALOGOS \u00d6VEZETEK FEGYELEM AZ \u00c9P\u00cdT\u0150IPARBAN \u00c9S AZ UTCAI MEGJELEN\u00cdT\u00c9SBEN K\u00d6RNYEZETV\u00c9DELMI OSZT\u00c1LY NYILV\u00c1NTART\u00c1SI \u00c9S OKM\u00c1NYBEJEGYZ\u00c9SI OSZT\u00c1LY","og_url":"https:\/\/oradea.ro\/hu\/polgarok-szamara\/nagyvaradi-helyi-rendorseg\/","og_site_name":"Oradea.ro","article_modified_time":"2024-01-10T10:01:19+00:00","og_image":[{"width":1920,"height":1000,"url":"https:\/\/oradea.ro\/wp-content\/uploads\/2023\/09\/hero_slide_2.webp","type":"image\/webp"}],"twitter_card":"summary_large_image","schema":{"@context":"https:\/\/schema.org","@graph":[{"@type":"WebPage","@id":"https:\/\/oradea.ro\/hu\/polgarok-szamara\/nagyvaradi-helyi-rendorseg\/","url":"https:\/\/oradea.ro\/hu\/polgarok-szamara\/nagyvaradi-helyi-rendorseg\/","name":"Nagyv\u00e1radi Helyi Rend\u0151rs\u00e9g - Oradea.ro","isPartOf":{"@id":"https:\/\/oradea.ro\/#website"},"primaryImageOfPage":{"@id":"https:\/\/oradea.ro\/hu\/polgarok-szamara\/nagyvaradi-helyi-rendorseg\/#primaryimage"},"image":{"@id":"https:\/\/oradea.ro\/hu\/polgarok-szamara\/nagyvaradi-helyi-rendorseg\/#primaryimage"},"thumbnailUrl":"https:\/\/oradea.ro\/wp-content\/uploads\/2023\/09\/hero_slide_2.webp","datePublished":"2023-10-11T12:10:43+00:00","dateModified":"2024-01-10T10:01:19+00:00","breadcrumb":{"@id":"https:\/\/oradea.ro\/hu\/polgarok-szamara\/nagyvaradi-helyi-rendorseg\/#breadcrumb"},"inLanguage":"hu","potentialAction":[{"@type":"ReadAction","target":["https:\/\/oradea.ro\/hu\/polgarok-szamara\/nagyvaradi-helyi-rendorseg\/"]}]},{"@type":"ImageObject","inLanguage":"hu","@id":"https:\/\/oradea.ro\/hu\/polgarok-szamara\/nagyvaradi-helyi-rendorseg\/#primaryimage","url":"https:\/\/oradea.ro\/wp-content\/uploads\/2023\/09\/hero_slide_2.webp","contentUrl":"https:\/\/oradea.ro\/wp-content\/uploads\/2023\/09\/hero_slide_2.webp","width":1920,"height":1000},{"@type":"BreadcrumbList","@id":"https:\/\/oradea.ro\/hu\/polgarok-szamara\/nagyvaradi-helyi-rendorseg\/#breadcrumb","itemListElement":[{"@type":"ListItem","position":1,"name":"","item":"https:\/\/oradea.ro\/hu\/"},{"@type":"ListItem","position":2,"name":"Polg\u00e1rok sz\u00e1m\u00e1ra","item":"https:\/\/oradea.ro\/hu\/polgarok-szamara\/"},{"@type":"ListItem","position":3,"name":"Nagyv\u00e1radi Helyi Rend\u0151rs\u00e9g"}]},{"@type":"WebSite","@id":"https:\/\/oradea.ro\/#website","url":"https:\/\/oradea.ro\/","name":"Oradea.ro","description":"Site-ul oficial al Prim\u0103riei Municipiului Oradea","publisher":{"@id":"https:\/\/oradea.ro\/#organization"},"potentialAction":[{"@type":"SearchAction","target":{"@type":"EntryPoint","urlTemplate":"https:\/\/oradea.ro\/?s={search_term_string}"},"query-input":{"@type":"PropertyValueSpecification","valueRequired":true,"valueName":"search_term_string"}}],"inLanguage":"hu"},{"@type":"Organization","@id":"https:\/\/oradea.ro\/#organization","name":"Oradea.ro","url":"https:\/\/oradea.ro\/","logo":{"@type":"ImageObject","inLanguage":"hu","@id":"https:\/\/oradea.ro\/#\/schema\/logo\/image\/","url":"https:\/\/oradea.ro\/wp-content\/uploads\/2023\/06\/footer_logo.svg","contentUrl":"https:\/\/oradea.ro\/wp-content\/uploads\/2023\/06\/footer_logo.svg","width":218,"height":53,"caption":"Oradea.ro"},"image":{"@id":"https:\/\/oradea.ro\/#\/schema\/logo\/image\/"}}]}},"publishpress_future_action":{"enabled":false,"date":"2026-05-20 22:46:25","action":"change-status","newStatus":"draft","terms":[],"taxonomy":"translation_priority","extraData":[]},"publishpress_future_workflow_manual_trigger":{"enabledWorkflows":[]},"_links":{"self":[{"href":"https:\/\/oradea.ro\/hu\/wp-json\/wp\/v2\/pages\/187200","targetHints":{"allow":["GET"]}}],"collection":[{"href":"https:\/\/oradea.ro\/hu\/wp-json\/wp\/v2\/pages"}],"about":[{"href":"https:\/\/oradea.ro\/hu\/wp-json\/wp\/v2\/types\/page"}],"author":[{"embeddable":true,"href":"https:\/\/oradea.ro\/hu\/wp-json\/wp\/v2\/users\/1"}],"replies":[{"embeddable":true,"href":"https:\/\/oradea.ro\/hu\/wp-json\/wp\/v2\/comments?post=187200"}],"version-history":[{"count":1,"href":"https:\/\/oradea.ro\/hu\/wp-json\/wp\/v2\/pages\/187200\/revisions"}],"predecessor-version":[{"id":187201,"href":"https:\/\/oradea.ro\/hu\/wp-json\/wp\/v2\/pages\/187200\/revisions\/187201"}],"up":[{"embeddable":true,"href":"https:\/\/oradea.ro\/hu\/wp-json\/wp\/v2\/pages\/187221"}],"wp:featuredmedia":[{"embeddable":true,"href":"https:\/\/oradea.ro\/hu\/wp-json\/wp\/v2\/media\/17036"}],"wp:attachment":[{"href":"https:\/\/oradea.ro\/hu\/wp-json\/wp\/v2\/media?parent=187200"}],"curies":[{"name":"wp","href":"https:\/\/api.w.org\/{rel}","templated":true}]}}