{"id":187219,"date":"2023-09-12T06:57:21","date_gmt":"2023-09-12T06:57:21","guid":{"rendered":"https:\/\/oradea.ro\/kozmuvek\/"},"modified":"2024-01-10T10:26:50","modified_gmt":"2024-01-10T10:26:50","slug":"kozmuvek","status":"publish","type":"page","link":"https:\/\/oradea.ro\/hu\/polgarok-szamara\/kozmuvek\/","title":{"rendered":"K\u00f6zm\u0171vek"},"content":{"rendered":"<div class=\"min-w-[100vw] h-[350px] md:h-[500px] ml-[calc(50%-50vw)] flex items-end bg-no-repeat bg-white bg-cover bg-center px-5\" style=\"background-image: url(https:\/\/oradea.ro\/wp-content\/uploads\/2023\/10\/home_hero_slide_2-scaled.webp);\">\r\n                    <div class=\"w-full max-w-7xl mx-auto mb-6\">\r\n                        <h1 class=\"my-0 text-white font-extrabold font-open-sans text-3xl md:text-6xl [text-shadow:_0_1px_4px_rgb(0_0_0_\/_50%)]\">K\u00f6zm\u0171vek<\/h1>\r\n                    <\/div>\r\n                <\/div><div class=\"!px-5\"><div class=\"breadcrumbs w-full max-w-7xl mx-auto grid md:flex flex-wrap items-center py-4 test\"><div><a href=\"https:\/\/oradea.ro\/hu\/\"><span class=\"fas fa-home text-[#ABAEB3]\"><\/span><\/a><span class=\"md:hidden\"><span class=\"fas fa-chevron-down mx-5 text-xs text-[#ABAEB3] hover:text-black\/50 transition-all\"><\/span><\/span><span class=\"hidden md:inline\"><span class=\"fas fa-chevron-right mx-5 text-xs text-[#ABAEB3] hover:text-black\/50 transition-all\"><\/span><\/span><\/div><span class=\"font-poppins font-semibold uppercase text-black\/60\">K\u00f6zm\u0171vek<\/span><\/div><\/div>\t\t<div data-elementor-type=\"wp-page\" data-elementor-id=\"187219\" class=\"elementor elementor-187219 elementor-8030\" data-elementor-post-type=\"page\">\n\t\t\t\t<div class=\"elementor-element elementor-element-2f3998f e-flex e-con-boxed wpr-particle-no wpr-jarallax-no wpr-parallax-no wpr-sticky-section-no e-con e-parent\" data-id=\"2f3998f\" data-element_type=\"container\">\n\t\t\t\t\t<div class=\"e-con-inner\">\n\t\t\t\t<div class=\"elementor-element elementor-element-3357305 wpr-advanced-accordion-icon-side-box elementor-widget elementor-widget-wpr-advanced-accordion\" data-id=\"3357305\" data-element_type=\"widget\" data-settings=\"{&quot;active_item&quot;:1}\" data-widget_type=\"wpr-advanced-accordion.default\">\n\t\t\t\t<div class=\"elementor-widget-container\">\n\t\t\t\t\t\n            <div class=\"wpr-advanced-accordion\" data-accordion-type=\"accordion\" data-active-index=\"1\" data-accordion-trigger=\"click\" data-interaction-speed=\"0.4\">\n\n\t\t\t\n                \n\t\t\t\t\t<div class=\"wpr-accordion-item-wrap\">\n\t\t\t\t\t\t<button class=\"wpr-acc-button\">\n\t\t\t\t\t\t\t<span class=\"wpr-acc-item-title\">\n\t\t\t\t\t\t\t\t\t\t\t\t\t\t\t\t\t<div class=\"wpr-acc-icon-box\">\n\t\t\t\t\t\t\t\t\t\t\t\t\t\t<span class=\"wpr-title-icon\">\n\t\t\t\t\t<i aria-hidden=\"true\" class=\"fas fa-info\"><\/i>\t\t\t\t<\/span>\n\t\t\t\t\t\t\t\t\t\t\t\t<\/div>\n\t\t\t\t\t\t\t\t\n\t\t\t\t\t\t\t\t<span class=\"wpr-acc-title-text\">V\u00edz- \u00e9s csatorn\u00e1z\u00e1s<\/span>\n\t\t\t\t\t\t\t<\/span>\n\t\t\t\t\t\t\t\t\t\t\t<span class=\"wpr-toggle-icon wpr-ti-close\"><i aria-hidden=\"true\" class=\"fas fa-plus\"><\/i><\/span>\n\t\t\t\t<span class=\"wpr-toggle-icon wpr-ti-open\"><i aria-hidden=\"true\" class=\"fas fa-minus\"><\/i><\/span>\n\t\t\t\t\t\t\t\t\t<\/button>\n\n\t\t\t\t\t\t<div class=\"wpr-acc-panel\">\n\t\t\t\t\t\t\t\t\t\t\t\t\t\t\t<div class=\"wpr-acc-panel-content\"><div style=\"align-items: top; display: flex; gap: 10px;\"><div style=\"padding: 15px 10px;\"><p><span style=\"font-weight: 400;\">A Nagyv\u00e1radi V\u00edzm\u0171vek a v\u00edz-, csatorna- \u00e9s csapad\u00e9kv\u00edz-szolg\u00e1ltat\u00e1sok enged\u00e9lyezett region\u00e1lis szolg\u00e1ltat\u00f3ja.<\/span><\/p><p><span style=\"font-weight: 400;\">Diszp\u00e9cserszolg\u00e1lat: <a href=\"tel:0259%20430%20928\"><strong>0259 430 928<\/strong><\/a> \u00e9s <a href=\"tel:0359%20410%20203\"><strong>0359 410 203<\/strong><\/a><\/span><\/p><p><span style=\"font-weight: 400;\">K\u00f6zpont: <a href=\"tel:0259%20436%20909\"><strong>0259 436 909<\/strong><\/a> \u00e9s <a href=\"tel:0259%20436%20934\"><strong>0259 436 934<\/strong><\/a><\/span><\/p><p><a href=\"http:\/\/www.apaoradea.ro\/#\" target=\"_blank\" rel=\"noopener\">http:\/\/www.apaoradea.ro\/<\/a><\/p><\/div><\/div><\/div>\n\t\t\t\t\t\t\t\t\t\t\t\t\t<\/div>\n                    <\/div>\n\n                \n\t\t\t\t\t<div class=\"wpr-accordion-item-wrap\">\n\t\t\t\t\t\t<button class=\"wpr-acc-button\">\n\t\t\t\t\t\t\t<span class=\"wpr-acc-item-title\">\n\t\t\t\t\t\t\t\t\t\t\t\t\t\t\t\t\t<div class=\"wpr-acc-icon-box\">\n\t\t\t\t\t\t\t\t\t\t\t\t\t\t<span class=\"wpr-title-icon\">\n\t\t\t\t\t<i aria-hidden=\"true\" class=\"fas fa-info\"><\/i>\t\t\t\t<\/span>\n\t\t\t\t\t\t\t\t\t\t\t\t<\/div>\n\t\t\t\t\t\t\t\t\n\t\t\t\t\t\t\t\t<span class=\"wpr-acc-title-text\">F\u0171t\u00e9s<\/span>\n\t\t\t\t\t\t\t<\/span>\n\t\t\t\t\t\t\t\t\t\t\t<span class=\"wpr-toggle-icon wpr-ti-close\"><i aria-hidden=\"true\" class=\"fas fa-plus\"><\/i><\/span>\n\t\t\t\t<span class=\"wpr-toggle-icon wpr-ti-open\"><i aria-hidden=\"true\" class=\"fas fa-minus\"><\/i><\/span>\n\t\t\t\t\t\t\t\t\t<\/button>\n\n\t\t\t\t\t\t<div class=\"wpr-acc-panel\">\n\t\t\t\t\t\t\t\t\t\t\t\t\t\t\t<div class=\"wpr-acc-panel-content\"><p><span style=\"font-weight: 400;\">A nagyv\u00e1radi H\u0151er\u0151m\u0171 az egyetlen helyi szolg\u00e1ltat\u00f3, amely a nagyv\u00e1radi h\u0151energia \u00e1tviteli \u00e9s eloszt\u00f3 h\u00e1l\u00f3zatot kezeli. <\/span><\/p><p><span style=\"font-weight: 400;\">TelVerde: <a href=\"tel:0800%20070%20800\"><strong>0800 070 800<\/strong><\/a><\/span><\/p><p><span style=\"font-weight: 400;\">K\u00f6zpont: <a href=\"tel:0359%20409%20511\"><strong>0359 409 511<\/strong><\/a><\/span><\/p><p><span style=\"font-weight: 400;\">Diszp\u00e9cserszolg\u00e1lat: <a href=\"tel:0259%20467%20577\"><strong>0259 467 577<\/strong><\/a><\/span><\/p><p><a href=\"https:\/\/termo.cetoradea.ro\/index.php\" target=\"_blank\" rel=\"noopener\"><span style=\"font-weight: 400;\">https:\/\/termo.cetoradea.ro\/index.php<\/span><\/a><\/p><\/div>\n\t\t\t\t\t\t\t\t\t\t\t\t\t<\/div>\n                    <\/div>\n\n                \n\t\t\t\t\t<div class=\"wpr-accordion-item-wrap\">\n\t\t\t\t\t\t<button class=\"wpr-acc-button\">\n\t\t\t\t\t\t\t<span class=\"wpr-acc-item-title\">\n\t\t\t\t\t\t\t\t\t\t\t\t\t\t\t\t\t<div class=\"wpr-acc-icon-box\">\n\t\t\t\t\t\t\t\t\t\t\t\t\t\t<span class=\"wpr-title-icon\">\n\t\t\t\t\t<i aria-hidden=\"true\" class=\"fas fa-info\"><\/i>\t\t\t\t<\/span>\n\t\t\t\t\t\t\t\t\t\t\t\t<\/div>\n\t\t\t\t\t\t\t\t\n\t\t\t\t\t\t\t\t<span class=\"wpr-acc-title-text\">K\u00f6ztisztas\u00e1g<\/span>\n\t\t\t\t\t\t\t<\/span>\n\t\t\t\t\t\t\t\t\t\t\t<span class=\"wpr-toggle-icon wpr-ti-close\"><i aria-hidden=\"true\" class=\"fas fa-plus\"><\/i><\/span>\n\t\t\t\t<span class=\"wpr-toggle-icon wpr-ti-open\"><i aria-hidden=\"true\" class=\"fas fa-minus\"><\/i><\/span>\n\t\t\t\t\t\t\t\t\t<\/button>\n\n\t\t\t\t\t\t<div class=\"wpr-acc-panel\">\n\t\t\t\t\t\t\t\t\t\t\t\t\t\t\t<div class=\"wpr-acc-panel-content\"><p><span style=\"font-weight: 400;\">A RER West a nagyv\u00e1radi \u00f6nkorm\u00e1nyzat utcai \u00e9s h\u00e1ztart\u00e1si szem\u00e9t elsz\u00e1ll\u00edt\u00e1s\u00e1\u00e9rt felel\u0151s \u00fczemeltet\u0151je. <\/span><\/p><p><span style=\"font-weight: 400;\">CALL CENTER<\/span><\/p><p><span style=\"font-weight: 400;\">Telefonos \u00fcgyf\u00e9lfogad\u00e1si id\u0151 <strong>(h\u00e9tf\u0151t\u0151l p\u00e9ntekig) 07:00-19:00<\/strong>:<\/span><\/p><p><a href=\"tel:0374%20885%20693\"><strong>0374 885 693<\/strong><\/a><\/p><p><span style=\"font-weight: 400;\">Telefonos menetrend <strong>(h\u00e9tf\u0151 - vas\u00e1rnap) 19:00 - 07:00<\/strong><\/span><\/p><p><span style=\"font-weight: 400;\">Telefonos menetrend <strong>(szombat - vas\u00e1rnap) 07:00 -19:00<\/strong>: <\/span><\/p><p><a href=\"tel:0259%20433%20195\"><strong>0259 433 195<\/strong><\/a><\/p><p><span style=\"font-weight: 400;\"> <\/span><a href=\"https:\/\/rervest.ro\/\" target=\"_blank\" rel=\"noopener\"><span style=\"font-weight: 400;\">https:\/\/rervest.ro\/<\/span><\/a><\/p><\/div>\n\t\t\t\t\t\t\t\t\t\t\t\t\t<\/div>\n                    <\/div>\n\n                \n\t\t\t\t\t<div class=\"wpr-accordion-item-wrap\">\n\t\t\t\t\t\t<button class=\"wpr-acc-button\">\n\t\t\t\t\t\t\t<span class=\"wpr-acc-item-title\">\n\t\t\t\t\t\t\t\t\t\t\t\t\t\t\t\t\t<div class=\"wpr-acc-icon-box\">\n\t\t\t\t\t\t\t\t\t\t\t\t\t\t<span class=\"wpr-title-icon\">\n\t\t\t\t\t<i aria-hidden=\"true\" class=\"fas fa-info\"><\/i>\t\t\t\t<\/span>\n\t\t\t\t\t\t\t\t\t\t\t\t<\/div>\n\t\t\t\t\t\t\t\t\n\t\t\t\t\t\t\t\t<span class=\"wpr-acc-title-text\">Villamosenergia<\/span>\n\t\t\t\t\t\t\t<\/span>\n\t\t\t\t\t\t\t\t\t\t\t<span class=\"wpr-toggle-icon wpr-ti-close\"><i aria-hidden=\"true\" class=\"fas fa-plus\"><\/i><\/span>\n\t\t\t\t<span class=\"wpr-toggle-icon wpr-ti-open\"><i aria-hidden=\"true\" class=\"fas fa-minus\"><\/i><\/span>\n\t\t\t\t\t\t\t\t\t<\/button>\n\n\t\t\t\t\t\t<div class=\"wpr-acc-panel\">\n\t\t\t\t\t\t\t\t\t\t\t\t\t\t\t<div class=\"wpr-acc-panel-content\"><p><span style=\"font-weight: 400;\">A Distribu\u021bie Energie Electric\u0103 Rom\u00e2nia (DEER) Transilvania Nord felel\u0151s a villamosenergia-h\u00e1l\u00f3zatok kezel\u00e9s\u00e9\u00e9rt. <\/span><\/p><p><span style=\"font-weight: 400;\">Telefon diszp\u00e9cserszolg\u00e1lat: <a href=\"tel:0259%20969\"><strong>0259 969<\/strong><\/a><\/span><\/p><p><span style=\"font-weight: 400;\">TELVERDE: <a href=\"tel:0800%20400%20929\"><strong>0800 400 929<\/strong><\/a><\/span><\/p><p><a href=\"https:\/\/www.distributie-energie.ro\/\" target=\"_blank\" rel=\"noopener\"><span style=\"font-weight: 400;\">https:\/\/www.distributie-energie.ro\/<\/span><\/a><\/p><\/div>\n\t\t\t\t\t\t\t\t\t\t\t\t\t<\/div>\n                    <\/div>\n\n                \n\t\t\t\t\t<div class=\"wpr-accordion-item-wrap\">\n\t\t\t\t\t\t<button class=\"wpr-acc-button\">\n\t\t\t\t\t\t\t<span class=\"wpr-acc-item-title\">\n\t\t\t\t\t\t\t\t\t\t\t\t\t\t\t\t\t<div class=\"wpr-acc-icon-box\">\n\t\t\t\t\t\t\t\t\t\t\t\t\t\t<span class=\"wpr-title-icon\">\n\t\t\t\t\t<i aria-hidden=\"true\" class=\"fas fa-info\"><\/i>\t\t\t\t<\/span>\n\t\t\t\t\t\t\t\t\t\t\t\t<\/div>\n\t\t\t\t\t\t\t\t\n\t\t\t\t\t\t\t\t<span class=\"wpr-acc-title-text\">F\u00f6ldg\u00e1z<\/span>\n\t\t\t\t\t\t\t<\/span>\n\t\t\t\t\t\t\t\t\t\t\t<span class=\"wpr-toggle-icon wpr-ti-close\"><i aria-hidden=\"true\" class=\"fas fa-plus\"><\/i><\/span>\n\t\t\t\t<span class=\"wpr-toggle-icon wpr-ti-open\"><i aria-hidden=\"true\" class=\"fas fa-minus\"><\/i><\/span>\n\t\t\t\t\t\t\t\t\t<\/button>\n\n\t\t\t\t\t\t<div class=\"wpr-acc-panel\">\n\t\t\t\t\t\t\t\t\t\t\t\t\t\t\t<div class=\"wpr-acc-panel-content\"><p><span style=\"font-weight: 400;\">A 2001-ben alap\u00edtott Distrigaz Vest jelenleg az egyetlen f\u00f6ldg\u00e1zeloszt\u00f3 Nagyv\u00e1radon.<\/span><\/p><p><span style=\"font-weight: 400;\">Diszp\u00e9cserszolg\u00e1lat: <a href=\"tel:0259%20406%20559\"><strong>0259 406 559<\/strong><\/a> vagy <a href=\"tel:0760%20678%20818\"><strong>0760 678 818<\/strong><\/a><\/span><\/p><p><span style=\"font-weight: 400;\">TELVERDE: <strong><a href=\"tel:0800%20800%20428\">0800 800 428<\/a> (ingyenesen 24 \u00f3r\u00e1ban\/nap)<\/strong><\/span><\/p><p><a href=\"http:\/\/www.distrigazvest.ro\/\" target=\"_blank\" rel=\"noopener\"><span style=\"font-weight: 400;\">http:\/\/www.distrigazvest.ro\/<\/span><\/a><\/p><\/div>\n\t\t\t\t\t\t\t\t\t\t\t\t\t<\/div>\n                    <\/div>\n\n                            <\/div>\n        \t\t\t\t<\/div>\n\t\t\t\t<\/div>\n\t\t\t\t\t<\/div>\n\t\t\t\t<\/div>\n\t\t\t\t<\/div>\n\t\t","protected":false},"excerpt":{"rendered":"<p>K\u00f6zm\u0171vek K\u00f6zm\u0171vek V\u00edz- \u00e9s csatorn\u00e1z\u00e1s A Nagyv\u00e1radi V\u00edzm\u0171vek a v\u00edz-, csatorna- \u00e9s csapad\u00e9kv\u00edz-szolg\u00e1ltat\u00e1sok enged\u00e9lyezett region\u00e1lis szolg\u00e1ltat\u00f3ja. Diszp\u00e9cserszolg\u00e1lat: 0259 430 928 \u00e9s 0359 410 203 K\u00f6zpont: 0259 436 909 \u00e9s 0259 436 934 http:\/\/www.apaoradea.ro\/ F\u0171t\u00e9s A nagyv\u00e1radi H\u0151er\u0151m\u0171 az egyetlen helyi szolg\u00e1ltat\u00f3, amely a nagyv\u00e1radi h\u0151energia \u00e1tviteli \u00e9s eloszt\u00f3 h\u00e1l\u00f3zatot kezeli. TelVerde: 0800 070 800 K\u00f6zpont: 0359 409 511 Diszp\u00e9cserszolg\u00e1lat: 0259 467 577 https:\/\/termo.cetoradea.ro\/index.php K\u00f6ztisztas\u00e1g A RER West a nagyv\u00e1radi \u00f6nkorm\u00e1nyzat utcai \u00e9s h\u00e1ztart\u00e1si szem\u00e9t elsz\u00e1ll\u00edt\u00e1s\u00e1\u00e9rt felel\u0151s \u00fczemeltet\u0151je. CALL CENTER Telefonos \u00fcgyf\u00e9lfogad\u00e1si id\u0151 (h\u00e9tf\u0151t\u0151l p\u00e9ntekig) 07:00-19:00: 0374 885 693 Telefonos menetrend (h\u00e9tf\u0151 &#8211; vas\u00e1rnap) 19:00 &#8211; 07:00 Telefonos menetrend (szombat &#8211; vas\u00e1rnap) 07:00 -19:00: 0259 433 195 https:\/\/rervest.ro\/ Villamosenergia A Distribu\u021bie Energie Electric\u0103 Rom\u00e2nia (DEER) Transilvania Nord felel\u0151s a villamosenergia-h\u00e1l\u00f3zatok kezel\u00e9s\u00e9\u00e9rt. Telefon diszp\u00e9cserszolg\u00e1lat: 0259 969 TELVERDE: 0800 400 929 https:\/\/www.distributie-energie.ro\/ F\u00f6ldg\u00e1z A 2001-ben alap\u00edtott Distrigaz Vest jelenleg az egyetlen f\u00f6ldg\u00e1zeloszt\u00f3 Nagyv\u00e1radon. Diszp\u00e9cserszolg\u00e1lat: 0259 406 559 vagy 0760 678 818 TELVERDE: 0800 800 428 (ingyenesen 24 \u00f3r\u00e1ban\/nap) http:\/\/www.distrigazvest.ro\/<\/p>\n","protected":false},"author":1,"featured_media":16991,"parent":187221,"menu_order":0,"comment_status":"closed","ping_status":"closed","template":"","meta":{"_acf_changed":false,"ep_exclude_from_search":false,"footnotes":""},"class_list":["post-187219","page","type-page","status-publish","has-post-thumbnail","hentry"],"acf":[],"yoast_head":"<!-- This site is optimized with the Yoast SEO plugin v26.6 - https:\/\/yoast.com\/wordpress\/plugins\/seo\/ -->\n<title>K\u00f6zm\u0171vek - Oradea.ro<\/title>\n<meta name=\"robots\" content=\"index, follow, max-snippet:-1, max-image-preview:large, max-video-preview:-1\" \/>\n<link rel=\"canonical\" href=\"https:\/\/oradea.ro\/hu\/polgarok-szamara\/kozmuvek\/\" \/>\n<meta property=\"og:locale\" content=\"hu_HU\" \/>\n<meta property=\"og:type\" content=\"article\" \/>\n<meta property=\"og:title\" content=\"K\u00f6zm\u0171vek - Oradea.ro\" \/>\n<meta property=\"og:description\" content=\"K\u00f6zm\u0171vek K\u00f6zm\u0171vek V\u00edz- \u00e9s csatorn\u00e1z\u00e1s A Nagyv\u00e1radi V\u00edzm\u0171vek a v\u00edz-, csatorna- \u00e9s csapad\u00e9kv\u00edz-szolg\u00e1ltat\u00e1sok enged\u00e9lyezett region\u00e1lis szolg\u00e1ltat\u00f3ja. Diszp\u00e9cserszolg\u00e1lat: 0259 430 928 \u00e9s 0359 410 203 K\u00f6zpont: 0259 436 909 \u00e9s 0259 436 934 http:\/\/www.apaoradea.ro\/ F\u0171t\u00e9s A nagyv\u00e1radi H\u0151er\u0151m\u0171 az egyetlen helyi szolg\u00e1ltat\u00f3, amely a nagyv\u00e1radi h\u0151energia \u00e1tviteli \u00e9s eloszt\u00f3 h\u00e1l\u00f3zatot kezeli. TelVerde: 0800 070 800 K\u00f6zpont: 0359 409 511 Diszp\u00e9cserszolg\u00e1lat: 0259 467 577 https:\/\/termo.cetoradea.ro\/index.php K\u00f6ztisztas\u00e1g A RER West a nagyv\u00e1radi \u00f6nkorm\u00e1nyzat utcai \u00e9s h\u00e1ztart\u00e1si szem\u00e9t elsz\u00e1ll\u00edt\u00e1s\u00e1\u00e9rt felel\u0151s \u00fczemeltet\u0151je. CALL CENTER Telefonos \u00fcgyf\u00e9lfogad\u00e1si id\u0151 (h\u00e9tf\u0151t\u0151l p\u00e9ntekig) 07:00-19:00: 0374 885 693 Telefonos menetrend (h\u00e9tf\u0151 &#8211; vas\u00e1rnap) 19:00 &#8211; 07:00 Telefonos menetrend (szombat &#8211; vas\u00e1rnap) 07:00 -19:00: 0259 433 195 https:\/\/rervest.ro\/ Villamosenergia A Distribu\u021bie Energie Electric\u0103 Rom\u00e2nia (DEER) Transilvania Nord felel\u0151s a villamosenergia-h\u00e1l\u00f3zatok kezel\u00e9s\u00e9\u00e9rt. Telefon diszp\u00e9cserszolg\u00e1lat: 0259 969 TELVERDE: 0800 400 929 https:\/\/www.distributie-energie.ro\/ F\u00f6ldg\u00e1z A 2001-ben alap\u00edtott Distrigaz Vest jelenleg az egyetlen f\u00f6ldg\u00e1zeloszt\u00f3 Nagyv\u00e1radon. Diszp\u00e9cserszolg\u00e1lat: 0259 406 559 vagy 0760 678 818 TELVERDE: 0800 800 428 (ingyenesen 24 \u00f3r\u00e1ban\/nap) http:\/\/www.distrigazvest.ro\/\" \/>\n<meta property=\"og:url\" content=\"https:\/\/oradea.ro\/hu\/polgarok-szamara\/kozmuvek\/\" \/>\n<meta property=\"og:site_name\" content=\"Oradea.ro\" \/>\n<meta property=\"article:modified_time\" content=\"2024-01-10T10:26:50+00:00\" \/>\n<meta property=\"og:image\" content=\"https:\/\/oradea.ro\/wp-content\/uploads\/2023\/10\/home_hero_slide_2-scaled.webp\" \/>\n\t<meta property=\"og:image:width\" content=\"2560\" \/>\n\t<meta property=\"og:image:height\" content=\"1707\" \/>\n\t<meta property=\"og:image:type\" content=\"image\/webp\" \/>\n<meta name=\"twitter:card\" content=\"summary_large_image\" \/>\n<meta name=\"twitter:label1\" content=\"Becs\u00fclt olvas\u00e1si id\u0151\" \/>\n\t<meta name=\"twitter:data1\" content=\"1 perc\" \/>\n<script type=\"application\/ld+json\" class=\"yoast-schema-graph\">{\"@context\":\"https:\/\/schema.org\",\"@graph\":[{\"@type\":\"WebPage\",\"@id\":\"https:\/\/oradea.ro\/hu\/polgarok-szamara\/kozmuvek\/\",\"url\":\"https:\/\/oradea.ro\/hu\/polgarok-szamara\/kozmuvek\/\",\"name\":\"K\u00f6zm\u0171vek - Oradea.ro\",\"isPartOf\":{\"@id\":\"https:\/\/oradea.ro\/#website\"},\"primaryImageOfPage\":{\"@id\":\"https:\/\/oradea.ro\/hu\/polgarok-szamara\/kozmuvek\/#primaryimage\"},\"image\":{\"@id\":\"https:\/\/oradea.ro\/hu\/polgarok-szamara\/kozmuvek\/#primaryimage\"},\"thumbnailUrl\":\"https:\/\/oradea.ro\/wp-content\/uploads\/2023\/10\/home_hero_slide_2-scaled.webp\",\"datePublished\":\"2023-09-12T06:57:21+00:00\",\"dateModified\":\"2024-01-10T10:26:50+00:00\",\"breadcrumb\":{\"@id\":\"https:\/\/oradea.ro\/hu\/polgarok-szamara\/kozmuvek\/#breadcrumb\"},\"inLanguage\":\"hu\",\"potentialAction\":[{\"@type\":\"ReadAction\",\"target\":[\"https:\/\/oradea.ro\/hu\/polgarok-szamara\/kozmuvek\/\"]}]},{\"@type\":\"ImageObject\",\"inLanguage\":\"hu\",\"@id\":\"https:\/\/oradea.ro\/hu\/polgarok-szamara\/kozmuvek\/#primaryimage\",\"url\":\"https:\/\/oradea.ro\/wp-content\/uploads\/2023\/10\/home_hero_slide_2-scaled.webp\",\"contentUrl\":\"https:\/\/oradea.ro\/wp-content\/uploads\/2023\/10\/home_hero_slide_2-scaled.webp\",\"width\":2560,\"height\":1707},{\"@type\":\"BreadcrumbList\",\"@id\":\"https:\/\/oradea.ro\/hu\/polgarok-szamara\/kozmuvek\/#breadcrumb\",\"itemListElement\":[{\"@type\":\"ListItem\",\"position\":1,\"name\":\"\",\"item\":\"https:\/\/oradea.ro\/hu\/\"},{\"@type\":\"ListItem\",\"position\":2,\"name\":\"Polg\u00e1rok sz\u00e1m\u00e1ra\",\"item\":\"https:\/\/oradea.ro\/hu\/polgarok-szamara\/\"},{\"@type\":\"ListItem\",\"position\":3,\"name\":\"K\u00f6zm\u0171vek\"}]},{\"@type\":\"WebSite\",\"@id\":\"https:\/\/oradea.ro\/#website\",\"url\":\"https:\/\/oradea.ro\/\",\"name\":\"Oradea.ro\",\"description\":\"Site-ul oficial al Prim\u0103riei Municipiului Oradea\",\"publisher\":{\"@id\":\"https:\/\/oradea.ro\/#organization\"},\"potentialAction\":[{\"@type\":\"SearchAction\",\"target\":{\"@type\":\"EntryPoint\",\"urlTemplate\":\"https:\/\/oradea.ro\/?s={search_term_string}\"},\"query-input\":{\"@type\":\"PropertyValueSpecification\",\"valueRequired\":true,\"valueName\":\"search_term_string\"}}],\"inLanguage\":\"hu\"},{\"@type\":\"Organization\",\"@id\":\"https:\/\/oradea.ro\/#organization\",\"name\":\"Oradea.ro\",\"url\":\"https:\/\/oradea.ro\/\",\"logo\":{\"@type\":\"ImageObject\",\"inLanguage\":\"hu\",\"@id\":\"https:\/\/oradea.ro\/#\/schema\/logo\/image\/\",\"url\":\"https:\/\/oradea.ro\/wp-content\/uploads\/2023\/06\/footer_logo.svg\",\"contentUrl\":\"https:\/\/oradea.ro\/wp-content\/uploads\/2023\/06\/footer_logo.svg\",\"width\":218,\"height\":53,\"caption\":\"Oradea.ro\"},\"image\":{\"@id\":\"https:\/\/oradea.ro\/#\/schema\/logo\/image\/\"}}]}<\/script>\n<!-- \/ Yoast SEO plugin. -->","yoast_head_json":{"title":"K\u00f6zm\u0171vek - Oradea.ro","robots":{"index":"index","follow":"follow","max-snippet":"max-snippet:-1","max-image-preview":"max-image-preview:large","max-video-preview":"max-video-preview:-1"},"canonical":"https:\/\/oradea.ro\/hu\/polgarok-szamara\/kozmuvek\/","og_locale":"hu_HU","og_type":"article","og_title":"K\u00f6zm\u0171vek - Oradea.ro","og_description":"K\u00f6zm\u0171vek K\u00f6zm\u0171vek V\u00edz- \u00e9s csatorn\u00e1z\u00e1s A Nagyv\u00e1radi V\u00edzm\u0171vek a v\u00edz-, csatorna- \u00e9s csapad\u00e9kv\u00edz-szolg\u00e1ltat\u00e1sok enged\u00e9lyezett region\u00e1lis szolg\u00e1ltat\u00f3ja. Diszp\u00e9cserszolg\u00e1lat: 0259 430 928 \u00e9s 0359 410 203 K\u00f6zpont: 0259 436 909 \u00e9s 0259 436 934 http:\/\/www.apaoradea.ro\/ F\u0171t\u00e9s A nagyv\u00e1radi H\u0151er\u0151m\u0171 az egyetlen helyi szolg\u00e1ltat\u00f3, amely a nagyv\u00e1radi h\u0151energia \u00e1tviteli \u00e9s eloszt\u00f3 h\u00e1l\u00f3zatot kezeli. TelVerde: 0800 070 800 K\u00f6zpont: 0359 409 511 Diszp\u00e9cserszolg\u00e1lat: 0259 467 577 https:\/\/termo.cetoradea.ro\/index.php K\u00f6ztisztas\u00e1g A RER West a nagyv\u00e1radi \u00f6nkorm\u00e1nyzat utcai \u00e9s h\u00e1ztart\u00e1si szem\u00e9t elsz\u00e1ll\u00edt\u00e1s\u00e1\u00e9rt felel\u0151s \u00fczemeltet\u0151je. CALL CENTER Telefonos \u00fcgyf\u00e9lfogad\u00e1si id\u0151 (h\u00e9tf\u0151t\u0151l p\u00e9ntekig) 07:00-19:00: 0374 885 693 Telefonos menetrend (h\u00e9tf\u0151 &#8211; vas\u00e1rnap) 19:00 &#8211; 07:00 Telefonos menetrend (szombat &#8211; vas\u00e1rnap) 07:00 -19:00: 0259 433 195 https:\/\/rervest.ro\/ Villamosenergia A Distribu\u021bie Energie Electric\u0103 Rom\u00e2nia (DEER) Transilvania Nord felel\u0151s a villamosenergia-h\u00e1l\u00f3zatok kezel\u00e9s\u00e9\u00e9rt. Telefon diszp\u00e9cserszolg\u00e1lat: 0259 969 TELVERDE: 0800 400 929 https:\/\/www.distributie-energie.ro\/ F\u00f6ldg\u00e1z A 2001-ben alap\u00edtott Distrigaz Vest jelenleg az egyetlen f\u00f6ldg\u00e1zeloszt\u00f3 Nagyv\u00e1radon. Diszp\u00e9cserszolg\u00e1lat: 0259 406 559 vagy 0760 678 818 TELVERDE: 0800 800 428 (ingyenesen 24 \u00f3r\u00e1ban\/nap) http:\/\/www.distrigazvest.ro\/","og_url":"https:\/\/oradea.ro\/hu\/polgarok-szamara\/kozmuvek\/","og_site_name":"Oradea.ro","article_modified_time":"2024-01-10T10:26:50+00:00","og_image":[{"width":2560,"height":1707,"url":"https:\/\/oradea.ro\/wp-content\/uploads\/2023\/10\/home_hero_slide_2-scaled.webp","type":"image\/webp"}],"twitter_card":"summary_large_image","twitter_misc":{"Becs\u00fclt olvas\u00e1si id\u0151":"1 perc"},"schema":{"@context":"https:\/\/schema.org","@graph":[{"@type":"WebPage","@id":"https:\/\/oradea.ro\/hu\/polgarok-szamara\/kozmuvek\/","url":"https:\/\/oradea.ro\/hu\/polgarok-szamara\/kozmuvek\/","name":"K\u00f6zm\u0171vek - Oradea.ro","isPartOf":{"@id":"https:\/\/oradea.ro\/#website"},"primaryImageOfPage":{"@id":"https:\/\/oradea.ro\/hu\/polgarok-szamara\/kozmuvek\/#primaryimage"},"image":{"@id":"https:\/\/oradea.ro\/hu\/polgarok-szamara\/kozmuvek\/#primaryimage"},"thumbnailUrl":"https:\/\/oradea.ro\/wp-content\/uploads\/2023\/10\/home_hero_slide_2-scaled.webp","datePublished":"2023-09-12T06:57:21+00:00","dateModified":"2024-01-10T10:26:50+00:00","breadcrumb":{"@id":"https:\/\/oradea.ro\/hu\/polgarok-szamara\/kozmuvek\/#breadcrumb"},"inLanguage":"hu","potentialAction":[{"@type":"ReadAction","target":["https:\/\/oradea.ro\/hu\/polgarok-szamara\/kozmuvek\/"]}]},{"@type":"ImageObject","inLanguage":"hu","@id":"https:\/\/oradea.ro\/hu\/polgarok-szamara\/kozmuvek\/#primaryimage","url":"https:\/\/oradea.ro\/wp-content\/uploads\/2023\/10\/home_hero_slide_2-scaled.webp","contentUrl":"https:\/\/oradea.ro\/wp-content\/uploads\/2023\/10\/home_hero_slide_2-scaled.webp","width":2560,"height":1707},{"@type":"BreadcrumbList","@id":"https:\/\/oradea.ro\/hu\/polgarok-szamara\/kozmuvek\/#breadcrumb","itemListElement":[{"@type":"ListItem","position":1,"name":"","item":"https:\/\/oradea.ro\/hu\/"},{"@type":"ListItem","position":2,"name":"Polg\u00e1rok sz\u00e1m\u00e1ra","item":"https:\/\/oradea.ro\/hu\/polgarok-szamara\/"},{"@type":"ListItem","position":3,"name":"K\u00f6zm\u0171vek"}]},{"@type":"WebSite","@id":"https:\/\/oradea.ro\/#website","url":"https:\/\/oradea.ro\/","name":"Oradea.ro","description":"Site-ul oficial al Prim\u0103riei Municipiului Oradea","publisher":{"@id":"https:\/\/oradea.ro\/#organization"},"potentialAction":[{"@type":"SearchAction","target":{"@type":"EntryPoint","urlTemplate":"https:\/\/oradea.ro\/?s={search_term_string}"},"query-input":{"@type":"PropertyValueSpecification","valueRequired":true,"valueName":"search_term_string"}}],"inLanguage":"hu"},{"@type":"Organization","@id":"https:\/\/oradea.ro\/#organization","name":"Oradea.ro","url":"https:\/\/oradea.ro\/","logo":{"@type":"ImageObject","inLanguage":"hu","@id":"https:\/\/oradea.ro\/#\/schema\/logo\/image\/","url":"https:\/\/oradea.ro\/wp-content\/uploads\/2023\/06\/footer_logo.svg","contentUrl":"https:\/\/oradea.ro\/wp-content\/uploads\/2023\/06\/footer_logo.svg","width":218,"height":53,"caption":"Oradea.ro"},"image":{"@id":"https:\/\/oradea.ro\/#\/schema\/logo\/image\/"}}]}},"publishpress_future_action":{"enabled":false,"date":"2026-04-26 11:56:02","action":"change-status","newStatus":"draft","terms":[],"taxonomy":"translation_priority","extraData":[]},"publishpress_future_workflow_manual_trigger":{"enabledWorkflows":[]},"_links":{"self":[{"href":"https:\/\/oradea.ro\/hu\/wp-json\/wp\/v2\/pages\/187219","targetHints":{"allow":["GET"]}}],"collection":[{"href":"https:\/\/oradea.ro\/hu\/wp-json\/wp\/v2\/pages"}],"about":[{"href":"https:\/\/oradea.ro\/hu\/wp-json\/wp\/v2\/types\/page"}],"author":[{"embeddable":true,"href":"https:\/\/oradea.ro\/hu\/wp-json\/wp\/v2\/users\/1"}],"replies":[{"embeddable":true,"href":"https:\/\/oradea.ro\/hu\/wp-json\/wp\/v2\/comments?post=187219"}],"version-history":[{"count":1,"href":"https:\/\/oradea.ro\/hu\/wp-json\/wp\/v2\/pages\/187219\/revisions"}],"predecessor-version":[{"id":187220,"href":"https:\/\/oradea.ro\/hu\/wp-json\/wp\/v2\/pages\/187219\/revisions\/187220"}],"up":[{"embeddable":true,"href":"https:\/\/oradea.ro\/hu\/wp-json\/wp\/v2\/pages\/187221"}],"wp:featuredmedia":[{"embeddable":true,"href":"https:\/\/oradea.ro\/hu\/wp-json\/wp\/v2\/media\/16991"}],"wp:attachment":[{"href":"https:\/\/oradea.ro\/hu\/wp-json\/wp\/v2\/media?parent=187219"}],"curies":[{"name":"wp","href":"https:\/\/api.w.org\/{rel}","templated":true}]}}