{"id":187996,"date":"2023-07-27T10:45:17","date_gmt":"2023-07-27T08:45:17","guid":{"rendered":"https:\/\/oradea.ro\/cegek-szamara\/"},"modified":"2024-03-27T10:35:01","modified_gmt":"2024-03-27T08:35:01","slug":"cegek-szamara","status":"publish","type":"page","link":"https:\/\/oradea.ro\/hu\/cegek-szamara\/","title":{"rendered":"C\u00e9gek sz\u00e1m\u00e1ra"},"content":{"rendered":"<div class=\"min-w-[100vw] h-[350px] md:h-[500px] ml-[calc(50%-50vw)] flex items-end bg-no-repeat bg-white bg-cover bg-center px-5\" style=\"background-image: url(https:\/\/oradea.ro\/wp-content\/uploads\/2023\/10\/home_hero_slide_2-scaled.webp);\">\r\n                    <div class=\"w-full max-w-7xl mx-auto mb-6\">\r\n                        <h1 class=\"my-0 text-white font-extrabold font-open-sans text-3xl md:text-6xl [text-shadow:_0_1px_4px_rgb(0_0_0_\/_50%)]\">C\u00e9gek sz\u00e1m\u00e1ra<\/h1>\r\n                    <\/div>\r\n                <\/div><div class=\"!px-5\"><div class=\"breadcrumbs w-full max-w-7xl mx-auto grid md:flex flex-wrap items-center py-4 test\"><div><a href=\"https:\/\/oradea.ro\/hu\/\"><span class=\"fas fa-home text-[#ABAEB3]\"><\/span><\/a><span class=\"md:hidden\"><span class=\"fas fa-chevron-down mx-5 text-xs text-[#ABAEB3] hover:text-black\/50 transition-all\"><\/span><\/span><span class=\"hidden md:inline\"><span class=\"fas fa-chevron-right mx-5 text-xs text-[#ABAEB3] hover:text-black\/50 transition-all\"><\/span><\/span><\/div><span class=\"font-poppins font-semibold uppercase text-black\/60\">C\u00e9gek sz\u00e1m\u00e1ra<\/span><\/div><\/div>\t\t<div data-elementor-type=\"wp-page\" data-elementor-id=\"187996\" class=\"elementor elementor-187996 elementor-2913\" data-elementor-post-type=\"page\">\n\t\t\t\t<div class=\"elementor-element elementor-element-614b1d3 e-flex e-con-boxed wpr-particle-no wpr-jarallax-no wpr-parallax-no wpr-sticky-section-no e-con e-parent\" data-id=\"614b1d3\" data-element_type=\"container\">\n\t\t\t\t\t<div class=\"e-con-inner\">\n\t\t<div class=\"elementor-element elementor-element-a52dcdf e-con-full e-flex wpr-particle-no wpr-jarallax-no wpr-parallax-no wpr-sticky-section-no e-con e-parent\" data-id=\"a52dcdf\" data-element_type=\"container\">\n\t\t\t\t<div class=\"elementor-element elementor-element-ef6a145 elementor-widget elementor-widget-heading\" data-id=\"ef6a145\" data-element_type=\"widget\" data-widget_type=\"heading.default\">\n\t\t\t\t<div class=\"elementor-widget-container\">\n\t\t\t\t\t<h2 class=\"elementor-heading-title elementor-size-default\">C\u00e9gek sz\u00e1m\u00e1ra<\/h2>\t\t\t\t<\/div>\n\t\t\t\t<\/div>\n\t\t<div class=\"elementor-element elementor-element-19e792a e-con-full e-flex wpr-particle-no wpr-jarallax-no wpr-parallax-no wpr-sticky-section-no e-con e-parent\" data-id=\"19e792a\" data-element_type=\"container\">\n\t\t<a class=\"elementor-element elementor-element-708aab0 e-con-full e-flex wpr-particle-no wpr-jarallax-no wpr-parallax-no wpr-sticky-section-no e-con e-parent\" data-id=\"708aab0\" data-element_type=\"container\" href=\"https:\/\/oradea.ro\/pentru-firme\/servicii-online\/\">\n\t\t\t\t<div class=\"elementor-element elementor-element-357360b elementor-widget elementor-widget-heading\" data-id=\"357360b\" data-element_type=\"widget\" data-widget_type=\"heading.default\">\n\t\t\t\t<div class=\"elementor-widget-container\">\n\t\t\t\t\t<h2 class=\"elementor-heading-title elementor-size-default\">ONLINE SZOLG\u00c1LTAT\u00c1SOK<\/h2>\t\t\t\t<\/div>\n\t\t\t\t<\/div>\n\t\t\t\t<\/a>\n\t\t<a class=\"elementor-element elementor-element-ddf5ef3 e-con-full e-flex wpr-particle-no wpr-jarallax-no wpr-parallax-no wpr-sticky-section-no e-con e-parent\" data-id=\"ddf5ef3\" data-element_type=\"container\" href=\"https:\/\/oradea.ro\/pentru-firme\/infrastructura-de-afaceri\/\">\n\t\t\t\t<div class=\"elementor-element elementor-element-873552d elementor-widget elementor-widget-heading\" data-id=\"873552d\" data-element_type=\"widget\" data-widget_type=\"heading.default\">\n\t\t\t\t<div class=\"elementor-widget-container\">\n\t\t\t\t\t<h2 class=\"elementor-heading-title elementor-size-default\">\u00dcZLETI INFRASTRUKT\u00daRA<\/h2>\t\t\t\t<\/div>\n\t\t\t\t<\/div>\n\t\t\t\t<\/a>\n\t\t<a class=\"elementor-element elementor-element-5460fe1 e-con-full e-flex wpr-particle-no wpr-jarallax-no wpr-parallax-no wpr-sticky-section-no e-con e-parent\" data-id=\"5460fe1\" data-element_type=\"container\" href=\"https:\/\/oradea.ro\/hu\/szallitasi-engedelyek\/\">\n\t\t\t\t<div class=\"elementor-element elementor-element-ffb2425 elementor-widget elementor-widget-heading\" data-id=\"ffb2425\" data-element_type=\"widget\" data-widget_type=\"heading.default\">\n\t\t\t\t<div class=\"elementor-widget-container\">\n\t\t\t\t\t<h2 class=\"elementor-heading-title elementor-size-default\">SZ\u00c1LL\u00cdT\u00c1SI ENGED\u00c9LYEK<\/h2>\t\t\t\t<\/div>\n\t\t\t\t<\/div>\n\t\t\t\t<\/a>\n\t\t\t\t<\/div>\n\t\t<div class=\"elementor-element elementor-element-ce60ecc e-con-full e-flex wpr-particle-no wpr-jarallax-no wpr-parallax-no wpr-sticky-section-no e-con e-parent\" data-id=\"ce60ecc\" data-element_type=\"container\">\n\t\t<a class=\"elementor-element elementor-element-b92de12 e-con-full e-flex wpr-particle-no wpr-jarallax-no wpr-parallax-no wpr-sticky-section-no e-con e-parent\" data-id=\"b92de12\" data-element_type=\"container\" href=\"https:\/\/oradea.ro\/hu\/egyeb-intezmenyek\/\">\n\t\t\t\t<div class=\"elementor-element elementor-element-c9686ea elementor-widget elementor-widget-heading\" data-id=\"c9686ea\" data-element_type=\"widget\" data-widget_type=\"heading.default\">\n\t\t\t\t<div class=\"elementor-widget-container\">\n\t\t\t\t\t<h2 class=\"elementor-heading-title elementor-size-default\">M\u00c1S INT\u00c9ZM\u00c9NYEK<\/h2>\t\t\t\t<\/div>\n\t\t\t\t<\/div>\n\t\t\t\t<\/a>\n\t\t<a class=\"elementor-element elementor-element-4c34c65 e-con-full e-flex wpr-particle-no wpr-jarallax-no wpr-parallax-no wpr-sticky-section-no e-con e-parent\" data-id=\"4c34c65\" data-element_type=\"container\" href=\"https:\/\/oradea.ro\/hu\/ha-epitkeznel-nagyvaradon\/\">\n\t\t\t\t<div class=\"elementor-element elementor-element-961a000 elementor-widget elementor-widget-heading\" data-id=\"961a000\" data-element_type=\"widget\" data-widget_type=\"heading.default\">\n\t\t\t\t<div class=\"elementor-widget-container\">\n\t\t\t\t\t<h2 class=\"elementor-heading-title elementor-size-default\">HA \u00c9P\u00cdTKEZNI SZERETN\u00c9L<\/h2>\t\t\t\t<\/div>\n\t\t\t\t<\/div>\n\t\t\t\t<\/a>\n\t\t<a class=\"elementor-element elementor-element-eae37bb e-con-full e-flex wpr-particle-no wpr-jarallax-no wpr-parallax-no wpr-sticky-section-no e-con e-parent\" data-id=\"eae37bb\" data-element_type=\"container\" href=\"https:\/\/oradea.ro\/hu\/cegek-szamara\/miert-erdemes-nagyvaradon-befektetni\/\">\n\t\t\t\t<div class=\"elementor-element elementor-element-80dee34 elementor-widget elementor-widget-heading\" data-id=\"80dee34\" data-element_type=\"widget\" data-widget_type=\"heading.default\">\n\t\t\t\t<div class=\"elementor-widget-container\">\n\t\t\t\t\t<h2 class=\"elementor-heading-title elementor-size-default\">MI\u00c9RT \u00c9RDEMES NAGYV\u00c1RADON BEFEKTETNI?<\/h2>\t\t\t\t<\/div>\n\t\t\t\t<\/div>\n\t\t\t\t<\/a>\n\t\t\t\t<\/div>\n\t\t<div class=\"elementor-element elementor-element-f0f4df8 e-con-full e-flex wpr-particle-no wpr-jarallax-no wpr-parallax-no wpr-sticky-section-no e-con e-parent\" data-id=\"f0f4df8\" data-element_type=\"container\">\n\t\t<a class=\"elementor-element elementor-element-69d78d5 e-con-full e-flex wpr-particle-no wpr-jarallax-no wpr-parallax-no wpr-sticky-section-no e-con e-parent\" data-id=\"69d78d5\" data-element_type=\"container\" href=\"https:\/\/oradea.ro\/hu\/it-nagyvaradon\/\">\n\t\t\t\t<div class=\"elementor-element elementor-element-2cc43b6 elementor-widget elementor-widget-heading\" data-id=\"2cc43b6\" data-element_type=\"widget\" data-widget_type=\"heading.default\">\n\t\t\t\t<div class=\"elementor-widget-container\">\n\t\t\t\t\t<h2 class=\"elementor-heading-title elementor-size-default\">INFORMATIKA NAGYV\u00c1RADON<\/h2>\t\t\t\t<\/div>\n\t\t\t\t<\/div>\n\t\t\t\t<\/a>\n\t\t<a class=\"elementor-element elementor-element-5bf047b e-con-full e-flex wpr-particle-no wpr-jarallax-no wpr-parallax-no wpr-sticky-section-no e-con e-parent\" data-id=\"5bf047b\" data-element_type=\"container\" href=\"https:\/\/oradea.ro\/pentru-firme\/rating-de-municipiu\/\">\n\t\t\t\t<div class=\"elementor-element elementor-element-2184c52 elementor-widget elementor-widget-heading\" data-id=\"2184c52\" data-element_type=\"widget\" data-widget_type=\"heading.default\">\n\t\t\t\t<div class=\"elementor-widget-container\">\n\t\t\t\t\t<h2 class=\"elementor-heading-title elementor-size-default\">\u00d6nkorm\u00e1nyzati besorol\u00e1s<\/h2>\t\t\t\t<\/div>\n\t\t\t\t<\/div>\n\t\t\t\t<\/a>\n\t\t<a class=\"elementor-element elementor-element-61cdaa1 e-con-full e-flex wpr-particle-no wpr-jarallax-no wpr-parallax-no wpr-sticky-section-no e-con e-parent\" data-id=\"61cdaa1\" data-element_type=\"container\" href=\"https:\/\/oradea.ro\/hu\/cegek-szamara\/fejlesztesi-strategiak\/\">\n\t\t\t\t<div class=\"elementor-element elementor-element-bd11deb elementor-widget elementor-widget-heading\" data-id=\"bd11deb\" data-element_type=\"widget\" data-widget_type=\"heading.default\">\n\t\t\t\t<div class=\"elementor-widget-container\">\n\t\t\t\t\t<h2 class=\"elementor-heading-title elementor-size-default\">FEJLESZT\u00c9SI STRAT\u00c9GI\u00c1K<\/h2>\t\t\t\t<\/div>\n\t\t\t\t<\/div>\n\t\t\t\t<\/a>\n\t\t\t\t<\/div>\n\t\t<div class=\"elementor-element elementor-element-81deb6c e-con-full e-flex wpr-particle-no wpr-jarallax-no wpr-parallax-no wpr-sticky-section-no e-con e-parent\" data-id=\"81deb6c\" data-element_type=\"container\">\n\t\t<a class=\"elementor-element elementor-element-0b7a3a2 e-con-full e-flex wpr-particle-no wpr-jarallax-no wpr-parallax-no wpr-sticky-section-no e-con e-parent\" data-id=\"0b7a3a2\" data-element_type=\"container\" href=\"https:\/\/oradea.ro\/hu\/adozasi-informaciok\/\">\n\t\t\t\t<div class=\"elementor-element elementor-element-8ce0444 elementor-widget elementor-widget-heading\" data-id=\"8ce0444\" data-element_type=\"widget\" data-widget_type=\"heading.default\">\n\t\t\t\t<div class=\"elementor-widget-container\">\n\t\t\t\t\t<h2 class=\"elementor-heading-title elementor-size-default\">Ad\u00f3z\u00e1si inform\u00e1ci\u00f3k<\/h2>\t\t\t\t<\/div>\n\t\t\t\t<\/div>\n\t\t\t\t<\/a>\n\t\t<a class=\"elementor-element elementor-element-02378cc e-con-full e-flex wpr-particle-no wpr-jarallax-no wpr-parallax-no wpr-sticky-section-no e-con e-parent\" data-id=\"02378cc\" data-element_type=\"container\" href=\"https:\/\/oradea.ro\/hu\/teruletrendezes\/\">\n\t\t\t\t<div class=\"elementor-element elementor-element-705d56b elementor-widget elementor-widget-heading\" data-id=\"705d56b\" data-element_type=\"widget\" data-widget_type=\"heading.default\">\n\t\t\t\t<div class=\"elementor-widget-container\">\n\t\t\t\t\t<h2 class=\"elementor-heading-title elementor-size-default\">Ter\u00fcletrendez\u00e9s<\/h2>\t\t\t\t<\/div>\n\t\t\t\t<\/div>\n\t\t\t\t<\/a>\n\t\t\t\t<\/div>\n\t\t\t\t<\/div>\n\t\t\t\t\t<\/div>\n\t\t\t\t<\/div>\n\t\t\t\t<\/div>\n\t\t","protected":false},"excerpt":{"rendered":"<p>C\u00e9gek sz\u00e1m\u00e1ra C\u00e9gek sz\u00e1m\u00e1ra C\u00e9gek sz\u00e1m\u00e1ra ONLINE SZOLG\u00c1LTAT\u00c1SOK \u00dcZLETI INFRASTRUKT\u00daRA SZ\u00c1LL\u00cdT\u00c1SI ENGED\u00c9LYEK M\u00c1S INT\u00c9ZM\u00c9NYEK HA \u00c9P\u00cdTKEZNI SZERETN\u00c9L MI\u00c9RT \u00c9RDEMES NAGYV\u00c1RADON BEFEKTETNI? INFORMATIKA NAGYV\u00c1RADON \u00d6nkorm\u00e1nyzati besorol\u00e1s FEJLESZT\u00c9SI STRAT\u00c9GI\u00c1K Ad\u00f3z\u00e1si inform\u00e1ci\u00f3k Ter\u00fcletrendez\u00e9s<\/p>\n","protected":false},"author":1,"featured_media":0,"parent":0,"menu_order":0,"comment_status":"closed","ping_status":"closed","template":"","meta":{"_acf_changed":false,"ep_exclude_from_search":false,"footnotes":""},"class_list":["post-187996","page","type-page","status-publish","hentry"],"acf":[],"yoast_head":"<!-- This site is optimized with the Yoast SEO plugin v26.6 - https:\/\/yoast.com\/wordpress\/plugins\/seo\/ -->\n<title>C\u00e9gek sz\u00e1m\u00e1ra - Oradea.ro<\/title>\n<meta name=\"robots\" content=\"index, follow, max-snippet:-1, max-image-preview:large, max-video-preview:-1\" \/>\n<link rel=\"canonical\" href=\"https:\/\/oradea.ro\/pentru-firme\/\" \/>\n<meta property=\"og:locale\" content=\"hu_HU\" \/>\n<meta property=\"og:type\" content=\"article\" \/>\n<meta property=\"og:title\" content=\"C\u00e9gek sz\u00e1m\u00e1ra - Oradea.ro\" \/>\n<meta property=\"og:description\" content=\"C\u00e9gek sz\u00e1m\u00e1ra C\u00e9gek sz\u00e1m\u00e1ra C\u00e9gek sz\u00e1m\u00e1ra ONLINE SZOLG\u00c1LTAT\u00c1SOK \u00dcZLETI INFRASTRUKT\u00daRA SZ\u00c1LL\u00cdT\u00c1SI ENGED\u00c9LYEK M\u00c1S INT\u00c9ZM\u00c9NYEK HA \u00c9P\u00cdTKEZNI SZERETN\u00c9L MI\u00c9RT \u00c9RDEMES NAGYV\u00c1RADON BEFEKTETNI? INFORMATIKA NAGYV\u00c1RADON \u00d6nkorm\u00e1nyzati besorol\u00e1s FEJLESZT\u00c9SI STRAT\u00c9GI\u00c1K Ad\u00f3z\u00e1si inform\u00e1ci\u00f3k Ter\u00fcletrendez\u00e9s\" \/>\n<meta property=\"og:url\" content=\"https:\/\/oradea.ro\/pentru-firme\/\" \/>\n<meta property=\"og:site_name\" content=\"Oradea.ro\" \/>\n<meta property=\"article:modified_time\" content=\"2024-03-27T08:35:01+00:00\" \/>\n<meta name=\"twitter:card\" content=\"summary_large_image\" \/>\n<script type=\"application\/ld+json\" class=\"yoast-schema-graph\">{\"@context\":\"https:\/\/schema.org\",\"@graph\":[{\"@type\":\"WebPage\",\"@id\":\"https:\/\/oradea.ro\/pentru-firme\/\",\"url\":\"https:\/\/oradea.ro\/pentru-firme\/\",\"name\":\"C\u00e9gek sz\u00e1m\u00e1ra - Oradea.ro\",\"isPartOf\":{\"@id\":\"https:\/\/oradea.ro\/#website\"},\"datePublished\":\"2023-07-27T08:45:17+00:00\",\"dateModified\":\"2024-03-27T08:35:01+00:00\",\"breadcrumb\":{\"@id\":\"https:\/\/oradea.ro\/pentru-firme\/#breadcrumb\"},\"inLanguage\":\"hu\",\"potentialAction\":[{\"@type\":\"ReadAction\",\"target\":[\"https:\/\/oradea.ro\/pentru-firme\/\"]}]},{\"@type\":\"BreadcrumbList\",\"@id\":\"https:\/\/oradea.ro\/pentru-firme\/#breadcrumb\",\"itemListElement\":[{\"@type\":\"ListItem\",\"position\":1,\"name\":\"\",\"item\":\"https:\/\/oradea.ro\/hu\/\"},{\"@type\":\"ListItem\",\"position\":2,\"name\":\"C\u00e9gek sz\u00e1m\u00e1ra\"}]},{\"@type\":\"WebSite\",\"@id\":\"https:\/\/oradea.ro\/#website\",\"url\":\"https:\/\/oradea.ro\/\",\"name\":\"Oradea.ro\",\"description\":\"Site-ul oficial al Prim\u0103riei Municipiului Oradea\",\"publisher\":{\"@id\":\"https:\/\/oradea.ro\/#organization\"},\"potentialAction\":[{\"@type\":\"SearchAction\",\"target\":{\"@type\":\"EntryPoint\",\"urlTemplate\":\"https:\/\/oradea.ro\/?s={search_term_string}\"},\"query-input\":{\"@type\":\"PropertyValueSpecification\",\"valueRequired\":true,\"valueName\":\"search_term_string\"}}],\"inLanguage\":\"hu\"},{\"@type\":\"Organization\",\"@id\":\"https:\/\/oradea.ro\/#organization\",\"name\":\"Oradea.ro\",\"url\":\"https:\/\/oradea.ro\/\",\"logo\":{\"@type\":\"ImageObject\",\"inLanguage\":\"hu\",\"@id\":\"https:\/\/oradea.ro\/#\/schema\/logo\/image\/\",\"url\":\"https:\/\/oradea.ro\/wp-content\/uploads\/2023\/06\/footer_logo.svg\",\"contentUrl\":\"https:\/\/oradea.ro\/wp-content\/uploads\/2023\/06\/footer_logo.svg\",\"width\":218,\"height\":53,\"caption\":\"Oradea.ro\"},\"image\":{\"@id\":\"https:\/\/oradea.ro\/#\/schema\/logo\/image\/\"}}]}<\/script>\n<!-- \/ Yoast SEO plugin. -->","yoast_head_json":{"title":"C\u00e9gek sz\u00e1m\u00e1ra - Oradea.ro","robots":{"index":"index","follow":"follow","max-snippet":"max-snippet:-1","max-image-preview":"max-image-preview:large","max-video-preview":"max-video-preview:-1"},"canonical":"https:\/\/oradea.ro\/pentru-firme\/","og_locale":"hu_HU","og_type":"article","og_title":"C\u00e9gek sz\u00e1m\u00e1ra - Oradea.ro","og_description":"C\u00e9gek sz\u00e1m\u00e1ra C\u00e9gek sz\u00e1m\u00e1ra C\u00e9gek sz\u00e1m\u00e1ra ONLINE SZOLG\u00c1LTAT\u00c1SOK \u00dcZLETI INFRASTRUKT\u00daRA SZ\u00c1LL\u00cdT\u00c1SI ENGED\u00c9LYEK M\u00c1S INT\u00c9ZM\u00c9NYEK HA \u00c9P\u00cdTKEZNI SZERETN\u00c9L MI\u00c9RT \u00c9RDEMES NAGYV\u00c1RADON BEFEKTETNI? INFORMATIKA NAGYV\u00c1RADON \u00d6nkorm\u00e1nyzati besorol\u00e1s FEJLESZT\u00c9SI STRAT\u00c9GI\u00c1K Ad\u00f3z\u00e1si inform\u00e1ci\u00f3k Ter\u00fcletrendez\u00e9s","og_url":"https:\/\/oradea.ro\/pentru-firme\/","og_site_name":"Oradea.ro","article_modified_time":"2024-03-27T08:35:01+00:00","twitter_card":"summary_large_image","schema":{"@context":"https:\/\/schema.org","@graph":[{"@type":"WebPage","@id":"https:\/\/oradea.ro\/pentru-firme\/","url":"https:\/\/oradea.ro\/pentru-firme\/","name":"C\u00e9gek sz\u00e1m\u00e1ra - Oradea.ro","isPartOf":{"@id":"https:\/\/oradea.ro\/#website"},"datePublished":"2023-07-27T08:45:17+00:00","dateModified":"2024-03-27T08:35:01+00:00","breadcrumb":{"@id":"https:\/\/oradea.ro\/pentru-firme\/#breadcrumb"},"inLanguage":"hu","potentialAction":[{"@type":"ReadAction","target":["https:\/\/oradea.ro\/pentru-firme\/"]}]},{"@type":"BreadcrumbList","@id":"https:\/\/oradea.ro\/pentru-firme\/#breadcrumb","itemListElement":[{"@type":"ListItem","position":1,"name":"","item":"https:\/\/oradea.ro\/hu\/"},{"@type":"ListItem","position":2,"name":"C\u00e9gek sz\u00e1m\u00e1ra"}]},{"@type":"WebSite","@id":"https:\/\/oradea.ro\/#website","url":"https:\/\/oradea.ro\/","name":"Oradea.ro","description":"Site-ul oficial al Prim\u0103riei Municipiului Oradea","publisher":{"@id":"https:\/\/oradea.ro\/#organization"},"potentialAction":[{"@type":"SearchAction","target":{"@type":"EntryPoint","urlTemplate":"https:\/\/oradea.ro\/?s={search_term_string}"},"query-input":{"@type":"PropertyValueSpecification","valueRequired":true,"valueName":"search_term_string"}}],"inLanguage":"hu"},{"@type":"Organization","@id":"https:\/\/oradea.ro\/#organization","name":"Oradea.ro","url":"https:\/\/oradea.ro\/","logo":{"@type":"ImageObject","inLanguage":"hu","@id":"https:\/\/oradea.ro\/#\/schema\/logo\/image\/","url":"https:\/\/oradea.ro\/wp-content\/uploads\/2023\/06\/footer_logo.svg","contentUrl":"https:\/\/oradea.ro\/wp-content\/uploads\/2023\/06\/footer_logo.svg","width":218,"height":53,"caption":"Oradea.ro"},"image":{"@id":"https:\/\/oradea.ro\/#\/schema\/logo\/image\/"}}]}},"publishpress_future_action":{"enabled":false,"date":"2026-04-30 22:24:28","action":"change-status","newStatus":"draft","terms":[],"taxonomy":"translation_priority","extraData":[]},"publishpress_future_workflow_manual_trigger":{"enabledWorkflows":[]},"_links":{"self":[{"href":"https:\/\/oradea.ro\/hu\/wp-json\/wp\/v2\/pages\/187996","targetHints":{"allow":["GET"]}}],"collection":[{"href":"https:\/\/oradea.ro\/hu\/wp-json\/wp\/v2\/pages"}],"about":[{"href":"https:\/\/oradea.ro\/hu\/wp-json\/wp\/v2\/types\/page"}],"author":[{"embeddable":true,"href":"https:\/\/oradea.ro\/hu\/wp-json\/wp\/v2\/users\/1"}],"replies":[{"embeddable":true,"href":"https:\/\/oradea.ro\/hu\/wp-json\/wp\/v2\/comments?post=187996"}],"version-history":[{"count":1,"href":"https:\/\/oradea.ro\/hu\/wp-json\/wp\/v2\/pages\/187996\/revisions"}],"predecessor-version":[{"id":187998,"href":"https:\/\/oradea.ro\/hu\/wp-json\/wp\/v2\/pages\/187996\/revisions\/187998"}],"wp:attachment":[{"href":"https:\/\/oradea.ro\/hu\/wp-json\/wp\/v2\/media?parent=187996"}],"curies":[{"name":"wp","href":"https:\/\/api.w.org\/{rel}","templated":true}]}}