{"id":188005,"date":"2023-09-12T07:24:23","date_gmt":"2023-09-12T07:24:23","guid":{"rendered":"https:\/\/oradea.ro\/cegek-szamara\/miert-erdemes-nagyvaradon-befektetni\/"},"modified":"2024-01-10T21:25:24","modified_gmt":"2024-01-10T21:25:24","slug":"miert-erdemes-nagyvaradon-befektetni","status":"publish","type":"page","link":"https:\/\/oradea.ro\/hu\/cegek-szamara\/miert-erdemes-nagyvaradon-befektetni\/","title":{"rendered":"Mi\u00e9rt \u00e9rdemes Nagyv\u00e1radon befektetni?"},"content":{"rendered":"<div class=\"min-w-[100vw] h-[350px] md:h-[500px] ml-[calc(50%-50vw)] flex items-end bg-no-repeat bg-white bg-cover bg-center px-5\" style=\"background-image: url(https:\/\/oradea.ro\/wp-content\/uploads\/2023\/11\/orasul-de-sus-plan-general-seara-scaled-e1699973258371.jpg);\">\r\n                    <div class=\"w-full max-w-7xl mx-auto mb-6\">\r\n                        <h1 class=\"my-0 text-white font-extrabold font-open-sans text-3xl md:text-6xl [text-shadow:_0_1px_4px_rgb(0_0_0_\/_50%)]\">Mi\u00e9rt \u00e9rdemes Nagyv\u00e1radon befektetni?<\/h1>\r\n                    <\/div>\r\n                <\/div><div class=\"!px-5\"><div class=\"breadcrumbs w-full max-w-7xl mx-auto grid md:flex flex-wrap items-center py-4 test\"><div><a href=\"https:\/\/oradea.ro\/hu\/\"><span class=\"fas fa-home text-[#ABAEB3]\"><\/span><\/a><span class=\"md:hidden\"><span class=\"fas fa-chevron-down mx-5 text-xs text-[#ABAEB3] hover:text-black\/50 transition-all\"><\/span><\/span><span class=\"hidden md:inline\"><span class=\"fas fa-chevron-right mx-5 text-xs text-[#ABAEB3] hover:text-black\/50 transition-all\"><\/span><\/span><\/div><span class=\"font-poppins font-semibold uppercase text-black\/60\">Mi\u00e9rt \u00e9rdemes Nagyv\u00e1radon befektetni?<\/span><\/div><\/div>\t\t<div data-elementor-type=\"wp-page\" data-elementor-id=\"188005\" class=\"elementor elementor-188005 elementor-8057\" data-elementor-post-type=\"page\">\n\t\t\t\t<div class=\"elementor-element elementor-element-e76acb4 e-flex e-con-boxed wpr-particle-no wpr-jarallax-no wpr-parallax-no wpr-sticky-section-no e-con e-parent\" data-id=\"e76acb4\" data-element_type=\"container\">\n\t\t\t\t\t<div class=\"e-con-inner\">\n\t\t\t\t<div class=\"elementor-element elementor-element-0031971 elementor-widget elementor-widget-heading\" data-id=\"0031971\" data-element_type=\"widget\" data-widget_type=\"heading.default\">\n\t\t\t\t<div class=\"elementor-widget-container\">\n\t\t\t\t\t<h2 class=\"elementor-heading-title elementor-size-default\">Mi\u00e9rt \u00e9rdemes Nagyv\u00e1radon befektetni?<\/h2>\t\t\t\t<\/div>\n\t\t\t\t<\/div>\n\t\t\t\t<div class=\"elementor-element elementor-element-0ee2fc0 wpr-advanced-accordion-icon-side-box elementor-widget elementor-widget-wpr-advanced-accordion\" data-id=\"0ee2fc0\" data-element_type=\"widget\" data-settings=\"{&quot;active_item&quot;:1}\" data-widget_type=\"wpr-advanced-accordion.default\">\n\t\t\t\t<div class=\"elementor-widget-container\">\n\t\t\t\t\t\n            <div class=\"wpr-advanced-accordion\" data-accordion-type=\"accordion\" data-active-index=\"1\" data-accordion-trigger=\"click\" data-interaction-speed=\"0.4\">\n\n\t\t\t\n                \n\t\t\t\t\t<div class=\"wpr-accordion-item-wrap\">\n\t\t\t\t\t\t<button class=\"wpr-acc-button\">\n\t\t\t\t\t\t\t<span class=\"wpr-acc-item-title\">\n\t\t\t\t\t\t\t\t\t\t\t\t\t\t\t\t\t<div class=\"wpr-acc-icon-box\">\n\t\t\t\t\t\t\t\t\t\t\t\t\t\t<span class=\"wpr-title-icon\">\n\t\t\t\t\t<i aria-hidden=\"true\" class=\"fas fa-info\"><\/i>\t\t\t\t<\/span>\n\t\t\t\t\t\t\t\t\t\t\t\t<\/div>\n\t\t\t\t\t\t\t\t\n\t\t\t\t\t\t\t\t<span class=\"wpr-acc-title-text\">\u00dcdv\u00f6z\u00f6lj\u00fck Nagyv\u00e1radon!<\/span>\n\t\t\t\t\t\t\t<\/span>\n\t\t\t\t\t\t\t\t\t\t\t<span class=\"wpr-toggle-icon wpr-ti-close\"><i aria-hidden=\"true\" class=\"fas fa-plus\"><\/i><\/span>\n\t\t\t\t<span class=\"wpr-toggle-icon wpr-ti-open\"><i aria-hidden=\"true\" class=\"fas fa-minus\"><\/i><\/span>\n\t\t\t\t\t\t\t\t\t<\/button>\n\n\t\t\t\t\t\t<div class=\"wpr-acc-panel\">\n\t\t\t\t\t\t\t\t\t\t\t\t\t\t\t<div class=\"wpr-acc-panel-content\"><div style=\"align-items: top; display: flex; gap: 10px;\"><div style=\"padding: 5px 0px;\"><p><span style=\"font-weight: 400;\">\u00d6r\u00f6mmel \u00fcdv\u00f6z\u00f6lj\u00fck \u00d6nt Nagyv\u00e1rad \u00f6nkorm\u00e1nyzat\u00e1nak hivatalos honlapj\u00e1n. Szeretn\u00e9nk bemutatni \u00d6nnek a dinamikus, lehet\u0151s\u00e9gekkel teli v\u00e1ros izgalmas befektet\u00e9si aj\u00e1nlatait.<\/span><\/p><p><span style=\"font-weight: 400;\">Nagyv\u00e1rad strat\u00e9giai f\u00f6ldrajzi helyzetben, a magyar hat\u00e1r mellett, Eur\u00f3pa sz\u00edv\u00e9ben tal\u00e1lhat\u00f3. Kiv\u00e1l\u00f3 infrastrukt\u00far\u00e1val rendelkez\u00fcnk, gyors \u00f6sszek\u00f6ttet\u00e9ssel a k\u00f6z\u00fati, vas\u00fati \u00e9s l\u00e9gi k\u00f6zleked\u00e9si h\u00e1l\u00f3zatokhoz, ami Nagyv\u00e1radot fontos gazdas\u00e1gi csom\u00f3pontt\u00e1 teszi.<\/span><\/p><p><span style=\"font-weight: 400;\">A befektet\u0151knek hozz\u00e1f\u00e9r\u00e9st k\u00edn\u00e1lunk modern ipari \u00f6vezetekhez \u00e9s intelligens szakosodott gazdas\u00e1gi z\u00f3n\u00e1khoz, j\u00f3l fejlett technol\u00f3giai parkokhoz, amelyek k\u00e9szen \u00e1llnak arra, hogy k\u00fcl\u00f6nb\u00f6z\u0151 ter\u00fcleteken sikeres v\u00e1llalkoz\u00e1sokat fogadjanak. Ezenfel\u00fcl a helyi hat\u00f3s\u00e1gok elk\u00f6telezettek a befektet\u0151k t\u00e1mogat\u00e1sa mellett, illetve vonz\u00f3 ad\u00f3kedvezm\u00e9nyeket \u00e9s t\u00e1mogat\u00e1si programokat k\u00edn\u00e1lnak.<\/span><\/p><p><span style=\"font-weight: 400;\">Nagyv\u00e1rad k\u00e9pzett munkaer\u0151vel \u00e9s soksz\u00edn\u0171 k\u00f6z\u00f6ss\u00e9ggel rendelkezik, demogr\u00e1fiai \u00e9s gazdas\u00e1gi statisztik\u00e1ink pedig v\u00e1rosunk stabilit\u00e1s\u00e1t \u00e9s folyamatos n\u00f6veked\u00e9s\u00e9t t\u00fckr\u00f6zik.<\/span><\/p><p><span style=\"font-weight: 400;\">Ha tov\u00e1bbi r\u00e9szleteket szeretne megtudni, vagy konkr\u00e9t befektet\u00e9si lehet\u0151s\u00e9gekr\u0151l szeretne t\u00e1rgyalni, k\u00e9rj\u00fck, vegye fel a kapcsolatot elk\u00f6telezett csapatunkkal, amely a sz\u00fcks\u00e9ges t\u00e1mogat\u00e1st ny\u00fajtja \u00d6nnek.<\/span><\/p><p> <\/p><\/div><\/div><p><iframe title=\"YouTube vide\u00f3 lej\u00e1tsz\u00e1sa\" src=\"https:\/\/www.youtube.com\/embed\/h0U1-TqsscY?si=-EIuhlLpwVWVC9QA\" width=\"560\" height=\"500\" frameborder=\"0\" allowfullscreen=\"allowfullscreen\"><\/iframe><\/p><\/div>\n\t\t\t\t\t\t\t\t\t\t\t\t\t<\/div>\n                    <\/div>\n\n                            <\/div>\n        \t\t\t\t<\/div>\n\t\t\t\t<\/div>\n\t\t\t\t\t<\/div>\n\t\t\t\t<\/div>\n\t\t\t\t<\/div>\n\t\t","protected":false},"excerpt":{"rendered":"<p>Mi\u00e9rt \u00e9rdemes Nagyv\u00e1radon befektetni? Mi\u00e9rt \u00e9rdemes Nagyv\u00e1radon befektetni? Mi\u00e9rt \u00e9rdemes Nagyv\u00e1radon befektetni? \u00dcdv\u00f6z\u00f6lj\u00fck Nagyv\u00e1radon! \u00d6r\u00f6mmel \u00fcdv\u00f6z\u00f6lj\u00fck \u00d6nt Nagyv\u00e1rad \u00f6nkorm\u00e1nyzat\u00e1nak hivatalos honlapj\u00e1n. Szeretn\u00e9nk bemutatni \u00d6nnek a dinamikus, lehet\u0151s\u00e9gekkel teli v\u00e1ros izgalmas befektet\u00e9si aj\u00e1nlatait. Nagyv\u00e1rad strat\u00e9giai f\u00f6ldrajzi helyzetben, a magyar hat\u00e1r mellett, Eur\u00f3pa sz\u00edv\u00e9ben tal\u00e1lhat\u00f3. Kiv\u00e1l\u00f3 infrastrukt\u00far\u00e1val rendelkez\u00fcnk, gyors \u00f6sszek\u00f6ttet\u00e9ssel a k\u00f6z\u00fati, vas\u00fati \u00e9s l\u00e9gi k\u00f6zleked\u00e9si h\u00e1l\u00f3zatokhoz, ami Nagyv\u00e1radot fontos gazdas\u00e1gi csom\u00f3pontt\u00e1 teszi. A befektet\u0151knek hozz\u00e1f\u00e9r\u00e9st k\u00edn\u00e1lunk modern ipari \u00f6vezetekhez \u00e9s intelligens szakosodott gazdas\u00e1gi z\u00f3n\u00e1khoz, j\u00f3l fejlett technol\u00f3giai parkokhoz, amelyek k\u00e9szen \u00e1llnak arra, hogy k\u00fcl\u00f6nb\u00f6z\u0151 ter\u00fcleteken sikeres v\u00e1llalkoz\u00e1sokat fogadjanak. Ezenfel\u00fcl a helyi hat\u00f3s\u00e1gok elk\u00f6telezettek a befektet\u0151k t\u00e1mogat\u00e1sa mellett, illetve vonz\u00f3 ad\u00f3kedvezm\u00e9nyeket \u00e9s t\u00e1mogat\u00e1si programokat k\u00edn\u00e1lnak. Nagyv\u00e1rad k\u00e9pzett munkaer\u0151vel \u00e9s soksz\u00edn\u0171 k\u00f6z\u00f6ss\u00e9ggel rendelkezik, demogr\u00e1fiai \u00e9s gazdas\u00e1gi statisztik\u00e1ink pedig v\u00e1rosunk stabilit\u00e1s\u00e1t \u00e9s folyamatos n\u00f6veked\u00e9s\u00e9t t\u00fckr\u00f6zik. Ha tov\u00e1bbi r\u00e9szleteket szeretne megtudni, vagy konkr\u00e9t befektet\u00e9si lehet\u0151s\u00e9gekr\u0151l szeretne t\u00e1rgyalni, k\u00e9rj\u00fck, vegye fel a kapcsolatot elk\u00f6telezett csapatunkkal, amely a sz\u00fcks\u00e9ges t\u00e1mogat\u00e1st ny\u00fajtja \u00d6nnek.<\/p>\n","protected":false},"author":1,"featured_media":41204,"parent":187996,"menu_order":0,"comment_status":"closed","ping_status":"closed","template":"","meta":{"_acf_changed":false,"ep_exclude_from_search":false,"footnotes":""},"class_list":["post-188005","page","type-page","status-publish","has-post-thumbnail","hentry"],"acf":[],"yoast_head":"<!-- This site is optimized with the Yoast SEO plugin v26.6 - https:\/\/yoast.com\/wordpress\/plugins\/seo\/ -->\n<title>Mi\u00e9rt \u00e9rdemes Nagyv\u00e1radon befektetni? - Oradea.ro<\/title>\n<meta name=\"robots\" content=\"index, follow, max-snippet:-1, max-image-preview:large, max-video-preview:-1\" \/>\n<link rel=\"canonical\" href=\"https:\/\/oradea.ro\/pentru-firme\/de-ce-sa-investesti-in-oradea\/\" \/>\n<meta property=\"og:locale\" content=\"hu_HU\" \/>\n<meta property=\"og:type\" content=\"article\" \/>\n<meta property=\"og:title\" content=\"Mi\u00e9rt \u00e9rdemes Nagyv\u00e1radon befektetni? - Oradea.ro\" \/>\n<meta property=\"og:description\" content=\"Mi\u00e9rt \u00e9rdemes Nagyv\u00e1radon befektetni? Mi\u00e9rt \u00e9rdemes Nagyv\u00e1radon befektetni? Mi\u00e9rt \u00e9rdemes Nagyv\u00e1radon befektetni? \u00dcdv\u00f6z\u00f6lj\u00fck Nagyv\u00e1radon! \u00d6r\u00f6mmel \u00fcdv\u00f6z\u00f6lj\u00fck \u00d6nt Nagyv\u00e1rad \u00f6nkorm\u00e1nyzat\u00e1nak hivatalos honlapj\u00e1n. Szeretn\u00e9nk bemutatni \u00d6nnek a dinamikus, lehet\u0151s\u00e9gekkel teli v\u00e1ros izgalmas befektet\u00e9si aj\u00e1nlatait. Nagyv\u00e1rad strat\u00e9giai f\u00f6ldrajzi helyzetben, a magyar hat\u00e1r mellett, Eur\u00f3pa sz\u00edv\u00e9ben tal\u00e1lhat\u00f3. Kiv\u00e1l\u00f3 infrastrukt\u00far\u00e1val rendelkez\u00fcnk, gyors \u00f6sszek\u00f6ttet\u00e9ssel a k\u00f6z\u00fati, vas\u00fati \u00e9s l\u00e9gi k\u00f6zleked\u00e9si h\u00e1l\u00f3zatokhoz, ami Nagyv\u00e1radot fontos gazdas\u00e1gi csom\u00f3pontt\u00e1 teszi. A befektet\u0151knek hozz\u00e1f\u00e9r\u00e9st k\u00edn\u00e1lunk modern ipari \u00f6vezetekhez \u00e9s intelligens szakosodott gazdas\u00e1gi z\u00f3n\u00e1khoz, j\u00f3l fejlett technol\u00f3giai parkokhoz, amelyek k\u00e9szen \u00e1llnak arra, hogy k\u00fcl\u00f6nb\u00f6z\u0151 ter\u00fcleteken sikeres v\u00e1llalkoz\u00e1sokat fogadjanak. Ezenfel\u00fcl a helyi hat\u00f3s\u00e1gok elk\u00f6telezettek a befektet\u0151k t\u00e1mogat\u00e1sa mellett, illetve vonz\u00f3 ad\u00f3kedvezm\u00e9nyeket \u00e9s t\u00e1mogat\u00e1si programokat k\u00edn\u00e1lnak. Nagyv\u00e1rad k\u00e9pzett munkaer\u0151vel \u00e9s soksz\u00edn\u0171 k\u00f6z\u00f6ss\u00e9ggel rendelkezik, demogr\u00e1fiai \u00e9s gazdas\u00e1gi statisztik\u00e1ink pedig v\u00e1rosunk stabilit\u00e1s\u00e1t \u00e9s folyamatos n\u00f6veked\u00e9s\u00e9t t\u00fckr\u00f6zik. Ha tov\u00e1bbi r\u00e9szleteket szeretne megtudni, vagy konkr\u00e9t befektet\u00e9si lehet\u0151s\u00e9gekr\u0151l szeretne t\u00e1rgyalni, k\u00e9rj\u00fck, vegye fel a kapcsolatot elk\u00f6telezett csapatunkkal, amely a sz\u00fcks\u00e9ges t\u00e1mogat\u00e1st ny\u00fajtja \u00d6nnek.\" \/>\n<meta property=\"og:url\" content=\"https:\/\/oradea.ro\/pentru-firme\/de-ce-sa-investesti-in-oradea\/\" \/>\n<meta property=\"og:site_name\" content=\"Oradea.ro\" \/>\n<meta property=\"article:modified_time\" content=\"2024-01-10T21:25:24+00:00\" \/>\n<meta property=\"og:image\" content=\"https:\/\/oradea.ro\/wp-content\/uploads\/2023\/11\/orasul-de-sus-plan-general-seara-scaled-e1699973258371.jpg\" \/>\n\t<meta property=\"og:image:width\" content=\"2560\" \/>\n\t<meta property=\"og:image:height\" content=\"1920\" \/>\n\t<meta property=\"og:image:type\" content=\"image\/jpeg\" \/>\n<meta name=\"twitter:card\" content=\"summary_large_image\" \/>\n<meta name=\"twitter:label1\" content=\"Becs\u00fclt olvas\u00e1si id\u0151\" \/>\n\t<meta name=\"twitter:data1\" content=\"1 perc\" \/>\n<script type=\"application\/ld+json\" class=\"yoast-schema-graph\">{\"@context\":\"https:\/\/schema.org\",\"@graph\":[{\"@type\":\"WebPage\",\"@id\":\"https:\/\/oradea.ro\/pentru-firme\/de-ce-sa-investesti-in-oradea\/\",\"url\":\"https:\/\/oradea.ro\/pentru-firme\/de-ce-sa-investesti-in-oradea\/\",\"name\":\"Mi\u00e9rt \u00e9rdemes Nagyv\u00e1radon befektetni? - Oradea.ro\",\"isPartOf\":{\"@id\":\"https:\/\/oradea.ro\/#website\"},\"primaryImageOfPage\":{\"@id\":\"https:\/\/oradea.ro\/pentru-firme\/de-ce-sa-investesti-in-oradea\/#primaryimage\"},\"image\":{\"@id\":\"https:\/\/oradea.ro\/pentru-firme\/de-ce-sa-investesti-in-oradea\/#primaryimage\"},\"thumbnailUrl\":\"https:\/\/oradea.ro\/wp-content\/uploads\/2023\/11\/orasul-de-sus-plan-general-seara-scaled-e1699973258371.jpg\",\"datePublished\":\"2023-09-12T07:24:23+00:00\",\"dateModified\":\"2024-01-10T21:25:24+00:00\",\"breadcrumb\":{\"@id\":\"https:\/\/oradea.ro\/pentru-firme\/de-ce-sa-investesti-in-oradea\/#breadcrumb\"},\"inLanguage\":\"hu\",\"potentialAction\":[{\"@type\":\"ReadAction\",\"target\":[\"https:\/\/oradea.ro\/pentru-firme\/de-ce-sa-investesti-in-oradea\/\"]}]},{\"@type\":\"ImageObject\",\"inLanguage\":\"hu\",\"@id\":\"https:\/\/oradea.ro\/pentru-firme\/de-ce-sa-investesti-in-oradea\/#primaryimage\",\"url\":\"https:\/\/oradea.ro\/wp-content\/uploads\/2023\/11\/orasul-de-sus-plan-general-seara-scaled-e1699973258371.jpg\",\"contentUrl\":\"https:\/\/oradea.ro\/wp-content\/uploads\/2023\/11\/orasul-de-sus-plan-general-seara-scaled-e1699973258371.jpg\",\"width\":2560,\"height\":1920},{\"@type\":\"BreadcrumbList\",\"@id\":\"https:\/\/oradea.ro\/pentru-firme\/de-ce-sa-investesti-in-oradea\/#breadcrumb\",\"itemListElement\":[{\"@type\":\"ListItem\",\"position\":1,\"name\":\"\",\"item\":\"https:\/\/oradea.ro\/hu\/\"},{\"@type\":\"ListItem\",\"position\":2,\"name\":\"C\u00e9gek sz\u00e1m\u00e1ra\",\"item\":\"https:\/\/oradea.ro\/pentru-firme\/\"},{\"@type\":\"ListItem\",\"position\":3,\"name\":\"Mi\u00e9rt \u00e9rdemes Nagyv\u00e1radon befektetni?\"}]},{\"@type\":\"WebSite\",\"@id\":\"https:\/\/oradea.ro\/#website\",\"url\":\"https:\/\/oradea.ro\/\",\"name\":\"Oradea.ro\",\"description\":\"Site-ul oficial al Prim\u0103riei Municipiului Oradea\",\"publisher\":{\"@id\":\"https:\/\/oradea.ro\/#organization\"},\"potentialAction\":[{\"@type\":\"SearchAction\",\"target\":{\"@type\":\"EntryPoint\",\"urlTemplate\":\"https:\/\/oradea.ro\/?s={search_term_string}\"},\"query-input\":{\"@type\":\"PropertyValueSpecification\",\"valueRequired\":true,\"valueName\":\"search_term_string\"}}],\"inLanguage\":\"hu\"},{\"@type\":\"Organization\",\"@id\":\"https:\/\/oradea.ro\/#organization\",\"name\":\"Oradea.ro\",\"url\":\"https:\/\/oradea.ro\/\",\"logo\":{\"@type\":\"ImageObject\",\"inLanguage\":\"hu\",\"@id\":\"https:\/\/oradea.ro\/#\/schema\/logo\/image\/\",\"url\":\"https:\/\/oradea.ro\/wp-content\/uploads\/2023\/06\/footer_logo.svg\",\"contentUrl\":\"https:\/\/oradea.ro\/wp-content\/uploads\/2023\/06\/footer_logo.svg\",\"width\":218,\"height\":53,\"caption\":\"Oradea.ro\"},\"image\":{\"@id\":\"https:\/\/oradea.ro\/#\/schema\/logo\/image\/\"}}]}<\/script>\n<!-- \/ Yoast SEO plugin. -->","yoast_head_json":{"title":"Mi\u00e9rt \u00e9rdemes Nagyv\u00e1radon befektetni? - Oradea.ro","robots":{"index":"index","follow":"follow","max-snippet":"max-snippet:-1","max-image-preview":"max-image-preview:large","max-video-preview":"max-video-preview:-1"},"canonical":"https:\/\/oradea.ro\/pentru-firme\/de-ce-sa-investesti-in-oradea\/","og_locale":"hu_HU","og_type":"article","og_title":"Mi\u00e9rt \u00e9rdemes Nagyv\u00e1radon befektetni? - Oradea.ro","og_description":"Mi\u00e9rt \u00e9rdemes Nagyv\u00e1radon befektetni? Mi\u00e9rt \u00e9rdemes Nagyv\u00e1radon befektetni? Mi\u00e9rt \u00e9rdemes Nagyv\u00e1radon befektetni? \u00dcdv\u00f6z\u00f6lj\u00fck Nagyv\u00e1radon! \u00d6r\u00f6mmel \u00fcdv\u00f6z\u00f6lj\u00fck \u00d6nt Nagyv\u00e1rad \u00f6nkorm\u00e1nyzat\u00e1nak hivatalos honlapj\u00e1n. Szeretn\u00e9nk bemutatni \u00d6nnek a dinamikus, lehet\u0151s\u00e9gekkel teli v\u00e1ros izgalmas befektet\u00e9si aj\u00e1nlatait. Nagyv\u00e1rad strat\u00e9giai f\u00f6ldrajzi helyzetben, a magyar hat\u00e1r mellett, Eur\u00f3pa sz\u00edv\u00e9ben tal\u00e1lhat\u00f3. Kiv\u00e1l\u00f3 infrastrukt\u00far\u00e1val rendelkez\u00fcnk, gyors \u00f6sszek\u00f6ttet\u00e9ssel a k\u00f6z\u00fati, vas\u00fati \u00e9s l\u00e9gi k\u00f6zleked\u00e9si h\u00e1l\u00f3zatokhoz, ami Nagyv\u00e1radot fontos gazdas\u00e1gi csom\u00f3pontt\u00e1 teszi. A befektet\u0151knek hozz\u00e1f\u00e9r\u00e9st k\u00edn\u00e1lunk modern ipari \u00f6vezetekhez \u00e9s intelligens szakosodott gazdas\u00e1gi z\u00f3n\u00e1khoz, j\u00f3l fejlett technol\u00f3giai parkokhoz, amelyek k\u00e9szen \u00e1llnak arra, hogy k\u00fcl\u00f6nb\u00f6z\u0151 ter\u00fcleteken sikeres v\u00e1llalkoz\u00e1sokat fogadjanak. Ezenfel\u00fcl a helyi hat\u00f3s\u00e1gok elk\u00f6telezettek a befektet\u0151k t\u00e1mogat\u00e1sa mellett, illetve vonz\u00f3 ad\u00f3kedvezm\u00e9nyeket \u00e9s t\u00e1mogat\u00e1si programokat k\u00edn\u00e1lnak. Nagyv\u00e1rad k\u00e9pzett munkaer\u0151vel \u00e9s soksz\u00edn\u0171 k\u00f6z\u00f6ss\u00e9ggel rendelkezik, demogr\u00e1fiai \u00e9s gazdas\u00e1gi statisztik\u00e1ink pedig v\u00e1rosunk stabilit\u00e1s\u00e1t \u00e9s folyamatos n\u00f6veked\u00e9s\u00e9t t\u00fckr\u00f6zik. Ha tov\u00e1bbi r\u00e9szleteket szeretne megtudni, vagy konkr\u00e9t befektet\u00e9si lehet\u0151s\u00e9gekr\u0151l szeretne t\u00e1rgyalni, k\u00e9rj\u00fck, vegye fel a kapcsolatot elk\u00f6telezett csapatunkkal, amely a sz\u00fcks\u00e9ges t\u00e1mogat\u00e1st ny\u00fajtja \u00d6nnek.","og_url":"https:\/\/oradea.ro\/pentru-firme\/de-ce-sa-investesti-in-oradea\/","og_site_name":"Oradea.ro","article_modified_time":"2024-01-10T21:25:24+00:00","og_image":[{"width":2560,"height":1920,"url":"https:\/\/oradea.ro\/wp-content\/uploads\/2023\/11\/orasul-de-sus-plan-general-seara-scaled-e1699973258371.jpg","type":"image\/jpeg"}],"twitter_card":"summary_large_image","twitter_misc":{"Becs\u00fclt olvas\u00e1si id\u0151":"1 perc"},"schema":{"@context":"https:\/\/schema.org","@graph":[{"@type":"WebPage","@id":"https:\/\/oradea.ro\/pentru-firme\/de-ce-sa-investesti-in-oradea\/","url":"https:\/\/oradea.ro\/pentru-firme\/de-ce-sa-investesti-in-oradea\/","name":"Mi\u00e9rt \u00e9rdemes Nagyv\u00e1radon befektetni? - Oradea.ro","isPartOf":{"@id":"https:\/\/oradea.ro\/#website"},"primaryImageOfPage":{"@id":"https:\/\/oradea.ro\/pentru-firme\/de-ce-sa-investesti-in-oradea\/#primaryimage"},"image":{"@id":"https:\/\/oradea.ro\/pentru-firme\/de-ce-sa-investesti-in-oradea\/#primaryimage"},"thumbnailUrl":"https:\/\/oradea.ro\/wp-content\/uploads\/2023\/11\/orasul-de-sus-plan-general-seara-scaled-e1699973258371.jpg","datePublished":"2023-09-12T07:24:23+00:00","dateModified":"2024-01-10T21:25:24+00:00","breadcrumb":{"@id":"https:\/\/oradea.ro\/pentru-firme\/de-ce-sa-investesti-in-oradea\/#breadcrumb"},"inLanguage":"hu","potentialAction":[{"@type":"ReadAction","target":["https:\/\/oradea.ro\/pentru-firme\/de-ce-sa-investesti-in-oradea\/"]}]},{"@type":"ImageObject","inLanguage":"hu","@id":"https:\/\/oradea.ro\/pentru-firme\/de-ce-sa-investesti-in-oradea\/#primaryimage","url":"https:\/\/oradea.ro\/wp-content\/uploads\/2023\/11\/orasul-de-sus-plan-general-seara-scaled-e1699973258371.jpg","contentUrl":"https:\/\/oradea.ro\/wp-content\/uploads\/2023\/11\/orasul-de-sus-plan-general-seara-scaled-e1699973258371.jpg","width":2560,"height":1920},{"@type":"BreadcrumbList","@id":"https:\/\/oradea.ro\/pentru-firme\/de-ce-sa-investesti-in-oradea\/#breadcrumb","itemListElement":[{"@type":"ListItem","position":1,"name":"","item":"https:\/\/oradea.ro\/hu\/"},{"@type":"ListItem","position":2,"name":"C\u00e9gek sz\u00e1m\u00e1ra","item":"https:\/\/oradea.ro\/pentru-firme\/"},{"@type":"ListItem","position":3,"name":"Mi\u00e9rt \u00e9rdemes Nagyv\u00e1radon befektetni?"}]},{"@type":"WebSite","@id":"https:\/\/oradea.ro\/#website","url":"https:\/\/oradea.ro\/","name":"Oradea.ro","description":"Site-ul oficial al Prim\u0103riei Municipiului Oradea","publisher":{"@id":"https:\/\/oradea.ro\/#organization"},"potentialAction":[{"@type":"SearchAction","target":{"@type":"EntryPoint","urlTemplate":"https:\/\/oradea.ro\/?s={search_term_string}"},"query-input":{"@type":"PropertyValueSpecification","valueRequired":true,"valueName":"search_term_string"}}],"inLanguage":"hu"},{"@type":"Organization","@id":"https:\/\/oradea.ro\/#organization","name":"Oradea.ro","url":"https:\/\/oradea.ro\/","logo":{"@type":"ImageObject","inLanguage":"hu","@id":"https:\/\/oradea.ro\/#\/schema\/logo\/image\/","url":"https:\/\/oradea.ro\/wp-content\/uploads\/2023\/06\/footer_logo.svg","contentUrl":"https:\/\/oradea.ro\/wp-content\/uploads\/2023\/06\/footer_logo.svg","width":218,"height":53,"caption":"Oradea.ro"},"image":{"@id":"https:\/\/oradea.ro\/#\/schema\/logo\/image\/"}}]}},"publishpress_future_action":{"enabled":false,"date":"2026-04-30 22:24:28","action":"change-status","newStatus":"draft","terms":[],"taxonomy":"translation_priority","extraData":[]},"publishpress_future_workflow_manual_trigger":{"enabledWorkflows":[]},"_links":{"self":[{"href":"https:\/\/oradea.ro\/hu\/wp-json\/wp\/v2\/pages\/188005","targetHints":{"allow":["GET"]}}],"collection":[{"href":"https:\/\/oradea.ro\/hu\/wp-json\/wp\/v2\/pages"}],"about":[{"href":"https:\/\/oradea.ro\/hu\/wp-json\/wp\/v2\/types\/page"}],"author":[{"embeddable":true,"href":"https:\/\/oradea.ro\/hu\/wp-json\/wp\/v2\/users\/1"}],"replies":[{"embeddable":true,"href":"https:\/\/oradea.ro\/hu\/wp-json\/wp\/v2\/comments?post=188005"}],"version-history":[{"count":1,"href":"https:\/\/oradea.ro\/hu\/wp-json\/wp\/v2\/pages\/188005\/revisions"}],"predecessor-version":[{"id":188006,"href":"https:\/\/oradea.ro\/hu\/wp-json\/wp\/v2\/pages\/188005\/revisions\/188006"}],"up":[{"embeddable":true,"href":"https:\/\/oradea.ro\/hu\/wp-json\/wp\/v2\/pages\/187996"}],"wp:featuredmedia":[{"embeddable":true,"href":"https:\/\/oradea.ro\/hu\/wp-json\/wp\/v2\/media\/41204"}],"wp:attachment":[{"href":"https:\/\/oradea.ro\/hu\/wp-json\/wp\/v2\/media?parent=188005"}],"curies":[{"name":"wp","href":"https:\/\/api.w.org\/{rel}","templated":true}]}}