{"id":191158,"date":"2023-09-12T09:06:49","date_gmt":"2023-09-12T07:06:49","guid":{"rendered":"https:\/\/oradea.ro\/nagyvaradi-varoshaza\/kozbeszerzesek\/"},"modified":"2024-01-18T11:13:07","modified_gmt":"2024-01-18T11:13:07","slug":"kozbeszerzesek","status":"publish","type":"page","link":"https:\/\/oradea.ro\/hu\/nagyvaradi-varoshaza\/kozbeszerzesek\/","title":{"rendered":"K\u00f6zbeszerz\u00e9sek"},"content":{"rendered":"<div class=\"min-w-[100vw] h-[350px] md:h-[500px] ml-[calc(50%-50vw)] flex items-end bg-no-repeat bg-white bg-cover bg-center px-5\" style=\"background-image: url(https:\/\/oradea.ro\/wp-content\/uploads\/2023\/10\/home_hero_slide_2-scaled.webp);\">\r\n                    <div class=\"w-full max-w-7xl mx-auto mb-6\">\r\n                        <h1 class=\"my-0 text-white font-extrabold font-open-sans text-3xl md:text-6xl [text-shadow:_0_1px_4px_rgb(0_0_0_\/_50%)]\">K\u00f6zbeszerz\u00e9sek<\/h1>\r\n                    <\/div>\r\n                <\/div><div class=\"!px-5\"><div class=\"breadcrumbs w-full max-w-7xl mx-auto grid md:flex flex-wrap items-center py-4 test\"><div><a href=\"https:\/\/oradea.ro\/hu\/\"><span class=\"fas fa-home text-[#ABAEB3]\"><\/span><\/a><span class=\"md:hidden\"><span class=\"fas fa-chevron-down mx-5 text-xs text-[#ABAEB3] hover:text-black\/50 transition-all\"><\/span><\/span><span class=\"hidden md:inline\"><span class=\"fas fa-chevron-right mx-5 text-xs text-[#ABAEB3] hover:text-black\/50 transition-all\"><\/span><\/span><\/div><span class=\"font-poppins font-semibold uppercase text-black\/60\">K\u00f6zbeszerz\u00e9sek<\/span><\/div><\/div>\t\t<div data-elementor-type=\"wp-page\" data-elementor-id=\"191158\" class=\"elementor elementor-191158 elementor-8153\" data-elementor-post-type=\"page\">\n\t\t\t\t<div class=\"elementor-element elementor-element-e0469cd e-flex e-con-boxed wpr-particle-no wpr-jarallax-no wpr-parallax-no wpr-sticky-section-no e-con e-parent\" data-id=\"e0469cd\" data-element_type=\"container\">\n\t\t\t\t\t<div class=\"e-con-inner\">\n\t\t\t\t<div class=\"elementor-element elementor-element-f27d34d elementor-widget elementor-widget-heading\" data-id=\"f27d34d\" data-element_type=\"widget\" data-widget_type=\"heading.default\">\n\t\t\t\t<div class=\"elementor-widget-container\">\n\t\t\t\t\t<h2 class=\"elementor-heading-title elementor-size-default\">K\u00f6zbeszerz\u00e9sek<\/h2>\t\t\t\t<\/div>\n\t\t\t\t<\/div>\n\t\t<div class=\"elementor-element elementor-element-074aac2 e-con-full e-flex wpr-particle-no wpr-jarallax-no wpr-parallax-no wpr-sticky-section-no e-con e-child\" data-id=\"074aac2\" data-element_type=\"container\">\n\t\t<a class=\"elementor-element elementor-element-f04e460 e-con-full e-flex wpr-particle-no wpr-jarallax-no wpr-parallax-no wpr-sticky-section-no e-con e-child\" data-id=\"f04e460\" data-element_type=\"container\" href=\"\/privacy-information\/appointments\/assignments-of-appointments\">\n\t\t\t\t<div class=\"elementor-element elementor-element-263a57a elementor-widget elementor-widget-heading\" data-id=\"263a57a\" data-element_type=\"widget\" data-widget_type=\"heading.default\">\n\t\t\t\t<div class=\"elementor-widget-container\">\n\t\t\t\t\t<h2 class=\"elementor-heading-title elementor-size-default\">K\u00f6zbeszerz\u00e9si elj\u00e1r\u00e1sok<\/h2>\t\t\t\t<\/div>\n\t\t\t\t<\/div>\n\t\t\t\t<\/a>\n\t\t<a class=\"elementor-element elementor-element-a9d9b4f e-con-full e-flex wpr-particle-no wpr-jarallax-no wpr-parallax-no wpr-sticky-section-no e-con e-child\" data-id=\"a9d9b4f\" data-element_type=\"container\" href=\"https:\/\/oradea.ro\/informatii-primarie\/achizitii\/initieri-de-achizitii\/\">\n\t\t\t\t<div class=\"elementor-element elementor-element-7f387be elementor-widget elementor-widget-heading\" data-id=\"7f387be\" data-element_type=\"widget\" data-widget_type=\"heading.default\">\n\t\t\t\t<div class=\"elementor-widget-container\">\n\t\t\t\t\t<h2 class=\"elementor-heading-title elementor-size-default\">K\u00d6ZBESZERZ\u00c9SI KEZDEM\u00c9NYEZ\u00c9SEK<\/h2>\t\t\t\t<\/div>\n\t\t\t\t<\/div>\n\t\t\t\t<\/a>\n\t\t<a class=\"elementor-element elementor-element-efabe67 e-con-full e-flex wpr-particle-no wpr-jarallax-no wpr-parallax-no wpr-sticky-section-no e-con e-child\" data-id=\"efabe67\" data-element_type=\"container\" href=\"https:\/\/oradea.ro\/informatii-primarie\/achizitii\/cumparari-directe\/\">\n\t\t\t\t<div class=\"elementor-element elementor-element-9165cc0 elementor-widget elementor-widget-heading\" data-id=\"9165cc0\" data-element_type=\"widget\" data-widget_type=\"heading.default\">\n\t\t\t\t<div class=\"elementor-widget-container\">\n\t\t\t\t\t<h2 class=\"elementor-heading-title elementor-size-default\">K\u00d6ZVETLEN V\u00c1S\u00c1RL\u00c1SOK<\/h2>\t\t\t\t<\/div>\n\t\t\t\t<\/div>\n\t\t\t\t<\/a>\n\t\t\t\t<\/div>\n\t\t<div class=\"elementor-element elementor-element-268f1e4 e-con-full e-flex wpr-particle-no wpr-jarallax-no wpr-parallax-no wpr-sticky-section-no e-con e-child\" data-id=\"268f1e4\" data-element_type=\"container\">\n\t\t<a class=\"elementor-element elementor-element-03e5329 e-con-full e-flex wpr-particle-no wpr-jarallax-no wpr-parallax-no wpr-sticky-section-no e-con e-child\" data-id=\"03e5329\" data-element_type=\"container\" href=\"\/primaria-oradea\/achizitii\/licitatii-directia-patrimony\/\">\n\t\t\t\t<div class=\"elementor-element elementor-element-dfab11f elementor-widget elementor-widget-heading\" data-id=\"dfab11f\" data-element_type=\"widget\" data-widget_type=\"heading.default\">\n\t\t\t\t<div class=\"elementor-widget-container\">\n\t\t\t\t\t<h2 class=\"elementor-heading-title elementor-size-default\">Ingatlankezel\u0151 - K\u00f6zbeszerz\u00e9sek\n<\/h2>\t\t\t\t<\/div>\n\t\t\t\t<\/div>\n\t\t\t\t<\/a>\n\t\t<a class=\"elementor-element elementor-element-5687c11 e-con-full e-flex wpr-particle-no wpr-jarallax-no wpr-parallax-no wpr-sticky-section-no e-con e-child\" data-id=\"5687c11\" data-element_type=\"container\" href=\"https:\/\/oradea.ro\/informatii-primarie\/achizitii\/programul-anual-al-achiztilor\/\">\n\t\t\t\t<div class=\"elementor-element elementor-element-2cdc974 elementor-widget elementor-widget-heading\" data-id=\"2cdc974\" data-element_type=\"widget\" data-widget_type=\"heading.default\">\n\t\t\t\t<div class=\"elementor-widget-container\">\n\t\t\t\t\t<h2 class=\"elementor-heading-title elementor-size-default\">\u00c9ves k\u00f6zbeszerz\u00e9si program<\/h2>\t\t\t\t<\/div>\n\t\t\t\t<\/div>\n\t\t\t\t<\/a>\n\t\t<a class=\"elementor-element elementor-element-0d1da8e e-con-full e-flex wpr-particle-no wpr-jarallax-no wpr-parallax-no wpr-sticky-section-no e-con e-child\" data-id=\"0d1da8e\" data-element_type=\"container\">\n\t\t\t\t<\/a>\n\t\t\t\t<\/div>\n\t\t\t\t\t<\/div>\n\t\t\t\t<\/div>\n\t\t\t\t<\/div>\n\t\t","protected":false},"excerpt":{"rendered":"<p>K\u00f6zbeszerz\u00e9sek K\u00f6zbeszerz\u00e9sek K\u00f6zbeszerz\u00e9sek K\u00f6zbeszerz\u00e9si elj\u00e1r\u00e1sok K\u00d6ZBESZERZ\u00c9SI KEZDEM\u00c9NYEZ\u00c9SEK K\u00d6ZVETLEN V\u00c1S\u00c1RL\u00c1SOK Ingatlankezel\u0151 &#8211; K\u00f6zbeszerz\u00e9sek \u00c9ves k\u00f6zbeszerz\u00e9si program<\/p>\n","protected":false},"author":1,"featured_media":16991,"parent":85220,"menu_order":0,"comment_status":"closed","ping_status":"closed","template":"","meta":{"_acf_changed":false,"ep_exclude_from_search":false,"footnotes":""},"class_list":["post-191158","page","type-page","status-publish","has-post-thumbnail","hentry"],"acf":[],"yoast_head":"<!-- This site is optimized with the Yoast SEO plugin v26.6 - https:\/\/yoast.com\/wordpress\/plugins\/seo\/ -->\n<title>K\u00f6zbeszerz\u00e9sek - Oradea.ro<\/title>\n<meta name=\"robots\" content=\"index, follow, max-snippet:-1, max-image-preview:large, max-video-preview:-1\" \/>\n<link rel=\"canonical\" href=\"https:\/\/oradea.ro\/hu\/nagyvaradi-varoshaza\/kozbeszerzesek\/\" \/>\n<meta property=\"og:locale\" content=\"hu_HU\" \/>\n<meta property=\"og:type\" content=\"article\" \/>\n<meta property=\"og:title\" content=\"K\u00f6zbeszerz\u00e9sek - Oradea.ro\" \/>\n<meta property=\"og:description\" content=\"K\u00f6zbeszerz\u00e9sek K\u00f6zbeszerz\u00e9sek K\u00f6zbeszerz\u00e9sek K\u00f6zbeszerz\u00e9si elj\u00e1r\u00e1sok K\u00d6ZBESZERZ\u00c9SI KEZDEM\u00c9NYEZ\u00c9SEK K\u00d6ZVETLEN V\u00c1S\u00c1RL\u00c1SOK Ingatlankezel\u0151 &#8211; K\u00f6zbeszerz\u00e9sek \u00c9ves k\u00f6zbeszerz\u00e9si program\" \/>\n<meta property=\"og:url\" content=\"https:\/\/oradea.ro\/hu\/nagyvaradi-varoshaza\/kozbeszerzesek\/\" \/>\n<meta property=\"og:site_name\" content=\"Oradea.ro\" \/>\n<meta property=\"article:modified_time\" content=\"2024-01-18T11:13:07+00:00\" \/>\n<meta property=\"og:image\" content=\"https:\/\/oradea.ro\/wp-content\/uploads\/2023\/10\/home_hero_slide_2-scaled.webp\" \/>\n\t<meta property=\"og:image:width\" content=\"2560\" \/>\n\t<meta property=\"og:image:height\" content=\"1707\" \/>\n\t<meta property=\"og:image:type\" content=\"image\/webp\" \/>\n<meta name=\"twitter:card\" content=\"summary_large_image\" \/>\n<script type=\"application\/ld+json\" class=\"yoast-schema-graph\">{\"@context\":\"https:\/\/schema.org\",\"@graph\":[{\"@type\":\"WebPage\",\"@id\":\"https:\/\/oradea.ro\/hu\/nagyvaradi-varoshaza\/kozbeszerzesek\/\",\"url\":\"https:\/\/oradea.ro\/hu\/nagyvaradi-varoshaza\/kozbeszerzesek\/\",\"name\":\"K\u00f6zbeszerz\u00e9sek - Oradea.ro\",\"isPartOf\":{\"@id\":\"https:\/\/oradea.ro\/#website\"},\"primaryImageOfPage\":{\"@id\":\"https:\/\/oradea.ro\/hu\/nagyvaradi-varoshaza\/kozbeszerzesek\/#primaryimage\"},\"image\":{\"@id\":\"https:\/\/oradea.ro\/hu\/nagyvaradi-varoshaza\/kozbeszerzesek\/#primaryimage\"},\"thumbnailUrl\":\"https:\/\/oradea.ro\/wp-content\/uploads\/2023\/10\/home_hero_slide_2-scaled.webp\",\"datePublished\":\"2023-09-12T07:06:49+00:00\",\"dateModified\":\"2024-01-18T11:13:07+00:00\",\"breadcrumb\":{\"@id\":\"https:\/\/oradea.ro\/hu\/nagyvaradi-varoshaza\/kozbeszerzesek\/#breadcrumb\"},\"inLanguage\":\"hu\",\"potentialAction\":[{\"@type\":\"ReadAction\",\"target\":[\"https:\/\/oradea.ro\/hu\/nagyvaradi-varoshaza\/kozbeszerzesek\/\"]}]},{\"@type\":\"ImageObject\",\"inLanguage\":\"hu\",\"@id\":\"https:\/\/oradea.ro\/hu\/nagyvaradi-varoshaza\/kozbeszerzesek\/#primaryimage\",\"url\":\"https:\/\/oradea.ro\/wp-content\/uploads\/2023\/10\/home_hero_slide_2-scaled.webp\",\"contentUrl\":\"https:\/\/oradea.ro\/wp-content\/uploads\/2023\/10\/home_hero_slide_2-scaled.webp\",\"width\":2560,\"height\":1707},{\"@type\":\"BreadcrumbList\",\"@id\":\"https:\/\/oradea.ro\/hu\/nagyvaradi-varoshaza\/kozbeszerzesek\/#breadcrumb\",\"itemListElement\":[{\"@type\":\"ListItem\",\"position\":1,\"name\":\"\",\"item\":\"https:\/\/oradea.ro\/hu\/\"},{\"@type\":\"ListItem\",\"position\":2,\"name\":\"Nagyv\u00e1radi V\u00e1rosh\u00e1za\",\"item\":\"https:\/\/oradea.ro\/hu\/nagyvaradi-varoshaza\/\"},{\"@type\":\"ListItem\",\"position\":3,\"name\":\"K\u00f6zbeszerz\u00e9sek\"}]},{\"@type\":\"WebSite\",\"@id\":\"https:\/\/oradea.ro\/#website\",\"url\":\"https:\/\/oradea.ro\/\",\"name\":\"Oradea.ro\",\"description\":\"Site-ul oficial al Prim\u0103riei Municipiului Oradea\",\"publisher\":{\"@id\":\"https:\/\/oradea.ro\/#organization\"},\"potentialAction\":[{\"@type\":\"SearchAction\",\"target\":{\"@type\":\"EntryPoint\",\"urlTemplate\":\"https:\/\/oradea.ro\/?s={search_term_string}\"},\"query-input\":{\"@type\":\"PropertyValueSpecification\",\"valueRequired\":true,\"valueName\":\"search_term_string\"}}],\"inLanguage\":\"hu\"},{\"@type\":\"Organization\",\"@id\":\"https:\/\/oradea.ro\/#organization\",\"name\":\"Oradea.ro\",\"url\":\"https:\/\/oradea.ro\/\",\"logo\":{\"@type\":\"ImageObject\",\"inLanguage\":\"hu\",\"@id\":\"https:\/\/oradea.ro\/#\/schema\/logo\/image\/\",\"url\":\"https:\/\/oradea.ro\/wp-content\/uploads\/2023\/06\/footer_logo.svg\",\"contentUrl\":\"https:\/\/oradea.ro\/wp-content\/uploads\/2023\/06\/footer_logo.svg\",\"width\":218,\"height\":53,\"caption\":\"Oradea.ro\"},\"image\":{\"@id\":\"https:\/\/oradea.ro\/#\/schema\/logo\/image\/\"}}]}<\/script>\n<!-- \/ Yoast SEO plugin. -->","yoast_head_json":{"title":"K\u00f6zbeszerz\u00e9sek - Oradea.ro","robots":{"index":"index","follow":"follow","max-snippet":"max-snippet:-1","max-image-preview":"max-image-preview:large","max-video-preview":"max-video-preview:-1"},"canonical":"https:\/\/oradea.ro\/hu\/nagyvaradi-varoshaza\/kozbeszerzesek\/","og_locale":"hu_HU","og_type":"article","og_title":"K\u00f6zbeszerz\u00e9sek - Oradea.ro","og_description":"K\u00f6zbeszerz\u00e9sek K\u00f6zbeszerz\u00e9sek K\u00f6zbeszerz\u00e9sek K\u00f6zbeszerz\u00e9si elj\u00e1r\u00e1sok K\u00d6ZBESZERZ\u00c9SI KEZDEM\u00c9NYEZ\u00c9SEK K\u00d6ZVETLEN V\u00c1S\u00c1RL\u00c1SOK Ingatlankezel\u0151 &#8211; K\u00f6zbeszerz\u00e9sek \u00c9ves k\u00f6zbeszerz\u00e9si program","og_url":"https:\/\/oradea.ro\/hu\/nagyvaradi-varoshaza\/kozbeszerzesek\/","og_site_name":"Oradea.ro","article_modified_time":"2024-01-18T11:13:07+00:00","og_image":[{"width":2560,"height":1707,"url":"https:\/\/oradea.ro\/wp-content\/uploads\/2023\/10\/home_hero_slide_2-scaled.webp","type":"image\/webp"}],"twitter_card":"summary_large_image","schema":{"@context":"https:\/\/schema.org","@graph":[{"@type":"WebPage","@id":"https:\/\/oradea.ro\/hu\/nagyvaradi-varoshaza\/kozbeszerzesek\/","url":"https:\/\/oradea.ro\/hu\/nagyvaradi-varoshaza\/kozbeszerzesek\/","name":"K\u00f6zbeszerz\u00e9sek - Oradea.ro","isPartOf":{"@id":"https:\/\/oradea.ro\/#website"},"primaryImageOfPage":{"@id":"https:\/\/oradea.ro\/hu\/nagyvaradi-varoshaza\/kozbeszerzesek\/#primaryimage"},"image":{"@id":"https:\/\/oradea.ro\/hu\/nagyvaradi-varoshaza\/kozbeszerzesek\/#primaryimage"},"thumbnailUrl":"https:\/\/oradea.ro\/wp-content\/uploads\/2023\/10\/home_hero_slide_2-scaled.webp","datePublished":"2023-09-12T07:06:49+00:00","dateModified":"2024-01-18T11:13:07+00:00","breadcrumb":{"@id":"https:\/\/oradea.ro\/hu\/nagyvaradi-varoshaza\/kozbeszerzesek\/#breadcrumb"},"inLanguage":"hu","potentialAction":[{"@type":"ReadAction","target":["https:\/\/oradea.ro\/hu\/nagyvaradi-varoshaza\/kozbeszerzesek\/"]}]},{"@type":"ImageObject","inLanguage":"hu","@id":"https:\/\/oradea.ro\/hu\/nagyvaradi-varoshaza\/kozbeszerzesek\/#primaryimage","url":"https:\/\/oradea.ro\/wp-content\/uploads\/2023\/10\/home_hero_slide_2-scaled.webp","contentUrl":"https:\/\/oradea.ro\/wp-content\/uploads\/2023\/10\/home_hero_slide_2-scaled.webp","width":2560,"height":1707},{"@type":"BreadcrumbList","@id":"https:\/\/oradea.ro\/hu\/nagyvaradi-varoshaza\/kozbeszerzesek\/#breadcrumb","itemListElement":[{"@type":"ListItem","position":1,"name":"","item":"https:\/\/oradea.ro\/hu\/"},{"@type":"ListItem","position":2,"name":"Nagyv\u00e1radi V\u00e1rosh\u00e1za","item":"https:\/\/oradea.ro\/hu\/nagyvaradi-varoshaza\/"},{"@type":"ListItem","position":3,"name":"K\u00f6zbeszerz\u00e9sek"}]},{"@type":"WebSite","@id":"https:\/\/oradea.ro\/#website","url":"https:\/\/oradea.ro\/","name":"Oradea.ro","description":"Site-ul oficial al Prim\u0103riei Municipiului Oradea","publisher":{"@id":"https:\/\/oradea.ro\/#organization"},"potentialAction":[{"@type":"SearchAction","target":{"@type":"EntryPoint","urlTemplate":"https:\/\/oradea.ro\/?s={search_term_string}"},"query-input":{"@type":"PropertyValueSpecification","valueRequired":true,"valueName":"search_term_string"}}],"inLanguage":"hu"},{"@type":"Organization","@id":"https:\/\/oradea.ro\/#organization","name":"Oradea.ro","url":"https:\/\/oradea.ro\/","logo":{"@type":"ImageObject","inLanguage":"hu","@id":"https:\/\/oradea.ro\/#\/schema\/logo\/image\/","url":"https:\/\/oradea.ro\/wp-content\/uploads\/2023\/06\/footer_logo.svg","contentUrl":"https:\/\/oradea.ro\/wp-content\/uploads\/2023\/06\/footer_logo.svg","width":218,"height":53,"caption":"Oradea.ro"},"image":{"@id":"https:\/\/oradea.ro\/#\/schema\/logo\/image\/"}}]}},"publishpress_future_action":{"enabled":false,"date":"2026-05-16 11:13:41","action":"change-status","newStatus":"draft","terms":[],"taxonomy":"translation_priority","extraData":[]},"publishpress_future_workflow_manual_trigger":{"enabledWorkflows":[]},"_links":{"self":[{"href":"https:\/\/oradea.ro\/hu\/wp-json\/wp\/v2\/pages\/191158","targetHints":{"allow":["GET"]}}],"collection":[{"href":"https:\/\/oradea.ro\/hu\/wp-json\/wp\/v2\/pages"}],"about":[{"href":"https:\/\/oradea.ro\/hu\/wp-json\/wp\/v2\/types\/page"}],"author":[{"embeddable":true,"href":"https:\/\/oradea.ro\/hu\/wp-json\/wp\/v2\/users\/1"}],"replies":[{"embeddable":true,"href":"https:\/\/oradea.ro\/hu\/wp-json\/wp\/v2\/comments?post=191158"}],"version-history":[{"count":1,"href":"https:\/\/oradea.ro\/hu\/wp-json\/wp\/v2\/pages\/191158\/revisions"}],"predecessor-version":[{"id":191159,"href":"https:\/\/oradea.ro\/hu\/wp-json\/wp\/v2\/pages\/191158\/revisions\/191159"}],"up":[{"embeddable":true,"href":"https:\/\/oradea.ro\/hu\/wp-json\/wp\/v2\/pages\/85220"}],"wp:featuredmedia":[{"embeddable":true,"href":"https:\/\/oradea.ro\/hu\/wp-json\/wp\/v2\/media\/16991"}],"wp:attachment":[{"href":"https:\/\/oradea.ro\/hu\/wp-json\/wp\/v2\/media?parent=191158"}],"curies":[{"name":"wp","href":"https:\/\/api.w.org\/{rel}","templated":true}]}}