{"id":191219,"date":"2023-11-14T18:12:21","date_gmt":"2023-11-14T16:12:21","guid":{"rendered":"https:\/\/oradea.ro\/nagyvaradi-varoshaza\/kozbeszerzesek\/eves-kozbeszerzesi-program\/"},"modified":"2024-01-18T11:24:29","modified_gmt":"2024-01-18T11:24:29","slug":"eves-kozbeszerzesi-program","status":"publish","type":"page","link":"https:\/\/oradea.ro\/hu\/nagyvaradi-varoshaza\/kozbeszerzesek\/eves-kozbeszerzesi-program\/","title":{"rendered":"\u00c9ves k\u00f6zbeszerz\u00e9si program"},"content":{"rendered":"<div class=\"min-w-[100vw] h-[350px] md:h-[500px] ml-[calc(50%-50vw)] flex items-end bg-no-repeat bg-white bg-cover bg-center px-5\" style=\"background-image: url(https:\/\/oradea.ro\/wp-content\/uploads\/2023\/10\/home_hero_slide_2-scaled.webp);\">\r\n                    <div class=\"w-full max-w-7xl mx-auto mb-6\">\r\n                        <h1 class=\"my-0 text-white font-extrabold font-open-sans text-3xl md:text-6xl [text-shadow:_0_1px_4px_rgb(0_0_0_\/_50%)]\">\u00c9ves k\u00f6zbeszerz\u00e9si program<\/h1>\r\n                    <\/div>\r\n                <\/div><div class=\"!px-5\"><div class=\"breadcrumbs w-full max-w-7xl mx-auto grid md:flex flex-wrap items-center py-4 test\"><div><a href=\"https:\/\/oradea.ro\/hu\/\"><span class=\"fas fa-home text-[#ABAEB3]\"><\/span><\/a><span class=\"md:hidden\"><span class=\"fas fa-chevron-down mx-5 text-xs text-[#ABAEB3] hover:text-black\/50 transition-all\"><\/span><\/span><span class=\"hidden md:inline\"><span class=\"fas fa-chevron-right mx-5 text-xs text-[#ABAEB3] hover:text-black\/50 transition-all\"><\/span><\/span><\/div><span class=\"font-poppins font-semibold uppercase text-black\/60\">\u00c9ves k\u00f6zbeszerz\u00e9si program<\/span><\/div><\/div>\t\t<div data-elementor-type=\"wp-page\" data-elementor-id=\"191219\" class=\"elementor elementor-191219 elementor-42434\" data-elementor-post-type=\"page\">\n\t\t\t\t<div class=\"elementor-element elementor-element-899c32a e-flex e-con-boxed wpr-particle-no wpr-jarallax-no wpr-parallax-no wpr-sticky-section-no e-con e-parent\" data-id=\"899c32a\" data-element_type=\"container\">\n\t\t\t\t\t<div class=\"e-con-inner\">\n\t\t\t\t<div class=\"elementor-element elementor-element-5d44bb5 elementor-widget__width-initial wpr-advanced-accordion-icon-side-box elementor-widget elementor-widget-wpr-advanced-accordion\" data-id=\"5d44bb5\" data-element_type=\"widget\" data-settings=\"{&quot;active_item&quot;:1}\" data-widget_type=\"wpr-advanced-accordion.default\">\n\t\t\t\t<div class=\"elementor-widget-container\">\n\t\t\t\t\t\n            <div class=\"wpr-advanced-accordion\" data-accordion-type=\"accordion\" data-active-index=\"1\" data-accordion-trigger=\"click\" data-interaction-speed=\"0.4\">\n\n\t\t\t\n                \n\t\t\t\t\t<div class=\"wpr-accordion-item-wrap\">\n\t\t\t\t\t\t<button class=\"wpr-acc-button\">\n\t\t\t\t\t\t\t<span class=\"wpr-acc-item-title\">\n\t\t\t\t\t\t\t\t\t\t\t\t\t\t\t\t\t<div class=\"wpr-acc-icon-box\">\n\t\t\t\t\t\t\t\t\t\t\t\t\t\t<span class=\"wpr-title-icon\">\n\t\t\t\t\t<i aria-hidden=\"true\" class=\"fas fa-info\"><\/i>\t\t\t\t<\/span>\n\t\t\t\t\t\t\t\t\t\t\t\t<\/div>\n\t\t\t\t\t\t\t\t\n\t\t\t\t\t\t\t\t<span class=\"wpr-acc-title-text\">A nagyv\u00e1radi \u00f6nkorm\u00e1nyzat \u00e9ves k\u00f6zbeszerz\u00e9si programja<\/span>\n\t\t\t\t\t\t\t<\/span>\n\t\t\t\t\t\t\t\t\t\t\t<span class=\"wpr-toggle-icon wpr-ti-close\"><i aria-hidden=\"true\" class=\"fas fa-plus\"><\/i><\/span>\n\t\t\t\t<span class=\"wpr-toggle-icon wpr-ti-open\"><i aria-hidden=\"true\" class=\"fas fa-minus\"><\/i><\/span>\n\t\t\t\t\t\t\t\t\t<\/button>\n\n\t\t\t\t\t\t<div class=\"wpr-acc-panel\">\n\t\t\t\t\t\t\t\t\t\t\t\t\t\t\t<div class=\"wpr-acc-panel-content\"><p>A nagyv\u00e1radi \u00f6nkorm\u00e1nyzat 2019. \u00e9vi \u00e9ves k\u00f6zbeszerz\u00e9si programja a <a role=\"link\" href=\"http:\/\/www.e-licitatie.ro\/\">www.e-licitatie.ro<\/a> weboldalon - \"K\u00f6zbeszerz\u00e9si tervek\" men\u00fcpont alatt - tekinthet\u0151 meg.<\/p><p> <\/p><p><a href=\"https:\/\/oradea.ro\/wp-content\/uploads\/2023\/11\/Programul-anual-al-achizitiilor-publice-pentru-anul-2021.pdf\" target=\"_blank\" rel=\"noopener\">\u00c9ves k\u00f6zbeszerz\u00e9si program 2021-re<\/a><\/p><p><a href=\"https:\/\/oradea.ro\/wp-content\/uploads\/2023\/11\/Programul-anual-al-achizitiilor-publice-pentru-anul-2021.pdf\" target=\"_blank\" rel=\"noopener\">\u00c9ves k\u00f6zbeszerz\u00e9si program 2020-ra<\/a><\/p><p><a href=\"https:\/\/oradea.ro\/wp-content\/uploads\/2023\/11\/Programul-anual-al-achizitiilor-publice-pentru-anul-2021.pdf\" target=\"_blank\" rel=\"noopener\">\u00c9ves k\u00f6zbeszerz\u00e9si program 2019-re<\/a><\/p><p><a href=\"https:\/\/oradea.ro\/wp-content\/uploads\/2023\/11\/Programul-anual-al-achizitiilor-publice-pentru-anul-2021.pdf\" target=\"_blank\" rel=\"noopener\">\u00c9ves k\u00f6zbeszerz\u00e9si program 2018-ra<\/a><\/p><p><a href=\"https:\/\/oradea.ro\/wp-content\/uploads\/2023\/11\/Programul-anual-al-achizitiilor-publice-pentru-anul-2021.pdf\" target=\"_blank\" rel=\"noopener\">\u00c9ves k\u00f6zbeszerz\u00e9si program 2017-re<\/a><\/p><p><a href=\"https:\/\/oradea.ro\/wp-content\/uploads\/2023\/11\/Programul-anual-al-achizitiilor-publice-pentru-anul-2021.pdf\" target=\"_blank\" rel=\"noopener\">\u00c9ves k\u00f6zbeszerz\u00e9si program 2016-ra<\/a><\/p><p><a href=\"https:\/\/oradea.ro\/wp-content\/uploads\/2023\/11\/Programul-anual-al-achizitiilor-publice-pentru-anul-2021.pdf\" target=\"_blank\" rel=\"noopener\">\u00c9ves k\u00f6zbeszerz\u00e9si program 2015<\/a><\/p><p><a href=\"https:\/\/oradea.ro\/wp-content\/uploads\/2023\/11\/Programul-anual-al-achizitiilor-publice-pentru-anul-2021.pdf\" target=\"_blank\" rel=\"noopener\">\u00c9ves k\u00f6zbeszerz\u00e9si program 2014-re<\/a><\/p><p><a href=\"https:\/\/oradea.ro\/wp-content\/uploads\/2023\/11\/Program-achizitii-2013.xls\" target=\"_blank\" rel=\"noopener\">\u00c9ves k\u00f6zbeszerz\u00e9si program 2013-ra<\/a><\/p><p><a href=\"https:\/\/oradea.ro\/wp-content\/uploads\/2023\/11\/Program-anual-achzitii-2011-PMO.pdf\" target=\"_blank\" rel=\"noopener\">\u00c9ves k\u00f6zbeszerz\u00e9si program 2011-re<\/a><\/p><p><a href=\"https:\/\/oradea.ro\/wp-content\/uploads\/2023\/11\/PROGRAMUL-ANUAL-AL-ACHIZTIILOR-PUBLICE-PE-ANUL-2012.pdf\" target=\"_blank\" rel=\"noopener\">\u00c9ves k\u00f6zbeszerz\u00e9si program 2012<\/a><\/p><p><a href=\"https:\/\/oradea.ro\/wp-content\/uploads\/2023\/11\/PROGRAMUL-ANUAL-AL-ACHIZTIILOR-PUBLICE-PE-ANUL-2012-AIO.pdf\" target=\"_blank\" rel=\"noopener\">\u00c9ves k\u00f6zbeszerz\u00e9si program 2012-re - Ingatlankezel\u0151<\/a><\/p><p><a href=\"https:\/\/oradea.ro\/wp-content\/uploads\/2023\/11\/PROGRAMUL-ANUAL-AL-ACHIZTIILOR-PUBLICE-PE-ANUL-2012-ASCO.pdf\" target=\"_blank\" rel=\"noopener\">\u00c9ves k\u00f6zbeszerz\u00e9si program 2012-re Szoci\u00e1lis \u00dcgyek K\u00f6z\u00f6ss\u00e9gi Hivatala (ASCO)<\/a><\/p><p><a href=\"https:\/\/oradea.ro\/wp-content\/uploads\/2023\/11\/PROGRAMUL-ANUAL-AL-ACHIZTIILOR-PUBLICE-PE-ANUL-2012-POLITIA-LOCALA.pdf\" target=\"_blank\" rel=\"noopener\">\u00c9ves k\u00f6zbeszerz\u00e9si program 2012-re Helyi rend\u0151rs\u00e9g<\/a><\/p><p><a href=\"https:\/\/oradea.ro\/wp-content\/uploads\/2023\/11\/PROGRAMUL-ANUAL-AL-ACHIZTIILOR-PUBLICE-PE-ANUL-2012-CENTRUL-DE-INGRIJIRE-DE-ZI.pdf\" target=\"_blank\" rel=\"noopener\">\u00c9ves k\u00f6zbeszerz\u00e9si program 2012-re Nappali ell\u00e1t\u00f3 k\u00f6zpont<\/a><\/p><\/div>\n\t\t\t\t\t\t\t\t\t\t\t\t\t<\/div>\n                    <\/div>\n\n                \n\t\t\t\t\t<div class=\"wpr-accordion-item-wrap\">\n\t\t\t\t\t\t<button class=\"wpr-acc-button\">\n\t\t\t\t\t\t\t<span class=\"wpr-acc-item-title\">\n\t\t\t\t\t\t\t\t\t\t\t\t\t\t\t\t\t<div class=\"wpr-acc-icon-box\">\n\t\t\t\t\t\t\t\t\t\t\t\t\t\t<span class=\"wpr-title-icon\">\n\t\t\t\t\t<i aria-hidden=\"true\" class=\"fas fa-info\"><\/i>\t\t\t\t<\/span>\n\t\t\t\t\t\t\t\t\t\t\t\t<\/div>\n\t\t\t\t\t\t\t\t\n\t\t\t\t\t\t\t\t<span class=\"wpr-acc-title-text\">Linkek a helyi \u00e9rdekelts\u00e9g\u0171 v\u00e1llalatok k\u00f6zbeszerz\u00e9si hirdetm\u00e9nyeinek (megh\u00edv\u00f3k) oldalaira<\/span>\n\t\t\t\t\t\t\t<\/span>\n\t\t\t\t\t\t\t\t\t\t\t<span class=\"wpr-toggle-icon wpr-ti-close\"><i aria-hidden=\"true\" class=\"fas fa-plus\"><\/i><\/span>\n\t\t\t\t<span class=\"wpr-toggle-icon wpr-ti-open\"><i aria-hidden=\"true\" class=\"fas fa-minus\"><\/i><\/span>\n\t\t\t\t\t\t\t\t\t<\/button>\n\n\t\t\t\t\t\t<div class=\"wpr-acc-panel\">\n\t\t\t\t\t\t\t\t\t\t\t\t\t\t\t<div class=\"wpr-acc-panel-content\"><p data-raofz=\"11\">Helyi rend\u0151rs\u00e9g:<\/p><p data-raofz=\"11\"><a href=\"https:\/\/oradea.ro\/wp-content\/uploads\/2023\/11\/Contract-vanzare-cumparare-certificate-EUA-10c.pdf\">EUA 10c ad\u00e1sv\u00e9teli meg\u00e1llapod\u00e1s<\/a><\/p><p data-raofz=\"11\"><a href=\"https:\/\/oradea.ro\/wp-content\/uploads\/2023\/11\/Vanzare-certificate.pdf\">Tan\u00fas\u00edtv\u00e1nyok \u00e9rt\u00e9kes\u00edt\u00e9se<\/a><\/p><p data-raofz=\"11\"> <\/p><p data-raofz=\"11\">Szoci\u00e1lis \u00dcgyek K\u00f6z\u00f6ss\u00e9gi Hivatala (ASCO)<\/p><p data-raofz=\"11\"><a href=\"https:\/\/oradea.ro\/wp-content\/uploads\/2023\/11\/Program-Achizitii-Publice-2017J-ASCO-site.xlsx\">K\u00f6zbeszerz\u00e9si program 2017J - ASCO<\/a><\/p><p data-raofz=\"11\"> <\/p><p data-raofz=\"11\">Nagyv\u00e1radi Ingatlankezel\u0151<\/p><p data-raofz=\"11\"><a role=\"link\" href=\"http:\/\/www.apaoradea.ro\/\" target=\"_blank\" rel=\"noopener\" data-raofz=\"11\">V\u00edzm\u0171vek<\/a><\/p><p data-raofz=\"11\"><a role=\"link\" href=\"http:\/\/www.cetoradea.ro\/\" target=\"_blank\" rel=\"noopener\" data-raofz=\"11\">H\u0151er\u0151m\u0171<\/a><\/p><p data-raofz=\"11\"><a role=\"link\" href=\"https:\/\/my.termoficareoradea.ro\/\" target=\"_blank\" rel=\"noopener\" data-raofz=\"11\">H\u0151er\u0151m\u0171<\/a><\/p><p data-raofz=\"11\"><a role=\"link\" href=\"https:\/\/www.otlra.ro\/index.php\/ro\/\" target=\"_blank\" rel=\"noopener\" data-raofz=\"11\">Nagyv\u00e1rad Helyi k\u00f6zleked\u00e9si V\u00e1llalat<\/a><\/p><p data-raofz=\"11\"><a role=\"link\" href=\"https:\/\/adporadea.ro\/\" target=\"_blank\" rel=\"noopener\" data-raofz=\"11\">K\u00f6zter\u00fclet-fel\u00fcgyelet<\/a><\/p><\/div>\n\t\t\t\t\t\t\t\t\t\t\t\t\t<\/div>\n                    <\/div>\n\n                            <\/div>\n        \t\t\t\t<\/div>\n\t\t\t\t<\/div>\n\t\t\t\t\t<\/div>\n\t\t\t\t<\/div>\n\t\t\t\t<\/div>\n\t\t","protected":false},"excerpt":{"rendered":"<p>\u00c9ves k\u00f6zbeszerz\u00e9si program \u00c9ves k\u00f6zbeszerz\u00e9si program A nagyv\u00e1radi \u00f6nkorm\u00e1nyzat \u00e9ves k\u00f6zbeszerz\u00e9si programja A nagyv\u00e1radi \u00f6nkorm\u00e1nyzat 2019. \u00e9vi \u00e9ves k\u00f6zbeszerz\u00e9si programja a www.e-licitatie.ro weboldalon &#8211; &#8222;K\u00f6zbeszerz\u00e9si tervek&#8221; men\u00fcpont alatt &#8211; tekinthet\u0151 meg. \u00c9ves k\u00f6zbeszerz\u00e9si program 2021-re \u00c9ves k\u00f6zbeszerz\u00e9si program 2020-ra \u00c9ves k\u00f6zbeszerz\u00e9si program 2019-re \u00c9ves k\u00f6zbeszerz\u00e9si program 2018-ra \u00c9ves k\u00f6zbeszerz\u00e9si program 2017-re \u00c9ves k\u00f6zbeszerz\u00e9si program 2016-ra \u00c9ves k\u00f6zbeszerz\u00e9si program 2015 \u00c9ves k\u00f6zbeszerz\u00e9si program 2014-re \u00c9ves k\u00f6zbeszerz\u00e9si program 2013-ra \u00c9ves k\u00f6zbeszerz\u00e9si program 2011-re \u00c9ves k\u00f6zbeszerz\u00e9si program 2012 \u00c9ves k\u00f6zbeszerz\u00e9si program 2012-re &#8211; Ingatlankezel\u0151 \u00c9ves k\u00f6zbeszerz\u00e9si program 2012-re Szoci\u00e1lis \u00dcgyek K\u00f6z\u00f6ss\u00e9gi Hivatala (ASCO) \u00c9ves k\u00f6zbeszerz\u00e9si program 2012-re Helyi rend\u0151rs\u00e9g \u00c9ves k\u00f6zbeszerz\u00e9si program 2012-re Nappali ell\u00e1t\u00f3 k\u00f6zpont Linkek a helyi \u00e9rdekelts\u00e9g\u0171 v\u00e1llalatok k\u00f6zbeszerz\u00e9si hirdetm\u00e9nyeinek (megh\u00edv\u00f3k) oldalaira Helyi rend\u0151rs\u00e9g: EUA 10c ad\u00e1sv\u00e9teli meg\u00e1llapod\u00e1s Tan\u00fas\u00edtv\u00e1nyok \u00e9rt\u00e9kes\u00edt\u00e9se Szoci\u00e1lis \u00dcgyek K\u00f6z\u00f6ss\u00e9gi Hivatala (ASCO) K\u00f6zbeszerz\u00e9si program 2017J &#8211; ASCO Nagyv\u00e1radi Ingatlankezel\u0151 V\u00edzm\u0171vek H\u0151er\u0151m\u0171 H\u0151er\u0151m\u0171 Nagyv\u00e1rad Helyi k\u00f6zleked\u00e9si V\u00e1llalat K\u00f6zter\u00fclet-fel\u00fcgyelet<\/p>\n","protected":false},"author":2,"featured_media":0,"parent":191158,"menu_order":0,"comment_status":"closed","ping_status":"closed","template":"","meta":{"_acf_changed":false,"ep_exclude_from_search":false,"footnotes":""},"class_list":["post-191219","page","type-page","status-publish","hentry"],"acf":[],"yoast_head":"<!-- This site is optimized with the Yoast SEO plugin v26.6 - https:\/\/yoast.com\/wordpress\/plugins\/seo\/ -->\n<title>\u00c9ves k\u00f6zbeszerz\u00e9si program - Oradea.ro<\/title>\n<meta name=\"robots\" content=\"index, follow, max-snippet:-1, max-image-preview:large, max-video-preview:-1\" \/>\n<link rel=\"canonical\" href=\"https:\/\/oradea.ro\/hu\/nagyvaradi-varoshaza\/kozbeszerzesek\/eves-kozbeszerzesi-program\/\" \/>\n<meta property=\"og:locale\" content=\"hu_HU\" \/>\n<meta property=\"og:type\" content=\"article\" \/>\n<meta property=\"og:title\" content=\"\u00c9ves k\u00f6zbeszerz\u00e9si program - Oradea.ro\" \/>\n<meta property=\"og:description\" content=\"\u00c9ves k\u00f6zbeszerz\u00e9si program \u00c9ves k\u00f6zbeszerz\u00e9si program A nagyv\u00e1radi \u00f6nkorm\u00e1nyzat \u00e9ves k\u00f6zbeszerz\u00e9si programja A nagyv\u00e1radi \u00f6nkorm\u00e1nyzat 2019. \u00e9vi \u00e9ves k\u00f6zbeszerz\u00e9si programja a www.e-licitatie.ro weboldalon &#8211; &#8222;K\u00f6zbeszerz\u00e9si tervek&#8221; men\u00fcpont alatt &#8211; tekinthet\u0151 meg. \u00c9ves k\u00f6zbeszerz\u00e9si program 2021-re \u00c9ves k\u00f6zbeszerz\u00e9si program 2020-ra \u00c9ves k\u00f6zbeszerz\u00e9si program 2019-re \u00c9ves k\u00f6zbeszerz\u00e9si program 2018-ra \u00c9ves k\u00f6zbeszerz\u00e9si program 2017-re \u00c9ves k\u00f6zbeszerz\u00e9si program 2016-ra \u00c9ves k\u00f6zbeszerz\u00e9si program 2015 \u00c9ves k\u00f6zbeszerz\u00e9si program 2014-re \u00c9ves k\u00f6zbeszerz\u00e9si program 2013-ra \u00c9ves k\u00f6zbeszerz\u00e9si program 2011-re \u00c9ves k\u00f6zbeszerz\u00e9si program 2012 \u00c9ves k\u00f6zbeszerz\u00e9si program 2012-re &#8211; Ingatlankezel\u0151 \u00c9ves k\u00f6zbeszerz\u00e9si program 2012-re Szoci\u00e1lis \u00dcgyek K\u00f6z\u00f6ss\u00e9gi Hivatala (ASCO) \u00c9ves k\u00f6zbeszerz\u00e9si program 2012-re Helyi rend\u0151rs\u00e9g \u00c9ves k\u00f6zbeszerz\u00e9si program 2012-re Nappali ell\u00e1t\u00f3 k\u00f6zpont Linkek a helyi \u00e9rdekelts\u00e9g\u0171 v\u00e1llalatok k\u00f6zbeszerz\u00e9si hirdetm\u00e9nyeinek (megh\u00edv\u00f3k) oldalaira Helyi rend\u0151rs\u00e9g: EUA 10c ad\u00e1sv\u00e9teli meg\u00e1llapod\u00e1s Tan\u00fas\u00edtv\u00e1nyok \u00e9rt\u00e9kes\u00edt\u00e9se Szoci\u00e1lis \u00dcgyek K\u00f6z\u00f6ss\u00e9gi Hivatala (ASCO) K\u00f6zbeszerz\u00e9si program 2017J &#8211; ASCO Nagyv\u00e1radi Ingatlankezel\u0151 V\u00edzm\u0171vek H\u0151er\u0151m\u0171 H\u0151er\u0151m\u0171 Nagyv\u00e1rad Helyi k\u00f6zleked\u00e9si V\u00e1llalat K\u00f6zter\u00fclet-fel\u00fcgyelet\" \/>\n<meta property=\"og:url\" content=\"https:\/\/oradea.ro\/hu\/nagyvaradi-varoshaza\/kozbeszerzesek\/eves-kozbeszerzesi-program\/\" \/>\n<meta property=\"og:site_name\" content=\"Oradea.ro\" \/>\n<meta property=\"article:modified_time\" content=\"2024-01-18T11:24:29+00:00\" \/>\n<meta name=\"twitter:card\" content=\"summary_large_image\" \/>\n<meta name=\"twitter:label1\" content=\"Becs\u00fclt olvas\u00e1si id\u0151\" \/>\n\t<meta name=\"twitter:data1\" content=\"1 perc\" \/>\n<script type=\"application\/ld+json\" class=\"yoast-schema-graph\">{\"@context\":\"https:\/\/schema.org\",\"@graph\":[{\"@type\":\"WebPage\",\"@id\":\"https:\/\/oradea.ro\/hu\/nagyvaradi-varoshaza\/kozbeszerzesek\/eves-kozbeszerzesi-program\/\",\"url\":\"https:\/\/oradea.ro\/hu\/nagyvaradi-varoshaza\/kozbeszerzesek\/eves-kozbeszerzesi-program\/\",\"name\":\"\u00c9ves k\u00f6zbeszerz\u00e9si program - Oradea.ro\",\"isPartOf\":{\"@id\":\"https:\/\/oradea.ro\/#website\"},\"datePublished\":\"2023-11-14T16:12:21+00:00\",\"dateModified\":\"2024-01-18T11:24:29+00:00\",\"breadcrumb\":{\"@id\":\"https:\/\/oradea.ro\/hu\/nagyvaradi-varoshaza\/kozbeszerzesek\/eves-kozbeszerzesi-program\/#breadcrumb\"},\"inLanguage\":\"hu\",\"potentialAction\":[{\"@type\":\"ReadAction\",\"target\":[\"https:\/\/oradea.ro\/hu\/nagyvaradi-varoshaza\/kozbeszerzesek\/eves-kozbeszerzesi-program\/\"]}]},{\"@type\":\"BreadcrumbList\",\"@id\":\"https:\/\/oradea.ro\/hu\/nagyvaradi-varoshaza\/kozbeszerzesek\/eves-kozbeszerzesi-program\/#breadcrumb\",\"itemListElement\":[{\"@type\":\"ListItem\",\"position\":1,\"name\":\"\",\"item\":\"https:\/\/oradea.ro\/hu\/\"},{\"@type\":\"ListItem\",\"position\":2,\"name\":\"Nagyv\u00e1radi V\u00e1rosh\u00e1za\",\"item\":\"https:\/\/oradea.ro\/hu\/nagyvaradi-varoshaza\/\"},{\"@type\":\"ListItem\",\"position\":3,\"name\":\"K\u00f6zbeszerz\u00e9sek\",\"item\":\"https:\/\/oradea.ro\/hu\/nagyvaradi-varoshaza\/kozbeszerzesek\/\"},{\"@type\":\"ListItem\",\"position\":4,\"name\":\"\u00c9ves k\u00f6zbeszerz\u00e9si program\"}]},{\"@type\":\"WebSite\",\"@id\":\"https:\/\/oradea.ro\/#website\",\"url\":\"https:\/\/oradea.ro\/\",\"name\":\"Oradea.ro\",\"description\":\"Site-ul oficial al Prim\u0103riei Municipiului Oradea\",\"publisher\":{\"@id\":\"https:\/\/oradea.ro\/#organization\"},\"potentialAction\":[{\"@type\":\"SearchAction\",\"target\":{\"@type\":\"EntryPoint\",\"urlTemplate\":\"https:\/\/oradea.ro\/?s={search_term_string}\"},\"query-input\":{\"@type\":\"PropertyValueSpecification\",\"valueRequired\":true,\"valueName\":\"search_term_string\"}}],\"inLanguage\":\"hu\"},{\"@type\":\"Organization\",\"@id\":\"https:\/\/oradea.ro\/#organization\",\"name\":\"Oradea.ro\",\"url\":\"https:\/\/oradea.ro\/\",\"logo\":{\"@type\":\"ImageObject\",\"inLanguage\":\"hu\",\"@id\":\"https:\/\/oradea.ro\/#\/schema\/logo\/image\/\",\"url\":\"https:\/\/oradea.ro\/wp-content\/uploads\/2023\/06\/footer_logo.svg\",\"contentUrl\":\"https:\/\/oradea.ro\/wp-content\/uploads\/2023\/06\/footer_logo.svg\",\"width\":218,\"height\":53,\"caption\":\"Oradea.ro\"},\"image\":{\"@id\":\"https:\/\/oradea.ro\/#\/schema\/logo\/image\/\"}}]}<\/script>\n<!-- \/ Yoast SEO plugin. -->","yoast_head_json":{"title":"\u00c9ves k\u00f6zbeszerz\u00e9si program - Oradea.ro","robots":{"index":"index","follow":"follow","max-snippet":"max-snippet:-1","max-image-preview":"max-image-preview:large","max-video-preview":"max-video-preview:-1"},"canonical":"https:\/\/oradea.ro\/hu\/nagyvaradi-varoshaza\/kozbeszerzesek\/eves-kozbeszerzesi-program\/","og_locale":"hu_HU","og_type":"article","og_title":"\u00c9ves k\u00f6zbeszerz\u00e9si program - Oradea.ro","og_description":"\u00c9ves k\u00f6zbeszerz\u00e9si program \u00c9ves k\u00f6zbeszerz\u00e9si program A nagyv\u00e1radi \u00f6nkorm\u00e1nyzat \u00e9ves k\u00f6zbeszerz\u00e9si programja A nagyv\u00e1radi \u00f6nkorm\u00e1nyzat 2019. \u00e9vi \u00e9ves k\u00f6zbeszerz\u00e9si programja a www.e-licitatie.ro weboldalon &#8211; &#8222;K\u00f6zbeszerz\u00e9si tervek&#8221; men\u00fcpont alatt &#8211; tekinthet\u0151 meg. \u00c9ves k\u00f6zbeszerz\u00e9si program 2021-re \u00c9ves k\u00f6zbeszerz\u00e9si program 2020-ra \u00c9ves k\u00f6zbeszerz\u00e9si program 2019-re \u00c9ves k\u00f6zbeszerz\u00e9si program 2018-ra \u00c9ves k\u00f6zbeszerz\u00e9si program 2017-re \u00c9ves k\u00f6zbeszerz\u00e9si program 2016-ra \u00c9ves k\u00f6zbeszerz\u00e9si program 2015 \u00c9ves k\u00f6zbeszerz\u00e9si program 2014-re \u00c9ves k\u00f6zbeszerz\u00e9si program 2013-ra \u00c9ves k\u00f6zbeszerz\u00e9si program 2011-re \u00c9ves k\u00f6zbeszerz\u00e9si program 2012 \u00c9ves k\u00f6zbeszerz\u00e9si program 2012-re &#8211; Ingatlankezel\u0151 \u00c9ves k\u00f6zbeszerz\u00e9si program 2012-re Szoci\u00e1lis \u00dcgyek K\u00f6z\u00f6ss\u00e9gi Hivatala (ASCO) \u00c9ves k\u00f6zbeszerz\u00e9si program 2012-re Helyi rend\u0151rs\u00e9g \u00c9ves k\u00f6zbeszerz\u00e9si program 2012-re Nappali ell\u00e1t\u00f3 k\u00f6zpont Linkek a helyi \u00e9rdekelts\u00e9g\u0171 v\u00e1llalatok k\u00f6zbeszerz\u00e9si hirdetm\u00e9nyeinek (megh\u00edv\u00f3k) oldalaira Helyi rend\u0151rs\u00e9g: EUA 10c ad\u00e1sv\u00e9teli meg\u00e1llapod\u00e1s Tan\u00fas\u00edtv\u00e1nyok \u00e9rt\u00e9kes\u00edt\u00e9se Szoci\u00e1lis \u00dcgyek K\u00f6z\u00f6ss\u00e9gi Hivatala (ASCO) K\u00f6zbeszerz\u00e9si program 2017J &#8211; ASCO Nagyv\u00e1radi Ingatlankezel\u0151 V\u00edzm\u0171vek H\u0151er\u0151m\u0171 H\u0151er\u0151m\u0171 Nagyv\u00e1rad Helyi k\u00f6zleked\u00e9si V\u00e1llalat K\u00f6zter\u00fclet-fel\u00fcgyelet","og_url":"https:\/\/oradea.ro\/hu\/nagyvaradi-varoshaza\/kozbeszerzesek\/eves-kozbeszerzesi-program\/","og_site_name":"Oradea.ro","article_modified_time":"2024-01-18T11:24:29+00:00","twitter_card":"summary_large_image","twitter_misc":{"Becs\u00fclt olvas\u00e1si id\u0151":"1 perc"},"schema":{"@context":"https:\/\/schema.org","@graph":[{"@type":"WebPage","@id":"https:\/\/oradea.ro\/hu\/nagyvaradi-varoshaza\/kozbeszerzesek\/eves-kozbeszerzesi-program\/","url":"https:\/\/oradea.ro\/hu\/nagyvaradi-varoshaza\/kozbeszerzesek\/eves-kozbeszerzesi-program\/","name":"\u00c9ves k\u00f6zbeszerz\u00e9si program - Oradea.ro","isPartOf":{"@id":"https:\/\/oradea.ro\/#website"},"datePublished":"2023-11-14T16:12:21+00:00","dateModified":"2024-01-18T11:24:29+00:00","breadcrumb":{"@id":"https:\/\/oradea.ro\/hu\/nagyvaradi-varoshaza\/kozbeszerzesek\/eves-kozbeszerzesi-program\/#breadcrumb"},"inLanguage":"hu","potentialAction":[{"@type":"ReadAction","target":["https:\/\/oradea.ro\/hu\/nagyvaradi-varoshaza\/kozbeszerzesek\/eves-kozbeszerzesi-program\/"]}]},{"@type":"BreadcrumbList","@id":"https:\/\/oradea.ro\/hu\/nagyvaradi-varoshaza\/kozbeszerzesek\/eves-kozbeszerzesi-program\/#breadcrumb","itemListElement":[{"@type":"ListItem","position":1,"name":"","item":"https:\/\/oradea.ro\/hu\/"},{"@type":"ListItem","position":2,"name":"Nagyv\u00e1radi V\u00e1rosh\u00e1za","item":"https:\/\/oradea.ro\/hu\/nagyvaradi-varoshaza\/"},{"@type":"ListItem","position":3,"name":"K\u00f6zbeszerz\u00e9sek","item":"https:\/\/oradea.ro\/hu\/nagyvaradi-varoshaza\/kozbeszerzesek\/"},{"@type":"ListItem","position":4,"name":"\u00c9ves k\u00f6zbeszerz\u00e9si program"}]},{"@type":"WebSite","@id":"https:\/\/oradea.ro\/#website","url":"https:\/\/oradea.ro\/","name":"Oradea.ro","description":"Site-ul oficial al Prim\u0103riei Municipiului Oradea","publisher":{"@id":"https:\/\/oradea.ro\/#organization"},"potentialAction":[{"@type":"SearchAction","target":{"@type":"EntryPoint","urlTemplate":"https:\/\/oradea.ro\/?s={search_term_string}"},"query-input":{"@type":"PropertyValueSpecification","valueRequired":true,"valueName":"search_term_string"}}],"inLanguage":"hu"},{"@type":"Organization","@id":"https:\/\/oradea.ro\/#organization","name":"Oradea.ro","url":"https:\/\/oradea.ro\/","logo":{"@type":"ImageObject","inLanguage":"hu","@id":"https:\/\/oradea.ro\/#\/schema\/logo\/image\/","url":"https:\/\/oradea.ro\/wp-content\/uploads\/2023\/06\/footer_logo.svg","contentUrl":"https:\/\/oradea.ro\/wp-content\/uploads\/2023\/06\/footer_logo.svg","width":218,"height":53,"caption":"Oradea.ro"},"image":{"@id":"https:\/\/oradea.ro\/#\/schema\/logo\/image\/"}}]}},"publishpress_future_action":{"enabled":false,"date":"2026-04-26 18:34:14","action":"change-status","newStatus":"draft","terms":[],"taxonomy":"translation_priority","extraData":[]},"publishpress_future_workflow_manual_trigger":{"enabledWorkflows":[]},"_links":{"self":[{"href":"https:\/\/oradea.ro\/hu\/wp-json\/wp\/v2\/pages\/191219","targetHints":{"allow":["GET"]}}],"collection":[{"href":"https:\/\/oradea.ro\/hu\/wp-json\/wp\/v2\/pages"}],"about":[{"href":"https:\/\/oradea.ro\/hu\/wp-json\/wp\/v2\/types\/page"}],"author":[{"embeddable":true,"href":"https:\/\/oradea.ro\/hu\/wp-json\/wp\/v2\/users\/2"}],"replies":[{"embeddable":true,"href":"https:\/\/oradea.ro\/hu\/wp-json\/wp\/v2\/comments?post=191219"}],"version-history":[{"count":1,"href":"https:\/\/oradea.ro\/hu\/wp-json\/wp\/v2\/pages\/191219\/revisions"}],"predecessor-version":[{"id":191220,"href":"https:\/\/oradea.ro\/hu\/wp-json\/wp\/v2\/pages\/191219\/revisions\/191220"}],"up":[{"embeddable":true,"href":"https:\/\/oradea.ro\/hu\/wp-json\/wp\/v2\/pages\/191158"}],"wp:attachment":[{"href":"https:\/\/oradea.ro\/hu\/wp-json\/wp\/v2\/media?parent=191219"}],"curies":[{"name":"wp","href":"https:\/\/api.w.org\/{rel}","templated":true}]}}