{"id":19255,"date":"2023-09-12T06:55:45","date_gmt":"2023-09-12T04:55:45","guid":{"rendered":"https:\/\/oradea.ro\/oradea-verde\/zoldteruletek-es-kornyezet\/"},"modified":"2023-10-20T10:55:38","modified_gmt":"2023-10-20T10:55:38","slug":"zoldteruletek-es-kornyezet","status":"publish","type":"page","link":"https:\/\/oradea.ro\/hu\/polgarok-szamara\/oradea-verde\/zoldteruletek-es-kornyezet\/","title":{"rendered":"Z\u00f6ldter\u00fcletek \u00e9s k\u00f6rnyezet"},"content":{"rendered":"<div class=\"min-w-[100vw] h-[350px] md:h-[500px] ml-[calc(50%-50vw)] flex items-end bg-no-repeat bg-white bg-cover bg-center px-5\" style=\"background-image: url(https:\/\/oradea.ro\/wp-content\/uploads\/2023\/11\/lunca-crisului-1-scaled.jpg);\">\r\n                    <div class=\"w-full max-w-7xl mx-auto mb-6\">\r\n                        <h1 class=\"my-0 text-white font-extrabold font-open-sans text-3xl md:text-6xl [text-shadow:_0_1px_4px_rgb(0_0_0_\/_50%)]\">Z\u00f6ldter\u00fcletek \u00e9s k\u00f6rnyezet<\/h1>\r\n                    <\/div>\r\n                <\/div><div class=\"!px-5\"><div class=\"breadcrumbs w-full max-w-7xl mx-auto grid md:flex flex-wrap items-center py-4 test\"><div><a href=\"https:\/\/oradea.ro\/hu\/\"><span class=\"fas fa-home text-[#ABAEB3]\"><\/span><\/a><span class=\"md:hidden\"><span class=\"fas fa-chevron-down mx-5 text-xs text-[#ABAEB3] hover:text-black\/50 transition-all\"><\/span><\/span><span class=\"hidden md:inline\"><span class=\"fas fa-chevron-right mx-5 text-xs text-[#ABAEB3] hover:text-black\/50 transition-all\"><\/span><\/span><\/div><span class=\"font-poppins font-semibold uppercase text-black\/60\">Z\u00f6ldter\u00fcletek \u00e9s k\u00f6rnyezet<\/span><\/div><\/div>\t\t<div data-elementor-type=\"wp-page\" data-elementor-id=\"19255\" class=\"elementor elementor-19255 elementor-8014\" data-elementor-post-type=\"page\">\n\t\t\t\t<div class=\"elementor-element elementor-element-5dea076 e-flex e-con-boxed wpr-particle-no wpr-jarallax-no wpr-parallax-no wpr-sticky-section-no e-con e-parent\" data-id=\"5dea076\" data-element_type=\"container\">\n\t\t\t\t\t<div class=\"e-con-inner\">\n\t\t\t\t<div class=\"elementor-element elementor-element-1859b3f elementor-widget elementor-widget-heading\" data-id=\"1859b3f\" data-element_type=\"widget\" data-widget_type=\"heading.default\">\n\t\t\t\t<div class=\"elementor-widget-container\">\n\t\t\t\t\t<h2 class=\"elementor-heading-title elementor-size-default\">Z\u00f6ldter\u00fcletek \u00e9s k\u00f6rnyezet<\/h2>\t\t\t\t<\/div>\n\t\t\t\t<\/div>\n\t\t<div class=\"elementor-element elementor-element-221124c e-con-full e-flex wpr-particle-no wpr-jarallax-no wpr-parallax-no wpr-sticky-section-no e-con e-parent\" data-id=\"221124c\" data-element_type=\"container\">\n\t\t<a class=\"elementor-element elementor-element-b837d70 e-con-full e-flex wpr-particle-no wpr-jarallax-no wpr-parallax-no wpr-sticky-section-no e-con e-parent\" data-id=\"b837d70\" data-element_type=\"container\" href=\"https:\/\/oradea.ro\/pentru-cetateni\/oradea-verde\/spatii-verzi-si-mediu\/parcuri-si-coridoare-verzi\/\">\n\t\t\t\t<div class=\"elementor-element elementor-element-81f3563 elementor-widget elementor-widget-heading\" data-id=\"81f3563\" data-element_type=\"widget\" data-widget_type=\"heading.default\">\n\t\t\t\t<div class=\"elementor-widget-container\">\n\t\t\t\t\t<h2 class=\"elementor-heading-title elementor-size-default\">Parkok \u00e9s z\u00f6ld folyos\u00f3k<\/h2>\t\t\t\t<\/div>\n\t\t\t\t<\/div>\n\t\t\t\t<\/a>\n\t\t<a class=\"elementor-element elementor-element-6704feb e-con-full e-flex wpr-particle-no wpr-jarallax-no wpr-parallax-no wpr-sticky-section-no e-con e-parent\" data-id=\"6704feb\" data-element_type=\"container\" href=\"https:\/\/oradea.ro\/hu\/setak-a-cris-repede-menten-riverside\/\">\n\t\t\t\t<div class=\"elementor-element elementor-element-3f0535b elementor-widget elementor-widget-heading\" data-id=\"3f0535b\" data-element_type=\"widget\" data-widget_type=\"heading.default\">\n\t\t\t\t<div class=\"elementor-widget-container\">\n\t\t\t\t\t<h2 class=\"elementor-heading-title elementor-size-default\">S\u00e9t\u00e1k a Cri\u0219 Repede ment\u00e9n - RIVERSIDE<\/h2>\t\t\t\t<\/div>\n\t\t\t\t<\/div>\n\t\t\t\t<\/a>\n\t\t\t\t<\/div>\n\t\t<div class=\"elementor-element elementor-element-f437693 e-con-full e-flex wpr-particle-no wpr-jarallax-no wpr-parallax-no wpr-sticky-section-no e-con e-parent\" data-id=\"f437693\" data-element_type=\"container\">\n\t\t<a class=\"elementor-element elementor-element-2c73408 e-con-full e-flex wpr-particle-no wpr-jarallax-no wpr-parallax-no wpr-sticky-section-no e-con e-parent\" data-id=\"2c73408\" data-element_type=\"container\" href=\"https:\/\/oradea.ro\/hu\/fak-metszese-es-kivagasa\/\">\n\t\t\t\t<div class=\"elementor-element elementor-element-836b56b elementor-widget elementor-widget-heading\" data-id=\"836b56b\" data-element_type=\"widget\" data-widget_type=\"heading.default\">\n\t\t\t\t<div class=\"elementor-widget-container\">\n\t\t\t\t\t<h2 class=\"elementor-heading-title elementor-size-default\">F\u00e1k metsz\u00e9se \u00e9s kiv\u00e1g\u00e1sa<\/h2>\t\t\t\t<\/div>\n\t\t\t\t<\/div>\n\t\t\t\t<\/a>\n\t\t<a class=\"elementor-element elementor-element-c2b3d8d e-con-full e-flex wpr-particle-no wpr-jarallax-no wpr-parallax-no wpr-sticky-section-no e-con e-parent\" data-id=\"c2b3d8d\" data-element_type=\"container\" href=\"https:\/\/oradea.ro\/hu\/registrul-si-strategia-verde\/\">\n\t\t\t\t<div class=\"elementor-element elementor-element-9c3db3b elementor-widget elementor-widget-heading\" data-id=\"9c3db3b\" data-element_type=\"widget\" data-widget_type=\"heading.default\">\n\t\t\t\t<div class=\"elementor-widget-container\">\n\t\t\t\t\t<h2 class=\"elementor-heading-title elementor-size-default\">Z\u00f6ld regiszter \u00e9s strat\u00e9gia<\/h2>\t\t\t\t<\/div>\n\t\t\t\t<\/div>\n\t\t\t\t<\/a>\n\t\t\t\t<\/div>\n\t\t\t\t\t<\/div>\n\t\t\t\t<\/div>\n\t\t<div class=\"elementor-element elementor-element-9fd4150 e-flex e-con-boxed wpr-particle-no wpr-jarallax-no wpr-parallax-no wpr-sticky-section-no e-con e-parent\" data-id=\"9fd4150\" data-element_type=\"container\" data-settings=\"{&quot;background_background&quot;:&quot;classic&quot;}\">\n\t\t\t\t\t<div class=\"e-con-inner\">\n\t\t<div class=\"elementor-element elementor-element-a7d65e3 e-flex e-con-boxed wpr-particle-no wpr-jarallax-no wpr-parallax-no wpr-sticky-section-no e-con e-parent\" data-id=\"a7d65e3\" data-element_type=\"container\">\n\t\t\t\t\t<div class=\"e-con-inner\">\n\t\t<div class=\"elementor-element elementor-element-9809a14 e-con-full e-flex wpr-particle-no wpr-jarallax-no wpr-parallax-no wpr-sticky-section-no e-con e-parent\" data-id=\"9809a14\" data-element_type=\"container\">\n\t\t\t\t<div class=\"elementor-element elementor-element-619d14b elementor-widget elementor-widget-image\" data-id=\"619d14b\" data-element_type=\"widget\" data-widget_type=\"image.default\">\n\t\t\t\t<div class=\"elementor-widget-container\">\n\t\t\t\t\t\t\t\t\t\t\t\t\t\t\t<img fetchpriority=\"high\" decoding=\"async\" width=\"368\" height=\"378\" src=\"https:\/\/oradea.ro\/wp-content\/uploads\/2023\/07\/iPhone-13-Pro.webp\" class=\"attachment-large size-large wp-image-17028\" alt=\"\" srcset=\"https:\/\/oradea.ro\/wp-content\/uploads\/2023\/07\/iPhone-13-Pro.webp 368w, https:\/\/oradea.ro\/wp-content\/uploads\/2023\/07\/iPhone-13-Pro-292x300.webp 292w\" sizes=\"(max-width: 368px) 100vw, 368px\" \/>\t\t\t\t\t\t\t\t\t\t\t\t\t\t\t<\/div>\n\t\t\t\t<\/div>\n\t\t\t\t<\/div>\n\t\t<div class=\"elementor-element elementor-element-dbc7224 e-con-full e-flex wpr-particle-no wpr-jarallax-no wpr-parallax-no wpr-sticky-section-no e-con e-parent\" data-id=\"dbc7224\" data-element_type=\"container\">\n\t\t\t\t<div class=\"elementor-element elementor-element-a666a83 elementor-widget elementor-widget-heading\" data-id=\"a666a83\" data-element_type=\"widget\" data-widget_type=\"heading.default\">\n\t\t\t\t<div class=\"elementor-widget-container\">\n\t\t\t\t\t<h2 class=\"elementor-heading-title elementor-size-default\">Oradea v\u00e1ros jelent\u00e9se<\/h2>\t\t\t\t<\/div>\n\t\t\t\t<\/div>\n\t\t\t\t<div class=\"elementor-element elementor-element-578b285 elementor-widget elementor-widget-text-editor\" data-id=\"578b285\" data-element_type=\"widget\" data-widget_type=\"text-editor.default\">\n\t\t\t\t<div class=\"elementor-widget-container\">\n\t\t\t\t\t\t\t\t\t<p>A Nagyv\u00e1radi V\u00e1rosi Jelent\u00e9s egy ingyenes, egyszer\u0171 \u00e9s intuit\u00edv alkalmaz\u00e1s mobiltelefonra vagy t\u00e1blag\u00e9pre, amely lehet\u0151v\u00e9 teszi a polg\u00e1rk\u00f6zpont\u00fa polg\u00e1rok sz\u00e1m\u00e1ra, hogy k\u00fcl\u00f6nb\u00f6z\u0151 panaszokat \u00e9s incidenseket k\u00fcldjenek a nagyv\u00e1radi v\u00e1rosh\u00e1z\u00e1nak \u00e9s a helyi k\u00f6zszolg\u00e1ltat\u00f3knak (Nagyv\u00e1radi V\u00edzm\u0171, Nagyv\u00e1radi Helyi K\u00f6zleked\u00e9s, Nagyv\u00e1radi F\u0171t\u00e9s, Nagyv\u00e1radi Helyi Rend\u0151rs\u00e9g, RER Ecologic Service).<\/p>\n\t\t\t\t\t\t\t\t<\/div>\n\t\t\t\t<\/div>\n\t\t<div class=\"elementor-element elementor-element-505c614 e-con-full e-flex wpr-particle-no wpr-jarallax-no wpr-parallax-no wpr-sticky-section-no e-con e-parent\" data-id=\"505c614\" data-element_type=\"container\">\n\t\t\t\t<div class=\"elementor-element elementor-element-f9e379f elementor-widget__width-auto elementor-widget elementor-widget-image\" data-id=\"f9e379f\" data-element_type=\"widget\" data-widget_type=\"image.default\">\n\t\t\t\t<div class=\"elementor-widget-container\">\n\t\t\t\t\t\t\t\t\t\t\t\t\t\t\t\t<a href=\"\/\">\n\t\t\t\t\t\t\t<img decoding=\"async\" width=\"118\" height=\"35\" src=\"https:\/\/oradea.ro\/wp-content\/uploads\/2023\/07\/appstore_logo.webp\" class=\"attachment-large size-large wp-image-17030\" alt=\"\" \/>\t\t\t\t\t\t\t\t<\/a>\n\t\t\t\t\t\t\t\t\t\t\t\t\t\t\t<\/div>\n\t\t\t\t<\/div>\n\t\t\t\t<div class=\"elementor-element elementor-element-aff91e0 elementor-widget__width-auto elementor-widget elementor-widget-image\" data-id=\"aff91e0\" data-element_type=\"widget\" data-widget_type=\"image.default\">\n\t\t\t\t<div class=\"elementor-widget-container\">\n\t\t\t\t\t\t\t\t\t\t\t\t\t\t\t\t<a href=\"\/\">\n\t\t\t\t\t\t\t<img decoding=\"async\" width=\"116\" height=\"35\" src=\"https:\/\/oradea.ro\/wp-content\/uploads\/2023\/07\/google_logo.webp\" class=\"attachment-large size-large wp-image-17031\" alt=\"\" \/>\t\t\t\t\t\t\t\t<\/a>\n\t\t\t\t\t\t\t\t\t\t\t\t\t\t\t<\/div>\n\t\t\t\t<\/div>\n\t\t\t\t<\/div>\n\t\t\t\t<\/div>\n\t\t<div class=\"elementor-element elementor-element-b90bbbd e-con-full elementor-hidden-tablet elementor-hidden-mobile e-flex wpr-particle-no wpr-jarallax-no wpr-parallax-no wpr-sticky-section-no e-con e-parent\" data-id=\"b90bbbd\" data-element_type=\"container\">\n\t\t\t\t<div class=\"elementor-element elementor-element-f3b21dc elementor-widget elementor-widget-image\" data-id=\"f3b21dc\" data-element_type=\"widget\" data-widget_type=\"image.default\">\n\t\t\t\t<div class=\"elementor-widget-container\">\n\t\t\t\t\t\t\t\t\t\t\t\t\t\t\t<img loading=\"lazy\" decoding=\"async\" width=\"166\" height=\"165\" src=\"https:\/\/oradea.ro\/wp-content\/uploads\/2023\/07\/oradea_qr_code.webp\" class=\"attachment-large size-large wp-image-17029\" alt=\"\" srcset=\"https:\/\/oradea.ro\/wp-content\/uploads\/2023\/07\/oradea_qr_code.webp 166w, https:\/\/oradea.ro\/wp-content\/uploads\/2023\/07\/oradea_qr_code-150x150.webp 150w\" sizes=\"(max-width: 166px) 100vw, 166px\" \/>\t\t\t\t\t\t\t\t\t\t\t\t\t\t\t<\/div>\n\t\t\t\t<\/div>\n\t\t\t\t<\/div>\n\t\t\t\t\t<\/div>\n\t\t\t\t<\/div>\n\t\t\t\t\t<\/div>\n\t\t\t\t<\/div>\n\t\t\t\t<\/div>\n\t\t","protected":false},"excerpt":{"rendered":"<p>Z\u00f6ldter\u00fcletek \u00e9s k\u00f6rnyezet Z\u00f6ldter\u00fcletek \u00e9s k\u00f6rnyezet Z\u00f6ldter\u00fcletek \u00e9s k\u00f6rnyezet Parkok \u00e9s z\u00f6ld folyos\u00f3k S\u00e9t\u00e1k a Cri\u0219 Repede ment\u00e9n &#8211; RIVERSIDE F\u00e1k metsz\u00e9se \u00e9s kiv\u00e1g\u00e1sa Z\u00f6ld regiszter \u00e9s strat\u00e9gia Oradea v\u00e1ros jelent\u00e9se A Nagyv\u00e1radi V\u00e1rosi Jelent\u00e9s egy ingyenes, egyszer\u0171 \u00e9s intuit\u00edv alkalmaz\u00e1s mobiltelefonra vagy t\u00e1blag\u00e9pre, amely lehet\u0151v\u00e9 teszi a polg\u00e1rk\u00f6zpont\u00fa polg\u00e1rok sz\u00e1m\u00e1ra, hogy k\u00fcl\u00f6nb\u00f6z\u0151 panaszokat \u00e9s incidenseket k\u00fcldjenek a nagyv\u00e1radi v\u00e1rosh\u00e1z\u00e1nak \u00e9s a helyi k\u00f6zszolg\u00e1ltat\u00f3knak (Nagyv\u00e1radi V\u00edzm\u0171, Nagyv\u00e1radi Helyi K\u00f6zleked\u00e9s, Nagyv\u00e1radi F\u0171t\u00e9s, Nagyv\u00e1radi Helyi Rend\u0151rs\u00e9g, RER Ecologic Service).<\/p>\n","protected":false},"author":1,"featured_media":41385,"parent":16990,"menu_order":0,"comment_status":"closed","ping_status":"closed","template":"","meta":{"_acf_changed":false,"ep_exclude_from_search":false,"footnotes":""},"class_list":["post-19255","page","type-page","status-publish","has-post-thumbnail","hentry"],"acf":[],"yoast_head":"<!-- This site is optimized with the Yoast SEO plugin v26.6 - https:\/\/yoast.com\/wordpress\/plugins\/seo\/ -->\n<title>Z\u00f6ldter\u00fcletek \u00e9s k\u00f6rnyezet - Oradea.ro<\/title>\n<meta name=\"robots\" content=\"index, follow, max-snippet:-1, max-image-preview:large, max-video-preview:-1\" \/>\n<link rel=\"canonical\" href=\"https:\/\/oradea.ro\/hu\/polgarok-szamara\/oradea-verde\/zoldteruletek-es-kornyezet\/\" \/>\n<meta property=\"og:locale\" content=\"hu_HU\" \/>\n<meta property=\"og:type\" content=\"article\" \/>\n<meta property=\"og:title\" content=\"Z\u00f6ldter\u00fcletek \u00e9s k\u00f6rnyezet - Oradea.ro\" \/>\n<meta property=\"og:description\" content=\"Z\u00f6ldter\u00fcletek \u00e9s k\u00f6rnyezet Z\u00f6ldter\u00fcletek \u00e9s k\u00f6rnyezet Z\u00f6ldter\u00fcletek \u00e9s k\u00f6rnyezet Parkok \u00e9s z\u00f6ld folyos\u00f3k S\u00e9t\u00e1k a Cri\u0219 Repede ment\u00e9n &#8211; RIVERSIDE F\u00e1k metsz\u00e9se \u00e9s kiv\u00e1g\u00e1sa Z\u00f6ld regiszter \u00e9s strat\u00e9gia Oradea v\u00e1ros jelent\u00e9se A Nagyv\u00e1radi V\u00e1rosi Jelent\u00e9s egy ingyenes, egyszer\u0171 \u00e9s intuit\u00edv alkalmaz\u00e1s mobiltelefonra vagy t\u00e1blag\u00e9pre, amely lehet\u0151v\u00e9 teszi a polg\u00e1rk\u00f6zpont\u00fa polg\u00e1rok sz\u00e1m\u00e1ra, hogy k\u00fcl\u00f6nb\u00f6z\u0151 panaszokat \u00e9s incidenseket k\u00fcldjenek a nagyv\u00e1radi v\u00e1rosh\u00e1z\u00e1nak \u00e9s a helyi k\u00f6zszolg\u00e1ltat\u00f3knak (Nagyv\u00e1radi V\u00edzm\u0171, Nagyv\u00e1radi Helyi K\u00f6zleked\u00e9s, Nagyv\u00e1radi F\u0171t\u00e9s, Nagyv\u00e1radi Helyi Rend\u0151rs\u00e9g, RER Ecologic Service).\" \/>\n<meta property=\"og:url\" content=\"https:\/\/oradea.ro\/hu\/polgarok-szamara\/oradea-verde\/zoldteruletek-es-kornyezet\/\" \/>\n<meta property=\"og:site_name\" content=\"Oradea.ro\" \/>\n<meta property=\"article:modified_time\" content=\"2023-10-20T10:55:38+00:00\" \/>\n<meta property=\"og:image\" content=\"https:\/\/oradea.ro\/wp-content\/uploads\/2023\/11\/lunca-crisului-1-scaled.jpg\" \/>\n\t<meta property=\"og:image:width\" content=\"2560\" \/>\n\t<meta property=\"og:image:height\" content=\"1707\" \/>\n\t<meta property=\"og:image:type\" content=\"image\/jpeg\" \/>\n<meta name=\"twitter:card\" content=\"summary_large_image\" \/>\n<meta name=\"twitter:label1\" content=\"Becs\u00fclt olvas\u00e1si id\u0151\" \/>\n\t<meta name=\"twitter:data1\" content=\"1 perc\" \/>\n<script type=\"application\/ld+json\" class=\"yoast-schema-graph\">{\"@context\":\"https:\/\/schema.org\",\"@graph\":[{\"@type\":\"WebPage\",\"@id\":\"https:\/\/oradea.ro\/hu\/polgarok-szamara\/oradea-verde\/zoldteruletek-es-kornyezet\/\",\"url\":\"https:\/\/oradea.ro\/hu\/polgarok-szamara\/oradea-verde\/zoldteruletek-es-kornyezet\/\",\"name\":\"Z\u00f6ldter\u00fcletek \u00e9s k\u00f6rnyezet - Oradea.ro\",\"isPartOf\":{\"@id\":\"https:\/\/oradea.ro\/#website\"},\"primaryImageOfPage\":{\"@id\":\"https:\/\/oradea.ro\/hu\/polgarok-szamara\/oradea-verde\/zoldteruletek-es-kornyezet\/#primaryimage\"},\"image\":{\"@id\":\"https:\/\/oradea.ro\/hu\/polgarok-szamara\/oradea-verde\/zoldteruletek-es-kornyezet\/#primaryimage\"},\"thumbnailUrl\":\"https:\/\/oradea.ro\/wp-content\/uploads\/2023\/11\/lunca-crisului-1-scaled.jpg\",\"datePublished\":\"2023-09-12T04:55:45+00:00\",\"dateModified\":\"2023-10-20T10:55:38+00:00\",\"breadcrumb\":{\"@id\":\"https:\/\/oradea.ro\/hu\/polgarok-szamara\/oradea-verde\/zoldteruletek-es-kornyezet\/#breadcrumb\"},\"inLanguage\":\"hu\",\"potentialAction\":[{\"@type\":\"ReadAction\",\"target\":[\"https:\/\/oradea.ro\/hu\/polgarok-szamara\/oradea-verde\/zoldteruletek-es-kornyezet\/\"]}]},{\"@type\":\"ImageObject\",\"inLanguage\":\"hu\",\"@id\":\"https:\/\/oradea.ro\/hu\/polgarok-szamara\/oradea-verde\/zoldteruletek-es-kornyezet\/#primaryimage\",\"url\":\"https:\/\/oradea.ro\/wp-content\/uploads\/2023\/11\/lunca-crisului-1-scaled.jpg\",\"contentUrl\":\"https:\/\/oradea.ro\/wp-content\/uploads\/2023\/11\/lunca-crisului-1-scaled.jpg\",\"width\":2560,\"height\":1707},{\"@type\":\"BreadcrumbList\",\"@id\":\"https:\/\/oradea.ro\/hu\/polgarok-szamara\/oradea-verde\/zoldteruletek-es-kornyezet\/#breadcrumb\",\"itemListElement\":[{\"@type\":\"ListItem\",\"position\":1,\"name\":\"\",\"item\":\"https:\/\/oradea.ro\/hu\/\"},{\"@type\":\"ListItem\",\"position\":2,\"name\":\"Polg\u00e1rok sz\u00e1m\u00e1ra\",\"item\":\"https:\/\/oradea.ro\/hu\/polgarok-szamara\/\"},{\"@type\":\"ListItem\",\"position\":3,\"name\":\"Z\u00f6ld Nagyv\u00e1rad\",\"item\":\"https:\/\/oradea.ro\/hu\/polgarok-szamara\/oradea-verde\/\"},{\"@type\":\"ListItem\",\"position\":4,\"name\":\"Z\u00f6ldter\u00fcletek \u00e9s k\u00f6rnyezet\"}]},{\"@type\":\"WebSite\",\"@id\":\"https:\/\/oradea.ro\/#website\",\"url\":\"https:\/\/oradea.ro\/\",\"name\":\"Oradea.ro\",\"description\":\"Site-ul oficial al Prim\u0103riei Municipiului Oradea\",\"publisher\":{\"@id\":\"https:\/\/oradea.ro\/#organization\"},\"potentialAction\":[{\"@type\":\"SearchAction\",\"target\":{\"@type\":\"EntryPoint\",\"urlTemplate\":\"https:\/\/oradea.ro\/?s={search_term_string}\"},\"query-input\":{\"@type\":\"PropertyValueSpecification\",\"valueRequired\":true,\"valueName\":\"search_term_string\"}}],\"inLanguage\":\"hu\"},{\"@type\":\"Organization\",\"@id\":\"https:\/\/oradea.ro\/#organization\",\"name\":\"Oradea.ro\",\"url\":\"https:\/\/oradea.ro\/\",\"logo\":{\"@type\":\"ImageObject\",\"inLanguage\":\"hu\",\"@id\":\"https:\/\/oradea.ro\/#\/schema\/logo\/image\/\",\"url\":\"https:\/\/oradea.ro\/wp-content\/uploads\/2023\/06\/footer_logo.svg\",\"contentUrl\":\"https:\/\/oradea.ro\/wp-content\/uploads\/2023\/06\/footer_logo.svg\",\"width\":218,\"height\":53,\"caption\":\"Oradea.ro\"},\"image\":{\"@id\":\"https:\/\/oradea.ro\/#\/schema\/logo\/image\/\"}}]}<\/script>\n<!-- \/ Yoast SEO plugin. -->","yoast_head_json":{"title":"Z\u00f6ldter\u00fcletek \u00e9s k\u00f6rnyezet - Oradea.ro","robots":{"index":"index","follow":"follow","max-snippet":"max-snippet:-1","max-image-preview":"max-image-preview:large","max-video-preview":"max-video-preview:-1"},"canonical":"https:\/\/oradea.ro\/hu\/polgarok-szamara\/oradea-verde\/zoldteruletek-es-kornyezet\/","og_locale":"hu_HU","og_type":"article","og_title":"Z\u00f6ldter\u00fcletek \u00e9s k\u00f6rnyezet - Oradea.ro","og_description":"Z\u00f6ldter\u00fcletek \u00e9s k\u00f6rnyezet Z\u00f6ldter\u00fcletek \u00e9s k\u00f6rnyezet Z\u00f6ldter\u00fcletek \u00e9s k\u00f6rnyezet Parkok \u00e9s z\u00f6ld folyos\u00f3k S\u00e9t\u00e1k a Cri\u0219 Repede ment\u00e9n &#8211; RIVERSIDE F\u00e1k metsz\u00e9se \u00e9s kiv\u00e1g\u00e1sa Z\u00f6ld regiszter \u00e9s strat\u00e9gia Oradea v\u00e1ros jelent\u00e9se A Nagyv\u00e1radi V\u00e1rosi Jelent\u00e9s egy ingyenes, egyszer\u0171 \u00e9s intuit\u00edv alkalmaz\u00e1s mobiltelefonra vagy t\u00e1blag\u00e9pre, amely lehet\u0151v\u00e9 teszi a polg\u00e1rk\u00f6zpont\u00fa polg\u00e1rok sz\u00e1m\u00e1ra, hogy k\u00fcl\u00f6nb\u00f6z\u0151 panaszokat \u00e9s incidenseket k\u00fcldjenek a nagyv\u00e1radi v\u00e1rosh\u00e1z\u00e1nak \u00e9s a helyi k\u00f6zszolg\u00e1ltat\u00f3knak (Nagyv\u00e1radi V\u00edzm\u0171, Nagyv\u00e1radi Helyi K\u00f6zleked\u00e9s, Nagyv\u00e1radi F\u0171t\u00e9s, Nagyv\u00e1radi Helyi Rend\u0151rs\u00e9g, RER Ecologic Service).","og_url":"https:\/\/oradea.ro\/hu\/polgarok-szamara\/oradea-verde\/zoldteruletek-es-kornyezet\/","og_site_name":"Oradea.ro","article_modified_time":"2023-10-20T10:55:38+00:00","og_image":[{"width":2560,"height":1707,"url":"https:\/\/oradea.ro\/wp-content\/uploads\/2023\/11\/lunca-crisului-1-scaled.jpg","type":"image\/jpeg"}],"twitter_card":"summary_large_image","twitter_misc":{"Becs\u00fclt olvas\u00e1si id\u0151":"1 perc"},"schema":{"@context":"https:\/\/schema.org","@graph":[{"@type":"WebPage","@id":"https:\/\/oradea.ro\/hu\/polgarok-szamara\/oradea-verde\/zoldteruletek-es-kornyezet\/","url":"https:\/\/oradea.ro\/hu\/polgarok-szamara\/oradea-verde\/zoldteruletek-es-kornyezet\/","name":"Z\u00f6ldter\u00fcletek \u00e9s k\u00f6rnyezet - Oradea.ro","isPartOf":{"@id":"https:\/\/oradea.ro\/#website"},"primaryImageOfPage":{"@id":"https:\/\/oradea.ro\/hu\/polgarok-szamara\/oradea-verde\/zoldteruletek-es-kornyezet\/#primaryimage"},"image":{"@id":"https:\/\/oradea.ro\/hu\/polgarok-szamara\/oradea-verde\/zoldteruletek-es-kornyezet\/#primaryimage"},"thumbnailUrl":"https:\/\/oradea.ro\/wp-content\/uploads\/2023\/11\/lunca-crisului-1-scaled.jpg","datePublished":"2023-09-12T04:55:45+00:00","dateModified":"2023-10-20T10:55:38+00:00","breadcrumb":{"@id":"https:\/\/oradea.ro\/hu\/polgarok-szamara\/oradea-verde\/zoldteruletek-es-kornyezet\/#breadcrumb"},"inLanguage":"hu","potentialAction":[{"@type":"ReadAction","target":["https:\/\/oradea.ro\/hu\/polgarok-szamara\/oradea-verde\/zoldteruletek-es-kornyezet\/"]}]},{"@type":"ImageObject","inLanguage":"hu","@id":"https:\/\/oradea.ro\/hu\/polgarok-szamara\/oradea-verde\/zoldteruletek-es-kornyezet\/#primaryimage","url":"https:\/\/oradea.ro\/wp-content\/uploads\/2023\/11\/lunca-crisului-1-scaled.jpg","contentUrl":"https:\/\/oradea.ro\/wp-content\/uploads\/2023\/11\/lunca-crisului-1-scaled.jpg","width":2560,"height":1707},{"@type":"BreadcrumbList","@id":"https:\/\/oradea.ro\/hu\/polgarok-szamara\/oradea-verde\/zoldteruletek-es-kornyezet\/#breadcrumb","itemListElement":[{"@type":"ListItem","position":1,"name":"","item":"https:\/\/oradea.ro\/hu\/"},{"@type":"ListItem","position":2,"name":"Polg\u00e1rok sz\u00e1m\u00e1ra","item":"https:\/\/oradea.ro\/hu\/polgarok-szamara\/"},{"@type":"ListItem","position":3,"name":"Z\u00f6ld Nagyv\u00e1rad","item":"https:\/\/oradea.ro\/hu\/polgarok-szamara\/oradea-verde\/"},{"@type":"ListItem","position":4,"name":"Z\u00f6ldter\u00fcletek \u00e9s k\u00f6rnyezet"}]},{"@type":"WebSite","@id":"https:\/\/oradea.ro\/#website","url":"https:\/\/oradea.ro\/","name":"Oradea.ro","description":"Site-ul oficial al Prim\u0103riei Municipiului Oradea","publisher":{"@id":"https:\/\/oradea.ro\/#organization"},"potentialAction":[{"@type":"SearchAction","target":{"@type":"EntryPoint","urlTemplate":"https:\/\/oradea.ro\/?s={search_term_string}"},"query-input":{"@type":"PropertyValueSpecification","valueRequired":true,"valueName":"search_term_string"}}],"inLanguage":"hu"},{"@type":"Organization","@id":"https:\/\/oradea.ro\/#organization","name":"Oradea.ro","url":"https:\/\/oradea.ro\/","logo":{"@type":"ImageObject","inLanguage":"hu","@id":"https:\/\/oradea.ro\/#\/schema\/logo\/image\/","url":"https:\/\/oradea.ro\/wp-content\/uploads\/2023\/06\/footer_logo.svg","contentUrl":"https:\/\/oradea.ro\/wp-content\/uploads\/2023\/06\/footer_logo.svg","width":218,"height":53,"caption":"Oradea.ro"},"image":{"@id":"https:\/\/oradea.ro\/#\/schema\/logo\/image\/"}}]}},"publishpress_future_action":{"enabled":false,"date":"2026-04-30 20:34:39","action":"change-status","newStatus":"draft","terms":[],"taxonomy":"translation_priority","extraData":[]},"publishpress_future_workflow_manual_trigger":{"enabledWorkflows":[]},"_links":{"self":[{"href":"https:\/\/oradea.ro\/hu\/wp-json\/wp\/v2\/pages\/19255","targetHints":{"allow":["GET"]}}],"collection":[{"href":"https:\/\/oradea.ro\/hu\/wp-json\/wp\/v2\/pages"}],"about":[{"href":"https:\/\/oradea.ro\/hu\/wp-json\/wp\/v2\/types\/page"}],"author":[{"embeddable":true,"href":"https:\/\/oradea.ro\/hu\/wp-json\/wp\/v2\/users\/1"}],"replies":[{"embeddable":true,"href":"https:\/\/oradea.ro\/hu\/wp-json\/wp\/v2\/comments?post=19255"}],"version-history":[{"count":3,"href":"https:\/\/oradea.ro\/hu\/wp-json\/wp\/v2\/pages\/19255\/revisions"}],"predecessor-version":[{"id":19258,"href":"https:\/\/oradea.ro\/hu\/wp-json\/wp\/v2\/pages\/19255\/revisions\/19258"}],"up":[{"embeddable":true,"href":"https:\/\/oradea.ro\/hu\/wp-json\/wp\/v2\/pages\/16990"}],"wp:featuredmedia":[{"embeddable":true,"href":"https:\/\/oradea.ro\/hu\/wp-json\/wp\/v2\/media\/41385"}],"wp:attachment":[{"href":"https:\/\/oradea.ro\/hu\/wp-json\/wp\/v2\/media?parent=19255"}],"curies":[{"name":"wp","href":"https:\/\/api.w.org\/{rel}","templated":true}]}}