{"id":34781,"date":"2023-11-02T08:14:45","date_gmt":"2023-11-02T06:14:45","guid":{"rendered":"https:\/\/oradea.ro\/beruhazasok-listaja\/"},"modified":"2023-11-13T21:28:08","modified_gmt":"2023-11-13T21:28:08","slug":"beruhazasok-listaja","status":"publish","type":"page","link":"https:\/\/oradea.ro\/hu\/nagyvaradi-varoshaza\/gazdasagi-informaciok\/beruhazasok-listaja\/","title":{"rendered":"Beruh\u00e1z\u00e1sok list\u00e1ja"},"content":{"rendered":"<div class=\"min-w-[100vw] h-[350px] md:h-[500px] ml-[calc(50%-50vw)] flex items-end bg-no-repeat bg-white bg-cover bg-center px-5\" style=\"background-image: url(https:\/\/oradea.ro\/wp-content\/uploads\/2023\/10\/home_hero_slide_2-scaled.webp);\">\r\n                    <div class=\"w-full max-w-7xl mx-auto mb-6\">\r\n                        <h1 class=\"my-0 text-white font-extrabold font-open-sans text-3xl md:text-6xl [text-shadow:_0_1px_4px_rgb(0_0_0_\/_50%)]\">Beruh\u00e1z\u00e1sok list\u00e1ja<\/h1>\r\n                    <\/div>\r\n                <\/div><div class=\"!px-5\"><div class=\"breadcrumbs w-full max-w-7xl mx-auto grid md:flex flex-wrap items-center py-4 test\"><div><a href=\"https:\/\/oradea.ro\/hu\/\"><span class=\"fas fa-home text-[#ABAEB3]\"><\/span><\/a><span class=\"md:hidden\"><span class=\"fas fa-chevron-down mx-5 text-xs text-[#ABAEB3] hover:text-black\/50 transition-all\"><\/span><\/span><span class=\"hidden md:inline\"><span class=\"fas fa-chevron-right mx-5 text-xs text-[#ABAEB3] hover:text-black\/50 transition-all\"><\/span><\/span><\/div><span class=\"font-poppins font-semibold uppercase text-black\/60\">Beruh\u00e1z\u00e1sok list\u00e1ja<\/span><\/div><\/div>\t\t<div data-elementor-type=\"wp-page\" data-elementor-id=\"34781\" class=\"elementor elementor-34781 elementor-26429\" data-elementor-post-type=\"page\">\n\t\t\t\t<div class=\"elementor-element elementor-element-e025354 e-flex e-con-boxed wpr-particle-no wpr-jarallax-no wpr-parallax-no wpr-sticky-section-no e-con e-parent\" data-id=\"e025354\" data-element_type=\"container\">\n\t\t\t\t\t<div class=\"e-con-inner\">\n\t\t\t\t<div class=\"elementor-element elementor-element-b2bad44 elementor-widget__width-initial wpr-advanced-accordion-icon-side-box elementor-widget elementor-widget-wpr-advanced-accordion\" data-id=\"b2bad44\" data-element_type=\"widget\" data-settings=\"{&quot;active_item&quot;:1}\" data-widget_type=\"wpr-advanced-accordion.default\">\n\t\t\t\t<div class=\"elementor-widget-container\">\n\t\t\t\t\t\n            <div class=\"wpr-advanced-accordion\" data-accordion-type=\"accordion\" data-active-index=\"1\" data-accordion-trigger=\"click\" data-interaction-speed=\"0.4\">\n\n\t\t\t\n                \n\t\t\t\t\t<div class=\"wpr-accordion-item-wrap\">\n\t\t\t\t\t\t<button class=\"wpr-acc-button\">\n\t\t\t\t\t\t\t<span class=\"wpr-acc-item-title\">\n\t\t\t\t\t\t\t\t\t\t\t\t\t\t\t\t\t<div class=\"wpr-acc-icon-box\">\n\t\t\t\t\t\t\t\t\t\t\t\t\t\t<span class=\"wpr-title-icon\">\n\t\t\t\t\t<i aria-hidden=\"true\" class=\"fas fa-info\"><\/i>\t\t\t\t<\/span>\n\t\t\t\t\t\t\t\t\t\t\t\t<\/div>\n\t\t\t\t\t\t\t\t\n\t\t\t\t\t\t\t\t<span class=\"wpr-acc-title-text\">Beruh\u00e1z\u00e1sok list\u00e1ja<\/span>\n\t\t\t\t\t\t\t<\/span>\n\t\t\t\t\t\t\t\t\t\t\t<span class=\"wpr-toggle-icon wpr-ti-close\"><i aria-hidden=\"true\" class=\"fas fa-plus\"><\/i><\/span>\n\t\t\t\t<span class=\"wpr-toggle-icon wpr-ti-open\"><i aria-hidden=\"true\" class=\"fas fa-minus\"><\/i><\/span>\n\t\t\t\t\t\t\t\t\t<\/button>\n\n\t\t\t\t\t\t<div class=\"wpr-acc-panel\">\n\t\t\t\t\t\t\t\t\t\t\t\t\t\t\t<div class=\"wpr-acc-panel-content\"><p><a href=\"https:\/\/oradea.ro\/wp-content\/uploads\/2023\/11\/Investitii-2022-Municipiul-Oradea.xlsx\">Beruh\u00e1z\u00e1sok 2022 Nagyv\u00e1rad \u00f6nkorm\u00e1nyzata<\/a><\/p><p><a href=\"https:\/\/oradea.ro\/wp-content\/uploads\/2023\/11\/Investitii-2021-Municipiul-Oradea.xlsx\">Beruh\u00e1z\u00e1sok 2021 Nagyv\u00e1rad \u00f6nkorm\u00e1nyzata<\/a><\/p><p><a href=\"https:\/\/oradea.ro\/wp-content\/uploads\/2023\/11\/Investitii-2020-Municipiul-Oradea.xlsx\">Beruh\u00e1z\u00e1sok 2020 Nagyv\u00e1rad \u00f6nkorm\u00e1nyzata<\/a><br><a href=\"https:\/\/oradea.ro\/wp-content\/uploads\/2023\/11\/Investitii-2019-Municipiul-Oradea.xlsx\">Beruh\u00e1z\u00e1sok 2019 Nagyv\u00e1rad \u00f6nkorm\u00e1nyzata<\/a><br><a href=\"https:\/\/oradea.ro\/wp-content\/uploads\/2023\/11\/Investitii-2018-Municipiul-Oradea.xlsx\">Beruh\u00e1z\u00e1sok 2018 Nagyv\u00e1rad \u00f6nkorm\u00e1nyzata<\/a><br><a href=\"https:\/\/oradea.ro\/wp-content\/uploads\/2023\/11\/Investitii-2017-Municipiul-Oradea.xlsx\">Beruh\u00e1z\u00e1sok 2017 Nagyv\u00e1rad \u00f6nkorm\u00e1nyzata<\/a><br><a href=\"https:\/\/oradea.ro\/wp-content\/uploads\/2023\/11\/Investitii-2016-Municipiul-Oradea.xlsx\">Beruh\u00e1z\u00e1sok 2016 Nagyv\u00e1rad \u00f6nkorm\u00e1nyzata<\/a><br><a href=\"https:\/\/oradea.ro\/wp-content\/uploads\/2023\/11\/Lista-de-investitii-2015.pdf\">Befektet\u00e9si lista 2015<\/a><br><a href=\"https:\/\/oradea.ro\/wp-content\/uploads\/2023\/11\/Lista-de-investitii-2014.pdf\">Beruh\u00e1z\u00e1sok list\u00e1ja 2014<\/a><br><a href=\"https:\/\/oradea.ro\/wp-content\/uploads\/2023\/11\/Lista-de-investitii2013.pdf\">A 2013-as beruh\u00e1z\u00e1sok list\u00e1ja<\/a><br><a href=\"https:\/\/oradea.ro\/wp-content\/uploads\/2023\/11\/Lista-de-investitii-2012.pdf\">Beruh\u00e1z\u00e1sok list\u00e1ja 2012<\/a><br><a href=\"https:\/\/oradea.ro\/wp-content\/uploads\/2023\/11\/Lista-de-Investitii-2011.pdf\">Beruh\u00e1z\u00e1si lista 2011<\/a><\/p><\/div>\n\t\t\t\t\t\t\t\t\t\t\t\t\t<\/div>\n                    <\/div>\n\n                            <\/div>\n        \t\t\t\t<\/div>\n\t\t\t\t<\/div>\n\t\t\t\t\t<\/div>\n\t\t\t\t<\/div>\n\t\t<div class=\"elementor-element elementor-element-7a0b3cb e-flex e-con-boxed wpr-particle-no wpr-jarallax-no wpr-parallax-no wpr-sticky-section-no e-con e-parent\" data-id=\"7a0b3cb\" data-element_type=\"container\">\n\t\t\t\t\t<div class=\"e-con-inner\">\n\t\t\t\t<div class=\"elementor-element elementor-element-bf8940a elementor-widget elementor-widget-shortcode\" data-id=\"bf8940a\" data-element_type=\"widget\" data-widget_type=\"shortcode.default\">\n\t\t\t\t<div class=\"elementor-widget-container\">\n\t\t\t\t\t\t\t<div class=\"elementor-shortcode\"><\/div>\n\t\t\t\t\t\t<\/div>\n\t\t\t\t<\/div>\n\t\t\t\t\t<\/div>\n\t\t\t\t<\/div>\n\t\t\t\t<\/div>\n\t\t","protected":false},"excerpt":{"rendered":"<p>Beruh\u00e1z\u00e1sok list\u00e1ja Beruh\u00e1z\u00e1sok list\u00e1ja Beruh\u00e1z\u00e1sok list\u00e1ja Beruh\u00e1z\u00e1sok 2022 Nagyv\u00e1rad \u00f6nkorm\u00e1nyzata Beruh\u00e1z\u00e1sok 2021 Nagyv\u00e1rad \u00f6nkorm\u00e1nyzata Beruh\u00e1z\u00e1sok 2020 Nagyv\u00e1rad \u00f6nkorm\u00e1nyzataBeruh\u00e1z\u00e1sok 2019 Nagyv\u00e1rad \u00f6nkorm\u00e1nyzataBeruh\u00e1z\u00e1sok 2018 Nagyv\u00e1rad \u00f6nkorm\u00e1nyzataBeruh\u00e1z\u00e1sok 2017 Nagyv\u00e1rad \u00f6nkorm\u00e1nyzataBeruh\u00e1z\u00e1sok 2016 Nagyv\u00e1rad \u00f6nkorm\u00e1nyzataBefektet\u00e9si lista 2015Beruh\u00e1z\u00e1sok list\u00e1ja 2014A 2013-as beruh\u00e1z\u00e1sok list\u00e1jaBeruh\u00e1z\u00e1sok list\u00e1ja 2012Beruh\u00e1z\u00e1si lista 2011<\/p>\n","protected":false},"author":2,"featured_media":0,"parent":103137,"menu_order":0,"comment_status":"closed","ping_status":"closed","template":"","meta":{"_acf_changed":false,"ep_exclude_from_search":false,"footnotes":""},"class_list":["post-34781","page","type-page","status-publish","hentry"],"acf":[],"yoast_head":"<!-- This site is optimized with the Yoast SEO plugin v26.6 - https:\/\/yoast.com\/wordpress\/plugins\/seo\/ -->\n<title>Beruh\u00e1z\u00e1sok list\u00e1ja - Oradea.ro<\/title>\n<meta name=\"robots\" content=\"index, follow, max-snippet:-1, max-image-preview:large, max-video-preview:-1\" \/>\n<link rel=\"canonical\" href=\"https:\/\/oradea.ro\/hu\/nagyvaradi-varoshaza\/gazdasagi-informaciok\/beruhazasok-listaja\/\" \/>\n<meta property=\"og:locale\" content=\"hu_HU\" \/>\n<meta property=\"og:type\" content=\"article\" \/>\n<meta property=\"og:title\" content=\"Beruh\u00e1z\u00e1sok list\u00e1ja - Oradea.ro\" \/>\n<meta property=\"og:description\" content=\"Beruh\u00e1z\u00e1sok list\u00e1ja Beruh\u00e1z\u00e1sok list\u00e1ja Beruh\u00e1z\u00e1sok list\u00e1ja Beruh\u00e1z\u00e1sok 2022 Nagyv\u00e1rad \u00f6nkorm\u00e1nyzata Beruh\u00e1z\u00e1sok 2021 Nagyv\u00e1rad \u00f6nkorm\u00e1nyzata Beruh\u00e1z\u00e1sok 2020 Nagyv\u00e1rad \u00f6nkorm\u00e1nyzataBeruh\u00e1z\u00e1sok 2019 Nagyv\u00e1rad \u00f6nkorm\u00e1nyzataBeruh\u00e1z\u00e1sok 2018 Nagyv\u00e1rad \u00f6nkorm\u00e1nyzataBeruh\u00e1z\u00e1sok 2017 Nagyv\u00e1rad \u00f6nkorm\u00e1nyzataBeruh\u00e1z\u00e1sok 2016 Nagyv\u00e1rad \u00f6nkorm\u00e1nyzataBefektet\u00e9si lista 2015Beruh\u00e1z\u00e1sok list\u00e1ja 2014A 2013-as beruh\u00e1z\u00e1sok list\u00e1jaBeruh\u00e1z\u00e1sok list\u00e1ja 2012Beruh\u00e1z\u00e1si lista 2011\" \/>\n<meta property=\"og:url\" content=\"https:\/\/oradea.ro\/hu\/nagyvaradi-varoshaza\/gazdasagi-informaciok\/beruhazasok-listaja\/\" \/>\n<meta property=\"og:site_name\" content=\"Oradea.ro\" \/>\n<meta property=\"article:modified_time\" content=\"2023-11-13T21:28:08+00:00\" \/>\n<meta name=\"twitter:card\" content=\"summary_large_image\" \/>\n<script type=\"application\/ld+json\" class=\"yoast-schema-graph\">{\"@context\":\"https:\/\/schema.org\",\"@graph\":[{\"@type\":\"WebPage\",\"@id\":\"https:\/\/oradea.ro\/hu\/nagyvaradi-varoshaza\/gazdasagi-informaciok\/beruhazasok-listaja\/\",\"url\":\"https:\/\/oradea.ro\/hu\/nagyvaradi-varoshaza\/gazdasagi-informaciok\/beruhazasok-listaja\/\",\"name\":\"Beruh\u00e1z\u00e1sok list\u00e1ja - Oradea.ro\",\"isPartOf\":{\"@id\":\"https:\/\/oradea.ro\/#website\"},\"datePublished\":\"2023-11-02T06:14:45+00:00\",\"dateModified\":\"2023-11-13T21:28:08+00:00\",\"breadcrumb\":{\"@id\":\"https:\/\/oradea.ro\/hu\/nagyvaradi-varoshaza\/gazdasagi-informaciok\/beruhazasok-listaja\/#breadcrumb\"},\"inLanguage\":\"hu\",\"potentialAction\":[{\"@type\":\"ReadAction\",\"target\":[\"https:\/\/oradea.ro\/hu\/nagyvaradi-varoshaza\/gazdasagi-informaciok\/beruhazasok-listaja\/\"]}]},{\"@type\":\"BreadcrumbList\",\"@id\":\"https:\/\/oradea.ro\/hu\/nagyvaradi-varoshaza\/gazdasagi-informaciok\/beruhazasok-listaja\/#breadcrumb\",\"itemListElement\":[{\"@type\":\"ListItem\",\"position\":1,\"name\":\"\",\"item\":\"https:\/\/oradea.ro\/hu\/\"},{\"@type\":\"ListItem\",\"position\":2,\"name\":\"Nagyv\u00e1radi V\u00e1rosh\u00e1za\",\"item\":\"https:\/\/oradea.ro\/hu\/nagyvaradi-varoshaza\/\"},{\"@type\":\"ListItem\",\"position\":3,\"name\":\"Gazdas\u00e1gi inform\u00e1ci\u00f3k\",\"item\":\"https:\/\/oradea.ro\/hu\/nagyvaradi-varoshaza\/gazdasagi-informaciok\/\"},{\"@type\":\"ListItem\",\"position\":4,\"name\":\"Beruh\u00e1z\u00e1sok list\u00e1ja\"}]},{\"@type\":\"WebSite\",\"@id\":\"https:\/\/oradea.ro\/#website\",\"url\":\"https:\/\/oradea.ro\/\",\"name\":\"Oradea.ro\",\"description\":\"Site-ul oficial al Prim\u0103riei Municipiului Oradea\",\"publisher\":{\"@id\":\"https:\/\/oradea.ro\/#organization\"},\"potentialAction\":[{\"@type\":\"SearchAction\",\"target\":{\"@type\":\"EntryPoint\",\"urlTemplate\":\"https:\/\/oradea.ro\/?s={search_term_string}\"},\"query-input\":{\"@type\":\"PropertyValueSpecification\",\"valueRequired\":true,\"valueName\":\"search_term_string\"}}],\"inLanguage\":\"hu\"},{\"@type\":\"Organization\",\"@id\":\"https:\/\/oradea.ro\/#organization\",\"name\":\"Oradea.ro\",\"url\":\"https:\/\/oradea.ro\/\",\"logo\":{\"@type\":\"ImageObject\",\"inLanguage\":\"hu\",\"@id\":\"https:\/\/oradea.ro\/#\/schema\/logo\/image\/\",\"url\":\"https:\/\/oradea.ro\/wp-content\/uploads\/2023\/06\/footer_logo.svg\",\"contentUrl\":\"https:\/\/oradea.ro\/wp-content\/uploads\/2023\/06\/footer_logo.svg\",\"width\":218,\"height\":53,\"caption\":\"Oradea.ro\"},\"image\":{\"@id\":\"https:\/\/oradea.ro\/#\/schema\/logo\/image\/\"}}]}<\/script>\n<!-- \/ Yoast SEO plugin. -->","yoast_head_json":{"title":"Beruh\u00e1z\u00e1sok list\u00e1ja - Oradea.ro","robots":{"index":"index","follow":"follow","max-snippet":"max-snippet:-1","max-image-preview":"max-image-preview:large","max-video-preview":"max-video-preview:-1"},"canonical":"https:\/\/oradea.ro\/hu\/nagyvaradi-varoshaza\/gazdasagi-informaciok\/beruhazasok-listaja\/","og_locale":"hu_HU","og_type":"article","og_title":"Beruh\u00e1z\u00e1sok list\u00e1ja - Oradea.ro","og_description":"Beruh\u00e1z\u00e1sok list\u00e1ja Beruh\u00e1z\u00e1sok list\u00e1ja Beruh\u00e1z\u00e1sok list\u00e1ja Beruh\u00e1z\u00e1sok 2022 Nagyv\u00e1rad \u00f6nkorm\u00e1nyzata Beruh\u00e1z\u00e1sok 2021 Nagyv\u00e1rad \u00f6nkorm\u00e1nyzata Beruh\u00e1z\u00e1sok 2020 Nagyv\u00e1rad \u00f6nkorm\u00e1nyzataBeruh\u00e1z\u00e1sok 2019 Nagyv\u00e1rad \u00f6nkorm\u00e1nyzataBeruh\u00e1z\u00e1sok 2018 Nagyv\u00e1rad \u00f6nkorm\u00e1nyzataBeruh\u00e1z\u00e1sok 2017 Nagyv\u00e1rad \u00f6nkorm\u00e1nyzataBeruh\u00e1z\u00e1sok 2016 Nagyv\u00e1rad \u00f6nkorm\u00e1nyzataBefektet\u00e9si lista 2015Beruh\u00e1z\u00e1sok list\u00e1ja 2014A 2013-as beruh\u00e1z\u00e1sok list\u00e1jaBeruh\u00e1z\u00e1sok list\u00e1ja 2012Beruh\u00e1z\u00e1si lista 2011","og_url":"https:\/\/oradea.ro\/hu\/nagyvaradi-varoshaza\/gazdasagi-informaciok\/beruhazasok-listaja\/","og_site_name":"Oradea.ro","article_modified_time":"2023-11-13T21:28:08+00:00","twitter_card":"summary_large_image","schema":{"@context":"https:\/\/schema.org","@graph":[{"@type":"WebPage","@id":"https:\/\/oradea.ro\/hu\/nagyvaradi-varoshaza\/gazdasagi-informaciok\/beruhazasok-listaja\/","url":"https:\/\/oradea.ro\/hu\/nagyvaradi-varoshaza\/gazdasagi-informaciok\/beruhazasok-listaja\/","name":"Beruh\u00e1z\u00e1sok list\u00e1ja - Oradea.ro","isPartOf":{"@id":"https:\/\/oradea.ro\/#website"},"datePublished":"2023-11-02T06:14:45+00:00","dateModified":"2023-11-13T21:28:08+00:00","breadcrumb":{"@id":"https:\/\/oradea.ro\/hu\/nagyvaradi-varoshaza\/gazdasagi-informaciok\/beruhazasok-listaja\/#breadcrumb"},"inLanguage":"hu","potentialAction":[{"@type":"ReadAction","target":["https:\/\/oradea.ro\/hu\/nagyvaradi-varoshaza\/gazdasagi-informaciok\/beruhazasok-listaja\/"]}]},{"@type":"BreadcrumbList","@id":"https:\/\/oradea.ro\/hu\/nagyvaradi-varoshaza\/gazdasagi-informaciok\/beruhazasok-listaja\/#breadcrumb","itemListElement":[{"@type":"ListItem","position":1,"name":"","item":"https:\/\/oradea.ro\/hu\/"},{"@type":"ListItem","position":2,"name":"Nagyv\u00e1radi V\u00e1rosh\u00e1za","item":"https:\/\/oradea.ro\/hu\/nagyvaradi-varoshaza\/"},{"@type":"ListItem","position":3,"name":"Gazdas\u00e1gi inform\u00e1ci\u00f3k","item":"https:\/\/oradea.ro\/hu\/nagyvaradi-varoshaza\/gazdasagi-informaciok\/"},{"@type":"ListItem","position":4,"name":"Beruh\u00e1z\u00e1sok list\u00e1ja"}]},{"@type":"WebSite","@id":"https:\/\/oradea.ro\/#website","url":"https:\/\/oradea.ro\/","name":"Oradea.ro","description":"Site-ul oficial al Prim\u0103riei Municipiului Oradea","publisher":{"@id":"https:\/\/oradea.ro\/#organization"},"potentialAction":[{"@type":"SearchAction","target":{"@type":"EntryPoint","urlTemplate":"https:\/\/oradea.ro\/?s={search_term_string}"},"query-input":{"@type":"PropertyValueSpecification","valueRequired":true,"valueName":"search_term_string"}}],"inLanguage":"hu"},{"@type":"Organization","@id":"https:\/\/oradea.ro\/#organization","name":"Oradea.ro","url":"https:\/\/oradea.ro\/","logo":{"@type":"ImageObject","inLanguage":"hu","@id":"https:\/\/oradea.ro\/#\/schema\/logo\/image\/","url":"https:\/\/oradea.ro\/wp-content\/uploads\/2023\/06\/footer_logo.svg","contentUrl":"https:\/\/oradea.ro\/wp-content\/uploads\/2023\/06\/footer_logo.svg","width":218,"height":53,"caption":"Oradea.ro"},"image":{"@id":"https:\/\/oradea.ro\/#\/schema\/logo\/image\/"}}]}},"publishpress_future_action":{"enabled":false,"date":"2026-04-30 22:33:38","action":"change-status","newStatus":"draft","terms":[],"taxonomy":"translation_priority","extraData":[]},"publishpress_future_workflow_manual_trigger":{"enabledWorkflows":[]},"_links":{"self":[{"href":"https:\/\/oradea.ro\/hu\/wp-json\/wp\/v2\/pages\/34781","targetHints":{"allow":["GET"]}}],"collection":[{"href":"https:\/\/oradea.ro\/hu\/wp-json\/wp\/v2\/pages"}],"about":[{"href":"https:\/\/oradea.ro\/hu\/wp-json\/wp\/v2\/types\/page"}],"author":[{"embeddable":true,"href":"https:\/\/oradea.ro\/hu\/wp-json\/wp\/v2\/users\/2"}],"replies":[{"embeddable":true,"href":"https:\/\/oradea.ro\/hu\/wp-json\/wp\/v2\/comments?post=34781"}],"version-history":[{"count":1,"href":"https:\/\/oradea.ro\/hu\/wp-json\/wp\/v2\/pages\/34781\/revisions"}],"predecessor-version":[{"id":34782,"href":"https:\/\/oradea.ro\/hu\/wp-json\/wp\/v2\/pages\/34781\/revisions\/34782"}],"up":[{"embeddable":true,"href":"https:\/\/oradea.ro\/hu\/wp-json\/wp\/v2\/pages\/103137"}],"wp:attachment":[{"href":"https:\/\/oradea.ro\/hu\/wp-json\/wp\/v2\/media?parent=34781"}],"curies":[{"name":"wp","href":"https:\/\/api.w.org\/{rel}","templated":true}]}}