{"id":44562,"date":"2023-10-30T15:53:40","date_gmt":"2023-10-30T13:53:40","guid":{"rendered":"https:\/\/oradea.ro\/kervenyek-es-formanyomtatvanyok\/lakotarsulasok\/"},"modified":"2024-01-24T08:40:15","modified_gmt":"2024-01-24T08:40:15","slug":"lakotarsulasok","status":"publish","type":"page","link":"https:\/\/oradea.ro\/hu\/kervenyek-es-formanyomtatvanyok\/lakotarsulasok\/","title":{"rendered":"Lak\u00f3t\u00e1rsul\u00e1sok"},"content":{"rendered":"<div class=\"min-w-[100vw] h-[350px] md:h-[500px] ml-[calc(50%-50vw)] flex items-end bg-no-repeat bg-white bg-cover bg-center px-5\" style=\"background-image: url(https:\/\/oradea.ro\/wp-content\/uploads\/2023\/10\/home_hero_slide_2-scaled.webp);\">\r\n                    <div class=\"w-full max-w-7xl mx-auto mb-6\">\r\n                        <h1 class=\"my-0 text-white font-extrabold font-open-sans text-3xl md:text-6xl [text-shadow:_0_1px_4px_rgb(0_0_0_\/_50%)]\">Lak\u00f3t\u00e1rsul\u00e1sok<\/h1>\r\n                    <\/div>\r\n                <\/div><div class=\"!px-5\"><div class=\"breadcrumbs w-full max-w-7xl mx-auto grid md:flex flex-wrap items-center py-4 test\"><div><a href=\"https:\/\/oradea.ro\/hu\/\"><span class=\"fas fa-home text-[#ABAEB3]\"><\/span><\/a><span class=\"md:hidden\"><span class=\"fas fa-chevron-down mx-5 text-xs text-[#ABAEB3] hover:text-black\/50 transition-all\"><\/span><\/span><span class=\"hidden md:inline\"><span class=\"fas fa-chevron-right mx-5 text-xs text-[#ABAEB3] hover:text-black\/50 transition-all\"><\/span><\/span><\/div><span class=\"font-poppins font-semibold uppercase text-black\/60\">Lak\u00f3t\u00e1rsul\u00e1sok<\/span><\/div><\/div>\t\t<div data-elementor-type=\"wp-page\" data-elementor-id=\"44562\" class=\"elementor elementor-44562 elementor-24481\" data-elementor-post-type=\"page\">\n\t\t\t\t<div class=\"elementor-element elementor-element-799a66c e-flex e-con-boxed wpr-particle-no wpr-jarallax-no wpr-parallax-no wpr-sticky-section-no e-con e-parent\" data-id=\"799a66c\" data-element_type=\"container\">\n\t\t\t\t\t<div class=\"e-con-inner\">\n\t\t\t\t<div class=\"elementor-element elementor-element-aa86834 elementor-widget__width-initial wpr-advanced-accordion-icon-side-box elementor-widget elementor-widget-wpr-advanced-accordion\" data-id=\"aa86834\" data-element_type=\"widget\" data-settings=\"{&quot;active_item&quot;:0}\" data-widget_type=\"wpr-advanced-accordion.default\">\n\t\t\t\t<div class=\"elementor-widget-container\">\n\t\t\t\t\t\n            <div class=\"wpr-advanced-accordion\" data-accordion-type=\"accordion\" data-active-index=\"0\" data-accordion-trigger=\"click\" data-interaction-speed=\"0.4\">\n\n\t\t\t\n                \n\t\t\t\t\t<div class=\"wpr-accordion-item-wrap\">\n\t\t\t\t\t\t<button class=\"wpr-acc-button\">\n\t\t\t\t\t\t\t<span class=\"wpr-acc-item-title\">\n\t\t\t\t\t\t\t\t\t\t\t\t\t\t\t\t\t<div class=\"wpr-acc-icon-box\">\n\t\t\t\t\t\t\t\t\t\t\t\t\t\t<span class=\"wpr-title-icon\">\n\t\t\t\t\t<i aria-hidden=\"true\" class=\"fas fa-info\"><\/i>\t\t\t\t<\/span>\n\t\t\t\t\t\t\t\t\t\t\t\t<\/div>\n\t\t\t\t\t\t\t\t\n\t\t\t\t\t\t\t\t<span class=\"wpr-acc-title-text\">Tulajdonosi t\u00e1rsul\u00e1si adatok friss\u00edt\u00e9se<\/span>\n\t\t\t\t\t\t\t<\/span>\n\t\t\t\t\t\t\t\t\t\t\t<span class=\"wpr-toggle-icon wpr-ti-close\"><i aria-hidden=\"true\" class=\"fas fa-plus\"><\/i><\/span>\n\t\t\t\t<span class=\"wpr-toggle-icon wpr-ti-open\"><i aria-hidden=\"true\" class=\"fas fa-minus\"><\/i><\/span>\n\t\t\t\t\t\t\t\t\t<\/button>\n\n\t\t\t\t\t\t<div class=\"wpr-acc-panel\">\n\t\t\t\t\t\t\t\t\t\t\t\t\t\t\t<div class=\"wpr-acc-panel-content\"><p><a href=\"https:\/\/oradea.ro\/wp-content\/uploads\/2023\/10\/Actualizare-date-asociatii-de-proprietari.pdf\" target=\"_blank\" rel=\"noopener\">Tulajdonosi t\u00e1rsul\u00e1si adatok friss\u00edt\u00e9se<\/a><\/p><p><strong>Sz\u00fcks\u00e9ges iratok: <\/strong><\/p><p>1. formanyomtatv\u00e1ny<\/p><\/div>\n\t\t\t\t\t\t\t\t\t\t\t\t\t<\/div>\n                    <\/div>\n\n                \n\t\t\t\t\t<div class=\"wpr-accordion-item-wrap\">\n\t\t\t\t\t\t<button class=\"wpr-acc-button\">\n\t\t\t\t\t\t\t<span class=\"wpr-acc-item-title\">\n\t\t\t\t\t\t\t\t\t\t\t\t\t\t\t\t\t<div class=\"wpr-acc-icon-box\">\n\t\t\t\t\t\t\t\t\t\t\t\t\t\t<span class=\"wpr-title-icon\">\n\t\t\t\t\t<i aria-hidden=\"true\" class=\"fas fa-info\"><\/i>\t\t\t\t<\/span>\n\t\t\t\t\t\t\t\t\t\t\t\t<\/div>\n\t\t\t\t\t\t\t\t\n\t\t\t\t\t\t\t\t<span class=\"wpr-acc-title-text\">Bizony\u00edtv\u00e1nyok- mag\u00e1nszem\u00e9lyek<\/span>\n\t\t\t\t\t\t\t<\/span>\n\t\t\t\t\t\t\t\t\t\t\t<span class=\"wpr-toggle-icon wpr-ti-close\"><i aria-hidden=\"true\" class=\"fas fa-plus\"><\/i><\/span>\n\t\t\t\t<span class=\"wpr-toggle-icon wpr-ti-open\"><i aria-hidden=\"true\" class=\"fas fa-minus\"><\/i><\/span>\n\t\t\t\t\t\t\t\t\t<\/button>\n\n\t\t\t\t\t\t<div class=\"wpr-acc-panel\">\n\t\t\t\t\t\t\t\t\t\t\t\t\t\t\t<div class=\"wpr-acc-panel-content\"><p><a href=\"https:\/\/oradea.ro\/wp-content\/uploads\/2023\/10\/ATESTARE-PERSOANE-FIZICE.pdf\" target=\"_blank\" rel=\"noopener\">Bizony\u00edtv\u00e1nyok- jogi szem\u00e9lyek -<\/a><\/p><p><strong>Sz\u00fcks\u00e9ges iratok:<\/strong><\/p><p>1. formanyomtatv\u00e1ny<br>2. \u00d6n\u00e9letrajz (kit\u00f6ltend\u0151 a h\u00e1toldalon);<br>3. Szem\u00e9lyi igazolv\u00e1ny B.I.\/C.I.;<br>4. anyak\u00f6nyvi iratok (sz\u00fclet\u00e9si bizony\u00edtv\u00e1ny \u00e9s h\u00e1zass\u00e1gi bizony\u00edtv\u00e1ny);<br>5. legut\u00f3bb v\u00e9gzett tanulm\u00e1nyok bizony\u00edtv\u00e1nyai;<br>6. Hat\u00f3s\u00e1gi erk\u00f6lcsi bizony\u00edtv\u00e1ny (cazier judiciar)<br>7. Gazdas\u00e1gi bizony\u00edtv\u00e1ny (cazier fiscal)<br>8. t\u00e1rsash\u00e1zi adminisztr\u00e1tori munkak\u00f6r bet\u00f6lt\u00e9s\u00e9re vonatkoz\u00f3 szakmai k\u00e9pz\u00e9si bizony\u00edtv\u00e1ny m\u00e1solata<br>9. 150 lej kifizet\u00e9s\u00e9t igazol\u00f3 nyugta (Piramisb\u00f3l)<br>10. Igazol\u00e1s a h\u00e1ziorvost\u00f3l<br>11.dosszi\u00e9<\/p><\/div>\n\t\t\t\t\t\t\t\t\t\t\t\t\t<\/div>\n                    <\/div>\n\n                \n\t\t\t\t\t<div class=\"wpr-accordion-item-wrap\">\n\t\t\t\t\t\t<button class=\"wpr-acc-button\">\n\t\t\t\t\t\t\t<span class=\"wpr-acc-item-title\">\n\t\t\t\t\t\t\t\t\t\t\t\t\t\t\t\t\t<div class=\"wpr-acc-icon-box\">\n\t\t\t\t\t\t\t\t\t\t\t\t\t\t<span class=\"wpr-title-icon\">\n\t\t\t\t\t<i aria-hidden=\"true\" class=\"fas fa-info\"><\/i>\t\t\t\t<\/span>\n\t\t\t\t\t\t\t\t\t\t\t\t<\/div>\n\t\t\t\t\t\t\t\t\n\t\t\t\t\t\t\t\t<span class=\"wpr-acc-title-text\">Tulajdonosi t\u00e1rsul\u00e1sok l\u00e9trehoz\u00e1sa, \u00e1talakul\u00e1sa, sz\u00e9tv\u00e1l\u00e1sa<\/span>\n\t\t\t\t\t\t\t<\/span>\n\t\t\t\t\t\t\t\t\t\t\t<span class=\"wpr-toggle-icon wpr-ti-close\"><i aria-hidden=\"true\" class=\"fas fa-plus\"><\/i><\/span>\n\t\t\t\t<span class=\"wpr-toggle-icon wpr-ti-open\"><i aria-hidden=\"true\" class=\"fas fa-minus\"><\/i><\/span>\n\t\t\t\t\t\t\t\t\t<\/button>\n\n\t\t\t\t\t\t<div class=\"wpr-acc-panel\">\n\t\t\t\t\t\t\t\t\t\t\t\t\t\t\t<div class=\"wpr-acc-panel-content\"><p><a href=\"https:\/\/oradea.ro\/wp-content\/uploads\/2023\/10\/INFIINTARE-TRANSFORMARE-DIVIZARE-ASOCIATII-DE-PROPRIETARI.pdf\" target=\"_blank\" rel=\"noopener\">Tulajdonosi t\u00e1rsul\u00e1sok alap\u00edt\u00e1sa, \u00e1talakul\u00e1sa, sz\u00e9tv\u00e1l\u00e1sa<\/a><\/p><p><strong>Sz\u00fcks\u00e9ges iratok:<\/strong><\/p><p>1. formanyomtatv\u00e1ny<\/p><\/div>\n\t\t\t\t\t\t\t\t\t\t\t\t\t<\/div>\n                    <\/div>\n\n                            <\/div>\n        \t\t\t\t<\/div>\n\t\t\t\t<\/div>\n\t\t\t\t\t<\/div>\n\t\t\t\t<\/div>\n\t\t\t\t<\/div>\n\t\t","protected":false},"excerpt":{"rendered":"<p>Lak\u00f3t\u00e1rsul\u00e1sok Lak\u00f3t\u00e1rsul\u00e1sok Tulajdonosi t\u00e1rsul\u00e1si adatok friss\u00edt\u00e9se Tulajdonosi t\u00e1rsul\u00e1si adatok friss\u00edt\u00e9se Sz\u00fcks\u00e9ges iratok: 1. formanyomtatv\u00e1ny Bizony\u00edtv\u00e1nyok- mag\u00e1nszem\u00e9lyek Bizony\u00edtv\u00e1nyok- jogi szem\u00e9lyek &#8211; Sz\u00fcks\u00e9ges iratok: 1. formanyomtatv\u00e1ny2. \u00d6n\u00e9letrajz (kit\u00f6ltend\u0151 a h\u00e1toldalon);3. Szem\u00e9lyi igazolv\u00e1ny B.I.\/C.I.;4. anyak\u00f6nyvi iratok (sz\u00fclet\u00e9si bizony\u00edtv\u00e1ny \u00e9s h\u00e1zass\u00e1gi bizony\u00edtv\u00e1ny);5. legut\u00f3bb v\u00e9gzett tanulm\u00e1nyok bizony\u00edtv\u00e1nyai;6. Hat\u00f3s\u00e1gi erk\u00f6lcsi bizony\u00edtv\u00e1ny (cazier judiciar)7. Gazdas\u00e1gi bizony\u00edtv\u00e1ny (cazier fiscal)8. t\u00e1rsash\u00e1zi adminisztr\u00e1tori munkak\u00f6r bet\u00f6lt\u00e9s\u00e9re vonatkoz\u00f3 szakmai k\u00e9pz\u00e9si bizony\u00edtv\u00e1ny m\u00e1solata9. 150 lej kifizet\u00e9s\u00e9t igazol\u00f3 nyugta (Piramisb\u00f3l)10. Igazol\u00e1s a h\u00e1ziorvost\u00f3l11.dosszi\u00e9 Tulajdonosi t\u00e1rsul\u00e1sok l\u00e9trehoz\u00e1sa, \u00e1talakul\u00e1sa, sz\u00e9tv\u00e1l\u00e1sa Tulajdonosi t\u00e1rsul\u00e1sok alap\u00edt\u00e1sa, \u00e1talakul\u00e1sa, sz\u00e9tv\u00e1l\u00e1sa Sz\u00fcks\u00e9ges iratok: 1. formanyomtatv\u00e1ny<\/p>\n","protected":false},"author":2,"featured_media":16991,"parent":43853,"menu_order":0,"comment_status":"closed","ping_status":"closed","template":"","meta":{"_acf_changed":false,"ep_exclude_from_search":false,"footnotes":""},"class_list":["post-44562","page","type-page","status-publish","has-post-thumbnail","hentry"],"acf":[],"yoast_head":"<!-- This site is optimized with the Yoast SEO plugin v26.6 - https:\/\/yoast.com\/wordpress\/plugins\/seo\/ -->\n<title>Lak\u00f3t\u00e1rsul\u00e1sok - Oradea.ro<\/title>\n<meta name=\"robots\" content=\"index, follow, max-snippet:-1, max-image-preview:large, max-video-preview:-1\" \/>\n<link rel=\"canonical\" href=\"https:\/\/oradea.ro\/hu\/kervenyek-es-formanyomtatvanyok\/lakotarsulasok\/\" \/>\n<meta property=\"og:locale\" content=\"hu_HU\" \/>\n<meta property=\"og:type\" content=\"article\" \/>\n<meta property=\"og:title\" content=\"Lak\u00f3t\u00e1rsul\u00e1sok - Oradea.ro\" \/>\n<meta property=\"og:description\" content=\"Lak\u00f3t\u00e1rsul\u00e1sok Lak\u00f3t\u00e1rsul\u00e1sok Tulajdonosi t\u00e1rsul\u00e1si adatok friss\u00edt\u00e9se Tulajdonosi t\u00e1rsul\u00e1si adatok friss\u00edt\u00e9se Sz\u00fcks\u00e9ges iratok: 1. formanyomtatv\u00e1ny Bizony\u00edtv\u00e1nyok- mag\u00e1nszem\u00e9lyek Bizony\u00edtv\u00e1nyok- jogi szem\u00e9lyek &#8211; Sz\u00fcks\u00e9ges iratok: 1. formanyomtatv\u00e1ny2. \u00d6n\u00e9letrajz (kit\u00f6ltend\u0151 a h\u00e1toldalon);3. Szem\u00e9lyi igazolv\u00e1ny B.I.\/C.I.;4. anyak\u00f6nyvi iratok (sz\u00fclet\u00e9si bizony\u00edtv\u00e1ny \u00e9s h\u00e1zass\u00e1gi bizony\u00edtv\u00e1ny);5. legut\u00f3bb v\u00e9gzett tanulm\u00e1nyok bizony\u00edtv\u00e1nyai;6. Hat\u00f3s\u00e1gi erk\u00f6lcsi bizony\u00edtv\u00e1ny (cazier judiciar)7. Gazdas\u00e1gi bizony\u00edtv\u00e1ny (cazier fiscal)8. t\u00e1rsash\u00e1zi adminisztr\u00e1tori munkak\u00f6r bet\u00f6lt\u00e9s\u00e9re vonatkoz\u00f3 szakmai k\u00e9pz\u00e9si bizony\u00edtv\u00e1ny m\u00e1solata9. 150 lej kifizet\u00e9s\u00e9t igazol\u00f3 nyugta (Piramisb\u00f3l)10. Igazol\u00e1s a h\u00e1ziorvost\u00f3l11.dosszi\u00e9 Tulajdonosi t\u00e1rsul\u00e1sok l\u00e9trehoz\u00e1sa, \u00e1talakul\u00e1sa, sz\u00e9tv\u00e1l\u00e1sa Tulajdonosi t\u00e1rsul\u00e1sok alap\u00edt\u00e1sa, \u00e1talakul\u00e1sa, sz\u00e9tv\u00e1l\u00e1sa Sz\u00fcks\u00e9ges iratok: 1. formanyomtatv\u00e1ny\" \/>\n<meta property=\"og:url\" content=\"https:\/\/oradea.ro\/hu\/kervenyek-es-formanyomtatvanyok\/lakotarsulasok\/\" \/>\n<meta property=\"og:site_name\" content=\"Oradea.ro\" \/>\n<meta property=\"article:modified_time\" content=\"2024-01-24T08:40:15+00:00\" \/>\n<meta property=\"og:image\" content=\"https:\/\/oradea.ro\/wp-content\/uploads\/2023\/10\/home_hero_slide_2-scaled.webp\" \/>\n\t<meta property=\"og:image:width\" content=\"2560\" \/>\n\t<meta property=\"og:image:height\" content=\"1707\" \/>\n\t<meta property=\"og:image:type\" content=\"image\/webp\" \/>\n<meta name=\"twitter:card\" content=\"summary_large_image\" \/>\n<meta name=\"twitter:label1\" content=\"Becs\u00fclt olvas\u00e1si id\u0151\" \/>\n\t<meta name=\"twitter:data1\" content=\"1 perc\" \/>\n<script type=\"application\/ld+json\" class=\"yoast-schema-graph\">{\"@context\":\"https:\/\/schema.org\",\"@graph\":[{\"@type\":\"WebPage\",\"@id\":\"https:\/\/oradea.ro\/hu\/kervenyek-es-formanyomtatvanyok\/lakotarsulasok\/\",\"url\":\"https:\/\/oradea.ro\/hu\/kervenyek-es-formanyomtatvanyok\/lakotarsulasok\/\",\"name\":\"Lak\u00f3t\u00e1rsul\u00e1sok - Oradea.ro\",\"isPartOf\":{\"@id\":\"https:\/\/oradea.ro\/#website\"},\"primaryImageOfPage\":{\"@id\":\"https:\/\/oradea.ro\/hu\/kervenyek-es-formanyomtatvanyok\/lakotarsulasok\/#primaryimage\"},\"image\":{\"@id\":\"https:\/\/oradea.ro\/hu\/kervenyek-es-formanyomtatvanyok\/lakotarsulasok\/#primaryimage\"},\"thumbnailUrl\":\"https:\/\/oradea.ro\/wp-content\/uploads\/2023\/10\/home_hero_slide_2-scaled.webp\",\"datePublished\":\"2023-10-30T13:53:40+00:00\",\"dateModified\":\"2024-01-24T08:40:15+00:00\",\"breadcrumb\":{\"@id\":\"https:\/\/oradea.ro\/hu\/kervenyek-es-formanyomtatvanyok\/lakotarsulasok\/#breadcrumb\"},\"inLanguage\":\"hu\",\"potentialAction\":[{\"@type\":\"ReadAction\",\"target\":[\"https:\/\/oradea.ro\/hu\/kervenyek-es-formanyomtatvanyok\/lakotarsulasok\/\"]}]},{\"@type\":\"ImageObject\",\"inLanguage\":\"hu\",\"@id\":\"https:\/\/oradea.ro\/hu\/kervenyek-es-formanyomtatvanyok\/lakotarsulasok\/#primaryimage\",\"url\":\"https:\/\/oradea.ro\/wp-content\/uploads\/2023\/10\/home_hero_slide_2-scaled.webp\",\"contentUrl\":\"https:\/\/oradea.ro\/wp-content\/uploads\/2023\/10\/home_hero_slide_2-scaled.webp\",\"width\":2560,\"height\":1707},{\"@type\":\"BreadcrumbList\",\"@id\":\"https:\/\/oradea.ro\/hu\/kervenyek-es-formanyomtatvanyok\/lakotarsulasok\/#breadcrumb\",\"itemListElement\":[{\"@type\":\"ListItem\",\"position\":1,\"name\":\"\",\"item\":\"https:\/\/oradea.ro\/hu\/\"},{\"@type\":\"ListItem\",\"position\":2,\"name\":\"K\u00e9rv\u00e9nyek \u00e9s formanyomtatv\u00e1nyok\",\"item\":\"https:\/\/oradea.ro\/hu\/kervenyek-es-formanyomtatvanyok\/\"},{\"@type\":\"ListItem\",\"position\":3,\"name\":\"Lak\u00f3t\u00e1rsul\u00e1sok\"}]},{\"@type\":\"WebSite\",\"@id\":\"https:\/\/oradea.ro\/#website\",\"url\":\"https:\/\/oradea.ro\/\",\"name\":\"Oradea.ro\",\"description\":\"Site-ul oficial al Prim\u0103riei Municipiului Oradea\",\"publisher\":{\"@id\":\"https:\/\/oradea.ro\/#organization\"},\"potentialAction\":[{\"@type\":\"SearchAction\",\"target\":{\"@type\":\"EntryPoint\",\"urlTemplate\":\"https:\/\/oradea.ro\/?s={search_term_string}\"},\"query-input\":{\"@type\":\"PropertyValueSpecification\",\"valueRequired\":true,\"valueName\":\"search_term_string\"}}],\"inLanguage\":\"hu\"},{\"@type\":\"Organization\",\"@id\":\"https:\/\/oradea.ro\/#organization\",\"name\":\"Oradea.ro\",\"url\":\"https:\/\/oradea.ro\/\",\"logo\":{\"@type\":\"ImageObject\",\"inLanguage\":\"hu\",\"@id\":\"https:\/\/oradea.ro\/#\/schema\/logo\/image\/\",\"url\":\"https:\/\/oradea.ro\/wp-content\/uploads\/2023\/06\/footer_logo.svg\",\"contentUrl\":\"https:\/\/oradea.ro\/wp-content\/uploads\/2023\/06\/footer_logo.svg\",\"width\":218,\"height\":53,\"caption\":\"Oradea.ro\"},\"image\":{\"@id\":\"https:\/\/oradea.ro\/#\/schema\/logo\/image\/\"}}]}<\/script>\n<!-- \/ Yoast SEO plugin. -->","yoast_head_json":{"title":"Lak\u00f3t\u00e1rsul\u00e1sok - Oradea.ro","robots":{"index":"index","follow":"follow","max-snippet":"max-snippet:-1","max-image-preview":"max-image-preview:large","max-video-preview":"max-video-preview:-1"},"canonical":"https:\/\/oradea.ro\/hu\/kervenyek-es-formanyomtatvanyok\/lakotarsulasok\/","og_locale":"hu_HU","og_type":"article","og_title":"Lak\u00f3t\u00e1rsul\u00e1sok - Oradea.ro","og_description":"Lak\u00f3t\u00e1rsul\u00e1sok Lak\u00f3t\u00e1rsul\u00e1sok Tulajdonosi t\u00e1rsul\u00e1si adatok friss\u00edt\u00e9se Tulajdonosi t\u00e1rsul\u00e1si adatok friss\u00edt\u00e9se Sz\u00fcks\u00e9ges iratok: 1. formanyomtatv\u00e1ny Bizony\u00edtv\u00e1nyok- mag\u00e1nszem\u00e9lyek Bizony\u00edtv\u00e1nyok- jogi szem\u00e9lyek &#8211; Sz\u00fcks\u00e9ges iratok: 1. formanyomtatv\u00e1ny2. \u00d6n\u00e9letrajz (kit\u00f6ltend\u0151 a h\u00e1toldalon);3. Szem\u00e9lyi igazolv\u00e1ny B.I.\/C.I.;4. anyak\u00f6nyvi iratok (sz\u00fclet\u00e9si bizony\u00edtv\u00e1ny \u00e9s h\u00e1zass\u00e1gi bizony\u00edtv\u00e1ny);5. legut\u00f3bb v\u00e9gzett tanulm\u00e1nyok bizony\u00edtv\u00e1nyai;6. Hat\u00f3s\u00e1gi erk\u00f6lcsi bizony\u00edtv\u00e1ny (cazier judiciar)7. Gazdas\u00e1gi bizony\u00edtv\u00e1ny (cazier fiscal)8. t\u00e1rsash\u00e1zi adminisztr\u00e1tori munkak\u00f6r bet\u00f6lt\u00e9s\u00e9re vonatkoz\u00f3 szakmai k\u00e9pz\u00e9si bizony\u00edtv\u00e1ny m\u00e1solata9. 150 lej kifizet\u00e9s\u00e9t igazol\u00f3 nyugta (Piramisb\u00f3l)10. Igazol\u00e1s a h\u00e1ziorvost\u00f3l11.dosszi\u00e9 Tulajdonosi t\u00e1rsul\u00e1sok l\u00e9trehoz\u00e1sa, \u00e1talakul\u00e1sa, sz\u00e9tv\u00e1l\u00e1sa Tulajdonosi t\u00e1rsul\u00e1sok alap\u00edt\u00e1sa, \u00e1talakul\u00e1sa, sz\u00e9tv\u00e1l\u00e1sa Sz\u00fcks\u00e9ges iratok: 1. formanyomtatv\u00e1ny","og_url":"https:\/\/oradea.ro\/hu\/kervenyek-es-formanyomtatvanyok\/lakotarsulasok\/","og_site_name":"Oradea.ro","article_modified_time":"2024-01-24T08:40:15+00:00","og_image":[{"width":2560,"height":1707,"url":"https:\/\/oradea.ro\/wp-content\/uploads\/2023\/10\/home_hero_slide_2-scaled.webp","type":"image\/webp"}],"twitter_card":"summary_large_image","twitter_misc":{"Becs\u00fclt olvas\u00e1si id\u0151":"1 perc"},"schema":{"@context":"https:\/\/schema.org","@graph":[{"@type":"WebPage","@id":"https:\/\/oradea.ro\/hu\/kervenyek-es-formanyomtatvanyok\/lakotarsulasok\/","url":"https:\/\/oradea.ro\/hu\/kervenyek-es-formanyomtatvanyok\/lakotarsulasok\/","name":"Lak\u00f3t\u00e1rsul\u00e1sok - Oradea.ro","isPartOf":{"@id":"https:\/\/oradea.ro\/#website"},"primaryImageOfPage":{"@id":"https:\/\/oradea.ro\/hu\/kervenyek-es-formanyomtatvanyok\/lakotarsulasok\/#primaryimage"},"image":{"@id":"https:\/\/oradea.ro\/hu\/kervenyek-es-formanyomtatvanyok\/lakotarsulasok\/#primaryimage"},"thumbnailUrl":"https:\/\/oradea.ro\/wp-content\/uploads\/2023\/10\/home_hero_slide_2-scaled.webp","datePublished":"2023-10-30T13:53:40+00:00","dateModified":"2024-01-24T08:40:15+00:00","breadcrumb":{"@id":"https:\/\/oradea.ro\/hu\/kervenyek-es-formanyomtatvanyok\/lakotarsulasok\/#breadcrumb"},"inLanguage":"hu","potentialAction":[{"@type":"ReadAction","target":["https:\/\/oradea.ro\/hu\/kervenyek-es-formanyomtatvanyok\/lakotarsulasok\/"]}]},{"@type":"ImageObject","inLanguage":"hu","@id":"https:\/\/oradea.ro\/hu\/kervenyek-es-formanyomtatvanyok\/lakotarsulasok\/#primaryimage","url":"https:\/\/oradea.ro\/wp-content\/uploads\/2023\/10\/home_hero_slide_2-scaled.webp","contentUrl":"https:\/\/oradea.ro\/wp-content\/uploads\/2023\/10\/home_hero_slide_2-scaled.webp","width":2560,"height":1707},{"@type":"BreadcrumbList","@id":"https:\/\/oradea.ro\/hu\/kervenyek-es-formanyomtatvanyok\/lakotarsulasok\/#breadcrumb","itemListElement":[{"@type":"ListItem","position":1,"name":"","item":"https:\/\/oradea.ro\/hu\/"},{"@type":"ListItem","position":2,"name":"K\u00e9rv\u00e9nyek \u00e9s formanyomtatv\u00e1nyok","item":"https:\/\/oradea.ro\/hu\/kervenyek-es-formanyomtatvanyok\/"},{"@type":"ListItem","position":3,"name":"Lak\u00f3t\u00e1rsul\u00e1sok"}]},{"@type":"WebSite","@id":"https:\/\/oradea.ro\/#website","url":"https:\/\/oradea.ro\/","name":"Oradea.ro","description":"Site-ul oficial al Prim\u0103riei Municipiului Oradea","publisher":{"@id":"https:\/\/oradea.ro\/#organization"},"potentialAction":[{"@type":"SearchAction","target":{"@type":"EntryPoint","urlTemplate":"https:\/\/oradea.ro\/?s={search_term_string}"},"query-input":{"@type":"PropertyValueSpecification","valueRequired":true,"valueName":"search_term_string"}}],"inLanguage":"hu"},{"@type":"Organization","@id":"https:\/\/oradea.ro\/#organization","name":"Oradea.ro","url":"https:\/\/oradea.ro\/","logo":{"@type":"ImageObject","inLanguage":"hu","@id":"https:\/\/oradea.ro\/#\/schema\/logo\/image\/","url":"https:\/\/oradea.ro\/wp-content\/uploads\/2023\/06\/footer_logo.svg","contentUrl":"https:\/\/oradea.ro\/wp-content\/uploads\/2023\/06\/footer_logo.svg","width":218,"height":53,"caption":"Oradea.ro"},"image":{"@id":"https:\/\/oradea.ro\/#\/schema\/logo\/image\/"}}]}},"publishpress_future_action":{"enabled":false,"date":"2026-05-04 01:26:34","action":"change-status","newStatus":"draft","terms":[],"taxonomy":"translation_priority","extraData":[]},"publishpress_future_workflow_manual_trigger":{"enabledWorkflows":[]},"_links":{"self":[{"href":"https:\/\/oradea.ro\/hu\/wp-json\/wp\/v2\/pages\/44562","targetHints":{"allow":["GET"]}}],"collection":[{"href":"https:\/\/oradea.ro\/hu\/wp-json\/wp\/v2\/pages"}],"about":[{"href":"https:\/\/oradea.ro\/hu\/wp-json\/wp\/v2\/types\/page"}],"author":[{"embeddable":true,"href":"https:\/\/oradea.ro\/hu\/wp-json\/wp\/v2\/users\/2"}],"replies":[{"embeddable":true,"href":"https:\/\/oradea.ro\/hu\/wp-json\/wp\/v2\/comments?post=44562"}],"version-history":[{"count":7,"href":"https:\/\/oradea.ro\/hu\/wp-json\/wp\/v2\/pages\/44562\/revisions"}],"predecessor-version":[{"id":199991,"href":"https:\/\/oradea.ro\/hu\/wp-json\/wp\/v2\/pages\/44562\/revisions\/199991"}],"up":[{"embeddable":true,"href":"https:\/\/oradea.ro\/hu\/wp-json\/wp\/v2\/pages\/43853"}],"wp:featuredmedia":[{"embeddable":true,"href":"https:\/\/oradea.ro\/hu\/wp-json\/wp\/v2\/media\/16991"}],"wp:attachment":[{"href":"https:\/\/oradea.ro\/hu\/wp-json\/wp\/v2\/media?parent=44562"}],"curies":[{"name":"wp","href":"https:\/\/api.w.org\/{rel}","templated":true}]}}