{"id":45378,"date":"2023-10-30T15:57:45","date_gmt":"2023-10-30T15:57:45","guid":{"rendered":"https:\/\/oradea.ro\/kervenyek-es-formanyomtatvanyok\/ugyintezes\/"},"modified":"2024-01-24T08:41:14","modified_gmt":"2024-01-24T08:41:14","slug":"ugyintezes","status":"publish","type":"page","link":"https:\/\/oradea.ro\/hu\/kervenyek-es-formanyomtatvanyok\/ugyintezes\/","title":{"rendered":"\u00dcgyint\u00e9z\u00e9s"},"content":{"rendered":"<div class=\"min-w-[100vw] h-[350px] md:h-[500px] ml-[calc(50%-50vw)] flex items-end bg-no-repeat bg-white bg-cover bg-center px-5\" style=\"background-image: url(https:\/\/oradea.ro\/wp-content\/uploads\/2023\/10\/home_hero_slide_2-scaled.webp);\">\r\n                    <div class=\"w-full max-w-7xl mx-auto mb-6\">\r\n                        <h1 class=\"my-0 text-white font-extrabold font-open-sans text-3xl md:text-6xl [text-shadow:_0_1px_4px_rgb(0_0_0_\/_50%)]\">\u00dcgyint\u00e9z\u00e9s<\/h1>\r\n                    <\/div>\r\n                <\/div><div class=\"!px-5\"><div class=\"breadcrumbs w-full max-w-7xl mx-auto grid md:flex flex-wrap items-center py-4 test\"><div><a href=\"https:\/\/oradea.ro\/hu\/\"><span class=\"fas fa-home text-[#ABAEB3]\"><\/span><\/a><span class=\"md:hidden\"><span class=\"fas fa-chevron-down mx-5 text-xs text-[#ABAEB3] hover:text-black\/50 transition-all\"><\/span><\/span><span class=\"hidden md:inline\"><span class=\"fas fa-chevron-right mx-5 text-xs text-[#ABAEB3] hover:text-black\/50 transition-all\"><\/span><\/span><\/div><span class=\"font-poppins font-semibold uppercase text-black\/60\">\u00dcgyint\u00e9z\u00e9s<\/span><\/div><\/div>\t\t<div data-elementor-type=\"wp-page\" data-elementor-id=\"45378\" class=\"elementor elementor-45378 elementor-24493\" data-elementor-post-type=\"page\">\n\t\t\t\t<div class=\"elementor-element elementor-element-9396fb7 e-flex e-con-boxed wpr-particle-no wpr-jarallax-no wpr-parallax-no wpr-sticky-section-no e-con e-parent\" data-id=\"9396fb7\" data-element_type=\"container\">\n\t\t\t\t\t<div class=\"e-con-inner\">\n\t\t\t\t<div class=\"elementor-element elementor-element-2402cc5 elementor-widget__width-initial wpr-advanced-accordion-icon-side-box elementor-widget elementor-widget-wpr-advanced-accordion\" data-id=\"2402cc5\" data-element_type=\"widget\" data-settings=\"{&quot;active_item&quot;:0}\" data-widget_type=\"wpr-advanced-accordion.default\">\n\t\t\t\t<div class=\"elementor-widget-container\">\n\t\t\t\t\t\n            <div class=\"wpr-advanced-accordion\" data-accordion-type=\"accordion\" data-active-index=\"0\" data-accordion-trigger=\"click\" data-interaction-speed=\"0.4\">\n\n\t\t\t\n                \n\t\t\t\t\t<div class=\"wpr-accordion-item-wrap\">\n\t\t\t\t\t\t<button class=\"wpr-acc-button\">\n\t\t\t\t\t\t\t<span class=\"wpr-acc-item-title\">\n\t\t\t\t\t\t\t\t\t\t\t\t\t\t\t\t\t<div class=\"wpr-acc-icon-box\">\n\t\t\t\t\t\t\t\t\t\t\t\t\t\t<span class=\"wpr-title-icon\">\n\t\t\t\t\t<i aria-hidden=\"true\" class=\"fas fa-info\"><\/i>\t\t\t\t<\/span>\n\t\t\t\t\t\t\t\t\t\t\t\t<\/div>\n\t\t\t\t\t\t\t\t\n\t\t\t\t\t\t\t\t<span class=\"wpr-acc-title-text\">Szolg\u00e1lati id\u0151re vonatkoz\u00f3 igazol\u00e1s- k\u00e9rv\u00e9ny<\/span>\n\t\t\t\t\t\t\t<\/span>\n\t\t\t\t\t\t\t\t\t\t\t<span class=\"wpr-toggle-icon wpr-ti-close\"><i aria-hidden=\"true\" class=\"fas fa-plus\"><\/i><\/span>\n\t\t\t\t<span class=\"wpr-toggle-icon wpr-ti-open\"><i aria-hidden=\"true\" class=\"fas fa-minus\"><\/i><\/span>\n\t\t\t\t\t\t\t\t\t<\/button>\n\n\t\t\t\t\t\t<div class=\"wpr-acc-panel\">\n\t\t\t\t\t\t\t\t\t\t\t\t\t\t\t<div class=\"wpr-acc-panel-content\"><p><a href=\"https:\/\/oradea.ro\/wp-content\/uploads\/2023\/10\/Cerere-adeverinta-pentru-vechimea-in-munca.pdf\" target=\"_blank\" rel=\"noopener\">Szolg\u00e1lati id\u0151re vonatkoz\u00f3 igazol\u00e1s - k\u00e9rv\u00e9ny, megnyit\u00e1s PDF-ben<\/a><\/p><p><strong>Sz\u00fcks\u00e9ges iratok: <\/strong><\/p><p>1. k\u00e9rv\u00e9ny<\/p><\/div>\n\t\t\t\t\t\t\t\t\t\t\t\t\t<\/div>\n                    <\/div>\n\n                \n\t\t\t\t\t<div class=\"wpr-accordion-item-wrap\">\n\t\t\t\t\t\t<button class=\"wpr-acc-button\">\n\t\t\t\t\t\t\t<span class=\"wpr-acc-item-title\">\n\t\t\t\t\t\t\t\t\t\t\t\t\t\t\t\t\t<div class=\"wpr-acc-icon-box\">\n\t\t\t\t\t\t\t\t\t\t\t\t\t\t<span class=\"wpr-title-icon\">\n\t\t\t\t\t<i aria-hidden=\"true\" class=\"fas fa-info\"><\/i>\t\t\t\t<\/span>\n\t\t\t\t\t\t\t\t\t\t\t\t<\/div>\n\t\t\t\t\t\t\t\t\n\t\t\t\t\t\t\t\t<span class=\"wpr-acc-title-text\">Nyilv\u00e1nos inform\u00e1ci\u00f3kra vonatkoz\u00f3 k\u00e9relem<\/span>\n\t\t\t\t\t\t\t<\/span>\n\t\t\t\t\t\t\t\t\t\t\t<span class=\"wpr-toggle-icon wpr-ti-close\"><i aria-hidden=\"true\" class=\"fas fa-plus\"><\/i><\/span>\n\t\t\t\t<span class=\"wpr-toggle-icon wpr-ti-open\"><i aria-hidden=\"true\" class=\"fas fa-minus\"><\/i><\/span>\n\t\t\t\t\t\t\t\t\t<\/button>\n\n\t\t\t\t\t\t<div class=\"wpr-acc-panel\">\n\t\t\t\t\t\t\t\t\t\t\t\t\t\t\t<div class=\"wpr-acc-panel-content\"><p><a href=\"https:\/\/oradea.ro\/wp-content\/uploads\/2023\/10\/Cerere-furnizare-informatii-publice.pdf\" target=\"_blank\" rel=\"noopener\">Nyilv\u00e1nos inform\u00e1ci\u00f3kra vonatkoz\u00f3 k\u00e9relem - megnyit\u00e1s PDF-ben<\/a><\/p><p><strong>Sz\u00fcks\u00e9ges iratok:<\/strong><\/p><p>1. formanyomtatv\u00e1ny<\/p><\/div>\n\t\t\t\t\t\t\t\t\t\t\t\t\t<\/div>\n                    <\/div>\n\n                \n\t\t\t\t\t<div class=\"wpr-accordion-item-wrap\">\n\t\t\t\t\t\t<button class=\"wpr-acc-button\">\n\t\t\t\t\t\t\t<span class=\"wpr-acc-item-title\">\n\t\t\t\t\t\t\t\t\t\t\t\t\t\t\t\t\t<div class=\"wpr-acc-icon-box\">\n\t\t\t\t\t\t\t\t\t\t\t\t\t\t<span class=\"wpr-title-icon\">\n\t\t\t\t\t<i aria-hidden=\"true\" class=\"fas fa-info\"><\/i>\t\t\t\t<\/span>\n\t\t\t\t\t\t\t\t\t\t\t\t<\/div>\n\t\t\t\t\t\t\t\t\n\t\t\t\t\t\t\t\t<span class=\"wpr-acc-title-text\">K\u00f6zigazgat\u00e1si panasz 544. sz. t\u00f6rv\u00e9ny<\/span>\n\t\t\t\t\t\t\t<\/span>\n\t\t\t\t\t\t\t\t\t\t\t<span class=\"wpr-toggle-icon wpr-ti-close\"><i aria-hidden=\"true\" class=\"fas fa-plus\"><\/i><\/span>\n\t\t\t\t<span class=\"wpr-toggle-icon wpr-ti-open\"><i aria-hidden=\"true\" class=\"fas fa-minus\"><\/i><\/span>\n\t\t\t\t\t\t\t\t\t<\/button>\n\n\t\t\t\t\t\t<div class=\"wpr-acc-panel\">\n\t\t\t\t\t\t\t\t\t\t\t\t\t\t\t<div class=\"wpr-acc-panel-content\"><p><a href=\"https:\/\/oradea.ro\/wp-content\/uploads\/2023\/10\/Reclamatie-administrativa-Legea-nr.-544-1.pdf\" target=\"_blank\" rel=\"noopener\">K\u00f6zigazgat\u00e1si panasz 544-1. sz. t\u00f6rv\u00e9ny - megnyit\u00e1s PDF-ben<\/a><\/p><p><a href=\"https:\/\/oradea.ro\/wp-content\/uploads\/2023\/10\/Reclamatie-administrativa-Legea-nr.-544-2.pdf\" target=\"_blank\" rel=\"noopener\">K\u00f6zigazgat\u00e1si panasz 544-2. sz. t\u00f6rv\u00e9ny - megnyit\u00e1s PDF-ben<\/a><\/p><p><strong>Sz\u00fcks\u00e9ges iratok:<\/strong><\/p><p>1. szabv\u00e1nyos panasz<\/p><\/div>\n\t\t\t\t\t\t\t\t\t\t\t\t\t<\/div>\n                    <\/div>\n\n                \n\t\t\t\t\t<div class=\"wpr-accordion-item-wrap\">\n\t\t\t\t\t\t<button class=\"wpr-acc-button\">\n\t\t\t\t\t\t\t<span class=\"wpr-acc-item-title\">\n\t\t\t\t\t\t\t\t\t\t\t\t\t\t\t\t\t<div class=\"wpr-acc-icon-box\">\n\t\t\t\t\t\t\t\t\t\t\t\t\t\t<span class=\"wpr-title-icon\">\n\t\t\t\t\t<i aria-hidden=\"true\" class=\"fas fa-info\"><\/i>\t\t\t\t<\/span>\n\t\t\t\t\t\t\t\t\t\t\t\t<\/div>\n\t\t\t\t\t\t\t\t\n\t\t\t\t\t\t\t\t<span class=\"wpr-acc-title-text\">Dokumentumok k\u00e9r\u00e9se az arch\u00edvumb\u00f3l<\/span>\n\t\t\t\t\t\t\t<\/span>\n\t\t\t\t\t\t\t\t\t\t\t<span class=\"wpr-toggle-icon wpr-ti-close\"><i aria-hidden=\"true\" class=\"fas fa-plus\"><\/i><\/span>\n\t\t\t\t<span class=\"wpr-toggle-icon wpr-ti-open\"><i aria-hidden=\"true\" class=\"fas fa-minus\"><\/i><\/span>\n\t\t\t\t\t\t\t\t\t<\/button>\n\n\t\t\t\t\t\t<div class=\"wpr-acc-panel\">\n\t\t\t\t\t\t\t\t\t\t\t\t\t\t\t<div class=\"wpr-acc-panel-content\"><p><a href=\"https:\/\/oradea.ro\/wp-content\/uploads\/2023\/10\/Solicitare-documente-din-arhiva.pdf\" target=\"_blank\" rel=\"noopener\">Dokumentumok k\u00e9r\u00e9se az arch\u00edvumb\u00f3l - megnyit\u00e1s PDF-ben<\/a><\/p><p><strong>Sz\u00fcks\u00e9ges iratok:<\/strong><\/p><p>1. formanyomtatv\u00e1ny<br>2. szem\u00e9lyi igazolv\u00e1ny <br>3. illet\u00e9k<\/p><\/div>\n\t\t\t\t\t\t\t\t\t\t\t\t\t<\/div>\n                    <\/div>\n\n                            <\/div>\n        \t\t\t\t<\/div>\n\t\t\t\t<\/div>\n\t\t\t\t\t<\/div>\n\t\t\t\t<\/div>\n\t\t\t\t<\/div>\n\t\t","protected":false},"excerpt":{"rendered":"<p>\u00dcgyint\u00e9z\u00e9s \u00dcgyint\u00e9z\u00e9s Szolg\u00e1lati id\u0151re vonatkoz\u00f3 igazol\u00e1s- k\u00e9rv\u00e9ny Szolg\u00e1lati id\u0151re vonatkoz\u00f3 igazol\u00e1s &#8211; k\u00e9rv\u00e9ny, megnyit\u00e1s PDF-ben Sz\u00fcks\u00e9ges iratok: 1. k\u00e9rv\u00e9ny Nyilv\u00e1nos inform\u00e1ci\u00f3kra vonatkoz\u00f3 k\u00e9relem Nyilv\u00e1nos inform\u00e1ci\u00f3kra vonatkoz\u00f3 k\u00e9relem &#8211; megnyit\u00e1s PDF-ben Sz\u00fcks\u00e9ges iratok: 1. formanyomtatv\u00e1ny K\u00f6zigazgat\u00e1si panasz 544. sz. t\u00f6rv\u00e9ny K\u00f6zigazgat\u00e1si panasz 544-1. sz. t\u00f6rv\u00e9ny &#8211; megnyit\u00e1s PDF-ben K\u00f6zigazgat\u00e1si panasz 544-2. sz. t\u00f6rv\u00e9ny &#8211; megnyit\u00e1s PDF-ben Sz\u00fcks\u00e9ges iratok: 1. szabv\u00e1nyos panasz Dokumentumok k\u00e9r\u00e9se az arch\u00edvumb\u00f3l Dokumentumok k\u00e9r\u00e9se az arch\u00edvumb\u00f3l &#8211; megnyit\u00e1s PDF-ben Sz\u00fcks\u00e9ges iratok: 1. formanyomtatv\u00e1ny2. szem\u00e9lyi igazolv\u00e1ny 3. illet\u00e9k<\/p>\n","protected":false},"author":2,"featured_media":16991,"parent":43853,"menu_order":0,"comment_status":"closed","ping_status":"closed","template":"","meta":{"_acf_changed":false,"ep_exclude_from_search":false,"footnotes":""},"class_list":["post-45378","page","type-page","status-publish","has-post-thumbnail","hentry"],"acf":[],"yoast_head":"<!-- This site is optimized with the Yoast SEO plugin v26.6 - https:\/\/yoast.com\/wordpress\/plugins\/seo\/ -->\n<title>\u00dcgyint\u00e9z\u00e9s - Oradea.ro<\/title>\n<meta name=\"robots\" content=\"index, follow, max-snippet:-1, max-image-preview:large, max-video-preview:-1\" \/>\n<link rel=\"canonical\" href=\"https:\/\/oradea.ro\/hu\/kervenyek-es-formanyomtatvanyok\/ugyintezes\/\" \/>\n<meta property=\"og:locale\" content=\"hu_HU\" \/>\n<meta property=\"og:type\" content=\"article\" \/>\n<meta property=\"og:title\" content=\"\u00dcgyint\u00e9z\u00e9s - Oradea.ro\" \/>\n<meta property=\"og:description\" content=\"\u00dcgyint\u00e9z\u00e9s \u00dcgyint\u00e9z\u00e9s Szolg\u00e1lati id\u0151re vonatkoz\u00f3 igazol\u00e1s- k\u00e9rv\u00e9ny Szolg\u00e1lati id\u0151re vonatkoz\u00f3 igazol\u00e1s &#8211; k\u00e9rv\u00e9ny, megnyit\u00e1s PDF-ben Sz\u00fcks\u00e9ges iratok: 1. k\u00e9rv\u00e9ny Nyilv\u00e1nos inform\u00e1ci\u00f3kra vonatkoz\u00f3 k\u00e9relem Nyilv\u00e1nos inform\u00e1ci\u00f3kra vonatkoz\u00f3 k\u00e9relem &#8211; megnyit\u00e1s PDF-ben Sz\u00fcks\u00e9ges iratok: 1. formanyomtatv\u00e1ny K\u00f6zigazgat\u00e1si panasz 544. sz. t\u00f6rv\u00e9ny K\u00f6zigazgat\u00e1si panasz 544-1. sz. t\u00f6rv\u00e9ny &#8211; megnyit\u00e1s PDF-ben K\u00f6zigazgat\u00e1si panasz 544-2. sz. t\u00f6rv\u00e9ny &#8211; megnyit\u00e1s PDF-ben Sz\u00fcks\u00e9ges iratok: 1. szabv\u00e1nyos panasz Dokumentumok k\u00e9r\u00e9se az arch\u00edvumb\u00f3l Dokumentumok k\u00e9r\u00e9se az arch\u00edvumb\u00f3l &#8211; megnyit\u00e1s PDF-ben Sz\u00fcks\u00e9ges iratok: 1. formanyomtatv\u00e1ny2. szem\u00e9lyi igazolv\u00e1ny 3. illet\u00e9k\" \/>\n<meta property=\"og:url\" content=\"https:\/\/oradea.ro\/hu\/kervenyek-es-formanyomtatvanyok\/ugyintezes\/\" \/>\n<meta property=\"og:site_name\" content=\"Oradea.ro\" \/>\n<meta property=\"article:modified_time\" content=\"2024-01-24T08:41:14+00:00\" \/>\n<meta property=\"og:image\" content=\"https:\/\/oradea.ro\/wp-content\/uploads\/2023\/10\/home_hero_slide_2-scaled.webp\" \/>\n\t<meta property=\"og:image:width\" content=\"2560\" \/>\n\t<meta property=\"og:image:height\" content=\"1707\" \/>\n\t<meta property=\"og:image:type\" content=\"image\/webp\" \/>\n<meta name=\"twitter:card\" content=\"summary_large_image\" \/>\n<meta name=\"twitter:label1\" content=\"Becs\u00fclt olvas\u00e1si id\u0151\" \/>\n\t<meta name=\"twitter:data1\" content=\"1 perc\" \/>\n<script type=\"application\/ld+json\" class=\"yoast-schema-graph\">{\"@context\":\"https:\/\/schema.org\",\"@graph\":[{\"@type\":\"WebPage\",\"@id\":\"https:\/\/oradea.ro\/hu\/kervenyek-es-formanyomtatvanyok\/ugyintezes\/\",\"url\":\"https:\/\/oradea.ro\/hu\/kervenyek-es-formanyomtatvanyok\/ugyintezes\/\",\"name\":\"\u00dcgyint\u00e9z\u00e9s - Oradea.ro\",\"isPartOf\":{\"@id\":\"https:\/\/oradea.ro\/#website\"},\"primaryImageOfPage\":{\"@id\":\"https:\/\/oradea.ro\/hu\/kervenyek-es-formanyomtatvanyok\/ugyintezes\/#primaryimage\"},\"image\":{\"@id\":\"https:\/\/oradea.ro\/hu\/kervenyek-es-formanyomtatvanyok\/ugyintezes\/#primaryimage\"},\"thumbnailUrl\":\"https:\/\/oradea.ro\/wp-content\/uploads\/2023\/10\/home_hero_slide_2-scaled.webp\",\"datePublished\":\"2023-10-30T15:57:45+00:00\",\"dateModified\":\"2024-01-24T08:41:14+00:00\",\"breadcrumb\":{\"@id\":\"https:\/\/oradea.ro\/hu\/kervenyek-es-formanyomtatvanyok\/ugyintezes\/#breadcrumb\"},\"inLanguage\":\"hu\",\"potentialAction\":[{\"@type\":\"ReadAction\",\"target\":[\"https:\/\/oradea.ro\/hu\/kervenyek-es-formanyomtatvanyok\/ugyintezes\/\"]}]},{\"@type\":\"ImageObject\",\"inLanguage\":\"hu\",\"@id\":\"https:\/\/oradea.ro\/hu\/kervenyek-es-formanyomtatvanyok\/ugyintezes\/#primaryimage\",\"url\":\"https:\/\/oradea.ro\/wp-content\/uploads\/2023\/10\/home_hero_slide_2-scaled.webp\",\"contentUrl\":\"https:\/\/oradea.ro\/wp-content\/uploads\/2023\/10\/home_hero_slide_2-scaled.webp\",\"width\":2560,\"height\":1707},{\"@type\":\"BreadcrumbList\",\"@id\":\"https:\/\/oradea.ro\/hu\/kervenyek-es-formanyomtatvanyok\/ugyintezes\/#breadcrumb\",\"itemListElement\":[{\"@type\":\"ListItem\",\"position\":1,\"name\":\"\",\"item\":\"https:\/\/oradea.ro\/hu\/\"},{\"@type\":\"ListItem\",\"position\":2,\"name\":\"K\u00e9rv\u00e9nyek \u00e9s formanyomtatv\u00e1nyok\",\"item\":\"https:\/\/oradea.ro\/hu\/kervenyek-es-formanyomtatvanyok\/\"},{\"@type\":\"ListItem\",\"position\":3,\"name\":\"\u00dcgyint\u00e9z\u00e9s\"}]},{\"@type\":\"WebSite\",\"@id\":\"https:\/\/oradea.ro\/#website\",\"url\":\"https:\/\/oradea.ro\/\",\"name\":\"Oradea.ro\",\"description\":\"Site-ul oficial al Prim\u0103riei Municipiului Oradea\",\"publisher\":{\"@id\":\"https:\/\/oradea.ro\/#organization\"},\"potentialAction\":[{\"@type\":\"SearchAction\",\"target\":{\"@type\":\"EntryPoint\",\"urlTemplate\":\"https:\/\/oradea.ro\/?s={search_term_string}\"},\"query-input\":{\"@type\":\"PropertyValueSpecification\",\"valueRequired\":true,\"valueName\":\"search_term_string\"}}],\"inLanguage\":\"hu\"},{\"@type\":\"Organization\",\"@id\":\"https:\/\/oradea.ro\/#organization\",\"name\":\"Oradea.ro\",\"url\":\"https:\/\/oradea.ro\/\",\"logo\":{\"@type\":\"ImageObject\",\"inLanguage\":\"hu\",\"@id\":\"https:\/\/oradea.ro\/#\/schema\/logo\/image\/\",\"url\":\"https:\/\/oradea.ro\/wp-content\/uploads\/2023\/06\/footer_logo.svg\",\"contentUrl\":\"https:\/\/oradea.ro\/wp-content\/uploads\/2023\/06\/footer_logo.svg\",\"width\":218,\"height\":53,\"caption\":\"Oradea.ro\"},\"image\":{\"@id\":\"https:\/\/oradea.ro\/#\/schema\/logo\/image\/\"}}]}<\/script>\n<!-- \/ Yoast SEO plugin. -->","yoast_head_json":{"title":"\u00dcgyint\u00e9z\u00e9s - Oradea.ro","robots":{"index":"index","follow":"follow","max-snippet":"max-snippet:-1","max-image-preview":"max-image-preview:large","max-video-preview":"max-video-preview:-1"},"canonical":"https:\/\/oradea.ro\/hu\/kervenyek-es-formanyomtatvanyok\/ugyintezes\/","og_locale":"hu_HU","og_type":"article","og_title":"\u00dcgyint\u00e9z\u00e9s - Oradea.ro","og_description":"\u00dcgyint\u00e9z\u00e9s \u00dcgyint\u00e9z\u00e9s Szolg\u00e1lati id\u0151re vonatkoz\u00f3 igazol\u00e1s- k\u00e9rv\u00e9ny Szolg\u00e1lati id\u0151re vonatkoz\u00f3 igazol\u00e1s &#8211; k\u00e9rv\u00e9ny, megnyit\u00e1s PDF-ben Sz\u00fcks\u00e9ges iratok: 1. k\u00e9rv\u00e9ny Nyilv\u00e1nos inform\u00e1ci\u00f3kra vonatkoz\u00f3 k\u00e9relem Nyilv\u00e1nos inform\u00e1ci\u00f3kra vonatkoz\u00f3 k\u00e9relem &#8211; megnyit\u00e1s PDF-ben Sz\u00fcks\u00e9ges iratok: 1. formanyomtatv\u00e1ny K\u00f6zigazgat\u00e1si panasz 544. sz. t\u00f6rv\u00e9ny K\u00f6zigazgat\u00e1si panasz 544-1. sz. t\u00f6rv\u00e9ny &#8211; megnyit\u00e1s PDF-ben K\u00f6zigazgat\u00e1si panasz 544-2. sz. t\u00f6rv\u00e9ny &#8211; megnyit\u00e1s PDF-ben Sz\u00fcks\u00e9ges iratok: 1. szabv\u00e1nyos panasz Dokumentumok k\u00e9r\u00e9se az arch\u00edvumb\u00f3l Dokumentumok k\u00e9r\u00e9se az arch\u00edvumb\u00f3l &#8211; megnyit\u00e1s PDF-ben Sz\u00fcks\u00e9ges iratok: 1. formanyomtatv\u00e1ny2. szem\u00e9lyi igazolv\u00e1ny 3. illet\u00e9k","og_url":"https:\/\/oradea.ro\/hu\/kervenyek-es-formanyomtatvanyok\/ugyintezes\/","og_site_name":"Oradea.ro","article_modified_time":"2024-01-24T08:41:14+00:00","og_image":[{"width":2560,"height":1707,"url":"https:\/\/oradea.ro\/wp-content\/uploads\/2023\/10\/home_hero_slide_2-scaled.webp","type":"image\/webp"}],"twitter_card":"summary_large_image","twitter_misc":{"Becs\u00fclt olvas\u00e1si id\u0151":"1 perc"},"schema":{"@context":"https:\/\/schema.org","@graph":[{"@type":"WebPage","@id":"https:\/\/oradea.ro\/hu\/kervenyek-es-formanyomtatvanyok\/ugyintezes\/","url":"https:\/\/oradea.ro\/hu\/kervenyek-es-formanyomtatvanyok\/ugyintezes\/","name":"\u00dcgyint\u00e9z\u00e9s - Oradea.ro","isPartOf":{"@id":"https:\/\/oradea.ro\/#website"},"primaryImageOfPage":{"@id":"https:\/\/oradea.ro\/hu\/kervenyek-es-formanyomtatvanyok\/ugyintezes\/#primaryimage"},"image":{"@id":"https:\/\/oradea.ro\/hu\/kervenyek-es-formanyomtatvanyok\/ugyintezes\/#primaryimage"},"thumbnailUrl":"https:\/\/oradea.ro\/wp-content\/uploads\/2023\/10\/home_hero_slide_2-scaled.webp","datePublished":"2023-10-30T15:57:45+00:00","dateModified":"2024-01-24T08:41:14+00:00","breadcrumb":{"@id":"https:\/\/oradea.ro\/hu\/kervenyek-es-formanyomtatvanyok\/ugyintezes\/#breadcrumb"},"inLanguage":"hu","potentialAction":[{"@type":"ReadAction","target":["https:\/\/oradea.ro\/hu\/kervenyek-es-formanyomtatvanyok\/ugyintezes\/"]}]},{"@type":"ImageObject","inLanguage":"hu","@id":"https:\/\/oradea.ro\/hu\/kervenyek-es-formanyomtatvanyok\/ugyintezes\/#primaryimage","url":"https:\/\/oradea.ro\/wp-content\/uploads\/2023\/10\/home_hero_slide_2-scaled.webp","contentUrl":"https:\/\/oradea.ro\/wp-content\/uploads\/2023\/10\/home_hero_slide_2-scaled.webp","width":2560,"height":1707},{"@type":"BreadcrumbList","@id":"https:\/\/oradea.ro\/hu\/kervenyek-es-formanyomtatvanyok\/ugyintezes\/#breadcrumb","itemListElement":[{"@type":"ListItem","position":1,"name":"","item":"https:\/\/oradea.ro\/hu\/"},{"@type":"ListItem","position":2,"name":"K\u00e9rv\u00e9nyek \u00e9s formanyomtatv\u00e1nyok","item":"https:\/\/oradea.ro\/hu\/kervenyek-es-formanyomtatvanyok\/"},{"@type":"ListItem","position":3,"name":"\u00dcgyint\u00e9z\u00e9s"}]},{"@type":"WebSite","@id":"https:\/\/oradea.ro\/#website","url":"https:\/\/oradea.ro\/","name":"Oradea.ro","description":"Site-ul oficial al Prim\u0103riei Municipiului Oradea","publisher":{"@id":"https:\/\/oradea.ro\/#organization"},"potentialAction":[{"@type":"SearchAction","target":{"@type":"EntryPoint","urlTemplate":"https:\/\/oradea.ro\/?s={search_term_string}"},"query-input":{"@type":"PropertyValueSpecification","valueRequired":true,"valueName":"search_term_string"}}],"inLanguage":"hu"},{"@type":"Organization","@id":"https:\/\/oradea.ro\/#organization","name":"Oradea.ro","url":"https:\/\/oradea.ro\/","logo":{"@type":"ImageObject","inLanguage":"hu","@id":"https:\/\/oradea.ro\/#\/schema\/logo\/image\/","url":"https:\/\/oradea.ro\/wp-content\/uploads\/2023\/06\/footer_logo.svg","contentUrl":"https:\/\/oradea.ro\/wp-content\/uploads\/2023\/06\/footer_logo.svg","width":218,"height":53,"caption":"Oradea.ro"},"image":{"@id":"https:\/\/oradea.ro\/#\/schema\/logo\/image\/"}}]}},"publishpress_future_action":{"enabled":false,"date":"2026-04-20 15:20:21","action":"change-status","newStatus":"draft","terms":[],"taxonomy":"translation_priority","extraData":[]},"publishpress_future_workflow_manual_trigger":{"enabledWorkflows":[]},"_links":{"self":[{"href":"https:\/\/oradea.ro\/hu\/wp-json\/wp\/v2\/pages\/45378","targetHints":{"allow":["GET"]}}],"collection":[{"href":"https:\/\/oradea.ro\/hu\/wp-json\/wp\/v2\/pages"}],"about":[{"href":"https:\/\/oradea.ro\/hu\/wp-json\/wp\/v2\/types\/page"}],"author":[{"embeddable":true,"href":"https:\/\/oradea.ro\/hu\/wp-json\/wp\/v2\/users\/2"}],"replies":[{"embeddable":true,"href":"https:\/\/oradea.ro\/hu\/wp-json\/wp\/v2\/comments?post=45378"}],"version-history":[{"count":2,"href":"https:\/\/oradea.ro\/hu\/wp-json\/wp\/v2\/pages\/45378\/revisions"}],"predecessor-version":[{"id":200023,"href":"https:\/\/oradea.ro\/hu\/wp-json\/wp\/v2\/pages\/45378\/revisions\/200023"}],"up":[{"embeddable":true,"href":"https:\/\/oradea.ro\/hu\/wp-json\/wp\/v2\/pages\/43853"}],"wp:featuredmedia":[{"embeddable":true,"href":"https:\/\/oradea.ro\/hu\/wp-json\/wp\/v2\/media\/16991"}],"wp:attachment":[{"href":"https:\/\/oradea.ro\/hu\/wp-json\/wp\/v2\/media?parent=45378"}],"curies":[{"name":"wp","href":"https:\/\/api.w.org\/{rel}","templated":true}]}}