{"id":45426,"date":"2023-10-30T15:55:04","date_gmt":"2023-10-30T15:55:04","guid":{"rendered":"https:\/\/oradea.ro\/kervenyek-es-formanyomtatvanyok\/zoldteruletek\/"},"modified":"2024-01-24T08:40:25","modified_gmt":"2024-01-24T08:40:25","slug":"zoldteruletek","status":"publish","type":"page","link":"https:\/\/oradea.ro\/hu\/kervenyek-es-formanyomtatvanyok\/zoldteruletek\/","title":{"rendered":"Z\u00f6ldter\u00fcletek"},"content":{"rendered":"<div class=\"min-w-[100vw] h-[350px] md:h-[500px] ml-[calc(50%-50vw)] flex items-end bg-no-repeat bg-white bg-cover bg-center px-5\" style=\"background-image: url(https:\/\/oradea.ro\/wp-content\/uploads\/2023\/10\/home_hero_slide_2-scaled.webp);\">\r\n                    <div class=\"w-full max-w-7xl mx-auto mb-6\">\r\n                        <h1 class=\"my-0 text-white font-extrabold font-open-sans text-3xl md:text-6xl [text-shadow:_0_1px_4px_rgb(0_0_0_\/_50%)]\">Z\u00f6ldter\u00fcletek<\/h1>\r\n                    <\/div>\r\n                <\/div><div class=\"!px-5\"><div class=\"breadcrumbs w-full max-w-7xl mx-auto grid md:flex flex-wrap items-center py-4 test\"><div><a href=\"https:\/\/oradea.ro\/hu\/\"><span class=\"fas fa-home text-[#ABAEB3]\"><\/span><\/a><span class=\"md:hidden\"><span class=\"fas fa-chevron-down mx-5 text-xs text-[#ABAEB3] hover:text-black\/50 transition-all\"><\/span><\/span><span class=\"hidden md:inline\"><span class=\"fas fa-chevron-right mx-5 text-xs text-[#ABAEB3] hover:text-black\/50 transition-all\"><\/span><\/span><\/div><span class=\"font-poppins font-semibold uppercase text-black\/60\">Z\u00f6ldter\u00fcletek<\/span><\/div><\/div>\t\t<div data-elementor-type=\"wp-page\" data-elementor-id=\"45426\" class=\"elementor elementor-45426 elementor-24485\" data-elementor-post-type=\"page\">\n\t\t\t\t<div class=\"elementor-element elementor-element-4d08aca e-flex e-con-boxed wpr-particle-no wpr-jarallax-no wpr-parallax-no wpr-sticky-section-no e-con e-parent\" data-id=\"4d08aca\" data-element_type=\"container\">\n\t\t\t\t\t<div class=\"e-con-inner\">\n\t\t\t\t<div class=\"elementor-element elementor-element-a878763 elementor-widget__width-initial wpr-advanced-accordion-icon-side-box elementor-widget elementor-widget-wpr-advanced-accordion\" data-id=\"a878763\" data-element_type=\"widget\" data-settings=\"{&quot;active_item&quot;:0}\" data-widget_type=\"wpr-advanced-accordion.default\">\n\t\t\t\t<div class=\"elementor-widget-container\">\n\t\t\t\t\t\n            <div class=\"wpr-advanced-accordion\" data-accordion-type=\"accordion\" data-active-index=\"0\" data-accordion-trigger=\"click\" data-interaction-speed=\"0.4\">\n\n\t\t\t\n                \n\t\t\t\t\t<div class=\"wpr-accordion-item-wrap\">\n\t\t\t\t\t\t<button class=\"wpr-acc-button\">\n\t\t\t\t\t\t\t<span class=\"wpr-acc-item-title\">\n\t\t\t\t\t\t\t\t\t\t\t\t\t\t\t\t\t<div class=\"wpr-acc-icon-box\">\n\t\t\t\t\t\t\t\t\t\t\t\t\t\t<span class=\"wpr-title-icon\">\n\t\t\t\t\t<i aria-hidden=\"true\" class=\"fas fa-info\"><\/i>\t\t\t\t<\/span>\n\t\t\t\t\t\t\t\t\t\t\t\t<\/div>\n\t\t\t\t\t\t\t\t\n\t\t\t\t\t\t\t\t<span class=\"wpr-acc-title-text\">Az utcai b\u00fatorzat kiad\u00e1s\u00e1ra vonatkoz\u00f3 k\u00e9rv\u00e9ny<\/span>\n\t\t\t\t\t\t\t<\/span>\n\t\t\t\t\t\t\t\t\t\t\t<span class=\"wpr-toggle-icon wpr-ti-close\"><i aria-hidden=\"true\" class=\"fas fa-plus\"><\/i><\/span>\n\t\t\t\t<span class=\"wpr-toggle-icon wpr-ti-open\"><i aria-hidden=\"true\" class=\"fas fa-minus\"><\/i><\/span>\n\t\t\t\t\t\t\t\t\t<\/button>\n\n\t\t\t\t\t\t<div class=\"wpr-acc-panel\">\n\t\t\t\t\t\t\t\t\t\t\t\t\t\t\t<div class=\"wpr-acc-panel-content\"><p><a href=\"https:\/\/oradea.ro\/wp-content\/uploads\/2023\/10\/Cerere-alocare-mobilier-urban.pdf\" target=\"_blank\" rel=\"noopener\">Az utcai b\u00fatorzat kiad\u00e1s\u00e1ra vonatkoz\u00f3 k\u00e9rv\u00e9ny<\/a><\/p><p><strong>Sz\u00fcks\u00e9ges iratok: <\/strong><\/p><p>1. k\u00e9rv\u00e9ny\/ okirat<br>2. az utcai b\u00fatorzatot ig\u00e9nyl\u0151 szem\u00e9lyek al\u00e1\u00edr\u00e1si list\u00e1ja, a Lak\u00f3t\u00e1rsul\u00e1s \u00e1ltal j\u00f3v\u00e1hagyva<\/p><\/div>\n\t\t\t\t\t\t\t\t\t\t\t\t\t<\/div>\n                    <\/div>\n\n                \n\t\t\t\t\t<div class=\"wpr-accordion-item-wrap\">\n\t\t\t\t\t\t<button class=\"wpr-acc-button\">\n\t\t\t\t\t\t\t<span class=\"wpr-acc-item-title\">\n\t\t\t\t\t\t\t\t\t\t\t\t\t\t\t\t\t<div class=\"wpr-acc-icon-box\">\n\t\t\t\t\t\t\t\t\t\t\t\t\t\t<span class=\"wpr-title-icon\">\n\t\t\t\t\t<i aria-hidden=\"true\" class=\"fas fa-info\"><\/i>\t\t\t\t<\/span>\n\t\t\t\t\t\t\t\t\t\t\t\t<\/div>\n\t\t\t\t\t\t\t\t\n\t\t\t\t\t\t\t\t<span class=\"wpr-acc-title-text\">Fakiv\u00e1g\u00e1sra vonatkoz\u00f3 k\u00e9rv\u00e9ny<\/span>\n\t\t\t\t\t\t\t<\/span>\n\t\t\t\t\t\t\t\t\t\t\t<span class=\"wpr-toggle-icon wpr-ti-close\"><i aria-hidden=\"true\" class=\"fas fa-plus\"><\/i><\/span>\n\t\t\t\t<span class=\"wpr-toggle-icon wpr-ti-open\"><i aria-hidden=\"true\" class=\"fas fa-minus\"><\/i><\/span>\n\t\t\t\t\t\t\t\t\t<\/button>\n\n\t\t\t\t\t\t<div class=\"wpr-acc-panel\">\n\t\t\t\t\t\t\t\t\t\t\t\t\t\t\t<div class=\"wpr-acc-panel-content\"><p><a href=\"https:\/\/oradea.ro\/wp-content\/uploads\/2023\/10\/Cerere-doborare-taiere-arbori.pdf\" target=\"_blank\" rel=\"noopener\">Fakiv\u00e1g\u00e1sra vonatkoz\u00f3 k\u00e9rv\u00e9ny - megnyitva PDF-ben<\/a><\/p><p><strong>Sz\u00fcks\u00e9ges iratok:<\/strong><\/p><p>1. k\u00e9rv\u00e9ny<br>2. k\u00e9pek az aktu\u00e1lis helysz\u00edni helyzetr\u0151l<\/p><\/div>\n\t\t\t\t\t\t\t\t\t\t\t\t\t<\/div>\n                    <\/div>\n\n                \n\t\t\t\t\t<div class=\"wpr-accordion-item-wrap\">\n\t\t\t\t\t\t<button class=\"wpr-acc-button\">\n\t\t\t\t\t\t\t<span class=\"wpr-acc-item-title\">\n\t\t\t\t\t\t\t\t\t\t\t\t\t\t\t\t\t<div class=\"wpr-acc-icon-box\">\n\t\t\t\t\t\t\t\t\t\t\t\t\t\t<span class=\"wpr-title-icon\">\n\t\t\t\t\t<i aria-hidden=\"true\" class=\"fas fa-info\"><\/i>\t\t\t\t<\/span>\n\t\t\t\t\t\t\t\t\t\t\t\t<\/div>\n\t\t\t\t\t\t\t\t\n\t\t\t\t\t\t\t\t<span class=\"wpr-acc-title-text\">F\u00e1k rendbentart\u00e1sa - k\u00e9rv\u00e9ny<\/span>\n\t\t\t\t\t\t\t<\/span>\n\t\t\t\t\t\t\t\t\t\t\t<span class=\"wpr-toggle-icon wpr-ti-close\"><i aria-hidden=\"true\" class=\"fas fa-plus\"><\/i><\/span>\n\t\t\t\t<span class=\"wpr-toggle-icon wpr-ti-open\"><i aria-hidden=\"true\" class=\"fas fa-minus\"><\/i><\/span>\n\t\t\t\t\t\t\t\t\t<\/button>\n\n\t\t\t\t\t\t<div class=\"wpr-acc-panel\">\n\t\t\t\t\t\t\t\t\t\t\t\t\t\t\t<div class=\"wpr-acc-panel-content\"><p><a href=\"https:\/\/oradea.ro\/wp-content\/uploads\/2023\/10\/Cerere-toaletare-arbori.pdf\" target=\"_blank\" rel=\"noopener\">F\u00e1k rendbentart\u00e1s\u00e1ra vonatkoz\u00f3 k\u00e9rv\u00e9ny - megnyit\u00e1s PDF-ben<\/a><\/p><p><strong>Sz\u00fcks\u00e9ges iratok:<\/strong><\/p><p>1. k\u00e9rv\u00e9ny<br>2. k\u00e9pek az aktu\u00e1lis helysz\u00edni helyzetr\u0151l<\/p><\/div>\n\t\t\t\t\t\t\t\t\t\t\t\t\t<\/div>\n                    <\/div>\n\n                            <\/div>\n        \t\t\t\t<\/div>\n\t\t\t\t<\/div>\n\t\t\t\t\t<\/div>\n\t\t\t\t<\/div>\n\t\t\t\t<\/div>\n\t\t","protected":false},"excerpt":{"rendered":"<p>Z\u00f6ldter\u00fcletek Z\u00f6ldter\u00fcletek Az utcai b\u00fatorzat kiad\u00e1s\u00e1ra vonatkoz\u00f3 k\u00e9rv\u00e9ny Az utcai b\u00fatorzat kiad\u00e1s\u00e1ra vonatkoz\u00f3 k\u00e9rv\u00e9ny Sz\u00fcks\u00e9ges iratok: 1. k\u00e9rv\u00e9ny\/ okirat2. az utcai b\u00fatorzatot ig\u00e9nyl\u0151 szem\u00e9lyek al\u00e1\u00edr\u00e1si list\u00e1ja, a Lak\u00f3t\u00e1rsul\u00e1s \u00e1ltal j\u00f3v\u00e1hagyva Fakiv\u00e1g\u00e1sra vonatkoz\u00f3 k\u00e9rv\u00e9ny Fakiv\u00e1g\u00e1sra vonatkoz\u00f3 k\u00e9rv\u00e9ny &#8211; megnyitva PDF-ben Sz\u00fcks\u00e9ges iratok: 1. k\u00e9rv\u00e9ny2. k\u00e9pek az aktu\u00e1lis helysz\u00edni helyzetr\u0151l F\u00e1k rendbentart\u00e1sa &#8211; k\u00e9rv\u00e9ny F\u00e1k rendbentart\u00e1s\u00e1ra vonatkoz\u00f3 k\u00e9rv\u00e9ny &#8211; megnyit\u00e1s PDF-ben Sz\u00fcks\u00e9ges iratok: 1. k\u00e9rv\u00e9ny2. k\u00e9pek az aktu\u00e1lis helysz\u00edni helyzetr\u0151l<\/p>\n","protected":false},"author":2,"featured_media":16991,"parent":43853,"menu_order":0,"comment_status":"closed","ping_status":"closed","template":"","meta":{"_acf_changed":false,"ep_exclude_from_search":false,"footnotes":""},"class_list":["post-45426","page","type-page","status-publish","has-post-thumbnail","hentry"],"acf":[],"yoast_head":"<!-- This site is optimized with the Yoast SEO plugin v26.6 - https:\/\/yoast.com\/wordpress\/plugins\/seo\/ -->\n<title>Z\u00f6ldter\u00fcletek - Oradea.ro<\/title>\n<meta name=\"robots\" content=\"index, follow, max-snippet:-1, max-image-preview:large, max-video-preview:-1\" \/>\n<link rel=\"canonical\" href=\"https:\/\/oradea.ro\/hu\/kervenyek-es-formanyomtatvanyok\/zoldteruletek\/\" \/>\n<meta property=\"og:locale\" content=\"hu_HU\" \/>\n<meta property=\"og:type\" content=\"article\" \/>\n<meta property=\"og:title\" content=\"Z\u00f6ldter\u00fcletek - Oradea.ro\" \/>\n<meta property=\"og:description\" content=\"Z\u00f6ldter\u00fcletek Z\u00f6ldter\u00fcletek Az utcai b\u00fatorzat kiad\u00e1s\u00e1ra vonatkoz\u00f3 k\u00e9rv\u00e9ny Az utcai b\u00fatorzat kiad\u00e1s\u00e1ra vonatkoz\u00f3 k\u00e9rv\u00e9ny Sz\u00fcks\u00e9ges iratok: 1. k\u00e9rv\u00e9ny\/ okirat2. az utcai b\u00fatorzatot ig\u00e9nyl\u0151 szem\u00e9lyek al\u00e1\u00edr\u00e1si list\u00e1ja, a Lak\u00f3t\u00e1rsul\u00e1s \u00e1ltal j\u00f3v\u00e1hagyva Fakiv\u00e1g\u00e1sra vonatkoz\u00f3 k\u00e9rv\u00e9ny Fakiv\u00e1g\u00e1sra vonatkoz\u00f3 k\u00e9rv\u00e9ny &#8211; megnyitva PDF-ben Sz\u00fcks\u00e9ges iratok: 1. k\u00e9rv\u00e9ny2. k\u00e9pek az aktu\u00e1lis helysz\u00edni helyzetr\u0151l F\u00e1k rendbentart\u00e1sa &#8211; k\u00e9rv\u00e9ny F\u00e1k rendbentart\u00e1s\u00e1ra vonatkoz\u00f3 k\u00e9rv\u00e9ny &#8211; megnyit\u00e1s PDF-ben Sz\u00fcks\u00e9ges iratok: 1. k\u00e9rv\u00e9ny2. k\u00e9pek az aktu\u00e1lis helysz\u00edni helyzetr\u0151l\" \/>\n<meta property=\"og:url\" content=\"https:\/\/oradea.ro\/hu\/kervenyek-es-formanyomtatvanyok\/zoldteruletek\/\" \/>\n<meta property=\"og:site_name\" content=\"Oradea.ro\" \/>\n<meta property=\"article:modified_time\" content=\"2024-01-24T08:40:25+00:00\" \/>\n<meta property=\"og:image\" content=\"https:\/\/oradea.ro\/wp-content\/uploads\/2023\/10\/home_hero_slide_2-scaled.webp\" \/>\n\t<meta property=\"og:image:width\" content=\"2560\" \/>\n\t<meta property=\"og:image:height\" content=\"1707\" \/>\n\t<meta property=\"og:image:type\" content=\"image\/webp\" \/>\n<meta name=\"twitter:card\" content=\"summary_large_image\" \/>\n<meta name=\"twitter:label1\" content=\"Becs\u00fclt olvas\u00e1si id\u0151\" \/>\n\t<meta name=\"twitter:data1\" content=\"1 perc\" \/>\n<script type=\"application\/ld+json\" class=\"yoast-schema-graph\">{\"@context\":\"https:\/\/schema.org\",\"@graph\":[{\"@type\":\"WebPage\",\"@id\":\"https:\/\/oradea.ro\/hu\/kervenyek-es-formanyomtatvanyok\/zoldteruletek\/\",\"url\":\"https:\/\/oradea.ro\/hu\/kervenyek-es-formanyomtatvanyok\/zoldteruletek\/\",\"name\":\"Z\u00f6ldter\u00fcletek - Oradea.ro\",\"isPartOf\":{\"@id\":\"https:\/\/oradea.ro\/#website\"},\"primaryImageOfPage\":{\"@id\":\"https:\/\/oradea.ro\/hu\/kervenyek-es-formanyomtatvanyok\/zoldteruletek\/#primaryimage\"},\"image\":{\"@id\":\"https:\/\/oradea.ro\/hu\/kervenyek-es-formanyomtatvanyok\/zoldteruletek\/#primaryimage\"},\"thumbnailUrl\":\"https:\/\/oradea.ro\/wp-content\/uploads\/2023\/10\/home_hero_slide_2-scaled.webp\",\"datePublished\":\"2023-10-30T15:55:04+00:00\",\"dateModified\":\"2024-01-24T08:40:25+00:00\",\"breadcrumb\":{\"@id\":\"https:\/\/oradea.ro\/hu\/kervenyek-es-formanyomtatvanyok\/zoldteruletek\/#breadcrumb\"},\"inLanguage\":\"hu\",\"potentialAction\":[{\"@type\":\"ReadAction\",\"target\":[\"https:\/\/oradea.ro\/hu\/kervenyek-es-formanyomtatvanyok\/zoldteruletek\/\"]}]},{\"@type\":\"ImageObject\",\"inLanguage\":\"hu\",\"@id\":\"https:\/\/oradea.ro\/hu\/kervenyek-es-formanyomtatvanyok\/zoldteruletek\/#primaryimage\",\"url\":\"https:\/\/oradea.ro\/wp-content\/uploads\/2023\/10\/home_hero_slide_2-scaled.webp\",\"contentUrl\":\"https:\/\/oradea.ro\/wp-content\/uploads\/2023\/10\/home_hero_slide_2-scaled.webp\",\"width\":2560,\"height\":1707},{\"@type\":\"BreadcrumbList\",\"@id\":\"https:\/\/oradea.ro\/hu\/kervenyek-es-formanyomtatvanyok\/zoldteruletek\/#breadcrumb\",\"itemListElement\":[{\"@type\":\"ListItem\",\"position\":1,\"name\":\"\",\"item\":\"https:\/\/oradea.ro\/hu\/\"},{\"@type\":\"ListItem\",\"position\":2,\"name\":\"K\u00e9rv\u00e9nyek \u00e9s formanyomtatv\u00e1nyok\",\"item\":\"https:\/\/oradea.ro\/hu\/kervenyek-es-formanyomtatvanyok\/\"},{\"@type\":\"ListItem\",\"position\":3,\"name\":\"Z\u00f6ldter\u00fcletek\"}]},{\"@type\":\"WebSite\",\"@id\":\"https:\/\/oradea.ro\/#website\",\"url\":\"https:\/\/oradea.ro\/\",\"name\":\"Oradea.ro\",\"description\":\"Site-ul oficial al Prim\u0103riei Municipiului Oradea\",\"publisher\":{\"@id\":\"https:\/\/oradea.ro\/#organization\"},\"potentialAction\":[{\"@type\":\"SearchAction\",\"target\":{\"@type\":\"EntryPoint\",\"urlTemplate\":\"https:\/\/oradea.ro\/?s={search_term_string}\"},\"query-input\":{\"@type\":\"PropertyValueSpecification\",\"valueRequired\":true,\"valueName\":\"search_term_string\"}}],\"inLanguage\":\"hu\"},{\"@type\":\"Organization\",\"@id\":\"https:\/\/oradea.ro\/#organization\",\"name\":\"Oradea.ro\",\"url\":\"https:\/\/oradea.ro\/\",\"logo\":{\"@type\":\"ImageObject\",\"inLanguage\":\"hu\",\"@id\":\"https:\/\/oradea.ro\/#\/schema\/logo\/image\/\",\"url\":\"https:\/\/oradea.ro\/wp-content\/uploads\/2023\/06\/footer_logo.svg\",\"contentUrl\":\"https:\/\/oradea.ro\/wp-content\/uploads\/2023\/06\/footer_logo.svg\",\"width\":218,\"height\":53,\"caption\":\"Oradea.ro\"},\"image\":{\"@id\":\"https:\/\/oradea.ro\/#\/schema\/logo\/image\/\"}}]}<\/script>\n<!-- \/ Yoast SEO plugin. -->","yoast_head_json":{"title":"Z\u00f6ldter\u00fcletek - Oradea.ro","robots":{"index":"index","follow":"follow","max-snippet":"max-snippet:-1","max-image-preview":"max-image-preview:large","max-video-preview":"max-video-preview:-1"},"canonical":"https:\/\/oradea.ro\/hu\/kervenyek-es-formanyomtatvanyok\/zoldteruletek\/","og_locale":"hu_HU","og_type":"article","og_title":"Z\u00f6ldter\u00fcletek - Oradea.ro","og_description":"Z\u00f6ldter\u00fcletek Z\u00f6ldter\u00fcletek Az utcai b\u00fatorzat kiad\u00e1s\u00e1ra vonatkoz\u00f3 k\u00e9rv\u00e9ny Az utcai b\u00fatorzat kiad\u00e1s\u00e1ra vonatkoz\u00f3 k\u00e9rv\u00e9ny Sz\u00fcks\u00e9ges iratok: 1. k\u00e9rv\u00e9ny\/ okirat2. az utcai b\u00fatorzatot ig\u00e9nyl\u0151 szem\u00e9lyek al\u00e1\u00edr\u00e1si list\u00e1ja, a Lak\u00f3t\u00e1rsul\u00e1s \u00e1ltal j\u00f3v\u00e1hagyva Fakiv\u00e1g\u00e1sra vonatkoz\u00f3 k\u00e9rv\u00e9ny Fakiv\u00e1g\u00e1sra vonatkoz\u00f3 k\u00e9rv\u00e9ny &#8211; megnyitva PDF-ben Sz\u00fcks\u00e9ges iratok: 1. k\u00e9rv\u00e9ny2. k\u00e9pek az aktu\u00e1lis helysz\u00edni helyzetr\u0151l F\u00e1k rendbentart\u00e1sa &#8211; k\u00e9rv\u00e9ny F\u00e1k rendbentart\u00e1s\u00e1ra vonatkoz\u00f3 k\u00e9rv\u00e9ny &#8211; megnyit\u00e1s PDF-ben Sz\u00fcks\u00e9ges iratok: 1. k\u00e9rv\u00e9ny2. k\u00e9pek az aktu\u00e1lis helysz\u00edni helyzetr\u0151l","og_url":"https:\/\/oradea.ro\/hu\/kervenyek-es-formanyomtatvanyok\/zoldteruletek\/","og_site_name":"Oradea.ro","article_modified_time":"2024-01-24T08:40:25+00:00","og_image":[{"width":2560,"height":1707,"url":"https:\/\/oradea.ro\/wp-content\/uploads\/2023\/10\/home_hero_slide_2-scaled.webp","type":"image\/webp"}],"twitter_card":"summary_large_image","twitter_misc":{"Becs\u00fclt olvas\u00e1si id\u0151":"1 perc"},"schema":{"@context":"https:\/\/schema.org","@graph":[{"@type":"WebPage","@id":"https:\/\/oradea.ro\/hu\/kervenyek-es-formanyomtatvanyok\/zoldteruletek\/","url":"https:\/\/oradea.ro\/hu\/kervenyek-es-formanyomtatvanyok\/zoldteruletek\/","name":"Z\u00f6ldter\u00fcletek - Oradea.ro","isPartOf":{"@id":"https:\/\/oradea.ro\/#website"},"primaryImageOfPage":{"@id":"https:\/\/oradea.ro\/hu\/kervenyek-es-formanyomtatvanyok\/zoldteruletek\/#primaryimage"},"image":{"@id":"https:\/\/oradea.ro\/hu\/kervenyek-es-formanyomtatvanyok\/zoldteruletek\/#primaryimage"},"thumbnailUrl":"https:\/\/oradea.ro\/wp-content\/uploads\/2023\/10\/home_hero_slide_2-scaled.webp","datePublished":"2023-10-30T15:55:04+00:00","dateModified":"2024-01-24T08:40:25+00:00","breadcrumb":{"@id":"https:\/\/oradea.ro\/hu\/kervenyek-es-formanyomtatvanyok\/zoldteruletek\/#breadcrumb"},"inLanguage":"hu","potentialAction":[{"@type":"ReadAction","target":["https:\/\/oradea.ro\/hu\/kervenyek-es-formanyomtatvanyok\/zoldteruletek\/"]}]},{"@type":"ImageObject","inLanguage":"hu","@id":"https:\/\/oradea.ro\/hu\/kervenyek-es-formanyomtatvanyok\/zoldteruletek\/#primaryimage","url":"https:\/\/oradea.ro\/wp-content\/uploads\/2023\/10\/home_hero_slide_2-scaled.webp","contentUrl":"https:\/\/oradea.ro\/wp-content\/uploads\/2023\/10\/home_hero_slide_2-scaled.webp","width":2560,"height":1707},{"@type":"BreadcrumbList","@id":"https:\/\/oradea.ro\/hu\/kervenyek-es-formanyomtatvanyok\/zoldteruletek\/#breadcrumb","itemListElement":[{"@type":"ListItem","position":1,"name":"","item":"https:\/\/oradea.ro\/hu\/"},{"@type":"ListItem","position":2,"name":"K\u00e9rv\u00e9nyek \u00e9s formanyomtatv\u00e1nyok","item":"https:\/\/oradea.ro\/hu\/kervenyek-es-formanyomtatvanyok\/"},{"@type":"ListItem","position":3,"name":"Z\u00f6ldter\u00fcletek"}]},{"@type":"WebSite","@id":"https:\/\/oradea.ro\/#website","url":"https:\/\/oradea.ro\/","name":"Oradea.ro","description":"Site-ul oficial al Prim\u0103riei Municipiului Oradea","publisher":{"@id":"https:\/\/oradea.ro\/#organization"},"potentialAction":[{"@type":"SearchAction","target":{"@type":"EntryPoint","urlTemplate":"https:\/\/oradea.ro\/?s={search_term_string}"},"query-input":{"@type":"PropertyValueSpecification","valueRequired":true,"valueName":"search_term_string"}}],"inLanguage":"hu"},{"@type":"Organization","@id":"https:\/\/oradea.ro\/#organization","name":"Oradea.ro","url":"https:\/\/oradea.ro\/","logo":{"@type":"ImageObject","inLanguage":"hu","@id":"https:\/\/oradea.ro\/#\/schema\/logo\/image\/","url":"https:\/\/oradea.ro\/wp-content\/uploads\/2023\/06\/footer_logo.svg","contentUrl":"https:\/\/oradea.ro\/wp-content\/uploads\/2023\/06\/footer_logo.svg","width":218,"height":53,"caption":"Oradea.ro"},"image":{"@id":"https:\/\/oradea.ro\/#\/schema\/logo\/image\/"}}]}},"publishpress_future_action":{"enabled":false,"date":"2026-04-20 15:27:46","action":"change-status","newStatus":"draft","terms":[],"taxonomy":"translation_priority","extraData":[]},"publishpress_future_workflow_manual_trigger":{"enabledWorkflows":[]},"_links":{"self":[{"href":"https:\/\/oradea.ro\/hu\/wp-json\/wp\/v2\/pages\/45426","targetHints":{"allow":["GET"]}}],"collection":[{"href":"https:\/\/oradea.ro\/hu\/wp-json\/wp\/v2\/pages"}],"about":[{"href":"https:\/\/oradea.ro\/hu\/wp-json\/wp\/v2\/types\/page"}],"author":[{"embeddable":true,"href":"https:\/\/oradea.ro\/hu\/wp-json\/wp\/v2\/users\/2"}],"replies":[{"embeddable":true,"href":"https:\/\/oradea.ro\/hu\/wp-json\/wp\/v2\/comments?post=45426"}],"version-history":[{"count":2,"href":"https:\/\/oradea.ro\/hu\/wp-json\/wp\/v2\/pages\/45426\/revisions"}],"predecessor-version":[{"id":199999,"href":"https:\/\/oradea.ro\/hu\/wp-json\/wp\/v2\/pages\/45426\/revisions\/199999"}],"up":[{"embeddable":true,"href":"https:\/\/oradea.ro\/hu\/wp-json\/wp\/v2\/pages\/43853"}],"wp:featuredmedia":[{"embeddable":true,"href":"https:\/\/oradea.ro\/hu\/wp-json\/wp\/v2\/media\/16991"}],"wp:attachment":[{"href":"https:\/\/oradea.ro\/hu\/wp-json\/wp\/v2\/media?parent=45426"}],"curies":[{"name":"wp","href":"https:\/\/api.w.org\/{rel}","templated":true}]}}