{"id":45452,"date":"2023-10-31T12:04:11","date_gmt":"2023-10-31T10:04:11","guid":{"rendered":"https:\/\/oradea.ro\/kervenyek-es-formanyomtatvanyok\/kozteruletek-parkolok\/parkolok\/"},"modified":"2023-11-24T12:14:32","modified_gmt":"2023-11-24T12:14:32","slug":"parkolok","status":"publish","type":"page","link":"https:\/\/oradea.ro\/hu\/kervenyek-es-formanyomtatvanyok\/kozteruletek-parkolok\/parkolok\/","title":{"rendered":"Parkol\u00f3k"},"content":{"rendered":"<div class=\"min-w-[100vw] h-[350px] md:h-[500px] ml-[calc(50%-50vw)] flex items-end bg-no-repeat bg-white bg-cover bg-center px-5\" style=\"background-image: url(https:\/\/oradea.ro\/wp-content\/uploads\/2023\/10\/home_hero_slide_2-scaled.webp);\">\r\n                    <div class=\"w-full max-w-7xl mx-auto mb-6\">\r\n                        <h1 class=\"my-0 text-white font-extrabold font-open-sans text-3xl md:text-6xl [text-shadow:_0_1px_4px_rgb(0_0_0_\/_50%)]\">Parkol\u00f3k<\/h1>\r\n                    <\/div>\r\n                <\/div><div class=\"!px-5\"><div class=\"breadcrumbs w-full max-w-7xl mx-auto grid md:flex flex-wrap items-center py-4 test\"><div><a href=\"https:\/\/oradea.ro\/hu\/\"><span class=\"fas fa-home text-[#ABAEB3]\"><\/span><\/a><span class=\"md:hidden\"><span class=\"fas fa-chevron-down mx-5 text-xs text-[#ABAEB3] hover:text-black\/50 transition-all\"><\/span><\/span><span class=\"hidden md:inline\"><span class=\"fas fa-chevron-right mx-5 text-xs text-[#ABAEB3] hover:text-black\/50 transition-all\"><\/span><\/span><\/div><span class=\"font-poppins font-semibold uppercase text-black\/60\">Parkol\u00f3k<\/span><\/div><\/div>\t\t<div data-elementor-type=\"wp-page\" data-elementor-id=\"45452\" class=\"elementor elementor-45452 elementor-25371\" data-elementor-post-type=\"page\">\n\t\t\t\t<div class=\"elementor-element elementor-element-ea6b25d e-flex e-con-boxed wpr-particle-no wpr-jarallax-no wpr-parallax-no wpr-sticky-section-no e-con e-parent\" data-id=\"ea6b25d\" data-element_type=\"container\">\n\t\t\t\t\t<div class=\"e-con-inner\">\n\t\t\t\t<div class=\"elementor-element elementor-element-1d9dc6a elementor-widget__width-initial wpr-advanced-accordion-icon-side-box elementor-widget elementor-widget-wpr-advanced-accordion\" data-id=\"1d9dc6a\" data-element_type=\"widget\" data-settings=\"{&quot;active_item&quot;:1}\" data-widget_type=\"wpr-advanced-accordion.default\">\n\t\t\t\t<div class=\"elementor-widget-container\">\n\t\t\t\t\t\n            <div class=\"wpr-advanced-accordion\" data-accordion-type=\"accordion\" data-active-index=\"1\" data-accordion-trigger=\"click\" data-interaction-speed=\"0.4\">\n\n\t\t\t\n                \n\t\t\t\t\t<div class=\"wpr-accordion-item-wrap\">\n\t\t\t\t\t\t<button class=\"wpr-acc-button\">\n\t\t\t\t\t\t\t<span class=\"wpr-acc-item-title\">\n\t\t\t\t\t\t\t\t\t\t\t\t\t\t\t\t\t<div class=\"wpr-acc-icon-box\">\n\t\t\t\t\t\t\t\t\t\t\t\t\t\t<span class=\"wpr-title-icon\">\n\t\t\t\t\t<i aria-hidden=\"true\" class=\"fas fa-info\"><\/i>\t\t\t\t<\/span>\n\t\t\t\t\t\t\t\t\t\t\t\t<\/div>\n\t\t\t\t\t\t\t\t\n\t\t\t\t\t\t\t\t<span class=\"wpr-acc-title-text\">Egyezm\u00e9ny a kieg\u00e9sz\u00edt\u0151 parkol\u00e1sr\u00f3l<\/span>\n\t\t\t\t\t\t\t<\/span>\n\t\t\t\t\t\t\t\t\t\t\t<span class=\"wpr-toggle-icon wpr-ti-close\"><i aria-hidden=\"true\" class=\"fas fa-plus\"><\/i><\/span>\n\t\t\t\t<span class=\"wpr-toggle-icon wpr-ti-open\"><i aria-hidden=\"true\" class=\"fas fa-minus\"><\/i><\/span>\n\t\t\t\t\t\t\t\t\t<\/button>\n\n\t\t\t\t\t\t<div class=\"wpr-acc-panel\">\n\t\t\t\t\t\t\t\t\t\t\t\t\t\t\t<div class=\"wpr-acc-panel-content\"><p><a href=\"https:\/\/oradea.ro\/wp-content\/uploads\/2023\/10\/Conventie-PARCARE-SUPLIMENTARA.pdf\" target=\"_blank\" rel=\"noopener\">Egyezm\u00e9ny a kieg\u00e9sz\u00edt\u0151 parkol\u00e1sr\u00f3l - megnyit\u00e1s PDF-ben<\/a><\/p><p><strong>Sz\u00fcks\u00e9ges iratok: <\/strong><\/p><p>1. kit\u00f6lt\u00f6tt formanyomtatv\u00e1ny <br>2. annak az \u00e9p\u00fcletnek a telekk\u00f6nyvi kivonata, amely el\u0151tt a tov\u00e1bbi parkol\u00f3hely(ek)et k\u00e9rik;<br>3. a M\u0171szaki Oszt\u00e1ly igazol\u00e1sa, amelyb\u0151l kider\u00fcl, hogy a parkol\u00f3hely kialak\u00edt\u00e1sa nem s\u00e9rti a k\u00f6zleked\u00e9sbiztons\u00e1gra vonatkoz\u00f3 jogszab\u00e1lyi rendelkez\u00e9seket, azaz a parkol\u00f3hely kialak\u00edt\u00e1s\u00e1nak felt\u00e9teleit<br>4. helysz\u00ednrajz (v\u00e1zlat) - amely megmutatja a tov\u00e1bbi parkol\u00f3helyek kialak\u00edt\u00e1s\u00e1nak hely\u00e9t; <br>5. szem\u00e9lyazonos\u00edt\u00f3 igazolv\u00e1ny m\u00e1solata vagy a CUI m\u00e1solata (adott esetben),<br>6. a helyi k\u00f6lts\u00e9gvet\u00e9ssel szembeni tartoz\u00e1sok naprak\u00e9sz kifizet\u00e9s\u00e9nek igazol\u00e1sa.<\/p><\/div>\n\t\t\t\t\t\t\t\t\t\t\t\t\t<\/div>\n                    <\/div>\n\n                \n\t\t\t\t\t<div class=\"wpr-accordion-item-wrap\">\n\t\t\t\t\t\t<button class=\"wpr-acc-button\">\n\t\t\t\t\t\t\t<span class=\"wpr-acc-item-title\">\n\t\t\t\t\t\t\t\t\t\t\t\t\t\t\t\t\t<div class=\"wpr-acc-icon-box\">\n\t\t\t\t\t\t\t\t\t\t\t\t\t\t<span class=\"wpr-title-icon\">\n\t\t\t\t\t<i aria-hidden=\"true\" class=\"fas fa-info\"><\/i>\t\t\t\t<\/span>\n\t\t\t\t\t\t\t\t\t\t\t\t<\/div>\n\t\t\t\t\t\t\t\t\n\t\t\t\t\t\t\t\t<span class=\"wpr-acc-title-text\">Parkol\u00f3hely-bizony\u00edtv\u00e1ny ki\u00e1ll\u00edt\u00e1sa gar\u00e1zstulajdonosok sz\u00e1m\u00e1ra<\/span>\n\t\t\t\t\t\t\t<\/span>\n\t\t\t\t\t\t\t\t\t\t\t<span class=\"wpr-toggle-icon wpr-ti-close\"><i aria-hidden=\"true\" class=\"fas fa-plus\"><\/i><\/span>\n\t\t\t\t<span class=\"wpr-toggle-icon wpr-ti-open\"><i aria-hidden=\"true\" class=\"fas fa-minus\"><\/i><\/span>\n\t\t\t\t\t\t\t\t\t<\/button>\n\n\t\t\t\t\t\t<div class=\"wpr-acc-panel\">\n\t\t\t\t\t\t\t\t\t\t\t\t\t\t\t<div class=\"wpr-acc-panel-content\"><p><a href=\"https:\/\/oradea.ro\/wp-content\/uploads\/2023\/10\/Eliberare-adeverinta-pentru-loc-parcare-detinatori-garaj.pdf\" target=\"_blank\" rel=\"noopener\">Parkol\u00f3hely-bizony\u00edtv\u00e1ny ki\u00e1ll\u00edt\u00e1sa gar\u00e1zstulajdonosok sz\u00e1m\u00e1ra - megnyit\u00e1s PDF-ben<\/a><\/p><p><strong>Sz\u00fcks\u00e9ges iratok:<\/strong><\/p><p>1. formanyomtatv\u00e1ny <br>2. a k\u00e9relmez\u0151 szem\u00e9lyigazolv\u00e1nya<\/p><\/div>\n\t\t\t\t\t\t\t\t\t\t\t\t\t<\/div>\n                    <\/div>\n\n                \n\t\t\t\t\t<div class=\"wpr-accordion-item-wrap\">\n\t\t\t\t\t\t<button class=\"wpr-acc-button\">\n\t\t\t\t\t\t\t<span class=\"wpr-acc-item-title\">\n\t\t\t\t\t\t\t\t\t\t\t\t\t\t\t\t\t<div class=\"wpr-acc-icon-box\">\n\t\t\t\t\t\t\t\t\t\t\t\t\t\t<span class=\"wpr-title-icon\">\n\t\t\t\t\t<i aria-hidden=\"true\" class=\"fas fa-info\"><\/i>\t\t\t\t<\/span>\n\t\t\t\t\t\t\t\t\t\t\t\t<\/div>\n\t\t\t\t\t\t\t\t\n\t\t\t\t\t\t\t\t<span class=\"wpr-acc-title-text\">Ingyenes parkol\u00f3k\u00e1rtya kibocs\u00e1t\u00e1sa a fogyat\u00e9kkal \u00e9l\u0151 szem\u00e9lyek sz\u00e1m\u00e1ra fenntartott parkol\u00f3helyekre<\/span>\n\t\t\t\t\t\t\t<\/span>\n\t\t\t\t\t\t\t\t\t\t\t<span class=\"wpr-toggle-icon wpr-ti-close\"><i aria-hidden=\"true\" class=\"fas fa-plus\"><\/i><\/span>\n\t\t\t\t<span class=\"wpr-toggle-icon wpr-ti-open\"><i aria-hidden=\"true\" class=\"fas fa-minus\"><\/i><\/span>\n\t\t\t\t\t\t\t\t\t<\/button>\n\n\t\t\t\t\t\t<div class=\"wpr-acc-panel\">\n\t\t\t\t\t\t\t\t\t\t\t\t\t\t\t<div class=\"wpr-acc-panel-content\"><p><a href=\"https:\/\/oradea.ro\/wp-content\/uploads\/2023\/10\/Eliberare-card-legitimatie-parcare-gratuita-valabila-pe-locuri-special-amenajate-pentru-persoane-cu-handicap.pdf\" target=\"_blank\" rel=\"noopener\">Ingyenes parkol\u00f3k\u00e1rtya-jogosults\u00e1gi k\u00e1rtya, amely a fogyat\u00e9kkal \u00e9l\u0151k sz\u00e1m\u00e1ra fenntartott speci\u00e1lis parkol\u00f3helyeken \u00e9rv\u00e9nyes - megnyit\u00e1s PDF-ben<\/a><\/p><p><strong>Sz\u00fcks\u00e9ges iratok:<\/strong><\/p><p>1. k\u00e9rv\u00e9ny<br>2. a k\u00e9relem al\u00e1t\u00e1maszt\u00e1s\u00e1ra szolg\u00e1l\u00f3 egy\u00e9b dokumentumok, f\u00e9nyk\u00e9pek, v\u00e1zlatok<\/p><\/div>\n\t\t\t\t\t\t\t\t\t\t\t\t\t<\/div>\n                    <\/div>\n\n                \n\t\t\t\t\t<div class=\"wpr-accordion-item-wrap\">\n\t\t\t\t\t\t<button class=\"wpr-acc-button\">\n\t\t\t\t\t\t\t<span class=\"wpr-acc-item-title\">\n\t\t\t\t\t\t\t\t\t\t\t\t\t\t\t\t\t<div class=\"wpr-acc-icon-box\">\n\t\t\t\t\t\t\t\t\t\t\t\t\t\t<span class=\"wpr-title-icon\">\n\t\t\t\t\t<i aria-hidden=\"true\" class=\"fas fa-info\"><\/i>\t\t\t\t<\/span>\n\t\t\t\t\t\t\t\t\t\t\t\t<\/div>\n\t\t\t\t\t\t\t\t\n\t\t\t\t\t\t\t\t<span class=\"wpr-acc-title-text\">Parkol\u00f3hely fenntart\u00e1sa a lak\u00f3helyen a fogyat\u00e9kkal \u00e9l\u0151k sz\u00e1m\u00e1ra<\/span>\n\t\t\t\t\t\t\t<\/span>\n\t\t\t\t\t\t\t\t\t\t\t<span class=\"wpr-toggle-icon wpr-ti-close\"><i aria-hidden=\"true\" class=\"fas fa-plus\"><\/i><\/span>\n\t\t\t\t<span class=\"wpr-toggle-icon wpr-ti-open\"><i aria-hidden=\"true\" class=\"fas fa-minus\"><\/i><\/span>\n\t\t\t\t\t\t\t\t\t<\/button>\n\n\t\t\t\t\t\t<div class=\"wpr-acc-panel\">\n\t\t\t\t\t\t\t\t\t\t\t\t\t\t\t<div class=\"wpr-acc-panel-content\"><p><a href=\"https:\/\/oradea.ro\/wp-content\/uploads\/2023\/10\/Rezervare-loc-parcare-la-domiciliu-pentru-persoane-cu-handicap.pdf\" target=\"_blank\" rel=\"noopener\">Parkol\u00f3helyfoglal\u00e1s a lak\u00f3helyen a fogyat\u00e9kkal \u00e9l\u0151k sz\u00e1m\u00e1ra - megnyit\u00e1s PDF-ben<\/a><\/p><p><strong>Sz\u00fcks\u00e9ges iratok:<\/strong><\/p><p>1. k\u00e9rv\u00e9ny<\/p><\/div>\n\t\t\t\t\t\t\t\t\t\t\t\t\t<\/div>\n                    <\/div>\n\n                            <\/div>\n        \t\t\t\t<\/div>\n\t\t\t\t<\/div>\n\t\t\t\t\t<\/div>\n\t\t\t\t<\/div>\n\t\t\t\t<\/div>\n\t\t","protected":false},"excerpt":{"rendered":"<p>Parkol\u00f3k Parkol\u00f3k Egyezm\u00e9ny a kieg\u00e9sz\u00edt\u0151 parkol\u00e1sr\u00f3l Egyezm\u00e9ny a kieg\u00e9sz\u00edt\u0151 parkol\u00e1sr\u00f3l &#8211; megnyit\u00e1s PDF-ben Sz\u00fcks\u00e9ges iratok: 1. kit\u00f6lt\u00f6tt formanyomtatv\u00e1ny 2. annak az \u00e9p\u00fcletnek a telekk\u00f6nyvi kivonata, amely el\u0151tt a tov\u00e1bbi parkol\u00f3hely(ek)et k\u00e9rik;3. a M\u0171szaki Oszt\u00e1ly igazol\u00e1sa, amelyb\u0151l kider\u00fcl, hogy a parkol\u00f3hely kialak\u00edt\u00e1sa nem s\u00e9rti a k\u00f6zleked\u00e9sbiztons\u00e1gra vonatkoz\u00f3 jogszab\u00e1lyi rendelkez\u00e9seket, azaz a parkol\u00f3hely kialak\u00edt\u00e1s\u00e1nak felt\u00e9teleit4. helysz\u00ednrajz (v\u00e1zlat) &#8211; amely megmutatja a tov\u00e1bbi parkol\u00f3helyek kialak\u00edt\u00e1s\u00e1nak hely\u00e9t; 5. szem\u00e9lyazonos\u00edt\u00f3 igazolv\u00e1ny m\u00e1solata vagy a CUI m\u00e1solata (adott esetben),6. a helyi k\u00f6lts\u00e9gvet\u00e9ssel szembeni tartoz\u00e1sok naprak\u00e9sz kifizet\u00e9s\u00e9nek igazol\u00e1sa. Parkol\u00f3hely-bizony\u00edtv\u00e1ny ki\u00e1ll\u00edt\u00e1sa gar\u00e1zstulajdonosok sz\u00e1m\u00e1ra Parkol\u00f3hely-bizony\u00edtv\u00e1ny ki\u00e1ll\u00edt\u00e1sa gar\u00e1zstulajdonosok sz\u00e1m\u00e1ra &#8211; megnyit\u00e1s PDF-ben Sz\u00fcks\u00e9ges iratok: 1. formanyomtatv\u00e1ny 2. a k\u00e9relmez\u0151 szem\u00e9lyigazolv\u00e1nya Ingyenes parkol\u00f3k\u00e1rtya kibocs\u00e1t\u00e1sa a fogyat\u00e9kkal \u00e9l\u0151 szem\u00e9lyek sz\u00e1m\u00e1ra fenntartott parkol\u00f3helyekre Ingyenes parkol\u00f3k\u00e1rtya-jogosults\u00e1gi k\u00e1rtya, amely a fogyat\u00e9kkal \u00e9l\u0151k sz\u00e1m\u00e1ra fenntartott speci\u00e1lis parkol\u00f3helyeken \u00e9rv\u00e9nyes &#8211; megnyit\u00e1s PDF-ben Sz\u00fcks\u00e9ges iratok: 1. k\u00e9rv\u00e9ny2. a k\u00e9relem al\u00e1t\u00e1maszt\u00e1s\u00e1ra szolg\u00e1l\u00f3 egy\u00e9b dokumentumok, f\u00e9nyk\u00e9pek, v\u00e1zlatok Parkol\u00f3hely fenntart\u00e1sa a lak\u00f3helyen a fogyat\u00e9kkal \u00e9l\u0151k sz\u00e1m\u00e1ra Parkol\u00f3helyfoglal\u00e1s a lak\u00f3helyen a fogyat\u00e9kkal \u00e9l\u0151k sz\u00e1m\u00e1ra &#8211; megnyit\u00e1s PDF-ben Sz\u00fcks\u00e9ges iratok: 1. k\u00e9rv\u00e9ny<\/p>\n","protected":false},"author":2,"featured_media":16991,"parent":45434,"menu_order":0,"comment_status":"closed","ping_status":"closed","template":"","meta":{"_acf_changed":false,"ep_exclude_from_search":false,"footnotes":""},"class_list":["post-45452","page","type-page","status-publish","has-post-thumbnail","hentry"],"acf":[],"yoast_head":"<!-- This site is optimized with the Yoast SEO plugin v26.6 - https:\/\/yoast.com\/wordpress\/plugins\/seo\/ -->\n<title>Parkol\u00f3k - Oradea.ro<\/title>\n<meta name=\"robots\" content=\"index, follow, max-snippet:-1, max-image-preview:large, max-video-preview:-1\" \/>\n<link rel=\"canonical\" href=\"https:\/\/oradea.ro\/hu\/kervenyek-es-formanyomtatvanyok\/kozteruletek-parkolok\/parkolok\/\" \/>\n<meta property=\"og:locale\" content=\"hu_HU\" \/>\n<meta property=\"og:type\" content=\"article\" \/>\n<meta property=\"og:title\" content=\"Parkol\u00f3k - Oradea.ro\" \/>\n<meta property=\"og:description\" content=\"Parkol\u00f3k Parkol\u00f3k Egyezm\u00e9ny a kieg\u00e9sz\u00edt\u0151 parkol\u00e1sr\u00f3l Egyezm\u00e9ny a kieg\u00e9sz\u00edt\u0151 parkol\u00e1sr\u00f3l &#8211; megnyit\u00e1s PDF-ben Sz\u00fcks\u00e9ges iratok: 1. kit\u00f6lt\u00f6tt formanyomtatv\u00e1ny 2. annak az \u00e9p\u00fcletnek a telekk\u00f6nyvi kivonata, amely el\u0151tt a tov\u00e1bbi parkol\u00f3hely(ek)et k\u00e9rik;3. a M\u0171szaki Oszt\u00e1ly igazol\u00e1sa, amelyb\u0151l kider\u00fcl, hogy a parkol\u00f3hely kialak\u00edt\u00e1sa nem s\u00e9rti a k\u00f6zleked\u00e9sbiztons\u00e1gra vonatkoz\u00f3 jogszab\u00e1lyi rendelkez\u00e9seket, azaz a parkol\u00f3hely kialak\u00edt\u00e1s\u00e1nak felt\u00e9teleit4. helysz\u00ednrajz (v\u00e1zlat) &#8211; amely megmutatja a tov\u00e1bbi parkol\u00f3helyek kialak\u00edt\u00e1s\u00e1nak hely\u00e9t; 5. szem\u00e9lyazonos\u00edt\u00f3 igazolv\u00e1ny m\u00e1solata vagy a CUI m\u00e1solata (adott esetben),6. a helyi k\u00f6lts\u00e9gvet\u00e9ssel szembeni tartoz\u00e1sok naprak\u00e9sz kifizet\u00e9s\u00e9nek igazol\u00e1sa. Parkol\u00f3hely-bizony\u00edtv\u00e1ny ki\u00e1ll\u00edt\u00e1sa gar\u00e1zstulajdonosok sz\u00e1m\u00e1ra Parkol\u00f3hely-bizony\u00edtv\u00e1ny ki\u00e1ll\u00edt\u00e1sa gar\u00e1zstulajdonosok sz\u00e1m\u00e1ra &#8211; megnyit\u00e1s PDF-ben Sz\u00fcks\u00e9ges iratok: 1. formanyomtatv\u00e1ny 2. a k\u00e9relmez\u0151 szem\u00e9lyigazolv\u00e1nya Ingyenes parkol\u00f3k\u00e1rtya kibocs\u00e1t\u00e1sa a fogyat\u00e9kkal \u00e9l\u0151 szem\u00e9lyek sz\u00e1m\u00e1ra fenntartott parkol\u00f3helyekre Ingyenes parkol\u00f3k\u00e1rtya-jogosults\u00e1gi k\u00e1rtya, amely a fogyat\u00e9kkal \u00e9l\u0151k sz\u00e1m\u00e1ra fenntartott speci\u00e1lis parkol\u00f3helyeken \u00e9rv\u00e9nyes &#8211; megnyit\u00e1s PDF-ben Sz\u00fcks\u00e9ges iratok: 1. k\u00e9rv\u00e9ny2. a k\u00e9relem al\u00e1t\u00e1maszt\u00e1s\u00e1ra szolg\u00e1l\u00f3 egy\u00e9b dokumentumok, f\u00e9nyk\u00e9pek, v\u00e1zlatok Parkol\u00f3hely fenntart\u00e1sa a lak\u00f3helyen a fogyat\u00e9kkal \u00e9l\u0151k sz\u00e1m\u00e1ra Parkol\u00f3helyfoglal\u00e1s a lak\u00f3helyen a fogyat\u00e9kkal \u00e9l\u0151k sz\u00e1m\u00e1ra &#8211; megnyit\u00e1s PDF-ben Sz\u00fcks\u00e9ges iratok: 1. k\u00e9rv\u00e9ny\" \/>\n<meta property=\"og:url\" content=\"https:\/\/oradea.ro\/hu\/kervenyek-es-formanyomtatvanyok\/kozteruletek-parkolok\/parkolok\/\" \/>\n<meta property=\"og:site_name\" content=\"Oradea.ro\" \/>\n<meta property=\"article:modified_time\" content=\"2023-11-24T12:14:32+00:00\" \/>\n<meta property=\"og:image\" content=\"https:\/\/oradea.ro\/wp-content\/uploads\/2023\/10\/home_hero_slide_2-scaled.webp\" \/>\n\t<meta property=\"og:image:width\" content=\"2560\" \/>\n\t<meta property=\"og:image:height\" content=\"1707\" \/>\n\t<meta property=\"og:image:type\" content=\"image\/webp\" \/>\n<meta name=\"twitter:card\" content=\"summary_large_image\" \/>\n<meta name=\"twitter:label1\" content=\"Becs\u00fclt olvas\u00e1si id\u0151\" \/>\n\t<meta name=\"twitter:data1\" content=\"1 perc\" \/>\n<script type=\"application\/ld+json\" class=\"yoast-schema-graph\">{\"@context\":\"https:\/\/schema.org\",\"@graph\":[{\"@type\":\"WebPage\",\"@id\":\"https:\/\/oradea.ro\/hu\/kervenyek-es-formanyomtatvanyok\/kozteruletek-parkolok\/parkolok\/\",\"url\":\"https:\/\/oradea.ro\/hu\/kervenyek-es-formanyomtatvanyok\/kozteruletek-parkolok\/parkolok\/\",\"name\":\"Parkol\u00f3k - Oradea.ro\",\"isPartOf\":{\"@id\":\"https:\/\/oradea.ro\/#website\"},\"primaryImageOfPage\":{\"@id\":\"https:\/\/oradea.ro\/hu\/kervenyek-es-formanyomtatvanyok\/kozteruletek-parkolok\/parkolok\/#primaryimage\"},\"image\":{\"@id\":\"https:\/\/oradea.ro\/hu\/kervenyek-es-formanyomtatvanyok\/kozteruletek-parkolok\/parkolok\/#primaryimage\"},\"thumbnailUrl\":\"https:\/\/oradea.ro\/wp-content\/uploads\/2023\/10\/home_hero_slide_2-scaled.webp\",\"datePublished\":\"2023-10-31T10:04:11+00:00\",\"dateModified\":\"2023-11-24T12:14:32+00:00\",\"breadcrumb\":{\"@id\":\"https:\/\/oradea.ro\/hu\/kervenyek-es-formanyomtatvanyok\/kozteruletek-parkolok\/parkolok\/#breadcrumb\"},\"inLanguage\":\"hu\",\"potentialAction\":[{\"@type\":\"ReadAction\",\"target\":[\"https:\/\/oradea.ro\/hu\/kervenyek-es-formanyomtatvanyok\/kozteruletek-parkolok\/parkolok\/\"]}]},{\"@type\":\"ImageObject\",\"inLanguage\":\"hu\",\"@id\":\"https:\/\/oradea.ro\/hu\/kervenyek-es-formanyomtatvanyok\/kozteruletek-parkolok\/parkolok\/#primaryimage\",\"url\":\"https:\/\/oradea.ro\/wp-content\/uploads\/2023\/10\/home_hero_slide_2-scaled.webp\",\"contentUrl\":\"https:\/\/oradea.ro\/wp-content\/uploads\/2023\/10\/home_hero_slide_2-scaled.webp\",\"width\":2560,\"height\":1707},{\"@type\":\"BreadcrumbList\",\"@id\":\"https:\/\/oradea.ro\/hu\/kervenyek-es-formanyomtatvanyok\/kozteruletek-parkolok\/parkolok\/#breadcrumb\",\"itemListElement\":[{\"@type\":\"ListItem\",\"position\":1,\"name\":\"\",\"item\":\"https:\/\/oradea.ro\/hu\/\"},{\"@type\":\"ListItem\",\"position\":2,\"name\":\"K\u00e9rv\u00e9nyek \u00e9s formanyomtatv\u00e1nyok\",\"item\":\"https:\/\/oradea.ro\/hu\/kervenyek-es-formanyomtatvanyok\/\"},{\"@type\":\"ListItem\",\"position\":3,\"name\":\"K\u00f6zter\u00fcletek, parkol\u00f3k\",\"item\":\"https:\/\/oradea.ro\/hu\/kervenyek-es-formanyomtatvanyok\/kozteruletek-parkolok\/\"},{\"@type\":\"ListItem\",\"position\":4,\"name\":\"Parkol\u00f3k\"}]},{\"@type\":\"WebSite\",\"@id\":\"https:\/\/oradea.ro\/#website\",\"url\":\"https:\/\/oradea.ro\/\",\"name\":\"Oradea.ro\",\"description\":\"Site-ul oficial al Prim\u0103riei Municipiului Oradea\",\"publisher\":{\"@id\":\"https:\/\/oradea.ro\/#organization\"},\"potentialAction\":[{\"@type\":\"SearchAction\",\"target\":{\"@type\":\"EntryPoint\",\"urlTemplate\":\"https:\/\/oradea.ro\/?s={search_term_string}\"},\"query-input\":{\"@type\":\"PropertyValueSpecification\",\"valueRequired\":true,\"valueName\":\"search_term_string\"}}],\"inLanguage\":\"hu\"},{\"@type\":\"Organization\",\"@id\":\"https:\/\/oradea.ro\/#organization\",\"name\":\"Oradea.ro\",\"url\":\"https:\/\/oradea.ro\/\",\"logo\":{\"@type\":\"ImageObject\",\"inLanguage\":\"hu\",\"@id\":\"https:\/\/oradea.ro\/#\/schema\/logo\/image\/\",\"url\":\"https:\/\/oradea.ro\/wp-content\/uploads\/2023\/06\/footer_logo.svg\",\"contentUrl\":\"https:\/\/oradea.ro\/wp-content\/uploads\/2023\/06\/footer_logo.svg\",\"width\":218,\"height\":53,\"caption\":\"Oradea.ro\"},\"image\":{\"@id\":\"https:\/\/oradea.ro\/#\/schema\/logo\/image\/\"}}]}<\/script>\n<!-- \/ Yoast SEO plugin. -->","yoast_head_json":{"title":"Parkol\u00f3k - Oradea.ro","robots":{"index":"index","follow":"follow","max-snippet":"max-snippet:-1","max-image-preview":"max-image-preview:large","max-video-preview":"max-video-preview:-1"},"canonical":"https:\/\/oradea.ro\/hu\/kervenyek-es-formanyomtatvanyok\/kozteruletek-parkolok\/parkolok\/","og_locale":"hu_HU","og_type":"article","og_title":"Parkol\u00f3k - Oradea.ro","og_description":"Parkol\u00f3k Parkol\u00f3k Egyezm\u00e9ny a kieg\u00e9sz\u00edt\u0151 parkol\u00e1sr\u00f3l Egyezm\u00e9ny a kieg\u00e9sz\u00edt\u0151 parkol\u00e1sr\u00f3l &#8211; megnyit\u00e1s PDF-ben Sz\u00fcks\u00e9ges iratok: 1. kit\u00f6lt\u00f6tt formanyomtatv\u00e1ny 2. annak az \u00e9p\u00fcletnek a telekk\u00f6nyvi kivonata, amely el\u0151tt a tov\u00e1bbi parkol\u00f3hely(ek)et k\u00e9rik;3. a M\u0171szaki Oszt\u00e1ly igazol\u00e1sa, amelyb\u0151l kider\u00fcl, hogy a parkol\u00f3hely kialak\u00edt\u00e1sa nem s\u00e9rti a k\u00f6zleked\u00e9sbiztons\u00e1gra vonatkoz\u00f3 jogszab\u00e1lyi rendelkez\u00e9seket, azaz a parkol\u00f3hely kialak\u00edt\u00e1s\u00e1nak felt\u00e9teleit4. helysz\u00ednrajz (v\u00e1zlat) &#8211; amely megmutatja a tov\u00e1bbi parkol\u00f3helyek kialak\u00edt\u00e1s\u00e1nak hely\u00e9t; 5. szem\u00e9lyazonos\u00edt\u00f3 igazolv\u00e1ny m\u00e1solata vagy a CUI m\u00e1solata (adott esetben),6. a helyi k\u00f6lts\u00e9gvet\u00e9ssel szembeni tartoz\u00e1sok naprak\u00e9sz kifizet\u00e9s\u00e9nek igazol\u00e1sa. Parkol\u00f3hely-bizony\u00edtv\u00e1ny ki\u00e1ll\u00edt\u00e1sa gar\u00e1zstulajdonosok sz\u00e1m\u00e1ra Parkol\u00f3hely-bizony\u00edtv\u00e1ny ki\u00e1ll\u00edt\u00e1sa gar\u00e1zstulajdonosok sz\u00e1m\u00e1ra &#8211; megnyit\u00e1s PDF-ben Sz\u00fcks\u00e9ges iratok: 1. formanyomtatv\u00e1ny 2. a k\u00e9relmez\u0151 szem\u00e9lyigazolv\u00e1nya Ingyenes parkol\u00f3k\u00e1rtya kibocs\u00e1t\u00e1sa a fogyat\u00e9kkal \u00e9l\u0151 szem\u00e9lyek sz\u00e1m\u00e1ra fenntartott parkol\u00f3helyekre Ingyenes parkol\u00f3k\u00e1rtya-jogosults\u00e1gi k\u00e1rtya, amely a fogyat\u00e9kkal \u00e9l\u0151k sz\u00e1m\u00e1ra fenntartott speci\u00e1lis parkol\u00f3helyeken \u00e9rv\u00e9nyes &#8211; megnyit\u00e1s PDF-ben Sz\u00fcks\u00e9ges iratok: 1. k\u00e9rv\u00e9ny2. a k\u00e9relem al\u00e1t\u00e1maszt\u00e1s\u00e1ra szolg\u00e1l\u00f3 egy\u00e9b dokumentumok, f\u00e9nyk\u00e9pek, v\u00e1zlatok Parkol\u00f3hely fenntart\u00e1sa a lak\u00f3helyen a fogyat\u00e9kkal \u00e9l\u0151k sz\u00e1m\u00e1ra Parkol\u00f3helyfoglal\u00e1s a lak\u00f3helyen a fogyat\u00e9kkal \u00e9l\u0151k sz\u00e1m\u00e1ra &#8211; megnyit\u00e1s PDF-ben Sz\u00fcks\u00e9ges iratok: 1. k\u00e9rv\u00e9ny","og_url":"https:\/\/oradea.ro\/hu\/kervenyek-es-formanyomtatvanyok\/kozteruletek-parkolok\/parkolok\/","og_site_name":"Oradea.ro","article_modified_time":"2023-11-24T12:14:32+00:00","og_image":[{"width":2560,"height":1707,"url":"https:\/\/oradea.ro\/wp-content\/uploads\/2023\/10\/home_hero_slide_2-scaled.webp","type":"image\/webp"}],"twitter_card":"summary_large_image","twitter_misc":{"Becs\u00fclt olvas\u00e1si id\u0151":"1 perc"},"schema":{"@context":"https:\/\/schema.org","@graph":[{"@type":"WebPage","@id":"https:\/\/oradea.ro\/hu\/kervenyek-es-formanyomtatvanyok\/kozteruletek-parkolok\/parkolok\/","url":"https:\/\/oradea.ro\/hu\/kervenyek-es-formanyomtatvanyok\/kozteruletek-parkolok\/parkolok\/","name":"Parkol\u00f3k - Oradea.ro","isPartOf":{"@id":"https:\/\/oradea.ro\/#website"},"primaryImageOfPage":{"@id":"https:\/\/oradea.ro\/hu\/kervenyek-es-formanyomtatvanyok\/kozteruletek-parkolok\/parkolok\/#primaryimage"},"image":{"@id":"https:\/\/oradea.ro\/hu\/kervenyek-es-formanyomtatvanyok\/kozteruletek-parkolok\/parkolok\/#primaryimage"},"thumbnailUrl":"https:\/\/oradea.ro\/wp-content\/uploads\/2023\/10\/home_hero_slide_2-scaled.webp","datePublished":"2023-10-31T10:04:11+00:00","dateModified":"2023-11-24T12:14:32+00:00","breadcrumb":{"@id":"https:\/\/oradea.ro\/hu\/kervenyek-es-formanyomtatvanyok\/kozteruletek-parkolok\/parkolok\/#breadcrumb"},"inLanguage":"hu","potentialAction":[{"@type":"ReadAction","target":["https:\/\/oradea.ro\/hu\/kervenyek-es-formanyomtatvanyok\/kozteruletek-parkolok\/parkolok\/"]}]},{"@type":"ImageObject","inLanguage":"hu","@id":"https:\/\/oradea.ro\/hu\/kervenyek-es-formanyomtatvanyok\/kozteruletek-parkolok\/parkolok\/#primaryimage","url":"https:\/\/oradea.ro\/wp-content\/uploads\/2023\/10\/home_hero_slide_2-scaled.webp","contentUrl":"https:\/\/oradea.ro\/wp-content\/uploads\/2023\/10\/home_hero_slide_2-scaled.webp","width":2560,"height":1707},{"@type":"BreadcrumbList","@id":"https:\/\/oradea.ro\/hu\/kervenyek-es-formanyomtatvanyok\/kozteruletek-parkolok\/parkolok\/#breadcrumb","itemListElement":[{"@type":"ListItem","position":1,"name":"","item":"https:\/\/oradea.ro\/hu\/"},{"@type":"ListItem","position":2,"name":"K\u00e9rv\u00e9nyek \u00e9s formanyomtatv\u00e1nyok","item":"https:\/\/oradea.ro\/hu\/kervenyek-es-formanyomtatvanyok\/"},{"@type":"ListItem","position":3,"name":"K\u00f6zter\u00fcletek, parkol\u00f3k","item":"https:\/\/oradea.ro\/hu\/kervenyek-es-formanyomtatvanyok\/kozteruletek-parkolok\/"},{"@type":"ListItem","position":4,"name":"Parkol\u00f3k"}]},{"@type":"WebSite","@id":"https:\/\/oradea.ro\/#website","url":"https:\/\/oradea.ro\/","name":"Oradea.ro","description":"Site-ul oficial al Prim\u0103riei Municipiului Oradea","publisher":{"@id":"https:\/\/oradea.ro\/#organization"},"potentialAction":[{"@type":"SearchAction","target":{"@type":"EntryPoint","urlTemplate":"https:\/\/oradea.ro\/?s={search_term_string}"},"query-input":{"@type":"PropertyValueSpecification","valueRequired":true,"valueName":"search_term_string"}}],"inLanguage":"hu"},{"@type":"Organization","@id":"https:\/\/oradea.ro\/#organization","name":"Oradea.ro","url":"https:\/\/oradea.ro\/","logo":{"@type":"ImageObject","inLanguage":"hu","@id":"https:\/\/oradea.ro\/#\/schema\/logo\/image\/","url":"https:\/\/oradea.ro\/wp-content\/uploads\/2023\/06\/footer_logo.svg","contentUrl":"https:\/\/oradea.ro\/wp-content\/uploads\/2023\/06\/footer_logo.svg","width":218,"height":53,"caption":"Oradea.ro"},"image":{"@id":"https:\/\/oradea.ro\/#\/schema\/logo\/image\/"}}]}},"publishpress_future_action":{"enabled":false,"date":"2026-05-11 17:04:18","action":"change-status","newStatus":"draft","terms":[],"taxonomy":"translation_priority","extraData":[]},"publishpress_future_workflow_manual_trigger":{"enabledWorkflows":[]},"_links":{"self":[{"href":"https:\/\/oradea.ro\/hu\/wp-json\/wp\/v2\/pages\/45452","targetHints":{"allow":["GET"]}}],"collection":[{"href":"https:\/\/oradea.ro\/hu\/wp-json\/wp\/v2\/pages"}],"about":[{"href":"https:\/\/oradea.ro\/hu\/wp-json\/wp\/v2\/types\/page"}],"author":[{"embeddable":true,"href":"https:\/\/oradea.ro\/hu\/wp-json\/wp\/v2\/users\/2"}],"replies":[{"embeddable":true,"href":"https:\/\/oradea.ro\/hu\/wp-json\/wp\/v2\/comments?post=45452"}],"version-history":[{"count":3,"href":"https:\/\/oradea.ro\/hu\/wp-json\/wp\/v2\/pages\/45452\/revisions"}],"predecessor-version":[{"id":45455,"href":"https:\/\/oradea.ro\/hu\/wp-json\/wp\/v2\/pages\/45452\/revisions\/45455"}],"up":[{"embeddable":true,"href":"https:\/\/oradea.ro\/hu\/wp-json\/wp\/v2\/pages\/45434"}],"wp:featuredmedia":[{"embeddable":true,"href":"https:\/\/oradea.ro\/hu\/wp-json\/wp\/v2\/media\/16991"}],"wp:attachment":[{"href":"https:\/\/oradea.ro\/hu\/wp-json\/wp\/v2\/media?parent=45452"}],"curies":[{"name":"wp","href":"https:\/\/api.w.org\/{rel}","templated":true}]}}