{"id":85218,"date":"2023-10-11T12:13:15","date_gmt":"2023-10-11T12:13:15","guid":{"rendered":"https:\/\/oradea.ro\/menedzsment\/"},"modified":"2023-11-29T08:27:43","modified_gmt":"2023-11-29T08:27:43","slug":"menedzsment","status":"publish","type":"page","link":"https:\/\/oradea.ro\/hu\/polgarok-szamara\/nagyvaradi-helyi-rendorseg\/menedzsment\/","title":{"rendered":"Menedzsment"},"content":{"rendered":"<div class=\"min-w-[100vw] h-[350px] md:h-[500px] ml-[calc(50%-50vw)] flex items-end bg-no-repeat bg-white bg-cover bg-center px-5\" style=\"background-image: url(https:\/\/oradea.ro\/wp-content\/uploads\/2023\/09\/hero_slide_2.webp);\">\r\n                    <div class=\"w-full max-w-7xl mx-auto mb-6\">\r\n                        <h1 class=\"my-0 text-white font-extrabold font-open-sans text-3xl md:text-6xl [text-shadow:_0_1px_4px_rgb(0_0_0_\/_50%)]\">Menedzsment<\/h1>\r\n                    <\/div>\r\n                <\/div><div class=\"!px-5\"><div class=\"breadcrumbs w-full max-w-7xl mx-auto grid md:flex flex-wrap items-center py-4 test\"><div><a href=\"https:\/\/oradea.ro\/hu\/\"><span class=\"fas fa-home text-[#ABAEB3]\"><\/span><\/a><span class=\"md:hidden\"><span class=\"fas fa-chevron-down mx-5 text-xs text-[#ABAEB3] hover:text-black\/50 transition-all\"><\/span><\/span><span class=\"hidden md:inline\"><span class=\"fas fa-chevron-right mx-5 text-xs text-[#ABAEB3] hover:text-black\/50 transition-all\"><\/span><\/span><\/div><span class=\"font-poppins font-semibold uppercase text-black\/60\">Menedzsment<\/span><\/div><\/div>\t\t<div data-elementor-type=\"wp-page\" data-elementor-id=\"85218\" class=\"elementor elementor-85218 elementor-18458\" data-elementor-post-type=\"page\">\n\t\t\t\t<div class=\"elementor-element elementor-element-62ddc80 e-flex e-con-boxed wpr-particle-no wpr-jarallax-no wpr-parallax-no wpr-sticky-section-no e-con e-parent\" data-id=\"62ddc80\" data-element_type=\"container\">\n\t\t\t\t\t<div class=\"e-con-inner\">\n\t\t\t\t<div class=\"elementor-element elementor-element-398b767 wpr-advanced-accordion-icon-side-box elementor-widget elementor-widget-wpr-advanced-accordion\" data-id=\"398b767\" data-element_type=\"widget\" data-settings=\"{&quot;active_item&quot;:1}\" data-widget_type=\"wpr-advanced-accordion.default\">\n\t\t\t\t<div class=\"elementor-widget-container\">\n\t\t\t\t\t\n            <div class=\"wpr-advanced-accordion\" data-accordion-type=\"accordion\" data-active-index=\"1\" data-accordion-trigger=\"click\" data-interaction-speed=\"0.4\">\n\n\t\t\t\n                \n\t\t\t\t\t<div class=\"wpr-accordion-item-wrap\">\n\t\t\t\t\t\t<button class=\"wpr-acc-button\">\n\t\t\t\t\t\t\t<span class=\"wpr-acc-item-title\">\n\t\t\t\t\t\t\t\t\t\t\t\t\t\t\t\t\t<div class=\"wpr-acc-icon-box\">\n\t\t\t\t\t\t\t\t\t\t\t\t\t\t<span class=\"wpr-title-icon\">\n\t\t\t\t\t<i aria-hidden=\"true\" class=\"fas fa-info\"><\/i>\t\t\t\t<\/span>\n\t\t\t\t\t\t\t\t\t\t\t\t<\/div>\n\t\t\t\t\t\t\t\t\n\t\t\t\t\t\t\t\t<span class=\"wpr-acc-title-text\">Menedzsment<\/span>\n\t\t\t\t\t\t\t<\/span>\n\t\t\t\t\t\t\t\t\t\t\t<span class=\"wpr-toggle-icon wpr-ti-close\"><i aria-hidden=\"true\" class=\"fas fa-plus\"><\/i><\/span>\n\t\t\t\t<span class=\"wpr-toggle-icon wpr-ti-open\"><i aria-hidden=\"true\" class=\"fas fa-minus\"><\/i><\/span>\n\t\t\t\t\t\t\t\t\t<\/button>\n\n\t\t\t\t\t\t<div class=\"wpr-acc-panel\">\n\t\t\t\t\t\t\t\t\t\t\t\t\t\t\t<div class=\"wpr-acc-panel-content\"><p><span style=\"font-weight: 400;\">\u00dcgyvezet\u0151 igazgat\u00f3 : MILIAN SAMUEL<\/span><\/p><p><span style=\"font-weight: 400;\">A meghallgat\u00e1sok id\u0151pontja: keddenk\u00e9nt 09:00-11:00 \u00f3ra k\u00f6z\u00f6tt<\/span><\/p><p> <\/p><p><span style=\"font-weight: 400;\">\u00dcgyvezet\u0151igazgat\u00f3-helyettes: G\u0102LU\u021a IOAN NICOLAE<\/span><\/p><p> <\/p><p><span style=\"font-weight: 400;\">\u00dcgyvezet\u0151 igazgat\u00f3helyettes: GALL MONICA<\/span><\/p><p> <\/p><p><span style=\"font-weight: 400;\">K\u00f6zleked\u00e9sbiztons\u00e1gi \u00e9s gyalogos ter\u00fcletek irodavezet\u0151je: MARI\u0218 VLAD ALIN<\/span><\/p><p> <\/p><p><span style=\"font-weight: 400;\">K\u00f6zrendv\u00e9delmi \u00e9s Kereskedelmi Ellen\u0151rz\u00e9si Hivatal vezet\u0151je: ILISIE FLORIN SORIN<\/span><\/p><\/div>\n\t\t\t\t\t\t\t\t\t\t\t\t\t<\/div>\n                    <\/div>\n\n                            <\/div>\n        \t\t\t\t<\/div>\n\t\t\t\t<\/div>\n\t\t\t\t\t<\/div>\n\t\t\t\t<\/div>\n\t\t\t\t<\/div>\n\t\t","protected":false},"excerpt":{"rendered":"<p>Menedzsment Menedzsment Menedzsment \u00dcgyvezet\u0151 igazgat\u00f3 : MILIAN SAMUEL A meghallgat\u00e1sok id\u0151pontja: keddenk\u00e9nt 09:00-11:00 \u00f3ra k\u00f6z\u00f6tt \u00dcgyvezet\u0151igazgat\u00f3-helyettes: G\u0102LU\u021a IOAN NICOLAE \u00dcgyvezet\u0151 igazgat\u00f3helyettes: GALL MONICA K\u00f6zleked\u00e9sbiztons\u00e1gi \u00e9s gyalogos ter\u00fcletek irodavezet\u0151je: MARI\u0218 VLAD ALIN K\u00f6zrendv\u00e9delmi \u00e9s Kereskedelmi Ellen\u0151rz\u00e9si Hivatal vezet\u0151je: ILISIE FLORIN SORIN<\/p>\n","protected":false},"author":1,"featured_media":17036,"parent":187200,"menu_order":0,"comment_status":"closed","ping_status":"closed","template":"","meta":{"_acf_changed":false,"ep_exclude_from_search":false,"footnotes":""},"class_list":["post-85218","page","type-page","status-publish","has-post-thumbnail","hentry"],"acf":[],"yoast_head":"<!-- This site is optimized with the Yoast SEO plugin v26.6 - https:\/\/yoast.com\/wordpress\/plugins\/seo\/ -->\n<title>Menedzsment - Oradea.ro<\/title>\n<meta name=\"robots\" content=\"index, follow, max-snippet:-1, max-image-preview:large, max-video-preview:-1\" \/>\n<link rel=\"canonical\" href=\"https:\/\/oradea.ro\/hu\/polgarok-szamara\/nagyvaradi-helyi-rendorseg\/menedzsment\/\" \/>\n<meta property=\"og:locale\" content=\"hu_HU\" \/>\n<meta property=\"og:type\" content=\"article\" \/>\n<meta property=\"og:title\" content=\"Menedzsment - Oradea.ro\" \/>\n<meta property=\"og:description\" content=\"Menedzsment Menedzsment Menedzsment \u00dcgyvezet\u0151 igazgat\u00f3 : MILIAN SAMUEL A meghallgat\u00e1sok id\u0151pontja: keddenk\u00e9nt 09:00-11:00 \u00f3ra k\u00f6z\u00f6tt \u00dcgyvezet\u0151igazgat\u00f3-helyettes: G\u0102LU\u021a IOAN NICOLAE \u00dcgyvezet\u0151 igazgat\u00f3helyettes: GALL MONICA K\u00f6zleked\u00e9sbiztons\u00e1gi \u00e9s gyalogos ter\u00fcletek irodavezet\u0151je: MARI\u0218 VLAD ALIN K\u00f6zrendv\u00e9delmi \u00e9s Kereskedelmi Ellen\u0151rz\u00e9si Hivatal vezet\u0151je: ILISIE FLORIN SORIN\" \/>\n<meta property=\"og:url\" content=\"https:\/\/oradea.ro\/hu\/polgarok-szamara\/nagyvaradi-helyi-rendorseg\/menedzsment\/\" \/>\n<meta property=\"og:site_name\" content=\"Oradea.ro\" \/>\n<meta property=\"article:modified_time\" content=\"2023-11-29T08:27:43+00:00\" \/>\n<meta property=\"og:image\" content=\"https:\/\/oradea.ro\/wp-content\/uploads\/2023\/09\/hero_slide_2.webp\" \/>\n\t<meta property=\"og:image:width\" content=\"1920\" \/>\n\t<meta property=\"og:image:height\" content=\"1000\" \/>\n\t<meta property=\"og:image:type\" content=\"image\/webp\" \/>\n<meta name=\"twitter:card\" content=\"summary_large_image\" \/>\n<script type=\"application\/ld+json\" class=\"yoast-schema-graph\">{\"@context\":\"https:\/\/schema.org\",\"@graph\":[{\"@type\":\"WebPage\",\"@id\":\"https:\/\/oradea.ro\/hu\/polgarok-szamara\/nagyvaradi-helyi-rendorseg\/menedzsment\/\",\"url\":\"https:\/\/oradea.ro\/hu\/polgarok-szamara\/nagyvaradi-helyi-rendorseg\/menedzsment\/\",\"name\":\"Menedzsment - Oradea.ro\",\"isPartOf\":{\"@id\":\"https:\/\/oradea.ro\/#website\"},\"primaryImageOfPage\":{\"@id\":\"https:\/\/oradea.ro\/hu\/polgarok-szamara\/nagyvaradi-helyi-rendorseg\/menedzsment\/#primaryimage\"},\"image\":{\"@id\":\"https:\/\/oradea.ro\/hu\/polgarok-szamara\/nagyvaradi-helyi-rendorseg\/menedzsment\/#primaryimage\"},\"thumbnailUrl\":\"https:\/\/oradea.ro\/wp-content\/uploads\/2023\/09\/hero_slide_2.webp\",\"datePublished\":\"2023-10-11T12:13:15+00:00\",\"dateModified\":\"2023-11-29T08:27:43+00:00\",\"breadcrumb\":{\"@id\":\"https:\/\/oradea.ro\/hu\/polgarok-szamara\/nagyvaradi-helyi-rendorseg\/menedzsment\/#breadcrumb\"},\"inLanguage\":\"hu\",\"potentialAction\":[{\"@type\":\"ReadAction\",\"target\":[\"https:\/\/oradea.ro\/hu\/polgarok-szamara\/nagyvaradi-helyi-rendorseg\/menedzsment\/\"]}]},{\"@type\":\"ImageObject\",\"inLanguage\":\"hu\",\"@id\":\"https:\/\/oradea.ro\/hu\/polgarok-szamara\/nagyvaradi-helyi-rendorseg\/menedzsment\/#primaryimage\",\"url\":\"https:\/\/oradea.ro\/wp-content\/uploads\/2023\/09\/hero_slide_2.webp\",\"contentUrl\":\"https:\/\/oradea.ro\/wp-content\/uploads\/2023\/09\/hero_slide_2.webp\",\"width\":1920,\"height\":1000},{\"@type\":\"BreadcrumbList\",\"@id\":\"https:\/\/oradea.ro\/hu\/polgarok-szamara\/nagyvaradi-helyi-rendorseg\/menedzsment\/#breadcrumb\",\"itemListElement\":[{\"@type\":\"ListItem\",\"position\":1,\"name\":\"\",\"item\":\"https:\/\/oradea.ro\/hu\/\"},{\"@type\":\"ListItem\",\"position\":2,\"name\":\"Polg\u00e1rok sz\u00e1m\u00e1ra\",\"item\":\"https:\/\/oradea.ro\/hu\/polgarok-szamara\/\"},{\"@type\":\"ListItem\",\"position\":3,\"name\":\"Nagyv\u00e1radi Helyi Rend\u0151rs\u00e9g\",\"item\":\"https:\/\/oradea.ro\/hu\/polgarok-szamara\/nagyvaradi-helyi-rendorseg\/\"},{\"@type\":\"ListItem\",\"position\":4,\"name\":\"Menedzsment\"}]},{\"@type\":\"WebSite\",\"@id\":\"https:\/\/oradea.ro\/#website\",\"url\":\"https:\/\/oradea.ro\/\",\"name\":\"Oradea.ro\",\"description\":\"Site-ul oficial al Prim\u0103riei Municipiului Oradea\",\"publisher\":{\"@id\":\"https:\/\/oradea.ro\/#organization\"},\"potentialAction\":[{\"@type\":\"SearchAction\",\"target\":{\"@type\":\"EntryPoint\",\"urlTemplate\":\"https:\/\/oradea.ro\/?s={search_term_string}\"},\"query-input\":{\"@type\":\"PropertyValueSpecification\",\"valueRequired\":true,\"valueName\":\"search_term_string\"}}],\"inLanguage\":\"hu\"},{\"@type\":\"Organization\",\"@id\":\"https:\/\/oradea.ro\/#organization\",\"name\":\"Oradea.ro\",\"url\":\"https:\/\/oradea.ro\/\",\"logo\":{\"@type\":\"ImageObject\",\"inLanguage\":\"hu\",\"@id\":\"https:\/\/oradea.ro\/#\/schema\/logo\/image\/\",\"url\":\"https:\/\/oradea.ro\/wp-content\/uploads\/2023\/06\/footer_logo.svg\",\"contentUrl\":\"https:\/\/oradea.ro\/wp-content\/uploads\/2023\/06\/footer_logo.svg\",\"width\":218,\"height\":53,\"caption\":\"Oradea.ro\"},\"image\":{\"@id\":\"https:\/\/oradea.ro\/#\/schema\/logo\/image\/\"}}]}<\/script>\n<!-- \/ Yoast SEO plugin. -->","yoast_head_json":{"title":"Menedzsment - Oradea.ro","robots":{"index":"index","follow":"follow","max-snippet":"max-snippet:-1","max-image-preview":"max-image-preview:large","max-video-preview":"max-video-preview:-1"},"canonical":"https:\/\/oradea.ro\/hu\/polgarok-szamara\/nagyvaradi-helyi-rendorseg\/menedzsment\/","og_locale":"hu_HU","og_type":"article","og_title":"Menedzsment - Oradea.ro","og_description":"Menedzsment Menedzsment Menedzsment \u00dcgyvezet\u0151 igazgat\u00f3 : MILIAN SAMUEL A meghallgat\u00e1sok id\u0151pontja: keddenk\u00e9nt 09:00-11:00 \u00f3ra k\u00f6z\u00f6tt \u00dcgyvezet\u0151igazgat\u00f3-helyettes: G\u0102LU\u021a IOAN NICOLAE \u00dcgyvezet\u0151 igazgat\u00f3helyettes: GALL MONICA K\u00f6zleked\u00e9sbiztons\u00e1gi \u00e9s gyalogos ter\u00fcletek irodavezet\u0151je: MARI\u0218 VLAD ALIN K\u00f6zrendv\u00e9delmi \u00e9s Kereskedelmi Ellen\u0151rz\u00e9si Hivatal vezet\u0151je: ILISIE FLORIN SORIN","og_url":"https:\/\/oradea.ro\/hu\/polgarok-szamara\/nagyvaradi-helyi-rendorseg\/menedzsment\/","og_site_name":"Oradea.ro","article_modified_time":"2023-11-29T08:27:43+00:00","og_image":[{"width":1920,"height":1000,"url":"https:\/\/oradea.ro\/wp-content\/uploads\/2023\/09\/hero_slide_2.webp","type":"image\/webp"}],"twitter_card":"summary_large_image","schema":{"@context":"https:\/\/schema.org","@graph":[{"@type":"WebPage","@id":"https:\/\/oradea.ro\/hu\/polgarok-szamara\/nagyvaradi-helyi-rendorseg\/menedzsment\/","url":"https:\/\/oradea.ro\/hu\/polgarok-szamara\/nagyvaradi-helyi-rendorseg\/menedzsment\/","name":"Menedzsment - Oradea.ro","isPartOf":{"@id":"https:\/\/oradea.ro\/#website"},"primaryImageOfPage":{"@id":"https:\/\/oradea.ro\/hu\/polgarok-szamara\/nagyvaradi-helyi-rendorseg\/menedzsment\/#primaryimage"},"image":{"@id":"https:\/\/oradea.ro\/hu\/polgarok-szamara\/nagyvaradi-helyi-rendorseg\/menedzsment\/#primaryimage"},"thumbnailUrl":"https:\/\/oradea.ro\/wp-content\/uploads\/2023\/09\/hero_slide_2.webp","datePublished":"2023-10-11T12:13:15+00:00","dateModified":"2023-11-29T08:27:43+00:00","breadcrumb":{"@id":"https:\/\/oradea.ro\/hu\/polgarok-szamara\/nagyvaradi-helyi-rendorseg\/menedzsment\/#breadcrumb"},"inLanguage":"hu","potentialAction":[{"@type":"ReadAction","target":["https:\/\/oradea.ro\/hu\/polgarok-szamara\/nagyvaradi-helyi-rendorseg\/menedzsment\/"]}]},{"@type":"ImageObject","inLanguage":"hu","@id":"https:\/\/oradea.ro\/hu\/polgarok-szamara\/nagyvaradi-helyi-rendorseg\/menedzsment\/#primaryimage","url":"https:\/\/oradea.ro\/wp-content\/uploads\/2023\/09\/hero_slide_2.webp","contentUrl":"https:\/\/oradea.ro\/wp-content\/uploads\/2023\/09\/hero_slide_2.webp","width":1920,"height":1000},{"@type":"BreadcrumbList","@id":"https:\/\/oradea.ro\/hu\/polgarok-szamara\/nagyvaradi-helyi-rendorseg\/menedzsment\/#breadcrumb","itemListElement":[{"@type":"ListItem","position":1,"name":"","item":"https:\/\/oradea.ro\/hu\/"},{"@type":"ListItem","position":2,"name":"Polg\u00e1rok sz\u00e1m\u00e1ra","item":"https:\/\/oradea.ro\/hu\/polgarok-szamara\/"},{"@type":"ListItem","position":3,"name":"Nagyv\u00e1radi Helyi Rend\u0151rs\u00e9g","item":"https:\/\/oradea.ro\/hu\/polgarok-szamara\/nagyvaradi-helyi-rendorseg\/"},{"@type":"ListItem","position":4,"name":"Menedzsment"}]},{"@type":"WebSite","@id":"https:\/\/oradea.ro\/#website","url":"https:\/\/oradea.ro\/","name":"Oradea.ro","description":"Site-ul oficial al Prim\u0103riei Municipiului Oradea","publisher":{"@id":"https:\/\/oradea.ro\/#organization"},"potentialAction":[{"@type":"SearchAction","target":{"@type":"EntryPoint","urlTemplate":"https:\/\/oradea.ro\/?s={search_term_string}"},"query-input":{"@type":"PropertyValueSpecification","valueRequired":true,"valueName":"search_term_string"}}],"inLanguage":"hu"},{"@type":"Organization","@id":"https:\/\/oradea.ro\/#organization","name":"Oradea.ro","url":"https:\/\/oradea.ro\/","logo":{"@type":"ImageObject","inLanguage":"hu","@id":"https:\/\/oradea.ro\/#\/schema\/logo\/image\/","url":"https:\/\/oradea.ro\/wp-content\/uploads\/2023\/06\/footer_logo.svg","contentUrl":"https:\/\/oradea.ro\/wp-content\/uploads\/2023\/06\/footer_logo.svg","width":218,"height":53,"caption":"Oradea.ro"},"image":{"@id":"https:\/\/oradea.ro\/#\/schema\/logo\/image\/"}}]}},"publishpress_future_action":{"enabled":false,"date":"2026-04-30 08:44:14","action":"change-status","newStatus":"draft","terms":[],"taxonomy":"translation_priority","extraData":[]},"publishpress_future_workflow_manual_trigger":{"enabledWorkflows":[]},"_links":{"self":[{"href":"https:\/\/oradea.ro\/hu\/wp-json\/wp\/v2\/pages\/85218","targetHints":{"allow":["GET"]}}],"collection":[{"href":"https:\/\/oradea.ro\/hu\/wp-json\/wp\/v2\/pages"}],"about":[{"href":"https:\/\/oradea.ro\/hu\/wp-json\/wp\/v2\/types\/page"}],"author":[{"embeddable":true,"href":"https:\/\/oradea.ro\/hu\/wp-json\/wp\/v2\/users\/1"}],"replies":[{"embeddable":true,"href":"https:\/\/oradea.ro\/hu\/wp-json\/wp\/v2\/comments?post=85218"}],"version-history":[{"count":1,"href":"https:\/\/oradea.ro\/hu\/wp-json\/wp\/v2\/pages\/85218\/revisions"}],"predecessor-version":[{"id":85219,"href":"https:\/\/oradea.ro\/hu\/wp-json\/wp\/v2\/pages\/85218\/revisions\/85219"}],"up":[{"embeddable":true,"href":"https:\/\/oradea.ro\/hu\/wp-json\/wp\/v2\/pages\/187200"}],"wp:featuredmedia":[{"embeddable":true,"href":"https:\/\/oradea.ro\/hu\/wp-json\/wp\/v2\/media\/17036"}],"wp:attachment":[{"href":"https:\/\/oradea.ro\/hu\/wp-json\/wp\/v2\/media?parent=85218"}],"curies":[{"name":"wp","href":"https:\/\/api.w.org\/{rel}","templated":true}]}}