{"id":85220,"date":"2023-07-28T08:28:25","date_gmt":"2023-07-28T08:28:25","guid":{"rendered":"https:\/\/oradea.ro\/nagyvaradi-varoshaza\/"},"modified":"2024-01-18T11:25:27","modified_gmt":"2024-01-18T11:25:27","slug":"nagyvaradi-varoshaza","status":"publish","type":"page","link":"https:\/\/oradea.ro\/hu\/nagyvaradi-varoshaza\/","title":{"rendered":"Nagyv\u00e1radi V\u00e1rosh\u00e1za"},"content":{"rendered":"<div class=\"min-w-[100vw] h-[350px] md:h-[500px] ml-[calc(50%-50vw)] flex items-end bg-no-repeat bg-white bg-cover bg-center px-5\" style=\"background-image: url(https:\/\/oradea.ro\/wp-content\/uploads\/2023\/10\/home_hero_slide_2-scaled.webp);\">\r\n                    <div class=\"w-full max-w-7xl mx-auto mb-6\">\r\n                        <h1 class=\"my-0 text-white font-extrabold font-open-sans text-3xl md:text-6xl [text-shadow:_0_1px_4px_rgb(0_0_0_\/_50%)]\">Nagyv\u00e1radi V\u00e1rosh\u00e1za<\/h1>\r\n                    <\/div>\r\n                <\/div><div class=\"!px-5\"><div class=\"breadcrumbs w-full max-w-7xl mx-auto grid md:flex flex-wrap items-center py-4 test\"><div><a href=\"https:\/\/oradea.ro\/hu\/\"><span class=\"fas fa-home text-[#ABAEB3]\"><\/span><\/a><span class=\"md:hidden\"><span class=\"fas fa-chevron-down mx-5 text-xs text-[#ABAEB3] hover:text-black\/50 transition-all\"><\/span><\/span><span class=\"hidden md:inline\"><span class=\"fas fa-chevron-right mx-5 text-xs text-[#ABAEB3] hover:text-black\/50 transition-all\"><\/span><\/span><\/div><span class=\"font-poppins font-semibold uppercase text-black\/60\">Nagyv\u00e1radi V\u00e1rosh\u00e1za<\/span><\/div><\/div>\t\t<div data-elementor-type=\"wp-page\" data-elementor-id=\"85220\" class=\"elementor elementor-85220 elementor-3160\" data-elementor-post-type=\"page\">\n\t\t\t\t<div class=\"elementor-element elementor-element-6543a25 e-flex e-con-boxed wpr-particle-no wpr-jarallax-no wpr-parallax-no wpr-sticky-section-no e-con e-parent\" data-id=\"6543a25\" data-element_type=\"container\">\n\t\t\t\t\t<div class=\"e-con-inner\">\n\t\t<div class=\"elementor-element elementor-element-9142541 e-flex e-con-boxed wpr-particle-no wpr-jarallax-no wpr-parallax-no wpr-sticky-section-no e-con e-child\" data-id=\"9142541\" data-element_type=\"container\">\n\t\t\t\t\t<div class=\"e-con-inner\">\n\t\t\t\t<div class=\"elementor-element elementor-element-04015de elementor-widget elementor-widget-heading\" data-id=\"04015de\" data-element_type=\"widget\" data-widget_type=\"heading.default\">\n\t\t\t\t<div class=\"elementor-widget-container\">\n\t\t\t\t\t<h2 class=\"elementor-heading-title elementor-size-default\">Nagyv\u00e1radi V\u00e1rosh\u00e1za<\/h2>\t\t\t\t<\/div>\n\t\t\t\t<\/div>\n\t\t<div class=\"elementor-element elementor-element-fd8830d e-con-full e-flex wpr-particle-no wpr-jarallax-no wpr-parallax-no wpr-sticky-section-no e-con e-child\" data-id=\"fd8830d\" data-element_type=\"container\">\n\t\t<a class=\"elementor-element elementor-element-5d9d474 e-con-full e-flex wpr-particle-no wpr-jarallax-no wpr-parallax-no wpr-sticky-section-no e-con e-child\" data-id=\"5d9d474\" data-element_type=\"container\" href=\"https:\/\/oradea.ro\/hu\/nagyvaradi-varoshaza\/varoshaza-szerkezete\/\">\n\t\t\t\t<div class=\"elementor-element elementor-element-1b490b7 elementor-widget elementor-widget-heading\" data-id=\"1b490b7\" data-element_type=\"widget\" data-widget_type=\"heading.default\">\n\t\t\t\t<div class=\"elementor-widget-container\">\n\t\t\t\t\t<h2 class=\"elementor-heading-title elementor-size-default\">V\u00e1rosh\u00e1za szerkezete<\/h2>\t\t\t\t<\/div>\n\t\t\t\t<\/div>\n\t\t\t\t<\/a>\n\t\t<a class=\"elementor-element elementor-element-2e7560d e-con-full e-flex wpr-particle-no wpr-jarallax-no wpr-parallax-no wpr-sticky-section-no e-con e-child\" data-id=\"2e7560d\" data-element_type=\"container\" href=\"https:\/\/oradea.ro\/hu\/nagyvaradi-varoshaza\/kozbeszerzesek\/\">\n\t\t\t\t<div class=\"elementor-element elementor-element-5215b2c elementor-widget elementor-widget-heading\" data-id=\"5215b2c\" data-element_type=\"widget\" data-widget_type=\"heading.default\">\n\t\t\t\t<div class=\"elementor-widget-container\">\n\t\t\t\t\t<h2 class=\"elementor-heading-title elementor-size-default\">K\u00d6ZBESZERZ\u00c9SEK<\/h2>\t\t\t\t<\/div>\n\t\t\t\t<\/div>\n\t\t\t\t<\/a>\n\t\t<a class=\"elementor-element elementor-element-0eb418e e-con-full e-flex wpr-particle-no wpr-jarallax-no wpr-parallax-no wpr-sticky-section-no e-con e-child\" data-id=\"0eb418e\" data-element_type=\"container\" href=\"https:\/\/oradea.ro\/hu\/nagyvaradi-varoshaza\/atlathatosag\/\">\n\t\t\t\t<div class=\"elementor-element elementor-element-6d38ae6 elementor-widget elementor-widget-heading\" data-id=\"6d38ae6\" data-element_type=\"widget\" data-widget_type=\"heading.default\">\n\t\t\t\t<div class=\"elementor-widget-container\">\n\t\t\t\t\t<h2 class=\"elementor-heading-title elementor-size-default\">\u00c1TL\u00c1THAT\u00d3S\u00c1G<\/h2>\t\t\t\t<\/div>\n\t\t\t\t<\/div>\n\t\t\t\t<\/a>\n\t\t\t\t<\/div>\n\t\t<div class=\"elementor-element elementor-element-7996c65 e-con-full e-flex wpr-particle-no wpr-jarallax-no wpr-parallax-no wpr-sticky-section-no e-con e-child\" data-id=\"7996c65\" data-element_type=\"container\">\n\t\t<a class=\"elementor-element elementor-element-af57efa e-con-full e-flex wpr-particle-no wpr-jarallax-no wpr-parallax-no wpr-sticky-section-no e-con e-child\" data-id=\"af57efa\" data-element_type=\"container\" href=\"https:\/\/oradea.ro\/hu\/nagyvaradi-varoshaza\/gazdasagi-informaciok\/\">\n\t\t\t\t<div class=\"elementor-element elementor-element-28d7ebf elementor-widget elementor-widget-heading\" data-id=\"28d7ebf\" data-element_type=\"widget\" data-widget_type=\"heading.default\">\n\t\t\t\t<div class=\"elementor-widget-container\">\n\t\t\t\t\t<h2 class=\"elementor-heading-title elementor-size-default\">P\u00c9NZ\u00dcGYI INFORM\u00c1CI\u00d3K<\/h2>\t\t\t\t<\/div>\n\t\t\t\t<\/div>\n\t\t\t\t<\/a>\n\t\t<a class=\"elementor-element elementor-element-014df7a e-con-full e-flex wpr-particle-no wpr-jarallax-no wpr-parallax-no wpr-sticky-section-no e-con e-child\" data-id=\"014df7a\" data-element_type=\"container\" href=\"https:\/\/oradea.ro\/hu\/nagyvaradi-varoshaza\/helyi-tanacs\/\">\n\t\t\t\t<div class=\"elementor-element elementor-element-1f9aacc elementor-widget elementor-widget-heading\" data-id=\"1f9aacc\" data-element_type=\"widget\" data-widget_type=\"heading.default\">\n\t\t\t\t<div class=\"elementor-widget-container\">\n\t\t\t\t\t<h2 class=\"elementor-heading-title elementor-size-default\">HELYI TAN\u00c1CS<\/h2>\t\t\t\t<\/div>\n\t\t\t\t<\/div>\n\t\t\t\t<\/a>\n\t\t<a class=\"elementor-element elementor-element-5dac9d9 e-con-full e-flex wpr-particle-no wpr-jarallax-no wpr-parallax-no wpr-sticky-section-no e-con e-child\" data-id=\"5dac9d9\" data-element_type=\"container\" href=\"https:\/\/oradea.ro\/hu\/nagyvaradi-varoshaza\/hirlevel\/\">\n\t\t\t\t<div class=\"elementor-element elementor-element-7589f8f elementor-widget elementor-widget-heading\" data-id=\"7589f8f\" data-element_type=\"widget\" data-widget_type=\"heading.default\">\n\t\t\t\t<div class=\"elementor-widget-container\">\n\t\t\t\t\t<h2 class=\"elementor-heading-title elementor-size-default\">H\u00cdRLEV\u00c9L<\/h2>\t\t\t\t<\/div>\n\t\t\t\t<\/div>\n\t\t\t\t<\/a>\n\t\t\t\t<\/div>\n\t\t<div class=\"elementor-element elementor-element-69a628d e-con-full e-flex wpr-particle-no wpr-jarallax-no wpr-parallax-no wpr-sticky-section-no e-con e-child\" data-id=\"69a628d\" data-element_type=\"container\">\n\t\t<a class=\"elementor-element elementor-element-78a2487 e-con-full e-flex wpr-particle-no wpr-jarallax-no wpr-parallax-no wpr-sticky-section-no e-con e-child\" data-id=\"78a2487\" data-element_type=\"container\" href=\"https:\/\/oradea.ro\/hu\/adozasi-informaciok\/kozlemenyek-kozigazgatasi-iratok-kozlese\/\">\n\t\t\t\t<div class=\"elementor-element elementor-element-6d735bb elementor-widget elementor-widget-heading\" data-id=\"6d735bb\" data-element_type=\"widget\" data-widget_type=\"heading.default\">\n\t\t\t\t<div class=\"elementor-widget-container\">\n\t\t\t\t\t<h2 class=\"elementor-heading-title elementor-size-default\">K\u00d6ZLEM\u00c9NYEK<\/h2>\t\t\t\t<\/div>\n\t\t\t\t<\/div>\n\t\t\t\t<\/a>\n\t\t<a class=\"elementor-element elementor-element-0e4f54a e-con-full e-flex wpr-particle-no wpr-jarallax-no wpr-parallax-no wpr-sticky-section-no e-con e-child\" data-id=\"0e4f54a\" data-element_type=\"container\" href=\"https:\/\/oradea.ro\/prelucrarea-datelor-cu-caracter-personal\/\">\n\t\t\t\t<div class=\"elementor-element elementor-element-a08dfdd elementor-widget elementor-widget-heading\" data-id=\"a08dfdd\" data-element_type=\"widget\" data-widget_type=\"heading.default\">\n\t\t\t\t<div class=\"elementor-widget-container\">\n\t\t\t\t\t<h2 class=\"elementor-heading-title elementor-size-default\">Szem\u00e9lyes adatok feldolgoz\u00e1sa<\/h2>\t\t\t\t<\/div>\n\t\t\t\t<\/div>\n\t\t\t\t<\/a>\n\t\t<a class=\"elementor-element elementor-element-ee178ae e-con-full elementor-hidden-mobile e-flex wpr-particle-no wpr-jarallax-no wpr-parallax-no wpr-sticky-section-no e-con e-child\" data-id=\"ee178ae\" data-element_type=\"container\">\n\t\t\t\t<\/a>\n\t\t<a class=\"elementor-element elementor-element-2e4aceb e-con-full elementor-hidden-mobile e-flex wpr-particle-no wpr-jarallax-no wpr-parallax-no wpr-sticky-section-no e-con e-child\" data-id=\"2e4aceb\" data-element_type=\"container\">\n\t\t\t\t<\/a>\n\t\t\t\t<\/div>\n\t\t\t\t\t<\/div>\n\t\t\t\t<\/div>\n\t\t\t\t\t<\/div>\n\t\t\t\t<\/div>\n\t\t\t\t<\/div>\n\t\t","protected":false},"excerpt":{"rendered":"<p>Nagyv\u00e1radi V\u00e1rosh\u00e1za Nagyv\u00e1radi V\u00e1rosh\u00e1za Nagyv\u00e1radi V\u00e1rosh\u00e1za V\u00e1rosh\u00e1za szerkezete K\u00d6ZBESZERZ\u00c9SEK \u00c1TL\u00c1THAT\u00d3S\u00c1G P\u00c9NZ\u00dcGYI INFORM\u00c1CI\u00d3K HELYI TAN\u00c1CS H\u00cdRLEV\u00c9L K\u00d6ZLEM\u00c9NYEK Szem\u00e9lyes adatok feldolgoz\u00e1sa<\/p>\n","protected":false},"author":1,"featured_media":16991,"parent":0,"menu_order":0,"comment_status":"closed","ping_status":"closed","template":"","meta":{"_acf_changed":false,"ep_exclude_from_search":false,"footnotes":""},"class_list":["post-85220","page","type-page","status-publish","has-post-thumbnail","hentry"],"acf":[],"yoast_head":"<!-- This site is optimized with the Yoast SEO plugin v26.6 - https:\/\/yoast.com\/wordpress\/plugins\/seo\/ -->\n<title>Nagyv\u00e1radi V\u00e1rosh\u00e1za - Oradea.ro<\/title>\n<meta name=\"robots\" content=\"index, follow, max-snippet:-1, max-image-preview:large, max-video-preview:-1\" \/>\n<link rel=\"canonical\" href=\"https:\/\/oradea.ro\/hu\/nagyvaradi-varoshaza\/\" \/>\n<meta property=\"og:locale\" content=\"hu_HU\" \/>\n<meta property=\"og:type\" content=\"article\" \/>\n<meta property=\"og:title\" content=\"Nagyv\u00e1radi V\u00e1rosh\u00e1za - Oradea.ro\" \/>\n<meta property=\"og:description\" content=\"Nagyv\u00e1radi V\u00e1rosh\u00e1za Nagyv\u00e1radi V\u00e1rosh\u00e1za Nagyv\u00e1radi V\u00e1rosh\u00e1za V\u00e1rosh\u00e1za szerkezete K\u00d6ZBESZERZ\u00c9SEK \u00c1TL\u00c1THAT\u00d3S\u00c1G P\u00c9NZ\u00dcGYI INFORM\u00c1CI\u00d3K HELYI TAN\u00c1CS H\u00cdRLEV\u00c9L K\u00d6ZLEM\u00c9NYEK Szem\u00e9lyes adatok feldolgoz\u00e1sa\" \/>\n<meta property=\"og:url\" content=\"https:\/\/oradea.ro\/hu\/nagyvaradi-varoshaza\/\" \/>\n<meta property=\"og:site_name\" content=\"Oradea.ro\" \/>\n<meta property=\"article:modified_time\" content=\"2024-01-18T11:25:27+00:00\" \/>\n<meta property=\"og:image\" content=\"https:\/\/oradea.ro\/wp-content\/uploads\/2023\/10\/home_hero_slide_2-scaled.webp\" \/>\n\t<meta property=\"og:image:width\" content=\"2560\" \/>\n\t<meta property=\"og:image:height\" content=\"1707\" \/>\n\t<meta property=\"og:image:type\" content=\"image\/webp\" \/>\n<meta name=\"twitter:card\" content=\"summary_large_image\" \/>\n<script type=\"application\/ld+json\" class=\"yoast-schema-graph\">{\"@context\":\"https:\/\/schema.org\",\"@graph\":[{\"@type\":\"WebPage\",\"@id\":\"https:\/\/oradea.ro\/hu\/nagyvaradi-varoshaza\/\",\"url\":\"https:\/\/oradea.ro\/hu\/nagyvaradi-varoshaza\/\",\"name\":\"Nagyv\u00e1radi V\u00e1rosh\u00e1za - Oradea.ro\",\"isPartOf\":{\"@id\":\"https:\/\/oradea.ro\/#website\"},\"primaryImageOfPage\":{\"@id\":\"https:\/\/oradea.ro\/hu\/nagyvaradi-varoshaza\/#primaryimage\"},\"image\":{\"@id\":\"https:\/\/oradea.ro\/hu\/nagyvaradi-varoshaza\/#primaryimage\"},\"thumbnailUrl\":\"https:\/\/oradea.ro\/wp-content\/uploads\/2023\/10\/home_hero_slide_2-scaled.webp\",\"datePublished\":\"2023-07-28T08:28:25+00:00\",\"dateModified\":\"2024-01-18T11:25:27+00:00\",\"breadcrumb\":{\"@id\":\"https:\/\/oradea.ro\/hu\/nagyvaradi-varoshaza\/#breadcrumb\"},\"inLanguage\":\"hu\",\"potentialAction\":[{\"@type\":\"ReadAction\",\"target\":[\"https:\/\/oradea.ro\/hu\/nagyvaradi-varoshaza\/\"]}]},{\"@type\":\"ImageObject\",\"inLanguage\":\"hu\",\"@id\":\"https:\/\/oradea.ro\/hu\/nagyvaradi-varoshaza\/#primaryimage\",\"url\":\"https:\/\/oradea.ro\/wp-content\/uploads\/2023\/10\/home_hero_slide_2-scaled.webp\",\"contentUrl\":\"https:\/\/oradea.ro\/wp-content\/uploads\/2023\/10\/home_hero_slide_2-scaled.webp\",\"width\":2560,\"height\":1707},{\"@type\":\"BreadcrumbList\",\"@id\":\"https:\/\/oradea.ro\/hu\/nagyvaradi-varoshaza\/#breadcrumb\",\"itemListElement\":[{\"@type\":\"ListItem\",\"position\":1,\"name\":\"\",\"item\":\"https:\/\/oradea.ro\/hu\/\"},{\"@type\":\"ListItem\",\"position\":2,\"name\":\"Nagyv\u00e1radi V\u00e1rosh\u00e1za\"}]},{\"@type\":\"WebSite\",\"@id\":\"https:\/\/oradea.ro\/#website\",\"url\":\"https:\/\/oradea.ro\/\",\"name\":\"Oradea.ro\",\"description\":\"Site-ul oficial al Prim\u0103riei Municipiului Oradea\",\"publisher\":{\"@id\":\"https:\/\/oradea.ro\/#organization\"},\"potentialAction\":[{\"@type\":\"SearchAction\",\"target\":{\"@type\":\"EntryPoint\",\"urlTemplate\":\"https:\/\/oradea.ro\/?s={search_term_string}\"},\"query-input\":{\"@type\":\"PropertyValueSpecification\",\"valueRequired\":true,\"valueName\":\"search_term_string\"}}],\"inLanguage\":\"hu\"},{\"@type\":\"Organization\",\"@id\":\"https:\/\/oradea.ro\/#organization\",\"name\":\"Oradea.ro\",\"url\":\"https:\/\/oradea.ro\/\",\"logo\":{\"@type\":\"ImageObject\",\"inLanguage\":\"hu\",\"@id\":\"https:\/\/oradea.ro\/#\/schema\/logo\/image\/\",\"url\":\"https:\/\/oradea.ro\/wp-content\/uploads\/2023\/06\/footer_logo.svg\",\"contentUrl\":\"https:\/\/oradea.ro\/wp-content\/uploads\/2023\/06\/footer_logo.svg\",\"width\":218,\"height\":53,\"caption\":\"Oradea.ro\"},\"image\":{\"@id\":\"https:\/\/oradea.ro\/#\/schema\/logo\/image\/\"}}]}<\/script>\n<!-- \/ Yoast SEO plugin. -->","yoast_head_json":{"title":"Nagyv\u00e1radi V\u00e1rosh\u00e1za - Oradea.ro","robots":{"index":"index","follow":"follow","max-snippet":"max-snippet:-1","max-image-preview":"max-image-preview:large","max-video-preview":"max-video-preview:-1"},"canonical":"https:\/\/oradea.ro\/hu\/nagyvaradi-varoshaza\/","og_locale":"hu_HU","og_type":"article","og_title":"Nagyv\u00e1radi V\u00e1rosh\u00e1za - Oradea.ro","og_description":"Nagyv\u00e1radi V\u00e1rosh\u00e1za Nagyv\u00e1radi V\u00e1rosh\u00e1za Nagyv\u00e1radi V\u00e1rosh\u00e1za V\u00e1rosh\u00e1za szerkezete K\u00d6ZBESZERZ\u00c9SEK \u00c1TL\u00c1THAT\u00d3S\u00c1G P\u00c9NZ\u00dcGYI INFORM\u00c1CI\u00d3K HELYI TAN\u00c1CS H\u00cdRLEV\u00c9L K\u00d6ZLEM\u00c9NYEK Szem\u00e9lyes adatok feldolgoz\u00e1sa","og_url":"https:\/\/oradea.ro\/hu\/nagyvaradi-varoshaza\/","og_site_name":"Oradea.ro","article_modified_time":"2024-01-18T11:25:27+00:00","og_image":[{"width":2560,"height":1707,"url":"https:\/\/oradea.ro\/wp-content\/uploads\/2023\/10\/home_hero_slide_2-scaled.webp","type":"image\/webp"}],"twitter_card":"summary_large_image","schema":{"@context":"https:\/\/schema.org","@graph":[{"@type":"WebPage","@id":"https:\/\/oradea.ro\/hu\/nagyvaradi-varoshaza\/","url":"https:\/\/oradea.ro\/hu\/nagyvaradi-varoshaza\/","name":"Nagyv\u00e1radi V\u00e1rosh\u00e1za - Oradea.ro","isPartOf":{"@id":"https:\/\/oradea.ro\/#website"},"primaryImageOfPage":{"@id":"https:\/\/oradea.ro\/hu\/nagyvaradi-varoshaza\/#primaryimage"},"image":{"@id":"https:\/\/oradea.ro\/hu\/nagyvaradi-varoshaza\/#primaryimage"},"thumbnailUrl":"https:\/\/oradea.ro\/wp-content\/uploads\/2023\/10\/home_hero_slide_2-scaled.webp","datePublished":"2023-07-28T08:28:25+00:00","dateModified":"2024-01-18T11:25:27+00:00","breadcrumb":{"@id":"https:\/\/oradea.ro\/hu\/nagyvaradi-varoshaza\/#breadcrumb"},"inLanguage":"hu","potentialAction":[{"@type":"ReadAction","target":["https:\/\/oradea.ro\/hu\/nagyvaradi-varoshaza\/"]}]},{"@type":"ImageObject","inLanguage":"hu","@id":"https:\/\/oradea.ro\/hu\/nagyvaradi-varoshaza\/#primaryimage","url":"https:\/\/oradea.ro\/wp-content\/uploads\/2023\/10\/home_hero_slide_2-scaled.webp","contentUrl":"https:\/\/oradea.ro\/wp-content\/uploads\/2023\/10\/home_hero_slide_2-scaled.webp","width":2560,"height":1707},{"@type":"BreadcrumbList","@id":"https:\/\/oradea.ro\/hu\/nagyvaradi-varoshaza\/#breadcrumb","itemListElement":[{"@type":"ListItem","position":1,"name":"","item":"https:\/\/oradea.ro\/hu\/"},{"@type":"ListItem","position":2,"name":"Nagyv\u00e1radi V\u00e1rosh\u00e1za"}]},{"@type":"WebSite","@id":"https:\/\/oradea.ro\/#website","url":"https:\/\/oradea.ro\/","name":"Oradea.ro","description":"Site-ul oficial al Prim\u0103riei Municipiului Oradea","publisher":{"@id":"https:\/\/oradea.ro\/#organization"},"potentialAction":[{"@type":"SearchAction","target":{"@type":"EntryPoint","urlTemplate":"https:\/\/oradea.ro\/?s={search_term_string}"},"query-input":{"@type":"PropertyValueSpecification","valueRequired":true,"valueName":"search_term_string"}}],"inLanguage":"hu"},{"@type":"Organization","@id":"https:\/\/oradea.ro\/#organization","name":"Oradea.ro","url":"https:\/\/oradea.ro\/","logo":{"@type":"ImageObject","inLanguage":"hu","@id":"https:\/\/oradea.ro\/#\/schema\/logo\/image\/","url":"https:\/\/oradea.ro\/wp-content\/uploads\/2023\/06\/footer_logo.svg","contentUrl":"https:\/\/oradea.ro\/wp-content\/uploads\/2023\/06\/footer_logo.svg","width":218,"height":53,"caption":"Oradea.ro"},"image":{"@id":"https:\/\/oradea.ro\/#\/schema\/logo\/image\/"}}]}},"publishpress_future_action":{"enabled":false,"date":"2026-04-30 20:35:09","action":"change-status","newStatus":"draft","terms":[],"taxonomy":"translation_priority","extraData":[]},"publishpress_future_workflow_manual_trigger":{"enabledWorkflows":[]},"_links":{"self":[{"href":"https:\/\/oradea.ro\/hu\/wp-json\/wp\/v2\/pages\/85220","targetHints":{"allow":["GET"]}}],"collection":[{"href":"https:\/\/oradea.ro\/hu\/wp-json\/wp\/v2\/pages"}],"about":[{"href":"https:\/\/oradea.ro\/hu\/wp-json\/wp\/v2\/types\/page"}],"author":[{"embeddable":true,"href":"https:\/\/oradea.ro\/hu\/wp-json\/wp\/v2\/users\/1"}],"replies":[{"embeddable":true,"href":"https:\/\/oradea.ro\/hu\/wp-json\/wp\/v2\/comments?post=85220"}],"version-history":[{"count":8,"href":"https:\/\/oradea.ro\/hu\/wp-json\/wp\/v2\/pages\/85220\/revisions"}],"predecessor-version":[{"id":191285,"href":"https:\/\/oradea.ro\/hu\/wp-json\/wp\/v2\/pages\/85220\/revisions\/191285"}],"wp:featuredmedia":[{"embeddable":true,"href":"https:\/\/oradea.ro\/hu\/wp-json\/wp\/v2\/media\/16991"}],"wp:attachment":[{"href":"https:\/\/oradea.ro\/hu\/wp-json\/wp\/v2\/media?parent=85220"}],"curies":[{"name":"wp","href":"https:\/\/api.w.org\/{rel}","templated":true}]}}