{"id":85233,"date":"2023-09-12T09:00:41","date_gmt":"2023-09-12T07:00:41","guid":{"rendered":"https:\/\/oradea.ro\/nagyvaradi-varoshaza\/varoshaza-szerkezete\/"},"modified":"2024-10-21T10:16:12","modified_gmt":"2024-10-21T08:16:12","slug":"varoshaza-szerkezete","status":"publish","type":"page","link":"https:\/\/oradea.ro\/hu\/nagyvaradi-varoshaza\/varoshaza-szerkezete\/","title":{"rendered":"A V\u00e1rosh\u00e1za vezet\u0151s\u00e9ge"},"content":{"rendered":"<div class=\"min-w-[100vw] h-[350px] md:h-[500px] ml-[calc(50%-50vw)] flex items-end bg-no-repeat bg-white bg-cover bg-center px-5\" style=\"background-image: url(https:\/\/oradea.ro\/wp-content\/uploads\/2023\/10\/home_hero_slide_2-scaled.webp);\">\r\n                    <div class=\"w-full max-w-7xl mx-auto mb-6\">\r\n                        <h1 class=\"my-0 text-white font-extrabold font-open-sans text-3xl md:text-6xl [text-shadow:_0_1px_4px_rgb(0_0_0_\/_50%)]\">A V\u00e1rosh\u00e1za vezet\u0151s\u00e9ge<\/h1>\r\n                    <\/div>\r\n                <\/div><div class=\"!px-5\"><div class=\"breadcrumbs w-full max-w-7xl mx-auto grid md:flex flex-wrap items-center py-4 test\"><div><a href=\"https:\/\/oradea.ro\/hu\/\"><span class=\"fas fa-home text-[#ABAEB3]\"><\/span><\/a><span class=\"md:hidden\"><span class=\"fas fa-chevron-down mx-5 text-xs text-[#ABAEB3] hover:text-black\/50 transition-all\"><\/span><\/span><span class=\"hidden md:inline\"><span class=\"fas fa-chevron-right mx-5 text-xs text-[#ABAEB3] hover:text-black\/50 transition-all\"><\/span><\/span><\/div><span class=\"font-poppins font-semibold uppercase text-black\/60\">A V\u00e1rosh\u00e1za vezet\u0151s\u00e9ge<\/span><\/div><\/div>\t\t<div data-elementor-type=\"wp-page\" data-elementor-id=\"85233\" class=\"elementor elementor-85233 elementor-8139\" data-elementor-post-type=\"page\">\n\t\t\t\t<div class=\"elementor-element elementor-element-73fa2dc e-flex e-con-boxed wpr-particle-no wpr-jarallax-no wpr-parallax-no wpr-sticky-section-no e-con e-parent\" data-id=\"73fa2dc\" data-element_type=\"container\">\n\t\t\t\t\t<div class=\"e-con-inner\">\n\t\t<div class=\"elementor-element elementor-element-c3059f2 e-con-full e-flex wpr-particle-no wpr-jarallax-no wpr-parallax-no wpr-sticky-section-no e-con e-child\" data-id=\"c3059f2\" data-element_type=\"container\">\n\t\t<a class=\"elementor-element elementor-element-71cfc32 e-con-full e-flex wpr-particle-no wpr-jarallax-no wpr-parallax-no wpr-sticky-section-no e-con e-child\" data-id=\"71cfc32\" data-element_type=\"container\" href=\"https:\/\/oradea.ro\/hu\/nagyvaradi-varoshaza\/varoshaza-szerkezete\/florin-birta-polgarmester\/\">\n\t\t\t\t<div class=\"elementor-element elementor-element-ce2ad4f elementor-widget elementor-widget-heading\" data-id=\"ce2ad4f\" data-element_type=\"widget\" data-widget_type=\"heading.default\">\n\t\t\t\t<div class=\"elementor-widget-container\">\n\t\t\t\t\t<h2 class=\"elementor-heading-title elementor-size-default\">POLG\u00c1RMESTER FLORIN BIRTA<\/h2>\t\t\t\t<\/div>\n\t\t\t\t<\/div>\n\t\t\t\t<\/a>\n\t\t<a class=\"elementor-element elementor-element-22951c1 e-con-full e-flex wpr-particle-no wpr-jarallax-no wpr-parallax-no wpr-sticky-section-no e-con e-child\" data-id=\"22951c1\" data-element_type=\"container\" href=\"https:\/\/oradea.ro\/hu\/nagyvaradi-varoshaza\/varoshaza-szerkezete\/marcel-dragos-alpolgarmester\/\">\n\t\t\t\t<div class=\"elementor-element elementor-element-a08b9ee elementor-widget elementor-widget-heading\" data-id=\"a08b9ee\" data-element_type=\"widget\" data-widget_type=\"heading.default\">\n\t\t\t\t<div class=\"elementor-widget-container\">\n\t\t\t\t\t<h2 class=\"elementor-heading-title elementor-size-default\">TEOFIL FILIMON ALPOLG\u00c1RMESTER<\/h2>\t\t\t\t<\/div>\n\t\t\t\t<\/div>\n\t\t\t\t<\/a>\n\t\t<a class=\"elementor-element elementor-element-55af89b e-con-full e-flex wpr-particle-no wpr-jarallax-no wpr-parallax-no wpr-sticky-section-no e-con e-child\" data-id=\"55af89b\" data-element_type=\"container\" href=\"https:\/\/oradea.ro\/hu\/nagyvaradi-varoshaza\/varoshaza-szerkezete\/antonia-nica-alpolgarmester\/\">\n\t\t\t\t<div class=\"elementor-element elementor-element-88977bb elementor-widget elementor-widget-heading\" data-id=\"88977bb\" data-element_type=\"widget\" data-widget_type=\"heading.default\">\n\t\t\t\t<div class=\"elementor-widget-container\">\n\t\t\t\t\t<h2 class=\"elementor-heading-title elementor-size-default\">ANTONIA NICA ALPOLG\u00c1RMESTER<\/h2>\t\t\t\t<\/div>\n\t\t\t\t<\/div>\n\t\t\t\t<\/a>\n\t\t\t\t<\/div>\n\t\t<div class=\"elementor-element elementor-element-8c27544 e-con-full e-flex wpr-particle-no wpr-jarallax-no wpr-parallax-no wpr-sticky-section-no e-con e-child\" data-id=\"8c27544\" data-element_type=\"container\">\n\t\t<a class=\"elementor-element elementor-element-301b582 e-con-full e-flex wpr-particle-no wpr-jarallax-no wpr-parallax-no wpr-sticky-section-no e-con e-child\" data-id=\"301b582\" data-element_type=\"container\" href=\"https:\/\/oradea.ro\/hu\/nagyvaradi-varoshaza\/varoshaza-szerkezete\/mihai-jurca-varosmenedzser\/\">\n\t\t\t\t<div class=\"elementor-element elementor-element-9fd1143 elementor-widget elementor-widget-heading\" data-id=\"9fd1143\" data-element_type=\"widget\" data-widget_type=\"heading.default\">\n\t\t\t\t<div class=\"elementor-widget-container\">\n\t\t\t\t\t<h2 class=\"elementor-heading-title elementor-size-default\">V\u00c1ROSMENEDZSER MIHAI JURCA<\/h2>\t\t\t\t<\/div>\n\t\t\t\t<\/div>\n\t\t\t\t<\/a>\n\t\t<a class=\"elementor-element elementor-element-a738c56 e-con-full e-flex wpr-particle-no wpr-jarallax-no wpr-parallax-no wpr-sticky-section-no e-con e-child\" data-id=\"a738c56\" data-element_type=\"container\" href=\"https:\/\/oradea.ro\/primaria-oradea\/structura-primariei\/secretar-general\/\">\n\t\t\t\t<div class=\"elementor-element elementor-element-9add7d6 elementor-widget elementor-widget-heading\" data-id=\"9add7d6\" data-element_type=\"widget\" data-widget_type=\"heading.default\">\n\t\t\t\t<div class=\"elementor-widget-container\">\n\t\t\t\t\t<h2 class=\"elementor-heading-title elementor-size-default\">F\u0150TITK\u00c1R EUGENIA BORBEI<\/h2>\t\t\t\t<\/div>\n\t\t\t\t<\/div>\n\t\t\t\t<\/a>\n\t\t<a class=\"elementor-element elementor-element-d9534bc e-con-full e-flex wpr-particle-no wpr-jarallax-no wpr-parallax-no wpr-sticky-section-no e-con e-child\" data-id=\"d9534bc\" data-element_type=\"container\" href=\"https:\/\/oradea.ro\/hu\/nagyvaradi-varoshaza\/varoshaza-szerkezete\/varoshaza-igazgatosagai\/\">\n\t\t\t\t<div class=\"elementor-element elementor-element-5a463c3 elementor-widget elementor-widget-heading\" data-id=\"5a463c3\" data-element_type=\"widget\" data-widget_type=\"heading.default\">\n\t\t\t\t<div class=\"elementor-widget-container\">\n\t\t\t\t\t<h2 class=\"elementor-heading-title elementor-size-default\">V\u00c1ROSH\u00c1ZA- IGAZGAT\u00d3S\u00c1GOK<\/h2>\t\t\t\t<\/div>\n\t\t\t\t<\/div>\n\t\t\t\t<\/a>\n\t\t\t\t<\/div>\n\t\t\t\t\t<\/div>\n\t\t\t\t<\/div>\n\t\t\t\t<\/div>\n\t\t","protected":false},"excerpt":{"rendered":"<p>A V\u00e1rosh\u00e1za vezet\u0151s\u00e9ge A V\u00e1rosh\u00e1za vezet\u0151s\u00e9ge POLG\u00c1RMESTER FLORIN BIRTA TEOFIL FILIMON ALPOLG\u00c1RMESTER ANTONIA NICA ALPOLG\u00c1RMESTER V\u00c1ROSMENEDZSER MIHAI JURCA F\u0150TITK\u00c1R EUGENIA BORBEI V\u00c1ROSH\u00c1ZA- IGAZGAT\u00d3S\u00c1GOK<\/p>\n","protected":false},"author":1,"featured_media":16991,"parent":85220,"menu_order":0,"comment_status":"closed","ping_status":"closed","template":"","meta":{"_acf_changed":false,"ep_exclude_from_search":false,"footnotes":""},"class_list":["post-85233","page","type-page","status-publish","has-post-thumbnail","hentry"],"acf":[],"yoast_head":"<!-- This site is optimized with the Yoast SEO plugin v26.6 - https:\/\/yoast.com\/wordpress\/plugins\/seo\/ -->\n<title>A V\u00e1rosh\u00e1za vezet\u0151s\u00e9ge - Oradea.ro<\/title>\n<meta name=\"robots\" content=\"index, follow, max-snippet:-1, max-image-preview:large, max-video-preview:-1\" \/>\n<link rel=\"canonical\" href=\"https:\/\/oradea.ro\/hu\/nagyvaradi-varoshaza\/varoshaza-szerkezete\/\" \/>\n<meta property=\"og:locale\" content=\"hu_HU\" \/>\n<meta property=\"og:type\" content=\"article\" \/>\n<meta property=\"og:title\" content=\"A V\u00e1rosh\u00e1za vezet\u0151s\u00e9ge - Oradea.ro\" \/>\n<meta property=\"og:description\" content=\"A V\u00e1rosh\u00e1za vezet\u0151s\u00e9ge A V\u00e1rosh\u00e1za vezet\u0151s\u00e9ge POLG\u00c1RMESTER FLORIN BIRTA TEOFIL FILIMON ALPOLG\u00c1RMESTER ANTONIA NICA ALPOLG\u00c1RMESTER V\u00c1ROSMENEDZSER MIHAI JURCA F\u0150TITK\u00c1R EUGENIA BORBEI V\u00c1ROSH\u00c1ZA- IGAZGAT\u00d3S\u00c1GOK\" \/>\n<meta property=\"og:url\" content=\"https:\/\/oradea.ro\/hu\/nagyvaradi-varoshaza\/varoshaza-szerkezete\/\" \/>\n<meta property=\"og:site_name\" content=\"Oradea.ro\" \/>\n<meta property=\"article:modified_time\" content=\"2024-10-21T08:16:12+00:00\" \/>\n<meta property=\"og:image\" content=\"https:\/\/oradea.ro\/wp-content\/uploads\/2023\/10\/home_hero_slide_2-scaled.webp\" \/>\n\t<meta property=\"og:image:width\" content=\"2560\" \/>\n\t<meta property=\"og:image:height\" content=\"1707\" \/>\n\t<meta property=\"og:image:type\" content=\"image\/webp\" \/>\n<meta name=\"twitter:card\" content=\"summary_large_image\" \/>\n<script type=\"application\/ld+json\" class=\"yoast-schema-graph\">{\"@context\":\"https:\/\/schema.org\",\"@graph\":[{\"@type\":\"WebPage\",\"@id\":\"https:\/\/oradea.ro\/hu\/nagyvaradi-varoshaza\/varoshaza-szerkezete\/\",\"url\":\"https:\/\/oradea.ro\/hu\/nagyvaradi-varoshaza\/varoshaza-szerkezete\/\",\"name\":\"A V\u00e1rosh\u00e1za vezet\u0151s\u00e9ge - Oradea.ro\",\"isPartOf\":{\"@id\":\"https:\/\/oradea.ro\/#website\"},\"primaryImageOfPage\":{\"@id\":\"https:\/\/oradea.ro\/hu\/nagyvaradi-varoshaza\/varoshaza-szerkezete\/#primaryimage\"},\"image\":{\"@id\":\"https:\/\/oradea.ro\/hu\/nagyvaradi-varoshaza\/varoshaza-szerkezete\/#primaryimage\"},\"thumbnailUrl\":\"https:\/\/oradea.ro\/wp-content\/uploads\/2023\/10\/home_hero_slide_2-scaled.webp\",\"datePublished\":\"2023-09-12T07:00:41+00:00\",\"dateModified\":\"2024-10-21T08:16:12+00:00\",\"breadcrumb\":{\"@id\":\"https:\/\/oradea.ro\/hu\/nagyvaradi-varoshaza\/varoshaza-szerkezete\/#breadcrumb\"},\"inLanguage\":\"hu\",\"potentialAction\":[{\"@type\":\"ReadAction\",\"target\":[\"https:\/\/oradea.ro\/hu\/nagyvaradi-varoshaza\/varoshaza-szerkezete\/\"]}]},{\"@type\":\"ImageObject\",\"inLanguage\":\"hu\",\"@id\":\"https:\/\/oradea.ro\/hu\/nagyvaradi-varoshaza\/varoshaza-szerkezete\/#primaryimage\",\"url\":\"https:\/\/oradea.ro\/wp-content\/uploads\/2023\/10\/home_hero_slide_2-scaled.webp\",\"contentUrl\":\"https:\/\/oradea.ro\/wp-content\/uploads\/2023\/10\/home_hero_slide_2-scaled.webp\",\"width\":2560,\"height\":1707},{\"@type\":\"BreadcrumbList\",\"@id\":\"https:\/\/oradea.ro\/hu\/nagyvaradi-varoshaza\/varoshaza-szerkezete\/#breadcrumb\",\"itemListElement\":[{\"@type\":\"ListItem\",\"position\":1,\"name\":\"\",\"item\":\"https:\/\/oradea.ro\/hu\/\"},{\"@type\":\"ListItem\",\"position\":2,\"name\":\"Nagyv\u00e1radi V\u00e1rosh\u00e1za\",\"item\":\"https:\/\/oradea.ro\/hu\/nagyvaradi-varoshaza\/\"},{\"@type\":\"ListItem\",\"position\":3,\"name\":\"A V\u00e1rosh\u00e1za vezet\u0151s\u00e9ge\"}]},{\"@type\":\"WebSite\",\"@id\":\"https:\/\/oradea.ro\/#website\",\"url\":\"https:\/\/oradea.ro\/\",\"name\":\"Oradea.ro\",\"description\":\"Site-ul oficial al Prim\u0103riei Municipiului Oradea\",\"publisher\":{\"@id\":\"https:\/\/oradea.ro\/#organization\"},\"potentialAction\":[{\"@type\":\"SearchAction\",\"target\":{\"@type\":\"EntryPoint\",\"urlTemplate\":\"https:\/\/oradea.ro\/?s={search_term_string}\"},\"query-input\":{\"@type\":\"PropertyValueSpecification\",\"valueRequired\":true,\"valueName\":\"search_term_string\"}}],\"inLanguage\":\"hu\"},{\"@type\":\"Organization\",\"@id\":\"https:\/\/oradea.ro\/#organization\",\"name\":\"Oradea.ro\",\"url\":\"https:\/\/oradea.ro\/\",\"logo\":{\"@type\":\"ImageObject\",\"inLanguage\":\"hu\",\"@id\":\"https:\/\/oradea.ro\/#\/schema\/logo\/image\/\",\"url\":\"https:\/\/oradea.ro\/wp-content\/uploads\/2023\/06\/footer_logo.svg\",\"contentUrl\":\"https:\/\/oradea.ro\/wp-content\/uploads\/2023\/06\/footer_logo.svg\",\"width\":218,\"height\":53,\"caption\":\"Oradea.ro\"},\"image\":{\"@id\":\"https:\/\/oradea.ro\/#\/schema\/logo\/image\/\"}}]}<\/script>\n<!-- \/ Yoast SEO plugin. -->","yoast_head_json":{"title":"A V\u00e1rosh\u00e1za vezet\u0151s\u00e9ge - Oradea.ro","robots":{"index":"index","follow":"follow","max-snippet":"max-snippet:-1","max-image-preview":"max-image-preview:large","max-video-preview":"max-video-preview:-1"},"canonical":"https:\/\/oradea.ro\/hu\/nagyvaradi-varoshaza\/varoshaza-szerkezete\/","og_locale":"hu_HU","og_type":"article","og_title":"A V\u00e1rosh\u00e1za vezet\u0151s\u00e9ge - Oradea.ro","og_description":"A V\u00e1rosh\u00e1za vezet\u0151s\u00e9ge A V\u00e1rosh\u00e1za vezet\u0151s\u00e9ge POLG\u00c1RMESTER FLORIN BIRTA TEOFIL FILIMON ALPOLG\u00c1RMESTER ANTONIA NICA ALPOLG\u00c1RMESTER V\u00c1ROSMENEDZSER MIHAI JURCA F\u0150TITK\u00c1R EUGENIA BORBEI V\u00c1ROSH\u00c1ZA- IGAZGAT\u00d3S\u00c1GOK","og_url":"https:\/\/oradea.ro\/hu\/nagyvaradi-varoshaza\/varoshaza-szerkezete\/","og_site_name":"Oradea.ro","article_modified_time":"2024-10-21T08:16:12+00:00","og_image":[{"width":2560,"height":1707,"url":"https:\/\/oradea.ro\/wp-content\/uploads\/2023\/10\/home_hero_slide_2-scaled.webp","type":"image\/webp"}],"twitter_card":"summary_large_image","schema":{"@context":"https:\/\/schema.org","@graph":[{"@type":"WebPage","@id":"https:\/\/oradea.ro\/hu\/nagyvaradi-varoshaza\/varoshaza-szerkezete\/","url":"https:\/\/oradea.ro\/hu\/nagyvaradi-varoshaza\/varoshaza-szerkezete\/","name":"A V\u00e1rosh\u00e1za vezet\u0151s\u00e9ge - Oradea.ro","isPartOf":{"@id":"https:\/\/oradea.ro\/#website"},"primaryImageOfPage":{"@id":"https:\/\/oradea.ro\/hu\/nagyvaradi-varoshaza\/varoshaza-szerkezete\/#primaryimage"},"image":{"@id":"https:\/\/oradea.ro\/hu\/nagyvaradi-varoshaza\/varoshaza-szerkezete\/#primaryimage"},"thumbnailUrl":"https:\/\/oradea.ro\/wp-content\/uploads\/2023\/10\/home_hero_slide_2-scaled.webp","datePublished":"2023-09-12T07:00:41+00:00","dateModified":"2024-10-21T08:16:12+00:00","breadcrumb":{"@id":"https:\/\/oradea.ro\/hu\/nagyvaradi-varoshaza\/varoshaza-szerkezete\/#breadcrumb"},"inLanguage":"hu","potentialAction":[{"@type":"ReadAction","target":["https:\/\/oradea.ro\/hu\/nagyvaradi-varoshaza\/varoshaza-szerkezete\/"]}]},{"@type":"ImageObject","inLanguage":"hu","@id":"https:\/\/oradea.ro\/hu\/nagyvaradi-varoshaza\/varoshaza-szerkezete\/#primaryimage","url":"https:\/\/oradea.ro\/wp-content\/uploads\/2023\/10\/home_hero_slide_2-scaled.webp","contentUrl":"https:\/\/oradea.ro\/wp-content\/uploads\/2023\/10\/home_hero_slide_2-scaled.webp","width":2560,"height":1707},{"@type":"BreadcrumbList","@id":"https:\/\/oradea.ro\/hu\/nagyvaradi-varoshaza\/varoshaza-szerkezete\/#breadcrumb","itemListElement":[{"@type":"ListItem","position":1,"name":"","item":"https:\/\/oradea.ro\/hu\/"},{"@type":"ListItem","position":2,"name":"Nagyv\u00e1radi V\u00e1rosh\u00e1za","item":"https:\/\/oradea.ro\/hu\/nagyvaradi-varoshaza\/"},{"@type":"ListItem","position":3,"name":"A V\u00e1rosh\u00e1za vezet\u0151s\u00e9ge"}]},{"@type":"WebSite","@id":"https:\/\/oradea.ro\/#website","url":"https:\/\/oradea.ro\/","name":"Oradea.ro","description":"Site-ul oficial al Prim\u0103riei Municipiului Oradea","publisher":{"@id":"https:\/\/oradea.ro\/#organization"},"potentialAction":[{"@type":"SearchAction","target":{"@type":"EntryPoint","urlTemplate":"https:\/\/oradea.ro\/?s={search_term_string}"},"query-input":{"@type":"PropertyValueSpecification","valueRequired":true,"valueName":"search_term_string"}}],"inLanguage":"hu"},{"@type":"Organization","@id":"https:\/\/oradea.ro\/#organization","name":"Oradea.ro","url":"https:\/\/oradea.ro\/","logo":{"@type":"ImageObject","inLanguage":"hu","@id":"https:\/\/oradea.ro\/#\/schema\/logo\/image\/","url":"https:\/\/oradea.ro\/wp-content\/uploads\/2023\/06\/footer_logo.svg","contentUrl":"https:\/\/oradea.ro\/wp-content\/uploads\/2023\/06\/footer_logo.svg","width":218,"height":53,"caption":"Oradea.ro"},"image":{"@id":"https:\/\/oradea.ro\/#\/schema\/logo\/image\/"}}]}},"publishpress_future_action":{"enabled":false,"date":"2026-04-26 09:34:31","action":"change-status","newStatus":"draft","terms":[],"taxonomy":"translation_priority","extraData":[]},"publishpress_future_workflow_manual_trigger":{"enabledWorkflows":[]},"_links":{"self":[{"href":"https:\/\/oradea.ro\/hu\/wp-json\/wp\/v2\/pages\/85233","targetHints":{"allow":["GET"]}}],"collection":[{"href":"https:\/\/oradea.ro\/hu\/wp-json\/wp\/v2\/pages"}],"about":[{"href":"https:\/\/oradea.ro\/hu\/wp-json\/wp\/v2\/types\/page"}],"author":[{"embeddable":true,"href":"https:\/\/oradea.ro\/hu\/wp-json\/wp\/v2\/users\/1"}],"replies":[{"embeddable":true,"href":"https:\/\/oradea.ro\/hu\/wp-json\/wp\/v2\/comments?post=85233"}],"version-history":[{"count":12,"href":"https:\/\/oradea.ro\/hu\/wp-json\/wp\/v2\/pages\/85233\/revisions"}],"predecessor-version":[{"id":335421,"href":"https:\/\/oradea.ro\/hu\/wp-json\/wp\/v2\/pages\/85233\/revisions\/335421"}],"up":[{"embeddable":true,"href":"https:\/\/oradea.ro\/hu\/wp-json\/wp\/v2\/pages\/85220"}],"wp:featuredmedia":[{"embeddable":true,"href":"https:\/\/oradea.ro\/hu\/wp-json\/wp\/v2\/media\/16991"}],"wp:attachment":[{"href":"https:\/\/oradea.ro\/hu\/wp-json\/wp\/v2\/media?parent=85233"}],"curies":[{"name":"wp","href":"https:\/\/api.w.org\/{rel}","templated":true}]}}